{"id":10515,"date":"1970-01-01T00:00:00","date_gmt":"1970-01-01T00:00:00","guid":{"rendered":"https:\/\/elfsight.com\/fr\/?page_id=10515"},"modified":"2025-07-10T13:46:29","modified_gmt":"2025-07-10T13:46:29","slug":"weebly","status":"publish","type":"page","link":"https:\/\/elfsight.com\/fr\/team-showcase-widget\/weebly\/","title":{"rendered":"Team Showcase &#8211; Weebly"},"content":{"rendered":"<div class=\"application-platform-content-item-description application-platform-content-item\" id=\"description\" data-nav-section=\"description\"> <h2>Description<\/h2> <p>Elfsight Team Showcase sera le meilleur moyen de montrer votre \u00e9quipe sur votre site. Le widget permettra de pr\u00e9senter tout type d&rsquo;\u00e9quipe\u00a0: coll\u00e8gues de travail, club de sport, professeurs, co\u00e9quipiers de l&rsquo;entreprise et plus encore. Ajoutez une photo, ajoutez des coordonn\u00e9es et un message d\u00e9taill\u00e9 sur chaque individu. Votre public aura la possibilit\u00e9 de le contacter imm\u00e9diatement \u00e0 l\u2019aide de liens et d\u2019ic\u00f4nes sociales. Vous \u00eates libre de cr\u00e9er des cat\u00e9gories et de d\u00e9montrer le cadre de votre \u00e9quipe, de choisir une mise en page, des couleurs et plus d&rsquo;options. Renforcez la confiance dans votre entreprise en montrant son visage humain ! <\/p><div class=\"faq\" data-component=\"FAQ\"> <div class=\"faq-item\">\r\n\t\t\t\t\t<div class=\"faq-item-question\">\r\n\t\t\t\t\t\t<h3 class=\"faq-item-question-text\">O\u00f9 puis-je installer Team Showcase ?<\/h3>\r\n\r\n\t\t\t\t\t\t<div class=\"faq-item-question-icon\"><\/div>\r\n\t\t\t\t\t<\/div>\r\n\r\n\t\t\t\t\t<div class=\"faq-item-answer\">\r\n\t\t\t\t\t\t<div class=\"faq-item-answer-text\"> <p>Affichez la galerie de votre \u00e9quipe sur n&rsquo;importe quelle page du site Web, l\u00e0 o\u00f9 cela est n\u00e9cessaire. Le widget peut \u00eatre l&rsquo;un des \u00e9l\u00e9ments de la zone de contenu, ou il peut remplir la page enti\u00e8re. Par exemple, vous pouvez cr\u00e9er une page \u00c0 propos de nous avec. <\/p><\/div>\r\n\t\t\t\t\t<\/div>\r\n\t\t\t\t<\/div> <div class=\"faq-item\">\r\n\t\t\t\t\t<div class=\"faq-item-question\">\r\n\t\t\t\t\t\t<h3 class=\"faq-item-question-text\">Comment vais-je b\u00e9n\u00e9ficier de Team Showcase ? <\/h3>\r\n\r\n\t\t\t\t\t\t<div class=\"faq-item-question-icon\"><\/div>\r\n\t\t\t\t\t<\/div>\r\n\r\n\t\t\t\t\t<div class=\"faq-item-answer\">\r\n\t\t\t\t\t\t<div class=\"faq-item-answer-text\"> <p>La pr\u00e9sentation des v\u00e9ritables personnes engag\u00e9es dans l&rsquo;entreprise augmente la transparence et am\u00e9liore la fiabilit\u00e9 de votre entreprise. Cela garantit aux utilisateurs que votre entreprise est un partenaire cr\u00e9dible et peut les aider \u00e0 obtenir plus de prospects et de nouvelles ventes. De plus, il sera plus facile pour vos utilisateurs d\u2019entrer en contact avec vos coll\u00e8gues. <\/p><\/div>\r\n\t\t\t\t\t<\/div>\r\n\t\t\t\t<\/div> <div class=\"faq-item\">\r\n\t\t\t\t\t<div class=\"faq-item-question\">\r\n\t\t\t\t\t\t<h3 class=\"faq-item-question-text\">Comment ajouter Team Showcase \u00e0 mon site Web Weebly ? <\/h3>\r\n\r\n\t\t\t\t\t\t<div class=\"faq-item-question-icon\"><\/div>\r\n\t\t\t\t\t<\/div>\r\n\r\n\t\t\t\t\t<div class=\"faq-item-answer\">\r\n\t\t\t\t\t\t<div class=\"faq-item-answer-text\"> <p>Cela ne prend qu&rsquo;une minute de votre temps pour commencer \u00e0 utiliser le widget. L&rsquo;int\u00e9gration est extr\u00eamement rapide, gratuite et sans codage. <\/p> <ol> <li>Il existe une option pour ins\u00e9rer le widget dans votre site Web directement via notre service. Pour cela, utilisez le guide ci-dessous sur cette page. <\/li> <li>Elfsight Team Showcase peut \u00eatre mis en place via notre service ou via la place de march\u00e9. Vous pouvez comparer les deux variantes et choisir la v\u00f4tre. <\/li> <\/ol> <\/div>\r\n\t\t\t\t\t<\/div>\r\n\t\t\t\t<\/div> <\/div> <\/div> <div class=\"application-platform-content-item-features application-platform-content-item\" id=\"features\" data-nav-section=\"features\"> <h2>Fonctionnalit\u00e9s<\/h2> <p>Pour avoir une connaissance plus claire de Team Showcase, examinez les liste de ses principales caract\u00e9ristiques. Ils rendent ce widget incroyablement efficace pour vous\u00a0: <\/p> <ul><li>Ic\u00f4nes actives des comptes sociaux et liens vers le site Web et l&rsquo;adresse e-mail\u00a0; <\/li><li>L&#8217;emplacement de la personne s&rsquo;ouvre sur Google Maps lorsque vous cliquez dessus\u00a0; <\/li><li>Une fen\u00eatre contextuelle affiche toutes les informations sur une personne\u00a0; <\/li><li>2 possibilit\u00e9s d&rsquo;afficher les cat\u00e9gories\u00a0: sous forme de liste g\u00e9n\u00e9rale ou avec menu\u00a0; <\/li><li>4 options de mise en page au choix\u00a0: Grille, Cartes, Galerie ou Liste. <\/li><\/ul><p>Pour voir toutes les fonctionnalit\u00e9s, voir la d\u00e9mo en direct<\/p> <\/div> <div class=\"application-platform-content-item-installation application-platform-content-item\" id=\"installation\" data-nav-section=\"installation\"> <h2>V\u00e9rifions comment int\u00e9grer le widget Team Showcase \u00e0 votre Weebly page. C&rsquo;est incroyablement simple.<\/h2> <div class=\"video-container\"><iframe width=\"720\" height=\"405\" src=\"https:\/\/www.youtube.com\/embed\/3RG_ncysL1w\" frameborder=\"0\" allowfullscreen=\"\"><\/iframe><\/div><p>Ces plusieurs \u00e9tapes sont la seule chose que vous devez faire pour obtenir le widget. <\/p> <ol><li><b>G\u00e9rez notre \u00e9diteur gratuit et commencez \u00e0 cr\u00e9er votre application personnalis\u00e9e. <\/b><br> Choisissez la disposition et les fonctionnalit\u00e9s s\u00e9lectionn\u00e9es de l&rsquo;application et enregistrez toutes les corrections. <\/li> <li><b>Obtenez votre code personnel qui s&rsquo;affiche dans la fen\u00eatre des applications Elfsight. <\/b><br> Juste apr\u00e8s la configuration de votre application personnelle, copiez votre code dans la fen\u00eatre qui appara\u00eet et enregistrez-le pour une utilisation ult\u00e9rieure. <\/li> <li><b>Lancez l&rsquo;utilisation de l&rsquo;application sur le site Web Weebly. <\/b><br> Int\u00e9grez le code enregistr\u00e9 r\u00e9cemment dans votre site et enregistrez les am\u00e9liorations. <\/li> <li><b>Vous avez termin\u00e9\u00a0! L&rsquo;int\u00e9gration est enti\u00e8rement r\u00e9alis\u00e9e. <\/b><br> Ouvrez votre page Web pour voir en action le fonctionnement de l&rsquo;application. <\/li><\/ol><p>Vous n&rsquo;arrivez toujours pas \u00e0 vous d\u00e9cider\u00a0? Ou avez-vous des questions \u00e0 poser ? Envoyez simplement une demande \u00e0 notre service client et nous vous aiderons pour tout type de question. <\/p> <\/div>","protected":false},"excerpt":{"rendered":"","protected":false},"author":9,"featured_media":0,"parent":1493,"menu_order":0,"comment_status":"closed","ping_status":"closed","template":"templates\/template-application-platform.php","meta":{"publish_to_discourse":"","publish_post_category":"","wpdc_auto_publish_overridden":"","wpdc_topic_tags":"","wpdc_pin_topic":"","wpdc_pin_until":"","discourse_post_id":"","discourse_permalink":"","wpdc_publishing_response":"","wpdc_publishing_error":"","footnotes":""},"class_list":["post-10515","page","type-page","status-publish","hentry"],"yoast_head":"<!-- This site is optimized with the Yoast SEO plugin v25.3.1 - https:\/\/yoast.com\/wordpress\/plugins\/seo\/ -->\n<title>Ajoutez l&#039;application Team Showcase au site Web Weebly (rapide et gratuit)<\/title>\n<meta name=\"description\" content=\"Avec Elfsight, fa\u00e7onnez votre application Team Showcase et ins\u00e9rez-la sur le site Weebly. Nous offrons un service client gratuit et d&#039;autres bonus.\" \/>\n<meta name=\"robots\" content=\"index, follow, max-snippet:-1, max-image-preview:large, max-video-preview:-1\" \/>\n<link rel=\"canonical\" href=\"https:\/\/elfsight.com\/fr\/team-showcase-widget\/weebly\/\" \/>\n<meta property=\"og:locale\" content=\"fr_FR\" \/>\n<meta property=\"og:type\" content=\"article\" \/>\n<meta property=\"og:title\" content=\"Ajoutez l&#039;application Team Showcase au site Web Weebly (rapide et gratuit)\" \/>\n<meta property=\"og:description\" content=\"Avec Elfsight, fa\u00e7onnez votre application Team Showcase et ins\u00e9rez-la sur le site Weebly. Nous offrons un service client gratuit et d&#039;autres bonus.\" \/>\n<meta property=\"og:url\" content=\"https:\/\/elfsight.com\/fr\/team-showcase-widget\/weebly\/\" \/>\n<meta property=\"og:site_name\" content=\"Elfsight FR\" \/>\n<meta property=\"article:modified_time\" content=\"2025-07-10T13:46:29+00:00\" \/>\n<meta name=\"twitter:card\" content=\"summary_large_image\" \/>\n<meta name=\"twitter:label1\" content=\"Dur\u00e9e de lecture estim\u00e9e\" \/>\n\t<meta name=\"twitter:data1\" content=\"3 minutes\" \/>\n<!-- \/ Yoast SEO plugin. -->","yoast_head_json":{"title":"Ajoutez l'application Team Showcase au site Web Weebly (rapide et gratuit)","description":"Avec Elfsight, fa\u00e7onnez votre application Team Showcase et ins\u00e9rez-la sur le site Weebly. Nous offrons un service client gratuit et d'autres bonus.","robots":{"index":"index","follow":"follow","max-snippet":"max-snippet:-1","max-image-preview":"max-image-preview:large","max-video-preview":"max-video-preview:-1"},"canonical":"https:\/\/elfsight.com\/fr\/team-showcase-widget\/weebly\/","og_locale":"fr_FR","og_type":"article","og_title":"Ajoutez l'application Team Showcase au site Web Weebly (rapide et gratuit)","og_description":"Avec Elfsight, fa\u00e7onnez votre application Team Showcase et ins\u00e9rez-la sur le site Weebly. Nous offrons un service client gratuit et d'autres bonus.","og_url":"https:\/\/elfsight.com\/fr\/team-showcase-widget\/weebly\/","og_site_name":"Elfsight FR","article_modified_time":"2025-07-10T13:46:29+00:00","twitter_card":"summary_large_image","twitter_misc":{"Dur\u00e9e de lecture estim\u00e9e":"3 minutes"},"schema":{"@context":"https:\/\/schema.org","@graph":[{"@type":"WebPage","@id":"https:\/\/elfsight.com\/fr\/team-showcase-widget\/weebly\/","url":"https:\/\/elfsight.com\/fr\/team-showcase-widget\/weebly\/","name":"Ajoutez l'application Team Showcase au site Web Weebly (rapide et gratuit)","isPartOf":{"@id":"https:\/\/elfsight.com\/fr\/#website"},"datePublished":"1970-01-01T00:00:00+00:00","dateModified":"2025-07-10T13:46:29+00:00","description":"Avec Elfsight, fa\u00e7onnez votre application Team Showcase et ins\u00e9rez-la sur le site Weebly. Nous offrons un service client gratuit et d'autres bonus.","breadcrumb":{"@id":"https:\/\/elfsight.com\/fr\/team-showcase-widget\/weebly\/#breadcrumb"},"inLanguage":"fr-FR","potentialAction":[{"@type":"ReadAction","target":["https:\/\/elfsight.com\/fr\/team-showcase-widget\/weebly\/"]}]},{"@type":"BreadcrumbList","@id":"https:\/\/elfsight.com\/fr\/team-showcase-widget\/weebly\/#breadcrumb","itemListElement":[{"@type":"ListItem","position":1,"name":"Home","item":"https:\/\/elfsight.com\/fr\/"},{"@type":"ListItem","position":2,"name":"Team Showcase","item":"https:\/\/elfsight.com\/fr\/team-showcase-widget\/"},{"@type":"ListItem","position":3,"name":"Team Showcase &#8211; Weebly"}]},{"@type":"WebSite","@id":"https:\/\/elfsight.com\/fr\/#website","url":"https:\/\/elfsight.com\/fr\/","name":"Elfsight FR","description":"","potentialAction":[{"@type":"SearchAction","target":{"@type":"EntryPoint","urlTemplate":"https:\/\/elfsight.com\/fr\/?s={search_term_string}"},"query-input":{"@type":"PropertyValueSpecification","valueRequired":true,"valueName":"search_term_string"}}],"inLanguage":"fr-FR"}]}},"meta_box":{"industry":"","seo_heading":"","heading":"","description":"","cta_heading":"","cta_description":"","application":"1454","h1":"Application Vitrine de l'\u00e9quipe Weebly","h1_caption":"Pr\u00e9sentez les membres de votre \u00e9quipe de mani\u00e8re professionnelle et visuellement attrayante, en \u00e9tablissant sans effort la confiance et la connexion avec votre public sur votre site Web Weebly.","application_category":[],"applications_title":"","applications_request_title":"","applications_request_button_text":"","hero_text":"","hero_video":"","hero_video_schema_markup":"","selling_points_title":"","selling_points_caption":"","selling_points":[],"selling_points_cta_text":"","features_title":"","features":"","ed_cta_examples_text":"","ed_cta_examples_hidden":"","ed_cta_demo_text":"","ed_cta_demo_hidden":"","why_caption":"","why_editor_title":"","why_editor_text":"","why_team_title":"","why_team_text":"","why_service_title":"","why_service_text":"","template_catalog_visible":"","template_catalog_title":"","template_catalog_text":"","template_catalog_categories_visible":"","demo_title":"Cr\u00e9ez votre application Team Showcase","demo_caption":"Configurez votre Team Showcase et ajoutez-la gratuitement \u00e0 votre site Web Weebly\u00a0!","default_faq_hidden":"","app_template_category":[],"platform":"363","template_public_id":"","codecanyon_url":"","codecanyon_item_id":"","codecanyon_price":"","pricing_caption":"","pricing_elfsight_apps_hide_column":"","pricing_elfsight_apps_url":"","pricing_codecanyon_price_caption":"","integration_category":[],"integration_request_title":"","integration_request_cta":"","integration_platform":"","integrations":[],"platform_category":[],"video_schema_markup":"","price":"\u00e0 partir de 0$ \/ mois","trial":"","benefits":[{"text":"Aide \u00e0 l'installation gratuite"},{"text":"Support client exp\u00e9riment\u00e9"},{"text":"Garantie de remboursement de 14 jours"},{"text":"Mises \u00e0 jour gratuites et continues"}],"button_url":"","button_target_blank":"","button_nofollow":"","attributes":[{"name":"Installations","content":"10,000 - 100,000"},{"name":"Sensible","content":"Oui"},{"name":"Navigateurs compatibles","content":"Firefox, Safari, Opera, Chrome, Edge"}],"tags":[],"tags_disable_links":"","hide_more_platforms":"","video_object":"","demo_hide_cta":"","demo_hide_cloud_options":"","pricing_title":"","pricing":[{"pricing_icon":"platform","pricing_title":"Elfsight Apps","pricing_title_caption":"Logiciel multiplateforme adapt\u00e9 \u00e0 n'importe quel site Web","pricing_price":"from $0 \/ month","pricing_price_caption":"commencez avec un forfait gratuit","pricing_benefits":[{"text":"Sites Web illimit\u00e9s"},{"text":"Assistance d\u00e9di\u00e9e, ponctuelle et bien document\u00e9e"},{"text":"Assistance \u00e0 l'installation gratuite"},{"text":"Enti\u00e8rement personnalisable"}],"pricing_button_text":"Ajouter au site Web","pricing_button_url":"#demo"}],"related_apps_title":"","related_apps_hidden":"","author":"","image":[],"title":"","job":"","social_networks":[]},"_links":{"self":[{"href":"https:\/\/elfsight.com\/fr\/wp-json\/wp\/v2\/pages\/10515","targetHints":{"allow":["GET"]}}],"collection":[{"href":"https:\/\/elfsight.com\/fr\/wp-json\/wp\/v2\/pages"}],"about":[{"href":"https:\/\/elfsight.com\/fr\/wp-json\/wp\/v2\/types\/page"}],"author":[{"embeddable":true,"href":"https:\/\/elfsight.com\/fr\/wp-json\/wp\/v2\/users\/9"}],"replies":[{"embeddable":true,"href":"https:\/\/elfsight.com\/fr\/wp-json\/wp\/v2\/comments?post=10515"}],"version-history":[{"count":1,"href":"https:\/\/elfsight.com\/fr\/wp-json\/wp\/v2\/pages\/10515\/revisions"}],"predecessor-version":[{"id":10519,"href":"https:\/\/elfsight.com\/fr\/wp-json\/wp\/v2\/pages\/10515\/revisions\/10519"}],"up":[{"embeddable":true,"href":"https:\/\/elfsight.com\/fr\/wp-json\/wp\/v2\/pages\/1493"}],"wp:attachment":[{"href":"https:\/\/elfsight.com\/fr\/wp-json\/wp\/v2\/media?parent=10515"}],"curies":[{"name":"wp","href":"https:\/\/api.w.org\/{rel}","templated":true}]}}