{"id":10509,"date":"1970-01-01T00:00:00","date_gmt":"1970-01-01T00:00:00","guid":{"rendered":"https:\/\/elfsight.com\/fr\/?page_id=10509"},"modified":"2025-07-10T13:44:12","modified_gmt":"2025-07-10T13:44:12","slug":"elementor","status":"publish","type":"page","link":"https:\/\/elfsight.com\/fr\/team-showcase-widget\/elementor\/","title":{"rendered":"Team Showcase &#8211; Elementor"},"content":{"rendered":"<div class=\"application-platform-content-item-description application-platform-content-item\" id=\"description\" data-nav-section=\"description\"> <h2>Int\u00e9grer Team Showcase sur Elementor avec le widget Elfsight<\/h2><p>Le widget sera votre moyen le plus simple \u00e0 utiliser affichez les membres de votre \u00e9quipe sur le site Web. Le widget permet de parler de tout type d&rsquo;\u00e9quipe\u00a0: coll\u00e8gues de travail, \u00e9quipe sportive, personnel acad\u00e9mique, employ\u00e9s de l&rsquo;entreprise et autres. Affichez une photo, publiez des informations de contact et un texte personnalis\u00e9 sur chaque individu. Les visiteurs du site Web auront la possibilit\u00e9 de les atteindre en un instant en utilisant des liens actifs et des ic\u00f4nes de r\u00e9seaux sociaux. Vous pouvez cr\u00e9er des groupes et montrer la structure de votre \u00e9quipe, choisir la disposition, les couleurs et bien plus encore. Augmentez la fiabilit\u00e9 de votre entreprise en montrant son visage humain ! <\/p><div class=\"faq\" data-component=\"FAQ\"><div class=\"faq-item\">\r\n\t\t\t\t\t<div class=\"faq-item-question\">\r\n\t\t\t\t\t\t<h3 class=\"faq-item-question-text\">Comment puis-je int\u00e9grer une Team Showcase sur mon site Elementor ? <\/h3>\r\n\r\n\t\t\t\t\t\t<div class=\"faq-item-question-icon\"><\/div>\r\n\t\t\t\t\t<\/div>\r\n\r\n\t\t\t\t\t<div class=\"faq-item-answer\">\r\n\t\t\t\t\t\t<div class=\"faq-item-answer-text\"><p>La r\u00e9alisation de l&rsquo;outil s&rsquo;effectue au sein du service Elfsight et il n&rsquo;est pas n\u00e9cessaire d&rsquo;apprendre \u00e0 coder. Acc\u00e9dez \u00e0 la d\u00e9mo active pour cr\u00e9er votre propre widget, acqu\u00e9rir le code et l&rsquo;impl\u00e9menter dans votre site. <\/p><\/div>\r\n\t\t\t\t\t<\/div>\r\n\t\t\t\t<\/div><div class=\"faq-item\">\r\n\t\t\t\t\t<div class=\"faq-item-question\">\r\n\t\t\t\t\t\t<h3 class=\"faq-item-question-text\">Les meilleures fa\u00e7ons d'utiliser l'int\u00e9gration des membres de l'\u00e9quipe<\/h3>\r\n\r\n\t\t\t\t\t\t<div class=\"faq-item-question-icon\"><\/div>\r\n\t\t\t\t\t<\/div>\r\n\r\n\t\t\t\t\t<div class=\"faq-item-answer\">\r\n\t\t\t\t\t\t<div class=\"faq-item-answer-text\"><p>Nous disposons de nombreuses possibilit\u00e9s de personnalisation\u00a0: widgets pleine taille \u00e0 int\u00e9grer dans la zone de contenu, flottants des widgets pour les options de d\u00e9filement, des vignettes pour le pied de page, la section d&rsquo;en-t\u00eate et toutes sortes d&rsquo;options verticales pour les barres lat\u00e9rales et les menus du site Web. <\/p><\/div>\r\n\t\t\t\t\t<\/div>\r\n\t\t\t\t<\/div><div class=\"faq-item\">\r\n\t\t\t\t\t<div class=\"faq-item-question\">\r\n\t\t\t\t\t\t<h3 class=\"faq-item-question-text\">Comment cr\u00e9er une vitrine d'\u00e9quipe de musique ou d'enseignants \u00e0 l'aide de l'\u00e9diteur ? <\/h3>\r\n\r\n\t\t\t\t\t\t<div class=\"faq-item-question-icon\"><\/div>\r\n\t\t\t\t\t<\/div>\r\n\r\n\t\t\t\t\t<div class=\"faq-item-answer\">\r\n\t\t\t\t\t\t<div class=\"faq-item-answer-text\"><p>Vous \u00eates invit\u00e9s \u00e0 cr\u00e9er les modifications de n&rsquo;importe quel widget. Il existe de nombreuses mises en page applicables dans l&rsquo;\u00e9diteur, et elles peuvent toutes \u00eatre rapidement ajust\u00e9es selon vos besoins. <\/p><\/div>\r\n\t\t\t\t\t<\/div>\r\n\t\t\t\t<\/div><\/div><\/div><div class=\"application-platform-content-item-features application-platform-content-item\" id=\"features\" data-nav-section=\"features\"> <h2>Principales fonctionnalit\u00e9s du widget Team Showcase<\/h2> <p>Pour avoir une id\u00e9e plus claire de Team Showcase, examinez la liste de ses caract\u00e9ristiques essentielles. Ils rendent notre widget vraiment efficace pour votre magasin\u00a0:<\/p> <ul><li>Ic\u00f4nes actives des comptes sociaux et liens vers le site Web et l&rsquo;adresse e-mail\u00a0;<\/li><li>Localisation de la personne r\u00e9v\u00e9l\u00e9e sur Google Maps en un clic ;<\/li><li>Une popup ouvre tous les d\u00e9tails d&rsquo;un membre de l&rsquo;\u00e9quipe;<\/li><li>Deux possibilit\u00e9s pour afficher les groupes\u00a0: dans une liste globale ou avec un menu\u00a0;<\/li><li>4 variantes de mise en page pour choisissez\u00a0: Grille, Cartes, Galerie, Liste.<\/li><\/ul><p><a href=\"#demo\">D\u00e9couvrez toutes les fonctionnalit\u00e9s dans notre d\u00e9mo<\/a><\/p> <\/div><div class=\"application-platform-content-item-installation application-platform-content-item\" id=\"installation\" data-nav-section=\"installation\"> <h2>Comment ajouter Team Showcase \u00e0 votre site Web Elementor<\/h2> <div class=\"video-container\"><iframe width=\"720\" height=\"405\" src=\"https:\/\/www.youtube.com\/embed\/4Zhvy42wdd0\" frameborder=\"0\" allowfullscreen=\"\"><\/iframe><\/div><p>Ces plusieurs actions sont la seule chose que vous devez ajouter.<\/p> <ul><li><b>G\u00e9n\u00e9rez votre vitrine d&rsquo;\u00e9quipe individuelle<\/b><br>\u00c0 l&rsquo;aide de notre d\u00e9mo gratuite, cr\u00e9ez un plugin avec le mod\u00e8le et les fonctions n\u00e9cessaires.<\/li> <li><b>Copiez un code pour afficher le plugin<\/b><br>Apr\u00e8s la cr\u00e9ation du widget, recevez un code pour le plugin Showcase \u00e0 partir de la notification apparue sur les applications Elfsight.<\/li><li><b>Affichez le widget sur la page<\/b><br>D\u00e9marrer le code de la page dans l&rsquo;\u00e9diteur HTML et int\u00e9grez le widget \u00e0 l&rsquo;endroit n\u00e9cessaire (contenu, pied de page, barre lat\u00e9rale etc) et publiez les r\u00e9sultats.<\/li><li><b>L&rsquo;installation est termin\u00e9e<\/b><br>Allez sur le site Web Elementor, pour voir votre plugin.<\/li><\/ul><p>Toujours incertain\u00a0? Ou vous avez des questions ? Une simple demande \u00e0 notre service client r\u00e9pondra \u00e0 toutes vos questions.<\/p> <\/div>","protected":false},"excerpt":{"rendered":"","protected":false},"author":9,"featured_media":0,"parent":1493,"menu_order":0,"comment_status":"closed","ping_status":"closed","template":"templates\/template-application-platform.php","meta":{"publish_to_discourse":"","publish_post_category":"","wpdc_auto_publish_overridden":"","wpdc_topic_tags":"","wpdc_pin_topic":"","wpdc_pin_until":"","discourse_post_id":"","discourse_permalink":"","wpdc_publishing_response":"","wpdc_publishing_error":"","footnotes":""},"class_list":["post-10509","page","type-page","status-publish","hentry"],"yoast_head":"<!-- This site is optimized with the Yoast SEO plugin v25.3.1 - https:\/\/yoast.com\/wordpress\/plugins\/seo\/ -->\n<title>Widget Team Showcase pour le site Web Elementor (rapide et gratuit)<\/title>\n<meta name=\"description\" content=\"Il est tr\u00e8s simple de fa\u00e7onner votre widget Team Showcase et de le publier sur le site Web Elementor. Le support client Elfsight est gratuit.\" \/>\n<meta name=\"robots\" content=\"index, follow, max-snippet:-1, max-image-preview:large, max-video-preview:-1\" \/>\n<link rel=\"canonical\" href=\"https:\/\/elfsight.com\/fr\/team-showcase-widget\/elementor\/\" \/>\n<meta property=\"og:locale\" content=\"fr_FR\" \/>\n<meta property=\"og:type\" content=\"article\" \/>\n<meta property=\"og:title\" content=\"Widget Team Showcase pour le site Web Elementor (rapide et gratuit)\" \/>\n<meta property=\"og:description\" content=\"Il est tr\u00e8s simple de fa\u00e7onner votre widget Team Showcase et de le publier sur le site Web Elementor. Le support client Elfsight est gratuit.\" \/>\n<meta property=\"og:url\" content=\"https:\/\/elfsight.com\/fr\/team-showcase-widget\/elementor\/\" \/>\n<meta property=\"og:site_name\" content=\"Elfsight FR\" \/>\n<meta property=\"article:modified_time\" content=\"2025-07-10T13:44:12+00:00\" \/>\n<meta name=\"twitter:card\" content=\"summary_large_image\" \/>\n<meta name=\"twitter:label1\" content=\"Dur\u00e9e de lecture estim\u00e9e\" \/>\n\t<meta name=\"twitter:data1\" content=\"3 minutes\" \/>\n<!-- \/ Yoast SEO plugin. -->","yoast_head_json":{"title":"Widget Team Showcase pour le site Web Elementor (rapide et gratuit)","description":"Il est tr\u00e8s simple de fa\u00e7onner votre widget Team Showcase et de le publier sur le site Web Elementor. Le support client Elfsight est gratuit.","robots":{"index":"index","follow":"follow","max-snippet":"max-snippet:-1","max-image-preview":"max-image-preview:large","max-video-preview":"max-video-preview:-1"},"canonical":"https:\/\/elfsight.com\/fr\/team-showcase-widget\/elementor\/","og_locale":"fr_FR","og_type":"article","og_title":"Widget Team Showcase pour le site Web Elementor (rapide et gratuit)","og_description":"Il est tr\u00e8s simple de fa\u00e7onner votre widget Team Showcase et de le publier sur le site Web Elementor. Le support client Elfsight est gratuit.","og_url":"https:\/\/elfsight.com\/fr\/team-showcase-widget\/elementor\/","og_site_name":"Elfsight FR","article_modified_time":"2025-07-10T13:44:12+00:00","twitter_card":"summary_large_image","twitter_misc":{"Dur\u00e9e de lecture estim\u00e9e":"3 minutes"},"schema":{"@context":"https:\/\/schema.org","@graph":[{"@type":"WebPage","@id":"https:\/\/elfsight.com\/fr\/team-showcase-widget\/elementor\/","url":"https:\/\/elfsight.com\/fr\/team-showcase-widget\/elementor\/","name":"Widget Team Showcase pour le site Web Elementor (rapide et gratuit)","isPartOf":{"@id":"https:\/\/elfsight.com\/fr\/#website"},"datePublished":"1970-01-01T00:00:00+00:00","dateModified":"2025-07-10T13:44:12+00:00","description":"Il est tr\u00e8s simple de fa\u00e7onner votre widget Team Showcase et de le publier sur le site Web Elementor. Le support client Elfsight est gratuit.","breadcrumb":{"@id":"https:\/\/elfsight.com\/fr\/team-showcase-widget\/elementor\/#breadcrumb"},"inLanguage":"fr-FR","potentialAction":[{"@type":"ReadAction","target":["https:\/\/elfsight.com\/fr\/team-showcase-widget\/elementor\/"]}]},{"@type":"BreadcrumbList","@id":"https:\/\/elfsight.com\/fr\/team-showcase-widget\/elementor\/#breadcrumb","itemListElement":[{"@type":"ListItem","position":1,"name":"Home","item":"https:\/\/elfsight.com\/fr\/"},{"@type":"ListItem","position":2,"name":"Team Showcase","item":"https:\/\/elfsight.com\/fr\/team-showcase-widget\/"},{"@type":"ListItem","position":3,"name":"Team Showcase &#8211; Elementor"}]},{"@type":"WebSite","@id":"https:\/\/elfsight.com\/fr\/#website","url":"https:\/\/elfsight.com\/fr\/","name":"Elfsight FR","description":"","potentialAction":[{"@type":"SearchAction","target":{"@type":"EntryPoint","urlTemplate":"https:\/\/elfsight.com\/fr\/?s={search_term_string}"},"query-input":{"@type":"PropertyValueSpecification","valueRequired":true,"valueName":"search_term_string"}}],"inLanguage":"fr-FR"}]}},"meta_box":{"industry":"","seo_heading":"","heading":"","description":"","cta_heading":"","cta_description":"","application":"1454","h1":"Widget Vitrine de l'\u00e9quipe Elementor","h1_caption":"Pr\u00e9sentez les membres de votre \u00e9quipe de mani\u00e8re professionnelle et visuellement attrayante, en \u00e9tablissant sans effort la confiance et la connexion avec votre public sur votre site Web Elementor.","application_category":[],"applications_title":"","applications_request_title":"","applications_request_button_text":"","hero_text":"","hero_video":"","hero_video_schema_markup":"","selling_points_title":"","selling_points_caption":"","selling_points":[],"selling_points_cta_text":"","features_title":"","features":"","ed_cta_examples_text":"","ed_cta_examples_hidden":"","ed_cta_demo_text":"","ed_cta_demo_hidden":"","why_caption":"","why_editor_title":"","why_editor_text":"","why_team_title":"","why_team_text":"","why_service_title":"","why_service_text":"","template_catalog_visible":"","template_catalog_title":"","template_catalog_text":"","template_catalog_categories_visible":"","demo_title":"Cr\u00e9ez votre widget Vitrine d'\u00e9quipe","demo_caption":"Configurez votre Team Showcase et ajoutez-la \u00e0 votre site Web Elementor gratuitement\u00a0!","default_faq_hidden":"","app_template_category":[],"platform":"385","template_public_id":"","codecanyon_url":"","codecanyon_item_id":"","codecanyon_price":"","pricing_caption":"","pricing_elfsight_apps_hide_column":"","pricing_elfsight_apps_url":"","pricing_codecanyon_price_caption":"","integration_category":[],"integration_request_title":"","integration_request_cta":"","integration_platform":"","integrations":[],"platform_category":[],"video_schema_markup":"","price":"\u00e0 partir de 0$ \/ mois","trial":"","benefits":[{"text":"Aide \u00e0 l'installation gratuite"},{"text":"Service client efficace"},{"text":"Garantie de remboursement de 14 jours"},{"text":"Am\u00e9liorations continues"}],"button_url":"","button_target_blank":"","button_nofollow":"","attributes":[{"name":"Installations","content":"10,000 - 100,000"},{"name":"Sensible","content":"Oui"},{"name":"Navigateurs compatibles","content":"Firefox, Safari, Opera, Chrome, Edge"}],"tags":[],"tags_disable_links":"","hide_more_platforms":"","video_object":"","demo_hide_cta":"","demo_hide_cloud_options":"","pricing_title":"","pricing":[{"pricing_icon":"platform","pricing_title":"Elfsight Apps","pricing_title_caption":"Solution num\u00e9rique multiplateforme","pricing_price":"from $0 \/ month","pricing_price_caption":"commencez avec un forfait gratuit","pricing_benefits":[{"text":"Domaines illimit\u00e9s"},{"text":"Assistance rapide et ponctuelle"},{"text":"Aide \u00e0 l'installation gratuite"},{"text":"Prix \u200b\u200b\u00e0 attraper pour plusieurs applications"}],"pricing_button_text":"Ajouter au site Web","pricing_button_url":"#demo"}],"related_apps_title":"","related_apps_hidden":"","author":"","image":[],"title":"","job":"","social_networks":[]},"_links":{"self":[{"href":"https:\/\/elfsight.com\/fr\/wp-json\/wp\/v2\/pages\/10509","targetHints":{"allow":["GET"]}}],"collection":[{"href":"https:\/\/elfsight.com\/fr\/wp-json\/wp\/v2\/pages"}],"about":[{"href":"https:\/\/elfsight.com\/fr\/wp-json\/wp\/v2\/types\/page"}],"author":[{"embeddable":true,"href":"https:\/\/elfsight.com\/fr\/wp-json\/wp\/v2\/users\/9"}],"replies":[{"embeddable":true,"href":"https:\/\/elfsight.com\/fr\/wp-json\/wp\/v2\/comments?post=10509"}],"version-history":[{"count":2,"href":"https:\/\/elfsight.com\/fr\/wp-json\/wp\/v2\/pages\/10509\/revisions"}],"predecessor-version":[{"id":14747,"href":"https:\/\/elfsight.com\/fr\/wp-json\/wp\/v2\/pages\/10509\/revisions\/14747"}],"up":[{"embeddable":true,"href":"https:\/\/elfsight.com\/fr\/wp-json\/wp\/v2\/pages\/1493"}],"wp:attachment":[{"href":"https:\/\/elfsight.com\/fr\/wp-json\/wp\/v2\/media?parent=10509"}],"curies":[{"name":"wp","href":"https:\/\/api.w.org\/{rel}","templated":true}]}}