{"id":10508,"date":"1970-01-01T00:00:00","date_gmt":"1970-01-01T00:00:00","guid":{"rendered":"https:\/\/elfsight.com\/fr\/?page_id=10508"},"modified":"2025-07-10T13:45:02","modified_gmt":"2025-07-10T13:45:02","slug":"iframe","status":"publish","type":"page","link":"https:\/\/elfsight.com\/fr\/team-showcase-widget\/iframe\/","title":{"rendered":"Team Showcase &#8211; iFrame"},"content":{"rendered":"<div class=\"application-platform-content-item-description application-platform-content-item\" id=\"description\" data-nav-section=\"description\"><h2>Int\u00e9grer Team Showcase sur iFrame avec le widget Elfsight<\/h2><p>Ce widget sera le moyen id\u00e9al pour pr\u00e9senter votre \u00e9quipe sur le site web. Notre widget permet de pr\u00e9senter les visages et les r\u00f4les de tout type d&rsquo;\u00e9quipe\u00a0: partenaires commerciaux, club sportif, personnel professeur, personnel du cabinet et autres. Affichez une photo, ajoutez des informations de contact et un texte d\u00e9taill\u00e9 sur chaque membre de l&rsquo;\u00e9quipe. Les visiteurs du site Web auront la possibilit\u00e9 de s&rsquo;adresser \u00e0 eux de mani\u00e8re transparente au moyen de liens actifs et d&rsquo;ic\u00f4nes sociales. Vous pouvez cr\u00e9er des cat\u00e9gories et afficher le format de votre \u00e9quipe, s\u00e9lectionner des mises en page, des couleurs et plus encore. Augmentez la confiance dans votre entreprise, en affichant son image humaine\u00a0!<\/p> <p><b>Renforcez la confiance de votre site avec l&rsquo;aide d&rsquo;Elfsight Team Showcase\u00a0!<\/b><\/p> <\/div><div class=\"application-platform-content-item- Features application-platform-content-item\" id=\" Features\" data-nav-section=\" Features\"><h2>Principales fonctionnalit\u00e9s du widget Team Showcase<\/h2><p>Pour avoir une meilleure connaissance de Team Showcase, vous pouvez parcourir la liste de ses fonctions les plus importantes. Ils rendent notre widget incroyablement efficace pour votre promotion\u00a0:<\/p> <ul><li>Ic\u00f4nes cliquables des r\u00e9seaux sociaux et liens vers un site Web et une adresse e-mail\u00a0;<\/li><li> L&rsquo;adresse de localisation s&rsquo;ouvre sur Google\u00a0Maps lorsque vous cliquez dessus\u00a0;<\/li><li>Popup ouvre plus de d\u00e9tails sur une personne\u00a0;<\/li><li>2 possibilit\u00e9s d&rsquo;afficher les cat\u00e9gories\u00a0: dans une liste g\u00e9n\u00e9rale ou avec menu\u00a0;<\/li><li>Quatre options de mise en page\u00a0: Grille, Cartes , Galerie, Liste.<\/li><\/ul><p><a href=\"#demo\">Regardez toutes les fonctionnalit\u00e9s disponibles dans la d\u00e9mo en direct<\/a><\/p><\/div><div class=\"application-platform-content-item-installation application-platform-content-item\" id=\"installation\" data-nav-section=\"installation\"><h2>Comment ajouter Team Showcase au site Web iFrame<\/h2><p>Suivez ces \u00e9tapes simples pour activer le widget. <\/p> <ol><li><b>G\u00e9n\u00e9rez votre plugin Team Showcase unique<\/b><br> \u00c0 l&rsquo;aide de notre d\u00e9mo gratuite, cr\u00e9ez un plugin avec un design et des caract\u00e9ristiques fonctionnelles s\u00e9lectionn\u00e9s. <\/li><li><b>Copiez le code individuel pour int\u00e9grer le plugin<\/b><br> Apr\u00e8s avoir configur\u00e9 votre widget, vous obtiendrez le code d&rsquo;installation dans la fen\u00eatre contextuelle d&rsquo;Elfsight Apps. Copiez ce code. <\/li> <li><b>Publiez le plugin sur votre site iFrame<\/b><br> Trouvez l&rsquo;endroit o\u00f9 vous devez afficher le plugin et ins\u00e9rez-y le code copi\u00e9. Appliquez les r\u00e9sultats. <\/li> <li><b>Fait\u00a0! <\/b><br> Acc\u00e9dez au site Web pour afficher les membres de votre \u00e9quipe. <\/li> <\/ol><p>Notre \u00e9quipe de support client se fera un plaisir de vous aider si vous avez des questions\u00a0!<\/p><div class=\"faq\" data-component=\"FAQ\"><div class=\"faq-item\">\r\n\t\t\t\t\t<div class=\"faq-item-question\">\r\n\t\t\t\t\t\t<h3 class=\"faq-item-question-text\">Existe-t-il une m\u00e9thode pour ajouter une \u00e9quipe Pr\u00e9senter sur mon site Web iFrame sans coder ?<\/h3>\r\n\r\n\t\t\t\t\t\t<div class=\"faq-item-question-icon\"><\/div>\r\n\t\t\t\t\t<\/div>\r\n\r\n\t\t\t\t\t<div class=\"faq-item-answer\">\r\n\t\t\t\t\t\t<div class=\"faq-item-answer-text\"> <p>Elfsight propose une solution qui permet aux utilisateurs de g\u00e9n\u00e9rer vous-m\u00eame un plugin Team Showcase. Consultez les \u00e9tapes simples\u00a0: Travaillez dans la d\u00e9mo en ligne pour cr\u00e9er une section Team Showcase que vous souhaitez int\u00e9grer. votre site Web iFrame. Choisissez l&rsquo;un de nos mod\u00e8les pr\u00eats \u00e0 l&#8217;emploi et adaptez les param\u00e8tres de Team Showcase, mettez \u00e0 jour votre contenu, modifiez la mise en page et les couleurs sans aucune comp\u00e9tence en codage. Cliquez pour enregistrer la Team Showcase et copier le code d\u2019installation, que vous pouvez int\u00e9grer sans effort et gratuitement dans votre page Web iFrame. En travaillant dans notre configurateur simple, chaque internaute peut cr\u00e9er un widget Team Showcase en ligne et l&rsquo;ajouter facilement \u00e0 n&rsquo;importe quelle page d&rsquo;accueil iFrame. Il n&rsquo;est pas n\u00e9cessaire de payer ni de saisir les donn\u00e9es de votre carte pour acc\u00e9der \u00e0 l&rsquo;\u00e9diteur. Si vous rencontrez des probl\u00e8mes de quelque nature que ce soit, n&rsquo;h\u00e9sitez pas \u00e0 en parler \u00e0 notre \u00e9quipe d&rsquo;assistance technique.<\/p> <\/div>\r\n\t\t\t\t\t<\/div>\r\n\t\t\t\t<\/div> <\/div><\/div>","protected":false},"excerpt":{"rendered":"","protected":false},"author":9,"featured_media":0,"parent":1493,"menu_order":0,"comment_status":"closed","ping_status":"closed","template":"templates\/template-application-platform.php","meta":{"publish_to_discourse":"","publish_post_category":"","wpdc_auto_publish_overridden":"","wpdc_topic_tags":"","wpdc_pin_topic":"","wpdc_pin_until":"","discourse_post_id":"","discourse_permalink":"","wpdc_publishing_response":"","wpdc_publishing_error":"","footnotes":""},"class_list":["post-10508","page","type-page","status-publish","hentry"],"yoast_head":"<!-- This site is optimized with the Yoast SEO plugin v25.3.1 - https:\/\/yoast.com\/wordpress\/plugins\/seo\/ -->\n<title>Plugin iFrame Team Showcase pour votre site Web (gratuit et rapide)<\/title>\n<meta name=\"description\" content=\"Il est tr\u00e8s simple de cr\u00e9er votre widget Team Showcase et de l\u2019ajouter sur votre site Web iFrame. Le service client Elfsight est gratuit et rapide.\" \/>\n<meta name=\"robots\" content=\"index, follow, max-snippet:-1, max-image-preview:large, max-video-preview:-1\" \/>\n<link rel=\"canonical\" href=\"https:\/\/elfsight.com\/fr\/team-showcase-widget\/iframe\/\" \/>\n<meta property=\"og:locale\" content=\"fr_FR\" \/>\n<meta property=\"og:type\" content=\"article\" \/>\n<meta property=\"og:title\" content=\"Plugin iFrame Team Showcase pour votre site Web (gratuit et rapide)\" \/>\n<meta property=\"og:description\" content=\"Il est tr\u00e8s simple de cr\u00e9er votre widget Team Showcase et de l\u2019ajouter sur votre site Web iFrame. Le service client Elfsight est gratuit et rapide.\" \/>\n<meta property=\"og:url\" content=\"https:\/\/elfsight.com\/fr\/team-showcase-widget\/iframe\/\" \/>\n<meta property=\"og:site_name\" content=\"Elfsight FR\" \/>\n<meta property=\"article:modified_time\" content=\"2025-07-10T13:45:02+00:00\" \/>\n<meta name=\"twitter:card\" content=\"summary_large_image\" \/>\n<meta name=\"twitter:label1\" content=\"Dur\u00e9e de lecture estim\u00e9e\" \/>\n\t<meta name=\"twitter:data1\" content=\"3 minutes\" \/>\n<!-- \/ Yoast SEO plugin. -->","yoast_head_json":{"title":"Plugin iFrame Team Showcase pour votre site Web (gratuit et rapide)","description":"Il est tr\u00e8s simple de cr\u00e9er votre widget Team Showcase et de l\u2019ajouter sur votre site Web iFrame. Le service client Elfsight est gratuit et rapide.","robots":{"index":"index","follow":"follow","max-snippet":"max-snippet:-1","max-image-preview":"max-image-preview:large","max-video-preview":"max-video-preview:-1"},"canonical":"https:\/\/elfsight.com\/fr\/team-showcase-widget\/iframe\/","og_locale":"fr_FR","og_type":"article","og_title":"Plugin iFrame Team Showcase pour votre site Web (gratuit et rapide)","og_description":"Il est tr\u00e8s simple de cr\u00e9er votre widget Team Showcase et de l\u2019ajouter sur votre site Web iFrame. Le service client Elfsight est gratuit et rapide.","og_url":"https:\/\/elfsight.com\/fr\/team-showcase-widget\/iframe\/","og_site_name":"Elfsight FR","article_modified_time":"2025-07-10T13:45:02+00:00","twitter_card":"summary_large_image","twitter_misc":{"Dur\u00e9e de lecture estim\u00e9e":"3 minutes"},"schema":{"@context":"https:\/\/schema.org","@graph":[{"@type":"WebPage","@id":"https:\/\/elfsight.com\/fr\/team-showcase-widget\/iframe\/","url":"https:\/\/elfsight.com\/fr\/team-showcase-widget\/iframe\/","name":"Plugin iFrame Team Showcase pour votre site Web (gratuit et rapide)","isPartOf":{"@id":"https:\/\/elfsight.com\/fr\/#website"},"datePublished":"1970-01-01T00:00:00+00:00","dateModified":"2025-07-10T13:45:02+00:00","description":"Il est tr\u00e8s simple de cr\u00e9er votre widget Team Showcase et de l\u2019ajouter sur votre site Web iFrame. Le service client Elfsight est gratuit et rapide.","breadcrumb":{"@id":"https:\/\/elfsight.com\/fr\/team-showcase-widget\/iframe\/#breadcrumb"},"inLanguage":"fr-FR","potentialAction":[{"@type":"ReadAction","target":["https:\/\/elfsight.com\/fr\/team-showcase-widget\/iframe\/"]}]},{"@type":"BreadcrumbList","@id":"https:\/\/elfsight.com\/fr\/team-showcase-widget\/iframe\/#breadcrumb","itemListElement":[{"@type":"ListItem","position":1,"name":"Home","item":"https:\/\/elfsight.com\/fr\/"},{"@type":"ListItem","position":2,"name":"Team Showcase","item":"https:\/\/elfsight.com\/fr\/team-showcase-widget\/"},{"@type":"ListItem","position":3,"name":"Team Showcase &#8211; iFrame"}]},{"@type":"WebSite","@id":"https:\/\/elfsight.com\/fr\/#website","url":"https:\/\/elfsight.com\/fr\/","name":"Elfsight FR","description":"","potentialAction":[{"@type":"SearchAction","target":{"@type":"EntryPoint","urlTemplate":"https:\/\/elfsight.com\/fr\/?s={search_term_string}"},"query-input":{"@type":"PropertyValueSpecification","valueRequired":true,"valueName":"search_term_string"}}],"inLanguage":"fr-FR"}]}},"meta_box":{"industry":"","seo_heading":"","heading":"","description":"","cta_heading":"","cta_description":"","application":"1454","h1":"Vitrine de l'\u00e9quipe iFrame","h1_caption":"Pr\u00e9sentez les membres de votre \u00e9quipe de mani\u00e8re professionnelle et visuellement attrayante, en \u00e9tablissant sans effort la confiance et la connexion avec votre public sur votre site Web iFrame.","application_category":[],"applications_title":"","applications_request_title":"","applications_request_button_text":"","hero_text":"","hero_video":"","hero_video_schema_markup":"","selling_points_title":"","selling_points_caption":"","selling_points":[],"selling_points_cta_text":"","features_title":"","features":"","ed_cta_examples_text":"","ed_cta_examples_hidden":"","ed_cta_demo_text":"","ed_cta_demo_hidden":"","why_caption":"","why_editor_title":"","why_editor_text":"","why_team_title":"","why_team_text":"","why_service_title":"","why_service_text":"","template_catalog_visible":"","template_catalog_title":"","template_catalog_text":"","template_catalog_categories_visible":"","demo_title":"Cr\u00e9ez votre widget Vitrine d'\u00e9quipe","demo_caption":"Configurez votre Team Showcase et ajoutez-le gratuitement \u00e0 votre site Web iFrame\u00a0!","default_faq_hidden":"","app_template_category":[],"platform":"371","template_public_id":"","codecanyon_url":"","codecanyon_item_id":"","codecanyon_price":"","pricing_caption":"","pricing_elfsight_apps_hide_column":"","pricing_elfsight_apps_url":"","pricing_codecanyon_price_caption":"","integration_category":[],"integration_request_title":"","integration_request_cta":"","integration_platform":"","integrations":[],"platform_category":[],"video_schema_markup":"","price":"\u00e0 partir de 0$ \/ mois","trial":"","benefits":[{"text":"Aide \u00e0 l'installation gratuite"},{"text":"Assistance premium"},{"text":"Garantie de remboursement de 14 jours"},{"text":"Futures am\u00e9liorations gratuites"}],"button_url":"","button_target_blank":"","button_nofollow":"","attributes":[{"name":"Installations","content":"10,000 - 100,000"},{"name":"Sensible","content":"Oui"},{"name":"Navigateurs compatibles","content":"Chrome, Edge, Opera, Firefox, Safari"}],"tags":[],"tags_disable_links":"","hide_more_platforms":"","video_object":"","demo_hide_cta":"","demo_hide_cloud_options":"","pricing_title":"","pricing":[{"pricing_icon":"platform","pricing_title":"Elfsight Apps","pricing_title_caption":"Solution multiplateforme qui fonctionne sur n'importe quel site Web","pricing_price":"from $0 \/ month","pricing_price_caption":"commencez avec un forfait gratuit","pricing_benefits":[{"text":"Sites Web illimit\u00e9s"},{"text":"Assistance rapide"},{"text":"Assistance \u00e0 l'installation gratuite"},{"text":"Prix \u200b\u200bsp\u00e9cial pour plusieurs applications"}],"pricing_button_text":"Ajouter au site Web","pricing_button_url":"#demo"}],"related_apps_title":"","related_apps_hidden":"","author":"","image":[],"title":"","job":"","social_networks":[]},"_links":{"self":[{"href":"https:\/\/elfsight.com\/fr\/wp-json\/wp\/v2\/pages\/10508","targetHints":{"allow":["GET"]}}],"collection":[{"href":"https:\/\/elfsight.com\/fr\/wp-json\/wp\/v2\/pages"}],"about":[{"href":"https:\/\/elfsight.com\/fr\/wp-json\/wp\/v2\/types\/page"}],"author":[{"embeddable":true,"href":"https:\/\/elfsight.com\/fr\/wp-json\/wp\/v2\/users\/9"}],"replies":[{"embeddable":true,"href":"https:\/\/elfsight.com\/fr\/wp-json\/wp\/v2\/comments?post=10508"}],"version-history":[{"count":1,"href":"https:\/\/elfsight.com\/fr\/wp-json\/wp\/v2\/pages\/10508\/revisions"}],"predecessor-version":[{"id":10512,"href":"https:\/\/elfsight.com\/fr\/wp-json\/wp\/v2\/pages\/10508\/revisions\/10512"}],"up":[{"embeddable":true,"href":"https:\/\/elfsight.com\/fr\/wp-json\/wp\/v2\/pages\/1493"}],"wp:attachment":[{"href":"https:\/\/elfsight.com\/fr\/wp-json\/wp\/v2\/media?parent=10508"}],"curies":[{"name":"wp","href":"https:\/\/api.w.org\/{rel}","templated":true}]}}