{"id":10506,"date":"1970-01-01T00:00:00","date_gmt":"1970-01-01T00:00:00","guid":{"rendered":"https:\/\/elfsight.com\/fr\/?page_id=10506"},"modified":"2025-07-10T13:46:49","modified_gmt":"2025-07-10T13:46:49","slug":"woocommerce","status":"publish","type":"page","link":"https:\/\/elfsight.com\/fr\/team-showcase-widget\/woocommerce\/","title":{"rendered":"Team Showcase &#8211; WooCommerce"},"content":{"rendered":"<div class=\"application-platform-content-item-description application-platform-content-item\" id=\"description\" data-nav-section=\"description\"><h2>Description<\/h2><p>Ce widget sera l&rsquo;outil le plus simple \u00e0 utiliser pour pr\u00e9senter les membres de votre \u00e9quipe sur votre site. L&rsquo;outil vous aide \u00e0 publier les photos et les exp\u00e9riences de tout type d&rsquo;\u00e9quipe : partenaires commerciaux, club de sportifs, personnel enseignant, personnel d&rsquo;entreprise et tout autre. T\u00e9l\u00e9chargez une photo, publiez les coordonn\u00e9es et un message personnalis\u00e9 sur chaque individu. Les utilisateurs auront la possibilit\u00e9 de les contacter imm\u00e9diatement et de mani\u00e8re transparente \u00e0 l&rsquo;aide de liens et d&rsquo;ic\u00f4nes de r\u00e9seaux sociaux. Vous \u00eates libre de cr\u00e9er des cat\u00e9gories et d&rsquo;afficher le format de votre \u00e9quipe, de s\u00e9lectionner une mise en page, des couleurs et d&rsquo;autres caract\u00e9ristiques. Renforcez la confiance dans votre entreprise en affichant son visage humain\u00a0!<\/p><p><b>Profitez du meilleur de Team Showcase pour atteindre vos objectifs commerciaux plus rapidement\u00a0!<\/b><\/p><\/div> <div class=\"faq\" data-component=\"FAQ\"><div class=\"faq-item\">\r\n\t\t\t\t\t<div class=\"faq-item-question\">\r\n\t\t\t\t\t\t<h3 class=\"faq-item-question-text\">Comment puis-je ajouter une Team Showcase \u00e0 mon site WooCommerce ? <\/h3>\r\n\r\n\t\t\t\t\t\t<div class=\"faq-item-question-icon\"><\/div>\r\n\t\t\t\t\t<\/div>\r\n\r\n\t\t\t\t\t<div class=\"faq-item-answer\">\r\n\t\t\t\t\t\t<div class=\"faq-item-answer-text\"><p>La cr\u00e9ation du widget s&rsquo;effectue au sein du site Elfsight et vous n&rsquo;avez pas besoin de coder . Acc\u00e9dez \u00e0 la d\u00e9mo en ligne pour concevoir votre widget, r\u00e9cup\u00e9rez le code et int\u00e9grez-le \u00e0 votre site Web. <\/p><\/div>\r\n\t\t\t\t\t<\/div>\r\n\t\t\t\t<\/div><div class=\"faq-item\">\r\n\t\t\t\t\t<div class=\"faq-item-question\">\r\n\t\t\t\t\t\t<h3 class=\"faq-item-question-text\">Les meilleures fa\u00e7ons d'utiliser l'int\u00e9gration des membres de l'\u00e9quipe<\/h3>\r\n\r\n\t\t\t\t\t\t<div class=\"faq-item-question-icon\"><\/div>\r\n\t\t\t\t\t<\/div>\r\n\r\n\t\t\t\t\t<div class=\"faq-item-answer\">\r\n\t\t\t\t\t\t<div class=\"faq-item-answer-text\"><p>Nous vous offrons de nombreuses possibilit\u00e9s de personnalisation\u00a0: des widgets pleine taille \u00e0 ins\u00e9rer dans la section de contenu , des widgets flottants avec fonction de d\u00e9filement, des vignettes pour le pied de page, l&rsquo;en-t\u00eate et toutes les variantes d&rsquo;options verticales pour les barres lat\u00e9rales et les menus. <\/p><\/div>\r\n\t\t\t\t\t<\/div>\r\n\t\t\t\t<\/div><div class=\"faq-item\">\r\n\t\t\t\t\t<div class=\"faq-item-question\">\r\n\t\t\t\t\t\t<h3 class=\"faq-item-question-text\">Puis-je cr\u00e9er une vitrine d'\u00e9quipe de m\u00e9decins ou d'enseignants avec l'aide de l'\u00e9diteur ? <\/h3>\r\n\r\n\t\t\t\t\t\t<div class=\"faq-item-question-icon\"><\/div>\r\n\t\t\t\t\t<\/div>\r\n\r\n\t\t\t\t\t<div class=\"faq-item-answer\">\r\n\t\t\t\t\t\t<div class=\"faq-item-answer-text\"><p>Vous \u00eates invit\u00e9s \u00e0 cr\u00e9er des modifications dans n&rsquo;importe quel widget. Il existe des tonnes de mises en page applicables dans l&rsquo;\u00e9diteur, et toutes peuvent \u00eatre facilement personnalis\u00e9es selon vos besoins. <\/p><\/div>\r\n\t\t\t\t\t<\/div>\r\n\t\t\t\t<\/div><\/div><div class=\"application-platform-content-item-features application-platform-content-item\" id=\"features\" data-nav-section=\"features\"><h2>Voici seulement quelques-unes des puissantes fonctionnalit\u00e9s du widget\u00a0:<\/h2><ul><li>Ic\u00f4nes cliquables des r\u00e9seaux sociaux et des liens vers le site Web et l&rsquo;adresse e-mail\u00a0;<\/li><li> L&rsquo;adresse de localisation s&rsquo;ouvre sur Google Maps en cliquant dessus\u00a0;<\/li><li>Une fen\u00eatre contextuelle affiche plus de d\u00e9tails sur une personne\u00a0;<\/li><li>Deux options pour organiser groupes\u00a0: sous forme de liste globale ou avec menu\u00a0;<\/li><li>4 options de mise en page\u00a0: Grille, Cartes, Galerie, Liste.<\/li><\/ul><p><a href=\"#demo\"> Vous pouvez d\u00e9cider si le widget est fait pour vous apr\u00e8s avoir utilis\u00e9 la d\u00e9mo<\/a><\/p><\/div><div class=\"application-platform-content-item-installation application-platform-content-item\" id=\"installation\" data-nav-section=\"installation\"><h2>Comment int\u00e9grer Team Showcase dans mon site Web WooCommerce\u00a0?<\/h2> <p>Suivez simplement plusieurs \u00e9tapes ci-dessous pour commencer \u00e0 travailler avec le widget.<\/p><ol><li><b>G\u00e9rez notre \u00e9diteur gratuit, commencez \u00e0 cr\u00e9er votre propre plugin.<\/b><br>Sp\u00e9cifiez le design appropri\u00e9. et les fonctionnalit\u00e9s de l&rsquo;outil et appliquez les modifications.<\/li><li><b>Acqu\u00e9rez le code unique expos\u00e9 dans la bo\u00eete sur les applications Elfsight.<\/b><br>Juste une fois la personnalisation de votre outil termin\u00e9e, copiez le code individuel dans la fen\u00eatre contextuelle qui appara\u00eet et enregistrez-le pour une occasion ult\u00e9rieure.<\/li><li><b>Commencez \u00e0 utiliser le plugin sur le site Web WooCommerce.<\/b><br>Collez le code que vous avez enregistr\u00e9 auparavant dans votre site Web. et appliquez les modifications.<\/li><li><b>La configuration est effectu\u00e9e avec succ\u00e8s.<\/b><br>Acc\u00e9dez \u00e0 votre site pour inspecter le fonctionnement du widget.<\/li><\/ol><p> Si vous rencontrez des questions ou \u00eates confront\u00e9 \u00e0 des complications, veuillez contacter notre \u00e9quipe d&rsquo;assistance. Nos sp\u00e9cialistes ont h\u00e2te de r\u00e9soudre tous les probl\u00e8mes que vous pourriez rencontrer avec le produit.<\/p><\/div>","protected":false},"excerpt":{"rendered":"","protected":false},"author":9,"featured_media":0,"parent":1493,"menu_order":0,"comment_status":"closed","ping_status":"closed","template":"templates\/template-application-platform.php","meta":{"publish_to_discourse":"","publish_post_category":"","wpdc_auto_publish_overridden":"","wpdc_topic_tags":"","wpdc_pin_topic":"","wpdc_pin_until":"","discourse_post_id":"","discourse_permalink":"","wpdc_publishing_response":"","wpdc_publishing_error":"","footnotes":""},"class_list":["post-10506","page","type-page","status-publish","hentry"],"yoast_head":"<!-- This site is optimized with the Yoast SEO plugin v25.3.1 - https:\/\/yoast.com\/wordpress\/plugins\/seo\/ -->\n<title>Plugin WooCommerce Team Showcase pour votre site Web (2025)<\/title>\n<meta name=\"description\" content=\"Vous pouvez personnaliser le plugin r\u00e9actif Team Showcase dans l&#039;\u00e9diteur et l&#039;introduire dans votre site Web WooCommerce directement via la d\u00e9mo.\" \/>\n<meta name=\"robots\" content=\"index, follow, max-snippet:-1, max-image-preview:large, max-video-preview:-1\" \/>\n<link rel=\"canonical\" href=\"https:\/\/elfsight.com\/fr\/team-showcase-widget\/woocommerce\/\" \/>\n<meta property=\"og:locale\" content=\"fr_FR\" \/>\n<meta property=\"og:type\" content=\"article\" \/>\n<meta property=\"og:title\" content=\"Plugin WooCommerce Team Showcase pour votre site Web (2025)\" \/>\n<meta property=\"og:description\" content=\"Vous pouvez personnaliser le plugin r\u00e9actif Team Showcase dans l&#039;\u00e9diteur et l&#039;introduire dans votre site Web WooCommerce directement via la d\u00e9mo.\" \/>\n<meta property=\"og:url\" content=\"https:\/\/elfsight.com\/fr\/team-showcase-widget\/woocommerce\/\" \/>\n<meta property=\"og:site_name\" content=\"Elfsight FR\" \/>\n<meta property=\"article:modified_time\" content=\"2025-07-10T13:46:49+00:00\" \/>\n<meta name=\"twitter:card\" content=\"summary_large_image\" \/>\n<meta name=\"twitter:label1\" content=\"Dur\u00e9e de lecture estim\u00e9e\" \/>\n\t<meta name=\"twitter:data1\" content=\"3 minutes\" \/>\n<!-- \/ Yoast SEO plugin. -->","yoast_head_json":{"title":"Plugin WooCommerce Team Showcase pour votre site Web (2025)","description":"Vous pouvez personnaliser le plugin r\u00e9actif Team Showcase dans l'\u00e9diteur et l'introduire dans votre site Web WooCommerce directement via la d\u00e9mo.","robots":{"index":"index","follow":"follow","max-snippet":"max-snippet:-1","max-image-preview":"max-image-preview:large","max-video-preview":"max-video-preview:-1"},"canonical":"https:\/\/elfsight.com\/fr\/team-showcase-widget\/woocommerce\/","og_locale":"fr_FR","og_type":"article","og_title":"Plugin WooCommerce Team Showcase pour votre site Web (2025)","og_description":"Vous pouvez personnaliser le plugin r\u00e9actif Team Showcase dans l'\u00e9diteur et l'introduire dans votre site Web WooCommerce directement via la d\u00e9mo.","og_url":"https:\/\/elfsight.com\/fr\/team-showcase-widget\/woocommerce\/","og_site_name":"Elfsight FR","article_modified_time":"2025-07-10T13:46:49+00:00","twitter_card":"summary_large_image","twitter_misc":{"Dur\u00e9e de lecture estim\u00e9e":"3 minutes"},"schema":{"@context":"https:\/\/schema.org","@graph":[{"@type":"WebPage","@id":"https:\/\/elfsight.com\/fr\/team-showcase-widget\/woocommerce\/","url":"https:\/\/elfsight.com\/fr\/team-showcase-widget\/woocommerce\/","name":"Plugin WooCommerce Team Showcase pour votre site Web (2025)","isPartOf":{"@id":"https:\/\/elfsight.com\/fr\/#website"},"datePublished":"1970-01-01T00:00:00+00:00","dateModified":"2025-07-10T13:46:49+00:00","description":"Vous pouvez personnaliser le plugin r\u00e9actif Team Showcase dans l'\u00e9diteur et l'introduire dans votre site Web WooCommerce directement via la d\u00e9mo.","breadcrumb":{"@id":"https:\/\/elfsight.com\/fr\/team-showcase-widget\/woocommerce\/#breadcrumb"},"inLanguage":"fr-FR","potentialAction":[{"@type":"ReadAction","target":["https:\/\/elfsight.com\/fr\/team-showcase-widget\/woocommerce\/"]}]},{"@type":"BreadcrumbList","@id":"https:\/\/elfsight.com\/fr\/team-showcase-widget\/woocommerce\/#breadcrumb","itemListElement":[{"@type":"ListItem","position":1,"name":"Home","item":"https:\/\/elfsight.com\/fr\/"},{"@type":"ListItem","position":2,"name":"Team Showcase","item":"https:\/\/elfsight.com\/fr\/team-showcase-widget\/"},{"@type":"ListItem","position":3,"name":"Team Showcase &#8211; WooCommerce"}]},{"@type":"WebSite","@id":"https:\/\/elfsight.com\/fr\/#website","url":"https:\/\/elfsight.com\/fr\/","name":"Elfsight FR","description":"","potentialAction":[{"@type":"SearchAction","target":{"@type":"EntryPoint","urlTemplate":"https:\/\/elfsight.com\/fr\/?s={search_term_string}"},"query-input":{"@type":"PropertyValueSpecification","valueRequired":true,"valueName":"search_term_string"}}],"inLanguage":"fr-FR"}]}},"meta_box":{"industry":"","seo_heading":"","heading":"","description":"","cta_heading":"","cta_description":"","application":"1454","h1":"Plugin WooCommerce Team Showcase","h1_caption":"Pr\u00e9sentez votre \u00e9quipage avec des d\u00e9tails importants via une galerie flexible.","application_category":[],"applications_title":"","applications_request_title":"","applications_request_button_text":"","hero_text":"","hero_video":"","hero_video_schema_markup":"","selling_points_title":"","selling_points_caption":"","selling_points":[],"selling_points_cta_text":"","features_title":"","features":"","ed_cta_examples_text":"","ed_cta_examples_hidden":"","ed_cta_demo_text":"","ed_cta_demo_hidden":"","why_caption":"","why_editor_title":"","why_editor_text":"","why_team_title":"","why_team_text":"","why_service_title":"","why_service_text":"","template_catalog_visible":"","template_catalog_title":"","template_catalog_text":"","template_catalog_categories_visible":"","demo_title":"Cr\u00e9ez votre application Team Showcase","demo_caption":"Configurez votre Team Showcase et ajoutez-la \u00e0 votre site Web WooCommerce gratuitement !","default_faq_hidden":"","app_template_category":[],"platform":"397","template_public_id":"","codecanyon_url":"","codecanyon_item_id":"","codecanyon_price":"","pricing_caption":"","pricing_elfsight_apps_hide_column":"","pricing_elfsight_apps_url":"","pricing_codecanyon_price_caption":"","integration_category":[],"integration_request_title":"","integration_request_cta":"","integration_platform":"","integrations":[],"platform_category":[],"video_schema_markup":"","price":"\u00e0 partir de 0$ \/ mois","trial":"","benefits":[{"text":"Aide \u00e0 l'installation gratuite"},{"text":"Assistance premium"},{"text":"Garantie de remboursement de 14 jours"},{"text":"Am\u00e9liorations gratuites et continues"}],"button_url":"","button_target_blank":"","button_nofollow":"","attributes":[{"name":"Installations","content":"10,000 - 100,000"},{"name":"Sensible","content":"Oui"},{"name":"Navigateurs compatibles","content":"Firefox, Safari, Opera, Chrome, Edge"}],"tags":[],"tags_disable_links":"","hide_more_platforms":"","video_object":"","demo_hide_cta":"","demo_hide_cloud_options":"","pricing_title":"","pricing":[{"pricing_icon":"platform","pricing_title":"Elfsight Apps","pricing_title_caption":"Version multiplateforme qui fonctionne sur n'importe quel site","pricing_price":"from $0 \/ month","pricing_price_caption":"commencez avec un forfait gratuit","pricing_benefits":[{"text":"Domaines illimit\u00e9s"},{"text":"Assistance de l'entreprise 24h\/24 et 7j\/7 et bien document\u00e9e"},{"text":"Assistance \u00e0 l'installation gratuite"},{"text":"100% personnalisable"}],"pricing_button_text":"Ajouter au site Web","pricing_button_url":"#demo"}],"related_apps_title":"","related_apps_hidden":"","author":"","image":[],"title":"","job":"","social_networks":[]},"_links":{"self":[{"href":"https:\/\/elfsight.com\/fr\/wp-json\/wp\/v2\/pages\/10506","targetHints":{"allow":["GET"]}}],"collection":[{"href":"https:\/\/elfsight.com\/fr\/wp-json\/wp\/v2\/pages"}],"about":[{"href":"https:\/\/elfsight.com\/fr\/wp-json\/wp\/v2\/types\/page"}],"author":[{"embeddable":true,"href":"https:\/\/elfsight.com\/fr\/wp-json\/wp\/v2\/users\/9"}],"replies":[{"embeddable":true,"href":"https:\/\/elfsight.com\/fr\/wp-json\/wp\/v2\/comments?post=10506"}],"version-history":[{"count":1,"href":"https:\/\/elfsight.com\/fr\/wp-json\/wp\/v2\/pages\/10506\/revisions"}],"predecessor-version":[{"id":10510,"href":"https:\/\/elfsight.com\/fr\/wp-json\/wp\/v2\/pages\/10506\/revisions\/10510"}],"up":[{"embeddable":true,"href":"https:\/\/elfsight.com\/fr\/wp-json\/wp\/v2\/pages\/1493"}],"wp:attachment":[{"href":"https:\/\/elfsight.com\/fr\/wp-json\/wp\/v2\/media?parent=10506"}],"curies":[{"name":"wp","href":"https:\/\/api.w.org\/{rel}","templated":true}]}}