{"id":10500,"date":"1970-01-01T00:00:00","date_gmt":"1970-01-01T00:00:00","guid":{"rendered":"https:\/\/elfsight.com\/fr\/?page_id=10500"},"modified":"2025-07-10T13:44:52","modified_gmt":"2025-07-10T13:44:52","slug":"google-sites","status":"publish","type":"page","link":"https:\/\/elfsight.com\/fr\/team-showcase-widget\/google-sites\/","title":{"rendered":"Team Showcase &#8211; Google Sites"},"content":{"rendered":"<div class=\"application-platform-content-item-description application-platform-content-item\" id=\"description\" data-nav-section=\"description\"> <h2>Int\u00e9grer Team Showcase sur Google Sites avec le widget Elfsight<\/h2> <p>Team Showcase pour Google Sites sera votre solution la plus simple. moyen \u00e0 utiliser pour afficher les membres de votre \u00e9quipe sur le site Web. Le widget permet de parler de tout type d&rsquo;\u00e9quipe\u00a0: coll\u00e8gues de travail, \u00e9quipe sportive, personnel acad\u00e9mique, employ\u00e9s de l&rsquo;entreprise et autres. Affichez une photo, publiez des informations de contact et un texte personnalis\u00e9 sur chaque individu. Les visiteurs du site Web auront la possibilit\u00e9 de les atteindre en un instant en utilisant des liens actifs et des ic\u00f4nes de r\u00e9seaux sociaux. Vous pouvez cr\u00e9er des groupes et montrer la structure de votre \u00e9quipe, choisir la disposition, les couleurs et bien plus encore. Augmentez la fiabilit\u00e9 de votre entreprise en montrant son visage humain\u00a0!<\/p> <p><b>Avec Team Showcase, vivez une forte croissance de votre entreprise et augmentez vos ventes <\/b><\/p> <\/div> <div class=\"faq\" data-component=\"FAQ\"><div class=\"faq-item\">\r\n\t\t\t\t\t<div class=\"faq-item-question\">\r\n\t\t\t\t\t\t<h3 class=\"faq-item-question-text\">Comment puis-je int\u00e9grer une Team Showcase au site Google Sites <\/h3>\r\n\r\n\t\t\t\t\t\t<div class=\"faq-item-question-icon\"><\/div>\r\n\t\t\t\t\t<\/div>\r\n\r\n\t\t\t\t\t<div class=\"faq-item-answer\">\r\n\t\t\t\t\t\t<div class=\"faq-item-answer-text\"><p>La cr\u00e9ation du widget est effectu\u00e9e sur les pages Elfsight et vous n&rsquo;avez pas besoin d&rsquo;apprendre comment coder. Acc\u00e9dez \u00e0 notre d\u00e9mo en direct pour concevoir votre propre widget, r\u00e9cup\u00e9rez le code et int\u00e9grez-le \u00e0 votre site Web. <\/p><\/div>\r\n\t\t\t\t\t<\/div>\r\n\t\t\t\t<\/div><div class=\"faq-item\">\r\n\t\t\t\t\t<div class=\"faq-item-question\">\r\n\t\t\t\t\t\t<h3 class=\"faq-item-question-text\">Les meilleurs exemples d'utilisation de l'int\u00e9gration des membres de l'\u00e9quipe<\/h3>\r\n\r\n\t\t\t\t\t\t<div class=\"faq-item-question-icon\"><\/div>\r\n\t\t\t\t\t<\/div>\r\n\r\n\t\t\t\t\t<div class=\"faq-item-answer\">\r\n\t\t\t\t\t\t<div class=\"faq-item-answer-text\"><p>Nous avons de nombreuses possibilit\u00e9s d&rsquo;ajustement\u00a0: widgets pleine taille \u00e0 int\u00e9grer dans la section de contenu, flottants des plugins avec des possibilit\u00e9s de d\u00e9filement, des vignettes pour le pied de page, la section d&rsquo;en-t\u00eate et toutes sortes d&rsquo;options verticales pour les barres lat\u00e9rales et les menus du site Web. <\/p><\/div>\r\n\t\t\t\t\t<\/div>\r\n\t\t\t\t<\/div><div class=\"faq-item\">\r\n\t\t\t\t\t<div class=\"faq-item-question\">\r\n\t\t\t\t\t\t<h3 class=\"faq-item-question-text\">Puis-je cr\u00e9er une vitrine d'\u00e9quipe de fitness ou de barbiers avec l'aide de votre \u00e9diteur ? <\/h3>\r\n\r\n\t\t\t\t\t\t<div class=\"faq-item-question-icon\"><\/div>\r\n\t\t\t\t\t<\/div>\r\n\r\n\t\t\t\t\t<div class=\"faq-item-answer\">\r\n\t\t\t\t\t\t<div class=\"faq-item-answer-text\"><p>Vous \u00eates invit\u00e9s \u00e0 cr\u00e9er les modifications de n&rsquo;importe quel widget. Il existe de nombreuses mises en page applicables dans l&rsquo;\u00e9diteur, et elles peuvent toutes \u00eatre facilement personnalis\u00e9es selon vos besoins. <\/p><\/div>\r\n\t\t\t\t\t<\/div>\r\n\t\t\t\t<\/div><\/div><div class=\"application-platform-content-item-features application-platform-content-item\" id=\"features\" data-nav-section=\"features\"> <h2>Les fonctionnalit\u00e9s de widget les plus requises incluent<\/h2> <ul><li>Ic\u00f4nes actives de comptes sociaux et liens vers des sites Web et e -adresse mail; <\/li><li>Localisation de la personne r\u00e9v\u00e9l\u00e9e sur Google Maps en un clic\u00a0; <\/li><li>Une fen\u00eatre contextuelle ouvre tous les d\u00e9tails d&rsquo;un membre de l&rsquo;\u00e9quipe\u00a0; <\/li><li>Deux possibilit\u00e9s d&rsquo;afficher les groupes\u00a0: dans une liste globale ou avec un menu\u00a0; <\/li><li>4 variantes de mise en page au choix\u00a0: Grille, Cartes, Galerie, Liste. <\/li><\/ul><p><a href=\"#demo\">Cochez simplement cette d\u00e9mo pour avoir une id\u00e9e compl\u00e8te<\/a><\/p> <\/div> <div class=\"application-platform-content-item-installation application-platform-content-item\" id=\"installation\" data-nav-section=\"installation\"> <h2>Comment puis-je ajouter Team Showcase \u00e0 mon site Google Sites\u00a0? <\/h2> <p>Suivez simplement les instructions ci-dessous pour ajouter le widget. <\/p> <ol><li><b>Utilisez notre configurateur gratuit et commencez \u00e0 cr\u00e9er votre propre plugin. <\/b><br> D\u00e9terminez la forme et les fonctionnalit\u00e9s s\u00e9lectionn\u00e9es du plugin et enregistrez les modifications. <\/li> <li><b>Obtenez votre code personnel r\u00e9v\u00e9l\u00e9 dans le formulaire sp\u00e9cial sur Elfsight Apps. <\/b><br> Une fois la configuration de votre outil termin\u00e9e, copiez le code personnel de la popup apparue et enregistrez-le pour une occasion ult\u00e9rieure. <\/li> <li><b>Commencez \u00e0 utiliser le widget sur le site Google\u00a0Sites. <\/b><br> Ajoutez le code enregistr\u00e9 pr\u00e9c\u00e9demment dans votre page web et enregistrez les corrections. <\/li> <li><b>L&rsquo;installation est termin\u00e9e avec succ\u00e8s. <\/b><br> Visitez votre site pour v\u00e9rifier comment fonctionne le plugin. <\/li><\/ol> <div class=\"tip-yellow tip\"><b>En raison des particularit\u00e9s du fonctionnement de Google Sites, le widget peut \u00eatre diff\u00e9rent de la d\u00e9mo en ligne. Nous nous excusons pour tout inconv\u00e9nient caus\u00e9.<\/b><\/div><p>Si vous rencontrez des difficult\u00e9s, n&rsquo;h\u00e9sitez pas \u00e0 demander l&rsquo;aide de notre service client. Nos sp\u00e9cialistes souhaitent r\u00e9soudre toutes les difficult\u00e9s que vous pourriez rencontrer avec le widget. <\/p> <\/div>","protected":false},"excerpt":{"rendered":"","protected":false},"author":9,"featured_media":0,"parent":1493,"menu_order":0,"comment_status":"closed","ping_status":"closed","template":"templates\/template-application-platform.php","meta":{"publish_to_discourse":"","publish_post_category":"","wpdc_auto_publish_overridden":"","wpdc_topic_tags":"","wpdc_pin_topic":"","wpdc_pin_until":"","discourse_post_id":"","discourse_permalink":"","wpdc_publishing_response":"","wpdc_publishing_error":"","footnotes":""},"class_list":["post-10500","page","type-page","status-publish","hentry"],"yoast_head":"<!-- This site is optimized with the Yoast SEO plugin v25.3.1 - https:\/\/yoast.com\/wordpress\/plugins\/seo\/ -->\n<title>Team Showcase \u2013 Ajouter le widget Team Showcase \u00e0 Google Sites (2025)<\/title>\n<meta name=\"description\" content=\"Ajoutez une extension Team Showcase r\u00e9active sur votre site Web Google Sites et gagnez une confiance totale. Appliquez la d\u00e9mo pratique d&#039;Elfsight pour cr\u00e9er votre fonctionnalit\u00e9 personnalis\u00e9e.\" \/>\n<meta name=\"robots\" content=\"index, follow, max-snippet:-1, max-image-preview:large, max-video-preview:-1\" \/>\n<link rel=\"canonical\" href=\"https:\/\/elfsight.com\/fr\/team-showcase-widget\/google-sites\/\" \/>\n<meta property=\"og:locale\" content=\"fr_FR\" \/>\n<meta property=\"og:type\" content=\"article\" \/>\n<meta property=\"og:title\" content=\"Team Showcase \u2013 Ajouter le widget Team Showcase \u00e0 Google Sites (2025)\" \/>\n<meta property=\"og:description\" content=\"Ajoutez une extension Team Showcase r\u00e9active sur votre site Web Google Sites et gagnez une confiance totale. Appliquez la d\u00e9mo pratique d&#039;Elfsight pour cr\u00e9er votre fonctionnalit\u00e9 personnalis\u00e9e.\" \/>\n<meta property=\"og:url\" content=\"https:\/\/elfsight.com\/fr\/team-showcase-widget\/google-sites\/\" \/>\n<meta property=\"og:site_name\" content=\"Elfsight FR\" \/>\n<meta property=\"article:modified_time\" content=\"2025-07-10T13:44:52+00:00\" \/>\n<meta name=\"twitter:card\" content=\"summary_large_image\" \/>\n<meta name=\"twitter:label1\" content=\"Dur\u00e9e de lecture estim\u00e9e\" \/>\n\t<meta name=\"twitter:data1\" content=\"3 minutes\" \/>\n<!-- \/ Yoast SEO plugin. -->","yoast_head_json":{"title":"Team Showcase \u2013 Ajouter le widget Team Showcase \u00e0 Google Sites (2025)","description":"Ajoutez une extension Team Showcase r\u00e9active sur votre site Web Google Sites et gagnez une confiance totale. Appliquez la d\u00e9mo pratique d'Elfsight pour cr\u00e9er votre fonctionnalit\u00e9 personnalis\u00e9e.","robots":{"index":"index","follow":"follow","max-snippet":"max-snippet:-1","max-image-preview":"max-image-preview:large","max-video-preview":"max-video-preview:-1"},"canonical":"https:\/\/elfsight.com\/fr\/team-showcase-widget\/google-sites\/","og_locale":"fr_FR","og_type":"article","og_title":"Team Showcase \u2013 Ajouter le widget Team Showcase \u00e0 Google Sites (2025)","og_description":"Ajoutez une extension Team Showcase r\u00e9active sur votre site Web Google Sites et gagnez une confiance totale. Appliquez la d\u00e9mo pratique d'Elfsight pour cr\u00e9er votre fonctionnalit\u00e9 personnalis\u00e9e.","og_url":"https:\/\/elfsight.com\/fr\/team-showcase-widget\/google-sites\/","og_site_name":"Elfsight FR","article_modified_time":"2025-07-10T13:44:52+00:00","twitter_card":"summary_large_image","twitter_misc":{"Dur\u00e9e de lecture estim\u00e9e":"3 minutes"},"schema":{"@context":"https:\/\/schema.org","@graph":[{"@type":"WebPage","@id":"https:\/\/elfsight.com\/fr\/team-showcase-widget\/google-sites\/","url":"https:\/\/elfsight.com\/fr\/team-showcase-widget\/google-sites\/","name":"Team Showcase \u2013 Ajouter le widget Team Showcase \u00e0 Google Sites (2025)","isPartOf":{"@id":"https:\/\/elfsight.com\/fr\/#website"},"datePublished":"1970-01-01T00:00:00+00:00","dateModified":"2025-07-10T13:44:52+00:00","description":"Ajoutez une extension Team Showcase r\u00e9active sur votre site Web Google Sites et gagnez une confiance totale. Appliquez la d\u00e9mo pratique d'Elfsight pour cr\u00e9er votre fonctionnalit\u00e9 personnalis\u00e9e.","breadcrumb":{"@id":"https:\/\/elfsight.com\/fr\/team-showcase-widget\/google-sites\/#breadcrumb"},"inLanguage":"fr-FR","potentialAction":[{"@type":"ReadAction","target":["https:\/\/elfsight.com\/fr\/team-showcase-widget\/google-sites\/"]}]},{"@type":"BreadcrumbList","@id":"https:\/\/elfsight.com\/fr\/team-showcase-widget\/google-sites\/#breadcrumb","itemListElement":[{"@type":"ListItem","position":1,"name":"Home","item":"https:\/\/elfsight.com\/fr\/"},{"@type":"ListItem","position":2,"name":"Team Showcase","item":"https:\/\/elfsight.com\/fr\/team-showcase-widget\/"},{"@type":"ListItem","position":3,"name":"Team Showcase &#8211; Google Sites"}]},{"@type":"WebSite","@id":"https:\/\/elfsight.com\/fr\/#website","url":"https:\/\/elfsight.com\/fr\/","name":"Elfsight FR","description":"","potentialAction":[{"@type":"SearchAction","target":{"@type":"EntryPoint","urlTemplate":"https:\/\/elfsight.com\/fr\/?s={search_term_string}"},"query-input":{"@type":"PropertyValueSpecification","valueRequired":true,"valueName":"search_term_string"}}],"inLanguage":"fr-FR"}]}},"meta_box":{"industry":"","seo_heading":"","heading":"","description":"","cta_heading":"","cta_description":"","application":"1454","h1":"Widget Vitrine de l'\u00e9quipe Google\u00a0Sites","h1_caption":"Pr\u00e9sentez les membres de votre \u00e9quipe de mani\u00e8re professionnelle et visuellement attrayante, en \u00e9tablissant sans effort la confiance et la connexion avec votre public dans vos sites Google.","application_category":[],"applications_title":"","applications_request_title":"","applications_request_button_text":"","hero_text":"","hero_video":"","hero_video_schema_markup":"","selling_points_title":"","selling_points_caption":"","selling_points":[],"selling_points_cta_text":"","features_title":"","features":"","ed_cta_examples_text":"","ed_cta_examples_hidden":"","ed_cta_demo_text":"","ed_cta_demo_hidden":"","why_caption":"","why_editor_title":"","why_editor_text":"","why_team_title":"","why_team_text":"","why_service_title":"","why_service_text":"","template_catalog_visible":"","template_catalog_title":"","template_catalog_text":"","template_catalog_categories_visible":"","demo_title":"Cr\u00e9ez votre widget Vitrine d'\u00e9quipe","demo_caption":"Configurez votre Team Showcase et ajoutez-le gratuitement \u00e0 votre site Web Google Sites\u00a0!","default_faq_hidden":"","app_template_category":[],"platform":"423","template_public_id":"","codecanyon_url":"","codecanyon_item_id":"","codecanyon_price":"","pricing_caption":"","pricing_elfsight_apps_hide_column":"","pricing_elfsight_apps_url":"","pricing_codecanyon_price_caption":"","integration_category":[],"integration_request_title":"","integration_request_cta":"","integration_platform":"","integrations":[],"platform_category":[],"video_schema_markup":"","price":"\u00e0 partir de 0$ \/ mois","trial":"","benefits":[{"text":"Assistance \u00e0 l'installation gratuite"},{"text":"Service client efficace"},{"text":"Garantie de remboursement de 14 jours"},{"text":"Futures mises \u00e0 jour gratuites"}],"button_url":"","button_target_blank":"","button_nofollow":"","attributes":[{"name":"Installations","content":"10,000 - 100,000"},{"name":"Sensible","content":"Optimis\u00e9 pour les mobiles"},{"name":"Navigateurs compatibles","content":"Safari, Firefox, Edge, Opera, Chrome"}],"tags":[],"tags_disable_links":"","hide_more_platforms":"","video_object":"","demo_hide_cta":"","demo_hide_cloud_options":"","pricing_title":"","pricing":[{"pricing_icon":"platform","pricing_title":"Elfsight Apps","pricing_title_caption":"Logiciel multiplateforme qui fonctionne sur n'importe quel site Web","pricing_price":"from $0 \/ month","pricing_price_caption":"commencez avec un forfait gratuit","pricing_benefits":[{"text":"Domaines illimit\u00e9s"},{"text":"Assistance premium et ponctuelle"},{"text":"Aide \u00e0 l'installation gratuite"},{"text":"Prix \u200b\u200bsp\u00e9cial pour plusieurs applications"}],"pricing_button_text":"Ajouter au site Web","pricing_button_url":"#demo"}],"related_apps_title":"","related_apps_hidden":"","author":"","image":[],"title":"","job":"","social_networks":[]},"_links":{"self":[{"href":"https:\/\/elfsight.com\/fr\/wp-json\/wp\/v2\/pages\/10500","targetHints":{"allow":["GET"]}}],"collection":[{"href":"https:\/\/elfsight.com\/fr\/wp-json\/wp\/v2\/pages"}],"about":[{"href":"https:\/\/elfsight.com\/fr\/wp-json\/wp\/v2\/types\/page"}],"author":[{"embeddable":true,"href":"https:\/\/elfsight.com\/fr\/wp-json\/wp\/v2\/users\/9"}],"replies":[{"embeddable":true,"href":"https:\/\/elfsight.com\/fr\/wp-json\/wp\/v2\/comments?post=10500"}],"version-history":[{"count":1,"href":"https:\/\/elfsight.com\/fr\/wp-json\/wp\/v2\/pages\/10500\/revisions"}],"predecessor-version":[{"id":10504,"href":"https:\/\/elfsight.com\/fr\/wp-json\/wp\/v2\/pages\/10500\/revisions\/10504"}],"up":[{"embeddable":true,"href":"https:\/\/elfsight.com\/fr\/wp-json\/wp\/v2\/pages\/1493"}],"wp:attachment":[{"href":"https:\/\/elfsight.com\/fr\/wp-json\/wp\/v2\/media?parent=10500"}],"curies":[{"name":"wp","href":"https:\/\/api.w.org\/{rel}","templated":true}]}}