{"id":10499,"date":"1970-01-01T00:00:00","date_gmt":"1970-01-01T00:00:00","guid":{"rendered":"https:\/\/elfsight.com\/fr\/?page_id=10499"},"modified":"2025-07-10T13:44:27","modified_gmt":"2025-07-10T13:44:27","slug":"godaddy","status":"publish","type":"page","link":"https:\/\/elfsight.com\/fr\/team-showcase-widget\/godaddy\/","title":{"rendered":"Team Showcase &#8211; GoDaddy"},"content":{"rendered":"<div class=\"application-platform-content-item-description application-platform-content-item\" id=\"description\" data-nav-section=\"description\"> <h2>Int\u00e9grer Team Showcase sur GoDaddy avec le widget Elfsight<\/h2> <p>Notre plugin Team Showcase sera le moyen de pr\u00e9senter votre \u00e9quipe sur votre site Web GoDaddy. Notre plugin permet de pr\u00e9senter les visages et les r\u00f4les de tout type d&rsquo;\u00e9quipe : partenaires commerciaux, club sportif, personnel professeur, personnel du cabinet et autres. Affichez une photo, ajoutez des informations de contact et un texte d\u00e9taill\u00e9 sur chaque membre de l&rsquo;\u00e9quipe. Les visiteurs du site Web auront la possibilit\u00e9 de s&rsquo;adresser \u00e0 eux de mani\u00e8re transparente au moyen de liens actifs et d&rsquo;ic\u00f4nes sociales. Vous pouvez cr\u00e9er des cat\u00e9gories et afficher le format de votre \u00e9quipe, s\u00e9lectionner des mises en page, des couleurs et plus encore. Augmentez la confiance dans votre entreprise, en affichant son image humaine ! <\/p> <p><b><\/b><\/p> <\/div> <div class=\"application-platform-content-item-features application-platform-content-item\" id=\"features\" data-nav-section=\"features\"> <h2>Vous trouverez ci-dessous les principales fonctionnalit\u00e9s du plugin\u00a0: <\/h2> <ul><li>Ic\u00f4nes cliquables des r\u00e9seaux sociaux et liens vers le site Web et l&rsquo;adresse e-mail\u00a0; <\/li><li> L&rsquo;adresse de localisation s&rsquo;ouvre sur Google Maps lorsque vous cliquez dessus\u00a0; <\/li><li>Une fen\u00eatre contextuelle ouvre plus de d\u00e9tails sur une personne\u00a0; <\/li><li>2 possibilit\u00e9s d&rsquo;afficher les cat\u00e9gories : dans une liste g\u00e9n\u00e9rale ou avec menu ; <\/li><li>Quatre options de mise en page\u00a0: Grille, Cartes, Galerie, Liste. <\/li><\/ul><p><a href=\"#demo\">Essayez simplement cette d\u00e9mo pour voir ce que vaut le plugin<\/a><\/p> <\/div> <div class=\"application-platform-content-item-installation  application-platform-content-item\" id=\"installation \" data-nav-section=\"installation \"> <h2>Comment puis-je ajouter Team Showcase sur mon site Web GoDaddy\u00a0? <\/h2> <p>Suivez simplement les \u00e9tapes pr\u00e9sent\u00e9es ci-dessous pour int\u00e9grer le plugin. <\/p> <ol><li><b>Ex\u00e9cutez notre \u00e9diteur gratuit et commencez \u00e0 fa\u00e7onner votre plugin personnalis\u00e9. <\/b><br> Choisissez la mise en page personnalis\u00e9e et les caract\u00e9ristiques fonctionnelles du plugin et appliquez les modifications. <\/li> <li><b>Acqu\u00e9rir le code personnel apparaissant dans le formulaire sp\u00e9cial sur Elfsight Apps. <\/b><br> Juste apr\u00e8s la configuration de votre outil personnel, copiez le code personnel dans la fen\u00eatre contextuelle qui appara\u00eet et enregistrez-le pour une utilisation ult\u00e9rieure. <\/li> <li><b>Commencez \u00e0 utiliser le plugin sur votre page d&rsquo;accueil GoDaddy. <\/b><br> Saisissez le code que vous avez enregistr\u00e9 auparavant sur votre site Web et appliquez les corrections. <\/li> <li><b>Fait\u00a0! L&rsquo;int\u00e9gration est effectu\u00e9e avec succ\u00e8s. <\/b><br> Acc\u00e9dez \u00e0 votre site pour voir en action le travail de l&rsquo;outil. <\/li><\/ol> <p>Si vous rencontrez des questions ou rencontrez des complications, n&rsquo;h\u00e9sitez pas \u00e0 vous adresser \u00e0 notre service client. Nos collaborateurs sont d\u00e9sireux de r\u00e9soudre toutes les difficult\u00e9s que vous pourriez rencontrer avec le plugin. <\/p> <div class=\"faq\" data-component=\"FAQ\"><div class=\"faq-item\">\r\n\t\t\t\t\t<div class=\"faq-item-question\">\r\n\t\t\t\t\t\t<h3 class=\"faq-item-question-text\">Existe-t-il une m\u00e9thode pour int\u00e9grer Team Showcase \u00e0 ma page Web GoDaddy sans codage ?<\/h3>\r\n\r\n\t\t\t\t\t\t<div class=\"faq-item-question-icon\"><\/div>\r\n\t\t\t\t\t<\/div>\r\n\r\n\t\t\t\t\t<div class=\"faq-item-answer\">\r\n\t\t\t\t\t\t<div class=\"faq-item-answer-text\"> <p>Elfsight propose une solution qui permet aux utilisateurs de cr\u00e9er eux-m\u00eames un plugin Team Showcase, v\u00e9rifiez les instructions simples\u00a0: travaillez directement dans l&rsquo;\u00e9diteur en direct pour cr\u00e9er un widget Team Showcase que vous souhaitez voir appara\u00eetre sur votre site Web GoDaddy. Choisissez l&rsquo;un de nos mod\u00e8les pr\u00e9d\u00e9finis et ajustez les param\u00e8tres de Team Showcase, mettez \u00e0 jour votre contenu, changez la disposition et la couleur des \u00e9l\u00e9ments sans aucune connaissance en codage. Cliquez pour enregistrer la Team Showcase et obtenir le code d&rsquo;un widget \u00e0 installer, que vous pouvez ajouter sans effort et gratuitement \u00e0 n&rsquo;importe quelle page Web GoDaddy. \u00c0 l&rsquo;aide du configurateur intuitif, tout internaute peut cr\u00e9er la section Team Showcase en ligne et la coller sans effort sur la page d&rsquo;accueil de GoDaddy. Il n&rsquo;est pas n\u00e9cessaire d&rsquo;obtenir un forfait payant ou de saisir les donn\u00e9es de votre carte pour acc\u00e9der au service. Si vous rencontrez des probl\u00e8mes de quelque nature que ce soit, n&rsquo;h\u00e9sitez pas \u00e0 parler \u00e0 notre service client.<\/p> <\/div>\r\n\t\t\t\t\t<\/div>\r\n\t\t\t\t<\/div> <\/div><\/div>","protected":false},"excerpt":{"rendered":"","protected":false},"author":9,"featured_media":0,"parent":1493,"menu_order":0,"comment_status":"closed","ping_status":"closed","template":"templates\/template-application-platform.php","meta":{"publish_to_discourse":"","publish_post_category":"","wpdc_auto_publish_overridden":"","wpdc_topic_tags":"","wpdc_pin_topic":"","wpdc_pin_until":"","discourse_post_id":"","discourse_permalink":"","wpdc_publishing_response":"","wpdc_publishing_error":"","footnotes":""},"class_list":["post-10499","page","type-page","status-publish","hentry"],"yoast_head":"<!-- This site is optimized with the Yoast SEO plugin v25.3.1 - https:\/\/yoast.com\/wordpress\/plugins\/seo\/ -->\n<title>Team Showcase - Ajoutez le plugin Team Showcase au site Web GoDaddy\u00a0!<\/title>\n<meta name=\"description\" content=\"D\u00e9montrez les membres de votre \u00e9quipe de la mani\u00e8re la plus repr\u00e9sentative avec le nouveau plugin Elfsight Team Showcase pour GoDaddy !\" \/>\n<meta name=\"robots\" content=\"index, follow, max-snippet:-1, max-image-preview:large, max-video-preview:-1\" \/>\n<link rel=\"canonical\" href=\"https:\/\/elfsight.com\/fr\/team-showcase-widget\/godaddy\/\" \/>\n<meta property=\"og:locale\" content=\"fr_FR\" \/>\n<meta property=\"og:type\" content=\"article\" \/>\n<meta property=\"og:title\" content=\"Team Showcase - Ajoutez le plugin Team Showcase au site Web GoDaddy\u00a0!\" \/>\n<meta property=\"og:description\" content=\"D\u00e9montrez les membres de votre \u00e9quipe de la mani\u00e8re la plus repr\u00e9sentative avec le nouveau plugin Elfsight Team Showcase pour GoDaddy !\" \/>\n<meta property=\"og:url\" content=\"https:\/\/elfsight.com\/fr\/team-showcase-widget\/godaddy\/\" \/>\n<meta property=\"og:site_name\" content=\"Elfsight FR\" \/>\n<meta property=\"article:modified_time\" content=\"2025-07-10T13:44:27+00:00\" \/>\n<meta name=\"twitter:card\" content=\"summary_large_image\" \/>\n<meta name=\"twitter:label1\" content=\"Dur\u00e9e de lecture estim\u00e9e\" \/>\n\t<meta name=\"twitter:data1\" content=\"3 minutes\" \/>\n<!-- \/ Yoast SEO plugin. -->","yoast_head_json":{"title":"Team Showcase - Ajoutez le plugin Team Showcase au site Web GoDaddy\u00a0!","description":"D\u00e9montrez les membres de votre \u00e9quipe de la mani\u00e8re la plus repr\u00e9sentative avec le nouveau plugin Elfsight Team Showcase pour GoDaddy !","robots":{"index":"index","follow":"follow","max-snippet":"max-snippet:-1","max-image-preview":"max-image-preview:large","max-video-preview":"max-video-preview:-1"},"canonical":"https:\/\/elfsight.com\/fr\/team-showcase-widget\/godaddy\/","og_locale":"fr_FR","og_type":"article","og_title":"Team Showcase - Ajoutez le plugin Team Showcase au site Web GoDaddy\u00a0!","og_description":"D\u00e9montrez les membres de votre \u00e9quipe de la mani\u00e8re la plus repr\u00e9sentative avec le nouveau plugin Elfsight Team Showcase pour GoDaddy !","og_url":"https:\/\/elfsight.com\/fr\/team-showcase-widget\/godaddy\/","og_site_name":"Elfsight FR","article_modified_time":"2025-07-10T13:44:27+00:00","twitter_card":"summary_large_image","twitter_misc":{"Dur\u00e9e de lecture estim\u00e9e":"3 minutes"},"schema":{"@context":"https:\/\/schema.org","@graph":[{"@type":"WebPage","@id":"https:\/\/elfsight.com\/fr\/team-showcase-widget\/godaddy\/","url":"https:\/\/elfsight.com\/fr\/team-showcase-widget\/godaddy\/","name":"Team Showcase - Ajoutez le plugin Team Showcase au site Web GoDaddy\u00a0!","isPartOf":{"@id":"https:\/\/elfsight.com\/fr\/#website"},"datePublished":"1970-01-01T00:00:00+00:00","dateModified":"2025-07-10T13:44:27+00:00","description":"D\u00e9montrez les membres de votre \u00e9quipe de la mani\u00e8re la plus repr\u00e9sentative avec le nouveau plugin Elfsight Team Showcase pour GoDaddy !","breadcrumb":{"@id":"https:\/\/elfsight.com\/fr\/team-showcase-widget\/godaddy\/#breadcrumb"},"inLanguage":"fr-FR","potentialAction":[{"@type":"ReadAction","target":["https:\/\/elfsight.com\/fr\/team-showcase-widget\/godaddy\/"]}]},{"@type":"BreadcrumbList","@id":"https:\/\/elfsight.com\/fr\/team-showcase-widget\/godaddy\/#breadcrumb","itemListElement":[{"@type":"ListItem","position":1,"name":"Home","item":"https:\/\/elfsight.com\/fr\/"},{"@type":"ListItem","position":2,"name":"Team Showcase","item":"https:\/\/elfsight.com\/fr\/team-showcase-widget\/"},{"@type":"ListItem","position":3,"name":"Team Showcase &#8211; GoDaddy"}]},{"@type":"WebSite","@id":"https:\/\/elfsight.com\/fr\/#website","url":"https:\/\/elfsight.com\/fr\/","name":"Elfsight FR","description":"","potentialAction":[{"@type":"SearchAction","target":{"@type":"EntryPoint","urlTemplate":"https:\/\/elfsight.com\/fr\/?s={search_term_string}"},"query-input":{"@type":"PropertyValueSpecification","valueRequired":true,"valueName":"search_term_string"}}],"inLanguage":"fr-FR"}]}},"meta_box":{"industry":"","seo_heading":"","heading":"","description":"","cta_heading":"","cta_description":"","application":"1454","h1":"Plugin GoDaddy Team Showcase","h1_caption":"Pr\u00e9sentez les membres de votre \u00e9quipe de mani\u00e8re professionnelle et visuellement attrayante, en \u00e9tablissant sans effort la confiance et la connexion avec votre public sur votre site Web GoDaddy.","application_category":[],"applications_title":"","applications_request_title":"","applications_request_button_text":"","hero_text":"","hero_video":"","hero_video_schema_markup":"","selling_points_title":"","selling_points_caption":"","selling_points":[],"selling_points_cta_text":"","features_title":"","features":"","ed_cta_examples_text":"","ed_cta_examples_hidden":"","ed_cta_demo_text":"","ed_cta_demo_hidden":"","why_caption":"","why_editor_title":"","why_editor_text":"","why_team_title":"","why_team_text":"","why_service_title":"","why_service_text":"","template_catalog_visible":"","template_catalog_title":"","template_catalog_text":"","template_catalog_categories_visible":"","demo_title":"Cr\u00e9ez votre plugin Team Showcase","demo_caption":"Configurez votre Team Showcase et ajoutez-la gratuitement \u00e0 votre site Web GoDaddy\u00a0!","default_faq_hidden":"","app_template_category":[],"platform":"370","template_public_id":"","codecanyon_url":"","codecanyon_item_id":"","codecanyon_price":"","pricing_caption":"","pricing_elfsight_apps_hide_column":"","pricing_elfsight_apps_url":"","pricing_codecanyon_price_caption":"","integration_category":[],"integration_request_title":"","integration_request_cta":"","integration_platform":"","integrations":[],"platform_category":[],"video_schema_markup":"","price":"\u00e0 partir de 0$ \/ mois","trial":"","benefits":[{"text":"Aide \u00e0 l'installation gratuite"},{"text":"Service client efficace"},{"text":"Garantie de remboursement de 14 jours"},{"text":"Mise \u00e0 jour constante"}],"button_url":"","button_target_blank":"","button_nofollow":"","attributes":[{"name":"Installations","content":"10,000 - 100,000"},{"name":"Sensible","content":"Oui"},{"name":"Navigateurs compatibles","content":"IE11, Firefox, Safari, Opera, Chrome, Edge"}],"tags":[],"tags_disable_links":"","hide_more_platforms":"","video_object":"","demo_hide_cta":"","demo_hide_cloud_options":"","pricing_title":"","pricing":[{"pricing_icon":"platform","pricing_title":"Elfsight Apps","pricing_title_caption":"Version multiplateforme","pricing_price":"from $0 \/ month","pricing_price_caption":"commencez avec un forfait gratuit","pricing_benefits":[{"text":"Domaines illimit\u00e9s"},{"text":"Assistance de l'entreprise 24h\/24 et 7j\/7 et bien document\u00e9e"},{"text":"Assistance \u00e0 l'installation gratuite"},{"text":"Enti\u00e8rement personnalisable"}],"pricing_button_text":"Ajouter au site Web","pricing_button_url":"#demo"}],"related_apps_title":"","related_apps_hidden":"","author":"","image":[],"title":"","job":"","social_networks":[]},"_links":{"self":[{"href":"https:\/\/elfsight.com\/fr\/wp-json\/wp\/v2\/pages\/10499","targetHints":{"allow":["GET"]}}],"collection":[{"href":"https:\/\/elfsight.com\/fr\/wp-json\/wp\/v2\/pages"}],"about":[{"href":"https:\/\/elfsight.com\/fr\/wp-json\/wp\/v2\/types\/page"}],"author":[{"embeddable":true,"href":"https:\/\/elfsight.com\/fr\/wp-json\/wp\/v2\/users\/9"}],"replies":[{"embeddable":true,"href":"https:\/\/elfsight.com\/fr\/wp-json\/wp\/v2\/comments?post=10499"}],"version-history":[{"count":1,"href":"https:\/\/elfsight.com\/fr\/wp-json\/wp\/v2\/pages\/10499\/revisions"}],"predecessor-version":[{"id":10503,"href":"https:\/\/elfsight.com\/fr\/wp-json\/wp\/v2\/pages\/10499\/revisions\/10503"}],"up":[{"embeddable":true,"href":"https:\/\/elfsight.com\/fr\/wp-json\/wp\/v2\/pages\/1493"}],"wp:attachment":[{"href":"https:\/\/elfsight.com\/fr\/wp-json\/wp\/v2\/media?parent=10499"}],"curies":[{"name":"wp","href":"https:\/\/api.w.org\/{rel}","templated":true}]}}