{"id":10498,"date":"1970-01-01T00:00:00","date_gmt":"1970-01-01T00:00:00","guid":{"rendered":"https:\/\/elfsight.com\/fr\/?page_id=10498"},"modified":"2025-07-10T13:46:00","modified_gmt":"2025-07-10T13:46:00","slug":"prestashop","status":"publish","type":"page","link":"https:\/\/elfsight.com\/fr\/team-showcase-widget\/prestashop\/","title":{"rendered":"Team Showcase &#8211; PrestaShop"},"content":{"rendered":"<div class=\"application-platform-content-item-description application-platform-content-item\" id=\"description\" data-nav-section=\"description\"> <h2>Description<\/h2> <p>Team Showcase deviendra l&rsquo;outil le plus pratique pour afficher les membres de votre \u00e9quipe sur votre site Web. Notre widget permettra de publier les photos et les r\u00f4les de tout type d&rsquo;\u00e9quipe : partenaires commerciaux, membres de clubs sportifs, personnel enseignant, structure de l&rsquo;entreprise et plus encore. Montrez une photo, ajoutez des coordonn\u00e9es et un message impressionnant sur chaque membre de l\u2019\u00e9quipe. Les visiteurs auront la possibilit\u00e9 de contacter imm\u00e9diatement chacun d\u2019entre eux de mani\u00e8re transparente \u00e0 l\u2019aide de liens actifs et d\u2019ic\u00f4nes sociales. Vous pouvez cr\u00e9er des cat\u00e9gories et afficher le format de votre entreprise, s\u00e9lectionner des mises en page, des couleurs et d&rsquo;autres caract\u00e9ristiques. Augmentez la confiance dans votre entreprise, en affichant son image humaine ! <\/p><p><b>Ajoutez Team Showcase pour atteindre vos objectifs commerciaux\u00a0! <\/b><\/p> <\/div> <div class=\"application-platform-content-item-features application-platform-content-item\" id=\"features\" data-nav-section=\"features\"> <h2>Les fonctionnalit\u00e9s des widgets les plus pr\u00e9cieuses contiennent<\/h2> <ul><li>Utilisez les boutons CTA pour guider votre audience vers la conversion. <\/li><li>Modifier la dur\u00e9e de commutation des diapositives. <\/li><li>Choisissez entre de nombreuses variantes. <\/li><li>Placez votre texte o\u00f9 vous le souhaitez sur la page gr\u00e2ce \u00e0 la position avanc\u00e9e. <\/li><li>Adapter 5 options de contenu. <\/li><\/ul><p><a href=\"#demo\">Vous pouvez v\u00e9rifier si le widget est fait pour vous en essayant la d\u00e9mo<\/a><\/p> <\/div> <div class=\"application-platform-content-item- installation application-platform-content-item\" id=\" installation\" data-nav-section=\" installation\"> <h2>Comment ajouter Team Showcase \u00e0 mon site PrestaShop ? <\/h2> <p>Suivez simplement les instructions ci-dessous pour int\u00e9grer l&rsquo;outil. <\/p> <ol><li><b>Lancez notre configurateur gratuit et commencez \u00e0 cr\u00e9er votre widget sur mesure. <\/b><br> Choisissez l&rsquo;apparence et les caract\u00e9ristiques fonctionnelles appropri\u00e9es de l&rsquo;outil et appliquez les corrections. <\/li> <li><b>Obtenez votre code individuel qui appara\u00eet dans la bo\u00eete sur les applications Elfsight. <\/b><br> Une fois la configuration de votre module compl\u00e9mentaire termin\u00e9e, copiez le code individuel de la bo\u00eete qui appara\u00eet et enregistrez-le pour une utilisation ult\u00e9rieure. <\/li> <li><b>Commencez \u00e0 appliquer l&rsquo;outil sur la page Web PrestaShop. <\/b><br> Ajoutez le code copi\u00e9 r\u00e9cemment dans votre page et appliquez les ajustements. <\/li> <li><b>L&rsquo;installation est effectu\u00e9e avec succ\u00e8s. <\/b><br> Acc\u00e9dez \u00e0 votre site Web pour inspecter le travail de l&rsquo;addon. <\/li><\/ol> <p>Si vous rencontrez des questions ou \u00eates confront\u00e9 \u00e0 des complications, n&rsquo;h\u00e9sitez pas \u00e0 contacter notre \u00e9quipe d&rsquo;assistance. Nos consultants seront ravis de r\u00e9soudre toutes les questions que vous pourriez vous poser avec l&rsquo;addon. <\/p> <div class=\"faq\" data-component=\"FAQ\"><div class=\"faq-item\">\r\n\t\t\t\t\t<div class=\"faq-item-question\">\r\n\t\t\t\t\t\t<h3 class=\"faq-item-question-text\">Existe-t-il un moyen d'int\u00e9grer Team Showcase \u00e0 ma page d'accueil PrestaShop sans coder ?<\/h3>\r\n\r\n\t\t\t\t\t\t<div class=\"faq-item-question-icon\"><\/div>\r\n\t\t\t\t\t<\/div>\r\n\r\n\t\t\t\t\t<div class=\"faq-item-answer\">\r\n\t\t\t\t\t\t<div class=\"faq-item-answer-text\"> <p>Elfsight pr\u00e9sente une solution qui permet aux utilisateurs de cr\u00e9er vous-m\u00eame un plugin Team Showcase, v\u00e9rifiez le lien simple guide\u00a0: Acc\u00e9dez \u00e0 la d\u00e9mo en ligne pour cr\u00e9er un plugin Team Showcase que vous aimeriez voir sur votre site PrestaShop. S\u00e9lectionnez l&rsquo;un de nos mod\u00e8les pr\u00e9d\u00e9finis et modifiez les param\u00e8tres de Team Showcase, incluez votre contenu, modifiez la mise en page et les couleurs sans aucun codage. Enregistrez la Team Showcase et obtenez le code d&rsquo;installation du widget, qui peut \u00eatre facilement coll\u00e9 sur votre site PrestaShop dans le cadre d&rsquo;un forfait gratuit. En travaillant dans l&rsquo;\u00e9diteur facile \u00e0 utiliser, tout utilisateur Web peut cr\u00e9er Team Showcase en ligne et l&rsquo;int\u00e9grer sans effort \u00e0 n&rsquo;importe quel site Web PrestaShop. Vous ne devez pas payer ni soumettre les donn\u00e9es de votre carte pour acc\u00e9der \u00e0 Elfsight Editor. Si vous rencontrez des probl\u00e8mes \u00e0 un moment donn\u00e9, n&rsquo;h\u00e9sitez pas \u00e0 contacter notre service client.<\/p> <\/div>\r\n\t\t\t\t\t<\/div>\r\n\t\t\t\t<\/div> <\/div><\/div>","protected":false},"excerpt":{"rendered":"","protected":false},"author":9,"featured_media":0,"parent":1493,"menu_order":0,"comment_status":"closed","ping_status":"closed","template":"templates\/template-application-platform.php","meta":{"publish_to_discourse":"","publish_post_category":"","wpdc_auto_publish_overridden":"","wpdc_topic_tags":"","wpdc_pin_topic":"","wpdc_pin_until":"","discourse_post_id":"","discourse_permalink":"","wpdc_publishing_response":"","wpdc_publishing_error":"","footnotes":""},"class_list":["post-10498","page","type-page","status-publish","hentry"],"yoast_head":"<!-- This site is optimized with the Yoast SEO plugin v25.3.1 - https:\/\/yoast.com\/wordpress\/plugins\/seo\/ -->\n<title>Ajoutez le module compl\u00e9mentaire Team Showcase au site PrestaShop (rapide et gratuit)<\/title>\n<meta name=\"description\" content=\"Il est parfaitement simple de concevoir votre module compl\u00e9mentaire Team Showcase et de le placer sur le site Web PrestaShop. Le service client Elfsight est gratuit.\" \/>\n<meta name=\"robots\" content=\"index, follow, max-snippet:-1, max-image-preview:large, max-video-preview:-1\" \/>\n<link rel=\"canonical\" href=\"https:\/\/elfsight.com\/fr\/team-showcase-widget\/prestashop\/\" \/>\n<meta property=\"og:locale\" content=\"fr_FR\" \/>\n<meta property=\"og:type\" content=\"article\" \/>\n<meta property=\"og:title\" content=\"Ajoutez le module compl\u00e9mentaire Team Showcase au site PrestaShop (rapide et gratuit)\" \/>\n<meta property=\"og:description\" content=\"Il est parfaitement simple de concevoir votre module compl\u00e9mentaire Team Showcase et de le placer sur le site Web PrestaShop. Le service client Elfsight est gratuit.\" \/>\n<meta property=\"og:url\" content=\"https:\/\/elfsight.com\/fr\/team-showcase-widget\/prestashop\/\" \/>\n<meta property=\"og:site_name\" content=\"Elfsight FR\" \/>\n<meta property=\"article:modified_time\" content=\"2025-07-10T13:46:00+00:00\" \/>\n<meta name=\"twitter:card\" content=\"summary_large_image\" \/>\n<meta name=\"twitter:label1\" content=\"Dur\u00e9e de lecture estim\u00e9e\" \/>\n\t<meta name=\"twitter:data1\" content=\"3 minutes\" \/>\n<!-- \/ Yoast SEO plugin. -->","yoast_head_json":{"title":"Ajoutez le module compl\u00e9mentaire Team Showcase au site PrestaShop (rapide et gratuit)","description":"Il est parfaitement simple de concevoir votre module compl\u00e9mentaire Team Showcase et de le placer sur le site Web PrestaShop. Le service client Elfsight est gratuit.","robots":{"index":"index","follow":"follow","max-snippet":"max-snippet:-1","max-image-preview":"max-image-preview:large","max-video-preview":"max-video-preview:-1"},"canonical":"https:\/\/elfsight.com\/fr\/team-showcase-widget\/prestashop\/","og_locale":"fr_FR","og_type":"article","og_title":"Ajoutez le module compl\u00e9mentaire Team Showcase au site PrestaShop (rapide et gratuit)","og_description":"Il est parfaitement simple de concevoir votre module compl\u00e9mentaire Team Showcase et de le placer sur le site Web PrestaShop. Le service client Elfsight est gratuit.","og_url":"https:\/\/elfsight.com\/fr\/team-showcase-widget\/prestashop\/","og_site_name":"Elfsight FR","article_modified_time":"2025-07-10T13:46:00+00:00","twitter_card":"summary_large_image","twitter_misc":{"Dur\u00e9e de lecture estim\u00e9e":"3 minutes"},"schema":{"@context":"https:\/\/schema.org","@graph":[{"@type":"WebPage","@id":"https:\/\/elfsight.com\/fr\/team-showcase-widget\/prestashop\/","url":"https:\/\/elfsight.com\/fr\/team-showcase-widget\/prestashop\/","name":"Ajoutez le module compl\u00e9mentaire Team Showcase au site PrestaShop (rapide et gratuit)","isPartOf":{"@id":"https:\/\/elfsight.com\/fr\/#website"},"datePublished":"1970-01-01T00:00:00+00:00","dateModified":"2025-07-10T13:46:00+00:00","description":"Il est parfaitement simple de concevoir votre module compl\u00e9mentaire Team Showcase et de le placer sur le site Web PrestaShop. Le service client Elfsight est gratuit.","breadcrumb":{"@id":"https:\/\/elfsight.com\/fr\/team-showcase-widget\/prestashop\/#breadcrumb"},"inLanguage":"fr-FR","potentialAction":[{"@type":"ReadAction","target":["https:\/\/elfsight.com\/fr\/team-showcase-widget\/prestashop\/"]}]},{"@type":"BreadcrumbList","@id":"https:\/\/elfsight.com\/fr\/team-showcase-widget\/prestashop\/#breadcrumb","itemListElement":[{"@type":"ListItem","position":1,"name":"Home","item":"https:\/\/elfsight.com\/fr\/"},{"@type":"ListItem","position":2,"name":"Team Showcase","item":"https:\/\/elfsight.com\/fr\/team-showcase-widget\/"},{"@type":"ListItem","position":3,"name":"Team Showcase &#8211; PrestaShop"}]},{"@type":"WebSite","@id":"https:\/\/elfsight.com\/fr\/#website","url":"https:\/\/elfsight.com\/fr\/","name":"Elfsight FR","description":"","potentialAction":[{"@type":"SearchAction","target":{"@type":"EntryPoint","urlTemplate":"https:\/\/elfsight.com\/fr\/?s={search_term_string}"},"query-input":{"@type":"PropertyValueSpecification","valueRequired":true,"valueName":"search_term_string"}}],"inLanguage":"fr-FR"}]}},"meta_box":{"industry":"","seo_heading":"","heading":"","description":"","cta_heading":"","cta_description":"","application":"1454","h1":"Module compl\u00e9mentaire de pr\u00e9sentation de l'\u00e9quipe PrestaShop","h1_caption":"Pr\u00e9sentez les membres de votre \u00e9quipe de mani\u00e8re professionnelle et visuellement attrayante, en \u00e9tablissant sans effort la confiance et la connexion avec votre public sur votre site Web Prestashop.","application_category":[],"applications_title":"","applications_request_title":"","applications_request_button_text":"","hero_text":"","hero_video":"","hero_video_schema_markup":"","selling_points_title":"","selling_points_caption":"","selling_points":[],"selling_points_cta_text":"","features_title":"","features":"","ed_cta_examples_text":"","ed_cta_examples_hidden":"","ed_cta_demo_text":"","ed_cta_demo_hidden":"","why_caption":"","why_editor_title":"","why_editor_text":"","why_team_title":"","why_team_text":"","why_service_title":"","why_service_text":"","template_catalog_visible":"","template_catalog_title":"","template_catalog_text":"","template_catalog_categories_visible":"","demo_title":"Cr\u00e9ez votre module compl\u00e9mentaire Team Showcase","demo_caption":"Configurez votre Team Showcase et ajoutez-la \u00e0 votre site PrestaShop gratuitement !","default_faq_hidden":"","app_template_category":[],"platform":"3190","template_public_id":"","codecanyon_url":"","codecanyon_item_id":"","codecanyon_price":"","pricing_caption":"","pricing_elfsight_apps_hide_column":"","pricing_elfsight_apps_url":"","pricing_codecanyon_price_caption":"","integration_category":[],"integration_request_title":"","integration_request_cta":"","integration_platform":"","integrations":[],"platform_category":[],"video_schema_markup":"","price":"\u00e0 partir de 0$ \/ mois","trial":"","benefits":[{"text":"Service d'installation gratuit"},{"text":"Support client exp\u00e9riment\u00e9"},{"text":"Garantie de remboursement de 14 jours"},{"text":"Am\u00e9liorations gratuites et continues"}],"button_url":"","button_target_blank":"","button_nofollow":"","attributes":[{"name":"Installations","content":"10,000 - 100,000"},{"name":"Sensible","content":"Oui"},{"name":"Navigateurs compatibles","content":" Firefox, Safari, Opera, Chrome, Edge"}],"tags":[],"tags_disable_links":"","hide_more_platforms":"","video_object":"","demo_hide_cta":"","demo_hide_cloud_options":"","pricing_title":"","pricing":[{"pricing_icon":"platform","pricing_title":"Elfsight Apps","pricing_title_caption":"Solution multiplateforme","pricing_price":"from $0 \/ month","pricing_price_caption":"commencez avec un forfait gratuit","pricing_benefits":[{"text":"Domaines illimit\u00e9s"},{"text":"Support client rapide"},{"text":"Service d'installation gratuit"},{"text":"Enti\u00e8rement personnalisable"}],"pricing_button_text":"Ajouter au site Web","pricing_button_url":"#demo"}],"related_apps_title":"","related_apps_hidden":"","author":"","image":[],"title":"","job":"","social_networks":[]},"_links":{"self":[{"href":"https:\/\/elfsight.com\/fr\/wp-json\/wp\/v2\/pages\/10498","targetHints":{"allow":["GET"]}}],"collection":[{"href":"https:\/\/elfsight.com\/fr\/wp-json\/wp\/v2\/pages"}],"about":[{"href":"https:\/\/elfsight.com\/fr\/wp-json\/wp\/v2\/types\/page"}],"author":[{"embeddable":true,"href":"https:\/\/elfsight.com\/fr\/wp-json\/wp\/v2\/users\/9"}],"replies":[{"embeddable":true,"href":"https:\/\/elfsight.com\/fr\/wp-json\/wp\/v2\/comments?post=10498"}],"version-history":[{"count":1,"href":"https:\/\/elfsight.com\/fr\/wp-json\/wp\/v2\/pages\/10498\/revisions"}],"predecessor-version":[{"id":10502,"href":"https:\/\/elfsight.com\/fr\/wp-json\/wp\/v2\/pages\/10498\/revisions\/10502"}],"up":[{"embeddable":true,"href":"https:\/\/elfsight.com\/fr\/wp-json\/wp\/v2\/pages\/1493"}],"wp:attachment":[{"href":"https:\/\/elfsight.com\/fr\/wp-json\/wp\/v2\/media?parent=10498"}],"curies":[{"name":"wp","href":"https:\/\/api.w.org\/{rel}","templated":true}]}}