{"id":10493,"date":"1970-01-01T00:00:00","date_gmt":"1970-01-01T00:00:00","guid":{"rendered":"https:\/\/elfsight.com\/fr\/?page_id=10493"},"modified":"2025-07-10T13:45:09","modified_gmt":"2025-07-10T13:45:09","slug":"jimdo","status":"publish","type":"page","link":"https:\/\/elfsight.com\/fr\/team-showcase-widget\/jimdo\/","title":{"rendered":"Team Showcase &#8211; Jimdo"},"content":{"rendered":"<div class=\"application-platform-content-item-description application-platform-content-item\" id=\"description\" data-nav-section=\"description\"><h2>Description<\/h2> <p>Ce widget deviendra votre moyen le plus simple \u00e0 utiliser pour afficher votre \u00e9quipe sur votre site Web. Notre widget aidera \u00e0 pr\u00e9senter les photos et les r\u00f4les de tout type d&rsquo;\u00e9quipe : partenaires commerciaux, membres d&rsquo;\u00e9quipes sportives, personnel enseignant, employ\u00e9s d&rsquo;entreprise et tout autre. Montrez une photo, ajoutez des coordonn\u00e9es et un texte impressionnant sur chaque personne. Les utilisateurs auront la possibilit\u00e9 d&rsquo;entrer en contact avec eux dans un instant via des liens actifs ou des ic\u00f4nes de r\u00e9seaux sociaux. Vous \u00eates libre d&rsquo;\u00e9tablir des cat\u00e9gories et d&rsquo;afficher le cadre de votre \u00e9quipe, de choisir une mise en page, des couleurs et plus encore. Augmentez la cr\u00e9dibilit\u00e9 de votre entreprise en montrant son visage humain ! <\/p> <p><b>Rendez votre site plus efficace pour les cibles e-commerce avec Team Showcase.<\/b><\/p> <\/div> <div class=\"application-platform-content-item-features application-platform-content-item\" id=\"features\" data-nav-section=\"features\"> <h2>Le widget cl\u00e9 les fonctionnalit\u00e9s incluent<\/h2> <ul><li>Afficher \u00e0 chaque membre de l&rsquo;\u00e9quipe des informations de contact, un texte d\u00e9taill\u00e9, une position et une photo<\/li><li>Option pour ajouter un nombre illimit\u00e9 de membres de l&rsquo;\u00e9quipe<\/li><li>Ic\u00f4nes cliquables des m\u00e9dias sociaux pour acc\u00e9der au profil d&rsquo;une personne<\/li><li>Adresse e-mail cliquable et lien vers un site Web<\/li><li>L&rsquo;adresse de localisation s&rsquo;ouvre sur Google Maps en un clic<\/li><li>Une pop-up s&rsquo;ouvre en un clic avec l&rsquo;int\u00e9gralit\u00e9 d\u00e9tails sur une personne<\/li><li>Option pour ajouter une citation pour chaque personne via un champ de texte avec des options de formatage<\/li><li>T\u00e9l\u00e9charger une photo dans tous les formats populaires<\/li><\/ul><p><a href=\"#demo\">Cochez simplement cette d\u00e9mo pour comprendre les fonctionnalit\u00e9s du widget<\/a><\/p> <\/div> <div class=\"application-platform-content-item-installation application-platform-content-item\" id=\"installation\" data-nav-section=\"installation\"> <h2>Comment puis-je int\u00e9grer Team Showcase sur mon site Jimdo ? <\/h2> <p>Suivez simplement les \u00e9tapes suivantes indiqu\u00e9es ci-dessous pour activer le widget. <\/p> <ol><li><b>Ouvrez notre \u00e9diteur gratuit et commencez \u00e0 fa\u00e7onner votre widget personnalis\u00e9. <\/b><br> Sp\u00e9cifiez la conception personnalis\u00e9e et les param\u00e8tres du widget et enregistrez les modifications. <\/li> <li><b>Copiez votre code unique qui appara\u00eet dans la case sur les applications Elfsight. <\/b><br> Juste apr\u00e8s la g\u00e9n\u00e9ration de votre widget personnel, copiez le code exclusif dans la fen\u00eatre et enregistrez-le pour d&rsquo;autres besoins. <\/li> <li><b>Commencez \u00e0 utiliser l&rsquo;outil sur votre site Web Jimdo. <\/b><br> Ins\u00e9rez le code que vous avez copi\u00e9 r\u00e9cemment dans votre page Web et enregistrez les am\u00e9liorations. <\/li> <li><b>La configuration est enti\u00e8rement effectu\u00e9e. <\/b><br> Visitez votre site pour examiner le fonctionnement du widget. <\/li><\/ol> <p>\u00c0 condition d&rsquo;avoir des questions ou de rencontrer des obstacles, n&rsquo;h\u00e9sitez pas \u00e0 vous adresser \u00e0 notre service client. Nos consultants sont impatients de vous aider avec toutes les questions que vous pourriez avoir avec le widget. <\/p> <div class=\"faq\" data-component=\"FAQ\"><div class=\"faq-item\">\r\n\t\t\t\t\t<div class=\"faq-item-question\">\r\n\t\t\t\t\t\t<h3 class=\"faq-item-question-text\">De quelle mani\u00e8re puis-je ajouter Team Showcase \u00e0 ma page Web Jimdo sans comp\u00e9tences en codage ?<\/h3>\r\n\r\n\t\t\t\t\t\t<div class=\"faq-item-question-icon\"><\/div>\r\n\t\t\t\t\t<\/div>\r\n\r\n\t\t\t\t\t<div class=\"faq-item-answer\">\r\n\t\t\t\t\t\t<div class=\"faq-item-answer-text\"> <p>La soci\u00e9t\u00e9 Elfsight propose une solution SaaS qui permet aux utilisateurs de cr\u00e9er eux-m\u00eames une application Team Showcase, v\u00e9rifiez \u00e0 quel point le processus est simple\u00a0: travaillez dans l&rsquo;\u00e9diteur en ligne pour cr\u00e9er une section Team Showcase que vous souhaitez int\u00e9grer sur la page d&rsquo;accueil de Jimdo. Cliquez sur l&rsquo;un de nos mod\u00e8les pr\u00e9d\u00e9finis et modifiez les param\u00e8tres de Team Showcase, incluez votre contenu, transformez la mise en page et les couleurs sans aucune exp\u00e9rience de codage. Cliquez pour enregistrer la Team Showcase et obtenir son code d&rsquo;installation, que vous pouvez facilement ajouter \u00e0 n&rsquo;importe quelle page Web Jimdo sans avoir besoin d&rsquo;acheter un forfait payant. \u00c0 l&rsquo;aide du configurateur convivial, tout utilisateur Web peut cr\u00e9er une application Team Showcase en ligne et l&rsquo;ajouter facilement au site Web Jimdo. Il n&rsquo;est pas n\u00e9cessaire de payer ou de soumettre les informations d&rsquo;identification de votre carte pour acc\u00e9der \u00e0 notre \u00e9diteur. Si vous rencontrez des probl\u00e8mes \u00e0 quelque \u00e9tape que ce soit, n&rsquo;h\u00e9sitez pas \u00e0 contacter notre service client.<\/p> <\/div>\r\n\t\t\t\t\t<\/div>\r\n\t\t\t\t<\/div> <\/div><\/div>","protected":false},"excerpt":{"rendered":"","protected":false},"author":9,"featured_media":0,"parent":1493,"menu_order":0,"comment_status":"closed","ping_status":"closed","template":"templates\/template-application-platform.php","meta":{"publish_to_discourse":"","publish_post_category":"","wpdc_auto_publish_overridden":"","wpdc_topic_tags":"","wpdc_pin_topic":"","wpdc_pin_until":"","discourse_post_id":"","discourse_permalink":"","wpdc_publishing_response":"","wpdc_publishing_error":"","footnotes":""},"class_list":["post-10493","page","type-page","status-publish","hentry"],"yoast_head":"<!-- This site is optimized with the Yoast SEO plugin v25.3.1 - https:\/\/yoast.com\/wordpress\/plugins\/seo\/ -->\n<title>Ajoutez le widget Team Showcase au site Jimdo (rapide et gratuit)<\/title>\n<meta name=\"description\" content=\"Il est parfaitement simple de concevoir votre widget Team Showcase et de le placer sur le site Jimdo. Le service client Elfsight est gratuit.\" \/>\n<meta name=\"robots\" content=\"index, follow, max-snippet:-1, max-image-preview:large, max-video-preview:-1\" \/>\n<link rel=\"canonical\" href=\"https:\/\/elfsight.com\/fr\/team-showcase-widget\/jimdo\/\" \/>\n<meta property=\"og:locale\" content=\"fr_FR\" \/>\n<meta property=\"og:type\" content=\"article\" \/>\n<meta property=\"og:title\" content=\"Ajoutez le widget Team Showcase au site Jimdo (rapide et gratuit)\" \/>\n<meta property=\"og:description\" content=\"Il est parfaitement simple de concevoir votre widget Team Showcase et de le placer sur le site Jimdo. Le service client Elfsight est gratuit.\" \/>\n<meta property=\"og:url\" content=\"https:\/\/elfsight.com\/fr\/team-showcase-widget\/jimdo\/\" \/>\n<meta property=\"og:site_name\" content=\"Elfsight FR\" \/>\n<meta property=\"article:modified_time\" content=\"2025-07-10T13:45:09+00:00\" \/>\n<meta name=\"twitter:card\" content=\"summary_large_image\" \/>\n<meta name=\"twitter:label1\" content=\"Dur\u00e9e de lecture estim\u00e9e\" \/>\n\t<meta name=\"twitter:data1\" content=\"3 minutes\" \/>\n<!-- \/ Yoast SEO plugin. -->","yoast_head_json":{"title":"Ajoutez le widget Team Showcase au site Jimdo (rapide et gratuit)","description":"Il est parfaitement simple de concevoir votre widget Team Showcase et de le placer sur le site Jimdo. Le service client Elfsight est gratuit.","robots":{"index":"index","follow":"follow","max-snippet":"max-snippet:-1","max-image-preview":"max-image-preview:large","max-video-preview":"max-video-preview:-1"},"canonical":"https:\/\/elfsight.com\/fr\/team-showcase-widget\/jimdo\/","og_locale":"fr_FR","og_type":"article","og_title":"Ajoutez le widget Team Showcase au site Jimdo (rapide et gratuit)","og_description":"Il est parfaitement simple de concevoir votre widget Team Showcase et de le placer sur le site Jimdo. Le service client Elfsight est gratuit.","og_url":"https:\/\/elfsight.com\/fr\/team-showcase-widget\/jimdo\/","og_site_name":"Elfsight FR","article_modified_time":"2025-07-10T13:45:09+00:00","twitter_card":"summary_large_image","twitter_misc":{"Dur\u00e9e de lecture estim\u00e9e":"3 minutes"},"schema":{"@context":"https:\/\/schema.org","@graph":[{"@type":"WebPage","@id":"https:\/\/elfsight.com\/fr\/team-showcase-widget\/jimdo\/","url":"https:\/\/elfsight.com\/fr\/team-showcase-widget\/jimdo\/","name":"Ajoutez le widget Team Showcase au site Jimdo (rapide et gratuit)","isPartOf":{"@id":"https:\/\/elfsight.com\/fr\/#website"},"datePublished":"1970-01-01T00:00:00+00:00","dateModified":"2025-07-10T13:45:09+00:00","description":"Il est parfaitement simple de concevoir votre widget Team Showcase et de le placer sur le site Jimdo. Le service client Elfsight est gratuit.","breadcrumb":{"@id":"https:\/\/elfsight.com\/fr\/team-showcase-widget\/jimdo\/#breadcrumb"},"inLanguage":"fr-FR","potentialAction":[{"@type":"ReadAction","target":["https:\/\/elfsight.com\/fr\/team-showcase-widget\/jimdo\/"]}]},{"@type":"BreadcrumbList","@id":"https:\/\/elfsight.com\/fr\/team-showcase-widget\/jimdo\/#breadcrumb","itemListElement":[{"@type":"ListItem","position":1,"name":"Home","item":"https:\/\/elfsight.com\/fr\/"},{"@type":"ListItem","position":2,"name":"Team Showcase","item":"https:\/\/elfsight.com\/fr\/team-showcase-widget\/"},{"@type":"ListItem","position":3,"name":"Team Showcase &#8211; Jimdo"}]},{"@type":"WebSite","@id":"https:\/\/elfsight.com\/fr\/#website","url":"https:\/\/elfsight.com\/fr\/","name":"Elfsight FR","description":"","potentialAction":[{"@type":"SearchAction","target":{"@type":"EntryPoint","urlTemplate":"https:\/\/elfsight.com\/fr\/?s={search_term_string}"},"query-input":{"@type":"PropertyValueSpecification","valueRequired":true,"valueName":"search_term_string"}}],"inLanguage":"fr-FR"}]}},"meta_box":{"industry":"","seo_heading":"","heading":"","description":"","cta_heading":"","cta_description":"","application":"1454","h1":"Widget Vitrine de l'\u00e9quipe Jimdo","h1_caption":"Pr\u00e9sentez les membres de votre \u00e9quipe de mani\u00e8re professionnelle et visuellement attrayante, en \u00e9tablissant sans effort la confiance et la connexion avec votre public sur votre site Web Jimdo.","application_category":[],"applications_title":"","applications_request_title":"","applications_request_button_text":"","hero_text":"","hero_video":"","hero_video_schema_markup":"","selling_points_title":"","selling_points_caption":"","selling_points":[],"selling_points_cta_text":"","features_title":"","features":"","ed_cta_examples_text":"","ed_cta_examples_hidden":"","ed_cta_demo_text":"","ed_cta_demo_hidden":"","why_caption":"","why_editor_title":"","why_editor_text":"","why_team_title":"","why_team_text":"","why_service_title":"","why_service_text":"","template_catalog_visible":"","template_catalog_title":"","template_catalog_text":"","template_catalog_categories_visible":"","demo_title":"Cr\u00e9ez votre widget Vitrine d'\u00e9quipe","demo_caption":"Configurez votre Team Showcase et ajoutez-le gratuitement \u00e0 votre site Jimdo !","default_faq_hidden":"","app_template_category":[],"platform":"372","template_public_id":"","codecanyon_url":"","codecanyon_item_id":"","codecanyon_price":"","pricing_caption":"","pricing_elfsight_apps_hide_column":"","pricing_elfsight_apps_url":"","pricing_codecanyon_price_caption":"","integration_category":[],"integration_request_title":"","integration_request_cta":"","integration_platform":"","integrations":[],"platform_category":[],"video_schema_markup":"","price":"\u00e0 partir de 0$ \/ mois","trial":"","benefits":[{"text":"Aide \u00e0 l'installation gratuite"},{"text":"Un soutien exceptionnel"},{"text":"Garantie de remboursement de 14 jours"},{"text":"Futures am\u00e9liorations gratuites"}],"button_url":"","button_target_blank":"","button_nofollow":"","attributes":[{"name":"Installations","content":"10,000 - 100,000"},{"name":"Sensible","content":"Oui"},{"name":"Navigateurs compatibles","content":" Firefox, Safari, Opera, Chrome, Edge"}],"tags":[],"tags_disable_links":"","hide_more_platforms":"","video_object":"","demo_hide_cta":"","demo_hide_cloud_options":"","pricing_title":"","pricing":[{"pricing_icon":"platform","pricing_title":"Elfsight Apps","pricing_title_caption":"Solution ind\u00e9pendante de la plateforme","pricing_price":"from $0 \/ month","pricing_price_caption":"commencez avec un forfait gratuit","pricing_benefits":[{"text":"Sites Web illimit\u00e9s"},{"text":"Assistance gratuite"},{"text":"Service d'installation gratuit"},{"text":"Totalement personnalisable"}],"pricing_button_text":"Ajouter au site Web","pricing_button_url":"#demo"}],"related_apps_title":"","related_apps_hidden":"","author":"","image":[],"title":"","job":"","social_networks":[]},"_links":{"self":[{"href":"https:\/\/elfsight.com\/fr\/wp-json\/wp\/v2\/pages\/10493","targetHints":{"allow":["GET"]}}],"collection":[{"href":"https:\/\/elfsight.com\/fr\/wp-json\/wp\/v2\/pages"}],"about":[{"href":"https:\/\/elfsight.com\/fr\/wp-json\/wp\/v2\/types\/page"}],"author":[{"embeddable":true,"href":"https:\/\/elfsight.com\/fr\/wp-json\/wp\/v2\/users\/9"}],"replies":[{"embeddable":true,"href":"https:\/\/elfsight.com\/fr\/wp-json\/wp\/v2\/comments?post=10493"}],"version-history":[{"count":1,"href":"https:\/\/elfsight.com\/fr\/wp-json\/wp\/v2\/pages\/10493\/revisions"}],"predecessor-version":[{"id":10497,"href":"https:\/\/elfsight.com\/fr\/wp-json\/wp\/v2\/pages\/10493\/revisions\/10497"}],"up":[{"embeddable":true,"href":"https:\/\/elfsight.com\/fr\/wp-json\/wp\/v2\/pages\/1493"}],"wp:attachment":[{"href":"https:\/\/elfsight.com\/fr\/wp-json\/wp\/v2\/media?parent=10493"}],"curies":[{"name":"wp","href":"https:\/\/api.w.org\/{rel}","templated":true}]}}