{"id":10483,"date":"1970-01-01T00:00:00","date_gmt":"1970-01-01T00:00:00","guid":{"rendered":"https:\/\/elfsight.com\/fr\/?page_id=10483"},"modified":"2025-07-10T13:41:26","modified_gmt":"2025-07-10T13:41:26","slug":"elementor","status":"publish","type":"page","link":"https:\/\/elfsight.com\/fr\/subscription-form-widget\/elementor\/","title":{"rendered":"Subscription Form &#8211; Elementor"},"content":{"rendered":"<div class=\"application-platform-content-item-description application-platform-content-item\" id=\"description\" data-nav-section=\"description\"> <h2>Int\u00e9grer le formulaire d&rsquo;abonnement sur Elementor avec le widget Elfsight<\/h2> <p>Le formulaire d&rsquo;abonnement Elfsight pour Elementor est un puissant widget vous permettant de collecter e-mails. Notre widget vous donne la possibilit\u00e9 non seulement de multiplier votre liste de diffusion, mais de le faire facilement &#8211; vous pouvez ajouter la section d&rsquo;en-t\u00eate avec la l\u00e9gende au formulaire, demander le pr\u00e9nom, le nom, l&rsquo;e-mail ou rester simple et placer uniquement un champ de courrier \u00e9lectronique et ajoutez une \u00e9tiquette informative et un espace r\u00e9serv\u00e9. Il existe \u00e9galement la possibilit\u00e9 de lier votre widget de formulaire d&rsquo;abonnement au service Mailchimp. Et en utilisant l\u2019une des 4 mises en page pr\u00eates \u00e0 l\u2019emploi, vous pourrez cr\u00e9er le widget qui fonctionne exactement comme vous en avez besoin. <\/p> <p><b>Pr\u00e9sentez vos formulaires d&rsquo;abonnement aux bonnes personnes sur les pages appropri\u00e9es de votre site et emp\u00eachez-les de rebondir\u00a0! <\/b><\/p> <\/div> <div class=\"application-platform-content-item-features application-platform-content-item\" id=\"features\" data-nav-section=\"features\"> <h2>\u00c9tudiez la liste des fonctionnalit\u00e9s les plus importantes\u00a0: <\/h2> <ul><li>Ajoutez un en-t\u00eate avec une l\u00e9gende attrayante. <\/li><li>Int\u00e9grez votre formulaire d&rsquo;abonnement au service Mailchimp<\/li><li>Obtenez votre liste de diffusion au format CSV. <\/li><li>Champs de formulaire g\u00e9rables. <\/li><li>Quatre mod\u00e8les de mise en page parmi lesquels choisir\u00a0: Side-in, Embedded, Popup, Pane. <\/li><\/ul><p><a href=\"#demo\">Vous pouvez tester toutes les fonctionnalit\u00e9s du widget dans la d\u00e9mo d\u00e8s maintenant<\/a><\/p> <\/div> <div class=\"application-platform-content-item-installation application-platform-content-item\" id=\"installation\" data-nav-section=\"installation\"> <h2>Comment puis-je int\u00e9grer le formulaire d&rsquo;abonnement dans mon site Web Elementor\u00a0? <\/h2> <p>Appliquez simplement les instructions ci-dessous pour ins\u00e9rer l&rsquo;outil. <\/p> <ol><li><b>Lancez notre \u00e9diteur gratuit et commencez \u00e0 cr\u00e9er votre widget sur mesure. <\/b><br> D\u00e9terminez la forme et les aspects pr\u00e9f\u00e9rables du widget et appliquez les corrections. <\/li> <li><b>Copiez votre code individuel qui appara\u00eet dans la bo\u00eete sur les applications Elfsight. <\/b><br> Une fois la personnalisation de votre outil termin\u00e9e, copiez le code exclusif dans la fen\u00eatre qui appara\u00eet et conservez-le pour une utilisation ult\u00e9rieure. <\/li> <li><b>Commencez \u00e0 utiliser le widget sur le site Elementor. <\/b><br> Collez le code enregistr\u00e9 pr\u00e9c\u00e9demment dans votre page et enregistrez les modifications. <\/li> <li><b>Fait\u00a0! L&rsquo;int\u00e9gration est enti\u00e8rement termin\u00e9e. <\/b><br> Acc\u00e9dez \u00e0 votre site Web pour voir comment fonctionne l&rsquo;outil. <\/li><\/ol> <p>En cas de probl\u00e8mes, n&rsquo;h\u00e9sitez pas \u00e0 contacter notre service client. Nos sp\u00e9cialistes seront ravis de r\u00e9soudre toutes les difficult\u00e9s que vous pourriez rencontrer avec le widget. <\/p><div class=\"faq\" data-component=\"FAQ\"> <div class=\"faq-item\">\r\n\t\t\t\t\t<div class=\"faq-item-question\">\r\n\t\t\t\t\t\t<h3 class=\"faq-item-question-text\">Comment ajouter Form Builder \u00e0 mon site Web Elementor sans comp\u00e9tences en codage ?<\/h3>\r\n\r\n\t\t\t\t\t\t<div class=\"faq-item-question-icon\"><\/div>\r\n\t\t\t\t\t<\/div>\r\n\r\n\t\t\t\t\t<div class=\"faq-item-answer\">\r\n\t\t\t\t\t\t<div class=\"faq-item-answer-text\"> <p>Elfsight fournit une solution SaaS qui vous permet de cr\u00e9er vous-m\u00eame un widget Form Builder, voyez \u00e0 quel point le processus est simple est\u00a0: travaillez directement dans l\u2019\u00e9diteur en ligne pour cr\u00e9er un widget Form Builder que vous aimeriez voir sur votre site Web Elementor. Choisissez l&rsquo;un des mod\u00e8les pr\u00e9d\u00e9finis et ajustez les param\u00e8tres de Form Builder, ajoutez votre contenu, modifiez la mise en page et les couleurs sans comp\u00e9tences en codage. Enregistrez le Form Builder et copiez son code d&rsquo;installation, que vous pouvez simplement inclure dans votre site Web Elementor sans avoir besoin d&rsquo;acheter une version payante. Avec notre \u00e9diteur intuitif, tout internaute peut cr\u00e9er un widget Form Builder en ligne et l&rsquo;int\u00e9grer facilement \u00e0 son site Web Elementor. Il n&rsquo;est pas n\u00e9cessaire de payer ou de saisir les informations d&rsquo;identification de votre carte pour acc\u00e9der au service. Si vous rencontrez des probl\u00e8mes \u00e0 n&rsquo;importe quelle \u00e9tape, n&rsquo;h\u00e9sitez pas \u00e0 contacter notre \u00e9quipe d&rsquo;assistance technique.<\/p> <\/div>\r\n\t\t\t\t\t<\/div>\r\n\t\t\t\t<\/div> <div class=\"faq-item\">\r\n\t\t\t\t\t<div class=\"faq-item-question\">\r\n\t\t\t\t\t\t<h3 class=\"faq-item-question-text\">Y a-t-il des mod\u00e8les de formulaire d'abonnement \u00e0 utiliser sur le site Web Elementor ?<\/h3>\r\n\r\n\t\t\t\t\t\t<div class=\"faq-item-question-icon\"><\/div>\r\n\t\t\t\t\t<\/div>\r\n\r\n\t\t\t\t\t<div class=\"faq-item-answer\">\r\n\t\t\t\t\t\t<div class=\"faq-item-answer-text\"><p> Oui bien s\u00fbr! Elfsight a rassembl\u00e9 une vaste s\u00e9lection de plus de 300 mod\u00e8les pr\u00e9d\u00e9finis. Consultez les <a href=\"https:\/\/elfsight.com\/online-form-builder\/templates\/subscription-forms\/\">Mod\u00e8les de formulaire d&rsquo;abonnement<\/a> pour trouver la meilleure option pour votre site Web.<\/p> <\/div>\r\n\t\t\t\t\t<\/div>\r\n\t\t\t\t<\/div><\/div> <\/div>","protected":false},"excerpt":{"rendered":"","protected":false},"author":9,"featured_media":0,"parent":3425,"menu_order":0,"comment_status":"closed","ping_status":"closed","template":"templates\/template-application-platform.php","meta":{"publish_to_discourse":"","publish_post_category":"","wpdc_auto_publish_overridden":"","wpdc_topic_tags":"","wpdc_pin_topic":"","wpdc_pin_until":"","discourse_post_id":"","discourse_permalink":"","wpdc_publishing_response":"","wpdc_publishing_error":"","footnotes":""},"class_list":["post-10483","page","type-page","status-publish","hentry"],"yoast_head":"<!-- This site is optimized with the Yoast SEO plugin v25.3.1 - https:\/\/yoast.com\/wordpress\/plugins\/seo\/ -->\n<title>Ajoutez le plugin Subscription Form au site Web Elementor en 1-2-3\u00a0!<\/title>\n<meta name=\"description\" content=\"Impl\u00e9mentez une application r\u00e9active Elementor Subscription Form sur votre site Web. Modifiez tous les champs, choisissez l&#039;un des 4 mod\u00e8les de mise en page et bien plus encore !\" \/>\n<meta name=\"robots\" content=\"index, follow, max-snippet:-1, max-image-preview:large, max-video-preview:-1\" \/>\n<link rel=\"canonical\" href=\"https:\/\/elfsight.com\/fr\/subscription-form-widget\/elementor\/\" \/>\n<meta property=\"og:locale\" content=\"fr_FR\" \/>\n<meta property=\"og:type\" content=\"article\" \/>\n<meta property=\"og:title\" content=\"Ajoutez le plugin Subscription Form au site Web Elementor en 1-2-3\u00a0!\" \/>\n<meta property=\"og:description\" content=\"Impl\u00e9mentez une application r\u00e9active Elementor Subscription Form sur votre site Web. Modifiez tous les champs, choisissez l&#039;un des 4 mod\u00e8les de mise en page et bien plus encore !\" \/>\n<meta property=\"og:url\" content=\"https:\/\/elfsight.com\/fr\/subscription-form-widget\/elementor\/\" \/>\n<meta property=\"og:site_name\" content=\"Elfsight FR\" \/>\n<meta property=\"article:modified_time\" content=\"2025-07-10T13:41:26+00:00\" \/>\n<meta name=\"twitter:card\" content=\"summary_large_image\" \/>\n<meta name=\"twitter:label1\" content=\"Dur\u00e9e de lecture estim\u00e9e\" \/>\n\t<meta name=\"twitter:data1\" content=\"3 minutes\" \/>\n<!-- \/ Yoast SEO plugin. -->","yoast_head_json":{"title":"Ajoutez le plugin Subscription Form au site Web Elementor en 1-2-3\u00a0!","description":"Impl\u00e9mentez une application r\u00e9active Elementor Subscription Form sur votre site Web. Modifiez tous les champs, choisissez l'un des 4 mod\u00e8les de mise en page et bien plus encore !","robots":{"index":"index","follow":"follow","max-snippet":"max-snippet:-1","max-image-preview":"max-image-preview:large","max-video-preview":"max-video-preview:-1"},"canonical":"https:\/\/elfsight.com\/fr\/subscription-form-widget\/elementor\/","og_locale":"fr_FR","og_type":"article","og_title":"Ajoutez le plugin Subscription Form au site Web Elementor en 1-2-3\u00a0!","og_description":"Impl\u00e9mentez une application r\u00e9active Elementor Subscription Form sur votre site Web. Modifiez tous les champs, choisissez l'un des 4 mod\u00e8les de mise en page et bien plus encore !","og_url":"https:\/\/elfsight.com\/fr\/subscription-form-widget\/elementor\/","og_site_name":"Elfsight FR","article_modified_time":"2025-07-10T13:41:26+00:00","twitter_card":"summary_large_image","twitter_misc":{"Dur\u00e9e de lecture estim\u00e9e":"3 minutes"},"schema":{"@context":"https:\/\/schema.org","@graph":[{"@type":"WebPage","@id":"https:\/\/elfsight.com\/fr\/subscription-form-widget\/elementor\/","url":"https:\/\/elfsight.com\/fr\/subscription-form-widget\/elementor\/","name":"Ajoutez le plugin Subscription Form au site Web Elementor en 1-2-3\u00a0!","isPartOf":{"@id":"https:\/\/elfsight.com\/fr\/#website"},"datePublished":"1970-01-01T00:00:00+00:00","dateModified":"2025-07-10T13:41:26+00:00","description":"Impl\u00e9mentez une application r\u00e9active Elementor Subscription Form sur votre site Web. Modifiez tous les champs, choisissez l'un des 4 mod\u00e8les de mise en page et bien plus encore !","breadcrumb":{"@id":"https:\/\/elfsight.com\/fr\/subscription-form-widget\/elementor\/#breadcrumb"},"inLanguage":"fr-FR","potentialAction":[{"@type":"ReadAction","target":["https:\/\/elfsight.com\/fr\/subscription-form-widget\/elementor\/"]}]},{"@type":"BreadcrumbList","@id":"https:\/\/elfsight.com\/fr\/subscription-form-widget\/elementor\/#breadcrumb","itemListElement":[{"@type":"ListItem","position":1,"name":"Home","item":"https:\/\/elfsight.com\/fr\/"},{"@type":"ListItem","position":2,"name":"Subscription Form","item":"https:\/\/elfsight.com\/fr\/subscription-form-widget\/"},{"@type":"ListItem","position":3,"name":"Subscription Form &#8211; Elementor"}]},{"@type":"WebSite","@id":"https:\/\/elfsight.com\/fr\/#website","url":"https:\/\/elfsight.com\/fr\/","name":"Elfsight FR","description":"","potentialAction":[{"@type":"SearchAction","target":{"@type":"EntryPoint","urlTemplate":"https:\/\/elfsight.com\/fr\/?s={search_term_string}"},"query-input":{"@type":"PropertyValueSpecification","valueRequired":true,"valueName":"search_term_string"}}],"inLanguage":"fr-FR"}]}},"meta_box":{"industry":"","seo_heading":"","heading":"","description":"","cta_heading":"","cta_description":"","application":"3424","h1":"Widget de formulaire d'abonnement Elementor","h1_caption":"Int\u00e9grez un formulaire d'abonnement pour collecter des e-mails et d\u00e9velopper votre liste de diffusion sans effort dans votre site Web Elementor.","application_category":[],"applications_title":"","applications_request_title":"","applications_request_button_text":"","hero_text":"","hero_video":"","hero_video_schema_markup":"","selling_points_title":"","selling_points_caption":"","selling_points":[],"selling_points_cta_text":"","features_title":"","features":"","ed_cta_examples_text":"","ed_cta_examples_hidden":"","ed_cta_demo_text":"","ed_cta_demo_hidden":"","why_caption":"","why_editor_title":"","why_editor_text":"","why_team_title":"","why_team_text":"","why_service_title":"","why_service_text":"","template_catalog_visible":"","template_catalog_title":"","template_catalog_text":"","template_catalog_categories_visible":"","demo_title":"Cr\u00e9ez votre widget Formulaire d'abonnement","demo_caption":"Configurez votre formulaire d'abonnement et ajoutez-le \u00e0 votre site Web Elementor gratuitement\u00a0!","default_faq_hidden":"","app_template_category":[],"platform":"385","template_public_id":"","codecanyon_url":"","codecanyon_item_id":"","codecanyon_price":"","pricing_caption":"","pricing_elfsight_apps_hide_column":"","pricing_elfsight_apps_url":"","pricing_codecanyon_price_caption":"","integration_category":[],"integration_request_title":"","integration_request_cta":"","integration_platform":"","integrations":[],"platform_category":[],"video_schema_markup":"","price":"\u00e0 partir de 0$ \/ mois","trial":"","benefits":[{"text":"Service d'installation gratuit"},{"text":"Service client comp\u00e9tent"},{"text":"Garantie de remboursement de 14 jours"},{"text":"Mises \u00e0 jour \u00e0 vie"}],"button_url":"","button_target_blank":"","button_nofollow":"","attributes":[{"name":"Installations","content":"10,000 - 100,000"},{"name":"Sensible","content":"Oui"},{"name":"Navigateurs compatibles","content":"Firefox, Safari, Opera, Chrome, Edge"}],"tags":[],"tags_disable_links":"","hide_more_platforms":"","video_object":"","demo_hide_cta":"","demo_hide_cloud_options":"","pricing_title":"","pricing":[{"pricing_icon":"platform","pricing_title":"Elfsight Apps","pricing_title_caption":"Solution num\u00e9rique multiplateforme adapt\u00e9e \u00e0 tous les sites","pricing_price":"from $0 \/ month","pricing_price_caption":"commencez avec un forfait gratuit","pricing_benefits":[{"text":"Sites Web illimit\u00e9s"},{"text":"Assistance client gratuite"},{"text":"Assistance \u00e0 l'installation gratuite"},{"text":"100% personnalisable"}],"pricing_button_text":"Ajouter au site Web","pricing_button_url":"#demo"}],"related_apps_title":"","related_apps_hidden":"","author":"","image":[],"title":"","job":"","social_networks":[]},"_links":{"self":[{"href":"https:\/\/elfsight.com\/fr\/wp-json\/wp\/v2\/pages\/10483","targetHints":{"allow":["GET"]}}],"collection":[{"href":"https:\/\/elfsight.com\/fr\/wp-json\/wp\/v2\/pages"}],"about":[{"href":"https:\/\/elfsight.com\/fr\/wp-json\/wp\/v2\/types\/page"}],"author":[{"embeddable":true,"href":"https:\/\/elfsight.com\/fr\/wp-json\/wp\/v2\/users\/9"}],"replies":[{"embeddable":true,"href":"https:\/\/elfsight.com\/fr\/wp-json\/wp\/v2\/comments?post=10483"}],"version-history":[{"count":1,"href":"https:\/\/elfsight.com\/fr\/wp-json\/wp\/v2\/pages\/10483\/revisions"}],"predecessor-version":[{"id":10487,"href":"https:\/\/elfsight.com\/fr\/wp-json\/wp\/v2\/pages\/10483\/revisions\/10487"}],"up":[{"embeddable":true,"href":"https:\/\/elfsight.com\/fr\/wp-json\/wp\/v2\/pages\/3425"}],"wp:attachment":[{"href":"https:\/\/elfsight.com\/fr\/wp-json\/wp\/v2\/media?parent=10483"}],"curies":[{"name":"wp","href":"https:\/\/api.w.org\/{rel}","templated":true}]}}