{"id":1048,"date":"2020-07-02T07:51:16","date_gmt":"2020-07-02T07:51:16","guid":{"rendered":"https:\/\/elfsight.com\/fr\/?page_id=1048"},"modified":"2020-10-14T15:26:14","modified_gmt":"2020-10-14T15:26:14","slug":"create","status":"publish","type":"page","link":"https:\/\/elfsight.com\/fr\/testimonials-slider-widget\/create\/","title":{"rendered":"Testimonials Slider &#8211; Create"},"content":{"rendered":"\n<div class=\"faq\" data-component=\"FAQ\">\n<div class=\"faq-item\">\r\n\t\t\t\t\t<div class=\"faq-item-question\">\r\n\t\t\t\t\t\t<h3 class=\"faq-item-question-text\">Est-ce qu'il y a une opportunit\u00e9 de configurer l\u2019application?<\/h3>\r\n\r\n\t\t\t\t\t\t<div class=\"faq-item-question-icon\"><\/div>\r\n\t\t\t\t\t<\/div>\r\n\r\n\t\t\t\t\t<div class=\"faq-item-answer\">\r\n\t\t\t\t\t\t<div class=\"faq-item-answer-text\">\n<p>Bien s\u00fbr! Vous pouvez le faire \u00e0 partir d\u00e9mo interactif. Tout ce qu&rsquo;il faut est ouvrir l&rsquo;onglet avec la Section \u2018Style\u2019 et faire toutes les transformations \u00e9ch\u00e9antes. Quand vous aurez rempli, enregistrer les modifications.  <\/p>\n<\/div>\r\n\t\t\t\t\t<\/div>\r\n\t\t\t\t<\/div>\n\n<div class=\"faq-item\">\r\n\t\t\t\t\t<div class=\"faq-item-question\">\r\n\t\t\t\t\t\t<h3 class=\"faq-item-question-text\">Comment puis-je incorporer le T\u00e9moignage Slider dans mon mod\u00e8le de site web?<\/h3>\r\n\r\n\t\t\t\t\t\t<div class=\"faq-item-question-icon\"><\/div>\r\n\t\t\t\t\t<\/div>\r\n\r\n\t\t\t\t\t<div class=\"faq-item-answer\">\r\n\t\t\t\t\t\t<div class=\"faq-item-answer-text\">\n<p>Vous avez seulement besoin d&rsquo;instaurer un outil, alors ajuster sa conception et enregistrer vos modifications. Copiez le code et incorporer dans la mise en page.<\/p>\n<\/div>\r\n\t\t\t\t\t<\/div>\r\n\t\t\t\t<\/div>\n\n<div class=\"faq-item\">\r\n\t\t\t\t\t<div class=\"faq-item-question\">\r\n\t\t\t\t\t\t<h3 class=\"faq-item-question-text\">Est-ce que vos widgets compatibles avec la plateforme du site web?<\/h3>\r\n\r\n\t\t\t\t\t\t<div class=\"faq-item-question-icon\"><\/div>\r\n\t\t\t\t\t<\/div>\r\n\r\n\t\t\t\t\t<div class=\"faq-item-answer\">\r\n\t\t\t\t\t\t<div class=\"faq-item-answer-text\">\n<p>Bien entendu! Tous nos instruments sont cr\u00e9\u00e9s pour travailler sur presque toutes les reconnaissables plateformes de site poss\u00e9dants HTML (Facebook Tab, etc). Egalement, si vous rencontrez des difficult\u00e9s, vous \u00eates libre de \u00e9crire \u00e0 service client\u00e8le.<\/p>\n<\/div>\r\n\t\t\t\t\t<\/div>\r\n\t\t\t\t<\/div>\n\n<div class=\"faq-item\">\r\n\t\t\t\t\t<div class=\"faq-item-question\">\r\n\t\t\t\t\t\t<h3 class=\"faq-item-question-text\">Est-ce que l\u2019instrument bien adapt\u00e9 pour \u00eatre utilis\u00e9 sur les appareils mobiles?<\/h3>\r\n\r\n\t\t\t\t\t\t<div class=\"faq-item-question-icon\"><\/div>\r\n\t\t\t\t\t<\/div>\r\n\r\n\t\t\t\t\t<div class=\"faq-item-answer\">\r\n\t\t\t\t\t\t<div class=\"faq-item-answer-text\">\n<p>Absolument! Vous ne devriez pas vous concerner comment il fonctionne &#8211; nos widgets marchent correctement sur n&rsquo;importe quel appareil portable vous employez.<\/p>\n<\/div>\r\n\t\t\t\t\t<\/div>\r\n\t\t\t\t<\/div>\n\n<div class=\"faq-item\">\r\n\t\t\t\t\t<div class=\"faq-item-question\">\r\n\t\t\t\t\t\t<h3 class=\"faq-item-question-text\">Puis-je changer les dimensions de T\u00e9moignage Slider?<\/h3>\r\n\r\n\t\t\t\t\t\t<div class=\"faq-item-question-icon\"><\/div>\r\n\t\t\t\t\t<\/div>\r\n\r\n\t\t\t\t\t<div class=\"faq-item-answer\">\r\n\t\t\t\t\t\t<div class=\"faq-item-answer-text\">\n<p>Oui. Tout ce que vous devez est simplement ouvrir le d\u00e9mo live, d\u00e9terminer les proportions du widget en px ou %. On peut \u00e9galement choisir la variante Auto pour lui permettre rentrer dans l\u2019emplacement libre sur la page. <\/p>\n<\/div>\r\n\t\t\t\t\t<\/div>\r\n\t\t\t\t<\/div>\n<\/div>\n","protected":false},"excerpt":{"rendered":"","protected":false},"author":12,"featured_media":0,"parent":1017,"menu_order":0,"comment_status":"closed","ping_status":"closed","template":"templates\/template-application-create.php","meta":{"publish_to_discourse":"","publish_post_category":"","wpdc_auto_publish_overridden":"","wpdc_topic_tags":"","wpdc_pin_topic":"","wpdc_pin_until":"","discourse_post_id":"","discourse_permalink":"","wpdc_publishing_response":"","wpdc_publishing_error":"","footnotes":""},"class_list":["post-1048","page","type-page","status-publish","hentry"],"yoast_head":"<!-- This site is optimized with the Yoast SEO plugin v25.3.1 - https:\/\/yoast.com\/wordpress\/plugins\/seo\/ -->\n<title>Comment cr\u00e9er un curseur de t\u00e9moignages pour un site Web (gratuit)<\/title>\n<meta name=\"description\" content=\"Concevez un curseur de t\u00e9moignages pour votre site Web \u00e0 l&#039;aide du g\u00e9n\u00e9rateur Elfsight. Cr\u00e9ation gratuite et assistance \u00e0 vie pour tous les widgets.\" \/>\n<meta name=\"robots\" content=\"index, follow, max-snippet:-1, max-image-preview:large, max-video-preview:-1\" \/>\n<link rel=\"canonical\" href=\"https:\/\/elfsight.com\/fr\/testimonials-slider-widget\/create\/\" \/>\n<meta property=\"og:locale\" content=\"fr_FR\" \/>\n<meta property=\"og:type\" content=\"article\" \/>\n<meta property=\"og:title\" content=\"Comment cr\u00e9er un curseur de t\u00e9moignages pour un site Web (gratuit)\" \/>\n<meta property=\"og:description\" content=\"Concevez un curseur de t\u00e9moignages pour votre site Web \u00e0 l&#039;aide du g\u00e9n\u00e9rateur Elfsight. Cr\u00e9ation gratuite et assistance \u00e0 vie pour tous les widgets.\" \/>\n<meta property=\"og:url\" content=\"https:\/\/elfsight.com\/fr\/testimonials-slider-widget\/create\/\" \/>\n<meta property=\"og:site_name\" content=\"Elfsight FR\" \/>\n<meta property=\"article:modified_time\" content=\"2020-10-14T15:26:14+00:00\" \/>\n<meta name=\"twitter:card\" content=\"summary_large_image\" \/>\n<meta name=\"twitter:label1\" content=\"Dur\u00e9e de lecture estim\u00e9e\" \/>\n\t<meta name=\"twitter:data1\" content=\"1 minute\" \/>\n<!-- \/ Yoast SEO plugin. -->","yoast_head_json":{"title":"Comment cr\u00e9er un curseur de t\u00e9moignages pour un site Web (gratuit)","description":"Concevez un curseur de t\u00e9moignages pour votre site Web \u00e0 l'aide du g\u00e9n\u00e9rateur Elfsight. Cr\u00e9ation gratuite et assistance \u00e0 vie pour tous les widgets.","robots":{"index":"index","follow":"follow","max-snippet":"max-snippet:-1","max-image-preview":"max-image-preview:large","max-video-preview":"max-video-preview:-1"},"canonical":"https:\/\/elfsight.com\/fr\/testimonials-slider-widget\/create\/","og_locale":"fr_FR","og_type":"article","og_title":"Comment cr\u00e9er un curseur de t\u00e9moignages pour un site Web (gratuit)","og_description":"Concevez un curseur de t\u00e9moignages pour votre site Web \u00e0 l'aide du g\u00e9n\u00e9rateur Elfsight. Cr\u00e9ation gratuite et assistance \u00e0 vie pour tous les widgets.","og_url":"https:\/\/elfsight.com\/fr\/testimonials-slider-widget\/create\/","og_site_name":"Elfsight FR","article_modified_time":"2020-10-14T15:26:14+00:00","twitter_card":"summary_large_image","twitter_misc":{"Dur\u00e9e de lecture estim\u00e9e":"1 minute"},"schema":{"@context":"https:\/\/schema.org","@graph":[{"@type":"WebPage","@id":"https:\/\/elfsight.com\/fr\/testimonials-slider-widget\/create\/","url":"https:\/\/elfsight.com\/fr\/testimonials-slider-widget\/create\/","name":"Comment cr\u00e9er un curseur de t\u00e9moignages pour un site Web (gratuit)","isPartOf":{"@id":"https:\/\/elfsight.com\/fr\/#website"},"datePublished":"2020-07-02T07:51:16+00:00","dateModified":"2020-10-14T15:26:14+00:00","description":"Concevez un curseur de t\u00e9moignages pour votre site Web \u00e0 l'aide du g\u00e9n\u00e9rateur Elfsight. Cr\u00e9ation gratuite et assistance \u00e0 vie pour tous les widgets.","breadcrumb":{"@id":"https:\/\/elfsight.com\/fr\/testimonials-slider-widget\/create\/#breadcrumb"},"inLanguage":"fr-FR","potentialAction":[{"@type":"ReadAction","target":["https:\/\/elfsight.com\/fr\/testimonials-slider-widget\/create\/"]}]},{"@type":"BreadcrumbList","@id":"https:\/\/elfsight.com\/fr\/testimonials-slider-widget\/create\/#breadcrumb","itemListElement":[{"@type":"ListItem","position":1,"name":"Home","item":"https:\/\/elfsight.com\/fr\/"},{"@type":"ListItem","position":2,"name":"Testimonials Slider","item":"https:\/\/elfsight.com\/fr\/testimonials-slider-widget\/"},{"@type":"ListItem","position":3,"name":"Testimonials Slider &#8211; Create"}]},{"@type":"WebSite","@id":"https:\/\/elfsight.com\/fr\/#website","url":"https:\/\/elfsight.com\/fr\/","name":"Elfsight FR","description":"","potentialAction":[{"@type":"SearchAction","target":{"@type":"EntryPoint","urlTemplate":"https:\/\/elfsight.com\/fr\/?s={search_term_string}"},"query-input":{"@type":"PropertyValueSpecification","valueRequired":true,"valueName":"search_term_string"}}],"inLanguage":"fr-FR"}]}},"meta_box":{"industry":"","seo_heading":"","heading":"","description":"","cta_heading":"","cta_description":"","application":"1010","h1":"Cr\u00e9er un widget Curseur de t\u00e9moignages","h1_caption":"Ajoutez les t\u00e9moignages \u00e0 votre site Web. Rapide. Facile. Pas de codage.","application_category":[],"applications_title":"","applications_request_title":"","applications_request_button_text":"","hero_text":"","hero_video":"","hero_video_schema_markup":"","selling_points_title":"","selling_points_caption":"","selling_points":[],"selling_points_cta_text":"","features_title":"","features":"","ed_cta_examples_text":"","ed_cta_examples_hidden":"","ed_cta_demo_text":"","ed_cta_demo_hidden":"","why_caption":"","why_editor_title":"","why_editor_text":"","why_team_title":"","why_team_text":"","why_service_title":"","why_service_text":"","template_catalog_visible":"","template_catalog_title":"","template_catalog_text":"","template_catalog_categories_visible":"","demo_title":"","demo_caption":"","default_faq_hidden":"","app_template_category":[],"platform":"","template_public_id":"","codecanyon_url":"","codecanyon_item_id":"","codecanyon_price":"","pricing_caption":"","pricing_elfsight_apps_hide_column":"","pricing_elfsight_apps_url":"","pricing_codecanyon_price_caption":"","integration_category":[],"integration_request_title":"","integration_request_cta":"","integration_platform":"","integrations":[],"platform_category":[],"video_schema_markup":"","price":"","trial":"","benefits":[],"button_url":"","button_target_blank":"","button_nofollow":"","attributes":[],"tags":[],"tags_disable_links":"","hide_more_platforms":"","video_object":"","demo_hide_cta":"","demo_hide_cloud_options":"","pricing_title":"","pricing":[],"related_apps_title":"","related_apps_hidden":"","author":"","image":[],"title":"","job":"","social_networks":[]},"_links":{"self":[{"href":"https:\/\/elfsight.com\/fr\/wp-json\/wp\/v2\/pages\/1048","targetHints":{"allow":["GET"]}}],"collection":[{"href":"https:\/\/elfsight.com\/fr\/wp-json\/wp\/v2\/pages"}],"about":[{"href":"https:\/\/elfsight.com\/fr\/wp-json\/wp\/v2\/types\/page"}],"author":[{"embeddable":true,"href":"https:\/\/elfsight.com\/fr\/wp-json\/wp\/v2\/users\/12"}],"replies":[{"embeddable":true,"href":"https:\/\/elfsight.com\/fr\/wp-json\/wp\/v2\/comments?post=1048"}],"version-history":[{"count":3,"href":"https:\/\/elfsight.com\/fr\/wp-json\/wp\/v2\/pages\/1048\/revisions"}],"predecessor-version":[{"id":1051,"href":"https:\/\/elfsight.com\/fr\/wp-json\/wp\/v2\/pages\/1048\/revisions\/1051"}],"up":[{"embeddable":true,"href":"https:\/\/elfsight.com\/fr\/wp-json\/wp\/v2\/pages\/1017"}],"wp:attachment":[{"href":"https:\/\/elfsight.com\/fr\/wp-json\/wp\/v2\/media?parent=1048"}],"curies":[{"name":"wp","href":"https:\/\/api.w.org\/{rel}","templated":true}]}}