{"id":10477,"date":"1970-01-01T00:00:00","date_gmt":"1970-01-01T00:00:00","guid":{"rendered":"https:\/\/elfsight.com\/fr\/?page_id=10477"},"modified":"2025-07-10T13:42:18","modified_gmt":"2025-07-10T13:42:18","slug":"jquery","status":"publish","type":"page","link":"https:\/\/elfsight.com\/fr\/subscription-form-widget\/jquery\/","title":{"rendered":"Subscription Form &#8211; jQuery"},"content":{"rendered":"<div class=\"application-platform-content-item-description application-platform-content-item\" id=\"description\" data-nav-section=\"description\"> <h2>Description<\/h2> <p>Le formulaire d&rsquo;abonnement pour jQuery est un plugin pratique vous permettant de collecter des e-mails. L&rsquo;application vous offre la possibilit\u00e9 non seulement de multiplier votre liste de diffusion, mais aussi de le faire efficacement &#8211; vous pouvez ajouter l&rsquo;en-t\u00eate avec une l\u00e9gende informative au formulaire, demander le pr\u00e9nom, le nom, l&rsquo;e-mail ou le rendre simple et placez-y uniquement un champ de courrier \u00e9lectronique et attachez une \u00e9tiquette informative et un espace r\u00e9serv\u00e9. Il existe \u00e9galement une option pour lier votre plugin Subscription Form au service Mailchimp. Et avec l\u2019aide de l\u2019une des 4 mises en page pr\u00eates \u00e0 l\u2019emploi propos\u00e9es, vous pourrez cr\u00e9er le widget qui vous convient. <\/p> <p><b>Pr\u00e9sentez vos formulaires d&rsquo;abonnement \u00e0 la newsletter aux bonnes personnes sur les bonnes pages de votre site et emp\u00eachez-les de quitter votre site ! <\/b><\/p> <\/div> <div class=\"application-platform-content-item-features application-platform-content-item\" id=\"features\" data-nav-section=\"features\"> <h2>Les fonctionnalit\u00e9s les plus importantes du plugin incluent<\/h2> <ul><li>Ajouter un en-t\u00eate avec une l\u00e9gende informative. <\/li><li>Liez votre formulaire au service Mailchimp<\/li><li>Obtenez votre liste de diffusion au format CSV. <\/li><li>Champs de formulaire mall\u00e9ables. <\/li><li>4\u00a0mod\u00e8les de mise en page parmi lesquels vous pouvez s\u00e9lectionner\u00a0: Volet, Int\u00e9gr\u00e9, Side-in, Popup. <\/li><\/ul><p><a href=\"#demo\">Testez toutes les fonctionnalit\u00e9s de personnalisation dans une d\u00e9mo enti\u00e8rement fonctionnelle<\/a><\/p> <\/div> <div class=\"application-platform-content-item-installation application-platform-content-item\" id=\"installation\" data-nav-section=\"installation\"> <h2>Comment int\u00e9grer le formulaire d&rsquo;abonnement sur mon site Web jQuery\u00a0? <\/h2> <p>Suivez simplement les \u00e9tapes suivantes d\u00e9crites ci-dessous pour ajouter l&rsquo;outil. <\/p> <ol><li><b>Utilisez notre \u00e9diteur gratuit et commencez \u00e0 cr\u00e9er votre plugin personnalis\u00e9. <\/b><br> D\u00e9terminez la conception et les fonctionnalit\u00e9s pr\u00e9f\u00e9r\u00e9es du plugin et enregistrez les modifications. <\/li> <li><b>Copiez votre code unique r\u00e9v\u00e9l\u00e9 dans le formulaire sp\u00e9cial sur Elfsight Apps. <\/b><br> Lorsque la personnalisation de votre plugin personnel est termin\u00e9e, copiez le code individuel dans la fen\u00eatre qui appara\u00eet et enregistrez-le pour une utilisation ult\u00e9rieure. <\/li> <li><b>Initier l&rsquo;utilisation de l&rsquo;outil sur le site jQuery. <\/b><br> Entrez le code copi\u00e9 auparavant dans votre site Web et enregistrez les corrections. <\/li> <li><b>L&rsquo;installation est termin\u00e9e avec succ\u00e8s. <\/b><br> Visitez votre site pour voir comment fonctionne le plugin. <\/li><\/ol> <p>\u00c0 condition d&rsquo;avoir des questions ou de rencontrer des probl\u00e8mes, n&rsquo;h\u00e9sitez pas \u00e0 contacter notre service client. Nos collaborateurs seront ravis de r\u00e9soudre tous les probl\u00e8mes que vous pourriez rencontrer avec le plugin. <\/p> <div class=\"faq\" data-component=\"FAQ\"> <div class=\"faq-item\">\r\n\t\t\t\t\t<div class=\"faq-item-question\">\r\n\t\t\t\t\t\t<h3 class=\"faq-item-question-text\">Comment ajouter Form Builder \u00e0 mon site Web jQuery sans comp\u00e9tences en codage ?<\/h3>\r\n\r\n\t\t\t\t\t\t<div class=\"faq-item-question-icon\"><\/div>\r\n\t\t\t\t\t<\/div>\r\n\r\n\t\t\t\t\t<div class=\"faq-item-answer\">\r\n\t\t\t\t\t\t<div class=\"faq-item-answer-text\"> <p>Elfsight fournit une solution SaaS qui vous permet de cr\u00e9er vous-m\u00eame un widget Form Builder, voyez \u00e0 quel point le processus est simple est\u00a0: travaillez directement dans l&rsquo;\u00e9diteur en ligne pour cr\u00e9er un widget Form Builder que vous aimeriez voir sur votre site Web jQuery. Choisissez l&rsquo;un des mod\u00e8les pr\u00e9d\u00e9finis et ajustez les param\u00e8tres de Form Builder, ajoutez votre contenu, modifiez la mise en page et la palette de couleurs sans comp\u00e9tences en codage. Enregistrez le Form Builder et copiez son code d&rsquo;installation, que vous pouvez facilement int\u00e9grer dans votre site Web jQuery sans avoir besoin d&rsquo;acheter un abonnement payant. Avec notre \u00e9diteur intuitif, tout internaute peut cr\u00e9er un widget Form Builder en ligne et l&rsquo;int\u00e9grer facilement \u00e0 son site Web jQuery. Il n&rsquo;est pas n\u00e9cessaire de payer ou de saisir les informations d&rsquo;identification de votre carte pour acc\u00e9der au service. Si vous rencontrez des probl\u00e8mes \u00e0 n&rsquo;importe quelle \u00e9tape, n&rsquo;h\u00e9sitez pas \u00e0 contacter notre \u00e9quipe d&rsquo;assistance technique.<\/p> <\/div>\r\n\t\t\t\t\t<\/div>\r\n\t\t\t\t<\/div> <div class=\"faq-item\">\r\n\t\t\t\t\t<div class=\"faq-item-question\">\r\n\t\t\t\t\t\t<h3 class=\"faq-item-question-text\">Fournissez-vous des mod\u00e8les de formulaire d'abonnement pour le site Web jQuery ?<\/h3>\r\n\r\n\t\t\t\t\t\t<div class=\"faq-item-question-icon\"><\/div>\r\n\t\t\t\t\t<\/div>\r\n\r\n\t\t\t\t\t<div class=\"faq-item-answer\">\r\n\t\t\t\t\t\t<div class=\"faq-item-answer-text\"><p>Oui, il existe plus de 300 mod\u00e8les pr\u00eats \u00e0 l\u2019emploi parmi lesquels choisir. Essayez les <a href=\"https:\/\/elfsight.com\/online-form-builder\/templates\/subscription-forms\/\">Mod\u00e8les de formulaire d&rsquo;abonnement<\/a> et dites-nous lequel vous pr\u00e9f\u00e9rez.<\/p><\/div>\r\n\t\t\t\t\t<\/div>\r\n\t\t\t\t<\/div><\/div> <\/div>","protected":false},"excerpt":{"rendered":"","protected":false},"author":9,"featured_media":0,"parent":3425,"menu_order":0,"comment_status":"closed","ping_status":"closed","template":"templates\/template-application-platform.php","meta":{"publish_to_discourse":"","publish_post_category":"","wpdc_auto_publish_overridden":"","wpdc_topic_tags":"","wpdc_pin_topic":"","wpdc_pin_until":"","discourse_post_id":"","discourse_permalink":"","wpdc_publishing_response":"","wpdc_publishing_error":"","footnotes":""},"class_list":["post-10477","page","type-page","status-publish","hentry"],"yoast_head":"<!-- This site is optimized with the Yoast SEO plugin v25.3.1 - https:\/\/yoast.com\/wordpress\/plugins\/seo\/ -->\n<title>Ajouter le plugin Subscription Form au site Web jQuery (rapide et gratuit)<\/title>\n<meta name=\"description\" content=\"Impl\u00e9mentez le plugin jQuery Subscription Form sur votre site Web. Modifiez tous les champs, choisissez l&#039;une des 4 mises en page pr\u00eates \u00e0 l&#039;emploi et bien plus encore.\" \/>\n<meta name=\"robots\" content=\"index, follow, max-snippet:-1, max-image-preview:large, max-video-preview:-1\" \/>\n<link rel=\"canonical\" href=\"https:\/\/elfsight.com\/fr\/subscription-form-widget\/jquery\/\" \/>\n<meta property=\"og:locale\" content=\"fr_FR\" \/>\n<meta property=\"og:type\" content=\"article\" \/>\n<meta property=\"og:title\" content=\"Ajouter le plugin Subscription Form au site Web jQuery (rapide et gratuit)\" \/>\n<meta property=\"og:description\" content=\"Impl\u00e9mentez le plugin jQuery Subscription Form sur votre site Web. Modifiez tous les champs, choisissez l&#039;une des 4 mises en page pr\u00eates \u00e0 l&#039;emploi et bien plus encore.\" \/>\n<meta property=\"og:url\" content=\"https:\/\/elfsight.com\/fr\/subscription-form-widget\/jquery\/\" \/>\n<meta property=\"og:site_name\" content=\"Elfsight FR\" \/>\n<meta property=\"article:modified_time\" content=\"2025-07-10T13:42:18+00:00\" \/>\n<meta name=\"twitter:card\" content=\"summary_large_image\" \/>\n<meta name=\"twitter:label1\" content=\"Dur\u00e9e de lecture estim\u00e9e\" \/>\n\t<meta name=\"twitter:data1\" content=\"3 minutes\" \/>\n<!-- \/ Yoast SEO plugin. -->","yoast_head_json":{"title":"Ajouter le plugin Subscription Form au site Web jQuery (rapide et gratuit)","description":"Impl\u00e9mentez le plugin jQuery Subscription Form sur votre site Web. Modifiez tous les champs, choisissez l'une des 4 mises en page pr\u00eates \u00e0 l'emploi et bien plus encore.","robots":{"index":"index","follow":"follow","max-snippet":"max-snippet:-1","max-image-preview":"max-image-preview:large","max-video-preview":"max-video-preview:-1"},"canonical":"https:\/\/elfsight.com\/fr\/subscription-form-widget\/jquery\/","og_locale":"fr_FR","og_type":"article","og_title":"Ajouter le plugin Subscription Form au site Web jQuery (rapide et gratuit)","og_description":"Impl\u00e9mentez le plugin jQuery Subscription Form sur votre site Web. Modifiez tous les champs, choisissez l'une des 4 mises en page pr\u00eates \u00e0 l'emploi et bien plus encore.","og_url":"https:\/\/elfsight.com\/fr\/subscription-form-widget\/jquery\/","og_site_name":"Elfsight FR","article_modified_time":"2025-07-10T13:42:18+00:00","twitter_card":"summary_large_image","twitter_misc":{"Dur\u00e9e de lecture estim\u00e9e":"3 minutes"},"schema":{"@context":"https:\/\/schema.org","@graph":[{"@type":"WebPage","@id":"https:\/\/elfsight.com\/fr\/subscription-form-widget\/jquery\/","url":"https:\/\/elfsight.com\/fr\/subscription-form-widget\/jquery\/","name":"Ajouter le plugin Subscription Form au site Web jQuery (rapide et gratuit)","isPartOf":{"@id":"https:\/\/elfsight.com\/fr\/#website"},"datePublished":"1970-01-01T00:00:00+00:00","dateModified":"2025-07-10T13:42:18+00:00","description":"Impl\u00e9mentez le plugin jQuery Subscription Form sur votre site Web. Modifiez tous les champs, choisissez l'une des 4 mises en page pr\u00eates \u00e0 l'emploi et bien plus encore.","breadcrumb":{"@id":"https:\/\/elfsight.com\/fr\/subscription-form-widget\/jquery\/#breadcrumb"},"inLanguage":"fr-FR","potentialAction":[{"@type":"ReadAction","target":["https:\/\/elfsight.com\/fr\/subscription-form-widget\/jquery\/"]}]},{"@type":"BreadcrumbList","@id":"https:\/\/elfsight.com\/fr\/subscription-form-widget\/jquery\/#breadcrumb","itemListElement":[{"@type":"ListItem","position":1,"name":"Home","item":"https:\/\/elfsight.com\/fr\/"},{"@type":"ListItem","position":2,"name":"Subscription Form","item":"https:\/\/elfsight.com\/fr\/subscription-form-widget\/"},{"@type":"ListItem","position":3,"name":"Subscription Form &#8211; jQuery"}]},{"@type":"WebSite","@id":"https:\/\/elfsight.com\/fr\/#website","url":"https:\/\/elfsight.com\/fr\/","name":"Elfsight FR","description":"","potentialAction":[{"@type":"SearchAction","target":{"@type":"EntryPoint","urlTemplate":"https:\/\/elfsight.com\/fr\/?s={search_term_string}"},"query-input":{"@type":"PropertyValueSpecification","valueRequired":true,"valueName":"search_term_string"}}],"inLanguage":"fr-FR"}]}},"meta_box":{"industry":"","seo_heading":"","heading":"","description":"","cta_heading":"","cta_description":"","application":"3424","h1":"Plugin de formulaire d'abonnement jQuery","h1_caption":"Int\u00e9grez un formulaire d'abonnement pour collecter des e-mails et d\u00e9velopper facilement votre liste de diffusion dans votre site Web jQuery.","application_category":[],"applications_title":"","applications_request_title":"","applications_request_button_text":"","hero_text":"","hero_video":"","hero_video_schema_markup":"","selling_points_title":"","selling_points_caption":"","selling_points":[],"selling_points_cta_text":"","features_title":"","features":"","ed_cta_examples_text":"","ed_cta_examples_hidden":"","ed_cta_demo_text":"","ed_cta_demo_hidden":"","why_caption":"","why_editor_title":"","why_editor_text":"","why_team_title":"","why_team_text":"","why_service_title":"","why_service_text":"","template_catalog_visible":"","template_catalog_title":"","template_catalog_text":"","template_catalog_categories_visible":"","demo_title":"Cr\u00e9ez votre plugin de formulaire d'abonnement","demo_caption":"Configurez votre formulaire d'abonnement et ajoutez-le \u00e0 votre site Web jQuery gratuitement\u00a0!","default_faq_hidden":"","app_template_category":[],"platform":"355","template_public_id":"","codecanyon_url":"","codecanyon_item_id":"","codecanyon_price":"","pricing_caption":"","pricing_elfsight_apps_hide_column":"","pricing_elfsight_apps_url":"","pricing_codecanyon_price_caption":"","integration_category":[],"integration_request_title":"","integration_request_cta":"","integration_platform":"","integrations":[],"platform_category":[],"video_schema_markup":"","price":"\u00e0 partir de 0$ \/ mois","trial":"","benefits":[{"text":"Aide \u00e0 l'installation gratuite"},{"text":"Service client comp\u00e9tent"},{"text":"Garantie de remboursement de 14 jours"},{"text":"D\u00e9veloppement continu"}],"button_url":"","button_target_blank":"","button_nofollow":"","attributes":[{"name":"Installations","content":"10,000 - 100,000"},{"name":"Sensible","content":"Oui"},{"name":"Navigateurs compatibles","content":"Firefox, Safari, Opera, Chrome, Edge"}],"tags":[],"tags_disable_links":"","hide_more_platforms":"","video_object":"","demo_hide_cta":"","demo_hide_cloud_options":"","pricing_title":"","pricing":[{"pricing_icon":"platform","pricing_title":"Elfsight Apps","pricing_title_caption":"Version multiplateforme","pricing_price":"from $0 \/ month","pricing_price_caption":"commencez avec un forfait gratuit","pricing_benefits":[{"text":"Sites Web illimit\u00e9s"},{"text":"Assistance d\u00e9di\u00e9e et ponctuelle"},{"text":"Aide \u00e0 l'installation gratuite"},{"text":"100% personnalisable"}],"pricing_button_text":"Ajouter au site Web","pricing_button_url":"#demo"}],"related_apps_title":"","related_apps_hidden":"","author":"","image":[],"title":"","job":"","social_networks":[]},"_links":{"self":[{"href":"https:\/\/elfsight.com\/fr\/wp-json\/wp\/v2\/pages\/10477","targetHints":{"allow":["GET"]}}],"collection":[{"href":"https:\/\/elfsight.com\/fr\/wp-json\/wp\/v2\/pages"}],"about":[{"href":"https:\/\/elfsight.com\/fr\/wp-json\/wp\/v2\/types\/page"}],"author":[{"embeddable":true,"href":"https:\/\/elfsight.com\/fr\/wp-json\/wp\/v2\/users\/9"}],"replies":[{"embeddable":true,"href":"https:\/\/elfsight.com\/fr\/wp-json\/wp\/v2\/comments?post=10477"}],"version-history":[{"count":1,"href":"https:\/\/elfsight.com\/fr\/wp-json\/wp\/v2\/pages\/10477\/revisions"}],"predecessor-version":[{"id":10481,"href":"https:\/\/elfsight.com\/fr\/wp-json\/wp\/v2\/pages\/10477\/revisions\/10481"}],"up":[{"embeddable":true,"href":"https:\/\/elfsight.com\/fr\/wp-json\/wp\/v2\/pages\/3425"}],"wp:attachment":[{"href":"https:\/\/elfsight.com\/fr\/wp-json\/wp\/v2\/media?parent=10477"}],"curies":[{"name":"wp","href":"https:\/\/api.w.org\/{rel}","templated":true}]}}