{"id":10453,"date":"1970-01-01T00:00:00","date_gmt":"1970-01-01T00:00:00","guid":{"rendered":"https:\/\/elfsight.com\/fr\/?page_id=10453"},"modified":"2025-07-10T13:43:30","modified_gmt":"2025-07-10T13:43:30","slug":"wix","status":"publish","type":"page","link":"https:\/\/elfsight.com\/fr\/subscription-form-widget\/wix\/","title":{"rendered":"Subscription Form &#8211; Wix"},"content":{"rendered":"<div class=\"application-platform-content-item-description application-platform-content-item\" id=\"description\" data-nav-section=\"description\"> <h2>Description<\/h2> <p>Le formulaire d&rsquo;abonnement Elfsight pour Wix est une application efficace vous donnant la possibilit\u00e9 de recevoir des e-mails. L&rsquo;outil vous offre la possibilit\u00e9 non seulement de multiplier votre liste de diffusion, mais aussi de le faire efficacement &#8211; vous \u00eates libre de joindre \u00e0 l&rsquo;en-t\u00eate une l\u00e9gende informative, de demander l&rsquo;adresse e-mail du pr\u00e9nom ou de la maintenir simple et de placer uniquement un champ de courrier \u00e9lectronique et d&rsquo;ajouter une \u00e9tiquette explicative et un espace r\u00e9serv\u00e9. Vous avez \u00e9galement la possibilit\u00e9 de connecter votre widget de formulaire d&rsquo;abonnement \u00e0 Mailchimp. Et avec l\u2019un des quatre mod\u00e8les de mise en page pr\u00eats \u00e0 l\u2019emploi, vous pourrez cr\u00e9er l\u2019outil qui fonctionne exactement comme vous le souhaitez. <\/p> <p><b>R\u00e9v\u00e9lez vos formulaires d&rsquo;abonnement aux bonnes personnes sur les bonnes pages de votre site et emp\u00eachez-les de quitter votre site ! <\/b><\/p> <\/div> <div class=\"application-platform-content-item-features application-platform-content-item\" id=\"features\" data-nav-section=\"features\"> <h2>Nous proposons des fonctionnalit\u00e9s utiles et rapides, v\u00e9rifiez-en quelques-unes\u00a0: <\/h2> <ul><li>Joignez un en-t\u00eate avec un l\u00e9gende s\u00e9duisante. <\/li><li>Int\u00e9grez le formulaire au service Mailchimp<\/li><li>T\u00e9l\u00e9chargez votre liste de diffusion au format CSV. <\/li><li>Champs de formulaire g\u00e9rables. <\/li><li>4\u00a0mod\u00e8les de mise en page parmi lesquels vous pouvez s\u00e9lectionner\u00a0: Volet, Int\u00e9gr\u00e9, Popup, Side-in. <\/li><\/ul><p><a href=\"#demo\">Testez toutes les options de personnalisation dans la d\u00e9mo compl\u00e8te<\/a><\/p> <\/div> <div class=\"application-platform-content-item-installation application-platform-content-item\" id=\"installation\" data-nav-section=\"installation\"> <h2>Comment int\u00e9grer le formulaire d&rsquo;abonnement dans mon site Web Wix\u00a0? <\/h2> <p>Suivez simplement quelques \u00e9tapes d\u00e9crites ci-dessous pour ajouter l&rsquo;application. <\/p> <ol><li><b>Ex\u00e9cutez notre configurateur gratuit et commencez \u00e0 cr\u00e9er votre application unique. <\/b><br> Choisissez la conception et les sp\u00e9cifications souhait\u00e9es pour l&rsquo;application et enregistrez les corrections. <\/li> <li><b>Obtenez le code personnel affich\u00e9 dans le formulaire sp\u00e9cial sur Elfsight Apps. <\/b><br> Une fois la configuration de votre outil termin\u00e9e, copiez le code individuel de la bo\u00eete qui appara\u00eet et conservez-le pour une utilisation ult\u00e9rieure. <\/li> <li><b>Commencez \u00e0 utiliser l&rsquo;application sur la plateforme Wix. <\/b><br> Collez le code enregistr\u00e9 r\u00e9cemment dans votre site Web et enregistrez les corrections. <\/li> <li><b>L&rsquo;installation est effectu\u00e9e avec succ\u00e8s. <\/b><br> Acc\u00e9dez \u00e0 votre site pour inspecter les performances de l&rsquo;application. <\/li><\/ol> <p>\u00c0 condition de r\u00e9pondre \u00e0 des demandes de renseignements ou de rencontrer des complications, n&rsquo;h\u00e9sitez pas \u00e0 faire appel \u00e0 notre service client. Nos sp\u00e9cialistes seront ravis de r\u00e9soudre toutes les questions que vous pourriez avoir avec le plugin. <\/p> <div class=\"faq\" data-component=\"FAQ\"> <div class=\"faq-item\">\r\n\t\t\t\t\t<div class=\"faq-item-question\">\r\n\t\t\t\t\t\t<h3 class=\"faq-item-question-text\">Comment ajouter Form Builder \u00e0 mon site Wix sans comp\u00e9tences en codage ?<\/h3>\r\n\r\n\t\t\t\t\t\t<div class=\"faq-item-question-icon\"><\/div>\r\n\t\t\t\t\t<\/div>\r\n\r\n\t\t\t\t\t<div class=\"faq-item-answer\">\r\n\t\t\t\t\t\t<div class=\"faq-item-answer-text\"> <p>Elfsight fournit une solution SaaS qui vous permet de cr\u00e9er vous-m\u00eame un widget Form Builder, voyez \u00e0 quel point le processus est simple est\u00a0: travaillez directement dans l&rsquo;\u00e9diteur en ligne pour cr\u00e9er un widget Form Builder que vous aimeriez voir sur votre site Web Wix. Choisissez l&rsquo;un des mod\u00e8les pr\u00e9d\u00e9finis et ajustez les param\u00e8tres de Form Builder, ajoutez votre contenu, modifiez la mise en page et les couleurs sans aucune comp\u00e9tence en codage. Enregistrez le Form Builder et copiez son code d&rsquo;installation, que vous pouvez inclure dans votre site Web Wix sans avoir besoin d&rsquo;acheter un abonnement payant. Gr\u00e2ce \u00e0 notre \u00e9diteur intuitif, tout internaute peut cr\u00e9er un widget Form Builder en ligne et l&rsquo;int\u00e9grer facilement \u00e0 son site Web Wix. Il n&rsquo;est pas n\u00e9cessaire de payer ou de saisir les informations d&rsquo;identification de votre carte pour acc\u00e9der au service. Si vous rencontrez des probl\u00e8mes \u00e0 n&rsquo;importe quelle \u00e9tape, n&rsquo;h\u00e9sitez pas \u00e0 contacter notre \u00e9quipe d&rsquo;assistance technique.<\/p> <\/div>\r\n\t\t\t\t\t<\/div>\r\n\t\t\t\t<\/div><div class=\"faq-item\">\r\n\t\t\t\t\t<div class=\"faq-item-question\">\r\n\t\t\t\t\t\t<h3 class=\"faq-item-question-text\">Avez-vous des mod\u00e8les de formulaire d'abonnement pr\u00e9d\u00e9finis pour le site Web Wix ?<\/h3>\r\n\r\n\t\t\t\t\t\t<div class=\"faq-item-question-icon\"><\/div>\r\n\t\t\t\t\t<\/div>\r\n\r\n\t\t\t\t\t<div class=\"faq-item-answer\">\r\n\t\t\t\t\t\t<div class=\"faq-item-answer-text\"><p>Oui, Elfsight propose une vaste biblioth\u00e8que de plus de 300 mod\u00e8les pour tous les cas. Faites d\u00e9filer les <a href=\"https:\/\/elfsight.com\/online-form-builder\/templates\/subscription-forms\/\">mod\u00e8les de formulaire d&rsquo;abonnement<\/a> et d\u00e9cidez lequel vous convient le mieux.<\/p> <\/div>\r\n\t\t\t\t\t<\/div>\r\n\t\t\t\t<\/div> <\/div> <\/div>","protected":false},"excerpt":{"rendered":"","protected":false},"author":9,"featured_media":0,"parent":3425,"menu_order":0,"comment_status":"closed","ping_status":"closed","template":"templates\/template-application-platform.php","meta":{"publish_to_discourse":"","publish_post_category":"","wpdc_auto_publish_overridden":"","wpdc_topic_tags":"","wpdc_pin_topic":"","wpdc_pin_until":"","discourse_post_id":"","discourse_permalink":"","wpdc_publishing_response":"","wpdc_publishing_error":"","footnotes":""},"class_list":["post-10453","page","type-page","status-publish","hentry"],"yoast_head":"<!-- This site is optimized with the Yoast SEO plugin v25.3.1 - https:\/\/yoast.com\/wordpress\/plugins\/seo\/ -->\n<title>Ajouter l&#039;application Formulaire d&#039;abonnement au site Web Wix (rapide et gratuit)<\/title>\n<meta name=\"description\" content=\"Impl\u00e9mentez une application Wix Subscription Form r\u00e9active sur votre site Web. Ajustez tous les champs, choisissez l&#039;un des 4 mod\u00e8les de mise en page et bien plus encore.\" \/>\n<meta name=\"robots\" content=\"index, follow, max-snippet:-1, max-image-preview:large, max-video-preview:-1\" \/>\n<link rel=\"canonical\" href=\"https:\/\/elfsight.com\/fr\/subscription-form-widget\/wix\/\" \/>\n<meta property=\"og:locale\" content=\"fr_FR\" \/>\n<meta property=\"og:type\" content=\"article\" \/>\n<meta property=\"og:title\" content=\"Ajouter l&#039;application Formulaire d&#039;abonnement au site Web Wix (rapide et gratuit)\" \/>\n<meta property=\"og:description\" content=\"Impl\u00e9mentez une application Wix Subscription Form r\u00e9active sur votre site Web. Ajustez tous les champs, choisissez l&#039;un des 4 mod\u00e8les de mise en page et bien plus encore.\" \/>\n<meta property=\"og:url\" content=\"https:\/\/elfsight.com\/fr\/subscription-form-widget\/wix\/\" \/>\n<meta property=\"og:site_name\" content=\"Elfsight FR\" \/>\n<meta property=\"article:modified_time\" content=\"2025-07-10T13:43:30+00:00\" \/>\n<meta name=\"twitter:card\" content=\"summary_large_image\" \/>\n<meta name=\"twitter:label1\" content=\"Dur\u00e9e de lecture estim\u00e9e\" \/>\n\t<meta name=\"twitter:data1\" content=\"3 minutes\" \/>\n<!-- \/ Yoast SEO plugin. -->","yoast_head_json":{"title":"Ajouter l'application Formulaire d'abonnement au site Web Wix (rapide et gratuit)","description":"Impl\u00e9mentez une application Wix Subscription Form r\u00e9active sur votre site Web. Ajustez tous les champs, choisissez l'un des 4 mod\u00e8les de mise en page et bien plus encore.","robots":{"index":"index","follow":"follow","max-snippet":"max-snippet:-1","max-image-preview":"max-image-preview:large","max-video-preview":"max-video-preview:-1"},"canonical":"https:\/\/elfsight.com\/fr\/subscription-form-widget\/wix\/","og_locale":"fr_FR","og_type":"article","og_title":"Ajouter l'application Formulaire d'abonnement au site Web Wix (rapide et gratuit)","og_description":"Impl\u00e9mentez une application Wix Subscription Form r\u00e9active sur votre site Web. Ajustez tous les champs, choisissez l'un des 4 mod\u00e8les de mise en page et bien plus encore.","og_url":"https:\/\/elfsight.com\/fr\/subscription-form-widget\/wix\/","og_site_name":"Elfsight FR","article_modified_time":"2025-07-10T13:43:30+00:00","twitter_card":"summary_large_image","twitter_misc":{"Dur\u00e9e de lecture estim\u00e9e":"3 minutes"},"schema":{"@context":"https:\/\/schema.org","@graph":[{"@type":"WebPage","@id":"https:\/\/elfsight.com\/fr\/subscription-form-widget\/wix\/","url":"https:\/\/elfsight.com\/fr\/subscription-form-widget\/wix\/","name":"Ajouter l'application Formulaire d'abonnement au site Web Wix (rapide et gratuit)","isPartOf":{"@id":"https:\/\/elfsight.com\/fr\/#website"},"datePublished":"1970-01-01T00:00:00+00:00","dateModified":"2025-07-10T13:43:30+00:00","description":"Impl\u00e9mentez une application Wix Subscription Form r\u00e9active sur votre site Web. Ajustez tous les champs, choisissez l'un des 4 mod\u00e8les de mise en page et bien plus encore.","breadcrumb":{"@id":"https:\/\/elfsight.com\/fr\/subscription-form-widget\/wix\/#breadcrumb"},"inLanguage":"fr-FR","potentialAction":[{"@type":"ReadAction","target":["https:\/\/elfsight.com\/fr\/subscription-form-widget\/wix\/"]}]},{"@type":"BreadcrumbList","@id":"https:\/\/elfsight.com\/fr\/subscription-form-widget\/wix\/#breadcrumb","itemListElement":[{"@type":"ListItem","position":1,"name":"Home","item":"https:\/\/elfsight.com\/fr\/"},{"@type":"ListItem","position":2,"name":"Subscription Form","item":"https:\/\/elfsight.com\/fr\/subscription-form-widget\/"},{"@type":"ListItem","position":3,"name":"Subscription Form &#8211; Wix"}]},{"@type":"WebSite","@id":"https:\/\/elfsight.com\/fr\/#website","url":"https:\/\/elfsight.com\/fr\/","name":"Elfsight FR","description":"","potentialAction":[{"@type":"SearchAction","target":{"@type":"EntryPoint","urlTemplate":"https:\/\/elfsight.com\/fr\/?s={search_term_string}"},"query-input":{"@type":"PropertyValueSpecification","valueRequired":true,"valueName":"search_term_string"}}],"inLanguage":"fr-FR"}]}},"meta_box":{"industry":"","seo_heading":"","heading":"","description":"","cta_heading":"","cta_description":"","application":"3424","h1":"Application Formulaire d'abonnement Wix","h1_caption":"Int\u00e9grez un formulaire d'abonnement pour collecter des e-mails et d\u00e9velopper facilement votre liste de diffusion sur votre site Web Wix.","application_category":[],"applications_title":"","applications_request_title":"","applications_request_button_text":"","hero_text":"","hero_video":"","hero_video_schema_markup":"","selling_points_title":"","selling_points_caption":"","selling_points":[],"selling_points_cta_text":"","features_title":"","features":"","ed_cta_examples_text":"","ed_cta_examples_hidden":"","ed_cta_demo_text":"","ed_cta_demo_hidden":"","why_caption":"","why_editor_title":"","why_editor_text":"","why_team_title":"","why_team_text":"","why_service_title":"","why_service_text":"","template_catalog_visible":"","template_catalog_title":"","template_catalog_text":"","template_catalog_categories_visible":"","demo_title":"Cr\u00e9ez votre application de formulaire d'abonnement","demo_caption":"Configurez votre formulaire d'abonnement et ajoutez-le \u00e0 votre site Web Wix gratuitement !","default_faq_hidden":"","app_template_category":[],"platform":"345","template_public_id":"","codecanyon_url":"","codecanyon_item_id":"","codecanyon_price":"","pricing_caption":"","pricing_elfsight_apps_hide_column":"","pricing_elfsight_apps_url":"","pricing_codecanyon_price_caption":"","integration_category":[],"integration_request_title":"","integration_request_cta":"","integration_platform":"","integrations":[],"platform_category":[],"video_schema_markup":"","price":"\u00e0 partir de 0$ \/ mois","trial":"","benefits":[{"text":"Aide \u00e0 l'installation gratuite"},{"text":"Support client exp\u00e9riment\u00e9"},{"text":"Garantie de remboursement de 14 jours"},{"text":"Am\u00e9liorations gratuites et continues"}],"button_url":"","button_target_blank":"","button_nofollow":"","attributes":[{"name":"Installations","content":"10,000 - 100,000"},{"name":"Sensible","content":"Oui"},{"name":"Navigateurs compatibles","content":"Firefox, Safari, Opera, Chrome, Edge"}],"tags":[],"tags_disable_links":"","hide_more_platforms":"","video_object":"","demo_hide_cta":"","demo_hide_cloud_options":"","pricing_title":"","pricing":[{"pricing_icon":"platform","pricing_title":"Elfsight Apps","pricing_title_caption":"Solution num\u00e9rique multiplateforme qui fonctionne sur n'importe quel site Web","pricing_price":"from $0 \/ month","pricing_price_caption":"commencez avec un forfait gratuit","pricing_benefits":[{"text":"Sites Web illimit\u00e9s"},{"text":"Support client professionnel"},{"text":"Service d'installation gratuit"},{"text":"Enti\u00e8rement personnalisable"}],"pricing_button_text":"Ajouter au site Web","pricing_button_url":"#demo"}],"related_apps_title":"","related_apps_hidden":"","author":"","image":[],"title":"","job":"","social_networks":[]},"_links":{"self":[{"href":"https:\/\/elfsight.com\/fr\/wp-json\/wp\/v2\/pages\/10453","targetHints":{"allow":["GET"]}}],"collection":[{"href":"https:\/\/elfsight.com\/fr\/wp-json\/wp\/v2\/pages"}],"about":[{"href":"https:\/\/elfsight.com\/fr\/wp-json\/wp\/v2\/types\/page"}],"author":[{"embeddable":true,"href":"https:\/\/elfsight.com\/fr\/wp-json\/wp\/v2\/users\/9"}],"replies":[{"embeddable":true,"href":"https:\/\/elfsight.com\/fr\/wp-json\/wp\/v2\/comments?post=10453"}],"version-history":[{"count":1,"href":"https:\/\/elfsight.com\/fr\/wp-json\/wp\/v2\/pages\/10453\/revisions"}],"predecessor-version":[{"id":10457,"href":"https:\/\/elfsight.com\/fr\/wp-json\/wp\/v2\/pages\/10453\/revisions\/10457"}],"up":[{"embeddable":true,"href":"https:\/\/elfsight.com\/fr\/wp-json\/wp\/v2\/pages\/3425"}],"wp:attachment":[{"href":"https:\/\/elfsight.com\/fr\/wp-json\/wp\/v2\/media?parent=10453"}],"curies":[{"name":"wp","href":"https:\/\/api.w.org\/{rel}","templated":true}]}}