{"id":10450,"date":"1970-01-01T00:00:00","date_gmt":"1970-01-01T00:00:00","guid":{"rendered":"https:\/\/elfsight.com\/fr\/?page_id=10450"},"modified":"2025-07-10T13:41:45","modified_gmt":"2025-07-10T13:41:45","slug":"google-sites","status":"publish","type":"page","link":"https:\/\/elfsight.com\/fr\/subscription-form-widget\/google-sites\/","title":{"rendered":"Subscription Form &#8211; Google Sites"},"content":{"rendered":"<div class=\"application-platform-content-item-description application-platform-content-item\" id=\"description\" data-nav-section=\"description\"> <h2>Int\u00e9grer le formulaire d&rsquo;abonnement sur Google Sites avec le widget Elfsight<\/h2> <p>Le formulaire d&rsquo;abonnement pour Google Sites est un plugin efficace vous offrant une opportunit\u00e9 d&rsquo;obtenir des emails. Notre widget vous offre la possibilit\u00e9 non seulement d&rsquo;\u00e9largir votre liste de diffusion, mais aussi de le faire efficacement &#8211; vous \u00eates libre de joindre la section d&rsquo;en-t\u00eate avec une l\u00e9gende informative au formulaire, de demander le pr\u00e9nom, le nom, l&rsquo;adresse e-mail ou de le maintenir simple. et conservez uniquement un champ email et accompagnez-le d&rsquo;une \u00e9tiquette explicative et d&rsquo;un espace r\u00e9serv\u00e9. Vous avez \u00e9galement la possibilit\u00e9 de lier votre application de formulaire d&rsquo;abonnement \u00e0 Mailchimp. Et en appliquant l\u2019une des quatre mises en page pr\u00eates \u00e0 l\u2019emploi propos\u00e9es, vous cr\u00e9erez l\u2019outil qui fonctionne exactement comme vous en avez besoin. <\/p> <p><b>Pr\u00e9sentez votre formulaire d&rsquo;abonnement au public cible sur les pages appropri\u00e9es de votre site et emp\u00eachez-le de rebondir\u00a0! <\/b><\/p> <\/div> <div class=\"application-platform-content-item-features application-platform-content-item\" id=\"features\" data-nav-section=\"features\"> <h2>Voici quelques-unes des puissantes fonctionnalit\u00e9s du plugin\u00a0: <\/h2> <ul><li>Ajoutez une section d&rsquo;en-t\u00eate avec un l\u00e9gende. <\/li><li>Liez votre formulaire au service Mailchimp<\/li><li>Obtenez votre base de donn\u00e9es de messagerie au format CSV. <\/li><li>Parties de formulaire g\u00e9rables. <\/li><li>4\u00a0mises en page parmi lesquelles choisir\u00a0: Volet, Int\u00e9gr\u00e9, Side-in, Popup. <\/li><\/ul><p><a href=\"#demo\">Examinez tous les param\u00e8tres dans la d\u00e9mo compl\u00e8te<\/a><\/p> <\/div> <div class=\"application-platform-content-item-installation application-platform-content-item\" id=\"installation\" data-nav-section=\"installation\"> <h2>Comment ajouter un formulaire d&rsquo;abonnement \u00e0 mon site Web Google Sites\u00a0? <\/h2> <p>Suivez simplement les instructions ci-dessous pour commencer \u00e0 utiliser le plugin. <\/p> <ol><li><b>Ouvrez notre d\u00e9mo gratuite et commencez \u00e0 cr\u00e9er votre propre plugin. <\/b><br> Sp\u00e9cifiez la disposition et les sp\u00e9cifications souhait\u00e9es de l&rsquo;outil et appliquez les modifications. <\/li> <li><b>Copiez le code unique r\u00e9v\u00e9l\u00e9 dans la fen\u00eatre sur Elfsight Apps. <\/b><br> D\u00e8s que la configuration de votre outil est termin\u00e9e, copiez le code exclusif dans la fen\u00eatre apparue et enregistrez-le pour une occasion ult\u00e9rieure. <\/li> <li><b>Initiez l&rsquo;utilisation du plug-in sur la page d&rsquo;accueil de Google\u00a0Sites. <\/b><br> Placez le code copi\u00e9 auparavant dans votre page et enregistrez les am\u00e9liorations. <\/li> <li><b>L&rsquo;installation est termin\u00e9e avec succ\u00e8s. <\/b><br> Allez sur votre page pour voir le travail du plugin. <\/li><\/ol> <div class=\"tip-yellow tip\"><b>En raison des particularit\u00e9s du fonctionnement de Google Sites, le widget peut \u00eatre diff\u00e9rent de la d\u00e9mo en ligne. Nous nous excusons pour tout inconv\u00e9nient occasionn\u00e9.<\/b><\/div><p>\u00c0 condition de vous poser des questions ou de faire face \u00e0 certaines complications, n&rsquo;h\u00e9sitez pas \u00e0 contacter notre service client. Nos consultants ont h\u00e2te de vous aider avec toutes les questions que vous pourriez avoir avec l&rsquo;outil. <\/p> <div class=\"faq\" data-component=\"FAQ\"> <div class=\"faq-item\">\r\n\t\t\t\t\t<div class=\"faq-item-question\">\r\n\t\t\t\t\t\t<h3 class=\"faq-item-question-text\">Comment ajouter Form Builder \u00e0 mon site Web Google Sites sans comp\u00e9tences en codage ?<\/h3>\r\n\r\n\t\t\t\t\t\t<div class=\"faq-item-question-icon\"><\/div>\r\n\t\t\t\t\t<\/div>\r\n\r\n\t\t\t\t\t<div class=\"faq-item-answer\">\r\n\t\t\t\t\t\t<div class=\"faq-item-answer-text\"> <p>Elfsight fournit une solution SaaS qui vous permet de cr\u00e9er vous-m\u00eame un widget Form Builder. Le processus est le suivant\u00a0: travaillez directement dans l&rsquo;\u00e9diteur en ligne pour cr\u00e9er un widget Form Builder que vous aimeriez voir sur votre site Web Google Sites. Choisissez l&rsquo;un des mod\u00e8les pr\u00e9d\u00e9finis et ajustez les param\u00e8tres de Form Builder, ajoutez votre contenu, modifiez la mise en page et les couleurs sans aucune comp\u00e9tence en codage. Enregistrez le Form Builder et copiez son code d&rsquo;installation, que vous pouvez facilement inclure dans votre site Web Google Sites sans acheter de forfait payant. Gr\u00e2ce \u00e0 notre \u00e9diteur intuitif, tout internaute peut cr\u00e9er un widget Form Builder en ligne et l&rsquo;int\u00e9grer facilement \u00e0 son site Web Google Sites. Il n&rsquo;est pas n\u00e9cessaire de payer ou de saisir les informations d&rsquo;identification de votre carte pour acc\u00e9der au service. Si vous rencontrez des probl\u00e8mes \u00e0 quelque \u00e9tape que ce soit, n&rsquo;h\u00e9sitez pas \u00e0 contacter notre \u00e9quipe d&rsquo;assistance technique.<\/p> <\/div>\r\n\t\t\t\t\t<\/div>\r\n\t\t\t\t<\/div><div class=\"faq-item\">\r\n\t\t\t\t\t<div class=\"faq-item-question\">\r\n\t\t\t\t\t\t<h3 class=\"faq-item-question-text\">Avez-vous des mod\u00e8les de formulaire d'abonnement pr\u00e9d\u00e9finis pour le site Web Google Sites ?<\/h3>\r\n\r\n\t\t\t\t\t\t<div class=\"faq-item-question-icon\"><\/div>\r\n\t\t\t\t\t<\/div>\r\n\r\n\t\t\t\t\t<div class=\"faq-item-answer\">\r\n\t\t\t\t\t\t<div class=\"faq-item-answer-text\"> <p>Oui, Elfsight propose une vaste biblioth\u00e8que de plus de 300 mod\u00e8les pour tous les cas. Faites d\u00e9filer les <a href=\"https:\/\/elfsight.com\/online-form-builder\/templates\/subscription-forms\/\">mod\u00e8les de formulaire d&rsquo;abonnement<\/a> et d\u00e9cidez lequel vous convient le mieux.<\/p> <\/div>\r\n\t\t\t\t\t<\/div>\r\n\t\t\t\t<\/div> <\/div> <\/div>","protected":false},"excerpt":{"rendered":"","protected":false},"author":9,"featured_media":0,"parent":3425,"menu_order":0,"comment_status":"closed","ping_status":"closed","template":"templates\/template-application-platform.php","meta":{"publish_to_discourse":"","publish_post_category":"","wpdc_auto_publish_overridden":"","wpdc_topic_tags":"","wpdc_pin_topic":"","wpdc_pin_until":"","discourse_post_id":"","discourse_permalink":"","wpdc_publishing_response":"","wpdc_publishing_error":"","footnotes":""},"class_list":["post-10450","page","type-page","status-publish","hentry"],"yoast_head":"<!-- This site is optimized with the Yoast SEO plugin v25.3.1 - https:\/\/yoast.com\/wordpress\/plugins\/seo\/ -->\n<title>Ajouter le plugin Subscription Form au site Web de Google Sites (rapide et gratuit)<\/title>\n<meta name=\"description\" content=\"Ins\u00e9rez un plugin r\u00e9actif de formulaire d&#039;abonnement Google Sites sur votre site. Ajustez tous les champs, s\u00e9lectionnez l&#039;un des 4 mod\u00e8les de mise en page et plus encore.\" \/>\n<meta name=\"robots\" content=\"index, follow, max-snippet:-1, max-image-preview:large, max-video-preview:-1\" \/>\n<link rel=\"canonical\" href=\"https:\/\/elfsight.com\/fr\/subscription-form-widget\/google-sites\/\" \/>\n<meta property=\"og:locale\" content=\"fr_FR\" \/>\n<meta property=\"og:type\" content=\"article\" \/>\n<meta property=\"og:title\" content=\"Ajouter le plugin Subscription Form au site Web de Google Sites (rapide et gratuit)\" \/>\n<meta property=\"og:description\" content=\"Ins\u00e9rez un plugin r\u00e9actif de formulaire d&#039;abonnement Google Sites sur votre site. Ajustez tous les champs, s\u00e9lectionnez l&#039;un des 4 mod\u00e8les de mise en page et plus encore.\" \/>\n<meta property=\"og:url\" content=\"https:\/\/elfsight.com\/fr\/subscription-form-widget\/google-sites\/\" \/>\n<meta property=\"og:site_name\" content=\"Elfsight FR\" \/>\n<meta property=\"article:modified_time\" content=\"2025-07-10T13:41:45+00:00\" \/>\n<meta name=\"twitter:card\" content=\"summary_large_image\" \/>\n<meta name=\"twitter:label1\" content=\"Dur\u00e9e de lecture estim\u00e9e\" \/>\n\t<meta name=\"twitter:data1\" content=\"3 minutes\" \/>\n<!-- \/ Yoast SEO plugin. -->","yoast_head_json":{"title":"Ajouter le plugin Subscription Form au site Web de Google Sites (rapide et gratuit)","description":"Ins\u00e9rez un plugin r\u00e9actif de formulaire d'abonnement Google Sites sur votre site. Ajustez tous les champs, s\u00e9lectionnez l'un des 4 mod\u00e8les de mise en page et plus encore.","robots":{"index":"index","follow":"follow","max-snippet":"max-snippet:-1","max-image-preview":"max-image-preview:large","max-video-preview":"max-video-preview:-1"},"canonical":"https:\/\/elfsight.com\/fr\/subscription-form-widget\/google-sites\/","og_locale":"fr_FR","og_type":"article","og_title":"Ajouter le plugin Subscription Form au site Web de Google Sites (rapide et gratuit)","og_description":"Ins\u00e9rez un plugin r\u00e9actif de formulaire d'abonnement Google Sites sur votre site. Ajustez tous les champs, s\u00e9lectionnez l'un des 4 mod\u00e8les de mise en page et plus encore.","og_url":"https:\/\/elfsight.com\/fr\/subscription-form-widget\/google-sites\/","og_site_name":"Elfsight FR","article_modified_time":"2025-07-10T13:41:45+00:00","twitter_card":"summary_large_image","twitter_misc":{"Dur\u00e9e de lecture estim\u00e9e":"3 minutes"},"schema":{"@context":"https:\/\/schema.org","@graph":[{"@type":"WebPage","@id":"https:\/\/elfsight.com\/fr\/subscription-form-widget\/google-sites\/","url":"https:\/\/elfsight.com\/fr\/subscription-form-widget\/google-sites\/","name":"Ajouter le plugin Subscription Form au site Web de Google Sites (rapide et gratuit)","isPartOf":{"@id":"https:\/\/elfsight.com\/fr\/#website"},"datePublished":"1970-01-01T00:00:00+00:00","dateModified":"2025-07-10T13:41:45+00:00","description":"Ins\u00e9rez un plugin r\u00e9actif de formulaire d'abonnement Google Sites sur votre site. Ajustez tous les champs, s\u00e9lectionnez l'un des 4 mod\u00e8les de mise en page et plus encore.","breadcrumb":{"@id":"https:\/\/elfsight.com\/fr\/subscription-form-widget\/google-sites\/#breadcrumb"},"inLanguage":"fr-FR","potentialAction":[{"@type":"ReadAction","target":["https:\/\/elfsight.com\/fr\/subscription-form-widget\/google-sites\/"]}]},{"@type":"BreadcrumbList","@id":"https:\/\/elfsight.com\/fr\/subscription-form-widget\/google-sites\/#breadcrumb","itemListElement":[{"@type":"ListItem","position":1,"name":"Home","item":"https:\/\/elfsight.com\/fr\/"},{"@type":"ListItem","position":2,"name":"Subscription Form","item":"https:\/\/elfsight.com\/fr\/subscription-form-widget\/"},{"@type":"ListItem","position":3,"name":"Subscription Form &#8211; Google Sites"}]},{"@type":"WebSite","@id":"https:\/\/elfsight.com\/fr\/#website","url":"https:\/\/elfsight.com\/fr\/","name":"Elfsight FR","description":"","potentialAction":[{"@type":"SearchAction","target":{"@type":"EntryPoint","urlTemplate":"https:\/\/elfsight.com\/fr\/?s={search_term_string}"},"query-input":{"@type":"PropertyValueSpecification","valueRequired":true,"valueName":"search_term_string"}}],"inLanguage":"fr-FR"}]}},"meta_box":{"industry":"","seo_heading":"","heading":"","description":"","cta_heading":"","cta_description":"","application":"3424","h1":"Plugin de formulaire d'abonnement Google Sites","h1_caption":"Int\u00e9grez un formulaire d'abonnement pour collecter des e-mails et d\u00e9velopper facilement votre liste de diffusion dans vos sites Google.","application_category":[],"applications_title":"","applications_request_title":"","applications_request_button_text":"","hero_text":"","hero_video":"","hero_video_schema_markup":"","selling_points_title":"","selling_points_caption":"","selling_points":[],"selling_points_cta_text":"","features_title":"","features":"","ed_cta_examples_text":"","ed_cta_examples_hidden":"","ed_cta_demo_text":"","ed_cta_demo_hidden":"","why_caption":"","why_editor_title":"","why_editor_text":"","why_team_title":"","why_team_text":"","why_service_title":"","why_service_text":"","template_catalog_visible":"","template_catalog_title":"","template_catalog_text":"","template_catalog_categories_visible":"","demo_title":"Cr\u00e9ez votre widget Formulaire d'abonnement","demo_caption":"Configurez votre formulaire d'abonnement et ajoutez-le gratuitement \u00e0 votre site Web Google Sites\u00a0!","default_faq_hidden":"","app_template_category":[],"platform":"423","template_public_id":"","codecanyon_url":"","codecanyon_item_id":"","codecanyon_price":"","pricing_caption":"","pricing_elfsight_apps_hide_column":"","pricing_elfsight_apps_url":"","pricing_codecanyon_price_caption":"","integration_category":[],"integration_request_title":"","integration_request_cta":"","integration_platform":"","integrations":[],"platform_category":[],"video_schema_markup":"","price":"\u00e0 partir de 0$ \/ mois","trial":"","benefits":[{"text":"Assistance \u00e0 l'installation gratuite"},{"text":"Assistance premium"},{"text":"Garantie de remboursement de 14 jours"},{"text":"Am\u00e9liorations gratuites et continues"}],"button_url":"","button_target_blank":"","button_nofollow":"","attributes":[{"name":"Installations","content":"10,000 - 100,000"},{"name":"Sensible","content":"Oui"},{"name":"Navigateurs compatibles","content":"Firefox, Safari, Opera, Chrome, Edge"}],"tags":[],"tags_disable_links":"","hide_more_platforms":"","video_object":"","demo_hide_cta":"","demo_hide_cloud_options":"","pricing_title":"","pricing":[{"pricing_icon":"platform","pricing_title":"Elfsight Apps","pricing_title_caption":"Logiciel ind\u00e9pendant de la plate-forme","pricing_price":"from $0 \/ month","pricing_price_caption":"commencez avec un forfait gratuit","pricing_benefits":[{"text":"Sites Web illimit\u00e9s"},{"text":"Assistance client 24h\/24 et 7j\/7"},{"text":"Aide \u00e0 l'installation gratuite"},{"text":"Conception flexible"}],"pricing_button_text":"Ajouter au site Web","pricing_button_url":"#demo"}],"related_apps_title":"","related_apps_hidden":"","author":"","image":[],"title":"","job":"","social_networks":[]},"_links":{"self":[{"href":"https:\/\/elfsight.com\/fr\/wp-json\/wp\/v2\/pages\/10450","targetHints":{"allow":["GET"]}}],"collection":[{"href":"https:\/\/elfsight.com\/fr\/wp-json\/wp\/v2\/pages"}],"about":[{"href":"https:\/\/elfsight.com\/fr\/wp-json\/wp\/v2\/types\/page"}],"author":[{"embeddable":true,"href":"https:\/\/elfsight.com\/fr\/wp-json\/wp\/v2\/users\/9"}],"replies":[{"embeddable":true,"href":"https:\/\/elfsight.com\/fr\/wp-json\/wp\/v2\/comments?post=10450"}],"version-history":[{"count":1,"href":"https:\/\/elfsight.com\/fr\/wp-json\/wp\/v2\/pages\/10450\/revisions"}],"predecessor-version":[{"id":10454,"href":"https:\/\/elfsight.com\/fr\/wp-json\/wp\/v2\/pages\/10450\/revisions\/10454"}],"up":[{"embeddable":true,"href":"https:\/\/elfsight.com\/fr\/wp-json\/wp\/v2\/pages\/3425"}],"wp:attachment":[{"href":"https:\/\/elfsight.com\/fr\/wp-json\/wp\/v2\/media?parent=10450"}],"curies":[{"name":"wp","href":"https:\/\/api.w.org\/{rel}","templated":true}]}}