{"id":10445,"date":"1970-01-01T00:00:00","date_gmt":"1970-01-01T00:00:00","guid":{"rendered":"https:\/\/elfsight.com\/fr\/?page_id=10445"},"modified":"2025-07-10T13:41:39","modified_gmt":"2025-07-10T13:41:39","slug":"godaddy","status":"publish","type":"page","link":"https:\/\/elfsight.com\/fr\/subscription-form-widget\/godaddy\/","title":{"rendered":"Subscription Form &#8211; GoDaddy"},"content":{"rendered":"<div class=\"application-platform-content-item-description application-platform-content-item\" id=\"description\" data-nav-section=\"description\"> <h2>Int\u00e9grer le formulaire d&rsquo;abonnement sur GoDaddy avec le widget Elfsight<\/h2> <p>Elfsight Subscription Form est un plugin efficace pour GoDaddy vous permettant de collecter e-mails. Notre outil vous donne la possibilit\u00e9 non seulement de cr\u00e9er votre liste de diffusion, mais de le faire facilement &#8211; vous pouvez joindre la section d&rsquo;en-t\u00eate avec une l\u00e9gende, demander le pr\u00e9nom, le nom, l&rsquo;e-mail ou faire simple et placer uniquement un champ d&rsquo;e-mail. et accompagnez-le d&rsquo;une \u00e9tiquette explicative et d&rsquo;un espace r\u00e9serv\u00e9. Vous avez \u00e9galement la possibilit\u00e9 de connecter votre outil de formulaire d&rsquo;abonnement au service Mailchimp. Et en appliquant l\u2019une des quatre mises en page pr\u00e9d\u00e9finies, vous cr\u00e9erez l\u2019outil qui vous convient. <\/p> <p><b>Pr\u00e9sentez votre formulaire d&rsquo;abonnement aux bonnes personnes sur les bonnes pages de votre site Web et emp\u00eachez-les de rebondir\u00a0! <\/b><\/p> <\/div> <div class=\"application-platform-content-item-features application-platform-content-item\" id=\"features\" data-nav-section=\"features\"> <h2>Le plugin a des fonctionnalit\u00e9s pratiques et simples, visualisez-en quelques-unes\u00a0: <\/h2> <ul><li>Joignez un en-t\u00eate avec une l\u00e9gende informative. <\/li><li>Int\u00e9grez votre formulaire \u00e0 Mailchimp <\/li><li>Obtenez votre base de donn\u00e9es email au format CSV. <\/li><li>Champs de formulaire personnalisables. <\/li><li>Quatre mises en page parmi lesquelles choisir\u00a0:\u00a0Int\u00e9gr\u00e9, Side-in, Popup, Volet. <\/li><\/ul><p><a href=\"#demo\">Essayez simplement cette d\u00e9mo pour voir ce que vaut le plugin<\/a><\/p> <\/div> <div class=\"application-platform-content-item-installation  application-platform-content-item\" id=\"installation \" data-nav-section=\"installation \"> <h2>Comment ajouter un formulaire d&rsquo;abonnement sur mon site GoDaddy\u00a0? <\/h2> <p>Suivez simplement les instructions ci-dessous pour ins\u00e9rer l&rsquo;outil. <\/p> <ol><li><b>Utilisez notre d\u00e9mo gratuite et commencez \u00e0 cr\u00e9er votre propre plugin. <\/b><br> D\u00e9terminez la conception personnalis\u00e9e et les caract\u00e9ristiques du plugin et appliquez les modifications. <\/li> <li><b>Obtenez votre code unique qui s&rsquo;affiche dans la fen\u00eatre des applications Elfsight. <\/b><br> Juste une fois la cr\u00e9ation de votre outil termin\u00e9e, copiez le code individuel dans la fen\u00eatre qui appara\u00eet et conservez-le pour une utilisation ult\u00e9rieure. <\/li> <li><b>Commencez \u00e0 utiliser l&rsquo;outil sur le site Web de GoDaddy. <\/b><br> Entrez le code que vous avez copi\u00e9 auparavant sur votre site Web et enregistrez les am\u00e9liorations. <\/li> <li><b>Fait\u00a0! L&rsquo;installation est enti\u00e8rement termin\u00e9e. <\/b><br> Visitez votre page pour jeter un \u0153il au travail de l&rsquo;outil. <\/li><\/ol> <p>Si vous rencontrez des difficult\u00e9s, n&rsquo;h\u00e9sitez pas \u00e0 contacter notre \u00e9quipe d&rsquo;assistance. Nos consultants seront ravis de vous aider avec tous les probl\u00e8mes que vous pourriez rencontrer avec l&rsquo;outil. <\/p> <div class=\"faq\" data-component=\"FAQ\"> <div class=\"faq-item\">\r\n\t\t\t\t\t<div class=\"faq-item-question\">\r\n\t\t\t\t\t\t<h3 class=\"faq-item-question-text\">Comment ajouter Form Builder \u00e0 mon site Web GoDaddy sans comp\u00e9tences en codage ?<\/h3>\r\n\r\n\t\t\t\t\t\t<div class=\"faq-item-question-icon\"><\/div>\r\n\t\t\t\t\t<\/div>\r\n\r\n\t\t\t\t\t<div class=\"faq-item-answer\">\r\n\t\t\t\t\t\t<div class=\"faq-item-answer-text\"> <p>Elfsight fournit une solution SaaS qui vous permet de cr\u00e9er vous-m\u00eame un widget Form Builder. Voyez \u00e0 quel point le processus est simple. est\u00a0: travaillez directement dans l&rsquo;\u00e9diteur en ligne pour cr\u00e9er un widget Form Builder que vous aimeriez voir sur votre site Web GoDaddy. Choisissez l&rsquo;un des mod\u00e8les pr\u00e9d\u00e9finis et ajustez les param\u00e8tres de Form Builder, ajoutez votre contenu, modifiez la mise en page et les couleurs sans aucune comp\u00e9tence en codage. Enregistrez le g\u00e9n\u00e9rateur de formulaires et copiez son code d&rsquo;installation afin de pouvoir l&rsquo;ajouter facilement \u00e0 votre site Web GoDaddy sans acheter d&rsquo;abonnement payant. Gr\u00e2ce \u00e0 notre \u00e9diteur intuitif, tout internaute peut cr\u00e9er un widget Form Builder en ligne et l&rsquo;int\u00e9grer facilement \u00e0 son site Web GoDaddy. Il n&rsquo;est pas n\u00e9cessaire de payer ou de saisir les informations d&rsquo;identification de votre carte pour acc\u00e9der au service. Si vous rencontrez des probl\u00e8mes \u00e0 n&rsquo;importe quelle \u00e9tape, n&rsquo;h\u00e9sitez pas \u00e0 contacter notre \u00e9quipe d&rsquo;assistance technique.<\/p> <\/div>\r\n\t\t\t\t\t<\/div>\r\n\t\t\t\t<\/div><div class=\"faq-item\">\r\n\t\t\t\t\t<div class=\"faq-item-question\">\r\n\t\t\t\t\t\t<h3 class=\"faq-item-question-text\">Fournissez-vous des mod\u00e8les de formulaire d'abonnement pour le site Web GoDaddy ?<\/h3>\r\n\r\n\t\t\t\t\t\t<div class=\"faq-item-question-icon\"><\/div>\r\n\t\t\t\t\t<\/div>\r\n\r\n\t\t\t\t\t<div class=\"faq-item-answer\">\r\n\t\t\t\t\t\t<div class=\"faq-item-answer-text\"><p>Oui, il existe plus de 300 mod\u00e8les pr\u00eats \u00e0 l\u2019emploi parmi lesquels choisir. Essayez les <a href=\"https:\/\/elfsight.com\/online-form-builder\/templates\/subscription-forms\/\">Mod\u00e8les de formulaire d&rsquo;abonnement<\/a> et dites-nous lequel vous pr\u00e9f\u00e9rez.<\/p><\/div>\r\n\t\t\t\t\t<\/div>\r\n\t\t\t\t<\/div> <\/div> <\/div>","protected":false},"excerpt":{"rendered":"","protected":false},"author":9,"featured_media":0,"parent":3425,"menu_order":0,"comment_status":"closed","ping_status":"closed","template":"templates\/template-application-platform.php","meta":{"publish_to_discourse":"","publish_post_category":"","wpdc_auto_publish_overridden":"","wpdc_topic_tags":"","wpdc_pin_topic":"","wpdc_pin_until":"","discourse_post_id":"","discourse_permalink":"","wpdc_publishing_response":"","wpdc_publishing_error":"","footnotes":""},"class_list":["post-10445","page","type-page","status-publish","hentry"],"yoast_head":"<!-- This site is optimized with the Yoast SEO plugin v25.3.1 - https:\/\/yoast.com\/wordpress\/plugins\/seo\/ -->\n<title>Formulaire d&#039;abonnement - Ajoutez le plugin Subscription Form au site Web GoDaddy\u00a0!<\/title>\n<meta name=\"description\" content=\"Ajoutez le plugin GoDaddy Subscription Form \u00e0 votre site. Concevez tous les champs, s\u00e9lectionnez l&#039;une des quatre mises en page pr\u00eates \u00e0 l&#039;emploi et bien plus encore\u00a0!\" \/>\n<meta name=\"robots\" content=\"index, follow, max-snippet:-1, max-image-preview:large, max-video-preview:-1\" \/>\n<link rel=\"canonical\" href=\"https:\/\/elfsight.com\/fr\/subscription-form-widget\/godaddy\/\" \/>\n<meta property=\"og:locale\" content=\"fr_FR\" \/>\n<meta property=\"og:type\" content=\"article\" \/>\n<meta property=\"og:title\" content=\"Formulaire d&#039;abonnement - Ajoutez le plugin Subscription Form au site Web GoDaddy\u00a0!\" \/>\n<meta property=\"og:description\" content=\"Ajoutez le plugin GoDaddy Subscription Form \u00e0 votre site. Concevez tous les champs, s\u00e9lectionnez l&#039;une des quatre mises en page pr\u00eates \u00e0 l&#039;emploi et bien plus encore\u00a0!\" \/>\n<meta property=\"og:url\" content=\"https:\/\/elfsight.com\/fr\/subscription-form-widget\/godaddy\/\" \/>\n<meta property=\"og:site_name\" content=\"Elfsight FR\" \/>\n<meta property=\"article:modified_time\" content=\"2025-07-10T13:41:39+00:00\" \/>\n<meta name=\"twitter:card\" content=\"summary_large_image\" \/>\n<meta name=\"twitter:label1\" content=\"Dur\u00e9e de lecture estim\u00e9e\" \/>\n\t<meta name=\"twitter:data1\" content=\"3 minutes\" \/>\n<!-- \/ Yoast SEO plugin. -->","yoast_head_json":{"title":"Formulaire d'abonnement - Ajoutez le plugin Subscription Form au site Web GoDaddy\u00a0!","description":"Ajoutez le plugin GoDaddy Subscription Form \u00e0 votre site. Concevez tous les champs, s\u00e9lectionnez l'une des quatre mises en page pr\u00eates \u00e0 l'emploi et bien plus encore\u00a0!","robots":{"index":"index","follow":"follow","max-snippet":"max-snippet:-1","max-image-preview":"max-image-preview:large","max-video-preview":"max-video-preview:-1"},"canonical":"https:\/\/elfsight.com\/fr\/subscription-form-widget\/godaddy\/","og_locale":"fr_FR","og_type":"article","og_title":"Formulaire d'abonnement - Ajoutez le plugin Subscription Form au site Web GoDaddy\u00a0!","og_description":"Ajoutez le plugin GoDaddy Subscription Form \u00e0 votre site. Concevez tous les champs, s\u00e9lectionnez l'une des quatre mises en page pr\u00eates \u00e0 l'emploi et bien plus encore\u00a0!","og_url":"https:\/\/elfsight.com\/fr\/subscription-form-widget\/godaddy\/","og_site_name":"Elfsight FR","article_modified_time":"2025-07-10T13:41:39+00:00","twitter_card":"summary_large_image","twitter_misc":{"Dur\u00e9e de lecture estim\u00e9e":"3 minutes"},"schema":{"@context":"https:\/\/schema.org","@graph":[{"@type":"WebPage","@id":"https:\/\/elfsight.com\/fr\/subscription-form-widget\/godaddy\/","url":"https:\/\/elfsight.com\/fr\/subscription-form-widget\/godaddy\/","name":"Formulaire d'abonnement - Ajoutez le plugin Subscription Form au site Web GoDaddy\u00a0!","isPartOf":{"@id":"https:\/\/elfsight.com\/fr\/#website"},"datePublished":"1970-01-01T00:00:00+00:00","dateModified":"2025-07-10T13:41:39+00:00","description":"Ajoutez le plugin GoDaddy Subscription Form \u00e0 votre site. Concevez tous les champs, s\u00e9lectionnez l'une des quatre mises en page pr\u00eates \u00e0 l'emploi et bien plus encore\u00a0!","breadcrumb":{"@id":"https:\/\/elfsight.com\/fr\/subscription-form-widget\/godaddy\/#breadcrumb"},"inLanguage":"fr-FR","potentialAction":[{"@type":"ReadAction","target":["https:\/\/elfsight.com\/fr\/subscription-form-widget\/godaddy\/"]}]},{"@type":"BreadcrumbList","@id":"https:\/\/elfsight.com\/fr\/subscription-form-widget\/godaddy\/#breadcrumb","itemListElement":[{"@type":"ListItem","position":1,"name":"Home","item":"https:\/\/elfsight.com\/fr\/"},{"@type":"ListItem","position":2,"name":"Subscription Form","item":"https:\/\/elfsight.com\/fr\/subscription-form-widget\/"},{"@type":"ListItem","position":3,"name":"Subscription Form &#8211; GoDaddy"}]},{"@type":"WebSite","@id":"https:\/\/elfsight.com\/fr\/#website","url":"https:\/\/elfsight.com\/fr\/","name":"Elfsight FR","description":"","potentialAction":[{"@type":"SearchAction","target":{"@type":"EntryPoint","urlTemplate":"https:\/\/elfsight.com\/fr\/?s={search_term_string}"},"query-input":{"@type":"PropertyValueSpecification","valueRequired":true,"valueName":"search_term_string"}}],"inLanguage":"fr-FR"}]}},"meta_box":{"industry":"","seo_heading":"","heading":"","description":"","cta_heading":"","cta_description":"","application":"3424","h1":"Plugin de formulaire d'abonnement GoDaddy","h1_caption":"Int\u00e9grez un formulaire d'abonnement pour collecter des e-mails et d\u00e9velopper facilement votre liste de diffusion sur votre site Web GoDaddy.","application_category":[],"applications_title":"","applications_request_title":"","applications_request_button_text":"","hero_text":"","hero_video":"","hero_video_schema_markup":"","selling_points_title":"","selling_points_caption":"","selling_points":[],"selling_points_cta_text":"","features_title":"","features":"","ed_cta_examples_text":"","ed_cta_examples_hidden":"","ed_cta_demo_text":"","ed_cta_demo_hidden":"","why_caption":"","why_editor_title":"","why_editor_text":"","why_team_title":"","why_team_text":"","why_service_title":"","why_service_text":"","template_catalog_visible":"","template_catalog_title":"","template_catalog_text":"","template_catalog_categories_visible":"","demo_title":"Cr\u00e9ez votre plugin de formulaire d'abonnement","demo_caption":"Configurez votre formulaire d'abonnement et ajoutez-le gratuitement \u00e0 votre site Web GoDaddy\u00a0!","default_faq_hidden":"","app_template_category":[],"platform":"370","template_public_id":"","codecanyon_url":"","codecanyon_item_id":"","codecanyon_price":"","pricing_caption":"","pricing_elfsight_apps_hide_column":"","pricing_elfsight_apps_url":"","pricing_codecanyon_price_caption":"","integration_category":[],"integration_request_title":"","integration_request_cta":"","integration_platform":"","integrations":[],"platform_category":[],"video_schema_markup":"","price":"\u00e0 partir de 0$ \/ mois","trial":"","benefits":[{"text":"Service d'installation gratuit"},{"text":"Assistance premium"},{"text":"Garantie de remboursement de 14 jours"},{"text":"Am\u00e9liorations gratuites et continues"}],"button_url":"","button_target_blank":"","button_nofollow":"","attributes":[{"name":"Installations","content":"10,000 - 100,000"},{"name":"Sensible","content":"Oui"},{"name":"Navigateurs compatibles","content":"IE11, Firefox, Safari, Opera, Chrome, Edge"}],"tags":[],"tags_disable_links":"","hide_more_platforms":"","video_object":"","demo_hide_cta":"","demo_hide_cloud_options":"","pricing_title":"","pricing":[{"pricing_icon":"platform","pricing_title":"Elfsight Apps","pricing_title_caption":"Solution multiplateforme adapt\u00e9e \u00e0 tous les sites","pricing_price":"from $0 \/ month","pricing_price_caption":"commencez avec un forfait gratuit","pricing_benefits":[{"text":"Domaines illimit\u00e9s"},{"text":"Support client d\u00e9di\u00e9"},{"text":"Assistance \u00e0 l'installation gratuite"},{"text":"Enti\u00e8rement personnalisable"}],"pricing_button_text":"Ajouter au site Web","pricing_button_url":"#demo"}],"related_apps_title":"","related_apps_hidden":"","author":"","image":[],"title":"","job":"","social_networks":[]},"_links":{"self":[{"href":"https:\/\/elfsight.com\/fr\/wp-json\/wp\/v2\/pages\/10445","targetHints":{"allow":["GET"]}}],"collection":[{"href":"https:\/\/elfsight.com\/fr\/wp-json\/wp\/v2\/pages"}],"about":[{"href":"https:\/\/elfsight.com\/fr\/wp-json\/wp\/v2\/types\/page"}],"author":[{"embeddable":true,"href":"https:\/\/elfsight.com\/fr\/wp-json\/wp\/v2\/users\/9"}],"replies":[{"embeddable":true,"href":"https:\/\/elfsight.com\/fr\/wp-json\/wp\/v2\/comments?post=10445"}],"version-history":[{"count":1,"href":"https:\/\/elfsight.com\/fr\/wp-json\/wp\/v2\/pages\/10445\/revisions"}],"predecessor-version":[{"id":10449,"href":"https:\/\/elfsight.com\/fr\/wp-json\/wp\/v2\/pages\/10445\/revisions\/10449"}],"up":[{"embeddable":true,"href":"https:\/\/elfsight.com\/fr\/wp-json\/wp\/v2\/pages\/3425"}],"wp:attachment":[{"href":"https:\/\/elfsight.com\/fr\/wp-json\/wp\/v2\/media?parent=10445"}],"curies":[{"name":"wp","href":"https:\/\/api.w.org\/{rel}","templated":true}]}}