{"id":10444,"date":"1970-01-01T00:00:00","date_gmt":"1970-01-01T00:00:00","guid":{"rendered":"https:\/\/elfsight.com\/fr\/?page_id=10444"},"modified":"2025-07-10T13:42:54","modified_gmt":"2025-07-10T13:42:54","slug":"prestashop","status":"publish","type":"page","link":"https:\/\/elfsight.com\/fr\/subscription-form-widget\/prestashop\/","title":{"rendered":"Subscription Form &#8211; PrestaShop"},"content":{"rendered":"<div class=\"application-platform-content-item-description application-platform-content-item\" id=\"description\" data-nav-section=\"description\"> <h2>Description<\/h2> <p>Le formulaire d&rsquo;abonnement Elfsight est un outil pratique vous donnant la possibilit\u00e9 de collecter des e-mails. Le plugin vous offre la possibilit\u00e9 non seulement de cr\u00e9er votre liste de diffusion, mais de le faire efficacement &#8211; vous \u00eates libre d&rsquo;ajouter l&rsquo;en-t\u00eate avec la l\u00e9gende au formulaire, de demander l&rsquo;adresse e-mail du pr\u00e9nom ou de rester simple et de mettre uniquement un champ de courrier \u00e9lectronique et accompagnez-le d\u2019une \u00e9tiquette explicative et d\u2019un espace r\u00e9serv\u00e9. Il existe \u00e9galement une option pour connecter votre widget de formulaire d&rsquo;abonnement \u00e0 Mailchimp. Et en appliquant l\u2019un des 4 mod\u00e8les de mise en page pr\u00e9d\u00e9finis propos\u00e9s, vous serez en mesure de concevoir l\u2019outil qui fonctionne exactement pour vous. <\/p><p><b>Pr\u00e9sentez votre formulaire d&rsquo;abonnement aux bonnes personnes sur les bonnes pages de votre site et emp\u00eachez-les de rebondir\u00a0!<\/b><\/p><\/div> <div class=\"application-platform-content-item-features  application-platform-content-item\" id=\"features \" data-nav-section=\"features \"> <h2>Voici les principales fonctionnalit\u00e9s du widget\u00a0: <\/h2> <ul><li>Attachez une section d&rsquo;en-t\u00eate avec une l\u00e9gende attrayante. <\/li><li>Liez votre formulaire d&rsquo;abonnement \u00e0 Mailchimp <\/li><li>Obtenez votre base de donn\u00e9es de messagerie au format CSV. <\/li><li>Champs de formulaire personnalisables. <\/li><li>Quatre mises en page parmi lesquelles choisir\u00a0: Side-in, Pane, Embedded, Popup. <\/li><\/ul><p><a href=\"#demo\">Essayez tous les param\u00e8tres dans la d\u00e9mo compl\u00e8te<\/a><\/p> <\/div> <div class=\"application-platform-content-item-installation application-platform-content-item\" id=\"installation\" data-nav-section=\"installation\"> <h2>Comment int\u00e9grer le formulaire d&rsquo;abonnement sur mon site PrestaShop ? <\/h2> <p>Suivez simplement les instructions ci-dessous pour ajouter le widget. <\/p> <ol><li><b>Utilisez notre configurateur gratuit et commencez \u00e0 cr\u00e9er votre instrument personnalis\u00e9.<\/b><br> Trouvez l&rsquo;apparence et les fonctionnalit\u00e9s souhait\u00e9es du widget et enregistrez les modifications.<\/li> <li><b>Recevez votre code individuel affich\u00e9 dans la case sur Elfsight Apps.<\/b><br> D\u00e8s que la personnalisation de votre widget est termin\u00e9e, copiez le code individuel dans la case qui appara\u00eet et enregistrez-le pour le futur. dont vous avez besoin.<\/li> <li><b>Initiez l&rsquo;utilisation de l&rsquo;addon sur la page d&rsquo;accueil de PrestaShop.<\/b><br> Ajoutez le code que vous avez copi\u00e9 auparavant sur votre site Web et appliquez les corrections.<\/li> <li><b>Fait\u00a0! L&rsquo;int\u00e9gration est enti\u00e8rement r\u00e9alis\u00e9e.<\/b><br> Visitez votre site pour observer le fonctionnement de l&rsquo;outil. <\/li><\/ol> <p>En cas de questions ou de complications, n&rsquo;h\u00e9sitez pas \u00e0 faire appel \u00e0 notre \u00e9quipe d&rsquo;assistance. Nos sp\u00e9cialistes sont impatients de vous aider avec toutes les difficult\u00e9s que vous pourriez rencontrer avec le produit. <\/p> <div class=\"faq\" data-component=\"FAQ\"> <div class=\"faq-item\">\r\n\t\t\t\t\t<div class=\"faq-item-question\">\r\n\t\t\t\t\t\t<h3 class=\"faq-item-question-text\">Comment puis-je ajouter Form Builder \u00e0 mon site PrestaShop sans comp\u00e9tences en codage ?<\/h3>\r\n\r\n\t\t\t\t\t\t<div class=\"faq-item-question-icon\"><\/div>\r\n\t\t\t\t\t<\/div>\r\n\r\n\t\t\t\t\t<div class=\"faq-item-answer\">\r\n\t\t\t\t\t\t<div class=\"faq-item-answer-text\"> <p>Elfsight fournit une solution SaaS qui vous permet de cr\u00e9er vous-m\u00eame un widget Form Builder, voyez \u00e0 quel point il est facile Le processus est le suivant\u00a0: travaillez directement dans l&rsquo;\u00e9diteur en ligne pour cr\u00e9er un widget Form Builder que vous aimeriez voir sur votre site Web PrestaShop. Choisissez l&rsquo;un des mod\u00e8les pr\u00e9d\u00e9finis et ajustez les param\u00e8tres de Form Builder, ajoutez votre contenu, modifiez la mise en page et la palette de couleurs sans comp\u00e9tences en codage. Enregistrez le Form Builder et copiez son code d&rsquo;installation, afin de pouvoir l&rsquo;ajouter sans effort \u00e0 votre site Web PrestaShop sans avoir besoin d&rsquo;acheter une version payante. Avec notre \u00e9diteur intuitif, tout internaute peut cr\u00e9er un widget Form Builder en ligne et l&rsquo;int\u00e9grer facilement \u00e0 son site PrestaShop. Il n&rsquo;est pas n\u00e9cessaire de payer ou de saisir les informations d&rsquo;identification de votre carte pour acc\u00e9der au service. Si vous rencontrez des probl\u00e8mes \u00e0 n&rsquo;importe quelle \u00e9tape, n&rsquo;h\u00e9sitez pas \u00e0 contacter notre \u00e9quipe d&rsquo;assistance technique.<\/p> <\/div>\r\n\t\t\t\t\t<\/div>\r\n\t\t\t\t<\/div><div class=\"faq-item\">\r\n\t\t\t\t\t<div class=\"faq-item-question\">\r\n\t\t\t\t\t\t<h3 class=\"faq-item-question-text\">Avez-vous des mod\u00e8les de formulaire d'abonnement pr\u00e9d\u00e9finis pour le site Web PrestaShop ?<\/h3>\r\n\r\n\t\t\t\t\t\t<div class=\"faq-item-question-icon\"><\/div>\r\n\t\t\t\t\t<\/div>\r\n\r\n\t\t\t\t\t<div class=\"faq-item-answer\">\r\n\t\t\t\t\t\t<div class=\"faq-item-answer-text\"><p>Oui, Elfsight propose une vaste biblioth\u00e8que de plus de 300 mod\u00e8les pour tous les cas. Faites d\u00e9filer les <a href=\"https:\/\/elfsight.com\/online-form-builder\/templates\/subscription-forms\/\">mod\u00e8les de formulaire d&rsquo;abonnement<\/a> et d\u00e9cidez lequel vous convient le mieux.<\/p> <\/div>\r\n\t\t\t\t\t<\/div>\r\n\t\t\t\t<\/div> <\/div> <\/div>","protected":false},"excerpt":{"rendered":"","protected":false},"author":9,"featured_media":0,"parent":3425,"menu_order":0,"comment_status":"closed","ping_status":"closed","template":"templates\/template-application-platform.php","meta":{"publish_to_discourse":"","publish_post_category":"","wpdc_auto_publish_overridden":"","wpdc_topic_tags":"","wpdc_pin_topic":"","wpdc_pin_until":"","discourse_post_id":"","discourse_permalink":"","wpdc_publishing_response":"","wpdc_publishing_error":"","footnotes":""},"class_list":["post-10444","page","type-page","status-publish","hentry"],"yoast_head":"<!-- This site is optimized with the Yoast SEO plugin v25.3.1 - https:\/\/yoast.com\/wordpress\/plugins\/seo\/ -->\n<title>Ajouter le plugin Subscription Form au site PrestaShop (rapide et gratuit)<\/title>\n<meta name=\"description\" content=\"Int\u00e9grez un module compl\u00e9mentaire PrestaShop Subscription Form \u00e0 votre site Web. Ajustez tous les champs, choisissez l&#039;un des 4 mod\u00e8les de mise en page et plus encore.\" \/>\n<meta name=\"robots\" content=\"index, follow, max-snippet:-1, max-image-preview:large, max-video-preview:-1\" \/>\n<link rel=\"canonical\" href=\"https:\/\/elfsight.com\/fr\/subscription-form-widget\/prestashop\/\" \/>\n<meta property=\"og:locale\" content=\"fr_FR\" \/>\n<meta property=\"og:type\" content=\"article\" \/>\n<meta property=\"og:title\" content=\"Ajouter le plugin Subscription Form au site PrestaShop (rapide et gratuit)\" \/>\n<meta property=\"og:description\" content=\"Int\u00e9grez un module compl\u00e9mentaire PrestaShop Subscription Form \u00e0 votre site Web. Ajustez tous les champs, choisissez l&#039;un des 4 mod\u00e8les de mise en page et plus encore.\" \/>\n<meta property=\"og:url\" content=\"https:\/\/elfsight.com\/fr\/subscription-form-widget\/prestashop\/\" \/>\n<meta property=\"og:site_name\" content=\"Elfsight FR\" \/>\n<meta property=\"article:modified_time\" content=\"2025-07-10T13:42:54+00:00\" \/>\n<meta name=\"twitter:card\" content=\"summary_large_image\" \/>\n<meta name=\"twitter:label1\" content=\"Dur\u00e9e de lecture estim\u00e9e\" \/>\n\t<meta name=\"twitter:data1\" content=\"3 minutes\" \/>\n<!-- \/ Yoast SEO plugin. -->","yoast_head_json":{"title":"Ajouter le plugin Subscription Form au site PrestaShop (rapide et gratuit)","description":"Int\u00e9grez un module compl\u00e9mentaire PrestaShop Subscription Form \u00e0 votre site Web. Ajustez tous les champs, choisissez l'un des 4 mod\u00e8les de mise en page et plus encore.","robots":{"index":"index","follow":"follow","max-snippet":"max-snippet:-1","max-image-preview":"max-image-preview:large","max-video-preview":"max-video-preview:-1"},"canonical":"https:\/\/elfsight.com\/fr\/subscription-form-widget\/prestashop\/","og_locale":"fr_FR","og_type":"article","og_title":"Ajouter le plugin Subscription Form au site PrestaShop (rapide et gratuit)","og_description":"Int\u00e9grez un module compl\u00e9mentaire PrestaShop Subscription Form \u00e0 votre site Web. Ajustez tous les champs, choisissez l'un des 4 mod\u00e8les de mise en page et plus encore.","og_url":"https:\/\/elfsight.com\/fr\/subscription-form-widget\/prestashop\/","og_site_name":"Elfsight FR","article_modified_time":"2025-07-10T13:42:54+00:00","twitter_card":"summary_large_image","twitter_misc":{"Dur\u00e9e de lecture estim\u00e9e":"3 minutes"},"schema":{"@context":"https:\/\/schema.org","@graph":[{"@type":"WebPage","@id":"https:\/\/elfsight.com\/fr\/subscription-form-widget\/prestashop\/","url":"https:\/\/elfsight.com\/fr\/subscription-form-widget\/prestashop\/","name":"Ajouter le plugin Subscription Form au site PrestaShop (rapide et gratuit)","isPartOf":{"@id":"https:\/\/elfsight.com\/fr\/#website"},"datePublished":"1970-01-01T00:00:00+00:00","dateModified":"2025-07-10T13:42:54+00:00","description":"Int\u00e9grez un module compl\u00e9mentaire PrestaShop Subscription Form \u00e0 votre site Web. Ajustez tous les champs, choisissez l'un des 4 mod\u00e8les de mise en page et plus encore.","breadcrumb":{"@id":"https:\/\/elfsight.com\/fr\/subscription-form-widget\/prestashop\/#breadcrumb"},"inLanguage":"fr-FR","potentialAction":[{"@type":"ReadAction","target":["https:\/\/elfsight.com\/fr\/subscription-form-widget\/prestashop\/"]}]},{"@type":"BreadcrumbList","@id":"https:\/\/elfsight.com\/fr\/subscription-form-widget\/prestashop\/#breadcrumb","itemListElement":[{"@type":"ListItem","position":1,"name":"Home","item":"https:\/\/elfsight.com\/fr\/"},{"@type":"ListItem","position":2,"name":"Subscription Form","item":"https:\/\/elfsight.com\/fr\/subscription-form-widget\/"},{"@type":"ListItem","position":3,"name":"Subscription Form &#8211; PrestaShop"}]},{"@type":"WebSite","@id":"https:\/\/elfsight.com\/fr\/#website","url":"https:\/\/elfsight.com\/fr\/","name":"Elfsight FR","description":"","potentialAction":[{"@type":"SearchAction","target":{"@type":"EntryPoint","urlTemplate":"https:\/\/elfsight.com\/fr\/?s={search_term_string}"},"query-input":{"@type":"PropertyValueSpecification","valueRequired":true,"valueName":"search_term_string"}}],"inLanguage":"fr-FR"}]}},"meta_box":{"industry":"","seo_heading":"","heading":"","description":"","cta_heading":"","cta_description":"","application":"3424","h1":"Module compl\u00e9mentaire de formulaire d'abonnement PrestaShop","h1_caption":"Int\u00e9grez un formulaire d'abonnement pour collecter des e-mails et d\u00e9velopper facilement votre liste de diffusion sur votre site Web Prestashop.","application_category":[],"applications_title":"","applications_request_title":"","applications_request_button_text":"","hero_text":"","hero_video":"","hero_video_schema_markup":"","selling_points_title":"","selling_points_caption":"","selling_points":[],"selling_points_cta_text":"","features_title":"","features":"","ed_cta_examples_text":"","ed_cta_examples_hidden":"","ed_cta_demo_text":"","ed_cta_demo_hidden":"","why_caption":"","why_editor_title":"","why_editor_text":"","why_team_title":"","why_team_text":"","why_service_title":"","why_service_text":"","template_catalog_visible":"","template_catalog_title":"","template_catalog_text":"","template_catalog_categories_visible":"","demo_title":"Cr\u00e9ez votre module compl\u00e9mentaire de formulaire d'abonnement","demo_caption":"Configurez votre formulaire d'abonnement et ajoutez-le \u00e0 votre site PrestaShop gratuitement !","default_faq_hidden":"","app_template_category":[],"platform":"3190","template_public_id":"","codecanyon_url":"","codecanyon_item_id":"","codecanyon_price":"","pricing_caption":"","pricing_elfsight_apps_hide_column":"","pricing_elfsight_apps_url":"","pricing_codecanyon_price_caption":"","integration_category":[],"integration_request_title":"","integration_request_cta":"","integration_platform":"","integrations":[],"platform_category":[],"video_schema_markup":"","price":"\u00e0 partir de 0$ \/ mois","trial":"","benefits":[{"text":"Service d'installation gratuit"},{"text":"Un soutien exceptionnel"},{"text":"Garantie de remboursement de 14 jours"},{"text":"Mise \u00e0 jour constante"}],"button_url":"","button_target_blank":"","button_nofollow":"","attributes":[{"name":"Installations","content":"10,000 - 100,000"},{"name":"Sensible","content":"Oui"},{"name":"Navigateurs compatibles","content":"Firefox, Safari, Opera, Chrome, Edge"}],"tags":[],"tags_disable_links":"","hide_more_platforms":"","video_object":"","demo_hide_cta":"","demo_hide_cloud_options":"","pricing_title":"","pricing":[{"pricing_icon":"platform","pricing_title":"Elfsight Apps","pricing_title_caption":"Solution multiplateforme","pricing_price":"from $0 \/ month","pricing_price_caption":"commencez avec un forfait gratuit","pricing_benefits":[{"text":"Domaines illimit\u00e9s"},{"text":"Assistance client haut de gamme"},{"text":"Assistance \u00e0 l'installation gratuite"},{"text":"Conception flexible"}],"pricing_button_text":"Ajouter au site Web","pricing_button_url":"#demo"}],"related_apps_title":"","related_apps_hidden":"","author":"","image":[],"title":"","job":"","social_networks":[]},"_links":{"self":[{"href":"https:\/\/elfsight.com\/fr\/wp-json\/wp\/v2\/pages\/10444","targetHints":{"allow":["GET"]}}],"collection":[{"href":"https:\/\/elfsight.com\/fr\/wp-json\/wp\/v2\/pages"}],"about":[{"href":"https:\/\/elfsight.com\/fr\/wp-json\/wp\/v2\/types\/page"}],"author":[{"embeddable":true,"href":"https:\/\/elfsight.com\/fr\/wp-json\/wp\/v2\/users\/9"}],"replies":[{"embeddable":true,"href":"https:\/\/elfsight.com\/fr\/wp-json\/wp\/v2\/comments?post=10444"}],"version-history":[{"count":1,"href":"https:\/\/elfsight.com\/fr\/wp-json\/wp\/v2\/pages\/10444\/revisions"}],"predecessor-version":[{"id":10448,"href":"https:\/\/elfsight.com\/fr\/wp-json\/wp\/v2\/pages\/10444\/revisions\/10448"}],"up":[{"embeddable":true,"href":"https:\/\/elfsight.com\/fr\/wp-json\/wp\/v2\/pages\/3425"}],"wp:attachment":[{"href":"https:\/\/elfsight.com\/fr\/wp-json\/wp\/v2\/media?parent=10444"}],"curies":[{"name":"wp","href":"https:\/\/api.w.org\/{rel}","templated":true}]}}