{"id":10443,"date":"1970-01-01T00:00:00","date_gmt":"1970-01-01T00:00:00","guid":{"rendered":"https:\/\/elfsight.com\/fr\/?page_id=10443"},"modified":"2025-07-10T13:42:07","modified_gmt":"2025-07-10T13:42:07","slug":"jimdo","status":"publish","type":"page","link":"https:\/\/elfsight.com\/fr\/subscription-form-widget\/jimdo\/","title":{"rendered":"Subscription Form &#8211; Jimdo"},"content":{"rendered":"<div class=\"application-platform-content-item-description application-platform-content-item\" id=\"description\" data-nav-section=\"description\"> <h2>Description<\/h2> <p>Le formulaire d&rsquo;abonnement est un instrument utile vous donnant la possibilit\u00e9 de collecter des e-mails. Notre application vous offre la possibilit\u00e9 non seulement de d\u00e9velopper votre base de donn\u00e9es de courrier \u00e9lectronique, mais aussi de le faire efficacement &#8211; vous pouvez joindre \u00e0 l&rsquo;en-t\u00eate une l\u00e9gende informative, demander le pr\u00e9nom de l&rsquo;adresse e-mail ou rester simple et ne laisser qu&rsquo;un champ de courrier \u00e9lectronique ici et joindre une \u00e9tiquette explicative et un espace r\u00e9serv\u00e9. Il existe \u00e9galement une option pour connecter votre application de formulaire d&rsquo;abonnement au service Mailchimp. Et en utilisant l\u2019une des 4 mises en page pr\u00eates \u00e0 l\u2019emploi, vous cr\u00e9erez le widget qui fonctionne exactement comme vous le souhaitez. <\/p> <p><b>D\u00e9montrez votre formulaire d&rsquo;abonnement \u00e0 la newsletter aux bonnes personnes sur les pages appropri\u00e9es de votre site Web et emp\u00eachez-les de rebondir\u00a0! <\/b><\/p> <\/div> <div class=\"application-platform-content-item-features application-platform-content-item\" id=\"features\" data-nav-section=\"features\"> <h2>Voici seulement quelques-unes des nombreuses fonctionnalit\u00e9s du widget\u00a0: <\/h2> <ul><li>Ajoutez une section d&rsquo;en-t\u00eate avec un l\u00e9gende. <\/li><li>Liez le formulaire d&rsquo;abonnement \u00e0 Mailchimp <\/li><li>Obtenez votre base de donn\u00e9es email au format CSV. <\/li><li>Parties de formulaire g\u00e9rables. <\/li><li>4 mises en page parmi lesquelles choisir\u00a0: Side-in, Embedded, Popup, Pane. <\/li><\/ul><p><a href=\"#demo\">Vous pouvez d\u00e9couvrir toutes les fonctionnalit\u00e9s du widget dans la d\u00e9mo sur cette page<\/a><\/p> <\/div> <div class=\"application-platform-content-item-installation application-platform-content-item\" id=\"installation\" data-nav-section=\"installation\"> <h2>Comment ajouter un formulaire d&rsquo;abonnement sur mon site Jimdo ? <\/h2> <p>Suivez simplement les instructions ci-dessous pour int\u00e9grer l&rsquo;outil. <\/p> <ol><li><b>Ouvrez notre configurateur gratuit et commencez \u00e0 cr\u00e9er votre instrument sur mesure. <\/b><br> Recherchez l&rsquo;apparence et les caract\u00e9ristiques fonctionnelles s\u00e9lectionn\u00e9es du widget et appliquez les corrections. <\/li> <li><b>Copiez le code unique expos\u00e9 dans la fen\u00eatre sur Elfsight Apps. <\/b><br> Juste apr\u00e8s la cr\u00e9ation de votre widget personnel, copiez le code exclusif dans la fen\u00eatre contextuelle et conservez-le pour d&rsquo;autres besoins. <\/li> <li><b>Commencez \u00e0 utiliser le widget sur votre page d&rsquo;accueil Jimdo. <\/b><br> Impl\u00e9mentez le code enregistr\u00e9 pr\u00e9c\u00e9demment dans votre page d&rsquo;accueil et appliquez les modifications. <\/li> <li><b>Vous avez termin\u00e9\u00a0! La configuration est enti\u00e8rement r\u00e9alis\u00e9e. <\/b><br> Rendez-vous sur votre site pour observer le fonctionnement de l&rsquo;outil. <\/li><\/ol> <p>Si vous rencontrez des complications, n&rsquo;h\u00e9sitez pas \u00e0 contacter notre service client. Nos sp\u00e9cialistes souhaitent r\u00e9soudre tous les probl\u00e8mes que vous pourriez rencontrer avec le produit. <\/p> <div class=\"faq\" data-component=\"FAQ\"> <div class=\"faq-item\">\r\n\t\t\t\t\t<div class=\"faq-item-question\">\r\n\t\t\t\t\t\t<h3 class=\"faq-item-question-text\">Comment puis-je ajouter Form Builder \u00e0 mon site Jimdo sans comp\u00e9tences en codage ?<\/h3>\r\n\r\n\t\t\t\t\t\t<div class=\"faq-item-question-icon\"><\/div>\r\n\t\t\t\t\t<\/div>\r\n\r\n\t\t\t\t\t<div class=\"faq-item-answer\">\r\n\t\t\t\t\t\t<div class=\"faq-item-answer-text\"> <p>Elfsight fournit une solution SaaS qui vous permet de cr\u00e9er vous-m\u00eame un widget Form Builder. Voyez \u00e0 quel point il est facile Le processus est le suivant\u00a0: travaillez directement dans l&rsquo;\u00e9diteur en ligne pour cr\u00e9er un widget Form Builder que vous aimeriez voir sur votre site Web Jimdo. Choisissez l&rsquo;un des mod\u00e8les pr\u00e9d\u00e9finis et ajustez les param\u00e8tres de Form Builder, ajoutez votre contenu, modifiez la mise en page et les couleurs sans comp\u00e9tences en codage. Enregistrez le Form Builder et copiez son code d&rsquo;installation, que vous pourrez facilement ajouter \u00e0 votre site Web Jimdo sans acheter d&rsquo;abonnement payant. Gr\u00e2ce \u00e0 notre \u00e9diteur intuitif, tout internaute peut cr\u00e9er un widget Form Builder en ligne et l&rsquo;int\u00e9grer facilement \u00e0 son site Web Jimdo. Il n&rsquo;est pas n\u00e9cessaire de payer ou de saisir les informations d&rsquo;identification de votre carte pour acc\u00e9der au service. Si vous rencontrez des probl\u00e8mes \u00e0 n&rsquo;importe quelle \u00e9tape, n&rsquo;h\u00e9sitez pas \u00e0 contacter notre \u00e9quipe d&rsquo;assistance technique.<\/p> <\/div>\r\n\t\t\t\t\t<\/div>\r\n\t\t\t\t<\/div><div class=\"faq-item\">\r\n\t\t\t\t\t<div class=\"faq-item-question\">\r\n\t\t\t\t\t\t<h3 class=\"faq-item-question-text\">Y a-t-il des mod\u00e8les de formulaire d'abonnement \u00e0 utiliser sur le site Jimdo ?<\/h3>\r\n\r\n\t\t\t\t\t\t<div class=\"faq-item-question-icon\"><\/div>\r\n\t\t\t\t\t<\/div>\r\n\r\n\t\t\t\t\t<div class=\"faq-item-answer\">\r\n\t\t\t\t\t\t<div class=\"faq-item-answer-text\"><p> Oui bien s\u00fbr! Elfsight a rassembl\u00e9 une vaste s\u00e9lection de plus de 300 mod\u00e8les pr\u00e9d\u00e9finis. Consultez les <a href=\"https:\/\/elfsight.com\/online-form-builder\/templates\/subscription-forms\/\">Mod\u00e8les de formulaire d&rsquo;abonnement<\/a> pour trouver la meilleure option pour votre site Web.<\/p> <\/div>\r\n\t\t\t\t\t<\/div>\r\n\t\t\t\t<\/div> <\/div> <\/div>","protected":false},"excerpt":{"rendered":"","protected":false},"author":9,"featured_media":0,"parent":3425,"menu_order":0,"comment_status":"closed","ping_status":"closed","template":"templates\/template-application-platform.php","meta":{"publish_to_discourse":"","publish_post_category":"","wpdc_auto_publish_overridden":"","wpdc_topic_tags":"","wpdc_pin_topic":"","wpdc_pin_until":"","discourse_post_id":"","discourse_permalink":"","wpdc_publishing_response":"","wpdc_publishing_error":"","footnotes":""},"class_list":["post-10443","page","type-page","status-publish","hentry"],"yoast_head":"<!-- This site is optimized with the Yoast SEO plugin v25.3.1 - https:\/\/yoast.com\/wordpress\/plugins\/seo\/ -->\n<title>Ajouter un widget Formulaire d&#039;abonnement au site Jimdo (rapide et gratuit)<\/title>\n<meta name=\"description\" content=\"Int\u00e9grez un widget Formulaire d&#039;abonnement Jimdo \u00e0 votre site Web. Ajustez tous les champs, choisissez l&#039;un des 4 mod\u00e8les de mise en page et plus encore.\" \/>\n<meta name=\"robots\" content=\"index, follow, max-snippet:-1, max-image-preview:large, max-video-preview:-1\" \/>\n<link rel=\"canonical\" href=\"https:\/\/elfsight.com\/fr\/subscription-form-widget\/jimdo\/\" \/>\n<meta property=\"og:locale\" content=\"fr_FR\" \/>\n<meta property=\"og:type\" content=\"article\" \/>\n<meta property=\"og:title\" content=\"Ajouter un widget Formulaire d&#039;abonnement au site Jimdo (rapide et gratuit)\" \/>\n<meta property=\"og:description\" content=\"Int\u00e9grez un widget Formulaire d&#039;abonnement Jimdo \u00e0 votre site Web. Ajustez tous les champs, choisissez l&#039;un des 4 mod\u00e8les de mise en page et plus encore.\" \/>\n<meta property=\"og:url\" content=\"https:\/\/elfsight.com\/fr\/subscription-form-widget\/jimdo\/\" \/>\n<meta property=\"og:site_name\" content=\"Elfsight FR\" \/>\n<meta property=\"article:modified_time\" content=\"2025-07-10T13:42:07+00:00\" \/>\n<meta name=\"twitter:card\" content=\"summary_large_image\" \/>\n<meta name=\"twitter:label1\" content=\"Dur\u00e9e de lecture estim\u00e9e\" \/>\n\t<meta name=\"twitter:data1\" content=\"3 minutes\" \/>\n<!-- \/ Yoast SEO plugin. -->","yoast_head_json":{"title":"Ajouter un widget Formulaire d'abonnement au site Jimdo (rapide et gratuit)","description":"Int\u00e9grez un widget Formulaire d'abonnement Jimdo \u00e0 votre site Web. Ajustez tous les champs, choisissez l'un des 4 mod\u00e8les de mise en page et plus encore.","robots":{"index":"index","follow":"follow","max-snippet":"max-snippet:-1","max-image-preview":"max-image-preview:large","max-video-preview":"max-video-preview:-1"},"canonical":"https:\/\/elfsight.com\/fr\/subscription-form-widget\/jimdo\/","og_locale":"fr_FR","og_type":"article","og_title":"Ajouter un widget Formulaire d'abonnement au site Jimdo (rapide et gratuit)","og_description":"Int\u00e9grez un widget Formulaire d'abonnement Jimdo \u00e0 votre site Web. Ajustez tous les champs, choisissez l'un des 4 mod\u00e8les de mise en page et plus encore.","og_url":"https:\/\/elfsight.com\/fr\/subscription-form-widget\/jimdo\/","og_site_name":"Elfsight FR","article_modified_time":"2025-07-10T13:42:07+00:00","twitter_card":"summary_large_image","twitter_misc":{"Dur\u00e9e de lecture estim\u00e9e":"3 minutes"},"schema":{"@context":"https:\/\/schema.org","@graph":[{"@type":"WebPage","@id":"https:\/\/elfsight.com\/fr\/subscription-form-widget\/jimdo\/","url":"https:\/\/elfsight.com\/fr\/subscription-form-widget\/jimdo\/","name":"Ajouter un widget Formulaire d'abonnement au site Jimdo (rapide et gratuit)","isPartOf":{"@id":"https:\/\/elfsight.com\/fr\/#website"},"datePublished":"1970-01-01T00:00:00+00:00","dateModified":"2025-07-10T13:42:07+00:00","description":"Int\u00e9grez un widget Formulaire d'abonnement Jimdo \u00e0 votre site Web. Ajustez tous les champs, choisissez l'un des 4 mod\u00e8les de mise en page et plus encore.","breadcrumb":{"@id":"https:\/\/elfsight.com\/fr\/subscription-form-widget\/jimdo\/#breadcrumb"},"inLanguage":"fr-FR","potentialAction":[{"@type":"ReadAction","target":["https:\/\/elfsight.com\/fr\/subscription-form-widget\/jimdo\/"]}]},{"@type":"BreadcrumbList","@id":"https:\/\/elfsight.com\/fr\/subscription-form-widget\/jimdo\/#breadcrumb","itemListElement":[{"@type":"ListItem","position":1,"name":"Home","item":"https:\/\/elfsight.com\/fr\/"},{"@type":"ListItem","position":2,"name":"Subscription Form","item":"https:\/\/elfsight.com\/fr\/subscription-form-widget\/"},{"@type":"ListItem","position":3,"name":"Subscription Form &#8211; Jimdo"}]},{"@type":"WebSite","@id":"https:\/\/elfsight.com\/fr\/#website","url":"https:\/\/elfsight.com\/fr\/","name":"Elfsight FR","description":"","potentialAction":[{"@type":"SearchAction","target":{"@type":"EntryPoint","urlTemplate":"https:\/\/elfsight.com\/fr\/?s={search_term_string}"},"query-input":{"@type":"PropertyValueSpecification","valueRequired":true,"valueName":"search_term_string"}}],"inLanguage":"fr-FR"}]}},"meta_box":{"industry":"","seo_heading":"","heading":"","description":"","cta_heading":"","cta_description":"","application":"3424","h1":"Widget Formulaire d'abonnement Jimdo","h1_caption":"Int\u00e9grez un formulaire d'abonnement pour collecter des e-mails et d\u00e9velopper facilement votre liste de diffusion dans votre site Web Jimdo.","application_category":[],"applications_title":"","applications_request_title":"","applications_request_button_text":"","hero_text":"","hero_video":"","hero_video_schema_markup":"","selling_points_title":"","selling_points_caption":"","selling_points":[],"selling_points_cta_text":"","features_title":"","features":"","ed_cta_examples_text":"","ed_cta_examples_hidden":"","ed_cta_demo_text":"","ed_cta_demo_hidden":"","why_caption":"","why_editor_title":"","why_editor_text":"","why_team_title":"","why_team_text":"","why_service_title":"","why_service_text":"","template_catalog_visible":"","template_catalog_title":"","template_catalog_text":"","template_catalog_categories_visible":"","demo_title":"Cr\u00e9ez votre widget Formulaire d'abonnement","demo_caption":"Configurez votre formulaire d'abonnement et ajoutez-le gratuitement \u00e0 votre site Jimdo !","default_faq_hidden":"","app_template_category":[],"platform":"372","template_public_id":"","codecanyon_url":"","codecanyon_item_id":"","codecanyon_price":"","pricing_caption":"","pricing_elfsight_apps_hide_column":"","pricing_elfsight_apps_url":"","pricing_codecanyon_price_caption":"","integration_category":[],"integration_request_title":"","integration_request_cta":"","integration_platform":"","integrations":[],"platform_category":[],"video_schema_markup":"","price":"\u00e0 partir de 0$ \/ mois","trial":"","benefits":[{"text":"Aide \u00e0 l'installation gratuite"},{"text":"Service client efficace"},{"text":"Garantie de remboursement de 14 jours"},{"text":"Mise \u00e0 jour constante"}],"button_url":"","button_target_blank":"","button_nofollow":"","attributes":[{"name":"Installations","content":"10,000 - 100,000"},{"name":"Sensible","content":"Oui"},{"name":"Navigateurs compatibles","content":"Firefox, Safari, Opera, Chrome, Edge"}],"tags":[],"tags_disable_links":"","hide_more_platforms":"","video_object":"","demo_hide_cta":"","demo_hide_cloud_options":"","pricing_title":"","pricing":[{"pricing_icon":"platform","pricing_title":"Elfsight Apps","pricing_title_caption":"Solution num\u00e9rique multiplateforme","pricing_price":"from $0 \/ month","pricing_price_caption":"commencez avec un forfait gratuit","pricing_benefits":[{"text":"Domaines illimit\u00e9s"},{"text":"Un support d\u00e9di\u00e9"},{"text":"Aide \u00e0 l'installation gratuite"},{"text":"100% personnalisable"}],"pricing_button_text":"Ajouter au site Web","pricing_button_url":"#demo"}],"related_apps_title":"","related_apps_hidden":"","author":"","image":[],"title":"","job":"","social_networks":[]},"_links":{"self":[{"href":"https:\/\/elfsight.com\/fr\/wp-json\/wp\/v2\/pages\/10443","targetHints":{"allow":["GET"]}}],"collection":[{"href":"https:\/\/elfsight.com\/fr\/wp-json\/wp\/v2\/pages"}],"about":[{"href":"https:\/\/elfsight.com\/fr\/wp-json\/wp\/v2\/types\/page"}],"author":[{"embeddable":true,"href":"https:\/\/elfsight.com\/fr\/wp-json\/wp\/v2\/users\/9"}],"replies":[{"embeddable":true,"href":"https:\/\/elfsight.com\/fr\/wp-json\/wp\/v2\/comments?post=10443"}],"version-history":[{"count":1,"href":"https:\/\/elfsight.com\/fr\/wp-json\/wp\/v2\/pages\/10443\/revisions"}],"predecessor-version":[{"id":10447,"href":"https:\/\/elfsight.com\/fr\/wp-json\/wp\/v2\/pages\/10443\/revisions\/10447"}],"up":[{"embeddable":true,"href":"https:\/\/elfsight.com\/fr\/wp-json\/wp\/v2\/pages\/3425"}],"wp:attachment":[{"href":"https:\/\/elfsight.com\/fr\/wp-json\/wp\/v2\/media?parent=10443"}],"curies":[{"name":"wp","href":"https:\/\/api.w.org\/{rel}","templated":true}]}}