{"id":10442,"date":"1970-01-01T00:00:00","date_gmt":"1970-01-01T00:00:00","guid":{"rendered":"https:\/\/elfsight.com\/fr\/?page_id=10442"},"modified":"2025-07-10T13:39:58","modified_gmt":"2025-07-10T13:39:58","slug":"squarespace","status":"publish","type":"page","link":"https:\/\/elfsight.com\/fr\/store-locator-widget\/squarespace\/","title":{"rendered":"Store Locator &#8211; Squarespace"},"content":{"rendered":"<div class=\"application-platform-content-item-description application-platform-content-item\" id=\"description\" data-nav-section=\"description\"> <h2>Int\u00e9grer le localisateur de magasin dans Squarespace avec un plugin Elfsight<\/h2> <p>Le localisateur de magasin Elfsight pour Squarespace est un widget puissant et personnalisable con\u00e7u pour am\u00e9liorer la convivialit\u00e9 de votre site Web et la satisfaction de vos clients en facilitant plus que jamais la visite de vos clients \u00e0 votre adresse professionnelle. Avec un ensemble de fonctionnalit\u00e9s puissantes con\u00e7ues pour la polyvalence et les performances, ce widget est votre solution id\u00e9ale pour d\u00e9montrer les emplacements physiques de votre entreprise de mani\u00e8re interactive et conviviale. Int\u00e9grez-le d\u00e8s maintenant et remarquez comment il transforme votre site Web en un outil de recherche de magasin orient\u00e9 utilisateur\u00a0! <\/p> <p>En int\u00e9grant le widget, vous augmenterez votre cr\u00e9dibilit\u00e9 aupr\u00e8s des clients en leur donnant des informations d\u00e9taill\u00e9es sur les emplacements physiques de votre entreprise, les rassurant ainsi sur votre pr\u00e9sence \u00e9tablie. Cela peut entra\u00eener une prise de d\u00e9cision plus rapide et une exp\u00e9rience d\u2019achat am\u00e9lior\u00e9e pour les visiteurs. <\/p><p><b>Essayez l&rsquo;extraordinaire outil de recherche de magasin pour pr\u00e9senter votre emplacement et les d\u00e9tails importants de votre op\u00e9ration. Fournissez votre v\u00e9ritable adresse et les informations pertinentes pour recevoir des clients suppl\u00e9mentaires en magasin.<\/b><\/p><\/div> <div class=\"application-platform-content-item-features application-platform-content-item\" id=\"features\" data-nav-section=\"features\"> <h2>D\u00e9couvrez la liste des fonctionnalit\u00e9s les plus utiles\u00a0:<\/h2> <ul><li>S\u00e9lection d&#8217;emplacement sans effort<\/li><li>Fonctionnalit\u00e9s cartographiques intuitives<\/li><li>Boutons CTA de localisation avec int\u00e9grations <\/li><li>Carte de localisation simple lors de la s\u00e9lection d&rsquo;un marqueur<\/li> <li>Lieu, temps de travail et amp; statut d&rsquo;activit\u00e9<\/li><\/ul><p><a href=\"#demo\">Vous pouvez d\u00e9couvrir ce que propose le widget \u00e0 l&rsquo;aide de la d\u00e9mo<\/a><\/p><\/div> <div class=\"application-platform-content-item-installation application-platform-content-item\" id=\"installation\" data-nav-section=\"installation\"> <h2>Comment puis-je int\u00e9grer Store Locator dans ma page Web Squarespace\u00a0?<\/h2> <p>Suivez simplement les instructions ci-dessous pour int\u00e9grer l&rsquo;outil.<\/p> <ol><li><b> Utilisez notre configurateur gratuit et commencez \u00e0 cr\u00e9er votre widget unique. <\/b><br> D\u00e9terminez l&rsquo;interface personnalis\u00e9e et les sp\u00e9cifications du widget et enregistrez les modifications. <\/li> <li><b>Acqu\u00e9rir votre code personnel expos\u00e9 dans la case sur Elfsight Apps. <\/b><br> Une fois la cr\u00e9ation de votre outil personnel termin\u00e9e, copiez le code personnel dans la case qui appara\u00eet et conservez-le pour une prochaine occasion. <\/li> <li><b>Commencez \u00e0 utiliser l&rsquo;outil sur la page Web Squarespace. <\/b><br> Impl\u00e9mentez le code que vous avez copi\u00e9 auparavant dans votre page et enregistrez les ajustements. <\/li> <li><b>L&rsquo;installation est enti\u00e8rement termin\u00e9e. <\/b><br> Visitez votre site Web pour v\u00e9rifier le fonctionnement du widget. <\/li><\/ol> <p>Si vous traitez des demandes de renseignements ou rencontrez des probl\u00e8mes, veuillez vous adresser \u00e0 notre personnel d&rsquo;assistance. Nos consultants sont impatients de r\u00e9soudre toutes les questions que vous pourriez vous poser avec l&rsquo;outil. <\/p><\/div>","protected":false},"excerpt":{"rendered":"","protected":false},"author":9,"featured_media":0,"parent":7318,"menu_order":0,"comment_status":"closed","ping_status":"closed","template":"templates\/template-application-platform.php","meta":{"publish_to_discourse":"","publish_post_category":"","wpdc_auto_publish_overridden":"","wpdc_topic_tags":"","wpdc_pin_topic":"","wpdc_pin_until":"","discourse_post_id":"","discourse_permalink":"","wpdc_publishing_response":"","wpdc_publishing_error":"","footnotes":""},"class_list":["post-10442","page","type-page","status-publish","hentry"],"yoast_head":"<!-- This site is optimized with the Yoast SEO plugin v25.3.1 - https:\/\/yoast.com\/wordpress\/plugins\/seo\/ -->\n<title>Ajouter un localisateur de magasin \u00e0 Squarespace - Int\u00e9grer une carte avec emplacement<\/title>\n<meta name=\"description\" content=\"Ajoutez Store Locator \u00e0 votre site Web Squarespace pour gagner plus de confiance. Essayez une d\u00e9mo pratique d&#039;Elfsight pour cr\u00e9er le widget en quelques minutes.\" \/>\n<meta name=\"robots\" content=\"index, follow, max-snippet:-1, max-image-preview:large, max-video-preview:-1\" \/>\n<link rel=\"canonical\" href=\"https:\/\/elfsight.com\/fr\/store-locator-widget\/squarespace\/\" \/>\n<meta property=\"og:locale\" content=\"fr_FR\" \/>\n<meta property=\"og:type\" content=\"article\" \/>\n<meta property=\"og:title\" content=\"Ajouter un localisateur de magasin \u00e0 Squarespace - Int\u00e9grer une carte avec emplacement\" \/>\n<meta property=\"og:description\" content=\"Ajoutez Store Locator \u00e0 votre site Web Squarespace pour gagner plus de confiance. Essayez une d\u00e9mo pratique d&#039;Elfsight pour cr\u00e9er le widget en quelques minutes.\" \/>\n<meta property=\"og:url\" content=\"https:\/\/elfsight.com\/fr\/store-locator-widget\/squarespace\/\" \/>\n<meta property=\"og:site_name\" content=\"Elfsight FR\" \/>\n<meta property=\"article:modified_time\" content=\"2025-07-10T13:39:58+00:00\" \/>\n<meta name=\"twitter:card\" content=\"summary_large_image\" \/>\n<meta name=\"twitter:label1\" content=\"Dur\u00e9e de lecture estim\u00e9e\" \/>\n\t<meta name=\"twitter:data1\" content=\"2 minutes\" \/>\n<!-- \/ Yoast SEO plugin. -->","yoast_head_json":{"title":"Ajouter un localisateur de magasin \u00e0 Squarespace - Int\u00e9grer une carte avec emplacement","description":"Ajoutez Store Locator \u00e0 votre site Web Squarespace pour gagner plus de confiance. Essayez une d\u00e9mo pratique d'Elfsight pour cr\u00e9er le widget en quelques minutes.","robots":{"index":"index","follow":"follow","max-snippet":"max-snippet:-1","max-image-preview":"max-image-preview:large","max-video-preview":"max-video-preview:-1"},"canonical":"https:\/\/elfsight.com\/fr\/store-locator-widget\/squarespace\/","og_locale":"fr_FR","og_type":"article","og_title":"Ajouter un localisateur de magasin \u00e0 Squarespace - Int\u00e9grer une carte avec emplacement","og_description":"Ajoutez Store Locator \u00e0 votre site Web Squarespace pour gagner plus de confiance. Essayez une d\u00e9mo pratique d'Elfsight pour cr\u00e9er le widget en quelques minutes.","og_url":"https:\/\/elfsight.com\/fr\/store-locator-widget\/squarespace\/","og_site_name":"Elfsight FR","article_modified_time":"2025-07-10T13:39:58+00:00","twitter_card":"summary_large_image","twitter_misc":{"Dur\u00e9e de lecture estim\u00e9e":"2 minutes"},"schema":{"@context":"https:\/\/schema.org","@graph":[{"@type":"WebPage","@id":"https:\/\/elfsight.com\/fr\/store-locator-widget\/squarespace\/","url":"https:\/\/elfsight.com\/fr\/store-locator-widget\/squarespace\/","name":"Ajouter un localisateur de magasin \u00e0 Squarespace - Int\u00e9grer une carte avec emplacement","isPartOf":{"@id":"https:\/\/elfsight.com\/fr\/#website"},"datePublished":"1970-01-01T00:00:00+00:00","dateModified":"2025-07-10T13:39:58+00:00","description":"Ajoutez Store Locator \u00e0 votre site Web Squarespace pour gagner plus de confiance. Essayez une d\u00e9mo pratique d'Elfsight pour cr\u00e9er le widget en quelques minutes.","breadcrumb":{"@id":"https:\/\/elfsight.com\/fr\/store-locator-widget\/squarespace\/#breadcrumb"},"inLanguage":"fr-FR","potentialAction":[{"@type":"ReadAction","target":["https:\/\/elfsight.com\/fr\/store-locator-widget\/squarespace\/"]}]},{"@type":"BreadcrumbList","@id":"https:\/\/elfsight.com\/fr\/store-locator-widget\/squarespace\/#breadcrumb","itemListElement":[{"@type":"ListItem","position":1,"name":"Home","item":"https:\/\/elfsight.com\/fr\/"},{"@type":"ListItem","position":2,"name":"Store Locator","item":"https:\/\/elfsight.com\/fr\/store-locator-widget\/"},{"@type":"ListItem","position":3,"name":"Store Locator &#8211; Squarespace"}]},{"@type":"WebSite","@id":"https:\/\/elfsight.com\/fr\/#website","url":"https:\/\/elfsight.com\/fr\/","name":"Elfsight FR","description":"","potentialAction":[{"@type":"SearchAction","target":{"@type":"EntryPoint","urlTemplate":"https:\/\/elfsight.com\/fr\/?s={search_term_string}"},"query-input":{"@type":"PropertyValueSpecification","valueRequired":true,"valueName":"search_term_string"}}],"inLanguage":"fr-FR"}]}},"meta_box":{"industry":"","seo_heading":"","heading":"","description":"","cta_heading":"","cta_description":"","application":"7315","h1":"Plugin de localisation de magasin Squarespace","h1_caption":"Affichez une carte avec plusieurs emplacements de magasins pour aider vos clients \u00e0 trouver sans effort l'emplacement le plus proche d'eux sur votre site Web Squarespace.","application_category":[],"applications_title":"","applications_request_title":"","applications_request_button_text":"","hero_text":"","hero_video":"","hero_video_schema_markup":"","selling_points_title":"","selling_points_caption":"","selling_points":[],"selling_points_cta_text":"","features_title":"","features":"","ed_cta_examples_text":"","ed_cta_examples_hidden":"","ed_cta_demo_text":"","ed_cta_demo_hidden":"","why_caption":"","why_editor_title":"","why_editor_text":"","why_team_title":"","why_team_text":"","why_service_title":"","why_service_text":"","template_catalog_visible":"","template_catalog_title":"","template_catalog_text":"","template_catalog_categories_visible":"","demo_title":"Cr\u00e9ez votre plugin Store Locator","demo_caption":"Configurez votre Store Locator et ajoutez-le gratuitement \u00e0 votre site Web Squarespace\u00a0!","default_faq_hidden":"","app_template_category":[],"platform":"361","template_public_id":"","codecanyon_url":"","codecanyon_item_id":"","codecanyon_price":"","pricing_caption":"","pricing_elfsight_apps_hide_column":"","pricing_elfsight_apps_url":"","pricing_codecanyon_price_caption":"","integration_category":[],"integration_request_title":"","integration_request_cta":"","integration_platform":"","integrations":[],"platform_category":[],"video_schema_markup":"","price":"\u00e0 partir de 0$ \/ mois","trial":"","benefits":[{"text":"Service d'installation gratuit"},{"text":"Service client comp\u00e9tent"},{"text":"Garantie de remboursement de 14 jours"},{"text":"Mises \u00e0 jour gratuites et continues"}],"button_url":"","button_target_blank":"","button_nofollow":"","attributes":[{"name":"Installations","content":"10,000 - 100,000"},{"name":"Sensible","content":"Oui"},{"name":"Navigateurs compatibles","content":"Firefox, Safari, Opera, Chrome, Edge"}],"tags":[],"tags_disable_links":"","hide_more_platforms":"","video_object":"","demo_hide_cta":"","demo_hide_cloud_options":"","pricing_title":"","pricing":[{"pricing_icon":"platform","pricing_title":"Elfsight Apps","pricing_title_caption":"Solution num\u00e9rique ind\u00e9pendante de la plateforme","pricing_price":"from $0 \/ month","pricing_price_caption":"commencez avec un forfait gratuit","pricing_benefits":[{"text":"Sites Web illimit\u00e9s"},{"text":"Assistance gratuite, ponctuelle et bien document\u00e9e"},{"text":"Aide \u00e0 l'installation gratuite"},{"text":"Enti\u00e8rement personnalisable"}],"pricing_button_text":"Ajouter au site Web","pricing_button_url":"#demo"}],"related_apps_title":"","related_apps_hidden":"","author":"","image":[],"title":"","job":"","social_networks":[]},"_links":{"self":[{"href":"https:\/\/elfsight.com\/fr\/wp-json\/wp\/v2\/pages\/10442","targetHints":{"allow":["GET"]}}],"collection":[{"href":"https:\/\/elfsight.com\/fr\/wp-json\/wp\/v2\/pages"}],"about":[{"href":"https:\/\/elfsight.com\/fr\/wp-json\/wp\/v2\/types\/page"}],"author":[{"embeddable":true,"href":"https:\/\/elfsight.com\/fr\/wp-json\/wp\/v2\/users\/9"}],"replies":[{"embeddable":true,"href":"https:\/\/elfsight.com\/fr\/wp-json\/wp\/v2\/comments?post=10442"}],"version-history":[{"count":1,"href":"https:\/\/elfsight.com\/fr\/wp-json\/wp\/v2\/pages\/10442\/revisions"}],"predecessor-version":[{"id":10446,"href":"https:\/\/elfsight.com\/fr\/wp-json\/wp\/v2\/pages\/10442\/revisions\/10446"}],"up":[{"embeddable":true,"href":"https:\/\/elfsight.com\/fr\/wp-json\/wp\/v2\/pages\/7318"}],"wp:attachment":[{"href":"https:\/\/elfsight.com\/fr\/wp-json\/wp\/v2\/media?parent=10442"}],"curies":[{"name":"wp","href":"https:\/\/api.w.org\/{rel}","templated":true}]}}