{"id":10437,"date":"1970-01-01T00:00:00","date_gmt":"1970-01-01T00:00:00","guid":{"rendered":"https:\/\/elfsight.com\/fr\/?page_id=10437"},"modified":"2025-07-10T13:38:00","modified_gmt":"2025-07-10T13:38:00","slug":"blogger","status":"publish","type":"page","link":"https:\/\/elfsight.com\/fr\/store-locator-widget\/blogger\/","title":{"rendered":"Store Locator &#8211; Blogger"},"content":{"rendered":"<div class=\"application-platform-content-item-description application-platform-content-item\" id=\"description\" data-nav-section=\"description\"> <h2>Int\u00e9grer le localisateur de magasin dans Blogger avec un widget Elfsight<\/h2> <p>Le localisateur de magasin Elfsight pour Blogger est un widget puissant et r\u00e9glable con\u00e7u pour am\u00e9liorer la convivialit\u00e9 de votre site Web et la satisfaction de vos clients en permettant \u00e0 vos clients de trouver plus facilement que jamais un chemin vers vos magasins. Avec un ensemble de fonctionnalit\u00e9s utiles con\u00e7ues pour l&rsquo;efficacit\u00e9 et les performances, ce widget est votre solution id\u00e9ale pour pr\u00e9senter les emplacements de vos magasins physiques de mani\u00e8re compr\u00e9hensible et pratique. Ajoutez-le maintenant et remarquez comment il transforme votre site Web en un outil de recherche de magasin utile\u00a0!<\/p> <p>En incorporant le widget, vous augmenterez votre fiabilit\u00e9 aupr\u00e8s des clients en partageant des informations d\u00e9taill\u00e9es concernant les emplacements physiques de votre entreprise, les rassurant ainsi sur votre identit\u00e9 \u00e9tablie. pr\u00e9sence. Cela pourrait se traduire par une prise de d\u00e9cision plus rapide et une exp\u00e9rience d\u2019achat solide pour les clients. <\/p><p><b>Utilisez l&rsquo;extraordinaire outil de recherche de magasin pour partager votre emplacement et des d\u00e9tails utiles sur l&rsquo;op\u00e9ration. Affichez votre adresse actuelle et les informations requises pour recevoir de nouveaux visiteurs en magasin. <\/b><\/p> <\/div> <div class=\"application-platform-content-item-features application-platform-content-item\" id=\"features\" data-nav-section=\"features\"> <h2>Nous proposons des fonctionnalit\u00e9s puissantes et simples, v\u00e9rifiez-en quelques-unes\u00a0:<\/h2> <ul><li>Indication claire de l&rsquo;adresse<\/li><li>Caract\u00e9ristiques de la carte interactive<\/li><li>Boutons CTA de localisation avec int\u00e9grations <\/li><li>Popup contextuel de localisation simple lors d&rsquo;un clic sur un marqueur<\/li><li>Temps de travail et amp; \u00e9tat actuel<\/li><\/ul><p><a href=\"#demo\">Essayez simplement cette d\u00e9mo pour voir comment cela fonctionne<\/a><\/p> <\/div> <div class=\"application-platform-content-item-installation application-platform-content-item\" id=\"installation\" data-nav-section=\"installation\"> <h2>Comment int\u00e9grer Store Locator \u00e0 mon site Web Blogger\u00a0?<\/h2> <p>Suivez simplement les instructions ci-dessous pour ins\u00e9rer l&rsquo;outil. <\/p> <ol><li><b>Ouvrez notre \u00e9diteur gratuit et commencez \u00e0 cr\u00e9er votre plugin personnalis\u00e9. <\/b><br> Recherchez l&rsquo;interface personnalis\u00e9e et les sp\u00e9cifications du widget et appliquez les modifications. <\/li> <li><b>Copiez votre code unique affich\u00e9 dans la fen\u00eatre sur les applications Elfsight. <\/b><br> Une fois la personnalisation de votre outil personnel termin\u00e9e, copiez le code exclusif dans la fen\u00eatre contextuelle qui appara\u00eet et conservez-le pour d&rsquo;autres besoins. <\/li> <li><b>Commencez \u00e0 appliquer l&rsquo;outil sur votre site Blogger. <\/b><br> Ajoutez le code que vous avez copi\u00e9 r\u00e9cemment sur votre site Web et appliquez les am\u00e9liorations. <\/li> <li><b>Fait\u00a0! L&rsquo;int\u00e9gration est effectu\u00e9e avec succ\u00e8s. <\/b><br> Visitez votre page pour voir les performances de l&rsquo;outil. <\/li><\/ol> <p>Si vous rencontrez des questions ou rencontrez des obstacles, veuillez contacter notre \u00e9quipe d&rsquo;assistance. Nos sp\u00e9cialistes sont d\u00e9sireux de r\u00e9soudre toutes les difficult\u00e9s que vous pourriez rencontrer avec le plugin. <\/p><\/div>","protected":false},"excerpt":{"rendered":"","protected":false},"author":9,"featured_media":0,"parent":7318,"menu_order":0,"comment_status":"closed","ping_status":"closed","template":"templates\/template-application-platform.php","meta":{"publish_to_discourse":"","publish_post_category":"","wpdc_auto_publish_overridden":"","wpdc_topic_tags":"","wpdc_pin_topic":"","wpdc_pin_until":"","discourse_post_id":"","discourse_permalink":"","wpdc_publishing_response":"","wpdc_publishing_error":"","footnotes":""},"class_list":["post-10437","page","type-page","status-publish","hentry"],"yoast_head":"<!-- This site is optimized with the Yoast SEO plugin v25.3.1 - https:\/\/yoast.com\/wordpress\/plugins\/seo\/ -->\n<title>Int\u00e9grez le localisateur de magasin Blogger pour afficher votre position sur la carte<\/title>\n<meta name=\"description\" content=\"Int\u00e9grez Store Locator au site Web Blogger pour une meilleure exp\u00e9rience d&#039;achat. Explorez la d\u00e9mo claire d&#039;Elfsight pour g\u00e9n\u00e9rer le puissant widget.\" \/>\n<meta name=\"robots\" content=\"index, follow, max-snippet:-1, max-image-preview:large, max-video-preview:-1\" \/>\n<link rel=\"canonical\" href=\"https:\/\/elfsight.com\/fr\/store-locator-widget\/blogger\/\" \/>\n<meta property=\"og:locale\" content=\"fr_FR\" \/>\n<meta property=\"og:type\" content=\"article\" \/>\n<meta property=\"og:title\" content=\"Int\u00e9grez le localisateur de magasin Blogger pour afficher votre position sur la carte\" \/>\n<meta property=\"og:description\" content=\"Int\u00e9grez Store Locator au site Web Blogger pour une meilleure exp\u00e9rience d&#039;achat. Explorez la d\u00e9mo claire d&#039;Elfsight pour g\u00e9n\u00e9rer le puissant widget.\" \/>\n<meta property=\"og:url\" content=\"https:\/\/elfsight.com\/fr\/store-locator-widget\/blogger\/\" \/>\n<meta property=\"og:site_name\" content=\"Elfsight FR\" \/>\n<meta property=\"article:modified_time\" content=\"2025-07-10T13:38:00+00:00\" \/>\n<meta name=\"twitter:card\" content=\"summary_large_image\" \/>\n<meta name=\"twitter:label1\" content=\"Dur\u00e9e de lecture estim\u00e9e\" \/>\n\t<meta name=\"twitter:data1\" content=\"2 minutes\" \/>\n<!-- \/ Yoast SEO plugin. -->","yoast_head_json":{"title":"Int\u00e9grez le localisateur de magasin Blogger pour afficher votre position sur la carte","description":"Int\u00e9grez Store Locator au site Web Blogger pour une meilleure exp\u00e9rience d'achat. Explorez la d\u00e9mo claire d'Elfsight pour g\u00e9n\u00e9rer le puissant widget.","robots":{"index":"index","follow":"follow","max-snippet":"max-snippet:-1","max-image-preview":"max-image-preview:large","max-video-preview":"max-video-preview:-1"},"canonical":"https:\/\/elfsight.com\/fr\/store-locator-widget\/blogger\/","og_locale":"fr_FR","og_type":"article","og_title":"Int\u00e9grez le localisateur de magasin Blogger pour afficher votre position sur la carte","og_description":"Int\u00e9grez Store Locator au site Web Blogger pour une meilleure exp\u00e9rience d'achat. Explorez la d\u00e9mo claire d'Elfsight pour g\u00e9n\u00e9rer le puissant widget.","og_url":"https:\/\/elfsight.com\/fr\/store-locator-widget\/blogger\/","og_site_name":"Elfsight FR","article_modified_time":"2025-07-10T13:38:00+00:00","twitter_card":"summary_large_image","twitter_misc":{"Dur\u00e9e de lecture estim\u00e9e":"2 minutes"},"schema":{"@context":"https:\/\/schema.org","@graph":[{"@type":"WebPage","@id":"https:\/\/elfsight.com\/fr\/store-locator-widget\/blogger\/","url":"https:\/\/elfsight.com\/fr\/store-locator-widget\/blogger\/","name":"Int\u00e9grez le localisateur de magasin Blogger pour afficher votre position sur la carte","isPartOf":{"@id":"https:\/\/elfsight.com\/fr\/#website"},"datePublished":"1970-01-01T00:00:00+00:00","dateModified":"2025-07-10T13:38:00+00:00","description":"Int\u00e9grez Store Locator au site Web Blogger pour une meilleure exp\u00e9rience d'achat. Explorez la d\u00e9mo claire d'Elfsight pour g\u00e9n\u00e9rer le puissant widget.","breadcrumb":{"@id":"https:\/\/elfsight.com\/fr\/store-locator-widget\/blogger\/#breadcrumb"},"inLanguage":"fr-FR","potentialAction":[{"@type":"ReadAction","target":["https:\/\/elfsight.com\/fr\/store-locator-widget\/blogger\/"]}]},{"@type":"BreadcrumbList","@id":"https:\/\/elfsight.com\/fr\/store-locator-widget\/blogger\/#breadcrumb","itemListElement":[{"@type":"ListItem","position":1,"name":"Home","item":"https:\/\/elfsight.com\/fr\/"},{"@type":"ListItem","position":2,"name":"Store Locator","item":"https:\/\/elfsight.com\/fr\/store-locator-widget\/"},{"@type":"ListItem","position":3,"name":"Store Locator &#8211; Blogger"}]},{"@type":"WebSite","@id":"https:\/\/elfsight.com\/fr\/#website","url":"https:\/\/elfsight.com\/fr\/","name":"Elfsight FR","description":"","potentialAction":[{"@type":"SearchAction","target":{"@type":"EntryPoint","urlTemplate":"https:\/\/elfsight.com\/fr\/?s={search_term_string}"},"query-input":{"@type":"PropertyValueSpecification","valueRequired":true,"valueName":"search_term_string"}}],"inLanguage":"fr-FR"}]}},"meta_box":{"industry":"","seo_heading":"","heading":"","description":"","cta_heading":"","cta_description":"","application":"7315","h1":"Widget de localisation de magasin BigCommerce","h1_caption":"Affichez une carte avec plusieurs emplacements de magasins pour aider vos clients \u00e0 trouver sans effort l'emplacement le plus proche d'eux sur votre site Web Blogger.","application_category":[],"applications_title":"","applications_request_title":"","applications_request_button_text":"","hero_text":"","hero_video":"","hero_video_schema_markup":"","selling_points_title":"","selling_points_caption":"","selling_points":[],"selling_points_cta_text":"","features_title":"","features":"","ed_cta_examples_text":"","ed_cta_examples_hidden":"","ed_cta_demo_text":"","ed_cta_demo_hidden":"","why_caption":"","why_editor_title":"","why_editor_text":"","why_team_title":"","why_team_text":"","why_service_title":"","why_service_text":"","template_catalog_visible":"","template_catalog_title":"","template_catalog_text":"","template_catalog_categories_visible":"","demo_title":"Cr\u00e9ez votre widget de recherche de magasin","demo_caption":"Configurez votre Store Locator et ajoutez-le gratuitement \u00e0 votre site Web Blogger\u00a0!","default_faq_hidden":"","app_template_category":[],"platform":"348","template_public_id":"","codecanyon_url":"","codecanyon_item_id":"","codecanyon_price":"","pricing_caption":"","pricing_elfsight_apps_hide_column":"","pricing_elfsight_apps_url":"","pricing_codecanyon_price_caption":"","integration_category":[],"integration_request_title":"","integration_request_cta":"","integration_platform":"","integrations":[],"platform_category":[],"video_schema_markup":"","price":"\u00e0 partir de 0$ \/ mois","trial":"","benefits":[{"text":"Sites Web illimit\u00e9s"},{"text":"Support client d\u00e9di\u00e9"},{"text":"Service d'installation gratuit"},{"text":"Conception flexible"}],"button_url":"","button_target_blank":"","button_nofollow":"","attributes":[{"name":"Installations","content":"10,000 - 100,000"},{"name":"Sensible","content":"Oui"},{"name":"Navigateurs compatibles","content":"Firefox, Safari, Opera, Chrome, Edge"}],"tags":[],"tags_disable_links":"","hide_more_platforms":"","video_object":"","demo_hide_cta":"","demo_hide_cloud_options":"","pricing_title":"","pricing":[{"pricing_icon":"platform","pricing_title":"Elfsight Apps","pricing_title_caption":"Solution num\u00e9rique multiplateforme","pricing_price":"from $0 \/ month","pricing_price_caption":"commencez avec un forfait gratuit","pricing_benefits":[{"text":"Sites Web illimit\u00e9s"},{"text":"Support client d\u00e9di\u00e9"},{"text":"Service d'installation gratuit"},{"text":"Conception flexible"}],"pricing_button_text":"Ajouter au site Web","pricing_button_url":"#demo"}],"related_apps_title":"","related_apps_hidden":"","author":"","image":[],"title":"","job":"","social_networks":[]},"_links":{"self":[{"href":"https:\/\/elfsight.com\/fr\/wp-json\/wp\/v2\/pages\/10437","targetHints":{"allow":["GET"]}}],"collection":[{"href":"https:\/\/elfsight.com\/fr\/wp-json\/wp\/v2\/pages"}],"about":[{"href":"https:\/\/elfsight.com\/fr\/wp-json\/wp\/v2\/types\/page"}],"author":[{"embeddable":true,"href":"https:\/\/elfsight.com\/fr\/wp-json\/wp\/v2\/users\/9"}],"replies":[{"embeddable":true,"href":"https:\/\/elfsight.com\/fr\/wp-json\/wp\/v2\/comments?post=10437"}],"version-history":[{"count":1,"href":"https:\/\/elfsight.com\/fr\/wp-json\/wp\/v2\/pages\/10437\/revisions"}],"predecessor-version":[{"id":10441,"href":"https:\/\/elfsight.com\/fr\/wp-json\/wp\/v2\/pages\/10437\/revisions\/10441"}],"up":[{"embeddable":true,"href":"https:\/\/elfsight.com\/fr\/wp-json\/wp\/v2\/pages\/7318"}],"wp:attachment":[{"href":"https:\/\/elfsight.com\/fr\/wp-json\/wp\/v2\/media?parent=10437"}],"curies":[{"name":"wp","href":"https:\/\/api.w.org\/{rel}","templated":true}]}}