{"id":10429,"date":"1970-01-01T00:00:00","date_gmt":"1970-01-01T00:00:00","guid":{"rendered":"https:\/\/elfsight.com\/fr\/?page_id=10429"},"modified":"2025-07-10T13:38:15","modified_gmt":"2025-07-10T13:38:15","slug":"elementor","status":"publish","type":"page","link":"https:\/\/elfsight.com\/fr\/store-locator-widget\/elementor\/","title":{"rendered":"Store Locator &#8211; Elementor"},"content":{"rendered":"<div class=\"application-platform-content-item-description application-platform-content-item\" id=\"description\" data-nav-section=\"description\"> <h2>Int\u00e9grer le localisateur de magasin dans Elementor avec un widget Elfsight<\/h2> <p>Le localisateur de magasin Elfsight pour Elementor est un widget vivant et flexible con\u00e7u pour accro\u00eetre l&rsquo;utilit\u00e9 de votre site Web et l&rsquo;engagement client en permettant \u00e0 vos clients de trouver plus facilement que jamais vos magasins. Avec un ensemble de fonctionnalit\u00e9s adapt\u00e9es \u00e0 l&rsquo;utilit\u00e9 et aux performances, ce widget est votre meilleure solution pour afficher les emplacements de vos magasins physiques de mani\u00e8re compr\u00e9hensible et conviviale. Essayez-le maintenant et remarquez comment il transforme votre site Web en un outil de recherche de magasin utile\u00a0!<\/p> <p>En ajoutant le widget, vous augmenterez la fiabilit\u00e9 de vos visiteurs en fournissant des informations d\u00e9taill\u00e9es sur les emplacements physiques de votre entreprise, rassurant ainsi tous vos clients \u00e9tablis. pr\u00e9sence. Cela se traduira par une prise de d\u00e9cision plus rapide et une exp\u00e9rience d&rsquo;achat solide pour les visiteurs. <\/p><p><b>Ajoutez le brillant outil de recherche de magasin pour pr\u00e9senter votre emplacement et les donn\u00e9es utiles de votre entreprise. Mettez en valeur votre adresse physique et les informations pertinentes, ce qui attirera davantage de clients en magasin. <\/b><\/p><\/div> <div class=\"application-platform-content-item-features application-platform-content-item\" id=\"features\" data-nav-section=\"features\"> <h2>Retrouvez ci-dessous les fonctionnalit\u00e9s principales du widget\u00a0:<\/h2> <ul><li>S\u00e9lection dynamique d&rsquo;adresse<\/li><li>Caract\u00e9ristiques utiles de la carte<\/li><li>Boutons d&rsquo;action de localisation avec int\u00e9grations <\/li><li>Popup de localisation d\u00e9taill\u00e9 lors de la s\u00e9lection d&rsquo;un marqueur<\/li><li>Heure ouvr\u00e9e de localisation et heures d&rsquo;ouverture. statut ouvert<\/li><\/ul><p><a href=\"#demo\">Vous pouvez v\u00e9rifier ce que vaut le widget en utilisant la d\u00e9mo<\/a><\/p><\/div> <div class=\"application-platform-content-item- installation application-platform-content-item\" id=\" installation\" data-nav-section=\" installation\"> <h2>Comment int\u00e9grer Store Locator dans ma page Web Elementor ?<\/h2> <p>Suivez simplement les instructions ci-dessous pour int\u00e9grer le plugin. <\/p> <ol><li><b>Lancez notre d\u00e9mo gratuite et commencez \u00e0 cr\u00e9er votre propre instrument. <\/b><br> Sp\u00e9cifiez la forme et les options appropri\u00e9es de l&rsquo;outil et appliquez les corrections. <\/li> <li><b>Obtenez votre code individuel qui appara\u00eet dans la fen\u00eatre des applications Elfsight. <\/b><br> D\u00e8s que la cr\u00e9ation de votre widget personnel est termin\u00e9e, copiez le code exclusif dans la fen\u00eatre qui appara\u00eet et enregistrez-le pour une utilisation ult\u00e9rieure. <\/li> <li><b>Entrez pour utiliser l&rsquo;outil sur votre site Elementor. <\/b><br> Ajoutez le code copi\u00e9 auparavant dans votre page et enregistrez les modifications. <\/li> <li><b>Vous avez termin\u00e9\u00a0! L&rsquo;int\u00e9gration est r\u00e9alis\u00e9e avec succ\u00e8s. <\/b><br> Acc\u00e9dez \u00e0 votre page pour v\u00e9rifier les performances du widget. <\/li><\/ol> <p>En cas de questions ou de complications, veuillez demander l&rsquo;aide de notre service client. Nos consultants seront ravis de r\u00e9soudre tous les probl\u00e8mes que vous pourriez rencontrer avec le produit. <\/p><\/div>","protected":false},"excerpt":{"rendered":"","protected":false},"author":9,"featured_media":0,"parent":7318,"menu_order":0,"comment_status":"closed","ping_status":"closed","template":"templates\/template-application-platform.php","meta":{"publish_to_discourse":"","publish_post_category":"","wpdc_auto_publish_overridden":"","wpdc_topic_tags":"","wpdc_pin_topic":"","wpdc_pin_until":"","discourse_post_id":"","discourse_permalink":"","wpdc_publishing_response":"","wpdc_publishing_error":"","footnotes":""},"class_list":["post-10429","page","type-page","status-publish","hentry"],"yoast_head":"<!-- This site is optimized with the Yoast SEO plugin v25.3.1 - https:\/\/yoast.com\/wordpress\/plugins\/seo\/ -->\n<title>Ajoutez un localisateur de magasin \u00e0 Elementor - Engagez davantage de clients en magasin<\/title>\n<meta name=\"description\" content=\"Int\u00e9grez un localisateur de magasin utile \u00e0 votre site Web Elementor. B\u00e9n\u00e9ficiez d\u2019une d\u00e9mo simple d\u2019Elfsight pour g\u00e9n\u00e9rer le puissant widget.\" \/>\n<meta name=\"robots\" content=\"index, follow, max-snippet:-1, max-image-preview:large, max-video-preview:-1\" \/>\n<link rel=\"canonical\" href=\"https:\/\/elfsight.com\/fr\/store-locator-widget\/elementor\/\" \/>\n<meta property=\"og:locale\" content=\"fr_FR\" \/>\n<meta property=\"og:type\" content=\"article\" \/>\n<meta property=\"og:title\" content=\"Ajoutez un localisateur de magasin \u00e0 Elementor - Engagez davantage de clients en magasin\" \/>\n<meta property=\"og:description\" content=\"Int\u00e9grez un localisateur de magasin utile \u00e0 votre site Web Elementor. B\u00e9n\u00e9ficiez d\u2019une d\u00e9mo simple d\u2019Elfsight pour g\u00e9n\u00e9rer le puissant widget.\" \/>\n<meta property=\"og:url\" content=\"https:\/\/elfsight.com\/fr\/store-locator-widget\/elementor\/\" \/>\n<meta property=\"og:site_name\" content=\"Elfsight FR\" \/>\n<meta property=\"article:modified_time\" content=\"2025-07-10T13:38:15+00:00\" \/>\n<meta name=\"twitter:card\" content=\"summary_large_image\" \/>\n<meta name=\"twitter:label1\" content=\"Dur\u00e9e de lecture estim\u00e9e\" \/>\n\t<meta name=\"twitter:data1\" content=\"2 minutes\" \/>\n<!-- \/ Yoast SEO plugin. -->","yoast_head_json":{"title":"Ajoutez un localisateur de magasin \u00e0 Elementor - Engagez davantage de clients en magasin","description":"Int\u00e9grez un localisateur de magasin utile \u00e0 votre site Web Elementor. B\u00e9n\u00e9ficiez d\u2019une d\u00e9mo simple d\u2019Elfsight pour g\u00e9n\u00e9rer le puissant widget.","robots":{"index":"index","follow":"follow","max-snippet":"max-snippet:-1","max-image-preview":"max-image-preview:large","max-video-preview":"max-video-preview:-1"},"canonical":"https:\/\/elfsight.com\/fr\/store-locator-widget\/elementor\/","og_locale":"fr_FR","og_type":"article","og_title":"Ajoutez un localisateur de magasin \u00e0 Elementor - Engagez davantage de clients en magasin","og_description":"Int\u00e9grez un localisateur de magasin utile \u00e0 votre site Web Elementor. B\u00e9n\u00e9ficiez d\u2019une d\u00e9mo simple d\u2019Elfsight pour g\u00e9n\u00e9rer le puissant widget.","og_url":"https:\/\/elfsight.com\/fr\/store-locator-widget\/elementor\/","og_site_name":"Elfsight FR","article_modified_time":"2025-07-10T13:38:15+00:00","twitter_card":"summary_large_image","twitter_misc":{"Dur\u00e9e de lecture estim\u00e9e":"2 minutes"},"schema":{"@context":"https:\/\/schema.org","@graph":[{"@type":"WebPage","@id":"https:\/\/elfsight.com\/fr\/store-locator-widget\/elementor\/","url":"https:\/\/elfsight.com\/fr\/store-locator-widget\/elementor\/","name":"Ajoutez un localisateur de magasin \u00e0 Elementor - Engagez davantage de clients en magasin","isPartOf":{"@id":"https:\/\/elfsight.com\/fr\/#website"},"datePublished":"1970-01-01T00:00:00+00:00","dateModified":"2025-07-10T13:38:15+00:00","description":"Int\u00e9grez un localisateur de magasin utile \u00e0 votre site Web Elementor. B\u00e9n\u00e9ficiez d\u2019une d\u00e9mo simple d\u2019Elfsight pour g\u00e9n\u00e9rer le puissant widget.","breadcrumb":{"@id":"https:\/\/elfsight.com\/fr\/store-locator-widget\/elementor\/#breadcrumb"},"inLanguage":"fr-FR","potentialAction":[{"@type":"ReadAction","target":["https:\/\/elfsight.com\/fr\/store-locator-widget\/elementor\/"]}]},{"@type":"BreadcrumbList","@id":"https:\/\/elfsight.com\/fr\/store-locator-widget\/elementor\/#breadcrumb","itemListElement":[{"@type":"ListItem","position":1,"name":"Home","item":"https:\/\/elfsight.com\/fr\/"},{"@type":"ListItem","position":2,"name":"Store Locator","item":"https:\/\/elfsight.com\/fr\/store-locator-widget\/"},{"@type":"ListItem","position":3,"name":"Store Locator &#8211; Elementor"}]},{"@type":"WebSite","@id":"https:\/\/elfsight.com\/fr\/#website","url":"https:\/\/elfsight.com\/fr\/","name":"Elfsight FR","description":"","potentialAction":[{"@type":"SearchAction","target":{"@type":"EntryPoint","urlTemplate":"https:\/\/elfsight.com\/fr\/?s={search_term_string}"},"query-input":{"@type":"PropertyValueSpecification","valueRequired":true,"valueName":"search_term_string"}}],"inLanguage":"fr-FR"}]}},"meta_box":{"industry":"","seo_heading":"","heading":"","description":"","cta_heading":"","cta_description":"","application":"7315","h1":"Widget de localisation de magasin Elementor","h1_caption":"Affichez une carte avec plusieurs emplacements de magasins pour aider vos clients \u00e0 trouver sans effort l'emplacement le plus proche d'eux sur votre site Web Elementor.","application_category":[],"applications_title":"","applications_request_title":"","applications_request_button_text":"","hero_text":"","hero_video":"","hero_video_schema_markup":"","selling_points_title":"","selling_points_caption":"","selling_points":[],"selling_points_cta_text":"","features_title":"","features":"","ed_cta_examples_text":"","ed_cta_examples_hidden":"","ed_cta_demo_text":"","ed_cta_demo_hidden":"","why_caption":"","why_editor_title":"","why_editor_text":"","why_team_title":"","why_team_text":"","why_service_title":"","why_service_text":"","template_catalog_visible":"","template_catalog_title":"","template_catalog_text":"","template_catalog_categories_visible":"","demo_title":"Cr\u00e9ez votre widget de recherche de magasin","demo_caption":"Configurez votre localisateur de magasin et ajoutez-le gratuitement \u00e0 votre site Web Elementor\u00a0!","default_faq_hidden":"","app_template_category":[],"platform":"385","template_public_id":"","codecanyon_url":"","codecanyon_item_id":"","codecanyon_price":"","pricing_caption":"","pricing_elfsight_apps_hide_column":"","pricing_elfsight_apps_url":"","pricing_codecanyon_price_caption":"","integration_category":[],"integration_request_title":"","integration_request_cta":"","integration_platform":"","integrations":[],"platform_category":[],"video_schema_markup":"","price":"\u00e0 partir de 0$ \/ mois","trial":"","benefits":[{"text":"Assistance \u00e0 l'installation gratuite"},{"text":"Service client efficace"},{"text":"Garantie de remboursement de 14 jours"},{"text":"Mises \u00e0 jour continues"}],"button_url":"","button_target_blank":"","button_nofollow":"","attributes":[{"name":"Installations","content":"10,000 - 100,000"},{"name":"Sensible","content":"Oui"},{"name":"Navigateurs compatibles","content":"Firefox, Safari, Opera, Chrome, Edge"}],"tags":[],"tags_disable_links":"","hide_more_platforms":"","video_object":"","demo_hide_cta":"","demo_hide_cloud_options":"","pricing_title":"","pricing":[{"pricing_icon":"platform","pricing_title":"Elfsight Apps","pricing_title_caption":"Solution multiplateforme","pricing_price":"from $0 \/ month","pricing_price_caption":"commencez avec un forfait gratuit","pricing_benefits":[{"text":"Utilisation illimit\u00e9e sur plusieurs domaines"},{"text":"Assistance gratuite 24h\/24 et 7j\/7"},{"text":"Assistance gratuite \u00e0 l'installation et \u00e0 la configuration"},{"text":"Enti\u00e8rement personnalisable pour r\u00e9pondre \u00e0 vos besoins"}],"pricing_button_text":"Ajouter au site Web","pricing_button_url":"#demo"}],"related_apps_title":"","related_apps_hidden":"","author":"","image":[],"title":"","job":"","social_networks":[]},"_links":{"self":[{"href":"https:\/\/elfsight.com\/fr\/wp-json\/wp\/v2\/pages\/10429","targetHints":{"allow":["GET"]}}],"collection":[{"href":"https:\/\/elfsight.com\/fr\/wp-json\/wp\/v2\/pages"}],"about":[{"href":"https:\/\/elfsight.com\/fr\/wp-json\/wp\/v2\/types\/page"}],"author":[{"embeddable":true,"href":"https:\/\/elfsight.com\/fr\/wp-json\/wp\/v2\/users\/9"}],"replies":[{"embeddable":true,"href":"https:\/\/elfsight.com\/fr\/wp-json\/wp\/v2\/comments?post=10429"}],"version-history":[{"count":1,"href":"https:\/\/elfsight.com\/fr\/wp-json\/wp\/v2\/pages\/10429\/revisions"}],"predecessor-version":[{"id":10433,"href":"https:\/\/elfsight.com\/fr\/wp-json\/wp\/v2\/pages\/10429\/revisions\/10433"}],"up":[{"embeddable":true,"href":"https:\/\/elfsight.com\/fr\/wp-json\/wp\/v2\/pages\/7318"}],"wp:attachment":[{"href":"https:\/\/elfsight.com\/fr\/wp-json\/wp\/v2\/media?parent=10429"}],"curies":[{"name":"wp","href":"https:\/\/api.w.org\/{rel}","templated":true}]}}