{"id":10427,"date":"1970-01-01T00:00:00","date_gmt":"1970-01-01T00:00:00","guid":{"rendered":"https:\/\/elfsight.com\/fr\/?page_id=10427"},"modified":"2025-07-10T13:38:34","modified_gmt":"2025-07-10T13:38:34","slug":"godaddy","status":"publish","type":"page","link":"https:\/\/elfsight.com\/fr\/store-locator-widget\/godaddy\/","title":{"rendered":"Store Locator &#8211; GoDaddy"},"content":{"rendered":"<div class=\"application-platform-content-item-description application-platform-content-item\" id=\"description\" data-nav-section=\"description\"> <h2>Int\u00e9grer le localisateur de magasin dans GoDaddy avec un plugin Elfsight<\/h2> <p>Le localisateur de magasin Elfsight pour GoDaddy est un widget dynamique et personnalisable cr\u00e9\u00e9 pour am\u00e9liorer la convivialit\u00e9 de votre site Web et la satisfaction de vos clients en permettant \u00e0 vos clients de trouver plus facilement que jamais l&rsquo;adresse de votre entreprise. Avec une suite de fonctionnalit\u00e9s utiles invent\u00e9es pour l&rsquo;utilit\u00e9 et la performance, ce widget est votre solution cl\u00e9 pour pr\u00e9senter vos emplacements physiques d&rsquo;entreprise de mani\u00e8re claire et pratique. Ajoutez-le maintenant et voyez comment il transforme votre site Web en un outil de recherche de magasin utile\u00a0!<\/p> <p>En int\u00e9grant le widget, vous am\u00e9liorerez votre fiabilit\u00e9 aupr\u00e8s des clients en fournissant des informations d\u00e9taill\u00e9es sur les emplacements physiques de votre entreprise, rassurant ainsi chacun sur votre v\u00e9ritable identit\u00e9. pr\u00e9sence. Cela peut se traduire par une prise de d\u00e9cision plus rapide et une exp\u00e9rience d\u2019achat am\u00e9lior\u00e9e pour les clients. <\/p><p><b>Int\u00e9grez le magnifique outil de recherche de magasin pour pr\u00e9senter votre emplacement et vos donn\u00e9es op\u00e9rationnelles importantes. Affichez votre adresse physique et les informations pertinentes pour inviter des clients suppl\u00e9mentaires en magasin. <\/b><\/p><\/div> <div class=\"application-platform-content-item-features application-platform-content-item\" id=\"features\" data-nav-section=\"features\"> <h2>Voici seulement quelques-unes des nombreuses fonctionnalit\u00e9s du widget\u00a0:<\/h2> <ul><li>Choix d&rsquo;adresse clair<\/li> <li>Fonctionnalit\u00e9s de carte interactive<\/li><li>Boutons d&rsquo;interaction de localisation prenant en charge les int\u00e9grations <\/li><li>Carte de localisation simple lors de la s\u00e9lection d&rsquo;un marqueur<\/li><li>Heures d&rsquo;ouverture et heures d&rsquo;ouverture de l&#8217;emplacement. statut ouvert<\/li><\/ul><p><a href=\"#demo\">Essayez toutes les options de personnalisation dans la d\u00e9mo compl\u00e8te<\/a><\/p><\/div> <div class=\"application-platform-content-item-installation  application-platform-content-item\" id=\"installation \" data-nav-section=\"installation \"> <h2>Comment int\u00e9grer Store Locator \u00e0 mon site Web GoDaddy\u00a0?<\/h2> <p>Suivez simplement les instructions ci-dessous pour int\u00e9grer l&rsquo;outil. <\/p> <ol><li><b>Ex\u00e9cutez notre \u00e9diteur gratuit et commencez \u00e0 cr\u00e9er votre plugin sur mesure. <\/b><br> Sp\u00e9cifiez la conception et les aspects pr\u00e9f\u00e9r\u00e9s de l&rsquo;outil et enregistrez les corrections. <\/li> <li><b>Obtenez le code unique qui appara\u00eet dans la bo\u00eete sur les applications Elfsight. <\/b><br> Une fois la configuration de votre plugin personnel termin\u00e9e, copiez le code personnel de la fen\u00eatre contextuelle apparue et enregistrez-le pour une occasion ult\u00e9rieure. <\/li> <li><b>Commencez \u00e0 utiliser l&rsquo;outil sur votre site GoDaddy. <\/b><br> Collez le code que vous avez copi\u00e9 r\u00e9cemment dans votre site Web et appliquez les ajustements. <\/li> <li><b>L&rsquo;installation est termin\u00e9e avec succ\u00e8s. <\/b><br> Visitez votre site pour examiner le fonctionnement du widget. <\/li><\/ol> <p>\u00c0 condition de r\u00e9pondre \u00e0 des questions ou de faire face \u00e0 certains probl\u00e8mes, n&rsquo;h\u00e9sitez pas \u00e0 demander l&rsquo;aide de notre service client. Nos collaborateurs seront ravis de r\u00e9soudre tous les probl\u00e8mes que vous pourriez rencontrer avec le plugin. <\/p><\/div>","protected":false},"excerpt":{"rendered":"","protected":false},"author":9,"featured_media":0,"parent":7318,"menu_order":0,"comment_status":"closed","ping_status":"closed","template":"templates\/template-application-platform.php","meta":{"publish_to_discourse":"","publish_post_category":"","wpdc_auto_publish_overridden":"","wpdc_topic_tags":"","wpdc_pin_topic":"","wpdc_pin_until":"","discourse_post_id":"","discourse_permalink":"","wpdc_publishing_response":"","wpdc_publishing_error":"","footnotes":""},"class_list":["post-10427","page","type-page","status-publish","hentry"],"yoast_head":"<!-- This site is optimized with the Yoast SEO plugin v25.3.1 - https:\/\/yoast.com\/wordpress\/plugins\/seo\/ -->\n<title>Ajoutez un localisateur de magasin \u00e0 GoDaddy - Utilisez l&#039;outil de recherche de magasin gratuit sur les sites<\/title>\n<meta name=\"description\" content=\"Int\u00e9grez un localisateur de magasin personnalisable au site Web GoDaddy pour am\u00e9liorer la satisfaction des clients. Utilisez la d\u00e9mo simple d&#039;Elfsight pour cr\u00e9er le widget.\" \/>\n<meta name=\"robots\" content=\"index, follow, max-snippet:-1, max-image-preview:large, max-video-preview:-1\" \/>\n<link rel=\"canonical\" href=\"https:\/\/elfsight.com\/fr\/store-locator-widget\/godaddy\/\" \/>\n<meta property=\"og:locale\" content=\"fr_FR\" \/>\n<meta property=\"og:type\" content=\"article\" \/>\n<meta property=\"og:title\" content=\"Ajoutez un localisateur de magasin \u00e0 GoDaddy - Utilisez l&#039;outil de recherche de magasin gratuit sur les sites\" \/>\n<meta property=\"og:description\" content=\"Int\u00e9grez un localisateur de magasin personnalisable au site Web GoDaddy pour am\u00e9liorer la satisfaction des clients. Utilisez la d\u00e9mo simple d&#039;Elfsight pour cr\u00e9er le widget.\" \/>\n<meta property=\"og:url\" content=\"https:\/\/elfsight.com\/fr\/store-locator-widget\/godaddy\/\" \/>\n<meta property=\"og:site_name\" content=\"Elfsight FR\" \/>\n<meta property=\"article:modified_time\" content=\"2025-07-10T13:38:34+00:00\" \/>\n<meta name=\"twitter:card\" content=\"summary_large_image\" \/>\n<meta name=\"twitter:label1\" content=\"Dur\u00e9e de lecture estim\u00e9e\" \/>\n\t<meta name=\"twitter:data1\" content=\"2 minutes\" \/>\n<!-- \/ Yoast SEO plugin. -->","yoast_head_json":{"title":"Ajoutez un localisateur de magasin \u00e0 GoDaddy - Utilisez l'outil de recherche de magasin gratuit sur les sites","description":"Int\u00e9grez un localisateur de magasin personnalisable au site Web GoDaddy pour am\u00e9liorer la satisfaction des clients. Utilisez la d\u00e9mo simple d'Elfsight pour cr\u00e9er le widget.","robots":{"index":"index","follow":"follow","max-snippet":"max-snippet:-1","max-image-preview":"max-image-preview:large","max-video-preview":"max-video-preview:-1"},"canonical":"https:\/\/elfsight.com\/fr\/store-locator-widget\/godaddy\/","og_locale":"fr_FR","og_type":"article","og_title":"Ajoutez un localisateur de magasin \u00e0 GoDaddy - Utilisez l'outil de recherche de magasin gratuit sur les sites","og_description":"Int\u00e9grez un localisateur de magasin personnalisable au site Web GoDaddy pour am\u00e9liorer la satisfaction des clients. Utilisez la d\u00e9mo simple d'Elfsight pour cr\u00e9er le widget.","og_url":"https:\/\/elfsight.com\/fr\/store-locator-widget\/godaddy\/","og_site_name":"Elfsight FR","article_modified_time":"2025-07-10T13:38:34+00:00","twitter_card":"summary_large_image","twitter_misc":{"Dur\u00e9e de lecture estim\u00e9e":"2 minutes"},"schema":{"@context":"https:\/\/schema.org","@graph":[{"@type":"WebPage","@id":"https:\/\/elfsight.com\/fr\/store-locator-widget\/godaddy\/","url":"https:\/\/elfsight.com\/fr\/store-locator-widget\/godaddy\/","name":"Ajoutez un localisateur de magasin \u00e0 GoDaddy - Utilisez l'outil de recherche de magasin gratuit sur les sites","isPartOf":{"@id":"https:\/\/elfsight.com\/fr\/#website"},"datePublished":"1970-01-01T00:00:00+00:00","dateModified":"2025-07-10T13:38:34+00:00","description":"Int\u00e9grez un localisateur de magasin personnalisable au site Web GoDaddy pour am\u00e9liorer la satisfaction des clients. Utilisez la d\u00e9mo simple d'Elfsight pour cr\u00e9er le widget.","breadcrumb":{"@id":"https:\/\/elfsight.com\/fr\/store-locator-widget\/godaddy\/#breadcrumb"},"inLanguage":"fr-FR","potentialAction":[{"@type":"ReadAction","target":["https:\/\/elfsight.com\/fr\/store-locator-widget\/godaddy\/"]}]},{"@type":"BreadcrumbList","@id":"https:\/\/elfsight.com\/fr\/store-locator-widget\/godaddy\/#breadcrumb","itemListElement":[{"@type":"ListItem","position":1,"name":"Home","item":"https:\/\/elfsight.com\/fr\/"},{"@type":"ListItem","position":2,"name":"Store Locator","item":"https:\/\/elfsight.com\/fr\/store-locator-widget\/"},{"@type":"ListItem","position":3,"name":"Store Locator &#8211; GoDaddy"}]},{"@type":"WebSite","@id":"https:\/\/elfsight.com\/fr\/#website","url":"https:\/\/elfsight.com\/fr\/","name":"Elfsight FR","description":"","potentialAction":[{"@type":"SearchAction","target":{"@type":"EntryPoint","urlTemplate":"https:\/\/elfsight.com\/fr\/?s={search_term_string}"},"query-input":{"@type":"PropertyValueSpecification","valueRequired":true,"valueName":"search_term_string"}}],"inLanguage":"fr-FR"}]}},"meta_box":{"industry":"","seo_heading":"","heading":"","description":"","cta_heading":"","cta_description":"","application":"7315","h1":"Plugin de localisation de magasin GoDaddy","h1_caption":"Affichez une carte avec plusieurs emplacements de magasins pour aider vos clients \u00e0 trouver sans effort l'emplacement le plus proche d'eux sur votre site Web GoDaddy.","application_category":[],"applications_title":"","applications_request_title":"","applications_request_button_text":"","hero_text":"","hero_video":"","hero_video_schema_markup":"","selling_points_title":"","selling_points_caption":"","selling_points":[],"selling_points_cta_text":"","features_title":"","features":"","ed_cta_examples_text":"","ed_cta_examples_hidden":"","ed_cta_demo_text":"","ed_cta_demo_hidden":"","why_caption":"","why_editor_title":"","why_editor_text":"","why_team_title":"","why_team_text":"","why_service_title":"","why_service_text":"","template_catalog_visible":"","template_catalog_title":"","template_catalog_text":"","template_catalog_categories_visible":"","demo_title":"Cr\u00e9ez votre plugin Store Locator","demo_caption":"Configurez votre localisateur de magasin et ajoutez-le gratuitement \u00e0 votre site Web GoDaddy\u00a0!","default_faq_hidden":"","app_template_category":[],"platform":"370","template_public_id":"","codecanyon_url":"","codecanyon_item_id":"","codecanyon_price":"","pricing_caption":"","pricing_elfsight_apps_hide_column":"","pricing_elfsight_apps_url":"","pricing_codecanyon_price_caption":"","integration_category":[],"integration_request_title":"","integration_request_cta":"","integration_platform":"","integrations":[],"platform_category":[],"video_schema_markup":"","price":"\u00e0 partir de 0$ \/ mois","trial":"","benefits":[{"text":"Aide \u00e0 l'installation gratuite"},{"text":"Service client efficace"},{"text":"Garantie de remboursement de 14 jours"},{"text":"Mises \u00e0 jour gratuites en continu"}],"button_url":"","button_target_blank":"","button_nofollow":"","attributes":[{"name":"Installations","content":"10,000 - 100,000"},{"name":"Sensible","content":"Oui"},{"name":"Navigateurs compatibles","content":"Firefox, Safari, Opera, Chrome, Edge"}],"tags":[],"tags_disable_links":"","hide_more_platforms":"","video_object":"","demo_hide_cta":"","demo_hide_cloud_options":"","pricing_title":"","pricing":[{"pricing_icon":"platform","pricing_title":"Elfsight Apps","pricing_title_caption":"Version multiplateforme","pricing_price":"from $0 \/ month","pricing_price_caption":"commencez avec un forfait gratuit","pricing_benefits":[{"text":"Domaines illimit\u00e9s"},{"text":"Assistance professionnelle, ponctuelle et bien document\u00e9e"},{"text":"Aide \u00e0 l'installation gratuite"},{"text":"Conception flexible"}],"pricing_button_text":"Ajouter au site Web","pricing_button_url":"#demo"}],"related_apps_title":"","related_apps_hidden":"","author":"","image":[],"title":"","job":"","social_networks":[]},"_links":{"self":[{"href":"https:\/\/elfsight.com\/fr\/wp-json\/wp\/v2\/pages\/10427","targetHints":{"allow":["GET"]}}],"collection":[{"href":"https:\/\/elfsight.com\/fr\/wp-json\/wp\/v2\/pages"}],"about":[{"href":"https:\/\/elfsight.com\/fr\/wp-json\/wp\/v2\/types\/page"}],"author":[{"embeddable":true,"href":"https:\/\/elfsight.com\/fr\/wp-json\/wp\/v2\/users\/9"}],"replies":[{"embeddable":true,"href":"https:\/\/elfsight.com\/fr\/wp-json\/wp\/v2\/comments?post=10427"}],"version-history":[{"count":1,"href":"https:\/\/elfsight.com\/fr\/wp-json\/wp\/v2\/pages\/10427\/revisions"}],"predecessor-version":[{"id":10431,"href":"https:\/\/elfsight.com\/fr\/wp-json\/wp\/v2\/pages\/10427\/revisions\/10431"}],"up":[{"embeddable":true,"href":"https:\/\/elfsight.com\/fr\/wp-json\/wp\/v2\/pages\/7318"}],"wp:attachment":[{"href":"https:\/\/elfsight.com\/fr\/wp-json\/wp\/v2\/media?parent=10427"}],"curies":[{"name":"wp","href":"https:\/\/api.w.org\/{rel}","templated":true}]}}