{"id":10421,"date":"1970-01-01T00:00:00","date_gmt":"1970-01-01T00:00:00","guid":{"rendered":"https:\/\/elfsight.com\/fr\/?page_id=10421"},"modified":"2025-07-10T13:38:45","modified_gmt":"2025-07-10T13:38:45","slug":"html","status":"publish","type":"page","link":"https:\/\/elfsight.com\/fr\/store-locator-widget\/html\/","title":{"rendered":"Store Locator &#8211; HTML"},"content":{"rendered":"<div class=\"application-platform-content-item-description application-platform-content-item\" id=\"description\" data-nav-section=\"description\"> <h2>Int\u00e9grer le localisateur de magasin dans HTML avec un widget Elfsight<\/h2> <p>Le localisateur de magasin Elfsight pour HTML est un widget puissant et flexible con\u00e7u pour am\u00e9liorer la commodit\u00e9 de votre site Web et l&rsquo;engagement client en permettant \u00e0 vos clients de trouver plus facilement que jamais un chemin vers vos magasins. Avec un certain nombre de fonctionnalit\u00e9s puissantes introduites pour l&rsquo;efficacit\u00e9 et les performances, ce widget est votre solution incontournable pour afficher les emplacements physiques de votre entreprise de mani\u00e8re claire et pratique. Ajoutez-le d\u00e8s maintenant et voyez comment il transforme votre site Web en un merveilleux outil de recherche de magasins\u00a0!<\/p> <p>En int\u00e9grant le widget, vous am\u00e9liorerez votre fiabilit\u00e9 aupr\u00e8s des visiteurs en leur donnant des informations d\u00e9taill\u00e9es sur les emplacements physiques de votre organisation, les rassurant quant \u00e0 votre pr\u00e9sence solide. Cela se traduira par une meilleure prise de d\u00e9cision et une meilleure exp\u00e9rience d\u2019achat pour les clients. <\/p><p><b>Int\u00e9grez l&rsquo;extraordinaire outil de recherche de magasins pour partager votre emplacement et les donn\u00e9es importantes de votre entreprise. Mettez en valeur votre adresse actuelle et vos informations utiles, ce qui attirera davantage de clients en magasin. <\/b><\/p><\/div> <div class=\"application-platform-content-item-features application-platform-content-item\" id=\"features\" data-nav-section=\"features\"> <h2>Vous trouverez ci-dessous les fonctionnalit\u00e9s essentielles du widget\u00a0:<\/h2> <ul><li>S\u00e9lection d&rsquo;adresse sans effort<\/li><li>Caract\u00e9ristiques de la carte interactive<\/li><li>Boutons d&rsquo;action de localisation activ\u00e9s avec les int\u00e9grations <\/li><li>Carte de localisation simple lors d&rsquo;un clic sur un marqueur<\/li><li>Heures d&rsquo;ouverture de la localisation et amp; statut ouvert<\/li><\/ul><p><a href=\"#demo\">Vous pouvez essayer toutes les fonctionnalit\u00e9s du widget dans la d\u00e9mo <\/a><\/p> <\/div> <div class=\"application-platform-content-item-installation application-platform-content-item\" id=\"installation\" data-nav-section=\"installation\"> <h2>Comment puis-je int\u00e9grer Store Locator dans ma page Web HTML\u00a0?<\/h2> <p>Suivez simplement les instructions ci-dessous pour int\u00e9grer le widget. <\/p> <ol><li><b>Utilisez notre \u00e9diteur gratuit et commencez \u00e0 cr\u00e9er votre instrument unique. <\/b><br> Recherchez le design et les aspects s\u00e9lectionn\u00e9s du widget et appliquez les modifications. <\/li> <li><b>Copiez votre code individuel qui s&rsquo;affiche dans la fen\u00eatre des applications Elfsight. <\/b><br> Juste apr\u00e8s la cr\u00e9ation de votre outil personnel, copiez le code individuel dans la fen\u00eatre qui appara\u00eet et conservez-le pour un besoin ult\u00e9rieur. <\/li> <li><b>Commencez \u00e0 utiliser le widget sur votre site Web HTML. <\/b><br> Int\u00e9grez le code copi\u00e9 auparavant dans votre page d&rsquo;accueil et enregistrez les modifications. <\/li> <li><b>L&rsquo;installation est enti\u00e8rement termin\u00e9e. <\/b><br> Acc\u00e9dez \u00e0 votre site Web pour inspecter le travail du plugin. <\/li><\/ol> <p>En cas de complications, n&rsquo;h\u00e9sitez pas \u00e0 contacter notre \u00e9quipe de service client. Nos sp\u00e9cialistes sont impatients de vous aider avec toutes les questions que vous pourriez avoir avec le produit. <\/p><\/div>","protected":false},"excerpt":{"rendered":"","protected":false},"author":9,"featured_media":0,"parent":7318,"menu_order":0,"comment_status":"closed","ping_status":"closed","template":"templates\/template-application-platform.php","meta":{"publish_to_discourse":"","publish_post_category":"","wpdc_auto_publish_overridden":"","wpdc_topic_tags":"","wpdc_pin_topic":"","wpdc_pin_until":"","discourse_post_id":"","discourse_permalink":"","wpdc_publishing_response":"","wpdc_publishing_error":"","footnotes":""},"class_list":["post-10421","page","type-page","status-publish","hentry"],"yoast_head":"<!-- This site is optimized with the Yoast SEO plugin v25.3.1 - https:\/\/yoast.com\/wordpress\/plugins\/seo\/ -->\n<title>Int\u00e9grez le localisateur de magasin pour attirer davantage de clients en magasin<\/title>\n<meta name=\"description\" content=\"Ajoutez un localisateur de magasin personnalisable aux sites Web HTML pour une meilleure cr\u00e9dibilit\u00e9. Utilisez une d\u00e9mo pratique d&#039;Elfsight pour cr\u00e9er le widget attrayant.\" \/>\n<meta name=\"robots\" content=\"index, follow, max-snippet:-1, max-image-preview:large, max-video-preview:-1\" \/>\n<link rel=\"canonical\" href=\"https:\/\/elfsight.com\/fr\/store-locator-widget\/html\/\" \/>\n<meta property=\"og:locale\" content=\"fr_FR\" \/>\n<meta property=\"og:type\" content=\"article\" \/>\n<meta property=\"og:title\" content=\"Int\u00e9grez le localisateur de magasin pour attirer davantage de clients en magasin\" \/>\n<meta property=\"og:description\" content=\"Ajoutez un localisateur de magasin personnalisable aux sites Web HTML pour une meilleure cr\u00e9dibilit\u00e9. Utilisez une d\u00e9mo pratique d&#039;Elfsight pour cr\u00e9er le widget attrayant.\" \/>\n<meta property=\"og:url\" content=\"https:\/\/elfsight.com\/fr\/store-locator-widget\/html\/\" \/>\n<meta property=\"og:site_name\" content=\"Elfsight FR\" \/>\n<meta property=\"article:modified_time\" content=\"2025-07-10T13:38:45+00:00\" \/>\n<meta name=\"twitter:card\" content=\"summary_large_image\" \/>\n<meta name=\"twitter:label1\" content=\"Dur\u00e9e de lecture estim\u00e9e\" \/>\n\t<meta name=\"twitter:data1\" content=\"2 minutes\" \/>\n<!-- \/ Yoast SEO plugin. -->","yoast_head_json":{"title":"Int\u00e9grez le localisateur de magasin pour attirer davantage de clients en magasin","description":"Ajoutez un localisateur de magasin personnalisable aux sites Web HTML pour une meilleure cr\u00e9dibilit\u00e9. Utilisez une d\u00e9mo pratique d'Elfsight pour cr\u00e9er le widget attrayant.","robots":{"index":"index","follow":"follow","max-snippet":"max-snippet:-1","max-image-preview":"max-image-preview:large","max-video-preview":"max-video-preview:-1"},"canonical":"https:\/\/elfsight.com\/fr\/store-locator-widget\/html\/","og_locale":"fr_FR","og_type":"article","og_title":"Int\u00e9grez le localisateur de magasin pour attirer davantage de clients en magasin","og_description":"Ajoutez un localisateur de magasin personnalisable aux sites Web HTML pour une meilleure cr\u00e9dibilit\u00e9. Utilisez une d\u00e9mo pratique d'Elfsight pour cr\u00e9er le widget attrayant.","og_url":"https:\/\/elfsight.com\/fr\/store-locator-widget\/html\/","og_site_name":"Elfsight FR","article_modified_time":"2025-07-10T13:38:45+00:00","twitter_card":"summary_large_image","twitter_misc":{"Dur\u00e9e de lecture estim\u00e9e":"2 minutes"},"schema":{"@context":"https:\/\/schema.org","@graph":[{"@type":"WebPage","@id":"https:\/\/elfsight.com\/fr\/store-locator-widget\/html\/","url":"https:\/\/elfsight.com\/fr\/store-locator-widget\/html\/","name":"Int\u00e9grez le localisateur de magasin pour attirer davantage de clients en magasin","isPartOf":{"@id":"https:\/\/elfsight.com\/fr\/#website"},"datePublished":"1970-01-01T00:00:00+00:00","dateModified":"2025-07-10T13:38:45+00:00","description":"Ajoutez un localisateur de magasin personnalisable aux sites Web HTML pour une meilleure cr\u00e9dibilit\u00e9. Utilisez une d\u00e9mo pratique d'Elfsight pour cr\u00e9er le widget attrayant.","breadcrumb":{"@id":"https:\/\/elfsight.com\/fr\/store-locator-widget\/html\/#breadcrumb"},"inLanguage":"fr-FR","potentialAction":[{"@type":"ReadAction","target":["https:\/\/elfsight.com\/fr\/store-locator-widget\/html\/"]}]},{"@type":"BreadcrumbList","@id":"https:\/\/elfsight.com\/fr\/store-locator-widget\/html\/#breadcrumb","itemListElement":[{"@type":"ListItem","position":1,"name":"Home","item":"https:\/\/elfsight.com\/fr\/"},{"@type":"ListItem","position":2,"name":"Store Locator","item":"https:\/\/elfsight.com\/fr\/store-locator-widget\/"},{"@type":"ListItem","position":3,"name":"Store Locator &#8211; HTML"}]},{"@type":"WebSite","@id":"https:\/\/elfsight.com\/fr\/#website","url":"https:\/\/elfsight.com\/fr\/","name":"Elfsight FR","description":"","potentialAction":[{"@type":"SearchAction","target":{"@type":"EntryPoint","urlTemplate":"https:\/\/elfsight.com\/fr\/?s={search_term_string}"},"query-input":{"@type":"PropertyValueSpecification","valueRequired":true,"valueName":"search_term_string"}}],"inLanguage":"fr-FR"}]}},"meta_box":{"industry":"","seo_heading":"","heading":"","description":"","cta_heading":"","cta_description":"","application":"7315","h1":"Widget de recherche de magasin HTML","h1_caption":"Affichez une carte avec plusieurs emplacements de magasins pour aider vos clients \u00e0 trouver sans effort l'emplacement le plus proche d'eux sur votre site Web HTML.","application_category":[],"applications_title":"","applications_request_title":"","applications_request_button_text":"","hero_text":"","hero_video":"","hero_video_schema_markup":"","selling_points_title":"","selling_points_caption":"","selling_points":[],"selling_points_cta_text":"","features_title":"","features":"","ed_cta_examples_text":"","ed_cta_examples_hidden":"","ed_cta_demo_text":"","ed_cta_demo_hidden":"","why_caption":"","why_editor_title":"","why_editor_text":"","why_team_title":"","why_team_text":"","why_service_title":"","why_service_text":"","template_catalog_visible":"","template_catalog_title":"","template_catalog_text":"","template_catalog_categories_visible":"","demo_title":"Cr\u00e9ez votre widget de recherche de magasin","demo_caption":"Configurez votre Store Locator et ajoutez-le gratuitement \u00e0 votre site Web HTML\u00a0!","default_faq_hidden":"","app_template_category":[],"platform":"352","template_public_id":"","codecanyon_url":"","codecanyon_item_id":"","codecanyon_price":"","pricing_caption":"","pricing_elfsight_apps_hide_column":"","pricing_elfsight_apps_url":"","pricing_codecanyon_price_caption":"","integration_category":[],"integration_request_title":"","integration_request_cta":"","integration_platform":"","integrations":[],"platform_category":[],"video_schema_markup":"","price":"\u00e0 partir de 0$ \/ mois","trial":"","benefits":[{"text":"Aide \u00e0 l'installation gratuite"},{"text":"Service client comp\u00e9tent"},{"text":"Garantie de remboursement de 14 jours"},{"text":"D\u00e9veloppement continu"}],"button_url":"","button_target_blank":"","button_nofollow":"","attributes":[{"name":"Installations","content":"10,000 - 100,000"},{"name":"Sensible","content":"Oui"},{"name":"Navigateurs compatibles","content":"Firefox, Safari, Opera, Chrome, Edge"}],"tags":[],"tags_disable_links":"","hide_more_platforms":"","video_object":"","demo_hide_cta":"","demo_hide_cloud_options":"","pricing_title":"","pricing":[{"pricing_icon":"platform","pricing_title":"Elfsight Apps","pricing_title_caption":"Version ind\u00e9pendante de la plate-forme qui fonctionne sur n'importe quel site","pricing_price":"from $0 \/ month","pricing_price_caption":"commencez avec un forfait gratuit","pricing_benefits":[{"text":"Sites Web illimit\u00e9s"},{"text":"Support rapide de l\u2019entreprise et bien document\u00e9"},{"text":"Assistance \u00e0 l'installation gratuite"},{"text":"Enti\u00e8rement personnalisable"}],"pricing_button_text":"Ajouter au site Web","pricing_button_url":"#demo"}],"related_apps_title":"","related_apps_hidden":"","author":"","image":[],"title":"","job":"","social_networks":[]},"_links":{"self":[{"href":"https:\/\/elfsight.com\/fr\/wp-json\/wp\/v2\/pages\/10421","targetHints":{"allow":["GET"]}}],"collection":[{"href":"https:\/\/elfsight.com\/fr\/wp-json\/wp\/v2\/pages"}],"about":[{"href":"https:\/\/elfsight.com\/fr\/wp-json\/wp\/v2\/types\/page"}],"author":[{"embeddable":true,"href":"https:\/\/elfsight.com\/fr\/wp-json\/wp\/v2\/users\/9"}],"replies":[{"embeddable":true,"href":"https:\/\/elfsight.com\/fr\/wp-json\/wp\/v2\/comments?post=10421"}],"version-history":[{"count":1,"href":"https:\/\/elfsight.com\/fr\/wp-json\/wp\/v2\/pages\/10421\/revisions"}],"predecessor-version":[{"id":10425,"href":"https:\/\/elfsight.com\/fr\/wp-json\/wp\/v2\/pages\/10421\/revisions\/10425"}],"up":[{"embeddable":true,"href":"https:\/\/elfsight.com\/fr\/wp-json\/wp\/v2\/pages\/7318"}],"wp:attachment":[{"href":"https:\/\/elfsight.com\/fr\/wp-json\/wp\/v2\/media?parent=10421"}],"curies":[{"name":"wp","href":"https:\/\/api.w.org\/{rel}","templated":true}]}}