{"id":10419,"date":"1970-01-01T00:00:00","date_gmt":"1970-01-01T00:00:00","guid":{"rendered":"https:\/\/elfsight.com\/fr\/?page_id=10419"},"modified":"2025-07-10T13:39:00","modified_gmt":"2025-07-10T13:39:00","slug":"jimdo","status":"publish","type":"page","link":"https:\/\/elfsight.com\/fr\/store-locator-widget\/jimdo\/","title":{"rendered":"Store Locator &#8211; Jimdo"},"content":{"rendered":"<div class=\"application-platform-content-item-description application-platform-content-item\" id=\"description\" data-nav-section=\"description\"> <h2>Int\u00e9grer le localisateur de magasin dans Jimdo avec un widget Elfsight<\/h2> <p>Le localisateur de magasin Elfsight pour Jimdo est un widget dynamique et r\u00e9glable con\u00e7u pour am\u00e9liorer la convivialit\u00e9 de votre site Web et l&rsquo;engagement client en permettant \u00e0 vos clients de trouver plus facilement que jamais votre emplacement. Avec une suite de fonctionnalit\u00e9s adapt\u00e9es \u00e0 l&rsquo;utilit\u00e9 et aux performances, ce widget est votre solution id\u00e9ale pour afficher les emplacements de vos magasins physiques de mani\u00e8re claire et pratique. Essayez-le d\u00e8s maintenant et remarquez comment il transforme votre site Web en un outil de recherche de magasins orient\u00e9 utilisateur\u00a0!<\/p> <p>En int\u00e9grant le widget, vous augmenterez votre cr\u00e9dibilit\u00e9 aupr\u00e8s des clients en leur fournissant des informations d\u00e9taill\u00e9es sur les emplacements physiques de votre entreprise, les rassurant ainsi. de votre pr\u00e9sence r\u00e9elle. Cela peut se traduire par une prise de d\u00e9cision plus rapide et une exp\u00e9rience d\u2019achat am\u00e9lior\u00e9e pour les clients. <\/p><p><b>Utilisez l&rsquo;outil de recherche de magasin g\u00e9nial pour pr\u00e9senter votre emplacement et des d\u00e9tails utiles sur votre entreprise. Fournissez votre adresse physique et les informations requises pour attirer des visiteurs suppl\u00e9mentaires en magasin. <\/b><\/p><\/div> <div class=\"application-platform-content-item-features application-platform-content-item\" id=\"features\" data-nav-section=\"features\"> <h2>Le widget comprend des fonctionnalit\u00e9s puissantes et simples, consultez-en quelques-unes\u00a0:<\/h2> <ul><li>S\u00e9lection d&rsquo;adresse dynamique<\/li><li>Caract\u00e9ristiques de la carte orient\u00e9es utilisateur<\/li><li>Boutons d&rsquo;action de localisation activ\u00e9s avec les int\u00e9grations <\/li><li>Popup de localisation d\u00e9taill\u00e9 lors de la s\u00e9lection du marqueur<\/li><li>Heures d&rsquo;ouverture et amp; statut ouvert<\/li><\/ul><p><a href=\"#demo\">Vous pouvez essayer toutes les fonctionnalit\u00e9s du widget dans la d\u00e9mo sur cette page<\/a><\/p> <\/div> [ application_platform_content_item id=\u00a0\u00bbinstallation\u00a0\u00bb] <h2>Comment int\u00e9grer Store Locator dans ma page Web Jimdo ?<\/h2> <p>Suivez simplement les \u00e9tapes pr\u00e9sent\u00e9es ci-dessous pour activer l&rsquo;outil. <\/p> <ol><li><b>Lancez notre configurateur gratuit et commencez \u00e0 cr\u00e9er votre plugin sur mesure. <\/b><br> Choisissez l&rsquo;interface appropri\u00e9e et les caract\u00e9ristiques fonctionnelles de l&rsquo;outil et enregistrez les modifications. <\/li> <li><b>Recevez votre code individuel r\u00e9v\u00e9l\u00e9 dans la bo\u00eete sur Elfsight Apps. <\/b><br> D\u00e8s que la personnalisation de votre plugin personnel est termin\u00e9e, copiez le code exclusif dans la fen\u00eatre contextuelle qui appara\u00eet et enregistrez-le pour une utilisation ult\u00e9rieure. <\/li> <li><b>Entrez en utilisant le widget sur le site Jimdo. <\/b><br> Collez le code enregistr\u00e9 r\u00e9cemment dans votre site Web et appliquez les am\u00e9liorations. <\/li> <li><b>Fait\u00a0! L&rsquo;int\u00e9gration est enti\u00e8rement r\u00e9alis\u00e9e. <\/b><br> Visitez votre page Web pour voir comment le widget fonctionne. <\/li><\/ol> <p>Si vous avez des questions ou rencontrez des obstacles, n&rsquo;h\u00e9sitez pas \u00e0 faire appel \u00e0 notre \u00e9quipe d&rsquo;assistance. Nos sp\u00e9cialistes seront ravis de vous aider avec toutes les difficult\u00e9s que vous pourriez rencontrer avec le widget. <\/p> [\/application_platform_content_item]","protected":false},"excerpt":{"rendered":"[ application_platform_content_item id=\u00a0\u00bbinstallation\u00a0\u00bb] Comment int\u00e9grer Store Locator dans ma page Web Jimdo ? Suivez simplement les \u00e9tapes pr\u00e9sent\u00e9es ci-dessous pour activer l&rsquo;outil. Lancez notre configurateur gratuit et commencez \u00e0 cr\u00e9er votre plugin sur mesure. Choisissez l&rsquo;interface appropri\u00e9e et les caract\u00e9ristiques fonctionnelles de l&rsquo;outil et enregistrez les modifications. Recevez votre code&#8230;","protected":false},"author":9,"featured_media":0,"parent":7318,"menu_order":0,"comment_status":"closed","ping_status":"closed","template":"templates\/template-application-platform.php","meta":{"publish_to_discourse":"","publish_post_category":"","wpdc_auto_publish_overridden":"","wpdc_topic_tags":"","wpdc_pin_topic":"","wpdc_pin_until":"","discourse_post_id":"","discourse_permalink":"","wpdc_publishing_response":"","wpdc_publishing_error":"","footnotes":""},"class_list":["post-10419","page","type-page","status-publish","hentry"],"yoast_head":"<!-- This site is optimized with the Yoast SEO plugin v25.3.1 - https:\/\/yoast.com\/wordpress\/plugins\/seo\/ -->\n<title>Ajouter un localisateur de magasin pour Jimdo - Int\u00e9grez facilement les emplacements des magasins<\/title>\n<meta name=\"description\" content=\"Int\u00e9grez un localisateur de magasin convivial au site Web Jimdo pour fid\u00e9liser vos clients. B\u00e9n\u00e9ficiez d\u2019une d\u00e9mo pratique d\u2019Elfsight pour cr\u00e9er le widget.\" \/>\n<meta name=\"robots\" content=\"index, follow, max-snippet:-1, max-image-preview:large, max-video-preview:-1\" \/>\n<link rel=\"canonical\" href=\"https:\/\/elfsight.com\/fr\/store-locator-widget\/jimdo\/\" \/>\n<meta property=\"og:locale\" content=\"fr_FR\" \/>\n<meta property=\"og:type\" content=\"article\" \/>\n<meta property=\"og:title\" content=\"Ajouter un localisateur de magasin pour Jimdo - Int\u00e9grez facilement les emplacements des magasins\" \/>\n<meta property=\"og:description\" content=\"Int\u00e9grez un localisateur de magasin convivial au site Web Jimdo pour fid\u00e9liser vos clients. B\u00e9n\u00e9ficiez d\u2019une d\u00e9mo pratique d\u2019Elfsight pour cr\u00e9er le widget.\" \/>\n<meta property=\"og:url\" content=\"https:\/\/elfsight.com\/fr\/store-locator-widget\/jimdo\/\" \/>\n<meta property=\"og:site_name\" content=\"Elfsight FR\" \/>\n<meta property=\"article:modified_time\" content=\"2025-07-10T13:39:00+00:00\" \/>\n<meta name=\"twitter:card\" content=\"summary_large_image\" \/>\n<meta name=\"twitter:label1\" content=\"Dur\u00e9e de lecture estim\u00e9e\" \/>\n\t<meta name=\"twitter:data1\" content=\"2 minutes\" \/>\n<!-- \/ Yoast SEO plugin. -->","yoast_head_json":{"title":"Ajouter un localisateur de magasin pour Jimdo - Int\u00e9grez facilement les emplacements des magasins","description":"Int\u00e9grez un localisateur de magasin convivial au site Web Jimdo pour fid\u00e9liser vos clients. B\u00e9n\u00e9ficiez d\u2019une d\u00e9mo pratique d\u2019Elfsight pour cr\u00e9er le widget.","robots":{"index":"index","follow":"follow","max-snippet":"max-snippet:-1","max-image-preview":"max-image-preview:large","max-video-preview":"max-video-preview:-1"},"canonical":"https:\/\/elfsight.com\/fr\/store-locator-widget\/jimdo\/","og_locale":"fr_FR","og_type":"article","og_title":"Ajouter un localisateur de magasin pour Jimdo - Int\u00e9grez facilement les emplacements des magasins","og_description":"Int\u00e9grez un localisateur de magasin convivial au site Web Jimdo pour fid\u00e9liser vos clients. B\u00e9n\u00e9ficiez d\u2019une d\u00e9mo pratique d\u2019Elfsight pour cr\u00e9er le widget.","og_url":"https:\/\/elfsight.com\/fr\/store-locator-widget\/jimdo\/","og_site_name":"Elfsight FR","article_modified_time":"2025-07-10T13:39:00+00:00","twitter_card":"summary_large_image","twitter_misc":{"Dur\u00e9e de lecture estim\u00e9e":"2 minutes"},"schema":{"@context":"https:\/\/schema.org","@graph":[{"@type":"WebPage","@id":"https:\/\/elfsight.com\/fr\/store-locator-widget\/jimdo\/","url":"https:\/\/elfsight.com\/fr\/store-locator-widget\/jimdo\/","name":"Ajouter un localisateur de magasin pour Jimdo - Int\u00e9grez facilement les emplacements des magasins","isPartOf":{"@id":"https:\/\/elfsight.com\/fr\/#website"},"datePublished":"1970-01-01T00:00:00+00:00","dateModified":"2025-07-10T13:39:00+00:00","description":"Int\u00e9grez un localisateur de magasin convivial au site Web Jimdo pour fid\u00e9liser vos clients. B\u00e9n\u00e9ficiez d\u2019une d\u00e9mo pratique d\u2019Elfsight pour cr\u00e9er le widget.","breadcrumb":{"@id":"https:\/\/elfsight.com\/fr\/store-locator-widget\/jimdo\/#breadcrumb"},"inLanguage":"fr-FR","potentialAction":[{"@type":"ReadAction","target":["https:\/\/elfsight.com\/fr\/store-locator-widget\/jimdo\/"]}]},{"@type":"BreadcrumbList","@id":"https:\/\/elfsight.com\/fr\/store-locator-widget\/jimdo\/#breadcrumb","itemListElement":[{"@type":"ListItem","position":1,"name":"Home","item":"https:\/\/elfsight.com\/fr\/"},{"@type":"ListItem","position":2,"name":"Store Locator","item":"https:\/\/elfsight.com\/fr\/store-locator-widget\/"},{"@type":"ListItem","position":3,"name":"Store Locator &#8211; Jimdo"}]},{"@type":"WebSite","@id":"https:\/\/elfsight.com\/fr\/#website","url":"https:\/\/elfsight.com\/fr\/","name":"Elfsight FR","description":"","potentialAction":[{"@type":"SearchAction","target":{"@type":"EntryPoint","urlTemplate":"https:\/\/elfsight.com\/fr\/?s={search_term_string}"},"query-input":{"@type":"PropertyValueSpecification","valueRequired":true,"valueName":"search_term_string"}}],"inLanguage":"fr-FR"}]}},"meta_box":{"industry":"","seo_heading":"","heading":"","description":"","cta_heading":"","cta_description":"","application":"7315","h1":"Widget de localisation de magasin Jimdo","h1_caption":"Affichez une carte avec plusieurs emplacements de magasins pour aider vos clients \u00e0 trouver sans effort l'emplacement le plus proche d'eux sur votre site Web Jimdo.","application_category":[],"applications_title":"","applications_request_title":"","applications_request_button_text":"","hero_text":"","hero_video":"","hero_video_schema_markup":"","selling_points_title":"","selling_points_caption":"","selling_points":[],"selling_points_cta_text":"","features_title":"","features":"","ed_cta_examples_text":"","ed_cta_examples_hidden":"","ed_cta_demo_text":"","ed_cta_demo_hidden":"","why_caption":"","why_editor_title":"","why_editor_text":"","why_team_title":"","why_team_text":"","why_service_title":"","why_service_text":"","template_catalog_visible":"","template_catalog_title":"","template_catalog_text":"","template_catalog_categories_visible":"","demo_title":"Cr\u00e9ez votre widget de recherche de magasin","demo_caption":"Configurez votre Store Locator et ajoutez-le gratuitement \u00e0 votre site Jimdo !","default_faq_hidden":"","app_template_category":[],"platform":"372","template_public_id":"","codecanyon_url":"","codecanyon_item_id":"","codecanyon_price":"","pricing_caption":"","pricing_elfsight_apps_hide_column":"","pricing_elfsight_apps_url":"","pricing_codecanyon_price_caption":"","integration_category":[],"integration_request_title":"","integration_request_cta":"","integration_platform":"","integrations":[],"platform_category":[],"video_schema_markup":"","price":"\u00e0 partir de 0$ \/ mois","trial":"","benefits":[{"text":"Aide \u00e0 l'installation gratuite"},{"text":"Soutien exceptionnel"},{"text":"Garantie de remboursement de 14 jours"},{"text":"Mises \u00e0 jour gratuites et continues"}],"button_url":"","button_target_blank":"","button_nofollow":"","attributes":[{"name":"Installations","content":"10,000 - 100,000"},{"name":"Sensible","content":"Oui"},{"name":"Navigateurs compatibles","content":"Firefox, Safari, Opera, Chrome, Edge"}],"tags":[],"tags_disable_links":"","hide_more_platforms":"","video_object":"","demo_hide_cta":"","demo_hide_cloud_options":"","pricing_title":"","pricing":[{"pricing_icon":"platform","pricing_title":"Elfsight Apps","pricing_title_caption":"Logiciel multiplateforme qui fonctionne sur n'importe quel site","pricing_price":"from $0 \/ month","pricing_price_caption":"commencez avec un forfait gratuit","pricing_benefits":[{"text":"Domaines illimit\u00e9s"},{"text":"Assistance 24h\/24 et 7j\/7"},{"text":"Service d'installation gratuit"},{"text":"100% personnalisable"}],"pricing_button_text":"Ajouter au site Web","pricing_button_url":"#demo"}],"related_apps_title":"","related_apps_hidden":"","author":"","image":[],"title":"","job":"","social_networks":[]},"_links":{"self":[{"href":"https:\/\/elfsight.com\/fr\/wp-json\/wp\/v2\/pages\/10419","targetHints":{"allow":["GET"]}}],"collection":[{"href":"https:\/\/elfsight.com\/fr\/wp-json\/wp\/v2\/pages"}],"about":[{"href":"https:\/\/elfsight.com\/fr\/wp-json\/wp\/v2\/types\/page"}],"author":[{"embeddable":true,"href":"https:\/\/elfsight.com\/fr\/wp-json\/wp\/v2\/users\/9"}],"replies":[{"embeddable":true,"href":"https:\/\/elfsight.com\/fr\/wp-json\/wp\/v2\/comments?post=10419"}],"version-history":[{"count":1,"href":"https:\/\/elfsight.com\/fr\/wp-json\/wp\/v2\/pages\/10419\/revisions"}],"predecessor-version":[{"id":10423,"href":"https:\/\/elfsight.com\/fr\/wp-json\/wp\/v2\/pages\/10419\/revisions\/10423"}],"up":[{"embeddable":true,"href":"https:\/\/elfsight.com\/fr\/wp-json\/wp\/v2\/pages\/7318"}],"wp:attachment":[{"href":"https:\/\/elfsight.com\/fr\/wp-json\/wp\/v2\/media?parent=10419"}],"curies":[{"name":"wp","href":"https:\/\/api.w.org\/{rel}","templated":true}]}}