{"id":10418,"date":"1970-01-01T00:00:00","date_gmt":"1970-01-01T00:00:00","guid":{"rendered":"https:\/\/elfsight.com\/fr\/?page_id=10418"},"modified":"2025-07-10T13:39:05","modified_gmt":"2025-07-10T13:39:05","slug":"joomla","status":"publish","type":"page","link":"https:\/\/elfsight.com\/fr\/store-locator-widget\/joomla\/","title":{"rendered":"Store Locator &#8211; Joomla"},"content":{"rendered":"<div class=\"application-platform-content-item-description application-platform-content-item\" id=\"description\" data-nav-section=\"description\"> <h2>Int\u00e9grer le localisateur de magasin dans Joomla avec une extension Elfsight<\/h2> <p>Le localisateur de magasin Elfsight pour Joomla est un widget dynamique et r\u00e9glable con\u00e7u pour am\u00e9liorer la convivialit\u00e9 de votre site Web et la satisfaction de vos clients en permettant \u00e0 vos clients de trouver plus facilement que jamais vos magasins. Avec une suite de fonctionnalit\u00e9s puissantes invent\u00e9es pour la polyvalence et les performances, ce widget est votre solution cl\u00e9 pour d\u00e9montrer les emplacements physiques de votre entreprise de mani\u00e8re claire et conviviale. Essayez-le d\u00e8s maintenant et voyez comment il transforme votre site Web en un puissant outil de recherche de magasins\u00a0!<\/p> <p>En int\u00e9grant le widget, vous augmenterez votre fiabilit\u00e9 aupr\u00e8s des clients en partageant des informations d\u00e9taill\u00e9es concernant les emplacements physiques de votre entreprise, rassurant ainsi chacun de vos clients. pr\u00e9sence solide. Cela se traduira par une meilleure prise de d\u00e9cision et une solide exp\u00e9rience d\u2019achat pour les clients. <\/p><p><b>Ajoutez l&rsquo;incroyable outil de recherche de magasin pour pr\u00e9senter votre emplacement et les donn\u00e9es importantes de votre entreprise. Fournissez votre v\u00e9ritable adresse et des informations pertinentes pour inviter davantage de clients en magasin. <\/b><\/p><\/div> <div class=\"application-platform-content-item-features application-platform-content-item\" id=\"features\" data-nav-section=\"features\"> <h2>Affichez la liste des fonctionnalit\u00e9s les plus performantes\u00a0:<\/h2> <ul><li>Effacer la s\u00e9lection de l&#8217;emplacement<\/li><li>Caract\u00e9ristiques de la carte orient\u00e9es utilisateur<\/li><li>Boutons CTA de localisation prenant en charge les int\u00e9grations <\/li><li>Carte de localisation d\u00e9taill\u00e9e au clic du marqueur<\/li><li>Temps de travail et amp; statut ouvert<\/li><\/ul><p><a href=\"#demo\">Vous pouvez tester toutes les fonctionnalit\u00e9s du widget dans la d\u00e9mo d\u00e8s maintenant<\/a><\/p> <\/div> <div class=\"application-platform-content-item-installation application-platform-content-item\" id=\"installation\" data-nav-section=\"installation\"> <h2>Comment int\u00e9grer Store Locator dans mon site Web Joomla\u00a0?<\/h2> <p>Suivez simplement les instructions ci-dessous pour activer le widget. <\/p> <ol><li><b>Ouvrez notre d\u00e9mo gratuite et commencez \u00e0 fa\u00e7onner votre plugin personnalis\u00e9. <\/b><br> Sp\u00e9cifiez la conception et les sp\u00e9cifications souhaitables de l&rsquo;outil et enregistrez les modifications. <\/li> <li><b>Recevez votre code individuel affich\u00e9 dans la fen\u00eatre des applications Elfsight. <\/b><br> Juste apr\u00e8s la cr\u00e9ation de votre plugin personnel, copiez le code exclusif dans la case qui appara\u00eet et conservez-le pour vos besoins futurs. <\/li> <li><b>Initier l&rsquo;utilisation du widget sur le site Web Joomla. <\/b><br> Collez le code copi\u00e9 r\u00e9cemment dans votre page Web et appliquez les modifications. <\/li> <li><b>Fait\u00a0! L&rsquo;int\u00e9gration est enti\u00e8rement r\u00e9alis\u00e9e. <\/b><br> Visitez votre page pour inspecter le travail de l&rsquo;outil. <\/li><\/ol> <p>\u00c0 condition de r\u00e9pondre \u00e0 des demandes de renseignements ou de faire face \u00e0 certaines complications, n&rsquo;h\u00e9sitez pas \u00e0 contacter notre \u00e9quipe d&rsquo;assistance. Nos sp\u00e9cialistes seront ravis de vous aider avec toutes les difficult\u00e9s que vous pourriez rencontrer avec le plugin. <\/p><\/div>","protected":false},"excerpt":{"rendered":"","protected":false},"author":9,"featured_media":0,"parent":7318,"menu_order":0,"comment_status":"closed","ping_status":"closed","template":"templates\/template-application-platform.php","meta":{"publish_to_discourse":"","publish_post_category":"","wpdc_auto_publish_overridden":"","wpdc_topic_tags":"","wpdc_pin_topic":"","wpdc_pin_until":"","discourse_post_id":"","discourse_permalink":"","wpdc_publishing_response":"","wpdc_publishing_error":"","footnotes":""},"class_list":["post-10418","page","type-page","status-publish","hentry"],"yoast_head":"<!-- This site is optimized with the Yoast SEO plugin v25.3.1 - https:\/\/yoast.com\/wordpress\/plugins\/seo\/ -->\n<title>Ajoutez un localisateur de magasin \u00e0 Joomla - Essayez la solution gratuite de recherche de lieu<\/title>\n<meta name=\"description\" content=\"Ajoutez un localisateur de magasin personnalisable aux pages de votre site Web Joomla pour augmenter les conversions. Utilisez une d\u00e9mo simple d&#039;Elfsight pour cr\u00e9er le widget.\" \/>\n<meta name=\"robots\" content=\"index, follow, max-snippet:-1, max-image-preview:large, max-video-preview:-1\" \/>\n<link rel=\"canonical\" href=\"https:\/\/elfsight.com\/fr\/store-locator-widget\/joomla\/\" \/>\n<meta property=\"og:locale\" content=\"fr_FR\" \/>\n<meta property=\"og:type\" content=\"article\" \/>\n<meta property=\"og:title\" content=\"Ajoutez un localisateur de magasin \u00e0 Joomla - Essayez la solution gratuite de recherche de lieu\" \/>\n<meta property=\"og:description\" content=\"Ajoutez un localisateur de magasin personnalisable aux pages de votre site Web Joomla pour augmenter les conversions. Utilisez une d\u00e9mo simple d&#039;Elfsight pour cr\u00e9er le widget.\" \/>\n<meta property=\"og:url\" content=\"https:\/\/elfsight.com\/fr\/store-locator-widget\/joomla\/\" \/>\n<meta property=\"og:site_name\" content=\"Elfsight FR\" \/>\n<meta property=\"article:modified_time\" content=\"2025-07-10T13:39:05+00:00\" \/>\n<meta name=\"twitter:card\" content=\"summary_large_image\" \/>\n<meta name=\"twitter:label1\" content=\"Dur\u00e9e de lecture estim\u00e9e\" \/>\n\t<meta name=\"twitter:data1\" content=\"2 minutes\" \/>\n<!-- \/ Yoast SEO plugin. -->","yoast_head_json":{"title":"Ajoutez un localisateur de magasin \u00e0 Joomla - Essayez la solution gratuite de recherche de lieu","description":"Ajoutez un localisateur de magasin personnalisable aux pages de votre site Web Joomla pour augmenter les conversions. Utilisez une d\u00e9mo simple d'Elfsight pour cr\u00e9er le widget.","robots":{"index":"index","follow":"follow","max-snippet":"max-snippet:-1","max-image-preview":"max-image-preview:large","max-video-preview":"max-video-preview:-1"},"canonical":"https:\/\/elfsight.com\/fr\/store-locator-widget\/joomla\/","og_locale":"fr_FR","og_type":"article","og_title":"Ajoutez un localisateur de magasin \u00e0 Joomla - Essayez la solution gratuite de recherche de lieu","og_description":"Ajoutez un localisateur de magasin personnalisable aux pages de votre site Web Joomla pour augmenter les conversions. Utilisez une d\u00e9mo simple d'Elfsight pour cr\u00e9er le widget.","og_url":"https:\/\/elfsight.com\/fr\/store-locator-widget\/joomla\/","og_site_name":"Elfsight FR","article_modified_time":"2025-07-10T13:39:05+00:00","twitter_card":"summary_large_image","twitter_misc":{"Dur\u00e9e de lecture estim\u00e9e":"2 minutes"},"schema":{"@context":"https:\/\/schema.org","@graph":[{"@type":"WebPage","@id":"https:\/\/elfsight.com\/fr\/store-locator-widget\/joomla\/","url":"https:\/\/elfsight.com\/fr\/store-locator-widget\/joomla\/","name":"Ajoutez un localisateur de magasin \u00e0 Joomla - Essayez la solution gratuite de recherche de lieu","isPartOf":{"@id":"https:\/\/elfsight.com\/fr\/#website"},"datePublished":"1970-01-01T00:00:00+00:00","dateModified":"2025-07-10T13:39:05+00:00","description":"Ajoutez un localisateur de magasin personnalisable aux pages de votre site Web Joomla pour augmenter les conversions. Utilisez une d\u00e9mo simple d'Elfsight pour cr\u00e9er le widget.","breadcrumb":{"@id":"https:\/\/elfsight.com\/fr\/store-locator-widget\/joomla\/#breadcrumb"},"inLanguage":"fr-FR","potentialAction":[{"@type":"ReadAction","target":["https:\/\/elfsight.com\/fr\/store-locator-widget\/joomla\/"]}]},{"@type":"BreadcrumbList","@id":"https:\/\/elfsight.com\/fr\/store-locator-widget\/joomla\/#breadcrumb","itemListElement":[{"@type":"ListItem","position":1,"name":"Home","item":"https:\/\/elfsight.com\/fr\/"},{"@type":"ListItem","position":2,"name":"Store Locator","item":"https:\/\/elfsight.com\/fr\/store-locator-widget\/"},{"@type":"ListItem","position":3,"name":"Store Locator &#8211; Joomla"}]},{"@type":"WebSite","@id":"https:\/\/elfsight.com\/fr\/#website","url":"https:\/\/elfsight.com\/fr\/","name":"Elfsight FR","description":"","potentialAction":[{"@type":"SearchAction","target":{"@type":"EntryPoint","urlTemplate":"https:\/\/elfsight.com\/fr\/?s={search_term_string}"},"query-input":{"@type":"PropertyValueSpecification","valueRequired":true,"valueName":"search_term_string"}}],"inLanguage":"fr-FR"}]}},"meta_box":{"industry":"","seo_heading":"","heading":"","description":"","cta_heading":"","cta_description":"","application":"7315","h1":"Extension de recherche de magasin Joomla","h1_caption":"Affichez une carte avec plusieurs emplacements de magasins pour aider vos clients \u00e0 trouver sans effort l'emplacement le plus proche d'eux sur votre site Web Joomla.","application_category":[],"applications_title":"","applications_request_title":"","applications_request_button_text":"","hero_text":"","hero_video":"","hero_video_schema_markup":"","selling_points_title":"","selling_points_caption":"","selling_points":[],"selling_points_cta_text":"","features_title":"","features":"","ed_cta_examples_text":"","ed_cta_examples_hidden":"","ed_cta_demo_text":"","ed_cta_demo_hidden":"","why_caption":"","why_editor_title":"","why_editor_text":"","why_team_title":"","why_team_text":"","why_service_title":"","why_service_text":"","template_catalog_visible":"","template_catalog_title":"","template_catalog_text":"","template_catalog_categories_visible":"","demo_title":"Cr\u00e9ez votre plugin Store Locator","demo_caption":"Configurez votre Store Locator et ajoutez-le gratuitement \u00e0 votre site Web Joomla\u00a0!","default_faq_hidden":"","app_template_category":[],"platform":"354","template_public_id":"","codecanyon_url":"","codecanyon_item_id":"","codecanyon_price":"","pricing_caption":"","pricing_elfsight_apps_hide_column":"","pricing_elfsight_apps_url":"","pricing_codecanyon_price_caption":"","integration_category":[],"integration_request_title":"","integration_request_cta":"","integration_platform":"","integrations":[],"platform_category":[],"video_schema_markup":"","price":"\u00e0 partir de 0$ \/ mois","trial":"","benefits":[{"text":"Assistance \u00e0 l'installation gratuite"},{"text":"Service client efficace"},{"text":"Garantie de remboursement de 14 jours"},{"text":"Mises \u00e0 jour continues"}],"button_url":"","button_target_blank":"","button_nofollow":"","attributes":[{"name":"Installations","content":"10,000 - 100,000"},{"name":"Sensible","content":"Oui"},{"name":"Navigateurs compatibles","content":"Firefox, Safari, Opera, Chrome, Edge"}],"tags":[],"tags_disable_links":"","hide_more_platforms":"","video_object":"","demo_hide_cta":"","demo_hide_cloud_options":"","pricing_title":"","pricing":[{"pricing_icon":"platform","pricing_title":"Elfsight Apps","pricing_title_caption":"Version multiplateforme","pricing_price":"from $0 \/ month","pricing_price_caption":"commencez avec un forfait gratuit","pricing_benefits":[{"text":"Domaines illimit\u00e9s"},{"text":"Support client d\u00e9di\u00e9"},{"text":"Aide \u00e0 l'installation gratuite"},{"text":"Enti\u00e8rement personnalisable"}],"pricing_button_text":"Ajouter au site Web","pricing_button_url":"#demo"}],"related_apps_title":"","related_apps_hidden":"","author":"","image":[],"title":"","job":"","social_networks":[]},"_links":{"self":[{"href":"https:\/\/elfsight.com\/fr\/wp-json\/wp\/v2\/pages\/10418","targetHints":{"allow":["GET"]}}],"collection":[{"href":"https:\/\/elfsight.com\/fr\/wp-json\/wp\/v2\/pages"}],"about":[{"href":"https:\/\/elfsight.com\/fr\/wp-json\/wp\/v2\/types\/page"}],"author":[{"embeddable":true,"href":"https:\/\/elfsight.com\/fr\/wp-json\/wp\/v2\/users\/9"}],"replies":[{"embeddable":true,"href":"https:\/\/elfsight.com\/fr\/wp-json\/wp\/v2\/comments?post=10418"}],"version-history":[{"count":1,"href":"https:\/\/elfsight.com\/fr\/wp-json\/wp\/v2\/pages\/10418\/revisions"}],"predecessor-version":[{"id":10422,"href":"https:\/\/elfsight.com\/fr\/wp-json\/wp\/v2\/pages\/10418\/revisions\/10422"}],"up":[{"embeddable":true,"href":"https:\/\/elfsight.com\/fr\/wp-json\/wp\/v2\/pages\/7318"}],"wp:attachment":[{"href":"https:\/\/elfsight.com\/fr\/wp-json\/wp\/v2\/media?parent=10418"}],"curies":[{"name":"wp","href":"https:\/\/api.w.org\/{rel}","templated":true}]}}