{"id":10413,"date":"1970-01-01T00:00:00","date_gmt":"1970-01-01T00:00:00","guid":{"rendered":"https:\/\/elfsight.com\/fr\/?page_id=10413"},"modified":"2025-07-10T13:39:14","modified_gmt":"2025-07-10T13:39:14","slug":"jquery","status":"publish","type":"page","link":"https:\/\/elfsight.com\/fr\/store-locator-widget\/jquery\/","title":{"rendered":"Store Locator &#8211; jQuery"},"content":{"rendered":"<div class=\"application-platform-content-item-description application-platform-content-item\" id=\"description\" data-nav-section=\"description\"> <h2>Int\u00e9grer le localisateur de magasin dans jQuery avec un plugin Elfsight<\/h2> <p>Le localisateur de magasin Elfsight pour jQuery est un widget puissant et personnalisable con\u00e7u pour am\u00e9liorer la convivialit\u00e9 de votre site Web et l&rsquo;engagement client en facilitant plus que jamais la visite de vos clients dans vos magasins. Avec une gamme de fonctionnalit\u00e9s int\u00e9ressantes invent\u00e9es pour l&rsquo;efficacit\u00e9 et la performance, ce widget est votre meilleure solution pour afficher les emplacements de vos magasins physiques de mani\u00e8re claire et conviviale. V\u00e9rifiez-le maintenant et remarquez comment il transforme votre site Web en un formidable outil de recherche de magasins\u00a0!<\/p> <p>En incorporant le widget, vous am\u00e9liorerez votre cr\u00e9dibilit\u00e9 aupr\u00e8s des clients en partageant des informations d\u00e9taill\u00e9es concernant les emplacements physiques de votre entreprise, rassurant ainsi tout le monde sur votre solidit\u00e9. pr\u00e9sence. Cela pourrait se traduire par une meilleure prise de d\u00e9cision et une exp\u00e9rience d\u2019achat am\u00e9lior\u00e9e pour les clients. <\/p><p><b>Int\u00e9grez le brillant outil de recherche de magasin pour partager votre position et des donn\u00e9es d&rsquo;exploitation utiles. Mettez en valeur votre adresse actuelle et les informations utiles pour recevoir davantage de visiteurs en magasin. <\/b><\/p><\/div> <div class=\"application-platform-content-item-features application-platform-content-item\" id=\"features\" data-nav-section=\"features\"> <h2>Voici seulement quelques-unes des puissantes fonctionnalit\u00e9s du widget\u00a0:<\/h2> <ul><li>S\u00e9lection dynamique de l&#8217;emplacement<\/li> <li>Fonctionnalit\u00e9s cartographiques orient\u00e9es utilisateur<\/li><li>Boutons d&rsquo;action de localisation prenant en charge les int\u00e9grations <\/li><li>Carte de localisation d\u00e9taill\u00e9e lors de la s\u00e9lection du marqueur<\/li><li>Horaire de travail et amp; statut d&rsquo;activit\u00e9<\/li><\/ul><p><a href=\"#demo\">Testez toutes les options de personnalisation dans la d\u00e9mo compl\u00e8te<\/a><\/p> <\/div> <div class=\"application-platform-content-item-installation  application-platform-content-item\" id=\"installation \" data-nav-section=\"installation \"> <h2>Comment int\u00e9grer Store Locator dans mon site jQuery ?<\/h2> <p>Appliquez simplement les instructions ci-dessous pour ins\u00e9rer le widget. <\/p> <ol><li><b>Ouvrez notre \u00e9diteur gratuit et commencez \u00e0 fa\u00e7onner votre plugin unique. <\/b><br> Sp\u00e9cifiez la disposition et les fonctionnalit\u00e9s souhait\u00e9es de l&rsquo;outil et enregistrez les modifications. <\/li> <li><b>Copiez le code personnel apparaissant dans la fen\u00eatre sur Elfsight Apps. <\/b><br> Une fois la personnalisation de votre widget termin\u00e9e, copiez le code exclusif de la bo\u00eete qui appara\u00eet et enregistrez-le pour une occasion ult\u00e9rieure. <\/li> <li><b>Commencez \u00e0 utiliser le widget sur votre page d&rsquo;accueil jQuery. <\/b><br> Int\u00e9grez le code que vous avez enregistr\u00e9 auparavant dans votre page et appliquez les modifications. <\/li> <li><b>L&rsquo;installation est enti\u00e8rement termin\u00e9e. <\/b><br> Acc\u00e9dez \u00e0 votre site pour voir comment fonctionne le widget. <\/li><\/ol> <p>\u00c0 condition de vous confronter \u00e0 des questions ou de faire face \u00e0 quelques difficult\u00e9s, n&rsquo;h\u00e9sitez pas \u00e0 postuler aupr\u00e8s de notre \u00e9quipe d&rsquo;assistance. Nos collaborateurs ont h\u00e2te de vous aider avec toutes les difficult\u00e9s que vous pourriez rencontrer avec le produit. <\/p><\/div>","protected":false},"excerpt":{"rendered":"","protected":false},"author":9,"featured_media":0,"parent":7318,"menu_order":0,"comment_status":"closed","ping_status":"closed","template":"templates\/template-application-platform.php","meta":{"publish_to_discourse":"","publish_post_category":"","wpdc_auto_publish_overridden":"","wpdc_topic_tags":"","wpdc_pin_topic":"","wpdc_pin_until":"","discourse_post_id":"","discourse_permalink":"","wpdc_publishing_response":"","wpdc_publishing_error":"","footnotes":""},"class_list":["post-10413","page","type-page","status-publish","hentry"],"yoast_head":"<!-- This site is optimized with the Yoast SEO plugin v25.3.1 - https:\/\/yoast.com\/wordpress\/plugins\/seo\/ -->\n<title>Int\u00e9grer le localisateur de magasin pour jQuery - Ajouter clairement les emplacements des magasins<\/title>\n<meta name=\"description\" content=\"Ajoutez un localisateur de magasin convivial au site Web jQuery pour satisfaire vos clients. Essayez la d\u00e9mo claire d&#039;Elfsight pour g\u00e9n\u00e9rer un widget puissant.\" \/>\n<meta name=\"robots\" content=\"index, follow, max-snippet:-1, max-image-preview:large, max-video-preview:-1\" \/>\n<link rel=\"canonical\" href=\"https:\/\/elfsight.com\/fr\/store-locator-widget\/jquery\/\" \/>\n<meta property=\"og:locale\" content=\"fr_FR\" \/>\n<meta property=\"og:type\" content=\"article\" \/>\n<meta property=\"og:title\" content=\"Int\u00e9grer le localisateur de magasin pour jQuery - Ajouter clairement les emplacements des magasins\" \/>\n<meta property=\"og:description\" content=\"Ajoutez un localisateur de magasin convivial au site Web jQuery pour satisfaire vos clients. Essayez la d\u00e9mo claire d&#039;Elfsight pour g\u00e9n\u00e9rer un widget puissant.\" \/>\n<meta property=\"og:url\" content=\"https:\/\/elfsight.com\/fr\/store-locator-widget\/jquery\/\" \/>\n<meta property=\"og:site_name\" content=\"Elfsight FR\" \/>\n<meta property=\"article:modified_time\" content=\"2025-07-10T13:39:14+00:00\" \/>\n<meta name=\"twitter:card\" content=\"summary_large_image\" \/>\n<meta name=\"twitter:label1\" content=\"Dur\u00e9e de lecture estim\u00e9e\" \/>\n\t<meta name=\"twitter:data1\" content=\"2 minutes\" \/>\n<!-- \/ Yoast SEO plugin. -->","yoast_head_json":{"title":"Int\u00e9grer le localisateur de magasin pour jQuery - Ajouter clairement les emplacements des magasins","description":"Ajoutez un localisateur de magasin convivial au site Web jQuery pour satisfaire vos clients. Essayez la d\u00e9mo claire d'Elfsight pour g\u00e9n\u00e9rer un widget puissant.","robots":{"index":"index","follow":"follow","max-snippet":"max-snippet:-1","max-image-preview":"max-image-preview:large","max-video-preview":"max-video-preview:-1"},"canonical":"https:\/\/elfsight.com\/fr\/store-locator-widget\/jquery\/","og_locale":"fr_FR","og_type":"article","og_title":"Int\u00e9grer le localisateur de magasin pour jQuery - Ajouter clairement les emplacements des magasins","og_description":"Ajoutez un localisateur de magasin convivial au site Web jQuery pour satisfaire vos clients. Essayez la d\u00e9mo claire d'Elfsight pour g\u00e9n\u00e9rer un widget puissant.","og_url":"https:\/\/elfsight.com\/fr\/store-locator-widget\/jquery\/","og_site_name":"Elfsight FR","article_modified_time":"2025-07-10T13:39:14+00:00","twitter_card":"summary_large_image","twitter_misc":{"Dur\u00e9e de lecture estim\u00e9e":"2 minutes"},"schema":{"@context":"https:\/\/schema.org","@graph":[{"@type":"WebPage","@id":"https:\/\/elfsight.com\/fr\/store-locator-widget\/jquery\/","url":"https:\/\/elfsight.com\/fr\/store-locator-widget\/jquery\/","name":"Int\u00e9grer le localisateur de magasin pour jQuery - Ajouter clairement les emplacements des magasins","isPartOf":{"@id":"https:\/\/elfsight.com\/fr\/#website"},"datePublished":"1970-01-01T00:00:00+00:00","dateModified":"2025-07-10T13:39:14+00:00","description":"Ajoutez un localisateur de magasin convivial au site Web jQuery pour satisfaire vos clients. Essayez la d\u00e9mo claire d'Elfsight pour g\u00e9n\u00e9rer un widget puissant.","breadcrumb":{"@id":"https:\/\/elfsight.com\/fr\/store-locator-widget\/jquery\/#breadcrumb"},"inLanguage":"fr-FR","potentialAction":[{"@type":"ReadAction","target":["https:\/\/elfsight.com\/fr\/store-locator-widget\/jquery\/"]}]},{"@type":"BreadcrumbList","@id":"https:\/\/elfsight.com\/fr\/store-locator-widget\/jquery\/#breadcrumb","itemListElement":[{"@type":"ListItem","position":1,"name":"Home","item":"https:\/\/elfsight.com\/fr\/"},{"@type":"ListItem","position":2,"name":"Store Locator","item":"https:\/\/elfsight.com\/fr\/store-locator-widget\/"},{"@type":"ListItem","position":3,"name":"Store Locator &#8211; jQuery"}]},{"@type":"WebSite","@id":"https:\/\/elfsight.com\/fr\/#website","url":"https:\/\/elfsight.com\/fr\/","name":"Elfsight FR","description":"","potentialAction":[{"@type":"SearchAction","target":{"@type":"EntryPoint","urlTemplate":"https:\/\/elfsight.com\/fr\/?s={search_term_string}"},"query-input":{"@type":"PropertyValueSpecification","valueRequired":true,"valueName":"search_term_string"}}],"inLanguage":"fr-FR"}]}},"meta_box":{"industry":"","seo_heading":"","heading":"","description":"","cta_heading":"","cta_description":"","application":"7315","h1":"Plugin de localisation de magasin jQuery","h1_caption":"Affichez une carte avec plusieurs emplacements de magasins pour aider vos clients \u00e0 trouver sans effort l'emplacement le plus proche d'eux sur votre site Web jQuery.","application_category":[],"applications_title":"","applications_request_title":"","applications_request_button_text":"","hero_text":"","hero_video":"","hero_video_schema_markup":"","selling_points_title":"","selling_points_caption":"","selling_points":[],"selling_points_cta_text":"","features_title":"","features":"","ed_cta_examples_text":"","ed_cta_examples_hidden":"","ed_cta_demo_text":"","ed_cta_demo_hidden":"","why_caption":"","why_editor_title":"","why_editor_text":"","why_team_title":"","why_team_text":"","why_service_title":"","why_service_text":"","template_catalog_visible":"","template_catalog_title":"","template_catalog_text":"","template_catalog_categories_visible":"","demo_title":"Cr\u00e9ez votre plugin Store Locator","demo_caption":"Configurez votre localisateur de magasin et ajoutez-le gratuitement \u00e0 votre site Web jQuery\u00a0!","default_faq_hidden":"","app_template_category":[],"platform":"355","template_public_id":"","codecanyon_url":"","codecanyon_item_id":"","codecanyon_price":"","pricing_caption":"","pricing_elfsight_apps_hide_column":"","pricing_elfsight_apps_url":"","pricing_codecanyon_price_caption":"","integration_category":[],"integration_request_title":"","integration_request_cta":"","integration_platform":"","integrations":[],"platform_category":[],"video_schema_markup":"","price":"\u00e0 partir de 0$ \/ mois","trial":"","benefits":[{"text":"Domaines illimit\u00e9s"},{"text":"Support client professionnel"},{"text":"Aide \u00e0 l'installation gratuite"},{"text":"Enti\u00e8rement personnalisable"}],"button_url":"","button_target_blank":"","button_nofollow":"","attributes":[{"name":"Installations","content":"10,000 - 100,000"},{"name":"Sensible","content":"Oui"},{"name":"Navigateurs compatibles","content":"Firefox, Safari, Opera, Chrome, Edge"}],"tags":[],"tags_disable_links":"","hide_more_platforms":"","video_object":"","demo_hide_cta":"","demo_hide_cloud_options":"","pricing_title":"","pricing":[{"pricing_icon":"platform","pricing_title":"Elfsight Apps","pricing_title_caption":"Version multiplateforme adapt\u00e9e \u00e0 n'importe quel site Web","pricing_price":"from $0 \/ month","pricing_price_caption":"commencez avec un forfait gratuit","pricing_benefits":[{"text":"Domaines illimit\u00e9s"},{"text":"Support client professionnel"},{"text":"Aide \u00e0 l'installation gratuite"},{"text":"Enti\u00e8rement personnalisable"}],"pricing_button_text":"Ajouter au site Web","pricing_button_url":"#demo"}],"related_apps_title":"","related_apps_hidden":"","author":"","image":[],"title":"","job":"","social_networks":[]},"_links":{"self":[{"href":"https:\/\/elfsight.com\/fr\/wp-json\/wp\/v2\/pages\/10413","targetHints":{"allow":["GET"]}}],"collection":[{"href":"https:\/\/elfsight.com\/fr\/wp-json\/wp\/v2\/pages"}],"about":[{"href":"https:\/\/elfsight.com\/fr\/wp-json\/wp\/v2\/types\/page"}],"author":[{"embeddable":true,"href":"https:\/\/elfsight.com\/fr\/wp-json\/wp\/v2\/users\/9"}],"replies":[{"embeddable":true,"href":"https:\/\/elfsight.com\/fr\/wp-json\/wp\/v2\/comments?post=10413"}],"version-history":[{"count":1,"href":"https:\/\/elfsight.com\/fr\/wp-json\/wp\/v2\/pages\/10413\/revisions"}],"predecessor-version":[{"id":10417,"href":"https:\/\/elfsight.com\/fr\/wp-json\/wp\/v2\/pages\/10413\/revisions\/10417"}],"up":[{"embeddable":true,"href":"https:\/\/elfsight.com\/fr\/wp-json\/wp\/v2\/pages\/7318"}],"wp:attachment":[{"href":"https:\/\/elfsight.com\/fr\/wp-json\/wp\/v2\/media?parent=10413"}],"curies":[{"name":"wp","href":"https:\/\/api.w.org\/{rel}","templated":true}]}}