{"id":10410,"date":"1970-01-01T00:00:00","date_gmt":"1970-01-01T00:00:00","guid":{"rendered":"https:\/\/elfsight.com\/fr\/?page_id=10410"},"modified":"2025-07-10T13:39:32","modified_gmt":"2025-07-10T13:39:32","slug":"opencart","status":"publish","type":"page","link":"https:\/\/elfsight.com\/fr\/store-locator-widget\/opencart\/","title":{"rendered":"Store Locator &#8211; OpenCart"},"content":{"rendered":"<div class=\"application-platform-content-item-description application-platform-content-item\" id=\"description\" data-nav-section=\"description\"> <h2>Int\u00e9grer le localisateur de magasin dans OpenCart avec une extension Elfsight<\/h2> <p>Le localisateur de magasin Elfsight pour OpenCart est un widget dynamique et flexible con\u00e7u pour am\u00e9liorer la commodit\u00e9 de votre site Web et l&rsquo;engagement client en facilitant plus que jamais la visite de vos clients dans vos magasins. Avec une suite de fonctionnalit\u00e9s int\u00e9ressantes introduites pour l&rsquo;utilit\u00e9 et les performances, ce widget est votre meilleure solution pour d\u00e9montrer les emplacements de vos magasins physiques de mani\u00e8re interactive et pratique. Essayez-le maintenant et voyez comment il transforme votre site Web en un puissant outil de recherche de magasins\u00a0!<\/p> <p>En incorporant le widget, vous renforcerez la fiabilit\u00e9 de vos visiteurs en partageant des informations d\u00e9taill\u00e9es concernant les emplacements physiques de votre entreprise, rassurant ainsi tous vos clients \u00e9tablis. pr\u00e9sence. Cela peut se traduire par une meilleure prise de d\u00e9cision et une exp\u00e9rience d\u2019achat am\u00e9lior\u00e9e pour les clients. <\/p><p><b>Installez l&rsquo;incroyable outil de recherche de magasin pour d\u00e9montrer votre emplacement et vos donn\u00e9es d&rsquo;exploitation importantes. Affichez votre adresse actuelle et les informations requises pour recevoir des clients suppl\u00e9mentaires en magasin. <\/b><\/p><\/div> <div class=\"application-platform-content-item-features application-platform-content-item\" id=\"features\" data-nav-section=\"features\"> <h2>Voici la liste des fonctionnalit\u00e9s les plus int\u00e9ressantes\u00a0:<\/h2> <ul><li>Choix d&rsquo;adresse clair<\/li><li>Options de carte interactive<\/li><li>Boutons CTA de localisation prenant en charge les int\u00e9grations <\/li><li>Popup contextuel de localisation simple lors d&rsquo;un clic sur un marqueur<\/li><li>Heures d&rsquo;ouverture et de localisation de la localisation. statut d&rsquo;activit\u00e9<\/li><\/ul><p><a href=\"#demo\">Vous pouvez explorer toutes les fonctionnalit\u00e9s du widget dans la d\u00e9mo ici<\/a><\/p><\/div> <div class=\"application-platform-content-item-installation application-platform-content-item\" id=\"installation\" data-nav-section=\"installation\"> <h2>Comment int\u00e9grer Store Locator dans mes pages OpenCart\u00a0?<\/h2> <p>Suivez simplement les instructions ci-dessous pour int\u00e9grer le widget. <\/p> <ol><li><b>Ouvrez notre \u00e9diteur gratuit et commencez \u00e0 fa\u00e7onner votre instrument personnalis\u00e9. <\/b><br> Choisissez la forme s\u00e9lectionn\u00e9e et les sp\u00e9cifications du widget et enregistrez les modifications. <\/li> <li><b>Recevez le code individuel r\u00e9v\u00e9l\u00e9 dans la fen\u00eatre sur Elfsight Apps. <\/b><br> Une fois la configuration de votre outil termin\u00e9e, copiez le code personnel dans la fen\u00eatre contextuelle qui appara\u00eet et enregistrez-le pour vos besoins futurs. <\/li> <li><b>Initiez l&rsquo;application du plugin sur votre site OpenCart. <\/b><br> Placez le code copi\u00e9 auparavant dans votre site Web et enregistrez les modifications. <\/li> <li><b>Fait\u00a0! L&rsquo;int\u00e9gration est r\u00e9ussie. <\/b><br> Visitez votre page pour examiner comment fonctionne l&rsquo;outil. <\/li><\/ol> <p>Si vous faites face \u00e0 des demandes de renseignements ou \u00e0 des obstacles, n&rsquo;h\u00e9sitez pas \u00e0 contacter notre \u00e9quipe d&rsquo;assistance. Nos sp\u00e9cialistes seront ravis de vous aider avec toutes les questions que vous pourriez avoir avec l&rsquo;outil. <\/p> <\/div>","protected":false},"excerpt":{"rendered":"","protected":false},"author":9,"featured_media":0,"parent":7318,"menu_order":0,"comment_status":"closed","ping_status":"closed","template":"templates\/template-application-platform.php","meta":{"publish_to_discourse":"","publish_post_category":"","wpdc_auto_publish_overridden":"","wpdc_topic_tags":"","wpdc_pin_topic":"","wpdc_pin_until":"","discourse_post_id":"","discourse_permalink":"","wpdc_publishing_response":"","wpdc_publishing_error":"","footnotes":""},"class_list":["post-10410","page","type-page","status-publish","hentry"],"yoast_head":"<!-- This site is optimized with the Yoast SEO plugin v25.3.1 - https:\/\/yoast.com\/wordpress\/plugins\/seo\/ -->\n<title>Ajouter un localisateur de magasin \u00e0 Opencart - Showcase Business Location<\/title>\n<meta name=\"description\" content=\"Int\u00e9grez le localisateur de magasin dans vos pages OpenCart pour am\u00e9liorer l&#039;exp\u00e9rience d&#039;achat. Essayez une d\u00e9mo pratique d&#039;Elfsight pour cr\u00e9er le puissant widget.\" \/>\n<meta name=\"robots\" content=\"index, follow, max-snippet:-1, max-image-preview:large, max-video-preview:-1\" \/>\n<link rel=\"canonical\" href=\"https:\/\/elfsight.com\/fr\/store-locator-widget\/opencart\/\" \/>\n<meta property=\"og:locale\" content=\"fr_FR\" \/>\n<meta property=\"og:type\" content=\"article\" \/>\n<meta property=\"og:title\" content=\"Ajouter un localisateur de magasin \u00e0 Opencart - Showcase Business Location\" \/>\n<meta property=\"og:description\" content=\"Int\u00e9grez le localisateur de magasin dans vos pages OpenCart pour am\u00e9liorer l&#039;exp\u00e9rience d&#039;achat. Essayez une d\u00e9mo pratique d&#039;Elfsight pour cr\u00e9er le puissant widget.\" \/>\n<meta property=\"og:url\" content=\"https:\/\/elfsight.com\/fr\/store-locator-widget\/opencart\/\" \/>\n<meta property=\"og:site_name\" content=\"Elfsight FR\" \/>\n<meta property=\"article:modified_time\" content=\"2025-07-10T13:39:32+00:00\" \/>\n<meta name=\"twitter:card\" content=\"summary_large_image\" \/>\n<meta name=\"twitter:label1\" content=\"Dur\u00e9e de lecture estim\u00e9e\" \/>\n\t<meta name=\"twitter:data1\" content=\"2 minutes\" \/>\n<!-- \/ Yoast SEO plugin. -->","yoast_head_json":{"title":"Ajouter un localisateur de magasin \u00e0 Opencart - Showcase Business Location","description":"Int\u00e9grez le localisateur de magasin dans vos pages OpenCart pour am\u00e9liorer l'exp\u00e9rience d'achat. Essayez une d\u00e9mo pratique d'Elfsight pour cr\u00e9er le puissant widget.","robots":{"index":"index","follow":"follow","max-snippet":"max-snippet:-1","max-image-preview":"max-image-preview:large","max-video-preview":"max-video-preview:-1"},"canonical":"https:\/\/elfsight.com\/fr\/store-locator-widget\/opencart\/","og_locale":"fr_FR","og_type":"article","og_title":"Ajouter un localisateur de magasin \u00e0 Opencart - Showcase Business Location","og_description":"Int\u00e9grez le localisateur de magasin dans vos pages OpenCart pour am\u00e9liorer l'exp\u00e9rience d'achat. Essayez une d\u00e9mo pratique d'Elfsight pour cr\u00e9er le puissant widget.","og_url":"https:\/\/elfsight.com\/fr\/store-locator-widget\/opencart\/","og_site_name":"Elfsight FR","article_modified_time":"2025-07-10T13:39:32+00:00","twitter_card":"summary_large_image","twitter_misc":{"Dur\u00e9e de lecture estim\u00e9e":"2 minutes"},"schema":{"@context":"https:\/\/schema.org","@graph":[{"@type":"WebPage","@id":"https:\/\/elfsight.com\/fr\/store-locator-widget\/opencart\/","url":"https:\/\/elfsight.com\/fr\/store-locator-widget\/opencart\/","name":"Ajouter un localisateur de magasin \u00e0 Opencart - Showcase Business Location","isPartOf":{"@id":"https:\/\/elfsight.com\/fr\/#website"},"datePublished":"1970-01-01T00:00:00+00:00","dateModified":"2025-07-10T13:39:32+00:00","description":"Int\u00e9grez le localisateur de magasin dans vos pages OpenCart pour am\u00e9liorer l'exp\u00e9rience d'achat. Essayez une d\u00e9mo pratique d'Elfsight pour cr\u00e9er le puissant widget.","breadcrumb":{"@id":"https:\/\/elfsight.com\/fr\/store-locator-widget\/opencart\/#breadcrumb"},"inLanguage":"fr-FR","potentialAction":[{"@type":"ReadAction","target":["https:\/\/elfsight.com\/fr\/store-locator-widget\/opencart\/"]}]},{"@type":"BreadcrumbList","@id":"https:\/\/elfsight.com\/fr\/store-locator-widget\/opencart\/#breadcrumb","itemListElement":[{"@type":"ListItem","position":1,"name":"Home","item":"https:\/\/elfsight.com\/fr\/"},{"@type":"ListItem","position":2,"name":"Store Locator","item":"https:\/\/elfsight.com\/fr\/store-locator-widget\/"},{"@type":"ListItem","position":3,"name":"Store Locator &#8211; OpenCart"}]},{"@type":"WebSite","@id":"https:\/\/elfsight.com\/fr\/#website","url":"https:\/\/elfsight.com\/fr\/","name":"Elfsight FR","description":"","potentialAction":[{"@type":"SearchAction","target":{"@type":"EntryPoint","urlTemplate":"https:\/\/elfsight.com\/fr\/?s={search_term_string}"},"query-input":{"@type":"PropertyValueSpecification","valueRequired":true,"valueName":"search_term_string"}}],"inLanguage":"fr-FR"}]}},"meta_box":{"industry":"","seo_heading":"","heading":"","description":"","cta_heading":"","cta_description":"","application":"7315","h1":"Extension de recherche de magasin OpenCart","h1_caption":"Affichez une carte avec plusieurs emplacements de magasins pour aider vos clients \u00e0 trouver sans effort l'emplacement le plus proche d'eux sur votre site Web Opencart.","application_category":[],"applications_title":"","applications_request_title":"","applications_request_button_text":"","hero_text":"","hero_video":"","hero_video_schema_markup":"","selling_points_title":"","selling_points_caption":"","selling_points":[],"selling_points_cta_text":"","features_title":"","features":"","ed_cta_examples_text":"","ed_cta_examples_hidden":"","ed_cta_demo_text":"","ed_cta_demo_hidden":"","why_caption":"","why_editor_title":"","why_editor_text":"","why_team_title":"","why_team_text":"","why_service_title":"","why_service_text":"","template_catalog_visible":"","template_catalog_title":"","template_catalog_text":"","template_catalog_categories_visible":"","demo_title":"Cr\u00e9ez votre extension de recherche de magasin","demo_caption":"Configurez votre localisateur de magasin et ajoutez-le gratuitement \u00e0 votre site Web OpenCart\u00a0!","default_faq_hidden":"","app_template_category":[],"platform":"359","template_public_id":"","codecanyon_url":"","codecanyon_item_id":"","codecanyon_price":"","pricing_caption":"","pricing_elfsight_apps_hide_column":"","pricing_elfsight_apps_url":"","pricing_codecanyon_price_caption":"","integration_category":[],"integration_request_title":"","integration_request_cta":"","integration_platform":"","integrations":[],"platform_category":[],"video_schema_markup":"","price":"\u00e0 partir de 0$ \/ mois","trial":"","benefits":[{"text":"Aide \u00e0 l'installation gratuite"},{"text":"Service client professionnel"},{"text":"Garantie de remboursement de 14 jours"},{"text":"Mises \u00e0 jour \u00e0 vie"}],"button_url":"","button_target_blank":"","button_nofollow":"","attributes":[{"name":"Installations","content":"10,000 - 100,000"},{"name":"Sensible","content":"Oui"},{"name":"Navigateurs compatibles","content":"Firefox, Safari, Opera, Chrome, Edge"}],"tags":[],"tags_disable_links":"","hide_more_platforms":"","video_object":"","demo_hide_cta":"","demo_hide_cloud_options":"","pricing_title":"","pricing":[{"pricing_icon":"platform","pricing_title":"Elfsight Apps","pricing_title_caption":"Logiciel multiplateforme","pricing_price":"from $0 \/ month","pricing_price_caption":"commencez avec un forfait gratuit","pricing_benefits":[{"text":"\u00e0 partir de 0$ \/ mois"},{"text":"Assistance 24h\/24 et 7j\/7, ponctuelle et bien document\u00e9e"},{"text":"Service d'installation gratuit"},{"text":"Enti\u00e8rement personnalisable"}],"pricing_button_text":"Ajouter au site Web","pricing_button_url":"#demo"}],"related_apps_title":"","related_apps_hidden":"","author":"","image":[],"title":"","job":"","social_networks":[]},"_links":{"self":[{"href":"https:\/\/elfsight.com\/fr\/wp-json\/wp\/v2\/pages\/10410","targetHints":{"allow":["GET"]}}],"collection":[{"href":"https:\/\/elfsight.com\/fr\/wp-json\/wp\/v2\/pages"}],"about":[{"href":"https:\/\/elfsight.com\/fr\/wp-json\/wp\/v2\/types\/page"}],"author":[{"embeddable":true,"href":"https:\/\/elfsight.com\/fr\/wp-json\/wp\/v2\/users\/9"}],"replies":[{"embeddable":true,"href":"https:\/\/elfsight.com\/fr\/wp-json\/wp\/v2\/comments?post=10410"}],"version-history":[{"count":1,"href":"https:\/\/elfsight.com\/fr\/wp-json\/wp\/v2\/pages\/10410\/revisions"}],"predecessor-version":[{"id":10414,"href":"https:\/\/elfsight.com\/fr\/wp-json\/wp\/v2\/pages\/10410\/revisions\/10414"}],"up":[{"embeddable":true,"href":"https:\/\/elfsight.com\/fr\/wp-json\/wp\/v2\/pages\/7318"}],"wp:attachment":[{"href":"https:\/\/elfsight.com\/fr\/wp-json\/wp\/v2\/media?parent=10410"}],"curies":[{"name":"wp","href":"https:\/\/api.w.org\/{rel}","templated":true}]}}