{"id":10405,"date":"1970-01-01T00:00:00","date_gmt":"1970-01-01T00:00:00","guid":{"rendered":"https:\/\/elfsight.com\/fr\/?page_id=10405"},"modified":"2025-07-10T13:39:38","modified_gmt":"2025-07-10T13:39:38","slug":"prestashop","status":"publish","type":"page","link":"https:\/\/elfsight.com\/fr\/store-locator-widget\/prestashop\/","title":{"rendered":"Store Locator &#8211; PrestaShop"},"content":{"rendered":"<div class=\"application-platform-content-item-description application-platform-content-item\" id=\"description\" data-nav-section=\"description\"> <h2>Int\u00e9grer le localisateur de magasin dans PrestaShop avec un module compl\u00e9mentaire Elfsight<\/h2> <p>Le localisateur de magasin Elfsight pour PrestaShop est un widget dynamique et r\u00e9glable con\u00e7u pour am\u00e9liorer la commodit\u00e9 de votre site Web et l&rsquo;engagement client en permettant \u00e0 vos clients de trouver plus facilement que jamais votre emplacement. Avec un ensemble de fonctionnalit\u00e9s utiles con\u00e7ues pour l&rsquo;efficacit\u00e9 et les performances, ce widget est votre meilleure solution pour pr\u00e9senter vos emplacements physiques d&rsquo;entreprise de mani\u00e8re interactive et pratique. Int\u00e9grez-le maintenant et remarquez comment il transforme votre site Web en un puissant outil de recherche de magasins\u00a0!<\/p> <p>En utilisant le widget, vous augmenterez la fiabilit\u00e9 de vos clients en donnant des informations d\u00e9taill\u00e9es sur les emplacements physiques de votre organisation, rassurant ainsi tous vos membres \u00e9tablis. pr\u00e9sence. Cela pourrait se traduire par une prise de d\u00e9cision plus rapide et une exp\u00e9rience d\u2019achat solide pour les clients. <\/p><p><b>Utilisez l&rsquo;extraordinaire outil de recherche de magasin pour pr\u00e9senter votre emplacement et les d\u00e9tails importants de l&rsquo;op\u00e9ration. Fournissez votre adresse actuelle et des informations utiles pour inviter des clients suppl\u00e9mentaires en magasin. <\/b><\/p> <\/div> <div class=\"application-platform-content-item-features application-platform-content-item\" id=\"features\" data-nav-section=\"features\"> <h2>Voici les fonctionnalit\u00e9s principales du widget\u00a0:<\/h2> <ul><li>Indication de localisation sans effort<\/li><li>Fonctionnalit\u00e9s cartographiques intuitives<\/li><li>Boutons d&rsquo;interaction de localisation avec int\u00e9grations <\/li><li>Popup de localisation simple lors de la s\u00e9lection d&rsquo;un marqueur<\/li><li>Horaire de travail et planification de localisation statut d&rsquo;activit\u00e9<\/li><\/ul><p><a href=\"#demo\">Essayez simplement cette d\u00e9mo pour comprendre les fonctionnalit\u00e9s du widget<\/a><\/p><\/div> <div class=\"application-platform-content-item-installation application-platform-content-item\" id=\"installation\" data-nav-section=\"installation\"> <h2>Comment int\u00e9grer Store Locator dans mon site PrestaShop ?<\/h2> <p>Suivez simplement quelques \u00e9tapes d\u00e9crites ci-dessous pour int\u00e9grer le plugin. <\/p> <ol><li><b>Lancez notre \u00e9diteur gratuit et commencez \u00e0 cr\u00e9er votre propre widget. <\/b><br> Recherchez l&rsquo;apparence et les sp\u00e9cifications appropri\u00e9es de l&rsquo;outil et enregistrez les corrections. <\/li> <li><b>Acqu\u00e9rir le code personnel qui appara\u00eet dans le formulaire sp\u00e9cial sur Elfsight Apps. <\/b><br> Une fois la cr\u00e9ation de votre widget termin\u00e9e, copiez le code individuel dans la case qui appara\u00eet et conservez-le pour un besoin ult\u00e9rieur. <\/li> <li><b>Commencez \u00e0 utiliser le widget sur votre site PrestaShop. <\/b><br> Ajoutez le code que vous avez enregistr\u00e9 r\u00e9cemment dans votre page Web et appliquez les modifications. <\/li> <li><b>L&rsquo;installation est enti\u00e8rement termin\u00e9e. <\/b><br> Visitez votre site Web pour voir comment fonctionne l&rsquo;outil. <\/li><\/ol> <p>En cas de questions ou de complications, n&rsquo;h\u00e9sitez pas \u00e0 demander de l&rsquo;aide \u00e0 notre \u00e9quipe d&rsquo;assistance. Nos consultants ont h\u00e2te de vous aider avec tous les probl\u00e8mes que vous pourriez rencontrer avec le plugin. <\/p><\/div>","protected":false},"excerpt":{"rendered":"","protected":false},"author":9,"featured_media":0,"parent":7318,"menu_order":0,"comment_status":"closed","ping_status":"closed","template":"templates\/template-application-platform.php","meta":{"publish_to_discourse":"","publish_post_category":"","wpdc_auto_publish_overridden":"","wpdc_topic_tags":"","wpdc_pin_topic":"","wpdc_pin_until":"","discourse_post_id":"","discourse_permalink":"","wpdc_publishing_response":"","wpdc_publishing_error":"","footnotes":""},"class_list":["post-10405","page","type-page","status-publish","hentry"],"yoast_head":"<!-- This site is optimized with the Yoast SEO plugin v25.3.1 - https:\/\/yoast.com\/wordpress\/plugins\/seo\/ -->\n<title>Int\u00e9grez Store Locator dans PrestaShop - Pr\u00e9sentez votre entreprise sur la carte<\/title>\n<meta name=\"description\" content=\"Int\u00e9grez un localisateur de magasin personnalisable au site Web PrestaShop pour augmenter les conversions. Profitez d&#039;Elfsight pour g\u00e9n\u00e9rer le widget.\" \/>\n<meta name=\"robots\" content=\"index, follow, max-snippet:-1, max-image-preview:large, max-video-preview:-1\" \/>\n<link rel=\"canonical\" href=\"https:\/\/elfsight.com\/fr\/store-locator-widget\/prestashop\/\" \/>\n<meta property=\"og:locale\" content=\"fr_FR\" \/>\n<meta property=\"og:type\" content=\"article\" \/>\n<meta property=\"og:title\" content=\"Int\u00e9grez Store Locator dans PrestaShop - Pr\u00e9sentez votre entreprise sur la carte\" \/>\n<meta property=\"og:description\" content=\"Int\u00e9grez un localisateur de magasin personnalisable au site Web PrestaShop pour augmenter les conversions. Profitez d&#039;Elfsight pour g\u00e9n\u00e9rer le widget.\" \/>\n<meta property=\"og:url\" content=\"https:\/\/elfsight.com\/fr\/store-locator-widget\/prestashop\/\" \/>\n<meta property=\"og:site_name\" content=\"Elfsight FR\" \/>\n<meta property=\"article:modified_time\" content=\"2025-07-10T13:39:38+00:00\" \/>\n<meta name=\"twitter:card\" content=\"summary_large_image\" \/>\n<meta name=\"twitter:label1\" content=\"Dur\u00e9e de lecture estim\u00e9e\" \/>\n\t<meta name=\"twitter:data1\" content=\"2 minutes\" \/>\n<!-- \/ Yoast SEO plugin. -->","yoast_head_json":{"title":"Int\u00e9grez Store Locator dans PrestaShop - Pr\u00e9sentez votre entreprise sur la carte","description":"Int\u00e9grez un localisateur de magasin personnalisable au site Web PrestaShop pour augmenter les conversions. Profitez d'Elfsight pour g\u00e9n\u00e9rer le widget.","robots":{"index":"index","follow":"follow","max-snippet":"max-snippet:-1","max-image-preview":"max-image-preview:large","max-video-preview":"max-video-preview:-1"},"canonical":"https:\/\/elfsight.com\/fr\/store-locator-widget\/prestashop\/","og_locale":"fr_FR","og_type":"article","og_title":"Int\u00e9grez Store Locator dans PrestaShop - Pr\u00e9sentez votre entreprise sur la carte","og_description":"Int\u00e9grez un localisateur de magasin personnalisable au site Web PrestaShop pour augmenter les conversions. Profitez d'Elfsight pour g\u00e9n\u00e9rer le widget.","og_url":"https:\/\/elfsight.com\/fr\/store-locator-widget\/prestashop\/","og_site_name":"Elfsight FR","article_modified_time":"2025-07-10T13:39:38+00:00","twitter_card":"summary_large_image","twitter_misc":{"Dur\u00e9e de lecture estim\u00e9e":"2 minutes"},"schema":{"@context":"https:\/\/schema.org","@graph":[{"@type":"WebPage","@id":"https:\/\/elfsight.com\/fr\/store-locator-widget\/prestashop\/","url":"https:\/\/elfsight.com\/fr\/store-locator-widget\/prestashop\/","name":"Int\u00e9grez Store Locator dans PrestaShop - Pr\u00e9sentez votre entreprise sur la carte","isPartOf":{"@id":"https:\/\/elfsight.com\/fr\/#website"},"datePublished":"1970-01-01T00:00:00+00:00","dateModified":"2025-07-10T13:39:38+00:00","description":"Int\u00e9grez un localisateur de magasin personnalisable au site Web PrestaShop pour augmenter les conversions. Profitez d'Elfsight pour g\u00e9n\u00e9rer le widget.","breadcrumb":{"@id":"https:\/\/elfsight.com\/fr\/store-locator-widget\/prestashop\/#breadcrumb"},"inLanguage":"fr-FR","potentialAction":[{"@type":"ReadAction","target":["https:\/\/elfsight.com\/fr\/store-locator-widget\/prestashop\/"]}]},{"@type":"BreadcrumbList","@id":"https:\/\/elfsight.com\/fr\/store-locator-widget\/prestashop\/#breadcrumb","itemListElement":[{"@type":"ListItem","position":1,"name":"Home","item":"https:\/\/elfsight.com\/fr\/"},{"@type":"ListItem","position":2,"name":"Store Locator","item":"https:\/\/elfsight.com\/fr\/store-locator-widget\/"},{"@type":"ListItem","position":3,"name":"Store Locator &#8211; PrestaShop"}]},{"@type":"WebSite","@id":"https:\/\/elfsight.com\/fr\/#website","url":"https:\/\/elfsight.com\/fr\/","name":"Elfsight FR","description":"","potentialAction":[{"@type":"SearchAction","target":{"@type":"EntryPoint","urlTemplate":"https:\/\/elfsight.com\/fr\/?s={search_term_string}"},"query-input":{"@type":"PropertyValueSpecification","valueRequired":true,"valueName":"search_term_string"}}],"inLanguage":"fr-FR"}]}},"meta_box":{"industry":"","seo_heading":"","heading":"","description":"","cta_heading":"","cta_description":"","application":"7315","h1":"Module compl\u00e9mentaire de localisation de magasin PrestaShop","h1_caption":"Affichez une carte avec plusieurs emplacements de magasins pour aider vos clients \u00e0 trouver sans effort l'emplacement le plus proche d'eux sur votre site Web Prestashop.","application_category":[],"applications_title":"","applications_request_title":"","applications_request_button_text":"","hero_text":"","hero_video":"","hero_video_schema_markup":"","selling_points_title":"","selling_points_caption":"","selling_points":[],"selling_points_cta_text":"","features_title":"","features":"","ed_cta_examples_text":"","ed_cta_examples_hidden":"","ed_cta_demo_text":"","ed_cta_demo_hidden":"","why_caption":"","why_editor_title":"","why_editor_text":"","why_team_title":"","why_team_text":"","why_service_title":"","why_service_text":"","template_catalog_visible":"","template_catalog_title":"","template_catalog_text":"","template_catalog_categories_visible":"","demo_title":"Cr\u00e9ez votre module compl\u00e9mentaire de recherche de magasin","demo_caption":"Configurez votre Store Locator et ajoutez-le gratuitement \u00e0 votre site PrestaShop !","default_faq_hidden":"","app_template_category":[],"platform":"3190","template_public_id":"","codecanyon_url":"","codecanyon_item_id":"","codecanyon_price":"","pricing_caption":"","pricing_elfsight_apps_hide_column":"","pricing_elfsight_apps_url":"","pricing_codecanyon_price_caption":"","integration_category":[],"integration_request_title":"","integration_request_cta":"","integration_platform":"","integrations":[],"platform_category":[],"video_schema_markup":"","price":"\u00e0 partir de 0$ \/ mois","trial":"","benefits":[{"text":"Aide \u00e0 l'installation gratuite"},{"text":"Service client comp\u00e9tent"},{"text":"Garantie de remboursement de 14 jours"},{"text":"Am\u00e9liorations futures"}],"button_url":"","button_target_blank":"","button_nofollow":"","attributes":[{"name":"Installations","content":"10,000 - 100,000"},{"name":"Sensible","content":"Oui"},{"name":"Navigateurs compatibles","content":"Firefox, Safari, Opera, Chrome, Edge"}],"tags":[],"tags_disable_links":"","hide_more_platforms":"","video_object":"","demo_hide_cta":"","demo_hide_cloud_options":"","pricing_title":"","pricing":[{"pricing_icon":"platform","pricing_title":"Elfsight Apps","pricing_title_caption":"Solution num\u00e9rique multiplateforme","pricing_price":"from $0 \/ month","pricing_price_caption":"commencez avec un forfait gratuit","pricing_benefits":[{"text":"Sites Web illimit\u00e9s"},{"text":"Assistance 24h\/24 et 7j\/7, ponctuelle et bien document\u00e9e"},{"text":"Aide \u00e0 l'installation gratuite"},{"text":"Enti\u00e8rement personnalisable"}],"pricing_button_text":"Ajouter au site Web","pricing_button_url":"#demo"}],"related_apps_title":"","related_apps_hidden":"","author":"","image":[],"title":"","job":"","social_networks":[]},"_links":{"self":[{"href":"https:\/\/elfsight.com\/fr\/wp-json\/wp\/v2\/pages\/10405","targetHints":{"allow":["GET"]}}],"collection":[{"href":"https:\/\/elfsight.com\/fr\/wp-json\/wp\/v2\/pages"}],"about":[{"href":"https:\/\/elfsight.com\/fr\/wp-json\/wp\/v2\/types\/page"}],"author":[{"embeddable":true,"href":"https:\/\/elfsight.com\/fr\/wp-json\/wp\/v2\/users\/9"}],"replies":[{"embeddable":true,"href":"https:\/\/elfsight.com\/fr\/wp-json\/wp\/v2\/comments?post=10405"}],"version-history":[{"count":1,"href":"https:\/\/elfsight.com\/fr\/wp-json\/wp\/v2\/pages\/10405\/revisions"}],"predecessor-version":[{"id":10409,"href":"https:\/\/elfsight.com\/fr\/wp-json\/wp\/v2\/pages\/10405\/revisions\/10409"}],"up":[{"embeddable":true,"href":"https:\/\/elfsight.com\/fr\/wp-json\/wp\/v2\/pages\/7318"}],"wp:attachment":[{"href":"https:\/\/elfsight.com\/fr\/wp-json\/wp\/v2\/media?parent=10405"}],"curies":[{"name":"wp","href":"https:\/\/api.w.org\/{rel}","templated":true}]}}