{"id":10403,"date":"1970-01-01T00:00:00","date_gmt":"1970-01-01T00:00:00","guid":{"rendered":"https:\/\/elfsight.com\/fr\/?page_id=10403"},"modified":"2025-07-10T13:40:07","modified_gmt":"2025-07-10T13:40:07","slug":"webflow","status":"publish","type":"page","link":"https:\/\/elfsight.com\/fr\/store-locator-widget\/webflow\/","title":{"rendered":"Store Locator &#8211; Webflow"},"content":{"rendered":"<div class=\"application-platform-content-item-description application-platform-content-item\" id=\"description\" data-nav-section=\"description\"> <h2>Int\u00e9grer le localisateur de magasin dans Webflow avec un widget Elfsight<\/h2> <p>Le localisateur de magasin Elfsight pour Webflow est un widget dynamique et r\u00e9glable con\u00e7u pour am\u00e9liorer la convivialit\u00e9 de votre site Web et l&rsquo;engagement des clients en permettant \u00e0 vos clients de trouver plus facilement que jamais votre emplacement. Avec une suite de fonctionnalit\u00e9s utiles introduites pour l&rsquo;efficacit\u00e9 et les performances, ce widget est votre solution cl\u00e9 pour d\u00e9montrer les emplacements de vos magasins physiques de mani\u00e8re interactive et pratique. Int\u00e9grez-le d\u00e8s maintenant et remarquez comment il transforme votre site Web en un outil de recherche de magasins orient\u00e9 utilisateur\u00a0!<\/p> <p>En incorporant le widget, vous augmenterez votre cr\u00e9dibilit\u00e9 aupr\u00e8s des clients en donnant des informations d\u00e9taill\u00e9es sur les emplacements physiques de votre organisation, rassurant ainsi tout le monde. de votre pr\u00e9sence \u00e9tablie. Cela se traduira par une prise de d\u00e9cision plus rapide et une exp\u00e9rience d\u2019achat am\u00e9lior\u00e9e pour les clients. <\/p><p><b>B\u00e9n\u00e9ficiez du brillant outil de recherche de magasin pour d\u00e9montrer votre emplacement et vos donn\u00e9es op\u00e9rationnelles importantes. Affichez votre adresse actuelle et les informations pertinentes pour inviter davantage de clients en magasin. <\/b><\/p><\/div> <div class=\"application-platform-content-item-features application-platform-content-item\" id=\"features\" data-nav-section=\"features\"> <h2>Les principales fonctionnalit\u00e9s du widget incluent<\/h2> <ul><li>S\u00e9lection d&#8217;emplacement sans effort<\/li><li>Carte utile caract\u00e9ristiques<\/li><li>Boutons d&rsquo;interaction de localisation prenant en charge les int\u00e9grations <\/li><li>Carte de localisation simple lors d&rsquo;un clic sur un marqueur<\/li><li>Horaire de travail et amp; statut ouvert<\/li><\/ul><p><a href=\"#demo\">Vous pouvez voir ce que propose le widget \u00e0 l&rsquo;aide de la d\u00e9mo<\/a><\/p><\/div> <div class=\"application-platform-content-item-installation application-platform-content-item\" id=\"installation\" data-nav-section=\"installation\"> <h2>Comment int\u00e9grer Store Locator dans mon site Web Webflow\u00a0?<\/h2> <p>Remplissez simplement les instructions ci-dessous pour int\u00e9grer le plugin. <\/p> <ol><li><b>Utilisez notre configurateur gratuit et commencez \u00e0 fa\u00e7onner votre plugin personnalis\u00e9. <\/b><br> Choisissez la conception appropri\u00e9e et les caract\u00e9ristiques fonctionnelles de l&rsquo;outil et appliquez les modifications. <\/li> <li><b>Obtenez le code personnel r\u00e9v\u00e9l\u00e9 dans le formulaire sp\u00e9cial sur Elfsight Apps. <\/b><br> Une fois la configuration de votre outil personnel termin\u00e9e, copiez le code individuel dans la fen\u00eatre contextuelle qui appara\u00eet et conservez-le pour une utilisation ult\u00e9rieure. <\/li> <li><b>Commencez \u00e0 utiliser l&rsquo;outil sur la page Web Webflow. <\/b><br> Placez le code que vous avez copi\u00e9 r\u00e9cemment dans votre page Web et enregistrez les am\u00e9liorations. <\/li> <li><b>L&rsquo;installation est enti\u00e8rement termin\u00e9e. <\/b><br> Visitez votre site Web pour examiner les performances du widget. <\/li><\/ol> <p>Si vous avez des questions ou rencontrez des obstacles, veuillez contacter notre \u00e9quipe d&rsquo;assistance. Nos sp\u00e9cialistes seront ravis de r\u00e9soudre toutes les questions que vous pourriez avoir avec le produit. <\/p><\/div>","protected":false},"excerpt":{"rendered":"","protected":false},"author":9,"featured_media":0,"parent":7318,"menu_order":0,"comment_status":"closed","ping_status":"closed","template":"templates\/template-application-platform.php","meta":{"publish_to_discourse":"","publish_post_category":"","wpdc_auto_publish_overridden":"","wpdc_topic_tags":"","wpdc_pin_topic":"","wpdc_pin_until":"","discourse_post_id":"","discourse_permalink":"","wpdc_publishing_response":"","wpdc_publishing_error":"","footnotes":""},"class_list":["post-10403","page","type-page","status-publish","hentry"],"yoast_head":"<!-- This site is optimized with the Yoast SEO plugin v25.3.1 - https:\/\/yoast.com\/wordpress\/plugins\/seo\/ -->\n<title>Int\u00e9grez le localisateur de magasin dans Webflow - Pr\u00e9sentez votre emplacement<\/title>\n<meta name=\"description\" content=\"Ajoutez un localisateur de magasin aux pages de votre site Web Webflow pour gagner la confiance. B\u00e9n\u00e9ficiez d&#039;une d\u00e9mo pratique d&#039;Elfsight pour g\u00e9n\u00e9rer facilement le widget.\" \/>\n<meta name=\"robots\" content=\"index, follow, max-snippet:-1, max-image-preview:large, max-video-preview:-1\" \/>\n<link rel=\"canonical\" href=\"https:\/\/elfsight.com\/fr\/store-locator-widget\/webflow\/\" \/>\n<meta property=\"og:locale\" content=\"fr_FR\" \/>\n<meta property=\"og:type\" content=\"article\" \/>\n<meta property=\"og:title\" content=\"Int\u00e9grez le localisateur de magasin dans Webflow - Pr\u00e9sentez votre emplacement\" \/>\n<meta property=\"og:description\" content=\"Ajoutez un localisateur de magasin aux pages de votre site Web Webflow pour gagner la confiance. B\u00e9n\u00e9ficiez d&#039;une d\u00e9mo pratique d&#039;Elfsight pour g\u00e9n\u00e9rer facilement le widget.\" \/>\n<meta property=\"og:url\" content=\"https:\/\/elfsight.com\/fr\/store-locator-widget\/webflow\/\" \/>\n<meta property=\"og:site_name\" content=\"Elfsight FR\" \/>\n<meta property=\"article:modified_time\" content=\"2025-07-10T13:40:07+00:00\" \/>\n<meta name=\"twitter:card\" content=\"summary_large_image\" \/>\n<meta name=\"twitter:label1\" content=\"Dur\u00e9e de lecture estim\u00e9e\" \/>\n\t<meta name=\"twitter:data1\" content=\"2 minutes\" \/>\n<!-- \/ Yoast SEO plugin. -->","yoast_head_json":{"title":"Int\u00e9grez le localisateur de magasin dans Webflow - Pr\u00e9sentez votre emplacement","description":"Ajoutez un localisateur de magasin aux pages de votre site Web Webflow pour gagner la confiance. B\u00e9n\u00e9ficiez d'une d\u00e9mo pratique d'Elfsight pour g\u00e9n\u00e9rer facilement le widget.","robots":{"index":"index","follow":"follow","max-snippet":"max-snippet:-1","max-image-preview":"max-image-preview:large","max-video-preview":"max-video-preview:-1"},"canonical":"https:\/\/elfsight.com\/fr\/store-locator-widget\/webflow\/","og_locale":"fr_FR","og_type":"article","og_title":"Int\u00e9grez le localisateur de magasin dans Webflow - Pr\u00e9sentez votre emplacement","og_description":"Ajoutez un localisateur de magasin aux pages de votre site Web Webflow pour gagner la confiance. B\u00e9n\u00e9ficiez d'une d\u00e9mo pratique d'Elfsight pour g\u00e9n\u00e9rer facilement le widget.","og_url":"https:\/\/elfsight.com\/fr\/store-locator-widget\/webflow\/","og_site_name":"Elfsight FR","article_modified_time":"2025-07-10T13:40:07+00:00","twitter_card":"summary_large_image","twitter_misc":{"Dur\u00e9e de lecture estim\u00e9e":"2 minutes"},"schema":{"@context":"https:\/\/schema.org","@graph":[{"@type":"WebPage","@id":"https:\/\/elfsight.com\/fr\/store-locator-widget\/webflow\/","url":"https:\/\/elfsight.com\/fr\/store-locator-widget\/webflow\/","name":"Int\u00e9grez le localisateur de magasin dans Webflow - Pr\u00e9sentez votre emplacement","isPartOf":{"@id":"https:\/\/elfsight.com\/fr\/#website"},"datePublished":"1970-01-01T00:00:00+00:00","dateModified":"2025-07-10T13:40:07+00:00","description":"Ajoutez un localisateur de magasin aux pages de votre site Web Webflow pour gagner la confiance. B\u00e9n\u00e9ficiez d'une d\u00e9mo pratique d'Elfsight pour g\u00e9n\u00e9rer facilement le widget.","breadcrumb":{"@id":"https:\/\/elfsight.com\/fr\/store-locator-widget\/webflow\/#breadcrumb"},"inLanguage":"fr-FR","potentialAction":[{"@type":"ReadAction","target":["https:\/\/elfsight.com\/fr\/store-locator-widget\/webflow\/"]}]},{"@type":"BreadcrumbList","@id":"https:\/\/elfsight.com\/fr\/store-locator-widget\/webflow\/#breadcrumb","itemListElement":[{"@type":"ListItem","position":1,"name":"Home","item":"https:\/\/elfsight.com\/fr\/"},{"@type":"ListItem","position":2,"name":"Store Locator","item":"https:\/\/elfsight.com\/fr\/store-locator-widget\/"},{"@type":"ListItem","position":3,"name":"Store Locator &#8211; Webflow"}]},{"@type":"WebSite","@id":"https:\/\/elfsight.com\/fr\/#website","url":"https:\/\/elfsight.com\/fr\/","name":"Elfsight FR","description":"","potentialAction":[{"@type":"SearchAction","target":{"@type":"EntryPoint","urlTemplate":"https:\/\/elfsight.com\/fr\/?s={search_term_string}"},"query-input":{"@type":"PropertyValueSpecification","valueRequired":true,"valueName":"search_term_string"}}],"inLanguage":"fr-FR"}]}},"meta_box":{"industry":"","seo_heading":"","heading":"","description":"","cta_heading":"","cta_description":"","application":"7315","h1":"Widget de localisation de magasin Webflow","h1_caption":"Affichez une carte avec plusieurs emplacements de magasins pour aider vos clients \u00e0 trouver sans effort l'emplacement le plus proche d'eux sur votre site Web Webflow.","application_category":[],"applications_title":"","applications_request_title":"","applications_request_button_text":"","hero_text":"","hero_video":"","hero_video_schema_markup":"","selling_points_title":"","selling_points_caption":"","selling_points":[],"selling_points_cta_text":"","features_title":"","features":"","ed_cta_examples_text":"","ed_cta_examples_hidden":"","ed_cta_demo_text":"","ed_cta_demo_hidden":"","why_caption":"","why_editor_title":"","why_editor_text":"","why_team_title":"","why_team_text":"","why_service_title":"","why_service_text":"","template_catalog_visible":"","template_catalog_title":"","template_catalog_text":"","template_catalog_categories_visible":"","demo_title":"Cr\u00e9ez votre widget de recherche de magasin","demo_caption":"Configurez votre localisateur de magasin et ajoutez-le gratuitement \u00e0 votre site Web Webflow\u00a0!","default_faq_hidden":"","app_template_category":[],"platform":"362","template_public_id":"","codecanyon_url":"","codecanyon_item_id":"","codecanyon_price":"","pricing_caption":"","pricing_elfsight_apps_hide_column":"","pricing_elfsight_apps_url":"","pricing_codecanyon_price_caption":"","integration_category":[],"integration_request_title":"","integration_request_cta":"","integration_platform":"","integrations":[],"platform_category":[],"video_schema_markup":"","price":"\u00e0 partir de 0$ \/ mois","trial":"","benefits":[{"text":"Aide \u00e0 l'installation gratuite"},{"text":"Un soutien exceptionnel"},{"text":"Garantie de remboursement de 14 jours"},{"text":"Mises \u00e0 jour continues"}],"button_url":"","button_target_blank":"","button_nofollow":"","attributes":[{"name":"Installations","content":"10,000 - 100,000"},{"name":"Sensible","content":"Oui"},{"name":"Navigateurs compatibles","content":"Firefox, Safari, Opera, Chrome, Edge"}],"tags":[],"tags_disable_links":"","hide_more_platforms":"","video_object":"","demo_hide_cta":"","demo_hide_cloud_options":"","pricing_title":"","pricing":[{"pricing_icon":"platform","pricing_title":"Elfsight Apps","pricing_title_caption":"Solution multiplateforme adapt\u00e9e \u00e0 tous les sites","pricing_price":"from $0 \/ month","pricing_price_caption":"commencez avec un forfait gratuit","pricing_benefits":[{"text":"Domaines illimit\u00e9s"},{"text":"Assistance premium"},{"text":"Assistance \u00e0 l'installation gratuite"},{"text":"Enti\u00e8rement personnalisable"}],"pricing_button_text":"Ajouter au site Web","pricing_button_url":"#demo"}],"related_apps_title":"","related_apps_hidden":"","author":"","image":[],"title":"","job":"","social_networks":[]},"_links":{"self":[{"href":"https:\/\/elfsight.com\/fr\/wp-json\/wp\/v2\/pages\/10403","targetHints":{"allow":["GET"]}}],"collection":[{"href":"https:\/\/elfsight.com\/fr\/wp-json\/wp\/v2\/pages"}],"about":[{"href":"https:\/\/elfsight.com\/fr\/wp-json\/wp\/v2\/types\/page"}],"author":[{"embeddable":true,"href":"https:\/\/elfsight.com\/fr\/wp-json\/wp\/v2\/users\/9"}],"replies":[{"embeddable":true,"href":"https:\/\/elfsight.com\/fr\/wp-json\/wp\/v2\/comments?post=10403"}],"version-history":[{"count":1,"href":"https:\/\/elfsight.com\/fr\/wp-json\/wp\/v2\/pages\/10403\/revisions"}],"predecessor-version":[{"id":10407,"href":"https:\/\/elfsight.com\/fr\/wp-json\/wp\/v2\/pages\/10403\/revisions\/10407"}],"up":[{"embeddable":true,"href":"https:\/\/elfsight.com\/fr\/wp-json\/wp\/v2\/pages\/7318"}],"wp:attachment":[{"href":"https:\/\/elfsight.com\/fr\/wp-json\/wp\/v2\/media?parent=10403"}],"curies":[{"name":"wp","href":"https:\/\/api.w.org\/{rel}","templated":true}]}}