{"id":10402,"date":"1970-01-01T00:00:00","date_gmt":"1970-01-01T00:00:00","guid":{"rendered":"https:\/\/elfsight.com\/fr\/?page_id=10402"},"modified":"2025-07-10T13:40:13","modified_gmt":"2025-07-10T13:40:13","slug":"webnode","status":"publish","type":"page","link":"https:\/\/elfsight.com\/fr\/store-locator-widget\/webnode\/","title":{"rendered":"Store Locator &#8211; Webnode"},"content":{"rendered":"<div class=\"application-platform-content-item-description application-platform-content-item\" id=\"description\" data-nav-section=\"description\"> <h2>Int\u00e9grer le localisateur de magasin dans Webnode avec un widget Elfsight<\/h2> <p>Le localisateur de magasin Elfsight pour Webnode est un widget dynamique et r\u00e9glable con\u00e7u pour am\u00e9liorer la commodit\u00e9 de votre site Web et l&rsquo;engagement client en permettant \u00e0 vos clients de trouver plus facilement que jamais votre emplacement. Avec un ensemble de fonctionnalit\u00e9s exceptionnelles invent\u00e9es pour l&rsquo;efficacit\u00e9 et la performance, ce widget est votre solution incontournable pour pr\u00e9senter les emplacements de vos magasins physiques de mani\u00e8re compr\u00e9hensible et conviviale. Ajoutez-le d\u00e8s maintenant et remarquez comment il transforme votre site Web en un merveilleux outil de recherche de magasins\u00a0!<\/p> <p>En utilisant le widget, vous augmenterez votre cr\u00e9dibilit\u00e9 aupr\u00e8s des clients en donnant des informations d\u00e9taill\u00e9es sur les emplacements physiques de votre entreprise, rassurant ainsi chacun de vos clients. pr\u00e9sence r\u00e9elle. Cela pourrait se traduire par une meilleure prise de d\u00e9cision et une exp\u00e9rience d\u2019achat solide pour les clients. <\/p><p><b>Essayez le merveilleux outil de recherche de magasin pour d\u00e9montrer votre emplacement et des informations commerciales utiles. Fournissez votre v\u00e9ritable adresse et des informations pertinentes pour inviter des visiteurs suppl\u00e9mentaires en magasin. <\/b><\/p> <\/div> <div class=\"application-platform-content-item-features application-platform-content-item\" id=\"features\" data-nav-section=\"features\"> <h2>Voici seulement quelques-unes des nombreuses fonctionnalit\u00e9s du widget\u00a0:<\/h2> <ul><li>Effacer la s\u00e9lection de l&#8217;emplacement<\/li> <li>Caract\u00e9ristiques utiles de la carte<\/li><li>Boutons d&rsquo;action de localisation prenant en charge les int\u00e9grations <\/li><li>Position contextuelle de localisation simple lors d&rsquo;un clic sur un marqueur<\/li><li>Heure de localisation et amp; statut ouvert<\/li><\/ul><p><a href=\"#demo\">Essayez toutes les fonctionnalit\u00e9s de personnalisation dans une d\u00e9mo enti\u00e8rement fonctionnelle<\/a><\/p><\/div> <div class=\"application-platform-content-item-installation application-platform-content-item\" id=\"installation\" data-nav-section=\"installation\"> <h2>Comment int\u00e9grer Store Locator dans mes pages Webnode ?<\/h2> <p>Suivez simplement les \u00e9tapes suivantes indiqu\u00e9es ci-dessous pour int\u00e9grer le plugin. <\/p> <ol><li><b>G\u00e9rez notre configurateur gratuit et commencez \u00e0 construire votre instrument sur mesure. <\/b><br> Trouvez la disposition et les caract\u00e9ristiques appropri\u00e9es du plugin et appliquez les modifications. <\/li> <li><b>Acqu\u00e9rez votre code unique expos\u00e9 dans la bo\u00eete sur Elfsight Apps. <\/b><br> Juste une fois la configuration de votre plugin personnel termin\u00e9e, copiez le code exclusif dans la bo\u00eete qui appara\u00eet et conservez-le pour une utilisation ult\u00e9rieure. <\/li> <li><b>Initiez l&rsquo;utilisation du widget sur votre page d&rsquo;accueil Webnode. <\/b><br> Entrez le code copi\u00e9 r\u00e9cemment dans votre page Web et enregistrez les ajustements. <\/li> <li><b>L&rsquo;installation est termin\u00e9e avec succ\u00e8s. <\/b><br> Visitez votre page pour v\u00e9rifier les performances de l&rsquo;outil. <\/li><\/ol> <p>Si vous rencontrez des difficult\u00e9s, n&rsquo;h\u00e9sitez pas \u00e0 contacter notre \u00e9quipe d&rsquo;assistance. Nos consultants seront ravis de r\u00e9soudre toutes les questions que vous pourriez avoir avec le widget. <\/p><\/div>","protected":false},"excerpt":{"rendered":"","protected":false},"author":9,"featured_media":0,"parent":7318,"menu_order":0,"comment_status":"closed","ping_status":"closed","template":"templates\/template-application-platform.php","meta":{"publish_to_discourse":"","publish_post_category":"","wpdc_auto_publish_overridden":"","wpdc_topic_tags":"","wpdc_pin_topic":"","wpdc_pin_until":"","discourse_post_id":"","discourse_permalink":"","wpdc_publishing_response":"","wpdc_publishing_error":"","footnotes":""},"class_list":["post-10402","page","type-page","status-publish","hentry"],"yoast_head":"<!-- This site is optimized with the Yoast SEO plugin v25.3.1 - https:\/\/yoast.com\/wordpress\/plugins\/seo\/ -->\n<title>Int\u00e9grez le localisateur de magasin dans Webnode - Outil de recherche de magasin gratuit et sans code<\/title>\n<meta name=\"description\" content=\"Ajoutez Store Locator \u00e0 votre site Webnode pour am\u00e9liorer les conversions. Essayez la d\u00e9mo simple d&#039;Elfsight pour cr\u00e9er rapidement le widget polyvalent.\" \/>\n<meta name=\"robots\" content=\"index, follow, max-snippet:-1, max-image-preview:large, max-video-preview:-1\" \/>\n<link rel=\"canonical\" href=\"https:\/\/elfsight.com\/fr\/store-locator-widget\/webnode\/\" \/>\n<meta property=\"og:locale\" content=\"fr_FR\" \/>\n<meta property=\"og:type\" content=\"article\" \/>\n<meta property=\"og:title\" content=\"Int\u00e9grez le localisateur de magasin dans Webnode - Outil de recherche de magasin gratuit et sans code\" \/>\n<meta property=\"og:description\" content=\"Ajoutez Store Locator \u00e0 votre site Webnode pour am\u00e9liorer les conversions. Essayez la d\u00e9mo simple d&#039;Elfsight pour cr\u00e9er rapidement le widget polyvalent.\" \/>\n<meta property=\"og:url\" content=\"https:\/\/elfsight.com\/fr\/store-locator-widget\/webnode\/\" \/>\n<meta property=\"og:site_name\" content=\"Elfsight FR\" \/>\n<meta property=\"article:modified_time\" content=\"2025-07-10T13:40:13+00:00\" \/>\n<meta name=\"twitter:card\" content=\"summary_large_image\" \/>\n<meta name=\"twitter:label1\" content=\"Dur\u00e9e de lecture estim\u00e9e\" \/>\n\t<meta name=\"twitter:data1\" content=\"2 minutes\" \/>\n<!-- \/ Yoast SEO plugin. -->","yoast_head_json":{"title":"Int\u00e9grez le localisateur de magasin dans Webnode - Outil de recherche de magasin gratuit et sans code","description":"Ajoutez Store Locator \u00e0 votre site Webnode pour am\u00e9liorer les conversions. Essayez la d\u00e9mo simple d'Elfsight pour cr\u00e9er rapidement le widget polyvalent.","robots":{"index":"index","follow":"follow","max-snippet":"max-snippet:-1","max-image-preview":"max-image-preview:large","max-video-preview":"max-video-preview:-1"},"canonical":"https:\/\/elfsight.com\/fr\/store-locator-widget\/webnode\/","og_locale":"fr_FR","og_type":"article","og_title":"Int\u00e9grez le localisateur de magasin dans Webnode - Outil de recherche de magasin gratuit et sans code","og_description":"Ajoutez Store Locator \u00e0 votre site Webnode pour am\u00e9liorer les conversions. Essayez la d\u00e9mo simple d'Elfsight pour cr\u00e9er rapidement le widget polyvalent.","og_url":"https:\/\/elfsight.com\/fr\/store-locator-widget\/webnode\/","og_site_name":"Elfsight FR","article_modified_time":"2025-07-10T13:40:13+00:00","twitter_card":"summary_large_image","twitter_misc":{"Dur\u00e9e de lecture estim\u00e9e":"2 minutes"},"schema":{"@context":"https:\/\/schema.org","@graph":[{"@type":"WebPage","@id":"https:\/\/elfsight.com\/fr\/store-locator-widget\/webnode\/","url":"https:\/\/elfsight.com\/fr\/store-locator-widget\/webnode\/","name":"Int\u00e9grez le localisateur de magasin dans Webnode - Outil de recherche de magasin gratuit et sans code","isPartOf":{"@id":"https:\/\/elfsight.com\/fr\/#website"},"datePublished":"1970-01-01T00:00:00+00:00","dateModified":"2025-07-10T13:40:13+00:00","description":"Ajoutez Store Locator \u00e0 votre site Webnode pour am\u00e9liorer les conversions. Essayez la d\u00e9mo simple d'Elfsight pour cr\u00e9er rapidement le widget polyvalent.","breadcrumb":{"@id":"https:\/\/elfsight.com\/fr\/store-locator-widget\/webnode\/#breadcrumb"},"inLanguage":"fr-FR","potentialAction":[{"@type":"ReadAction","target":["https:\/\/elfsight.com\/fr\/store-locator-widget\/webnode\/"]}]},{"@type":"BreadcrumbList","@id":"https:\/\/elfsight.com\/fr\/store-locator-widget\/webnode\/#breadcrumb","itemListElement":[{"@type":"ListItem","position":1,"name":"Home","item":"https:\/\/elfsight.com\/fr\/"},{"@type":"ListItem","position":2,"name":"Store Locator","item":"https:\/\/elfsight.com\/fr\/store-locator-widget\/"},{"@type":"ListItem","position":3,"name":"Store Locator &#8211; Webnode"}]},{"@type":"WebSite","@id":"https:\/\/elfsight.com\/fr\/#website","url":"https:\/\/elfsight.com\/fr\/","name":"Elfsight FR","description":"","potentialAction":[{"@type":"SearchAction","target":{"@type":"EntryPoint","urlTemplate":"https:\/\/elfsight.com\/fr\/?s={search_term_string}"},"query-input":{"@type":"PropertyValueSpecification","valueRequired":true,"valueName":"search_term_string"}}],"inLanguage":"fr-FR"}]}},"meta_box":{"industry":"","seo_heading":"","heading":"","description":"","cta_heading":"","cta_description":"","application":"7315","h1":"Widget de localisation de magasin Webnode","h1_caption":"Affichez une carte avec plusieurs emplacements de magasins pour aider vos clients \u00e0 trouver sans effort l'emplacement le plus proche d'eux sur votre site Webnode.","application_category":[],"applications_title":"","applications_request_title":"","applications_request_button_text":"","hero_text":"","hero_video":"","hero_video_schema_markup":"","selling_points_title":"","selling_points_caption":"","selling_points":[],"selling_points_cta_text":"","features_title":"","features":"","ed_cta_examples_text":"","ed_cta_examples_hidden":"","ed_cta_demo_text":"","ed_cta_demo_hidden":"","why_caption":"","why_editor_title":"","why_editor_text":"","why_team_title":"","why_team_text":"","why_service_title":"","why_service_text":"","template_catalog_visible":"","template_catalog_title":"","template_catalog_text":"","template_catalog_categories_visible":"","demo_title":"Cr\u00e9ez votre widget de recherche de magasin","demo_caption":"Configurez votre Store Locator et ajoutez-le gratuitement \u00e0 votre site Webnode !","default_faq_hidden":"","app_template_category":[],"platform":"364","template_public_id":"","codecanyon_url":"","codecanyon_item_id":"","codecanyon_price":"","pricing_caption":"","pricing_elfsight_apps_hide_column":"","pricing_elfsight_apps_url":"","pricing_codecanyon_price_caption":"","integration_category":[],"integration_request_title":"","integration_request_cta":"","integration_platform":"","integrations":[],"platform_category":[],"video_schema_markup":"","price":"\u00e0 partir de 0$ \/ mois","trial":"","benefits":[{"text":"Service d'installation gratuit"},{"text":"Service client professionnel"},{"text":"Garantie de remboursement de 14 jours"},{"text":"Mises \u00e0 jour gratuites en continu"}],"button_url":"","button_target_blank":"","button_nofollow":"","attributes":[{"name":"Installations","content":"10,000 - 100,000"},{"name":"Sensible","content":"Oui"},{"name":"Navigateurs compatibles","content":"Firefox, Safari, Opera, Chrome, Edge"}],"tags":[],"tags_disable_links":"","hide_more_platforms":"","video_object":"","demo_hide_cta":"","demo_hide_cloud_options":"","pricing_title":"","pricing":[{"pricing_icon":"platform","pricing_title":"Elfsight Apps","pricing_title_caption":"Version multiplateforme","pricing_price":"from $0 \/ month","pricing_price_caption":"commencez avec un forfait gratuit","pricing_benefits":[{"text":"Sites Web illimit\u00e9s"},{"text":"Assistance rapide de l'entreprise"},{"text":"Assistance \u00e0 l'installation gratuite"},{"text":"Conception flexible"}],"pricing_button_text":"Ajouter au site Web","pricing_button_url":"#demo"}],"related_apps_title":"","related_apps_hidden":"","author":"","image":[],"title":"","job":"","social_networks":[]},"_links":{"self":[{"href":"https:\/\/elfsight.com\/fr\/wp-json\/wp\/v2\/pages\/10402","targetHints":{"allow":["GET"]}}],"collection":[{"href":"https:\/\/elfsight.com\/fr\/wp-json\/wp\/v2\/pages"}],"about":[{"href":"https:\/\/elfsight.com\/fr\/wp-json\/wp\/v2\/types\/page"}],"author":[{"embeddable":true,"href":"https:\/\/elfsight.com\/fr\/wp-json\/wp\/v2\/users\/9"}],"replies":[{"embeddable":true,"href":"https:\/\/elfsight.com\/fr\/wp-json\/wp\/v2\/comments?post=10402"}],"version-history":[{"count":1,"href":"https:\/\/elfsight.com\/fr\/wp-json\/wp\/v2\/pages\/10402\/revisions"}],"predecessor-version":[{"id":10406,"href":"https:\/\/elfsight.com\/fr\/wp-json\/wp\/v2\/pages\/10402\/revisions\/10406"}],"up":[{"embeddable":true,"href":"https:\/\/elfsight.com\/fr\/wp-json\/wp\/v2\/pages\/7318"}],"wp:attachment":[{"href":"https:\/\/elfsight.com\/fr\/wp-json\/wp\/v2\/media?parent=10402"}],"curies":[{"name":"wp","href":"https:\/\/api.w.org\/{rel}","templated":true}]}}