{"id":1037,"date":"2020-07-02T07:22:33","date_gmt":"2020-07-02T07:22:33","guid":{"rendered":"https:\/\/elfsight.com\/fr\/?page_id=1037"},"modified":"2020-10-14T15:26:19","modified_gmt":"2020-10-14T15:26:19","slug":"examples","status":"publish","type":"page","link":"https:\/\/elfsight.com\/fr\/testimonials-slider-widget\/examples\/","title":{"rendered":"Testimonials Slider &#8211; Examples"},"content":{"rendered":"\n<div class=\"application-examples-item application-examples-item-loading\">\n                            <div class=\"col-row\">\n                                <div class=\"col-6 col-m-8 col-s-12\"><h3 class=\"application-examples-item-title\">Exemple 1. Curseur<\/h3><div class=\"application-examples-item-description\">Ce widget est l'un des exemples les plus courants de la fa\u00e7on dont on peut organiser divers t\u00e9moignages de clients sur le site Web. La variante de curseur de la disposition organise les avis sur une seule ligne et ils peuvent \u00eatre parcourus \u00e0 l'aide de fl\u00e8ches ou en les faisant glisser. L'organisation classique des \u00e9l\u00e9ments cr\u00e9e un aspect familier: la photo et le nom de l'auteur sont plac\u00e9s en haut.<\/div><\/div>\n                <\/div>\n\n                <div class=\"application-examples-item-iframe-container browser-frame\">\n                    <div class=\"application-examples-item-iframe-wrapper\">\n                        <iframe class=\"application-examples-item-iframe\" data-src=\"https:\/\/elfsight.com\/examples?widget_id=29ba1506-5471-448b-bd6c-c9ed674133af&padding=20px+0+40px\" width=\"100%\" allow=\"autoplay; fullscreen\"><\/iframe>\n                    <\/div>\n\n                    <div class=\"application-examples-item-loader\"><\/div>\n                <\/div>\n            <\/div>\n\n<div class=\"application-examples-item application-examples-item-loading\">\n                            <div class=\"col-row\">\n                                <div class=\"col-6 col-m-8 col-s-12\"><h3 class=\"application-examples-item-title\">Exemple 2. Rotateur<\/h3><div class=\"application-examples-item-description\">Ce mod\u00e8le sera parfait au cas o\u00f9 vous auriez besoin de faire valoir un avis important. Tous les t\u00e9moignages seront affich\u00e9s un par un gr\u00e2ce au mod\u00e8le Single Spotlight. Le carrousel actif les fait pivoter automatiquement, mais les utilisateurs peuvent \u00e9galement faire glisser ou utiliser des fl\u00e8ches pour les faire d\u00e9filer.<\/div><\/div>\n                <\/div>\n\n                <div class=\"application-examples-item-iframe-container browser-frame\">\n                    <div class=\"application-examples-item-iframe-wrapper\">\n                        <iframe class=\"application-examples-item-iframe\" data-src=\"https:\/\/elfsight.com\/examples?widget_id=56fbc576-8d3e-4e4d-807d-70301f3a76ac\" width=\"100%\" allow=\"autoplay; fullscreen\"><\/iframe>\n                    <\/div>\n\n                    <div class=\"application-examples-item-loader\"><\/div>\n                <\/div>\n            <\/div>\n\n<div class=\"application-examples-item application-examples-item-loading\">\n                            <div class=\"col-row\">\n                                <div class=\"col-6 col-m-8 col-s-12\"><h3 class=\"application-examples-item-title\">Exemple 3. Carrousel<\/h3><div class=\"application-examples-item-description\">Pour souligner l'attention des lecteurs sur le texte des t\u00e9moignages, vous pouvez choisir d'afficher le texte au-dessus des d\u00e9tails de l'auteur. Pour cela, nous avons introduit le mod\u00e8le Tiled Balloon. Il placera plusieurs t\u00e9moignages par page et en haut de chacun, les utilisateurs verront le nombre d'\u00e9toiles - c'est ainsi que vous pouvez montrer votre appr\u00e9ciation.<\/div><\/div>\n                <\/div>\n\n                <div class=\"application-examples-item-iframe-container browser-frame\">\n                    <div class=\"application-examples-item-iframe-wrapper\">\n                        <iframe class=\"application-examples-item-iframe\" data-src=\"https:\/\/elfsight.com\/examples?widget_id=3b5f67c4-ee86-4dfd-93d6-effee6c27fa6\" width=\"100%\" allow=\"autoplay; fullscreen\"><\/iframe>\n                    <\/div>\n\n                    <div class=\"application-examples-item-loader\"><\/div>\n                <\/div>\n            <\/div>\n\n<div class=\"application-examples-item application-examples-item-loading\">\n                            <div class=\"col-row\">\n                                <div class=\"col-6 col-m-8 col-s-12\"><h3 class=\"application-examples-item-title\">Exemple 4. Cartes<\/h3><div class=\"application-examples-item-description\">Ce mod\u00e8le est vraiment impressionnant, avec des photos des plus grands auteurs en haut du texte. Ceci est disponible gr\u00e2ce au mod\u00e8le de carte postale carrel\u00e9e, il ressemble \u00e0 des cartes postales. Ils ont une couleur de fond et orient\u00e9s verticalement pour la finition stylistique.<\/div><\/div>\n                <\/div>\n\n                <div class=\"application-examples-item-iframe-container browser-frame\">\n                    <div class=\"application-examples-item-iframe-wrapper\">\n                        <iframe class=\"application-examples-item-iframe\" data-src=\"https:\/\/elfsight.com\/examples?widget_id=63d7e2fb-c9fb-40c5-9fbd-0330f85ef13e\" width=\"100%\" allow=\"autoplay; fullscreen\"><\/iframe>\n                    <\/div>\n\n                    <div class=\"application-examples-item-loader\"><\/div>\n                <\/div>\n            <\/div>\n\n<div class=\"application-cta-create\">\n                    <div class=\"application-cta-create-bg\">\n                        <div class=\"application-cta-create-bg-left\"><\/div>\n\n                        <div class=\"application-cta-create-bg-right\">\n                            <img decoding=\"async\" src=\"https:\/\/elfsight.com\/fr\/wp-content\/themes\/elfsight\/frontend\/assets\/img\/application-cta-create.jpg\" alt=\"Commencez par cr\u00e9er votre widget\">\n                        <\/div>\n                    <\/div>\n\n                    <div class=\"application-cta-create-content inner\">\n                        <div class=\"application-cta-create-content-inner\">\n                            <div class=\"application-cta-create-content-icon\">\n                                <svg viewBox=\"0 0 25 25\" width=\"100%\" height=\"100%\">\n                                    <use xlink:href=\"#icon-settings\"><\/use>\n                                <\/svg>\n                            <\/div>\n\n                            <div class=\"application-cta-create-content-title\">Commencez par cr\u00e9er votre widget<\/div>\n\n                            <div class=\"application-cta-create-content-text\">Vite. Facile. Pas de codage.<\/div>\n\n                            <a class=\"application-cta-create-content-button button-48 button-has-right-icon button-black button\" href=\"\">\n                                <span class=\"button-label\">Cr\u00e9er un widget<\/span>\n\n                                <svg class=\"button-icon\">\n                                    <use xlink:href=\"#icon-arrow-link\"><\/use>\n                                <\/svg>\n                            <\/a>\n                        <\/div>\n                    <\/div>\n                <\/div>\n\n<div class=\"application-examples-item application-examples-item-loading\">\n                            <div class=\"col-row\">\n                                <div class=\"col-6 col-m-8 col-s-12\"><h3 class=\"application-examples-item-title\">Exemple 5. Liste<\/h3><div class=\"application-examples-item-description\">Le mod\u00e8le de liste est une variante parfaite pour concentrer l'attention des visiteurs sur le texte et rendre vos t\u00e9moignages faciles \u00e0 lire. Ils sont organis\u00e9s sous forme de liste sur la page, les informations sur l'auteur prenant un petit espace \u00e0 gauche. Les utilisateurs pourront les parcourir rapidement et se faire une id\u00e9e de chacun. Cela est d\u00fb au mod\u00e8le Single Classic, qui donne au texte un aspect plus substantiel.<\/div><\/div>\n                <\/div>\n\n                <div class=\"application-examples-item-iframe-container browser-frame\">\n                    <div class=\"application-examples-item-iframe-wrapper\">\n                        <iframe class=\"application-examples-item-iframe\" data-src=\"https:\/\/elfsight.com\/examples?widget_id=099d2d5d-cccc-4ab9-95cf-65a75c9af9e7\" width=\"100%\" allow=\"autoplay; fullscreen\"><\/iframe>\n                    <\/div>\n\n                    <div class=\"application-examples-item-loader\"><\/div>\n                <\/div>\n            <\/div>\n\n<div class=\"application-examples-item application-examples-item-loading\">\n                            <div class=\"col-row\">\n                                <div class=\"col-6 col-m-8 col-s-12\"><h3 class=\"application-examples-item-title\">Exemple 6. R\u00e9seau<\/h3><div class=\"application-examples-item-description\">Si vous voulez avoir une page de votre site enti\u00e8rement carrel\u00e9e de t\u00e9moignages et impressionner les utilisateurs avec le grand nombre d'entre eux, alors le mod\u00e8le Tiled Classic est fait pour vous. Il placera plusieurs t\u00e9moignages sur une seule page avec la variante la plus connue de la mise en page des \u00e9l\u00e9ments. L'en-t\u00eate avec du texte personnalis\u00e9 le compl\u00e9tera.<\/div><\/div>\n                <\/div>\n\n                <div class=\"application-examples-item-iframe-container browser-frame\">\n                    <div class=\"application-examples-item-iframe-wrapper\">\n                        <iframe class=\"application-examples-item-iframe\" data-src=\"https:\/\/elfsight.com\/examples?widget_id=6b5cdcea-da7a-4988-aa7a-947cdfa18aac\" width=\"100%\" allow=\"autoplay; fullscreen\"><\/iframe>\n                    <\/div>\n\n                    <div class=\"application-examples-item-loader\"><\/div>\n                <\/div>\n            <\/div>\n\n<div class=\"application-examples-item application-examples-item-loading\">\n                            <div class=\"col-row\">\n                                <div class=\"col-6 col-m-8 col-s-12\"><h3 class=\"application-examples-item-title\">Exemple 7. T\u00e9moignage client<\/h3><div class=\"application-examples-item-description\">Ici, vous pouvez voir comment le mod\u00e8le de carte postale unique du widget s'adaptera parfaitement au cas o\u00f9 votre client a une longue histoire et que vous devez le montrer dans tous les d\u00e9tails. En utilisant une taille de photo aussi grande, vous pouvez voir l'exemple d'interaction de l'utilisateur avec votre produit ou service - il suffit d'ajouter la photo. Toutes les informations sur l'auteur restent sous le texte.<\/div><\/div>\n                <\/div>\n\n                <div class=\"application-examples-item-iframe-container browser-frame\">\n                    <div class=\"application-examples-item-iframe-wrapper\">\n                        <iframe class=\"application-examples-item-iframe\" data-src=\"https:\/\/elfsight.com\/examples?widget_id=5a027299-f306-4dbd-9804-8f94ae2eb4d6\" width=\"100%\" allow=\"autoplay; fullscreen\"><\/iframe>\n                    <\/div>\n\n                    <div class=\"application-examples-item-loader\"><\/div>\n                <\/div>\n            <\/div>\n","protected":false},"excerpt":{"rendered":"","protected":false},"author":12,"featured_media":0,"parent":1017,"menu_order":0,"comment_status":"closed","ping_status":"closed","template":"templates\/template-application-examples.php","meta":{"publish_to_discourse":"","publish_post_category":"","wpdc_auto_publish_overridden":"","wpdc_topic_tags":"","wpdc_pin_topic":"","wpdc_pin_until":"","discourse_post_id":"","discourse_permalink":"","wpdc_publishing_response":"","wpdc_publishing_error":"","footnotes":""},"class_list":["post-1037","page","type-page","status-publish","hentry"],"yoast_head":"<!-- This site is optimized with the Yoast SEO plugin v25.3.1 - https:\/\/yoast.com\/wordpress\/plugins\/seo\/ -->\n<title>TOP 7 des exemples de t\u00e9moignages de clients sur le site Web (en 2025)<\/title>\n<meta name=\"description\" content=\"Exemples de mod\u00e8les de t\u00e9moignages TOP 7: curseur, r\u00e9seau de carte postale et liste. Exemples de mod\u00e8les de t\u00e9moignages pour votre site Web en 2023.\" \/>\n<meta name=\"robots\" content=\"index, follow, max-snippet:-1, max-image-preview:large, max-video-preview:-1\" \/>\n<link rel=\"canonical\" href=\"https:\/\/elfsight.com\/fr\/testimonials-slider-widget\/examples\/\" \/>\n<meta property=\"og:locale\" content=\"fr_FR\" \/>\n<meta property=\"og:type\" content=\"article\" \/>\n<meta property=\"og:title\" content=\"TOP 7 des exemples de t\u00e9moignages de clients sur le site Web (en 2025)\" \/>\n<meta property=\"og:description\" content=\"Exemples de mod\u00e8les de t\u00e9moignages TOP 7: curseur, r\u00e9seau de carte postale et liste. Exemples de mod\u00e8les de t\u00e9moignages pour votre site Web en 2023.\" \/>\n<meta property=\"og:url\" content=\"https:\/\/elfsight.com\/fr\/testimonials-slider-widget\/examples\/\" \/>\n<meta property=\"og:site_name\" content=\"Elfsight FR\" \/>\n<meta property=\"article:modified_time\" content=\"2020-10-14T15:26:19+00:00\" \/>\n<meta name=\"twitter:card\" content=\"summary_large_image\" \/>\n<meta name=\"twitter:label1\" content=\"Dur\u00e9e de lecture estim\u00e9e\" \/>\n\t<meta name=\"twitter:data1\" content=\"3 minutes\" \/>\n<!-- \/ Yoast SEO plugin. -->","yoast_head_json":{"title":"TOP 7 des exemples de t\u00e9moignages de clients sur le site Web (en 2025)","description":"Exemples de mod\u00e8les de t\u00e9moignages TOP 7: curseur, r\u00e9seau de carte postale et liste. Exemples de mod\u00e8les de t\u00e9moignages pour votre site Web en 2023.","robots":{"index":"index","follow":"follow","max-snippet":"max-snippet:-1","max-image-preview":"max-image-preview:large","max-video-preview":"max-video-preview:-1"},"canonical":"https:\/\/elfsight.com\/fr\/testimonials-slider-widget\/examples\/","og_locale":"fr_FR","og_type":"article","og_title":"TOP 7 des exemples de t\u00e9moignages de clients sur le site Web (en 2025)","og_description":"Exemples de mod\u00e8les de t\u00e9moignages TOP 7: curseur, r\u00e9seau de carte postale et liste. Exemples de mod\u00e8les de t\u00e9moignages pour votre site Web en 2023.","og_url":"https:\/\/elfsight.com\/fr\/testimonials-slider-widget\/examples\/","og_site_name":"Elfsight FR","article_modified_time":"2020-10-14T15:26:19+00:00","twitter_card":"summary_large_image","twitter_misc":{"Dur\u00e9e de lecture estim\u00e9e":"3 minutes"},"schema":{"@context":"https:\/\/schema.org","@graph":[{"@type":"WebPage","@id":"https:\/\/elfsight.com\/fr\/testimonials-slider-widget\/examples\/","url":"https:\/\/elfsight.com\/fr\/testimonials-slider-widget\/examples\/","name":"TOP 7 des exemples de t\u00e9moignages de clients sur le site Web (en 2025)","isPartOf":{"@id":"https:\/\/elfsight.com\/fr\/#website"},"datePublished":"2020-07-02T07:22:33+00:00","dateModified":"2020-10-14T15:26:19+00:00","description":"Exemples de mod\u00e8les de t\u00e9moignages TOP 7: curseur, r\u00e9seau de carte postale et liste. Exemples de mod\u00e8les de t\u00e9moignages pour votre site Web en 2023.","breadcrumb":{"@id":"https:\/\/elfsight.com\/fr\/testimonials-slider-widget\/examples\/#breadcrumb"},"inLanguage":"fr-FR","potentialAction":[{"@type":"ReadAction","target":["https:\/\/elfsight.com\/fr\/testimonials-slider-widget\/examples\/"]}]},{"@type":"BreadcrumbList","@id":"https:\/\/elfsight.com\/fr\/testimonials-slider-widget\/examples\/#breadcrumb","itemListElement":[{"@type":"ListItem","position":1,"name":"Home","item":"https:\/\/elfsight.com\/fr\/"},{"@type":"ListItem","position":2,"name":"Testimonials Slider","item":"https:\/\/elfsight.com\/fr\/testimonials-slider-widget\/"},{"@type":"ListItem","position":3,"name":"Testimonials Slider &#8211; Examples"}]},{"@type":"WebSite","@id":"https:\/\/elfsight.com\/fr\/#website","url":"https:\/\/elfsight.com\/fr\/","name":"Elfsight FR","description":"","potentialAction":[{"@type":"SearchAction","target":{"@type":"EntryPoint","urlTemplate":"https:\/\/elfsight.com\/fr\/?s={search_term_string}"},"query-input":{"@type":"PropertyValueSpecification","valueRequired":true,"valueName":"search_term_string"}}],"inLanguage":"fr-FR"}]}},"meta_box":{"industry":"","seo_heading":"","heading":"","description":"","cta_heading":"","cta_description":"","application":"1010","h1":"Exemples de Curseur de t\u00e9moignages","h1_caption":"Consultez les exemples de mod\u00e8les de t\u00e9moignages de clients pour les sites Web afin de r\u00e9v\u00e9ler tout le potentiel du widget. Assurez-vous qu'il conviendra \u00e0 tous vos objectifs.","application_category":[],"applications_title":"","applications_request_title":"","applications_request_button_text":"","hero_text":"","hero_video":"","hero_video_schema_markup":"","selling_points_title":"","selling_points_caption":"","selling_points":[],"selling_points_cta_text":"","features_title":"","features":"","ed_cta_examples_text":"","ed_cta_examples_hidden":"","ed_cta_demo_text":"","ed_cta_demo_hidden":"","why_caption":"","why_editor_title":"","why_editor_text":"","why_team_title":"","why_team_text":"","why_service_title":"","why_service_text":"","template_catalog_visible":"","template_catalog_title":"","template_catalog_text":"","template_catalog_categories_visible":"","demo_title":"","demo_caption":"","default_faq_hidden":"","app_template_category":[],"platform":"","template_public_id":"","codecanyon_url":"","codecanyon_item_id":"","codecanyon_price":"","pricing_caption":"","pricing_elfsight_apps_hide_column":"","pricing_elfsight_apps_url":"","pricing_codecanyon_price_caption":"","integration_category":[],"integration_request_title":"","integration_request_cta":"","integration_platform":"","integrations":[],"platform_category":[],"video_schema_markup":"","price":"","trial":"","benefits":[],"button_url":"","button_target_blank":"","button_nofollow":"","attributes":[],"tags":[],"tags_disable_links":"","hide_more_platforms":"","video_object":"","demo_hide_cta":"","demo_hide_cloud_options":"","pricing_title":"","pricing":[],"related_apps_title":"","related_apps_hidden":"","author":"","image":[],"title":"","job":"","social_networks":[]},"_links":{"self":[{"href":"https:\/\/elfsight.com\/fr\/wp-json\/wp\/v2\/pages\/1037","targetHints":{"allow":["GET"]}}],"collection":[{"href":"https:\/\/elfsight.com\/fr\/wp-json\/wp\/v2\/pages"}],"about":[{"href":"https:\/\/elfsight.com\/fr\/wp-json\/wp\/v2\/types\/page"}],"author":[{"embeddable":true,"href":"https:\/\/elfsight.com\/fr\/wp-json\/wp\/v2\/users\/12"}],"replies":[{"embeddable":true,"href":"https:\/\/elfsight.com\/fr\/wp-json\/wp\/v2\/comments?post=1037"}],"version-history":[{"count":8,"href":"https:\/\/elfsight.com\/fr\/wp-json\/wp\/v2\/pages\/1037\/revisions"}],"predecessor-version":[{"id":1045,"href":"https:\/\/elfsight.com\/fr\/wp-json\/wp\/v2\/pages\/1037\/revisions\/1045"}],"up":[{"embeddable":true,"href":"https:\/\/elfsight.com\/fr\/wp-json\/wp\/v2\/pages\/1017"}],"wp:attachment":[{"href":"https:\/\/elfsight.com\/fr\/wp-json\/wp\/v2\/media?parent=1037"}],"curies":[{"name":"wp","href":"https:\/\/api.w.org\/{rel}","templated":true}]}}