{"id":10333,"date":"1970-01-01T00:00:00","date_gmt":"1970-01-01T00:00:00","guid":{"rendered":"https:\/\/elfsight.com\/fr\/?page_id=10333"},"modified":"2024-12-18T14:25:22","modified_gmt":"2024-12-18T14:25:22","slug":"webflow","status":"publish","type":"page","link":"https:\/\/elfsight.com\/fr\/social-media-icons-widget\/webflow\/","title":{"rendered":"Social Media Icons &#8211; Webflow"},"content":{"rendered":"\n<div class=\"application-platform-content-item-description application-platform-content-item\" id=\"description\" data-nav-section=\"description\">\n  <h2>Int\u00e9grez des ic\u00f4nes de r\u00e9seaux sociaux sur Webflow avec le widget Elfsight<\/h2>\n  <p>Les ic\u00f4nes sociales simples et efficaces d&rsquo;Elfsight sont l\u00e0 pour connecter votre site Web avec tous les m\u00e9dias sociaux. Restez connect\u00e9 \u00e0 vos clients m\u00eame apr\u00e8s qu&rsquo;ils aient quitt\u00e9 votre site, gr\u00e2ce aux boutons sociaux. Mise en page r\u00e9active, jeu de couleurs et style r\u00e9glables, ic\u00f4nes pr\u00eates \u00e0 l&#8217;emploi de tous les m\u00e9dias sociaux les plus populaires et plus d&rsquo;options dans notre widget Ic\u00f4nes sociales.<\/p>\n  <p><b>Augmentez la pr\u00e9sence de votre entreprise sur les m\u00e9dias sociaux.<\/b><\/p>\n  <ul>\n    <li><b>Preuve sociale plus forte et popularit\u00e9 plus \u00e9lev\u00e9e de vos comptes<\/b>.<br>Am\u00e9liorez votre image de marque aupr\u00e8s des utilisateurs qui en font la promotion sur les r\u00e9seaux sociaux et augmentez la preuve sociale et la popularit\u00e9.<\/li>\n    <li><b>Plus d&rsquo;abonn\u00e9s gr\u00e2ce \u00e0 une implication active dans les r\u00e9seaux sociaux<\/b>.<br>D\u00e9montrez votre pr\u00e9sence active sur les r\u00e9seaux sociaux et suscitez l&rsquo;int\u00e9r\u00eat pour votre entreprise afin d&rsquo;avoir plus d&rsquo;abonn\u00e9s.<\/li>\n    <li><b>Meilleure communication client avec des moyens de contact rapides<\/b>.<br>Montrez \u00e0 vos clients actuels et futurs davantage de moyens de vous contacter et am\u00e9liorez la communication avec les clients.<\/li>\n  <\/ul>\n<\/div>\n\n<div class=\"application-platform-content-item-features application-platform-content-item\" id=\"features\" data-nav-section=\"features\">\n  <h2>Principales fonctionnalit\u00e9s du widget Ic\u00f4nes des r\u00e9seaux sociaux<\/h2>\n  <p>Les principaux avantages de nos ic\u00f4nes, qui en font l&rsquo;une des meilleures applications pour Webflow :<\/p>\n  <ul>\n    <li>Plus de 50 plateformes sociales pr\u00e9d\u00e9finies ;<\/li>\n    <li>5 options de taille d&rsquo;ic\u00f4ne ;<\/li>\n    <li>3 variantes de position des ic\u00f4nes ;<\/li>\n    <li>5 types d&rsquo;animation ;<\/li>\n    <li>3 sch\u00e9mas de couleurs pour les ic\u00f4nes, l&rsquo;arri\u00e8re-plan et l&rsquo;effet de survol ;<\/li>\n    <li>5 types d&rsquo;effet de survol.<\/li>\n  <\/ul>\n  <p><a href=\"#demo\">D\u00e9couvrez vous-m\u00eame la liste compl\u00e8te<\/a><\/p>\n<\/div>\n\n<div class=\"application-platform-content-item-installation application-platform-content-item\" id=\"installation\" data-nav-section=\"installation\">\n  <h2>Comment ajouter des ic\u00f4nes de r\u00e9seaux sociaux au site Web Webflow<\/h2>\n  <div class=\"video-container\">\n    <iframe width=\"720\" height=\"405\" src=\"https:\/\/www.youtube.com\/embed\/Rv_tsMMkF8I\" frameborder=\"0\" allowfullscreen=\"\"><\/iframe>\n  <\/div>\n  <p>Un guide rapide pour ajouter des ic\u00f4nes sur un site Web sans comp\u00e9tences particuli\u00e8res en programmation. Le temps total d&rsquo;installation ne d\u00e9passe pas trois minutes.<\/p>\n  <ol>\n    <li><b>Concevez vos ic\u00f4nes sociales personnalis\u00e9es<\/b>.<br>\u00c0 l&rsquo;aide de notre \u00e9diteur gratuit, fa\u00e7onnez un widget avec l&rsquo;apparence et les capacit\u00e9s n\u00e9cessaires.<\/li>\n    <li><b>Copiez le code d&rsquo;int\u00e9gration du widget<\/b>.<br>Apr\u00e8s la cr\u00e9ation du widget, r\u00e9cup\u00e9rez le code du widget Ic\u00f4nes \u00e0 partir de la notification contextuelle sur les applications Elfsight.<\/li>\n    <li><b>Affichez le widget sur le site Web Webflow<\/b>.<br>Affichez le widget \u00e0 l&rsquo;endroit n\u00e9cessaire de la page et appliquez les modifications.<\/li>\n    <li><b>Vous avez termin\u00e9 !<\/b><br>Visitez votre site pour v\u00e9rifier vos ic\u00f4nes.<\/li>\n  <\/ol>\n  <p>Vous n&rsquo;avez pas r\u00e9ussi \u00e0 installer ou \u00e0 personnaliser les ic\u00f4nes ? Consultez notre guide complet \u00ab <a href=\"https:\/\/elfsight.com\/tutorials\/how-to-add-social-media-icons-to-webflow\/\" target=\"_blank\" rel=\"noopener noreferrer\">Comment ajouter des ic\u00f4nes de r\u00e9seaux sociaux \u00e0 un site Web Webflow<\/a> \u00bb ou adressez-vous \u00e0 notre centre d&rsquo;aide.<\/p>\n<\/div>\n\n<div class=\"faq\" data-component=\"FAQ\">\n  <div class=\"faq-item\">\r\n\t\t\t\t\t<div class=\"faq-item-question\">\r\n\t\t\t\t\t\t<h3 class=\"faq-item-question-text\">Comment puis-je ajouter des ic\u00f4nes de r\u00e9seaux sociaux sur mon site Web Webflow sans codage ?<\/h3>\r\n\r\n\t\t\t\t\t\t<div class=\"faq-item-question-icon\"><\/div>\r\n\t\t\t\t\t<\/div>\r\n\r\n\t\t\t\t\t<div class=\"faq-item-answer\">\r\n\t\t\t\t\t\t<div class=\"faq-item-answer-text\">\n    <p>La soci\u00e9t\u00e9 Elfsight propose une solution Cloud qui vous permet de cr\u00e9er vous-m\u00eame une section d&rsquo;ic\u00f4nes de r\u00e9seaux sociaux. D\u00e9couvrez les \u00e9tapes simples :<\/p>\n    <ul>\n      <li>Commencez \u00e0 travailler dans la d\u00e9mo en direct pour cr\u00e9er un plugin d&rsquo;ic\u00f4nes de m\u00e9dias sociaux que vous aimeriez voir sur la page Web Webflow.<\/li>\n      <li>Choisissez l&rsquo;un des mod\u00e8les pr\u00eats \u00e0 l&#8217;emploi et adaptez les param\u00e8tres des ic\u00f4nes de m\u00e9dias sociaux, transformez la mise en page et les couleurs, ajoutez votre contenu sans codage.<\/li>\n      <li>Cliquez pour enregistrer les param\u00e8tres que vous avez d\u00e9finis sur les ic\u00f4nes de m\u00e9dias sociaux et copiez le code d&rsquo;installation du widget, que vous pouvez simplement int\u00e9grer gratuitement dans votre page Web Webflow.<\/li>\n    <\/ul>\n    <p>Gr\u00e2ce au configurateur facile \u00e0 utiliser, chaque internaute peut cr\u00e9er des ic\u00f4nes de m\u00e9dias sociaux en ligne et les inclure facilement dans n&rsquo;importe quelle page d&rsquo;accueil Webflow. Il n&rsquo;est pas n\u00e9cessaire de souscrire \u00e0 un forfait payant ou de saisir les donn\u00e9es de votre carte pour acc\u00e9der \u00e0 l&rsquo;\u00e9diteur. Si vous rencontrez des obstacles de quelque nature que ce soit, n&rsquo;h\u00e9sitez pas \u00e0 vous adresser \u00e0 notre support technique client.<\/p>\n  <\/div>\r\n\t\t\t\t\t<\/div>\r\n\t\t\t\t<\/div>\n<\/div>\n\n","protected":false},"excerpt":{"rendered":"","protected":false},"author":9,"featured_media":0,"parent":2342,"menu_order":0,"comment_status":"closed","ping_status":"closed","template":"templates\/template-application-platform.php","meta":{"publish_to_discourse":"","publish_post_category":"","wpdc_auto_publish_overridden":"","wpdc_topic_tags":"","wpdc_pin_topic":"","wpdc_pin_until":"","discourse_post_id":"","discourse_permalink":"","wpdc_publishing_response":"","wpdc_publishing_error":"","footnotes":""},"class_list":["post-10333","page","type-page","status-publish","hentry"],"yoast_head":"<!-- This site is optimized with the Yoast SEO plugin v25.3.1 - https:\/\/yoast.com\/wordpress\/plugins\/seo\/ -->\n<title>Ic\u00f4nes de m\u00e9dias sociaux \u2013 Ajouter des ic\u00f4nes sociales au site Web Webflow<\/title>\n<meta name=\"description\" content=\"Essayez d\u00e8s maintenant les ic\u00f4nes de m\u00e9dias sociaux Elfsight pour Webflow. Cr\u00e9ez vos ic\u00f4nes uniques pour votre site Web en seulement deux minutes\u00a0!\" \/>\n<meta name=\"robots\" content=\"index, follow, max-snippet:-1, max-image-preview:large, max-video-preview:-1\" \/>\n<link rel=\"canonical\" href=\"https:\/\/elfsight.com\/fr\/social-media-icons-widget\/webflow\/\" \/>\n<meta property=\"og:locale\" content=\"fr_FR\" \/>\n<meta property=\"og:type\" content=\"article\" \/>\n<meta property=\"og:title\" content=\"Ic\u00f4nes de m\u00e9dias sociaux \u2013 Ajouter des ic\u00f4nes sociales au site Web Webflow\" \/>\n<meta property=\"og:description\" content=\"Essayez d\u00e8s maintenant les ic\u00f4nes de m\u00e9dias sociaux Elfsight pour Webflow. Cr\u00e9ez vos ic\u00f4nes uniques pour votre site Web en seulement deux minutes\u00a0!\" \/>\n<meta property=\"og:url\" content=\"https:\/\/elfsight.com\/fr\/social-media-icons-widget\/webflow\/\" \/>\n<meta property=\"og:site_name\" content=\"Elfsight FR\" \/>\n<meta property=\"article:modified_time\" content=\"2024-12-18T14:25:22+00:00\" \/>\n<meta name=\"twitter:card\" content=\"summary_large_image\" \/>\n<meta name=\"twitter:label1\" content=\"Dur\u00e9e de lecture estim\u00e9e\" \/>\n\t<meta name=\"twitter:data1\" content=\"4 minutes\" \/>\n<!-- \/ Yoast SEO plugin. -->","yoast_head_json":{"title":"Ic\u00f4nes de m\u00e9dias sociaux \u2013 Ajouter des ic\u00f4nes sociales au site Web Webflow","description":"Essayez d\u00e8s maintenant les ic\u00f4nes de m\u00e9dias sociaux Elfsight pour Webflow. Cr\u00e9ez vos ic\u00f4nes uniques pour votre site Web en seulement deux minutes\u00a0!","robots":{"index":"index","follow":"follow","max-snippet":"max-snippet:-1","max-image-preview":"max-image-preview:large","max-video-preview":"max-video-preview:-1"},"canonical":"https:\/\/elfsight.com\/fr\/social-media-icons-widget\/webflow\/","og_locale":"fr_FR","og_type":"article","og_title":"Ic\u00f4nes de m\u00e9dias sociaux \u2013 Ajouter des ic\u00f4nes sociales au site Web Webflow","og_description":"Essayez d\u00e8s maintenant les ic\u00f4nes de m\u00e9dias sociaux Elfsight pour Webflow. Cr\u00e9ez vos ic\u00f4nes uniques pour votre site Web en seulement deux minutes\u00a0!","og_url":"https:\/\/elfsight.com\/fr\/social-media-icons-widget\/webflow\/","og_site_name":"Elfsight FR","article_modified_time":"2024-12-18T14:25:22+00:00","twitter_card":"summary_large_image","twitter_misc":{"Dur\u00e9e de lecture estim\u00e9e":"4 minutes"},"schema":{"@context":"https:\/\/schema.org","@graph":[{"@type":"WebPage","@id":"https:\/\/elfsight.com\/fr\/social-media-icons-widget\/webflow\/","url":"https:\/\/elfsight.com\/fr\/social-media-icons-widget\/webflow\/","name":"Ic\u00f4nes de m\u00e9dias sociaux \u2013 Ajouter des ic\u00f4nes sociales au site Web Webflow","isPartOf":{"@id":"https:\/\/elfsight.com\/fr\/#website"},"datePublished":"1970-01-01T00:00:00+00:00","dateModified":"2024-12-18T14:25:22+00:00","description":"Essayez d\u00e8s maintenant les ic\u00f4nes de m\u00e9dias sociaux Elfsight pour Webflow. Cr\u00e9ez vos ic\u00f4nes uniques pour votre site Web en seulement deux minutes\u00a0!","breadcrumb":{"@id":"https:\/\/elfsight.com\/fr\/social-media-icons-widget\/webflow\/#breadcrumb"},"inLanguage":"fr-FR","potentialAction":[{"@type":"ReadAction","target":["https:\/\/elfsight.com\/fr\/social-media-icons-widget\/webflow\/"]}]},{"@type":"BreadcrumbList","@id":"https:\/\/elfsight.com\/fr\/social-media-icons-widget\/webflow\/#breadcrumb","itemListElement":[{"@type":"ListItem","position":1,"name":"Home","item":"https:\/\/elfsight.com\/fr\/"},{"@type":"ListItem","position":2,"name":"Social Media Icons","item":"https:\/\/elfsight.com\/fr\/social-media-icons-widget\/"},{"@type":"ListItem","position":3,"name":"Social Media Icons &#8211; Webflow"}]},{"@type":"WebSite","@id":"https:\/\/elfsight.com\/fr\/#website","url":"https:\/\/elfsight.com\/fr\/","name":"Elfsight FR","description":"","potentialAction":[{"@type":"SearchAction","target":{"@type":"EntryPoint","urlTemplate":"https:\/\/elfsight.com\/fr\/?s={search_term_string}"},"query-input":{"@type":"PropertyValueSpecification","valueRequired":true,"valueName":"search_term_string"}}],"inLanguage":"fr-FR"}]}},"meta_box":{"industry":"","seo_heading":"","heading":"","description":"","cta_heading":"","cta_description":"","application":"2341","h1":"Ic\u00f4nes de m\u00e9dias sociaux pour Webflow","h1_caption":"Ajoutez des ic\u00f4nes qui renvoient \u00e0 vos profils de r\u00e9seaux sociaux, permettant ainsi aux visiteurs de se connecter facilement avec vous sur toutes les plateformes de votre site Web Webflow, sans effort.","application_category":[],"applications_title":"","applications_request_title":"","applications_request_button_text":"","hero_text":"","hero_video":"","hero_video_schema_markup":"","selling_points_title":"","selling_points_caption":"","selling_points":[],"selling_points_cta_text":"","features_title":"","features":"","ed_cta_examples_text":"","ed_cta_examples_hidden":"","ed_cta_demo_text":"","ed_cta_demo_hidden":"","why_caption":"","why_editor_title":"","why_editor_text":"","why_team_title":"","why_team_text":"","why_service_title":"","why_service_text":"","template_catalog_visible":"0","template_catalog_title":"","template_catalog_text":"","template_catalog_categories_visible":"","demo_title":"Cr\u00e9ez votre widget Ic\u00f4nes de m\u00e9dias sociaux","demo_caption":"Configurez vos ic\u00f4nes de m\u00e9dias sociaux et ajoutez-les gratuitement \u00e0 votre site Web Webflow\u00a0!","default_faq_hidden":"","app_template_category":[],"platform":"362","template_public_id":"","codecanyon_url":"","codecanyon_item_id":"","codecanyon_price":"","pricing_caption":"","pricing_elfsight_apps_hide_column":"","pricing_elfsight_apps_url":"","pricing_codecanyon_price_caption":"","integration_category":[],"integration_request_title":"","integration_request_cta":"","integration_platform":"","integrations":[],"platform_category":[],"video_schema_markup":"","price":"\u00e0 partir de 0$ \/ mois","trial":"","benefits":[{"text":"Aide \u00e0 l'installation gratuite"},{"text":"\u00c9quipe d'assistance comp\u00e9tente"},{"text":"Garantie de remboursement de 14 jours"},{"text":"Mises \u00e0 jour gratuites et continues"}],"button_url":"","button_target_blank":"0","button_nofollow":"0","attributes":[{"name":"Installations","content":"10,000 - 100,000"},{"name":"Sensible","content":"Oui"},{"name":"Navigateurs compatibles","content":"Firefox, Safari, Opera, Chrome, Edge"}],"tags":[],"tags_disable_links":"0","hide_more_platforms":"","video_object":"","demo_hide_cta":"0","demo_hide_cloud_options":"0","pricing_title":"","pricing":[{"pricing_icon":"platform","pricing_title":"Webflow widget","pricing_title_caption":"Solution num\u00e9rique ind\u00e9pendante de la plateforme qui s'adapte \u00e0 n'importe quel site Web (y compris Webflow)","pricing_price":"from $0 \/ month","pricing_price_caption":"commencez avec un forfait gratuit","pricing_benefits":[{"text":"Sites Web illimit\u00e9s"},{"text":"\u00c9quipe d'assistance professionnelle"},{"text":"Assistance \u00e0 l'installation gratuite"},{"text":"Offre sp\u00e9ciale pour plusieurs applications"}],"pricing_button_text":"Ajouter au site Web","pricing_button_url":"#demo"}],"related_apps_title":"","related_apps_hidden":"0","author":"","image":[],"title":"","job":"","social_networks":[]},"_links":{"self":[{"href":"https:\/\/elfsight.com\/fr\/wp-json\/wp\/v2\/pages\/10333","targetHints":{"allow":["GET"]}}],"collection":[{"href":"https:\/\/elfsight.com\/fr\/wp-json\/wp\/v2\/pages"}],"about":[{"href":"https:\/\/elfsight.com\/fr\/wp-json\/wp\/v2\/types\/page"}],"author":[{"embeddable":true,"href":"https:\/\/elfsight.com\/fr\/wp-json\/wp\/v2\/users\/9"}],"replies":[{"embeddable":true,"href":"https:\/\/elfsight.com\/fr\/wp-json\/wp\/v2\/comments?post=10333"}],"version-history":[{"count":2,"href":"https:\/\/elfsight.com\/fr\/wp-json\/wp\/v2\/pages\/10333\/revisions"}],"predecessor-version":[{"id":15881,"href":"https:\/\/elfsight.com\/fr\/wp-json\/wp\/v2\/pages\/10333\/revisions\/15881"}],"up":[{"embeddable":true,"href":"https:\/\/elfsight.com\/fr\/wp-json\/wp\/v2\/pages\/2342"}],"wp:attachment":[{"href":"https:\/\/elfsight.com\/fr\/wp-json\/wp\/v2\/media?parent=10333"}],"curies":[{"name":"wp","href":"https:\/\/api.w.org\/{rel}","templated":true}]}}