{"id":10331,"date":"1970-01-01T00:00:00","date_gmt":"1970-01-01T00:00:00","guid":{"rendered":"https:\/\/elfsight.com\/fr\/?page_id=10331"},"modified":"2025-07-10T13:29:46","modified_gmt":"2025-07-10T13:29:46","slug":"blogger","status":"publish","type":"page","link":"https:\/\/elfsight.com\/fr\/social-media-icons-widget\/blogger\/","title":{"rendered":"Social Media Icons &#8211; Blogger"},"content":{"rendered":"<div class=\"application-platform-content-item-description application-platform-content-item\" id=\"description\" data-nav-section=\"description\"><h2>Description<\/h2>Ic\u00f4nes sociales pratiques et avantageuses d&rsquo;Elfsight pour connecter votre site Web \u00e0 divers r\u00e9seaux sociaux. Continuez \u00e0 soutenir la connexion avec vos clients, en les transformant en vos abonn\u00e9s. Une mise en page adaptative, une personnalisation compl\u00e8te de l&rsquo;apparence et du design avec des ic\u00f4nes pr\u00eates pour tous les m\u00e9dias sociaux les plus populaires.<b>Augmentez la pr\u00e9sence de votre entreprise sur les m\u00e9dias sociaux.<\/b><ul><li><b>D\u00e9montrez votre position dans les m\u00e9dias sociaux<\/b>. Dites aux utilisateurs de notre site Web que cette marque occupe une place importante dans divers m\u00e9dias sociaux et envoyez-les vers vos pages sociales en un seul clic de souris.<\/li><li><b>Nombre maximum de visiteurs pour vos r\u00e9seaux sociaux<\/b>. Offrez aux utilisateurs du site une variante d\u00e9m\u00eal\u00e9e pour acc\u00e9der \u00e0 votre profil social et profiter d&rsquo;un maximum d&rsquo;utilisateurs sur les r\u00e9seaux sociaux.<\/li><li><b>Amenez l&rsquo;interaction avec les clients au niveau sup\u00e9rieur<\/b>.Montrez \u00e0 vos clients actuels et potentiels davantage de m\u00e9thodes pour les aider et am\u00e9liorer la qualit\u00e9 du support.<\/li><\/ul><\/div><div class=\"application-platform-content-item-features application-platform-content-item\" id=\"features\" data-nav-section=\"features\"><h2>Fonctionnalit\u00e9s<\/h2>Les plus avantages importants pour faire de nos ic\u00f4nes le meilleur widget social Blogger.<ul><li>Ajoutez un nombre illimit\u00e9 d&rsquo;ic\u00f4nes\u00a0;<\/li><li>Modifiez l&rsquo;ordre de la d\u00e9monstration des ic\u00f4nes\u00a0;<\/li><li>Disposition flottante pour que les ic\u00f4nes suivent le scroll\u00a0;<\/li><li>Couleurs natives, noir et blanc des ic\u00f4nes\u00a0;<\/li><li>3 variantes de rayon de bordure\u00a0: cercle, arrondi, rayon de bordure carr\u00e9.<\/li><\/ul><a href=\"#demo\">Testez les principales fonctionnalit\u00e9s dans notre d\u00e9mo<\/a><\/div><div class=\"application-platform-content-item-installation application-platform-content-item\" id=\"installation\" data-nav-section=\"installation\"><h2>Comment ajouter le widget Ic\u00f4nes de r\u00e9seaux sociaux \u00e0 Blogger<\/h2><div class=\" conteneur vid\u00e9o\"><iframe width=\"720\" height=\"405\" src=\"https:\/\/www.youtube.com\/embed\/2Ca9W3tHyxA\" frameborder=\"0\" allowfullscreen=\"\"><\/iframe><\/div>Un guide simple pour afficher des ic\u00f4nes sur une page sans exp\u00e9rience en programmation. La dur\u00e9e d&rsquo;int\u00e9gration compl\u00e8te est inf\u00e9rieure \u00e0 60 secondes.<ol><li><b>Construisez vos ic\u00f4nes sociales personnalis\u00e9es<\/b>. \u00c0 l&rsquo;aide de notre d\u00e9mo gratuite, assemblez un plugin avec la conception et les fonctions n\u00e9cessaires.<\/li><li><b>Obtenez le code pour int\u00e9grer le plugin<\/b>. Apr\u00e8s le param\u00e9trage du widget, recevez le code du plugin Icons \u00e0 partir de la notification apparue sur Elfsight Apps.<\/li><li><b>Affichez le plugin sur Blogger site Web<\/b>.Ajoutez le plugin \u00e0 l&rsquo;endroit n\u00e9cessaire du site Web et appliquez les r\u00e9sultats.<\/li><li><b>Vous avez enti\u00e8rement effectu\u00e9 l&rsquo;installation<\/b>.Entrez votre site pour v\u00e9rifier votre plugin. <\/li><\/ol>Vous n&rsquo;avez pas r\u00e9ussi \u00e0 placer ou \u00e0 d\u00e9finir les ic\u00f4nes sur un site Web\u00a0? Lisez nos instructions d\u00e9taill\u00e9es \u00ab\u00a0<a href=\"https:\/\/elfsight.com\/tutorials\/how-to-add-social-media-icons-to-blogger\/\" target=\"_blank\" rel=\"noopener noreferrer\">Comment pour ajouter des ic\u00f4nes sur Blogger<\/a>\u00bb ou laissez une demande \u00e0 notre \u00e9quipe d&rsquo;assistance.<\/div><div class=\"faq\" data-component=\"FAQ\"><div class=\"faq-item\">\r\n\t\t\t\t\t<div class=\"faq-item-question\">\r\n\t\t\t\t\t\t<h3 class=\"faq-item-question-text\">Existe-t-il une m\u00e9thode pour int\u00e9grer des ic\u00f4nes de m\u00e9dias sociaux sur ma page Web Blogger sans codage ?<\/h3>\r\n\r\n\t\t\t\t\t\t<div class=\"faq-item-question-icon\"><\/div>\r\n\t\t\t\t\t<\/div>\r\n\r\n\t\t\t\t\t<div class=\"faq-item-answer\">\r\n\t\t\t\t\t\t<div class=\"faq-item-answer-text\"><p>La soci\u00e9t\u00e9 Elfsight propose une solution Cloud qui permet aux utilisateurs de cr\u00e9er eux-m\u00eames une application d&rsquo;ic\u00f4nes de m\u00e9dias sociaux. D\u00e9couvrez le guide simple\u00a0: <\/p><ul><li>Acc\u00e9dez \u00e0 la live Editor pour g\u00e9n\u00e9rer un plugin d&rsquo;ic\u00f4nes de m\u00e9dias sociaux que vous aimeriez voir sur votre page Web Blogger.<\/li><li> Choisissez l&rsquo;un de nos mod\u00e8les pr\u00eats \u00e0 l&#8217;emploi et modifiez les param\u00e8tres des ic\u00f4nes de m\u00e9dias sociaux, modifiez la mise en page et les couleurs, mettez \u00e0 jour votre contenu sans comp\u00e9tences en codage.<\/li><li>Cliquez pour enregistrer les ic\u00f4nes des r\u00e9seaux sociaux et copier le code pour l&rsquo;installation, que vous pouvez ajouter sans effort et gratuitement sur le site Web Blogger.<\/li><\/ul><p> \u00c0 l&rsquo;aide de notre configurateur intuitif, chaque utilisateur Web peut g\u00e9n\u00e9rer une section d&rsquo;ic\u00f4nes de m\u00e9dias sociaux en ligne et l&rsquo;int\u00e9grer au site Web Blogger. Vous ne devez pas payer ni divulguer les informations d\u2019identification de votre carte pour acc\u00e9der \u00e0 notre \u00e9diteur. Si vous rencontrez des obstacles \u00e0 une \u00e9tape quelconque, n&rsquo;h\u00e9sitez pas \u00e0 vous adresser \u00e0 notre \u00e9quipe d&rsquo;assistance.<\/p><\/div>\r\n\t\t\t\t\t<\/div>\r\n\t\t\t\t<\/div><\/div>","protected":false},"excerpt":{"rendered":"","protected":false},"author":9,"featured_media":0,"parent":2342,"menu_order":0,"comment_status":"closed","ping_status":"closed","template":"templates\/template-application-platform.php","meta":{"publish_to_discourse":"","publish_post_category":"","wpdc_auto_publish_overridden":"","wpdc_topic_tags":"","wpdc_pin_topic":"","wpdc_pin_until":"","discourse_post_id":"","discourse_permalink":"","wpdc_publishing_response":"","wpdc_publishing_error":"","footnotes":""},"class_list":["post-10331","page","type-page","status-publish","hentry"],"yoast_head":"<!-- This site is optimized with the Yoast SEO plugin v25.3.1 - https:\/\/yoast.com\/wordpress\/plugins\/seo\/ -->\n<title>Ic\u00f4nes de m\u00e9dias sociaux - Ajouter un widget d&#039;ic\u00f4nes sociales \u00e0 Blogger<\/title>\n<meta name=\"description\" content=\"Testez gratuitement les ic\u00f4nes de m\u00e9dias sociaux Elfsight pour Blogger. Configurez des ic\u00f4nes personnalis\u00e9es pour votre site Web en quelques minutes seulement !\" \/>\n<meta name=\"robots\" content=\"index, follow, max-snippet:-1, max-image-preview:large, max-video-preview:-1\" \/>\n<link rel=\"canonical\" href=\"https:\/\/elfsight.com\/fr\/social-media-icons-widget\/blogger\/\" \/>\n<meta property=\"og:locale\" content=\"fr_FR\" \/>\n<meta property=\"og:type\" content=\"article\" \/>\n<meta property=\"og:title\" content=\"Ic\u00f4nes de m\u00e9dias sociaux - Ajouter un widget d&#039;ic\u00f4nes sociales \u00e0 Blogger\" \/>\n<meta property=\"og:description\" content=\"Testez gratuitement les ic\u00f4nes de m\u00e9dias sociaux Elfsight pour Blogger. Configurez des ic\u00f4nes personnalis\u00e9es pour votre site Web en quelques minutes seulement !\" \/>\n<meta property=\"og:url\" content=\"https:\/\/elfsight.com\/fr\/social-media-icons-widget\/blogger\/\" \/>\n<meta property=\"og:site_name\" content=\"Elfsight FR\" \/>\n<meta property=\"article:modified_time\" content=\"2025-07-10T13:29:46+00:00\" \/>\n<meta name=\"twitter:card\" content=\"summary_large_image\" \/>\n<meta name=\"twitter:label1\" content=\"Dur\u00e9e de lecture estim\u00e9e\" \/>\n\t<meta name=\"twitter:data1\" content=\"3 minutes\" \/>\n<!-- \/ Yoast SEO plugin. -->","yoast_head_json":{"title":"Ic\u00f4nes de m\u00e9dias sociaux - Ajouter un widget d'ic\u00f4nes sociales \u00e0 Blogger","description":"Testez gratuitement les ic\u00f4nes de m\u00e9dias sociaux Elfsight pour Blogger. Configurez des ic\u00f4nes personnalis\u00e9es pour votre site Web en quelques minutes seulement !","robots":{"index":"index","follow":"follow","max-snippet":"max-snippet:-1","max-image-preview":"max-image-preview:large","max-video-preview":"max-video-preview:-1"},"canonical":"https:\/\/elfsight.com\/fr\/social-media-icons-widget\/blogger\/","og_locale":"fr_FR","og_type":"article","og_title":"Ic\u00f4nes de m\u00e9dias sociaux - Ajouter un widget d'ic\u00f4nes sociales \u00e0 Blogger","og_description":"Testez gratuitement les ic\u00f4nes de m\u00e9dias sociaux Elfsight pour Blogger. Configurez des ic\u00f4nes personnalis\u00e9es pour votre site Web en quelques minutes seulement !","og_url":"https:\/\/elfsight.com\/fr\/social-media-icons-widget\/blogger\/","og_site_name":"Elfsight FR","article_modified_time":"2025-07-10T13:29:46+00:00","twitter_card":"summary_large_image","twitter_misc":{"Dur\u00e9e de lecture estim\u00e9e":"3 minutes"},"schema":{"@context":"https:\/\/schema.org","@graph":[{"@type":"WebPage","@id":"https:\/\/elfsight.com\/fr\/social-media-icons-widget\/blogger\/","url":"https:\/\/elfsight.com\/fr\/social-media-icons-widget\/blogger\/","name":"Ic\u00f4nes de m\u00e9dias sociaux - Ajouter un widget d'ic\u00f4nes sociales \u00e0 Blogger","isPartOf":{"@id":"https:\/\/elfsight.com\/fr\/#website"},"datePublished":"1970-01-01T00:00:00+00:00","dateModified":"2025-07-10T13:29:46+00:00","description":"Testez gratuitement les ic\u00f4nes de m\u00e9dias sociaux Elfsight pour Blogger. Configurez des ic\u00f4nes personnalis\u00e9es pour votre site Web en quelques minutes seulement !","breadcrumb":{"@id":"https:\/\/elfsight.com\/fr\/social-media-icons-widget\/blogger\/#breadcrumb"},"inLanguage":"fr-FR","potentialAction":[{"@type":"ReadAction","target":["https:\/\/elfsight.com\/fr\/social-media-icons-widget\/blogger\/"]}]},{"@type":"BreadcrumbList","@id":"https:\/\/elfsight.com\/fr\/social-media-icons-widget\/blogger\/#breadcrumb","itemListElement":[{"@type":"ListItem","position":1,"name":"Home","item":"https:\/\/elfsight.com\/fr\/"},{"@type":"ListItem","position":2,"name":"Social Media Icons","item":"https:\/\/elfsight.com\/fr\/social-media-icons-widget\/"},{"@type":"ListItem","position":3,"name":"Social Media Icons &#8211; Blogger"}]},{"@type":"WebSite","@id":"https:\/\/elfsight.com\/fr\/#website","url":"https:\/\/elfsight.com\/fr\/","name":"Elfsight FR","description":"","potentialAction":[{"@type":"SearchAction","target":{"@type":"EntryPoint","urlTemplate":"https:\/\/elfsight.com\/fr\/?s={search_term_string}"},"query-input":{"@type":"PropertyValueSpecification","valueRequired":true,"valueName":"search_term_string"}}],"inLanguage":"fr-FR"}]}},"meta_box":{"industry":"","seo_heading":"","heading":"","description":"","cta_heading":"","cta_description":"","application":"2341","h1":"Ic\u00f4nes de m\u00e9dias sociaux pour Blogger","h1_caption":"Ajoutez des ic\u00f4nes qui renvoient \u00e0 vos profils de r\u00e9seaux sociaux, permettant aux visiteurs de se connecter facilement avec vous sur toutes les plateformes de votre site Web Blogger, sans effort.","application_category":[],"applications_title":"","applications_request_title":"","applications_request_button_text":"","hero_text":"","hero_video":"","hero_video_schema_markup":"","selling_points_title":"","selling_points_caption":"","selling_points":[],"selling_points_cta_text":"","features_title":"","features":"","ed_cta_examples_text":"","ed_cta_examples_hidden":"","ed_cta_demo_text":"","ed_cta_demo_hidden":"","why_caption":"","why_editor_title":"","why_editor_text":"","why_team_title":"","why_team_text":"","why_service_title":"","why_service_text":"","template_catalog_visible":"","template_catalog_title":"","template_catalog_text":"","template_catalog_categories_visible":"","demo_title":"Cr\u00e9ez votre widget Ic\u00f4nes de m\u00e9dias sociaux","demo_caption":"Configurez vos ic\u00f4nes de m\u00e9dias sociaux et ajoutez-les gratuitement \u00e0 votre site Web Blogger\u00a0!","default_faq_hidden":"","app_template_category":[],"platform":"348","template_public_id":"","codecanyon_url":"","codecanyon_item_id":"","codecanyon_price":"","pricing_caption":"","pricing_elfsight_apps_hide_column":"","pricing_elfsight_apps_url":"","pricing_codecanyon_price_caption":"","integration_category":[],"integration_request_title":"","integration_request_cta":"","integration_platform":"","integrations":[],"platform_category":[],"video_schema_markup":"","price":"\u00e0 partir de 0$ \/ mois","trial":"","benefits":[{"text":"Service d'installation gratuit"},{"text":"Service client professionnel"},{"text":"Garantie de remboursement de 14 jours"},{"text":"Am\u00e9liorations gratuites et continues"}],"button_url":"","button_target_blank":"","button_nofollow":"","attributes":[{"name":"Installations","content":"10,000 - 100,000"},{"name":"Sensible","content":"Oui"},{"name":"Navigateurs compatibles","content":"Firefox, Safari, Opera, Chrome, Edge"}],"tags":[],"tags_disable_links":"","hide_more_platforms":"","video_object":"","demo_hide_cta":"","demo_hide_cloud_options":"","pricing_title":"","pricing":[{"pricing_icon":"platform","pricing_title":"Elfsight Apps","pricing_title_caption":"Version multiplateforme adapt\u00e9e \u00e0 n'importe quel site Web","pricing_price":"from $0 \/ month","pricing_price_caption":"commencez avec un forfait gratuit","pricing_benefits":[{"text":"Sites Web illimit\u00e9s"},{"text":"Support rapide et bien document\u00e9"},{"text":"Aide \u00e0 l'installation gratuite"},{"text":"Conception flexible"}],"pricing_button_text":"Ajouter au site Web","pricing_button_url":"#demo"}],"related_apps_title":"","related_apps_hidden":"","author":"","image":[],"title":"","job":"","social_networks":[]},"_links":{"self":[{"href":"https:\/\/elfsight.com\/fr\/wp-json\/wp\/v2\/pages\/10331","targetHints":{"allow":["GET"]}}],"collection":[{"href":"https:\/\/elfsight.com\/fr\/wp-json\/wp\/v2\/pages"}],"about":[{"href":"https:\/\/elfsight.com\/fr\/wp-json\/wp\/v2\/types\/page"}],"author":[{"embeddable":true,"href":"https:\/\/elfsight.com\/fr\/wp-json\/wp\/v2\/users\/9"}],"replies":[{"embeddable":true,"href":"https:\/\/elfsight.com\/fr\/wp-json\/wp\/v2\/comments?post=10331"}],"version-history":[{"count":1,"href":"https:\/\/elfsight.com\/fr\/wp-json\/wp\/v2\/pages\/10331\/revisions"}],"predecessor-version":[{"id":10335,"href":"https:\/\/elfsight.com\/fr\/wp-json\/wp\/v2\/pages\/10331\/revisions\/10335"}],"up":[{"embeddable":true,"href":"https:\/\/elfsight.com\/fr\/wp-json\/wp\/v2\/pages\/2342"}],"wp:attachment":[{"href":"https:\/\/elfsight.com\/fr\/wp-json\/wp\/v2\/media?parent=10331"}],"curies":[{"name":"wp","href":"https:\/\/api.w.org\/{rel}","templated":true}]}}