{"id":10330,"date":"1970-01-01T00:00:00","date_gmt":"1970-01-01T00:00:00","guid":{"rendered":"https:\/\/elfsight.com\/fr\/?page_id=10330"},"modified":"2025-07-10T13:29:30","modified_gmt":"2025-07-10T13:29:30","slug":"bigcommerce","status":"publish","type":"page","link":"https:\/\/elfsight.com\/fr\/social-media-icons-widget\/bigcommerce\/","title":{"rendered":"Social Media Icons &#8211; BigCommerce"},"content":{"rendered":"<div class=\"application-platform-content-item-description application-platform-content-item\" id=\"description\" data-nav-section=\"description\"><h2>Description<\/h2><p>Ic\u00f4nes sociales simples et efficaces d&rsquo;Elfsight pour unir votre site aux r\u00e9seaux sociaux les plus populaires. Renforcez les liens avec vos utilisateurs et faites-en vos abonn\u00e9s. Un mod\u00e8le r\u00e9actif, des param\u00e8tres de personnalisation d\u00e9taill\u00e9s de la palette de couleurs et du style avec des ic\u00f4nes int\u00e9gr\u00e9es de tous les principaux m\u00e9dias sociaux.<\/p><p><b>Augmentez la port\u00e9e de votre entreprise sur les plateformes sociales.<\/b><\/p><ul><li><b>Engager plus de followers<\/b>.<br> Montrez le chemin vers les pages sociales n\u00e9cessaires et doublez la probabilit\u00e9 que les utilisateurs de votre site Web se transforment en vos followers.<\/li><li><b>Le le plus grand nombre de lecteurs pour vos pages sociales<\/b>.<br> Fournissez aux utilisateurs du site Web une direction rapide vers votre page de m\u00e9dias sociaux et attirez plus de visiteurs sur les r\u00e9seaux sociaux.<\/li><li><b>Un argument social solide<\/b>.<br> Renforcez la confiance dans votre marque parmi les visiteurs de votre site Web \u00e0 l&rsquo;aide de profils sur les r\u00e9seaux sociaux les plus performants.<\/li><\/ul><\/div><div class=\"application-platform-content-item-features application-platform-content-item\" id=\"features\" data-nav-section=\"features\"><h2>Fonctionnalit\u00e9s<\/h2><p>Les caract\u00e9ristiques de base qui font des ic\u00f4nes Elfsight la meilleure application sociale BigCommerce.<\/p><ul><li>Ajoutez un nouveau m\u00e9dia en ins\u00e9rant simplement une URL \u00e0 votre profil\u00a0;<\/li><li>Dupliquer et supprimer des ic\u00f4nes\u00a0;<\/li><li>Mise en page en ligne pour placer des ic\u00f4nes dans la zone de contenu\u00a0;<\/li><li>3 jeux de couleurs pour les ic\u00f4nes, l&rsquo;arri\u00e8re-plan et l&rsquo;effet de survol\u00a0;<\/li><li> 6 styles d&rsquo;ic\u00f4nes int\u00e9gr\u00e9s.<\/li><\/ul><p><a href=\"#demo\">Essayez les fonctionnalit\u00e9s cl\u00e9s de notre \u00e9diteur<\/a><\/p><\/div><div class=\"application-platform-content-item-installation  application-platform-content-item\" id=\"installation \" data-nav-section=\"installation \"><h2>Comment ajouter des ic\u00f4nes de r\u00e9seaux sociaux \u00e0 BigCommerce<\/h2><div class=\"video-container\"><iframe width=\"720\" height=\"405\" src=\"https:\/\/www.youtube.com\/embed\/QPMmCtKIfAI\" frameborder=\"0\" allowfullscreen=\"\"><\/iframe><\/div><p>Suivez simplement quelques \u00e9tapes d\u00e9crites ci-dessous pour int\u00e9grer l&rsquo;application sur BigCommerce.<\/p> <ol><li><b>Utilisez notre d\u00e9mo gratuite et commencez \u00e0 cr\u00e9er votre widget personnalis\u00e9. <\/b><br> Sp\u00e9cifiez l&rsquo;apparence et les aspects pr\u00e9f\u00e9rables du widget et appliquez les corrections. <\/li> <li><b>Recevez votre code personnel expos\u00e9 dans la case sur Elfsight Apps. <\/b><br> D\u00e8s que la g\u00e9n\u00e9ration de vos ic\u00f4nes de r\u00e9seaux sociaux est termin\u00e9e, copiez le code exclusif dans la case qui appara\u00eet et enregistrez-le pour une utilisation ult\u00e9rieure. <\/li> <li><b>Commencez \u00e0 utiliser l&rsquo;outil sur le site BigCommerce. <\/b><br> Impl\u00e9mentez le code que vous avez copi\u00e9 r\u00e9cemment dans votre page et appliquez les modifications. <\/li> <li><b>L&rsquo;installation est effectu\u00e9e avec succ\u00e8s. <\/b><br> Visitez votre site pour v\u00e9rifier le fonctionnement de l&rsquo;application. <\/li><\/ol><p>Vous n&rsquo;avez pas r\u00e9ussi \u00e0 installer ou \u00e0 d\u00e9montrer les ic\u00f4nes sur un site Web\u00a0? \u00c9tudiez notre guide complet \u00ab<a href=\"https:\/\/elfsight.com\/tutorials\/how-to-add-social-media-icons-to-bigcommerce\/\" target=\"_blank\" rel=\"noopener noreferrer\">Comment pour configurer des ic\u00f4nes sur BigCommerce<\/a>\u00bb ou \u00e9crivez un message \u00e0 notre centre d&rsquo;aide.<\/p><\/div><div class=\"faq\" data-component=\"FAQ\"><div class=\"faq-item\">\r\n\t\t\t\t\t<div class=\"faq-item-question\">\r\n\t\t\t\t\t\t<h3 class=\"faq-item-question-text\">Existe-t-il une m\u00e9thode ajouter des ic\u00f4nes de r\u00e9seaux sociaux \u00e0 ma page Web BigCommerce sans aucune exp\u00e9rience en codage ?<\/h3>\r\n\r\n\t\t\t\t\t\t<div class=\"faq-item-question-icon\"><\/div>\r\n\t\t\t\t\t<\/div>\r\n\r\n\t\t\t\t\t<div class=\"faq-item-answer\">\r\n\t\t\t\t\t\t<div class=\"faq-item-answer-text\"><p>La soci\u00e9t\u00e9 Elfsight pr\u00e9sente une solution SaaS qui permet \u00e0 un large public de cr\u00e9er vous-m\u00eame une section d&rsquo;ic\u00f4nes de r\u00e9seaux sociaux. Consultez les instructions simples\u00a0: <\/p><ul> <li>Acc\u00e9dez \u00e0 la d\u00e9mo en ligne pour g\u00e9n\u00e9rer un plug-in d&rsquo;ic\u00f4nes de r\u00e9seaux sociaux que vous souhaitez int\u00e9grer \u00e0 votre page d&rsquo;accueil BigCommerce.<\/li><li>S\u00e9lectionnez l&rsquo;un des nombreux mod\u00e8les pr\u00e9d\u00e9finis et modifiez les param\u00e8tres des ic\u00f4nes de r\u00e9seaux sociaux, changez la mise en page. et votre jeu de couleurs, ajoutez votre contenu sans aucune comp\u00e9tence en codage.<\/li><li>Enregistrez les ic\u00f4nes des m\u00e9dias sociaux et obtenez le code d&rsquo;installation, qui peut \u00eatre inclus dans la page Web BigCommerce dans le cadre d&rsquo;un forfait gratuit.<\/li><\/ul> <p>Gr\u00e2ce au configurateur facile \u00e0 utiliser, tout internaute peut cr\u00e9er un widget d&rsquo;ic\u00f4nes de m\u00e9dias sociaux en ligne et l&rsquo;inclure simplement sur le site Web BigCommerce. Vous ne devez pas payer ni divulguer les informations d\u2019identification de votre carte pour acc\u00e9der \u00e0 l\u2019\u00e9diteur. Si vous rencontrez des obstacles de quelque nature que ce soit, n&rsquo;h\u00e9sitez pas \u00e0 parler \u00e0 notre service client.<\/p><\/div>\r\n\t\t\t\t\t<\/div>\r\n\t\t\t\t<\/div><\/div>","protected":false},"excerpt":{"rendered":"","protected":false},"author":9,"featured_media":0,"parent":2342,"menu_order":0,"comment_status":"closed","ping_status":"closed","template":"templates\/template-application-platform.php","meta":{"publish_to_discourse":"","publish_post_category":"","wpdc_auto_publish_overridden":"","wpdc_topic_tags":"","wpdc_pin_topic":"","wpdc_pin_until":"","discourse_post_id":"","discourse_permalink":"","wpdc_publishing_response":"","wpdc_publishing_error":"","footnotes":""},"class_list":["post-10330","page","type-page","status-publish","hentry"],"yoast_head":"<!-- This site is optimized with the Yoast SEO plugin v25.3.1 - https:\/\/yoast.com\/wordpress\/plugins\/seo\/ -->\n<title>Ic\u00f4nes de m\u00e9dias sociaux - Ajoutez l&#039;application Ic\u00f4nes sociales \u00e0 BigCommerce<\/title>\n<meta name=\"description\" content=\"D\u00e9couvrez d\u00e8s maintenant nos ic\u00f4nes de m\u00e9dias sociaux pour BigCommerce. Concevez des ic\u00f4nes uniques pour votre site Web en quelques minutes seulement\u00a0!\" \/>\n<meta name=\"robots\" content=\"index, follow, max-snippet:-1, max-image-preview:large, max-video-preview:-1\" \/>\n<link rel=\"canonical\" href=\"https:\/\/elfsight.com\/fr\/social-media-icons-widget\/bigcommerce\/\" \/>\n<meta property=\"og:locale\" content=\"fr_FR\" \/>\n<meta property=\"og:type\" content=\"article\" \/>\n<meta property=\"og:title\" content=\"Ic\u00f4nes de m\u00e9dias sociaux - Ajoutez l&#039;application Ic\u00f4nes sociales \u00e0 BigCommerce\" \/>\n<meta property=\"og:description\" content=\"D\u00e9couvrez d\u00e8s maintenant nos ic\u00f4nes de m\u00e9dias sociaux pour BigCommerce. Concevez des ic\u00f4nes uniques pour votre site Web en quelques minutes seulement\u00a0!\" \/>\n<meta property=\"og:url\" content=\"https:\/\/elfsight.com\/fr\/social-media-icons-widget\/bigcommerce\/\" \/>\n<meta property=\"og:site_name\" content=\"Elfsight FR\" \/>\n<meta property=\"article:modified_time\" content=\"2025-07-10T13:29:30+00:00\" \/>\n<meta name=\"twitter:card\" content=\"summary_large_image\" \/>\n<meta name=\"twitter:label1\" content=\"Dur\u00e9e de lecture estim\u00e9e\" \/>\n\t<meta name=\"twitter:data1\" content=\"3 minutes\" \/>\n<!-- \/ Yoast SEO plugin. -->","yoast_head_json":{"title":"Ic\u00f4nes de m\u00e9dias sociaux - Ajoutez l'application Ic\u00f4nes sociales \u00e0 BigCommerce","description":"D\u00e9couvrez d\u00e8s maintenant nos ic\u00f4nes de m\u00e9dias sociaux pour BigCommerce. Concevez des ic\u00f4nes uniques pour votre site Web en quelques minutes seulement\u00a0!","robots":{"index":"index","follow":"follow","max-snippet":"max-snippet:-1","max-image-preview":"max-image-preview:large","max-video-preview":"max-video-preview:-1"},"canonical":"https:\/\/elfsight.com\/fr\/social-media-icons-widget\/bigcommerce\/","og_locale":"fr_FR","og_type":"article","og_title":"Ic\u00f4nes de m\u00e9dias sociaux - Ajoutez l'application Ic\u00f4nes sociales \u00e0 BigCommerce","og_description":"D\u00e9couvrez d\u00e8s maintenant nos ic\u00f4nes de m\u00e9dias sociaux pour BigCommerce. Concevez des ic\u00f4nes uniques pour votre site Web en quelques minutes seulement\u00a0!","og_url":"https:\/\/elfsight.com\/fr\/social-media-icons-widget\/bigcommerce\/","og_site_name":"Elfsight FR","article_modified_time":"2025-07-10T13:29:30+00:00","twitter_card":"summary_large_image","twitter_misc":{"Dur\u00e9e de lecture estim\u00e9e":"3 minutes"},"schema":{"@context":"https:\/\/schema.org","@graph":[{"@type":"WebPage","@id":"https:\/\/elfsight.com\/fr\/social-media-icons-widget\/bigcommerce\/","url":"https:\/\/elfsight.com\/fr\/social-media-icons-widget\/bigcommerce\/","name":"Ic\u00f4nes de m\u00e9dias sociaux - Ajoutez l'application Ic\u00f4nes sociales \u00e0 BigCommerce","isPartOf":{"@id":"https:\/\/elfsight.com\/fr\/#website"},"datePublished":"1970-01-01T00:00:00+00:00","dateModified":"2025-07-10T13:29:30+00:00","description":"D\u00e9couvrez d\u00e8s maintenant nos ic\u00f4nes de m\u00e9dias sociaux pour BigCommerce. Concevez des ic\u00f4nes uniques pour votre site Web en quelques minutes seulement\u00a0!","breadcrumb":{"@id":"https:\/\/elfsight.com\/fr\/social-media-icons-widget\/bigcommerce\/#breadcrumb"},"inLanguage":"fr-FR","potentialAction":[{"@type":"ReadAction","target":["https:\/\/elfsight.com\/fr\/social-media-icons-widget\/bigcommerce\/"]}]},{"@type":"BreadcrumbList","@id":"https:\/\/elfsight.com\/fr\/social-media-icons-widget\/bigcommerce\/#breadcrumb","itemListElement":[{"@type":"ListItem","position":1,"name":"Home","item":"https:\/\/elfsight.com\/fr\/"},{"@type":"ListItem","position":2,"name":"Social Media Icons","item":"https:\/\/elfsight.com\/fr\/social-media-icons-widget\/"},{"@type":"ListItem","position":3,"name":"Social Media Icons &#8211; BigCommerce"}]},{"@type":"WebSite","@id":"https:\/\/elfsight.com\/fr\/#website","url":"https:\/\/elfsight.com\/fr\/","name":"Elfsight FR","description":"","potentialAction":[{"@type":"SearchAction","target":{"@type":"EntryPoint","urlTemplate":"https:\/\/elfsight.com\/fr\/?s={search_term_string}"},"query-input":{"@type":"PropertyValueSpecification","valueRequired":true,"valueName":"search_term_string"}}],"inLanguage":"fr-FR"}]}},"meta_box":{"industry":"","seo_heading":"","heading":"","description":"","cta_heading":"","cta_description":"","application":"2341","h1":"Ic\u00f4nes de m\u00e9dias sociaux BigCommerce","h1_caption":"Ajoutez des ic\u00f4nes qui renvoient \u00e0 vos profils de r\u00e9seaux sociaux, permettant ainsi aux visiteurs de se connecter facilement avec vous sur toutes les plateformes de votre site Web BigCommerce.","application_category":[],"applications_title":"","applications_request_title":"","applications_request_button_text":"","hero_text":"","hero_video":"","hero_video_schema_markup":"","selling_points_title":"","selling_points_caption":"","selling_points":[],"selling_points_cta_text":"","features_title":"","features":"","ed_cta_examples_text":"","ed_cta_examples_hidden":"","ed_cta_demo_text":"","ed_cta_demo_hidden":"","why_caption":"","why_editor_title":"","why_editor_text":"","why_team_title":"","why_team_text":"","why_service_title":"","why_service_text":"","template_catalog_visible":"","template_catalog_title":"","template_catalog_text":"","template_catalog_categories_visible":"","demo_title":"Cr\u00e9ez votre application d'ic\u00f4nes de m\u00e9dias sociaux","demo_caption":"Configurez vos ic\u00f4nes de m\u00e9dias sociaux et ajoutez-les gratuitement \u00e0 votre site Web BigCommerce\u00a0!","default_faq_hidden":"","app_template_category":[],"platform":"347","template_public_id":"","codecanyon_url":"","codecanyon_item_id":"","codecanyon_price":"","pricing_caption":"","pricing_elfsight_apps_hide_column":"","pricing_elfsight_apps_url":"","pricing_codecanyon_price_caption":"","integration_category":[],"integration_request_title":"","integration_request_cta":"","integration_platform":"","integrations":[],"platform_category":[],"video_schema_markup":"","price":"\u00e0 partir de 0$ \/ mois","trial":"","benefits":[{"text":"Assistance \u00e0 l'installation gratuite"},{"text":"Service client comp\u00e9tent"},{"text":"Garantie de remboursement de 14 jours"},{"text":"Mises \u00e0 jour gratuites \u00e0 vie"}],"button_url":"","button_target_blank":"","button_nofollow":"","attributes":[{"name":"Installations","content":"10,000 - 100,000"},{"name":"Sensible","content":"Oui"},{"name":"Navigateurs compatibles","content":"Firefox, Safari, Opera, Chrome, Edge"}],"tags":[],"tags_disable_links":"","hide_more_platforms":"","video_object":"","demo_hide_cta":"","demo_hide_cloud_options":"","pricing_title":"","pricing":[{"pricing_icon":"cloud","pricing_title":"Elfsight Apps","pricing_title_caption":"Solution num\u00e9rique multiplateforme qui fonctionne sur n'importe quel site","pricing_price":"from $0 \/ month","pricing_price_caption":"commencez avec un forfait gratuit","pricing_benefits":[{"text":"Sites Web illimit\u00e9s"},{"text":"Support rapide de l\u2019entreprise et bien document\u00e9"},{"text":"Aide \u00e0 l'installation gratuite"},{"text":"Enti\u00e8rement personnalisable"}],"pricing_button_text":"Ajouter au site Web","pricing_button_url":"#demo"}],"related_apps_title":"","related_apps_hidden":"","author":"","image":[],"title":"","job":"","social_networks":[]},"_links":{"self":[{"href":"https:\/\/elfsight.com\/fr\/wp-json\/wp\/v2\/pages\/10330","targetHints":{"allow":["GET"]}}],"collection":[{"href":"https:\/\/elfsight.com\/fr\/wp-json\/wp\/v2\/pages"}],"about":[{"href":"https:\/\/elfsight.com\/fr\/wp-json\/wp\/v2\/types\/page"}],"author":[{"embeddable":true,"href":"https:\/\/elfsight.com\/fr\/wp-json\/wp\/v2\/users\/9"}],"replies":[{"embeddable":true,"href":"https:\/\/elfsight.com\/fr\/wp-json\/wp\/v2\/comments?post=10330"}],"version-history":[{"count":2,"href":"https:\/\/elfsight.com\/fr\/wp-json\/wp\/v2\/pages\/10330\/revisions"}],"predecessor-version":[{"id":15115,"href":"https:\/\/elfsight.com\/fr\/wp-json\/wp\/v2\/pages\/10330\/revisions\/15115"}],"up":[{"embeddable":true,"href":"https:\/\/elfsight.com\/fr\/wp-json\/wp\/v2\/pages\/2342"}],"wp:attachment":[{"href":"https:\/\/elfsight.com\/fr\/wp-json\/wp\/v2\/media?parent=10330"}],"curies":[{"name":"wp","href":"https:\/\/api.w.org\/{rel}","templated":true}]}}