{"id":10325,"date":"1970-01-01T00:00:00","date_gmt":"1970-01-01T00:00:00","guid":{"rendered":"https:\/\/elfsight.com\/fr\/?page_id=10325"},"modified":"2025-07-10T13:29:52","modified_gmt":"2025-07-10T13:29:52","slug":"drupal","status":"publish","type":"page","link":"https:\/\/elfsight.com\/fr\/social-media-icons-widget\/drupal\/","title":{"rendered":"Social Media Icons &#8211; Drupal"},"content":{"rendered":"<div class=\"application-platform-content-item-description application-platform-content-item\" id=\"description\" data-nav-section=\"description\"><h2>Description<\/h2><p>Ic\u00f4nes sociales pratiques et efficaces d&rsquo;Elfsight pour unir votre site aux diff\u00e9rents r\u00e9seaux sociaux. D\u00e9veloppez des contacts avec vos clients et convertissez-les en fans. Un mod\u00e8le r\u00e9actif, de nombreuses options de personnalisation de l&rsquo;interface et du style avec des ic\u00f4nes pr\u00eates \u00e0 l&#8217;emploi de tous les principaux r\u00e9seaux sociaux.<\/p><p><b>Am\u00e9liorez la popularit\u00e9 de votre marque sur les r\u00e9seaux sociaux<\/b><\/p> <ul><li><b>Obtenez de nouveaux abonn\u00e9s<\/b>.<br>Fournissez un lien vers les comptes sociaux requis et augmentez les chances que les visiteurs de votre site deviennent vos abonn\u00e9s.<\/li><li><b> Nouveaux lecteurs sur les r\u00e9seaux sociaux<\/b>.<br>Augmentez la couverture de vos pages m\u00e9dia en impliquant constamment les lecteurs du site et en les transformant en abonn\u00e9s.<\/li><li><b>Restez connect\u00e9 avec vos clients 24h\/24 et 7j\/7. <\/b>.<br>Donne aux lecteurs la possibilit\u00e9 de choisir l&rsquo;un des outils suppl\u00e9mentaires de communication et d&rsquo;assistance les plus pratiques au moyen des r\u00e9seaux sociaux.<\/li><li><b>Engagement productif des clients<\/b> .<br>Affichez votre statut actif sur les r\u00e9seaux sociaux et attirez une attention suppl\u00e9mentaire sur votre entreprise parmi les visiteurs du site Web.<\/li><\/ul><\/div><div class=\"application-platform-content-item-features application-platform-content-item\" id=\"features\" data-nav-section=\"features\"><h2>Fonctionnalit\u00e9s<\/h2><p>Les points cl\u00e9s qui font des ic\u00f4nes Elfsight le meilleur module social Drupal.<\/p><ul><li>Une biblioth\u00e8que d&rsquo;ic\u00f4nes des m\u00e9dias les plus populaires\u00a0;<\/li><li>Dupliquer et supprimer ic\u00f4nes\u00a0;<\/li><li>3 variantes d&rsquo;alignement des ic\u00f4nes\u00a0: gauche, droite, centre\u00a0;<\/li><li>Couleurs noir, natif et blanc des ic\u00f4nes au survol\u00a0;<\/li><li>Opacit\u00e9 r\u00e9glable en pourcentages des ic\u00f4nes et survolez.<\/li><\/ul><p><a href=\"#demo\">\u00c9tudiez les fonctionnalit\u00e9s les plus importantes du configurateur Elfsight<\/a><\/p><\/div><div class=\"application-platform-content-item-installation application-platform-content-item\" id=\"installation\" data-nav-section=\"installation\"><h2>Comment ajouter le module Ic\u00f4nes de r\u00e9seaux sociaux \u00e0 Drupal<\/h2><div class=\"video-container\"> <iframe width=\"720\" height=\"405\" src=\"https:\/\/www.youtube.com\/embed\/Od2kZQ-3mPQ\" frameborder=\"0\" allowfullscreen=\"\"><\/iframe><\/div><p>Suivez simplement les \u00e9tapes d\u00e9crites ci-dessous pour commencer \u00e0 utiliser le module Ic\u00f4nes de m\u00e9dias sociaux sur Drupal .<\/p> <ol><li><b>G\u00e9rez notre configurateur gratuit et commencez \u00e0 fa\u00e7onner votre module sur mesure. <\/b><br> Recherchez le design et les caract\u00e9ristiques pr\u00e9f\u00e9r\u00e9s du widget et enregistrez les corrections. <\/li> <li><b>Recevez le code personnel qui appara\u00eet dans la fen\u00eatre sur Elfsight Apps. <\/b><br> D\u00e8s que la configuration de votre plugin personnel est termin\u00e9e, copiez le code personnel dans la fen\u00eatre qui appara\u00eet et enregistrez-le pour une utilisation ult\u00e9rieure. <\/li> <li><b>Initier l&#8217;emploi du module sur le site Drupal. <\/b><br> Impl\u00e9mentez le code que vous avez copi\u00e9 r\u00e9cemment dans votre site Web et appliquez les ajustements. <\/li> <li><b>Fait\u00a0! L&rsquo;int\u00e9gration est enti\u00e8rement termin\u00e9e. <\/b><br> Acc\u00e9dez \u00e0 votre page pour inspecter les performances de l&rsquo;outil. <\/li><\/ol><p>Vous avez du mal \u00e0 configurer ou \u00e0 ajouter des ic\u00f4nes sur un site\u00a0? V\u00e9rifiez-le dans notre tutoriel d\u00e9taill\u00e9 \u00ab\u00a0<a href=\"https:\/\/elfsight.com\/tutorials\/how-to-add-social-media-icons-to-drupal\/\" target=\"_blank\" rel=\"noopener noreferrer\">Comment placer des ic\u00f4nes sur Drupal<\/a>\u00bb ou contactez notre centre d&rsquo;aide.<\/p><\/div><div class=\"faq\" data-component=\"FAQ\"><div class=\"faq-item\">\r\n\t\t\t\t\t<div class=\"faq-item-question\">\r\n\t\t\t\t\t\t<h3 class=\"faq-item-question-text\">De quelle mani\u00e8re peut-on J'ajoute des ic\u00f4nes de r\u00e9seaux sociaux \u00e0 mon Drupal sans aucune exp\u00e9rience en codage ?<\/h3>\r\n\r\n\t\t\t\t\t\t<div class=\"faq-item-question-icon\"><\/div>\r\n\t\t\t\t\t<\/div>\r\n\r\n\t\t\t\t\t<div class=\"faq-item-answer\">\r\n\t\t\t\t\t\t<div class=\"faq-item-answer-text\"><p>La soci\u00e9t\u00e9 Elfsight pr\u00e9sente une solution qui permet aux utilisateurs de g\u00e9n\u00e9rer vous-m\u00eame une section d&rsquo;ic\u00f4nes de r\u00e9seaux sociaux. D\u00e9couvrez le guide simple\u00a0: <\/p><ul><li> Commencez \u00e0 travailler dans l&rsquo;\u00e9diteur en ligne pour cr\u00e9er un widget d&rsquo;ic\u00f4nes de r\u00e9seaux sociaux que vous aimeriez voir sur votre page d&rsquo;accueil Drupal.<\/li><li>S\u00e9lectionnez l&rsquo;un de nos mod\u00e8les pr\u00e9d\u00e9finis et modifiez les param\u00e8tres des ic\u00f4nes de r\u00e9seaux sociaux, modifiez la mise en page et les couleurs, ajoutez votre contenu sans codage.<\/li><li>Enregistrez les ic\u00f4nes des r\u00e9seaux sociaux et obtenez le code d&rsquo;installation, que vous pouvez simplement int\u00e9grer dans votre page d&rsquo;accueil Drupal dans le cadre d&rsquo;un forfait gratuit.<\/li><\/ul><p> Avec l&rsquo;aide du configurateur convivial, tout utilisateur Web peut cr\u00e9er une application d&rsquo;ic\u00f4nes de m\u00e9dias sociaux et l&rsquo;inclure \u00e0 la page d&rsquo;accueil de Drupal. Il n&rsquo;est pas n\u00e9cessaire de payer ou de soumettre les donn\u00e9es de votre carte pour acc\u00e9der \u00e0 notre \u00e9diteur. Si vous rencontrez des probl\u00e8mes \u00e0 un moment donn\u00e9, n&rsquo;h\u00e9sitez pas \u00e0 contacter notre \u00e9quipe d&rsquo;assistance.<\/p><\/div>\r\n\t\t\t\t\t<\/div>\r\n\t\t\t\t<\/div><\/div>","protected":false},"excerpt":{"rendered":"","protected":false},"author":9,"featured_media":0,"parent":2342,"menu_order":0,"comment_status":"closed","ping_status":"closed","template":"templates\/template-application-platform.php","meta":{"publish_to_discourse":"","publish_post_category":"","wpdc_auto_publish_overridden":"","wpdc_topic_tags":"","wpdc_pin_topic":"","wpdc_pin_until":"","discourse_post_id":"","discourse_permalink":"","wpdc_publishing_response":"","wpdc_publishing_error":"","footnotes":""},"class_list":["post-10325","page","type-page","status-publish","hentry"],"yoast_head":"<!-- This site is optimized with the Yoast SEO plugin v25.3.1 - https:\/\/yoast.com\/wordpress\/plugins\/seo\/ -->\n<title>Ic\u00f4nes de m\u00e9dias sociaux - Ajouter le module Ic\u00f4nes sociales \u00e0 Drupal<\/title>\n<meta name=\"description\" content=\"Essayez d\u00e8s maintenant nos ic\u00f4nes de m\u00e9dias sociaux pour Drupal. Cr\u00e9ez des ic\u00f4nes con\u00e7ues individuellement pour votre site en quelques minutes seulement\u00a0!\" \/>\n<meta name=\"robots\" content=\"index, follow, max-snippet:-1, max-image-preview:large, max-video-preview:-1\" \/>\n<link rel=\"canonical\" href=\"https:\/\/elfsight.com\/fr\/social-media-icons-widget\/drupal\/\" \/>\n<meta property=\"og:locale\" content=\"fr_FR\" \/>\n<meta property=\"og:type\" content=\"article\" \/>\n<meta property=\"og:title\" content=\"Ic\u00f4nes de m\u00e9dias sociaux - Ajouter le module Ic\u00f4nes sociales \u00e0 Drupal\" \/>\n<meta property=\"og:description\" content=\"Essayez d\u00e8s maintenant nos ic\u00f4nes de m\u00e9dias sociaux pour Drupal. Cr\u00e9ez des ic\u00f4nes con\u00e7ues individuellement pour votre site en quelques minutes seulement\u00a0!\" \/>\n<meta property=\"og:url\" content=\"https:\/\/elfsight.com\/fr\/social-media-icons-widget\/drupal\/\" \/>\n<meta property=\"og:site_name\" content=\"Elfsight FR\" \/>\n<meta property=\"article:modified_time\" content=\"2025-07-10T13:29:52+00:00\" \/>\n<meta name=\"twitter:card\" content=\"summary_large_image\" \/>\n<meta name=\"twitter:label1\" content=\"Dur\u00e9e de lecture estim\u00e9e\" \/>\n\t<meta name=\"twitter:data1\" content=\"3 minutes\" \/>\n<!-- \/ Yoast SEO plugin. -->","yoast_head_json":{"title":"Ic\u00f4nes de m\u00e9dias sociaux - Ajouter le module Ic\u00f4nes sociales \u00e0 Drupal","description":"Essayez d\u00e8s maintenant nos ic\u00f4nes de m\u00e9dias sociaux pour Drupal. Cr\u00e9ez des ic\u00f4nes con\u00e7ues individuellement pour votre site en quelques minutes seulement\u00a0!","robots":{"index":"index","follow":"follow","max-snippet":"max-snippet:-1","max-image-preview":"max-image-preview:large","max-video-preview":"max-video-preview:-1"},"canonical":"https:\/\/elfsight.com\/fr\/social-media-icons-widget\/drupal\/","og_locale":"fr_FR","og_type":"article","og_title":"Ic\u00f4nes de m\u00e9dias sociaux - Ajouter le module Ic\u00f4nes sociales \u00e0 Drupal","og_description":"Essayez d\u00e8s maintenant nos ic\u00f4nes de m\u00e9dias sociaux pour Drupal. Cr\u00e9ez des ic\u00f4nes con\u00e7ues individuellement pour votre site en quelques minutes seulement\u00a0!","og_url":"https:\/\/elfsight.com\/fr\/social-media-icons-widget\/drupal\/","og_site_name":"Elfsight FR","article_modified_time":"2025-07-10T13:29:52+00:00","twitter_card":"summary_large_image","twitter_misc":{"Dur\u00e9e de lecture estim\u00e9e":"3 minutes"},"schema":{"@context":"https:\/\/schema.org","@graph":[{"@type":"WebPage","@id":"https:\/\/elfsight.com\/fr\/social-media-icons-widget\/drupal\/","url":"https:\/\/elfsight.com\/fr\/social-media-icons-widget\/drupal\/","name":"Ic\u00f4nes de m\u00e9dias sociaux - Ajouter le module Ic\u00f4nes sociales \u00e0 Drupal","isPartOf":{"@id":"https:\/\/elfsight.com\/fr\/#website"},"datePublished":"1970-01-01T00:00:00+00:00","dateModified":"2025-07-10T13:29:52+00:00","description":"Essayez d\u00e8s maintenant nos ic\u00f4nes de m\u00e9dias sociaux pour Drupal. Cr\u00e9ez des ic\u00f4nes con\u00e7ues individuellement pour votre site en quelques minutes seulement\u00a0!","breadcrumb":{"@id":"https:\/\/elfsight.com\/fr\/social-media-icons-widget\/drupal\/#breadcrumb"},"inLanguage":"fr-FR","potentialAction":[{"@type":"ReadAction","target":["https:\/\/elfsight.com\/fr\/social-media-icons-widget\/drupal\/"]}]},{"@type":"BreadcrumbList","@id":"https:\/\/elfsight.com\/fr\/social-media-icons-widget\/drupal\/#breadcrumb","itemListElement":[{"@type":"ListItem","position":1,"name":"Home","item":"https:\/\/elfsight.com\/fr\/"},{"@type":"ListItem","position":2,"name":"Social Media Icons","item":"https:\/\/elfsight.com\/fr\/social-media-icons-widget\/"},{"@type":"ListItem","position":3,"name":"Social Media Icons &#8211; Drupal"}]},{"@type":"WebSite","@id":"https:\/\/elfsight.com\/fr\/#website","url":"https:\/\/elfsight.com\/fr\/","name":"Elfsight FR","description":"","potentialAction":[{"@type":"SearchAction","target":{"@type":"EntryPoint","urlTemplate":"https:\/\/elfsight.com\/fr\/?s={search_term_string}"},"query-input":{"@type":"PropertyValueSpecification","valueRequired":true,"valueName":"search_term_string"}}],"inLanguage":"fr-FR"}]}},"meta_box":{"industry":"","seo_heading":"","heading":"","description":"","cta_heading":"","cta_description":"","application":"2341","h1":"Ic\u00f4nes de m\u00e9dias sociaux pour Drupal","h1_caption":"Ajoutez des ic\u00f4nes qui renvoient \u00e0 vos profils de r\u00e9seaux sociaux, permettant aux visiteurs de se connecter facilement avec vous sur toutes les plateformes de votre site Web Drupal, sans effort.","application_category":[],"applications_title":"","applications_request_title":"","applications_request_button_text":"","hero_text":"","hero_video":"","hero_video_schema_markup":"","selling_points_title":"","selling_points_caption":"","selling_points":[],"selling_points_cta_text":"","features_title":"","features":"","ed_cta_examples_text":"","ed_cta_examples_hidden":"","ed_cta_demo_text":"","ed_cta_demo_hidden":"","why_caption":"","why_editor_title":"","why_editor_text":"","why_team_title":"","why_team_text":"","why_service_title":"","why_service_text":"","template_catalog_visible":"","template_catalog_title":"","template_catalog_text":"","template_catalog_categories_visible":"","demo_title":"Cr\u00e9ez votre module d'ic\u00f4nes de m\u00e9dias sociaux","demo_caption":"Configurez vos ic\u00f4nes de r\u00e9seaux sociaux et ajoutez-les gratuitement \u00e0 votre site Web Drupal\u00a0!","default_faq_hidden":"","app_template_category":[],"platform":"351","template_public_id":"","codecanyon_url":"","codecanyon_item_id":"","codecanyon_price":"","pricing_caption":"","pricing_elfsight_apps_hide_column":"","pricing_elfsight_apps_url":"","pricing_codecanyon_price_caption":"","integration_category":[],"integration_request_title":"","integration_request_cta":"","integration_platform":"","integrations":[],"platform_category":[],"video_schema_markup":"","price":"\u00e0 partir de 0$ \/ mois","trial":"","benefits":[{"text":"Service d'installation gratuit"},{"text":"Support client exp\u00e9riment\u00e9"},{"text":"Garantie de remboursement de 14 jours"},{"text":"Futures mises \u00e0 jour gratuites"}],"button_url":"","button_target_blank":"","button_nofollow":"","attributes":[{"name":"Installations","content":"10,000 - 100,000"},{"name":"Sensible","content":"Oui"},{"name":"Navigateurs compatibles","content":"Firefox, Safari, Opera, Chrome, Edge"}],"tags":[],"tags_disable_links":"","hide_more_platforms":"","video_object":"","demo_hide_cta":"","demo_hide_cloud_options":"","pricing_title":"","pricing":[{"pricing_icon":"cloud","pricing_title":"Elfsight Apps","pricing_title_caption":"Version multiplateforme adapt\u00e9e \u00e0 n'importe quel site","pricing_price":"from $0 \/ month","pricing_price_caption":"commencez avec un forfait gratuit","pricing_benefits":[{"text":"Domaines illimit\u00e9s"},{"text":"Support client gratuit et bien document\u00e9"},{"text":"Assistance \u00e0 l'installation gratuite"},{"text":"Tr\u00e8s bonne affaire pour plusieurs applications"}],"pricing_button_text":"Ajouter au site Web","pricing_button_url":"#demo"}],"related_apps_title":"","related_apps_hidden":"","author":"","image":[],"title":"","job":"","social_networks":[]},"_links":{"self":[{"href":"https:\/\/elfsight.com\/fr\/wp-json\/wp\/v2\/pages\/10325","targetHints":{"allow":["GET"]}}],"collection":[{"href":"https:\/\/elfsight.com\/fr\/wp-json\/wp\/v2\/pages"}],"about":[{"href":"https:\/\/elfsight.com\/fr\/wp-json\/wp\/v2\/types\/page"}],"author":[{"embeddable":true,"href":"https:\/\/elfsight.com\/fr\/wp-json\/wp\/v2\/users\/9"}],"replies":[{"embeddable":true,"href":"https:\/\/elfsight.com\/fr\/wp-json\/wp\/v2\/comments?post=10325"}],"version-history":[{"count":2,"href":"https:\/\/elfsight.com\/fr\/wp-json\/wp\/v2\/pages\/10325\/revisions"}],"predecessor-version":[{"id":15114,"href":"https:\/\/elfsight.com\/fr\/wp-json\/wp\/v2\/pages\/10325\/revisions\/15114"}],"up":[{"embeddable":true,"href":"https:\/\/elfsight.com\/fr\/wp-json\/wp\/v2\/pages\/2342"}],"wp:attachment":[{"href":"https:\/\/elfsight.com\/fr\/wp-json\/wp\/v2\/media?parent=10325"}],"curies":[{"name":"wp","href":"https:\/\/api.w.org\/{rel}","templated":true}]}}