{"id":10324,"date":"1970-01-01T00:00:00","date_gmt":"1970-01-01T00:00:00","guid":{"rendered":"https:\/\/elfsight.com\/fr\/?page_id=10324"},"modified":"2024-12-18T14:09:49","modified_gmt":"2024-12-18T14:09:49","slug":"joomla","status":"publish","type":"page","link":"https:\/\/elfsight.com\/fr\/social-media-icons-widget\/joomla\/","title":{"rendered":"Social Media Icons &#8211; Joomla"},"content":{"rendered":"\n<div class=\"application-platform-content-item-description application-platform-content-item\" id=\"description\" data-nav-section=\"description\">\n<h2>Description<\/h2>\n<p>Ic\u00f4nes sociales simples et efficaces par Elfsight pour connecter votre site aux r\u00e9seaux sociaux n\u00e9cessaires. Gardez le contact avec vos visiteurs et transformez-les en abonn\u00e9s. Une mise en page adaptative, une apparence et un style flexibles avec des ic\u00f4nes pr\u00eates pour tous les principaux m\u00e9dias sociaux.<\/p>\n<p><b>Ajoutez la pr\u00e9sence de votre entreprise sur les r\u00e9seaux sociaux.<\/b><\/p>\n<ul>\n    <li>\n        <b>Augmentez votre pr\u00e9sence sur les r\u00e9seaux sociaux<\/b>.<br>Montrez aux lecteurs de votre site que votre entreprise occupe une position solide sur diff\u00e9rents r\u00e9seaux sociaux et dirigez-les vers vos profils sociaux en 1 clic de souris.\n    <\/li>\n    <li>\n        <b>Le plus grand nombre de lecteurs pour vos r\u00e9seaux sociaux<\/b>.<br>Offrez aux clients du site Web un moyen simple de visiter votre page sociale et d&rsquo;avoir plus de lecteurs sur les r\u00e9seaux sociaux.\n    <\/li>\n    <li>\n        <b>Une solide preuve sociale<\/b>.<br>Am\u00e9liorez la confiance dans votre entreprise parmi les lecteurs de votre site avec des comptes sur tous les r\u00e9seaux sociaux \u00e0 la mode.\n    <\/li>\n<\/ul>\n<\/div>\n\n<div class=\"application-platform-content-item-features application-platform-content-item\" id=\"features\" data-nav-section=\"features\">\n<h2>Caract\u00e9ristiques<\/h2>\n<p>Les caract\u00e9ristiques exceptionnelles qui font de nos ic\u00f4nes la meilleure extension sociale de Joomla.<\/p>\n<ul>\n    <li>Ajoutez un nouveau m\u00e9dia en ins\u00e9rant simplement une URL vers votre profil ;<\/li>\n    <li>5 options de taille d&rsquo;ic\u00f4ne ;<\/li>\n    <li>Disposition flottante pour que les ic\u00f4nes suivent le d\u00e9filement ;<\/li>\n    <li>Couleurs d&rsquo;arri\u00e8re-plan blanc, noir et natives au survol ;<\/li>\n    <li>3 variantes de rayon de bordure : rayon de bordure circulaire, arrondi, carr\u00e9.<\/li>\n<\/ul>\n<p><a href=\"#demo\">V\u00e9rifiez les fonctionnalit\u00e9s de base dans notre \u00e9diteur<\/a><\/p>\n<\/div>\n\n<div class=\"application-platform-content-item-installation application-platform-content-item\" id=\"installation\" data-nav-section=\"installation\">\n<h2>Comment ajouter l&rsquo;extension d&rsquo;ic\u00f4nes de m\u00e9dias sociaux \u00e0 Joomla<\/h2>\n<div class=\"video-container\">\n    <iframe width=\"720\" height=\"405\" src=\"https:\/\/www.youtube.com\/embed\/IyRmWOoqhCA\" frameborder=\"0\" allowfullscreen=\"\"><\/iframe>\n<\/div>\n<p>Suivez simplement les instructions ci-dessous pour commencer \u00e0 travailler avec l&rsquo;outil sur Joomla.<\/p>\n<ol>\n    <li><b>Lancez notre d\u00e9mo gratuite et commencez \u00e0 cr\u00e9er votre extension personnalis\u00e9e d&rsquo;ic\u00f4nes de m\u00e9dias sociaux.<\/b><br>Choisissez l&rsquo;apparence et les sp\u00e9cifications s\u00e9lectionn\u00e9es de l&rsquo;extension et enregistrez les corrections.<\/li>\n    <li><b>Recevez votre code personnel qui appara\u00eet dans la bo\u00eete sur les applications Elfsight.<\/b><br>Une fois la configuration de votre plugin personnel termin\u00e9e, copiez le code personnel dans la fen\u00eatre contextuelle qui appara\u00eet et conservez-le pour un besoin ult\u00e9rieur.<\/li>\n    <li><b>Initier l&rsquo;utilisation de l&rsquo;outil sur le site Joomla.<\/b><br>Int\u00e9grez le code enregistr\u00e9 pr\u00e9c\u00e9demment dans votre site internet et enregistrez les corrections.<\/li>\n    <li><b>Fait ! L&rsquo;int\u00e9gration est enti\u00e8rement r\u00e9alis\u00e9e.<\/b><br>Visitez votre site pour voir en action le travail de l&rsquo;outil.<\/li>\n<\/ol>\n<p>Vous ne parvenez pas \u00e0 fa\u00e7onner ou \u00e0 ins\u00e9rer les ic\u00f4nes d&rsquo;un site Web ? Lisez notre tutoriel complet \u00ab <a href=\"https:\/\/elfsight.com\/tutorials\/how-to-add-social-media-icons-to-joomla\/\" target=\"_blank\" rel=\"noopener noreferrer\">Comment pour installer des ic\u00f4nes sur Joomla<\/a> \u00bb ou contactez notre centre d&rsquo;aide.<\/p>\n<\/div>\n\n<div class=\"faq\" data-component=\"FAQ\">\n    <div class=\"faq-item\">\r\n\t\t\t\t\t<div class=\"faq-item-question\">\r\n\t\t\t\t\t\t<h3 class=\"faq-item-question-text\">De quelle mani\u00e8re puis-je int\u00e9grer les m\u00e9dias sociaux Des ic\u00f4nes sur mon site Web Joomla sans connaissances en codage ?<\/h3>\r\n\r\n\t\t\t\t\t\t<div class=\"faq-item-question-icon\"><\/div>\r\n\t\t\t\t\t<\/div>\r\n\r\n\t\t\t\t\t<div class=\"faq-item-answer\">\r\n\t\t\t\t\t\t<div class=\"faq-item-answer-text\">\n    <p>La soci\u00e9t\u00e9 Elfsight propose une solution Cloud qui vous permet de cr\u00e9er vous-m\u00eame un plugin d&rsquo;ic\u00f4nes de m\u00e9dias sociaux. Consultez le guide simple : <\/p>\n    <ul>\n        <li>Commencez \u00e0 travailler directement dans l&rsquo;\u00e9diteur en direct pour cr\u00e9er une section d&rsquo;ic\u00f4nes de m\u00e9dias sociaux que vous souhaitez voir appara\u00eetre sur votre Joomla.<\/li>\n        <li>Choisissez l&rsquo;un des nombreux mod\u00e8les pr\u00e9d\u00e9finis et modifiez les param\u00e8tres des ic\u00f4nes de m\u00e9dias sociaux, ajoutez votre contenu, transformez la mise en page et jeu de couleurs sans comp\u00e9tences en codage.<\/li>\n        <li>Enregistrez les param\u00e8tres que vous avez d\u00e9finis sur les ic\u00f4nes de m\u00e9dias sociaux et obtenez le code du widget \u00e0 int\u00e9grer, que vous pouvez facilement inclure dans la page d&rsquo;accueil de Joomla \u00e0 l&rsquo;aide d&rsquo;un forfait gratuit.<\/li>\n    <\/ul>\n    <p>\u00c0 l&rsquo;aide de notre \u00e9diteur simple, chaque utilisateur Web peut g\u00e9n\u00e9rer une section d&rsquo;ic\u00f4nes de m\u00e9dias sociaux en ligne et l&rsquo;inclure simplement sur le site Joomla. Il n&rsquo;est pas n\u00e9cessaire d&rsquo;obtenir un abonnement payant ou de saisir les informations d&rsquo;identification de votre carte pour acc\u00e9der \u00e0 Elfsight Editor. Si vous rencontrez des obstacles \u00e0 une \u00e9tape quelconque, n&rsquo;h\u00e9sitez pas \u00e0 vous adresser \u00e0 notre \u00e9quipe d&rsquo;assistance technique.<\/p>\n    <\/div>\r\n\t\t\t\t\t<\/div>\r\n\t\t\t\t<\/div>\n<\/div>\n\n","protected":false},"excerpt":{"rendered":"","protected":false},"author":9,"featured_media":0,"parent":2342,"menu_order":0,"comment_status":"closed","ping_status":"closed","template":"templates\/template-application-platform.php","meta":{"publish_to_discourse":"","publish_post_category":"","wpdc_auto_publish_overridden":"","wpdc_topic_tags":"","wpdc_pin_topic":"","wpdc_pin_until":"","discourse_post_id":"","discourse_permalink":"","wpdc_publishing_response":"","wpdc_publishing_error":"","footnotes":""},"class_list":["post-10324","page","type-page","status-publish","hentry"],"yoast_head":"<!-- This site is optimized with the Yoast SEO plugin v25.3.1 - https:\/\/yoast.com\/wordpress\/plugins\/seo\/ -->\n<title>Ic\u00f4nes de m\u00e9dias sociaux - Ajoutez l&#039;extension d&#039;ic\u00f4nes sociales \u00e0 Joomla<\/title>\n<meta name=\"description\" content=\"Testez d\u00e8s maintenant les ic\u00f4nes de m\u00e9dias sociaux Elfsight pour Joomla. Cr\u00e9ez des ic\u00f4nes personnalis\u00e9es pour votre site Web en quelques minutes seulement !\" \/>\n<meta name=\"robots\" content=\"index, follow, max-snippet:-1, max-image-preview:large, max-video-preview:-1\" \/>\n<link rel=\"canonical\" href=\"https:\/\/elfsight.com\/fr\/social-media-icons-widget\/joomla\/\" \/>\n<meta property=\"og:locale\" content=\"fr_FR\" \/>\n<meta property=\"og:type\" content=\"article\" \/>\n<meta property=\"og:title\" content=\"Ic\u00f4nes de m\u00e9dias sociaux - Ajoutez l&#039;extension d&#039;ic\u00f4nes sociales \u00e0 Joomla\" \/>\n<meta property=\"og:description\" content=\"Testez d\u00e8s maintenant les ic\u00f4nes de m\u00e9dias sociaux Elfsight pour Joomla. Cr\u00e9ez des ic\u00f4nes personnalis\u00e9es pour votre site Web en quelques minutes seulement !\" \/>\n<meta property=\"og:url\" content=\"https:\/\/elfsight.com\/fr\/social-media-icons-widget\/joomla\/\" \/>\n<meta property=\"og:site_name\" content=\"Elfsight FR\" \/>\n<meta property=\"article:modified_time\" content=\"2024-12-18T14:09:49+00:00\" \/>\n<meta name=\"twitter:card\" content=\"summary_large_image\" \/>\n<meta name=\"twitter:label1\" content=\"Dur\u00e9e de lecture estim\u00e9e\" \/>\n\t<meta name=\"twitter:data1\" content=\"4 minutes\" \/>\n<!-- \/ Yoast SEO plugin. -->","yoast_head_json":{"title":"Ic\u00f4nes de m\u00e9dias sociaux - Ajoutez l'extension d'ic\u00f4nes sociales \u00e0 Joomla","description":"Testez d\u00e8s maintenant les ic\u00f4nes de m\u00e9dias sociaux Elfsight pour Joomla. Cr\u00e9ez des ic\u00f4nes personnalis\u00e9es pour votre site Web en quelques minutes seulement !","robots":{"index":"index","follow":"follow","max-snippet":"max-snippet:-1","max-image-preview":"max-image-preview:large","max-video-preview":"max-video-preview:-1"},"canonical":"https:\/\/elfsight.com\/fr\/social-media-icons-widget\/joomla\/","og_locale":"fr_FR","og_type":"article","og_title":"Ic\u00f4nes de m\u00e9dias sociaux - Ajoutez l'extension d'ic\u00f4nes sociales \u00e0 Joomla","og_description":"Testez d\u00e8s maintenant les ic\u00f4nes de m\u00e9dias sociaux Elfsight pour Joomla. Cr\u00e9ez des ic\u00f4nes personnalis\u00e9es pour votre site Web en quelques minutes seulement !","og_url":"https:\/\/elfsight.com\/fr\/social-media-icons-widget\/joomla\/","og_site_name":"Elfsight FR","article_modified_time":"2024-12-18T14:09:49+00:00","twitter_card":"summary_large_image","twitter_misc":{"Dur\u00e9e de lecture estim\u00e9e":"4 minutes"},"schema":{"@context":"https:\/\/schema.org","@graph":[{"@type":"WebPage","@id":"https:\/\/elfsight.com\/fr\/social-media-icons-widget\/joomla\/","url":"https:\/\/elfsight.com\/fr\/social-media-icons-widget\/joomla\/","name":"Ic\u00f4nes de m\u00e9dias sociaux - Ajoutez l'extension d'ic\u00f4nes sociales \u00e0 Joomla","isPartOf":{"@id":"https:\/\/elfsight.com\/fr\/#website"},"datePublished":"1970-01-01T00:00:00+00:00","dateModified":"2024-12-18T14:09:49+00:00","description":"Testez d\u00e8s maintenant les ic\u00f4nes de m\u00e9dias sociaux Elfsight pour Joomla. Cr\u00e9ez des ic\u00f4nes personnalis\u00e9es pour votre site Web en quelques minutes seulement !","breadcrumb":{"@id":"https:\/\/elfsight.com\/fr\/social-media-icons-widget\/joomla\/#breadcrumb"},"inLanguage":"fr-FR","potentialAction":[{"@type":"ReadAction","target":["https:\/\/elfsight.com\/fr\/social-media-icons-widget\/joomla\/"]}]},{"@type":"BreadcrumbList","@id":"https:\/\/elfsight.com\/fr\/social-media-icons-widget\/joomla\/#breadcrumb","itemListElement":[{"@type":"ListItem","position":1,"name":"Home","item":"https:\/\/elfsight.com\/fr\/"},{"@type":"ListItem","position":2,"name":"Social Media Icons","item":"https:\/\/elfsight.com\/fr\/social-media-icons-widget\/"},{"@type":"ListItem","position":3,"name":"Social Media Icons &#8211; Joomla"}]},{"@type":"WebSite","@id":"https:\/\/elfsight.com\/fr\/#website","url":"https:\/\/elfsight.com\/fr\/","name":"Elfsight FR","description":"","potentialAction":[{"@type":"SearchAction","target":{"@type":"EntryPoint","urlTemplate":"https:\/\/elfsight.com\/fr\/?s={search_term_string}"},"query-input":{"@type":"PropertyValueSpecification","valueRequired":true,"valueName":"search_term_string"}}],"inLanguage":"fr-FR"}]}},"meta_box":{"industry":"","seo_heading":"","heading":"","description":"","cta_heading":"","cta_description":"","application":"2341","h1":"Ic\u00f4nes de m\u00e9dias sociaux pour Joomla","h1_caption":"Ajoutez des ic\u00f4nes qui renvoient \u00e0 vos profils de r\u00e9seaux sociaux, permettant ainsi aux visiteurs de se connecter facilement avec vous sur toutes les plateformes de votre site Web Joomla.","application_category":[],"applications_title":"","applications_request_title":"","applications_request_button_text":"","hero_text":"","hero_video":"","hero_video_schema_markup":"","selling_points_title":"","selling_points_caption":"","selling_points":[],"selling_points_cta_text":"","features_title":"","features":"","ed_cta_examples_text":"","ed_cta_examples_hidden":"","ed_cta_demo_text":"","ed_cta_demo_hidden":"","why_caption":"","why_editor_title":"","why_editor_text":"","why_team_title":"","why_team_text":"","why_service_title":"","why_service_text":"","template_catalog_visible":"0","template_catalog_title":"","template_catalog_text":"","template_catalog_categories_visible":"","demo_title":"Cr\u00e9ez votre plugin d'ic\u00f4nes de m\u00e9dias sociaux","demo_caption":"Configurez vos ic\u00f4nes de r\u00e9seaux sociaux et ajoutez-les gratuitement \u00e0 votre site Web Joomla\u00a0!","default_faq_hidden":"","app_template_category":[],"platform":"354","template_public_id":"","codecanyon_url":"","codecanyon_item_id":"","codecanyon_price":"","pricing_caption":"","pricing_elfsight_apps_hide_column":"","pricing_elfsight_apps_url":"","pricing_codecanyon_price_caption":"","integration_category":[],"integration_request_title":"","integration_request_cta":"","integration_platform":"","integrations":[],"platform_category":[],"video_schema_markup":"","price":"\u00e0 partir de 0$ \/ mois","trial":"","benefits":[{"text":"Aide \u00e0 l'installation gratuite"},{"text":"Soutien exceptionnel"},{"text":"Garantie de remboursement de 14 jours"},{"text":"Mise \u00e0 jour constante"}],"button_url":"","button_target_blank":"0","button_nofollow":"0","attributes":[{"name":"Installations","content":"10,000 - 100,000"},{"name":"Sensible","content":"Oui"},{"name":"Navigateurs compatibles","content":"Firefox, Safari, Opera, Chrome, Edge"}],"tags":[],"tags_disable_links":"0","hide_more_platforms":"","video_object":"","demo_hide_cta":"0","demo_hide_cloud_options":"0","pricing_title":"","pricing":[{"pricing_icon":"cloud","pricing_title":"Elfsight Apps","pricing_title_caption":"Version ind\u00e9pendante de la plate-forme qui convient \u00e0 n'importe quel site","pricing_price":"from $0 \/ month","pricing_price_caption":"commencez avec un forfait gratuit","pricing_benefits":[{"text":"Domaines illimit\u00e9s"},{"text":"Assistance client 24h\/24 et 7j\/7"},{"text":"Assistance \u00e0 l'installation gratuite"},{"text":"Offre \u00e0 dur\u00e9e limit\u00e9e pour plusieurs applications"}],"pricing_button_text":"Ajouter au site Web","pricing_button_url":"#demo"}],"related_apps_title":"","related_apps_hidden":"0","author":"","image":[],"title":"","job":"","social_networks":[]},"_links":{"self":[{"href":"https:\/\/elfsight.com\/fr\/wp-json\/wp\/v2\/pages\/10324","targetHints":{"allow":["GET"]}}],"collection":[{"href":"https:\/\/elfsight.com\/fr\/wp-json\/wp\/v2\/pages"}],"about":[{"href":"https:\/\/elfsight.com\/fr\/wp-json\/wp\/v2\/types\/page"}],"author":[{"embeddable":true,"href":"https:\/\/elfsight.com\/fr\/wp-json\/wp\/v2\/users\/9"}],"replies":[{"embeddable":true,"href":"https:\/\/elfsight.com\/fr\/wp-json\/wp\/v2\/comments?post=10324"}],"version-history":[{"count":3,"href":"https:\/\/elfsight.com\/fr\/wp-json\/wp\/v2\/pages\/10324\/revisions"}],"predecessor-version":[{"id":15876,"href":"https:\/\/elfsight.com\/fr\/wp-json\/wp\/v2\/pages\/10324\/revisions\/15876"}],"up":[{"embeddable":true,"href":"https:\/\/elfsight.com\/fr\/wp-json\/wp\/v2\/pages\/2342"}],"wp:attachment":[{"href":"https:\/\/elfsight.com\/fr\/wp-json\/wp\/v2\/media?parent=10324"}],"curies":[{"name":"wp","href":"https:\/\/api.w.org\/{rel}","templated":true}]}}