{"id":10322,"date":"1970-01-01T00:00:00","date_gmt":"1970-01-01T00:00:00","guid":{"rendered":"https:\/\/elfsight.com\/fr\/?page_id=10322"},"modified":"2026-01-20T14:29:09","modified_gmt":"2026-01-20T14:29:09","slug":"html","status":"publish","type":"page","link":"https:\/\/elfsight.com\/fr\/social-media-icons-widget\/html\/","title":{"rendered":"Social Media Icons &#8211; HTML"},"content":{"rendered":"\n<div class=\"application-platform-content-item-description application-platform-content-item\" id=\"description\" data-nav-section=\"description\">\n<h2>Description<\/h2>\n<p>Les ic\u00f4nes sociales simples et avantageuses d&rsquo;Elfsight aident \u00e0 int\u00e9grer votre site Web \u00e0 tous les m\u00e9dias sociaux. D\u00e9veloppez une connexion avec vos clients, en faisant d\u2019eux vos abonn\u00e9s. Un mod\u00e8le adaptatif, des param\u00e8tres complets de couleurs et de design avec des ic\u00f4nes int\u00e9gr\u00e9es de tous les principaux m\u00e9dias sociaux.<\/p>\n<p><b>Ajoutez la pr\u00e9sence de votre entreprise sur les r\u00e9seaux sociaux.<\/b><\/p>\n<ul>\n    <li><b>Augmentez votre statut sur les r\u00e9seaux sociaux<\/b>.<br> D\u00e9montrez aux clients de notre site Web que l&rsquo;entreprise est solidement implant\u00e9e sur divers r\u00e9seaux sociaux et dirigez-les vers vos comptes sociaux en une seule pression de souris.<\/li>\n    <li><b>Nouveaux abonn\u00e9s sur les r\u00e9seaux sociaux<\/b>.<br> Augmentez chaque jour le trafic de vos pages sociales en engageant les lecteurs du site Web et en les transformant en fans.<\/li>\n    <li><b>Restez connect\u00e9 avec les clients en cas de besoin<\/b>.<br> Les ic\u00f4nes sociales donnent aux visiteurs la possibilit\u00e9 de trouver l&rsquo;une des m\u00e9thodes de communication suppl\u00e9mentaires les plus pratiques et vous pouvez leur apporter une assistance via les r\u00e9seaux sociaux.<\/li>\n    <li><b>Une d\u00e9claration sociale puissante<\/b>.<br> Augmentez la confiance dans votre entreprise parmi les utilisateurs de votre site Web gr\u00e2ce \u00e0 des pages sur des r\u00e9seaux sociaux largement r\u00e9pandus.<\/li>\n<\/ul>\n<\/div>\n\n<div class=\"application-platform-content-item-features application-platform-content-item\" id=\"features\" data-nav-section=\"features\">\n<h2>Fonctionnalit\u00e9s<\/h2>\n<p>Les principales caract\u00e9ristiques qui transforment notre code d&rsquo;ic\u00f4nes en le meilleur widget social HTML.<\/p>\n<ul>\n    <li>Ajoutez des ic\u00f4nes illimit\u00e9es ;<\/li>\n    <li>5 options de taille d&rsquo;ic\u00f4ne ;<\/li>\n    <li>Mise en page en ligne pour placer des ic\u00f4nes dans la zone de contenu ;<\/li>\n    <li>Couleurs natives, noir et blanc des ic\u00f4nes ;<\/li>\n    <li>Opacit\u00e9 r\u00e9glable en pourcentage des ic\u00f4nes et survol ;<\/li>\n<\/ul>\n<p><a href=\"#demo\">V\u00e9rifiez les fonctionnalit\u00e9s cl\u00e9s dans l&rsquo;\u00e9diteur Elfsight<\/a><\/p>\n<\/div>\n\n<div class=\"application-platform-content-item-installation application-platform-content-item\" id=\"installation\" data-nav-section=\"installation\">\n<h2>Comment ajouter des ic\u00f4nes de r\u00e9seaux sociaux \u00e0 un site Web HTML<\/h2>\n<div class=\"video-container\">\n  <iframe allowfullscreen=\"\" frameborder=\"0\" height=\"405\" src=\"https:\/\/www.youtube.com\/embed\/Ls_bdPq--aE?si=4UOa365wBGHzqQkH\" width=\"720\"><\/iframe>\n<\/div>\n<p>Un guide simple pour afficher des ic\u00f4nes sur un site Web sans comp\u00e9tence en d\u00e9veloppement. Le temps total d&rsquo;int\u00e9gration est d&rsquo;environ 3 minutes.<\/p>\n<ol>\n    <li><b>Concevez vos ic\u00f4nes sociales personnalis\u00e9es<\/b>.<br> Avec notre d\u00e9mo gratuite, g\u00e9n\u00e9rez un plugin avec la mise en page et les param\u00e8tres souhait\u00e9s.<\/li>\n    <li><b>Copiez le code d&rsquo;int\u00e9gration du plugin<\/b>.<br> Apr\u00e8s la configuration du widget, r\u00e9cup\u00e9rez le code du plugin Icons \u00e0 partir de la notification contextuelle sur les applications Elfsight.<\/li>\n    <li><b>Afficher le widget sur la page HTML<\/b>.<br> Ouvrez le code de la page dans l&rsquo;\u00e9diteur HTML et int\u00e9grez le widget \u00e0 l&rsquo;endroit souhait\u00e9 (contenu, pied de page, barre lat\u00e9rale, etc.) et enregistrez les modifications.<\/li>\n    <li><b>Vous avez r\u00e9ussi l&rsquo;installation<\/b>.<br> Acc\u00e9dez au site Web pour v\u00e9rifier votre plugin.<\/li>\n<\/ol>\n<p>\u00c9chec de la cr\u00e9ation ou de la d\u00e9monstration des ic\u00f4nes sur un site Web ? \u00c9tudiez notre manuel complet \u00ab <a href=\"https:\/\/elfsight.com\/tutorials\/how-to-add-social-media-icons-to-an-html-website\/\" target=\"_blank\" rel=\"noopener noreferrer\">Comment installer des ic\u00f4nes sur HTML<\/a> \u00bb ou laissez votre message \u00e0 notre centre d&rsquo;assistance.<\/p>\n<\/div>\n\n<div class=\"faq\" data-component=\"FAQ\">\n    <div class=\"faq-item\">\r\n\t\t\t\t\t<div class=\"faq-item-question\">\r\n\t\t\t\t\t\t<h3 class=\"faq-item-question-text\">Existe-t-il un moyen d'ajouter des ic\u00f4nes de r\u00e9seaux sociaux \u00e0 ma page Web HTML sans codage ?<\/h3>\r\n\r\n\t\t\t\t\t\t<div class=\"faq-item-question-icon\"><\/div>\r\n\t\t\t\t\t<\/div>\r\n\r\n\t\t\t\t\t<div class=\"faq-item-answer\">\r\n\t\t\t\t\t\t<div class=\"faq-item-answer-text\">\n    <p>La soci\u00e9t\u00e9 Elfsight propose une solution qui permet \u00e0 l&rsquo;utilisateur de cr\u00e9er lui-m\u00eame un widget d&rsquo;ic\u00f4nes de r\u00e9seaux sociaux. Consultez les instructions simples : <\/p>\n    <ul>\n        <li>Acc\u00e9dez \u00e0 la d\u00e9mo en ligne pour cr\u00e9er un widget d&rsquo;ic\u00f4nes de r\u00e9seaux sociaux que vous aimeriez voir en HTML.<\/li>\n        <li>Choisissez l&rsquo;un des mod\u00e8les pr\u00e9d\u00e9finis et modifiez les param\u00e8tres des ic\u00f4nes de r\u00e9seaux sociaux, transformez la mise en page et les couleurs, ajoutez votre contenu sans codage.<\/li>\n        <li>Enregistrez les param\u00e8tres que vous avez d\u00e9finis sur les ic\u00f4nes de m\u00e9dias sociaux et obtenez le code du plugin pour l&rsquo;installation, que vous pouvez facilement coller dans le site Web HTML sans avoir besoin d&rsquo;acheter une version payante.<\/li>\n    <\/ul>\n    <p>Gr\u00e2ce \u00e0 notre \u00e9diteur facile \u00e0 utiliser, tout internaute peut cr\u00e9er des ic\u00f4nes de r\u00e9seaux sociaux en ligne et les inclure simplement sur le site HTML. Il n&rsquo;est pas n\u00e9cessaire de payer ou de saisir les informations d&rsquo;identification de votre carte pour acc\u00e9der \u00e0 notre service. Si vous rencontrez des probl\u00e8mes de quelque nature que ce soit, n&rsquo;h\u00e9sitez pas \u00e0 contacter notre \u00e9quipe d&rsquo;assistance technique.<\/p>\n    <\/div>\r\n\t\t\t\t\t<\/div>\r\n\t\t\t\t<\/div>\n<\/div>\n\n","protected":false},"excerpt":{"rendered":"","protected":false},"author":9,"featured_media":0,"parent":2342,"menu_order":0,"comment_status":"closed","ping_status":"closed","template":"templates\/template-application-platform.php","meta":{"publish_to_discourse":"","publish_post_category":"","wpdc_auto_publish_overridden":"","wpdc_topic_tags":"","wpdc_pin_topic":"","wpdc_pin_until":"","discourse_post_id":"","discourse_permalink":"","wpdc_publishing_response":"","wpdc_publishing_error":"","footnotes":""},"class_list":["post-10322","page","type-page","status-publish","hentry"],"yoast_head":"<!-- This site is optimized with the Yoast SEO plugin v25.3.1 - https:\/\/yoast.com\/wordpress\/plugins\/seo\/ -->\n<title>Ic\u00f4nes de m\u00e9dias sociaux - Ajouter un widget d&#039;ic\u00f4nes sociales au site Web HTML<\/title>\n<meta name=\"description\" content=\"Essayez gratuitement notre code d&#039;ic\u00f4nes de m\u00e9dias sociaux pour HTML. G\u00e9n\u00e9rez des ic\u00f4nes con\u00e7ues individuellement pour votre site en quelques minutes seulement\u00a0!\" \/>\n<meta name=\"robots\" content=\"index, follow, max-snippet:-1, max-image-preview:large, max-video-preview:-1\" \/>\n<link rel=\"canonical\" href=\"https:\/\/elfsight.com\/fr\/social-media-icons-widget\/html\/\" \/>\n<meta property=\"og:locale\" content=\"fr_FR\" \/>\n<meta property=\"og:type\" content=\"article\" \/>\n<meta property=\"og:title\" content=\"Ic\u00f4nes de m\u00e9dias sociaux - Ajouter un widget d&#039;ic\u00f4nes sociales au site Web HTML\" \/>\n<meta property=\"og:description\" content=\"Essayez gratuitement notre code d&#039;ic\u00f4nes de m\u00e9dias sociaux pour HTML. G\u00e9n\u00e9rez des ic\u00f4nes con\u00e7ues individuellement pour votre site en quelques minutes seulement\u00a0!\" \/>\n<meta property=\"og:url\" content=\"https:\/\/elfsight.com\/fr\/social-media-icons-widget\/html\/\" \/>\n<meta property=\"og:site_name\" content=\"Elfsight FR\" \/>\n<meta property=\"article:modified_time\" content=\"2026-01-20T14:29:09+00:00\" \/>\n<meta name=\"twitter:card\" content=\"summary_large_image\" \/>\n<meta name=\"twitter:label1\" content=\"Dur\u00e9e de lecture estim\u00e9e\" \/>\n\t<meta name=\"twitter:data1\" content=\"4 minutes\" \/>\n<!-- \/ Yoast SEO plugin. -->","yoast_head_json":{"title":"Ic\u00f4nes de m\u00e9dias sociaux - Ajouter un widget d'ic\u00f4nes sociales au site Web HTML","description":"Essayez gratuitement notre code d'ic\u00f4nes de m\u00e9dias sociaux pour HTML. G\u00e9n\u00e9rez des ic\u00f4nes con\u00e7ues individuellement pour votre site en quelques minutes seulement\u00a0!","robots":{"index":"index","follow":"follow","max-snippet":"max-snippet:-1","max-image-preview":"max-image-preview:large","max-video-preview":"max-video-preview:-1"},"canonical":"https:\/\/elfsight.com\/fr\/social-media-icons-widget\/html\/","og_locale":"fr_FR","og_type":"article","og_title":"Ic\u00f4nes de m\u00e9dias sociaux - Ajouter un widget d'ic\u00f4nes sociales au site Web HTML","og_description":"Essayez gratuitement notre code d'ic\u00f4nes de m\u00e9dias sociaux pour HTML. G\u00e9n\u00e9rez des ic\u00f4nes con\u00e7ues individuellement pour votre site en quelques minutes seulement\u00a0!","og_url":"https:\/\/elfsight.com\/fr\/social-media-icons-widget\/html\/","og_site_name":"Elfsight FR","article_modified_time":"2026-01-20T14:29:09+00:00","twitter_card":"summary_large_image","twitter_misc":{"Dur\u00e9e de lecture estim\u00e9e":"4 minutes"},"schema":{"@context":"https:\/\/schema.org","@graph":[{"@type":"WebPage","@id":"https:\/\/elfsight.com\/fr\/social-media-icons-widget\/html\/","url":"https:\/\/elfsight.com\/fr\/social-media-icons-widget\/html\/","name":"Ic\u00f4nes de m\u00e9dias sociaux - Ajouter un widget d'ic\u00f4nes sociales au site Web HTML","isPartOf":{"@id":"https:\/\/elfsight.com\/fr\/#website"},"datePublished":"1970-01-01T00:00:00+00:00","dateModified":"2026-01-20T14:29:09+00:00","description":"Essayez gratuitement notre code d'ic\u00f4nes de m\u00e9dias sociaux pour HTML. G\u00e9n\u00e9rez des ic\u00f4nes con\u00e7ues individuellement pour votre site en quelques minutes seulement\u00a0!","breadcrumb":{"@id":"https:\/\/elfsight.com\/fr\/social-media-icons-widget\/html\/#breadcrumb"},"inLanguage":"fr-FR","potentialAction":[{"@type":"ReadAction","target":["https:\/\/elfsight.com\/fr\/social-media-icons-widget\/html\/"]}]},{"@type":"BreadcrumbList","@id":"https:\/\/elfsight.com\/fr\/social-media-icons-widget\/html\/#breadcrumb","itemListElement":[{"@type":"ListItem","position":1,"name":"Home","item":"https:\/\/elfsight.com\/fr\/"},{"@type":"ListItem","position":2,"name":"Social Media Icons","item":"https:\/\/elfsight.com\/fr\/social-media-icons-widget\/"},{"@type":"ListItem","position":3,"name":"Social Media Icons &#8211; HTML"}]},{"@type":"WebSite","@id":"https:\/\/elfsight.com\/fr\/#website","url":"https:\/\/elfsight.com\/fr\/","name":"Elfsight FR","description":"","potentialAction":[{"@type":"SearchAction","target":{"@type":"EntryPoint","urlTemplate":"https:\/\/elfsight.com\/fr\/?s={search_term_string}"},"query-input":{"@type":"PropertyValueSpecification","valueRequired":true,"valueName":"search_term_string"}}],"inLanguage":"fr-FR"}]}},"meta_box":{"industry":"","seo_heading":"","heading":"","description":"","cta_heading":"","cta_description":"","application":"2341","h1":"Ic\u00f4nes de m\u00e9dias sociaux pour HTML","h1_caption":"Ajoutez des ic\u00f4nes qui renvoient \u00e0 vos profils de r\u00e9seaux sociaux, permettant aux visiteurs de se connecter facilement avec vous sur toutes les plateformes de votre site Web HTML, sans effort.","application_category":[],"applications_title":"","applications_request_title":"","applications_request_button_text":"","hero_text":"","hero_video":"","hero_video_schema_markup":"","selling_points_title":"","selling_points_caption":"","selling_points":[],"selling_points_cta_text":"","features_title":"","features":"","ed_cta_examples_text":"","ed_cta_examples_hidden":"","ed_cta_demo_text":"","ed_cta_demo_hidden":"","why_caption":"","why_editor_title":"","why_editor_text":"","why_team_title":"","why_team_text":"","why_service_title":"","why_service_text":"","template_catalog_visible":"0","template_catalog_title":"","template_catalog_text":"","template_catalog_categories_visible":"","demo_title":"Cr\u00e9ez votre widget Ic\u00f4nes de m\u00e9dias sociaux","demo_caption":"Configurez vos ic\u00f4nes de r\u00e9seaux sociaux et ajoutez-les \u00e0 votre site Web HTML gratuitement\u00a0!","default_faq_hidden":"","app_template_category":[],"platform":"352","template_public_id":"","codecanyon_url":"","codecanyon_item_id":"","codecanyon_price":"","pricing_caption":"","pricing_elfsight_apps_hide_column":"","pricing_elfsight_apps_url":"","pricing_codecanyon_price_caption":"","integration_category":[],"integration_request_title":"","integration_request_cta":"","integration_platform":"","integrations":[],"platform_category":[],"video_schema_markup":"","price":"\u00e0 partir de 0$ \/ mois","trial":"","benefits":[{"text":"Aide \u00e0 l'installation gratuite"},{"text":"Support client exp\u00e9riment\u00e9"},{"text":"Garantie de remboursement de 14 jours"},{"text":"Am\u00e9liorations gratuites et continues"}],"button_url":"","button_target_blank":"0","button_nofollow":"0","attributes":[{"name":"Installations","content":"10,000 - 100,000"},{"name":"Sensible","content":"Oui"},{"name":"Navigateurs compatibles","content":"Firefox, Safari, Opera, Chrome, Edge"}],"tags":[],"tags_disable_links":"0","hide_more_platforms":"0","video_object":"","demo_hide_cta":"0","demo_hide_cloud_options":"0","pricing_title":"","pricing":[{"pricing_icon":"platform","pricing_title":"HTML widget","pricing_title_caption":"Logiciel multiplateforme adapt\u00e9 \u00e0 n'importe quel site Web","pricing_price":"from $0 \/ month","pricing_price_caption":"commencez avec un forfait gratuit","pricing_benefits":[{"text":"Sites Web illimit\u00e9s"},{"text":"Assistance client gratuite"},{"text":"Assistance \u00e0 l'installation gratuite"},{"text":"Prix \u200b\u200bsp\u00e9cial pour plusieurs applications"}],"pricing_button_text":"Ajouter au site Web","pricing_button_url":"#demo"}],"related_apps_title":"","related_apps_hidden":"0","author":"","image":[],"title":"","job":"","social_networks":[]},"_links":{"self":[{"href":"https:\/\/elfsight.com\/fr\/wp-json\/wp\/v2\/pages\/10322","targetHints":{"allow":["GET"]}}],"collection":[{"href":"https:\/\/elfsight.com\/fr\/wp-json\/wp\/v2\/pages"}],"about":[{"href":"https:\/\/elfsight.com\/fr\/wp-json\/wp\/v2\/types\/page"}],"author":[{"embeddable":true,"href":"https:\/\/elfsight.com\/fr\/wp-json\/wp\/v2\/users\/9"}],"replies":[{"embeddable":true,"href":"https:\/\/elfsight.com\/fr\/wp-json\/wp\/v2\/comments?post=10322"}],"version-history":[{"count":4,"href":"https:\/\/elfsight.com\/fr\/wp-json\/wp\/v2\/pages\/10322\/revisions"}],"predecessor-version":[{"id":16791,"href":"https:\/\/elfsight.com\/fr\/wp-json\/wp\/v2\/pages\/10322\/revisions\/16791"}],"up":[{"embeddable":true,"href":"https:\/\/elfsight.com\/fr\/wp-json\/wp\/v2\/pages\/2342"}],"wp:attachment":[{"href":"https:\/\/elfsight.com\/fr\/wp-json\/wp\/v2\/media?parent=10322"}],"curies":[{"name":"wp","href":"https:\/\/api.w.org\/{rel}","templated":true}]}}