{"id":10315,"date":"1970-01-01T00:00:00","date_gmt":"1970-01-01T00:00:00","guid":{"rendered":"https:\/\/elfsight.com\/fr\/?page_id=10315"},"modified":"2026-01-20T14:04:16","modified_gmt":"2026-01-20T14:04:16","slug":"squarespace","status":"publish","type":"page","link":"https:\/\/elfsight.com\/fr\/social-media-icons-widget\/squarespace\/","title":{"rendered":"Social Media Icons &#8211; Squarespace"},"content":{"rendered":"<div class=\"application-platform-content-item-description application-platform-content-item\" id=\"description\" data-nav-section=\"description\"><h2>Int\u00e9grez des ic\u00f4nes de r\u00e9seaux sociaux sur Squarespace avec le widget Elfsight<\/h2><p>Ic\u00f4nes sociales simples et efficaces d&rsquo;Elfsight pour connecter votre site avec m\u00e9dias sociaux n\u00e9cessaires. D\u00e9veloppez des contacts avec vos utilisateurs et faites-en vos abonn\u00e9s. Une mise en page r\u00e9active, des param\u00e8tres d\u00e9taill\u00e9s d&rsquo;apparence et de style avec des ic\u00f4nes pr\u00eates pour tous les principaux m\u00e9dias sociaux.<\/p><p><b>Am\u00e9liorez la popularit\u00e9 de votre entreprise dans les services sociaux.<\/b><\/p><ul> <li><b>Une fa\u00e7on suppl\u00e9mentaire de contacter les utilisateurs<\/b>.<br>Les m\u00e9dias sociaux peuvent \u00eatre une variante pour maintenir les liens avec les utilisateurs et donner la possibilit\u00e9 de renforcer vos relations.<\/li><li><b> Couvrez plus de lecteurs sur les r\u00e9seaux sociaux<\/b>.<br>Boostez les lecteurs de vos profils m\u00e9dias en attirant r\u00e9guli\u00e8rement les lecteurs du site Web et en les transformant en followers.<\/li><li><b>Soyez connect\u00e9 avec les clients 24\/24\/ 7<\/b>.<br>Permet aux visiteurs d&rsquo;\u00e9crire l&rsquo;un des moyens suppl\u00e9mentaires particuli\u00e8rement simples de connexion et de fourniture d&rsquo;aide au moyen des r\u00e9seaux sociaux.<\/li><li><b>Engagement efficace des utilisateurs<\/b>. <br>Affichez votre position dynamique sur les r\u00e9seaux sociaux et suscitez un int\u00e9r\u00eat accru pour votre entreprise parmi les clients du site Web.<\/li><\/ul><\/div><div class=\"application-platform-content-item-features application-platform-content-item\" id=\"features\" data-nav-section=\"features\"><h2>Principales fonctionnalit\u00e9s du Widget d&rsquo;ic\u00f4nes de m\u00e9dias sociaux<\/h2><p>Les avantages les plus importants, qui transforment nos ic\u00f4nes en le meilleur widget social Squarespace.<\/p><ul><li>Ajoutez des ic\u00f4nes illimit\u00e9es\u00a0;<\/li><li>Dupliquer et supprimer des ic\u00f4nes\u00a0;<\/li><li>3\u00a0variantes d&rsquo;alignement des ic\u00f4nes\u00a0: gauche, droite, centre\u00a0;<\/li><li>Couleurs d&rsquo;arri\u00e8re-plan blanc, noir et natives au survol\u00a0;<\/li><li>6\u00a0int\u00e9gr\u00e9es styles d&rsquo;ic\u00f4nes.<\/li><\/ul><p><a href=\"#demo\">V\u00e9rifiez les fonctionnalit\u00e9s cl\u00e9s dans notre d\u00e9mo<\/a><\/p><\/div><div class=\"application-platform-content-item-installation application-platform-content-item\" id=\"installation\" data-nav-section=\"installation\"> <h2>Comment ajouter des ic\u00f4nes de r\u00e9seaux sociaux \u00e0 Squarespace<\/h2><div class=\"video-container\"><iframe allowfullscreen=\"\" frameborder=\"0\" height=\"405\" src=\"https:\/\/www.youtube.com\/embed\/y0YEI2Yu4fg?si=h46fmnkWveyLPtU2\" width=\"720\"><\/iframe><\/div><p>Un plan clair pour placer des ic\u00f4nes sur un site Web sans exp\u00e9rience en d\u00e9veloppement. La dur\u00e9e compl\u00e8te de l&rsquo;installation est d&rsquo;environ 80 secondes.<\/p><ol><li><b>Construisez vos ic\u00f4nes sociales individuelles<\/b>.<br>\u00c0 l&rsquo;aide de notre configurateur gratuit, g\u00e9n\u00e9rez un plugin avec un design et des fonctions pr\u00e9f\u00e9rables.<\/li><li><b>Recevez le code pour int\u00e9grer le plugin<\/b>.<br>Apr\u00e8s le r\u00e9glage du widget, obtenez le code du plugin Icons \u00e0 partir de la notification qui appara\u00eet sur les applications Elfsight.<\/li><li><b>Affichez le plugin sur le site Web SquareSpace<\/b>.<br>Int\u00e9grez le plugin \u00e0 l&rsquo;endroit requis de la page et appliquez les modifications.<\/li><li><b>La configuration est termin\u00e9e<\/b>.<br>Acc\u00e9dez \u00e0 votre site pour voir votre travail.<\/li><\/ol><p>Vous n&rsquo;avez pas r\u00e9ussi \u00e0 placer ou \u00e0 d\u00e9montrer les ic\u00f4nes sur un site\u00a0? V\u00e9rifiez-le dans notre manuel d\u00e9taill\u00e9 \u00ab<a href=\"https:\/\/elfsight.com\/tutorials\/how-to-add-social-media-icons-to-squarespace\/\" target=\"_blank\" rel=\"noopener noreferrer\">Comment ajouter des ic\u00f4nes sur Squarespace<\/a>\u00bb ou adressez-vous \u00e0 notre centre d&rsquo;assistance.<\/p><\/div><div class=\"faq\" data-component=\"FAQ\"><div class=\"faq-item\">\r\n\t\t\t\t\t<div class=\"faq-item-question\">\r\n\t\t\t\t\t\t<h3 class=\"faq-item-question-text\">De quelle mani\u00e8re est-ce possible int\u00e9grer des ic\u00f4nes de r\u00e9seaux sociaux sur mon site Squarespace sans comp\u00e9tences en codage ?<\/h3>\r\n\r\n\t\t\t\t\t\t<div class=\"faq-item-question-icon\"><\/div>\r\n\t\t\t\t\t<\/div>\r\n\r\n\t\t\t\t\t<div class=\"faq-item-answer\">\r\n\t\t\t\t\t\t<div class=\"faq-item-answer-text\"><p>La soci\u00e9t\u00e9 Elfsight pr\u00e9sente une solution SaaS qui vous permet de cr\u00e9er vous-m\u00eame un widget d&rsquo;ic\u00f4nes de r\u00e9seaux sociaux. D\u00e9couvrez \u00e0 quel point c&rsquo;est simple\u00a0: <\/p><ul><li>Travailler directement dans l&rsquo;\u00e9diteur en direct pour cr\u00e9er une section d&rsquo;ic\u00f4nes de r\u00e9seaux sociaux que vous souhaitez int\u00e9grer sur votre Squarespace.<\/li><li>Choisissez l&rsquo;un des nombreux mod\u00e8les pr\u00eats \u00e0 l&#8217;emploi et adaptez les param\u00e8tres des ic\u00f4nes de r\u00e9seaux sociaux, modifiez la mise en page. et votre palette de couleurs, ajoutez votre contenu sans aucune connaissance en codage.<\/li><li>Enregistrez les ic\u00f4nes des r\u00e9seaux sociaux et obtenez le code d&rsquo;installation, que vous pouvez facilement inclure dans n&rsquo;importe quel site Web Squarespace sans avoir besoin d&rsquo;acheter une version payante.<\/li><\/ul><p>Gr\u00e2ce \u00e0 notre \u00e9diteur convivial, tout internaute peut g\u00e9n\u00e9rer une section d&rsquo;ic\u00f4nes de m\u00e9dias sociaux en ligne et la coller simplement sur son site Web Squarespace. Il n&rsquo;est pas n\u00e9cessaire de souscrire un abonnement payant ou de divulguer les informations d&rsquo;identification de votre carte pour acc\u00e9der au service Elfsight. Si vous rencontrez des probl\u00e8mes de quelque nature que ce soit, n&rsquo;h\u00e9sitez pas \u00e0 parler \u00e0 notre \u00e9quipe d&rsquo;assistance.<\/p><\/div>\r\n\t\t\t\t\t<\/div>\r\n\t\t\t\t<\/div><\/div>","protected":false},"excerpt":{"rendered":"","protected":false},"author":9,"featured_media":0,"parent":2342,"menu_order":0,"comment_status":"closed","ping_status":"closed","template":"templates\/template-application-platform.php","meta":{"publish_to_discourse":"","publish_post_category":"","wpdc_auto_publish_overridden":"","wpdc_topic_tags":"","wpdc_pin_topic":"","wpdc_pin_until":"","discourse_post_id":"","discourse_permalink":"","wpdc_publishing_response":"","wpdc_publishing_error":"","footnotes":""},"class_list":["post-10315","page","type-page","status-publish","hentry"],"yoast_head":"<!-- This site is optimized with the Yoast SEO plugin v25.3.1 - https:\/\/yoast.com\/wordpress\/plugins\/seo\/ -->\n<title>Ic\u00f4nes de m\u00e9dias sociaux - Ajouter un widget d&#039;ic\u00f4nes sociales \u00e0 Squarespace<\/title>\n<meta name=\"description\" content=\"Essayez gratuitement les ic\u00f4nes de m\u00e9dias sociaux Elfsight pour Squarespace. G\u00e9n\u00e9rez des ic\u00f4nes personnalis\u00e9es pour votre site en quelques minutes seulement !\" \/>\n<meta name=\"robots\" content=\"index, follow, max-snippet:-1, max-image-preview:large, max-video-preview:-1\" \/>\n<link rel=\"canonical\" href=\"https:\/\/elfsight.com\/fr\/social-media-icons-widget\/squarespace\/\" \/>\n<meta property=\"og:locale\" content=\"fr_FR\" \/>\n<meta property=\"og:type\" content=\"article\" \/>\n<meta property=\"og:title\" content=\"Ic\u00f4nes de m\u00e9dias sociaux - Ajouter un widget d&#039;ic\u00f4nes sociales \u00e0 Squarespace\" \/>\n<meta property=\"og:description\" content=\"Essayez gratuitement les ic\u00f4nes de m\u00e9dias sociaux Elfsight pour Squarespace. G\u00e9n\u00e9rez des ic\u00f4nes personnalis\u00e9es pour votre site en quelques minutes seulement !\" \/>\n<meta property=\"og:url\" content=\"https:\/\/elfsight.com\/fr\/social-media-icons-widget\/squarespace\/\" \/>\n<meta property=\"og:site_name\" content=\"Elfsight FR\" \/>\n<meta property=\"article:modified_time\" content=\"2026-01-20T14:04:16+00:00\" \/>\n<meta name=\"twitter:card\" content=\"summary_large_image\" \/>\n<meta name=\"twitter:label1\" content=\"Dur\u00e9e de lecture estim\u00e9e\" \/>\n\t<meta name=\"twitter:data1\" content=\"4 minutes\" \/>\n<!-- \/ Yoast SEO plugin. -->","yoast_head_json":{"title":"Ic\u00f4nes de m\u00e9dias sociaux - Ajouter un widget d'ic\u00f4nes sociales \u00e0 Squarespace","description":"Essayez gratuitement les ic\u00f4nes de m\u00e9dias sociaux Elfsight pour Squarespace. G\u00e9n\u00e9rez des ic\u00f4nes personnalis\u00e9es pour votre site en quelques minutes seulement !","robots":{"index":"index","follow":"follow","max-snippet":"max-snippet:-1","max-image-preview":"max-image-preview:large","max-video-preview":"max-video-preview:-1"},"canonical":"https:\/\/elfsight.com\/fr\/social-media-icons-widget\/squarespace\/","og_locale":"fr_FR","og_type":"article","og_title":"Ic\u00f4nes de m\u00e9dias sociaux - Ajouter un widget d'ic\u00f4nes sociales \u00e0 Squarespace","og_description":"Essayez gratuitement les ic\u00f4nes de m\u00e9dias sociaux Elfsight pour Squarespace. G\u00e9n\u00e9rez des ic\u00f4nes personnalis\u00e9es pour votre site en quelques minutes seulement !","og_url":"https:\/\/elfsight.com\/fr\/social-media-icons-widget\/squarespace\/","og_site_name":"Elfsight FR","article_modified_time":"2026-01-20T14:04:16+00:00","twitter_card":"summary_large_image","twitter_misc":{"Dur\u00e9e de lecture estim\u00e9e":"4 minutes"},"schema":{"@context":"https:\/\/schema.org","@graph":[{"@type":"WebPage","@id":"https:\/\/elfsight.com\/fr\/social-media-icons-widget\/squarespace\/","url":"https:\/\/elfsight.com\/fr\/social-media-icons-widget\/squarespace\/","name":"Ic\u00f4nes de m\u00e9dias sociaux - Ajouter un widget d'ic\u00f4nes sociales \u00e0 Squarespace","isPartOf":{"@id":"https:\/\/elfsight.com\/fr\/#website"},"datePublished":"1970-01-01T00:00:00+00:00","dateModified":"2026-01-20T14:04:16+00:00","description":"Essayez gratuitement les ic\u00f4nes de m\u00e9dias sociaux Elfsight pour Squarespace. G\u00e9n\u00e9rez des ic\u00f4nes personnalis\u00e9es pour votre site en quelques minutes seulement !","breadcrumb":{"@id":"https:\/\/elfsight.com\/fr\/social-media-icons-widget\/squarespace\/#breadcrumb"},"inLanguage":"fr-FR","potentialAction":[{"@type":"ReadAction","target":["https:\/\/elfsight.com\/fr\/social-media-icons-widget\/squarespace\/"]}]},{"@type":"BreadcrumbList","@id":"https:\/\/elfsight.com\/fr\/social-media-icons-widget\/squarespace\/#breadcrumb","itemListElement":[{"@type":"ListItem","position":1,"name":"Home","item":"https:\/\/elfsight.com\/fr\/"},{"@type":"ListItem","position":2,"name":"Social Media Icons","item":"https:\/\/elfsight.com\/fr\/social-media-icons-widget\/"},{"@type":"ListItem","position":3,"name":"Social Media Icons &#8211; Squarespace"}]},{"@type":"WebSite","@id":"https:\/\/elfsight.com\/fr\/#website","url":"https:\/\/elfsight.com\/fr\/","name":"Elfsight FR","description":"","potentialAction":[{"@type":"SearchAction","target":{"@type":"EntryPoint","urlTemplate":"https:\/\/elfsight.com\/fr\/?s={search_term_string}"},"query-input":{"@type":"PropertyValueSpecification","valueRequired":true,"valueName":"search_term_string"}}],"inLanguage":"fr-FR"}]}},"meta_box":{"industry":"","seo_heading":"","heading":"","description":"","cta_heading":"","cta_description":"","application":"2341","h1":"Ic\u00f4nes de m\u00e9dias sociaux pour Squarespace","h1_caption":"Ajoutez des ic\u00f4nes qui renvoient \u00e0 vos profils de r\u00e9seaux sociaux, permettant aux visiteurs de se connecter facilement avec vous sur toutes les plateformes de votre site Web Squarespace, sans effort.","application_category":[],"applications_title":"","applications_request_title":"","applications_request_button_text":"","hero_text":"","hero_video":"","hero_video_schema_markup":"","selling_points_title":"","selling_points_caption":"","selling_points":[],"selling_points_cta_text":"","features_title":"","features":"","ed_cta_examples_text":"","ed_cta_examples_hidden":"","ed_cta_demo_text":"","ed_cta_demo_hidden":"","why_caption":"","why_editor_title":"","why_editor_text":"","why_team_title":"","why_team_text":"","why_service_title":"","why_service_text":"","template_catalog_visible":"0","template_catalog_title":"","template_catalog_text":"","template_catalog_categories_visible":"","demo_title":"Cr\u00e9ez votre plugin d'ic\u00f4nes de m\u00e9dias sociaux","demo_caption":"Configurez vos ic\u00f4nes de r\u00e9seaux sociaux et ajoutez-les gratuitement \u00e0 votre site Web Squarespace\u00a0!","default_faq_hidden":"","app_template_category":[],"platform":"361","template_public_id":"","codecanyon_url":"","codecanyon_item_id":"","codecanyon_price":"","pricing_caption":"","pricing_elfsight_apps_hide_column":"","pricing_elfsight_apps_url":"","pricing_codecanyon_price_caption":"","integration_category":[],"integration_request_title":"","integration_request_cta":"","integration_platform":"","integrations":[],"platform_category":[],"video_schema_markup":"","price":"\u00e0 partir de 0$ \/ mois","trial":"","benefits":[{"text":"Service d'installation gratuit"},{"text":"Soutien exceptionnel"},{"text":"Garantie de remboursement de 14 jours"},{"text":"Futures mises \u00e0 jour gratuites"}],"button_url":"","button_target_blank":"0","button_nofollow":"0","attributes":[{"name":"Installations","content":"10,000 - 100,000"},{"name":"Sensible","content":"Oui"},{"name":"Navigateurs compatibles","content":"Firefox, Safari, Opera, Chrome, Edge"}],"tags":[],"tags_disable_links":"0","hide_more_platforms":"0","video_object":"","demo_hide_cta":"0","demo_hide_cloud_options":"0","pricing_title":"","pricing":[{"pricing_icon":"platform","pricing_title":"Elfsight Apps","pricing_title_caption":"Support client d\u00e9di\u00e9 et bien document\u00e9","pricing_price":"from $0 \/ month","pricing_price_caption":"commencez avec un forfait gratuit","pricing_benefits":[{"text":"Domaines illimit\u00e9s"},{"text":"Support client d\u00e9di\u00e9 et bien document\u00e9"},{"text":"Aide \u00e0 l'installation gratuite"},{"text":"Enti\u00e8rement personnalisable"}],"pricing_button_text":"Ajouter au site Web","pricing_button_url":"#demo"}],"related_apps_title":"","related_apps_hidden":"0","author":"","image":[],"title":"","job":"","social_networks":[]},"_links":{"self":[{"href":"https:\/\/elfsight.com\/fr\/wp-json\/wp\/v2\/pages\/10315","targetHints":{"allow":["GET"]}}],"collection":[{"href":"https:\/\/elfsight.com\/fr\/wp-json\/wp\/v2\/pages"}],"about":[{"href":"https:\/\/elfsight.com\/fr\/wp-json\/wp\/v2\/types\/page"}],"author":[{"embeddable":true,"href":"https:\/\/elfsight.com\/fr\/wp-json\/wp\/v2\/users\/9"}],"replies":[{"embeddable":true,"href":"https:\/\/elfsight.com\/fr\/wp-json\/wp\/v2\/comments?post=10315"}],"version-history":[{"count":3,"href":"https:\/\/elfsight.com\/fr\/wp-json\/wp\/v2\/pages\/10315\/revisions"}],"predecessor-version":[{"id":16790,"href":"https:\/\/elfsight.com\/fr\/wp-json\/wp\/v2\/pages\/10315\/revisions\/16790"}],"up":[{"embeddable":true,"href":"https:\/\/elfsight.com\/fr\/wp-json\/wp\/v2\/pages\/2342"}],"wp:attachment":[{"href":"https:\/\/elfsight.com\/fr\/wp-json\/wp\/v2\/media?parent=10315"}],"curies":[{"name":"wp","href":"https:\/\/api.w.org\/{rel}","templated":true}]}}