{"id":10309,"date":"1970-01-01T00:00:00","date_gmt":"1970-01-01T00:00:00","guid":{"rendered":"https:\/\/elfsight.com\/fr\/?page_id=10309"},"modified":"2025-07-10T13:31:14","modified_gmt":"2025-07-10T13:31:14","slug":"weebly","status":"publish","type":"page","link":"https:\/\/elfsight.com\/fr\/social-media-icons-widget\/weebly\/","title":{"rendered":"Social Media Icons &#8211; Weebly"},"content":{"rendered":"<div class=\"application-platform-content-item-description application-platform-content-item\" id=\"description\" data-nav-section=\"description\"><h2>Description<\/h2><p>Ic\u00f4nes sociales pratiques et efficaces par Elfsight pour rejoindre votre site avec diff\u00e9rents r\u00e9seaux sociaux. Renforcez la connexion avec vos visiteurs en les transformant en abonn\u00e9s. Une mise en page adaptative, des options de personnalisation d\u00e9taill\u00e9es de l&rsquo;apparence et du style avec des ic\u00f4nes int\u00e9gr\u00e9es de tous les m\u00e9dias sociaux les plus populaires.<\/p><p><b>Am\u00e9liorez la popularit\u00e9 de votre marque dans les services sociaux.<\/b><\/p> <ul><li><b>Une variante suppl\u00e9mentaire pour vous contacter pour les clients<\/b>.<br>Les r\u00e9seaux sociaux constituent une m\u00e9thode suppl\u00e9mentaire pour maintenir le contact avec les utilisateurs et offrent une chance d&rsquo;\u00e9largir vos relations.<\/li><li><b>Lecteurs suppl\u00e9mentaires sur les r\u00e9seaux sociaux<\/b>.<br>Am\u00e9liorez la couverture de vos comptes sociaux en impliquant imm\u00e9diatement les lecteurs du site et en les transformant en abonn\u00e9s.<\/li><li><b>Restez toujours en contact avec les clients<\/b>.<br>Permet aux utilisateurs de trouver l&rsquo;une des m\u00e9thodes les plus simples pour s&rsquo;adresser \u00e0 vous et permet de mieux vous accompagner au moyen des m\u00e9dias sociaux.<\/li><li><b>A d\u00e9claration sociale puissante<\/b>.<br>Renforcez la confiance dans votre entreprise parmi les utilisateurs de votre site Web \u00e0 l&rsquo;aide de comptes sur des r\u00e9seaux sociaux particuli\u00e8rement \u00e0 la mode.<\/li><\/ul><\/div><div class=\"application-platform-content-item-features  application-platform-content-item\" id=\"features \" data-nav-section=\"features \"><h2>Caract\u00e9ristiques<\/h2><p>La fonctionnalit\u00e9 exceptionnelle, qui transforme les ic\u00f4nes Elfsight en la meilleure application sociale Weebly.<\/p><ul><li>Une biblioth\u00e8que d&rsquo;ic\u00f4nes des m\u00e9dias les plus populaires\u00a0;<\/li><li>Modifier l&rsquo;ordre de d\u00e9monstration des ic\u00f4nes\u00a0;<\/li><li>Disposition flottante pour que les ic\u00f4nes suivent le d\u00e9filement\u00a0;<\/li><li>Couleurs d&rsquo;arri\u00e8re-plan natives, blanches et noires\u00a0;<\/li><li>3 variantes de rayon de bordure\u00a0: rayon de bordure circulaire, arrondi, carr\u00e9.<\/li><\/ul><p><a href=\"#demo\">Testez les fonctionnalit\u00e9s exceptionnelles dans notre configurateur<\/a><\/p> <\/div><div class=\"application-platform-content-item-installation application-platform-content-item\" id=\"installation\" data-nav-section=\"installation\"><h2>Comment ajouter des ic\u00f4nes de r\u00e9seaux sociaux \u00e0 Weebly<\/h2><div class=\"video-container\"><iframe width=\"720\" height=\"405\" src=\"https:\/\/www.youtube.com\/embed\/lRbRUpgrVwE\" frameborder=\"0\" allowfullscreen=\"\"><\/iframe><\/div><p>Un manuel clair pour int\u00e9grer des ic\u00f4nes sur une page sans comp\u00e9tence en d\u00e9veloppements . La dur\u00e9e moyenne d&rsquo;installation est inf\u00e9rieure \u00e0 90 secondes.<\/p><ol><li><b>Ex\u00e9cutez notre configurateur gratuit et commencez \u00e0 cr\u00e9er votre application personnalis\u00e9e. <\/b><br> D\u00e9terminez l&rsquo;apparence personnalis\u00e9e et les caract\u00e9ristiques fonctionnelles de l&rsquo;application et enregistrez toutes les modifications. <\/li> <li><b>Obtenez le code personnel qui appara\u00eet dans la fen\u00eatre des applications Elfsight. <\/b><br> Une fois la cr\u00e9ation de votre application personnelle termin\u00e9e, copiez le code individuel dans la fen\u00eatre contextuelle qui appara\u00eet et enregistrez-le pour une utilisation ult\u00e9rieure. <\/li> <li><b>Commencez \u00e0 utiliser l&rsquo;application sur le site Weebly. <\/b><br> Int\u00e9grez le code que vous avez enregistr\u00e9 r\u00e9cemment dans votre page et appliquez les corrections. <\/li> <li><b>Vous avez termin\u00e9\u00a0! L&rsquo;int\u00e9gration est r\u00e9ussie. <\/b><br> Acc\u00e9dez \u00e0 votre site Web pour voir en action comment fonctionne l&rsquo;application. <\/li><\/ol><p>Vous ne pouvez pas ajouter ou personnaliser les ic\u00f4nes d&rsquo;un site\u00a0? Consultez notre guide complet \u00ab\u00a0<a href=\"https:\/\/elfsight.com\/tutorials\/how-to-add-social-media-icons-to-weebly\/\" target=\"_blank\" rel=\"noopener noreferrer\">Comment pour installer des ic\u00f4nes sur Weebly<\/a>\u00bb ou contactez notre \u00e9quipe d&rsquo;assistance.<\/p><\/div><div class=\"faq\" data-component=\"FAQ\"><div class=\"faq-item\">\r\n\t\t\t\t\t<div class=\"faq-item-question\">\r\n\t\t\t\t\t\t<h3 class=\"faq-item-question-text\">Existe-t-il une option pour int\u00e9grer les m\u00e9dias sociaux Des ic\u00f4nes sur ma page d'accueil Weebly sans codage ?<\/h3>\r\n\r\n\t\t\t\t\t\t<div class=\"faq-item-question-icon\"><\/div>\r\n\t\t\t\t\t<\/div>\r\n\r\n\t\t\t\t\t<div class=\"faq-item-answer\">\r\n\t\t\t\t\t\t<div class=\"faq-item-answer-text\"><p>La soci\u00e9t\u00e9 Elfsight propose une solution qui permet aux propri\u00e9taires de sites de cr\u00e9er vous-m\u00eame une section d&rsquo;ic\u00f4nes de r\u00e9seaux sociaux. Regardez les instructions simples\u00a0: <\/p><ul><li>Commencez \u00e0 travailler directement dans le D\u00e9mo en direct pour g\u00e9n\u00e9rer un plugin d&rsquo;ic\u00f4nes de m\u00e9dias sociaux que vous souhaitez int\u00e9grer sur le site Web Weebly.<\/li><li>Choisissez l&rsquo;un des nombreux mod\u00e8les pr\u00e9d\u00e9finis et ajustez les param\u00e8tres des ic\u00f4nes de m\u00e9dias sociaux, incluez votre contenu, changez la mise en page et couleur des \u00e9l\u00e9ments sans aucun codage.<\/li><li>Enregistrez les param\u00e8tres que vous avez d\u00e9finis sur les ic\u00f4nes de m\u00e9dias sociaux et obtenez le code d&rsquo;installation, que vous pouvez facilement ajouter gratuitement sur la page d&rsquo;accueil de Weebly.<\/li><\/ul><p>\u00c0 l&rsquo;aide de notre \u00e9diteur simple, tout utilisateur Web peut cr\u00e9er une section d&rsquo;ic\u00f4nes de m\u00e9dias sociaux et l&rsquo;int\u00e9grer sans effort \u00e0 sa page Web Weebly. Vous ne devez pas payer ni soumettre les informations d&rsquo;identification de votre carte pour acc\u00e9der \u00e0 Elfsight Editor. Si vous rencontrez des probl\u00e8mes de quelque nature que ce soit, n&rsquo;h\u00e9sitez pas \u00e0 vous adresser \u00e0 notre \u00e9quipe d&rsquo;assistance.<\/p><\/div>\r\n\t\t\t\t\t<\/div>\r\n\t\t\t\t<\/div><\/div>","protected":false},"excerpt":{"rendered":"","protected":false},"author":9,"featured_media":0,"parent":2342,"menu_order":0,"comment_status":"closed","ping_status":"closed","template":"templates\/template-application-platform.php","meta":{"publish_to_discourse":"","publish_post_category":"","wpdc_auto_publish_overridden":"","wpdc_topic_tags":"","wpdc_pin_topic":"","wpdc_pin_until":"","discourse_post_id":"","discourse_permalink":"","wpdc_publishing_response":"","wpdc_publishing_error":"","footnotes":""},"class_list":["post-10309","page","type-page","status-publish","hentry"],"yoast_head":"<!-- This site is optimized with the Yoast SEO plugin v25.3.1 - https:\/\/yoast.com\/wordpress\/plugins\/seo\/ -->\n<title>Ic\u00f4nes de m\u00e9dias sociaux - Ajouter l&#039;application Ic\u00f4nes sociales \u00e0 Weebly<\/title>\n<meta name=\"description\" content=\"Testez nos ic\u00f4nes de m\u00e9dias sociaux pour Weebly enti\u00e8rement gratuitement. G\u00e9n\u00e9rez des ic\u00f4nes personnalis\u00e9es pour votre site Web en quelques minutes seulement !\" \/>\n<meta name=\"robots\" content=\"index, follow, max-snippet:-1, max-image-preview:large, max-video-preview:-1\" \/>\n<link rel=\"canonical\" href=\"https:\/\/elfsight.com\/fr\/social-media-icons-widget\/weebly\/\" \/>\n<meta property=\"og:locale\" content=\"fr_FR\" \/>\n<meta property=\"og:type\" content=\"article\" \/>\n<meta property=\"og:title\" content=\"Ic\u00f4nes de m\u00e9dias sociaux - Ajouter l&#039;application Ic\u00f4nes sociales \u00e0 Weebly\" \/>\n<meta property=\"og:description\" content=\"Testez nos ic\u00f4nes de m\u00e9dias sociaux pour Weebly enti\u00e8rement gratuitement. G\u00e9n\u00e9rez des ic\u00f4nes personnalis\u00e9es pour votre site Web en quelques minutes seulement !\" \/>\n<meta property=\"og:url\" content=\"https:\/\/elfsight.com\/fr\/social-media-icons-widget\/weebly\/\" \/>\n<meta property=\"og:site_name\" content=\"Elfsight FR\" \/>\n<meta property=\"article:modified_time\" content=\"2025-07-10T13:31:14+00:00\" \/>\n<meta name=\"twitter:card\" content=\"summary_large_image\" \/>\n<meta name=\"twitter:label1\" content=\"Dur\u00e9e de lecture estim\u00e9e\" \/>\n\t<meta name=\"twitter:data1\" content=\"4 minutes\" \/>\n<!-- \/ Yoast SEO plugin. -->","yoast_head_json":{"title":"Ic\u00f4nes de m\u00e9dias sociaux - Ajouter l'application Ic\u00f4nes sociales \u00e0 Weebly","description":"Testez nos ic\u00f4nes de m\u00e9dias sociaux pour Weebly enti\u00e8rement gratuitement. G\u00e9n\u00e9rez des ic\u00f4nes personnalis\u00e9es pour votre site Web en quelques minutes seulement !","robots":{"index":"index","follow":"follow","max-snippet":"max-snippet:-1","max-image-preview":"max-image-preview:large","max-video-preview":"max-video-preview:-1"},"canonical":"https:\/\/elfsight.com\/fr\/social-media-icons-widget\/weebly\/","og_locale":"fr_FR","og_type":"article","og_title":"Ic\u00f4nes de m\u00e9dias sociaux - Ajouter l'application Ic\u00f4nes sociales \u00e0 Weebly","og_description":"Testez nos ic\u00f4nes de m\u00e9dias sociaux pour Weebly enti\u00e8rement gratuitement. G\u00e9n\u00e9rez des ic\u00f4nes personnalis\u00e9es pour votre site Web en quelques minutes seulement !","og_url":"https:\/\/elfsight.com\/fr\/social-media-icons-widget\/weebly\/","og_site_name":"Elfsight FR","article_modified_time":"2025-07-10T13:31:14+00:00","twitter_card":"summary_large_image","twitter_misc":{"Dur\u00e9e de lecture estim\u00e9e":"4 minutes"},"schema":{"@context":"https:\/\/schema.org","@graph":[{"@type":"WebPage","@id":"https:\/\/elfsight.com\/fr\/social-media-icons-widget\/weebly\/","url":"https:\/\/elfsight.com\/fr\/social-media-icons-widget\/weebly\/","name":"Ic\u00f4nes de m\u00e9dias sociaux - Ajouter l'application Ic\u00f4nes sociales \u00e0 Weebly","isPartOf":{"@id":"https:\/\/elfsight.com\/fr\/#website"},"datePublished":"1970-01-01T00:00:00+00:00","dateModified":"2025-07-10T13:31:14+00:00","description":"Testez nos ic\u00f4nes de m\u00e9dias sociaux pour Weebly enti\u00e8rement gratuitement. G\u00e9n\u00e9rez des ic\u00f4nes personnalis\u00e9es pour votre site Web en quelques minutes seulement !","breadcrumb":{"@id":"https:\/\/elfsight.com\/fr\/social-media-icons-widget\/weebly\/#breadcrumb"},"inLanguage":"fr-FR","potentialAction":[{"@type":"ReadAction","target":["https:\/\/elfsight.com\/fr\/social-media-icons-widget\/weebly\/"]}]},{"@type":"BreadcrumbList","@id":"https:\/\/elfsight.com\/fr\/social-media-icons-widget\/weebly\/#breadcrumb","itemListElement":[{"@type":"ListItem","position":1,"name":"Home","item":"https:\/\/elfsight.com\/fr\/"},{"@type":"ListItem","position":2,"name":"Social Media Icons","item":"https:\/\/elfsight.com\/fr\/social-media-icons-widget\/"},{"@type":"ListItem","position":3,"name":"Social Media Icons &#8211; Weebly"}]},{"@type":"WebSite","@id":"https:\/\/elfsight.com\/fr\/#website","url":"https:\/\/elfsight.com\/fr\/","name":"Elfsight FR","description":"","potentialAction":[{"@type":"SearchAction","target":{"@type":"EntryPoint","urlTemplate":"https:\/\/elfsight.com\/fr\/?s={search_term_string}"},"query-input":{"@type":"PropertyValueSpecification","valueRequired":true,"valueName":"search_term_string"}}],"inLanguage":"fr-FR"}]}},"meta_box":{"industry":"","seo_heading":"","heading":"","description":"","cta_heading":"","cta_description":"","application":"2341","h1":"Ic\u00f4nes de m\u00e9dias sociaux pour Weebly","h1_caption":"Ajoutez des ic\u00f4nes qui renvoient \u00e0 vos profils de r\u00e9seaux sociaux, permettant aux visiteurs de se connecter facilement avec vous sur toutes les plateformes de votre site Web Weebly, sans effort.","application_category":[],"applications_title":"","applications_request_title":"","applications_request_button_text":"","hero_text":"","hero_video":"","hero_video_schema_markup":"","selling_points_title":"","selling_points_caption":"","selling_points":[],"selling_points_cta_text":"","features_title":"","features":"","ed_cta_examples_text":"","ed_cta_examples_hidden":"","ed_cta_demo_text":"","ed_cta_demo_hidden":"","why_caption":"","why_editor_title":"","why_editor_text":"","why_team_title":"","why_team_text":"","why_service_title":"","why_service_text":"","template_catalog_visible":"","template_catalog_title":"","template_catalog_text":"","template_catalog_categories_visible":"","demo_title":"Cr\u00e9ez votre application d'ic\u00f4nes de m\u00e9dias sociaux","demo_caption":"Configurez vos ic\u00f4nes de r\u00e9seaux sociaux et ajoutez-les gratuitement \u00e0 votre site Web Weebly\u00a0!","default_faq_hidden":"","app_template_category":[],"platform":"363","template_public_id":"","codecanyon_url":"","codecanyon_item_id":"","codecanyon_price":"","pricing_caption":"","pricing_elfsight_apps_hide_column":"","pricing_elfsight_apps_url":"","pricing_codecanyon_price_caption":"","integration_category":[],"integration_request_title":"","integration_request_cta":"","integration_platform":"","integrations":[],"platform_category":[],"video_schema_markup":"","price":"\u00e0 partir de 0$ \/ mois","trial":"","benefits":[{"text":"Aide \u00e0 l'installation gratuite"},{"text":"Soutien exceptionnel"},{"text":"Garantie de remboursement de 14 jours"},{"text":"Mises \u00e0 jour gratuites en continu"}],"button_url":"","button_target_blank":"","button_nofollow":"","attributes":[{"name":"Installations","content":"10,000 - 100,000"},{"name":"Sensible","content":"Oui"},{"name":"Navigateurs compatibles","content":"Firefox, Safari, Opera, Chrome, Edge"}],"tags":[],"tags_disable_links":"","hide_more_platforms":"","video_object":"","demo_hide_cta":"","demo_hide_cloud_options":"","pricing_title":"","pricing":[{"pricing_icon":"cloud","pricing_title":"Elfsight Apps","pricing_title_caption":"Version multiplateforme qui fonctionne sur n'importe quel site Web (y compris Weebly)","pricing_price":"from $0 \/ month","pricing_price_caption":"Commencez avec un forfait gratuit","pricing_benefits":[{"text":"Sites Web illimit\u00e9s"},{"text":"Assistance premium"},{"text":"Service d'installation gratuit"},{"text":"Offre sp\u00e9ciale pour plusieurs applications"}],"pricing_button_text":"Ajouter au site Web","pricing_button_url":"#demo"}],"related_apps_title":"","related_apps_hidden":"","author":"","image":[],"title":"","job":"","social_networks":[]},"_links":{"self":[{"href":"https:\/\/elfsight.com\/fr\/wp-json\/wp\/v2\/pages\/10309","targetHints":{"allow":["GET"]}}],"collection":[{"href":"https:\/\/elfsight.com\/fr\/wp-json\/wp\/v2\/pages"}],"about":[{"href":"https:\/\/elfsight.com\/fr\/wp-json\/wp\/v2\/types\/page"}],"author":[{"embeddable":true,"href":"https:\/\/elfsight.com\/fr\/wp-json\/wp\/v2\/users\/9"}],"replies":[{"embeddable":true,"href":"https:\/\/elfsight.com\/fr\/wp-json\/wp\/v2\/comments?post=10309"}],"version-history":[{"count":1,"href":"https:\/\/elfsight.com\/fr\/wp-json\/wp\/v2\/pages\/10309\/revisions"}],"predecessor-version":[{"id":10313,"href":"https:\/\/elfsight.com\/fr\/wp-json\/wp\/v2\/pages\/10309\/revisions\/10313"}],"up":[{"embeddable":true,"href":"https:\/\/elfsight.com\/fr\/wp-json\/wp\/v2\/pages\/2342"}],"wp:attachment":[{"href":"https:\/\/elfsight.com\/fr\/wp-json\/wp\/v2\/media?parent=10309"}],"curies":[{"name":"wp","href":"https:\/\/api.w.org\/{rel}","templated":true}]}}