{"id":10308,"date":"1970-01-01T00:00:00","date_gmt":"1970-01-01T00:00:00","guid":{"rendered":"https:\/\/elfsight.com\/fr\/?page_id=10308"},"modified":"2025-07-10T13:31:23","modified_gmt":"2025-07-10T13:31:23","slug":"wix","status":"publish","type":"page","link":"https:\/\/elfsight.com\/fr\/social-media-icons-widget\/wix\/","title":{"rendered":"Social Media Icons &#8211; Wix"},"content":{"rendered":"<div class=\"application-platform-content-item-description application-platform-content-item\" id=\"description\" data-nav-section=\"description\"><h2>Description<\/h2><p>Ic\u00f4nes sociales pratiques et efficaces d&rsquo;Elfsight pour int\u00e9grer votre site \u00e0 tous les r\u00e9seaux sociaux les plus populaires. Gardez des liens avec vos clients et convertissez-les en fans. Une mise en page r\u00e9active, une personnalisation compl\u00e8te de l&rsquo;interface et du design avec des ic\u00f4nes int\u00e9gr\u00e9es de tous les principaux m\u00e9dias sociaux.<\/p><p><b>Am\u00e9liorez la port\u00e9e de votre entreprise sur les r\u00e9seaux sociaux.<\/b><\/p><ul><li><b>Une fa\u00e7on suppl\u00e9mentaire de contacter les clients<\/b>.<br>Les r\u00e9seaux sociaux sont une m\u00e9thode suppl\u00e9mentaire pour renforcer les liens avec les visiteurs et am\u00e9liorer votre relation client.<\/li><li><b>Nombre maximum de lecteurs pour vos comptes sociaux<\/b>.<br>Offrez aux clients du site Web une autre variante simple pour visiter votre compte de r\u00e9seau social et profiter d&rsquo;un maximum de lecteurs sur les r\u00e9seaux sociaux.<\/li><li><b>Une d\u00e9claration sociale solide<\/b>.<br>Augmentez la confiance des visiteurs de votre site Web dans votre marque gr\u00e2ce \u00e0 des profils sur tous les r\u00e9seaux sociaux \u00e0 la mode<\/li><\/ul><\/div><div class=\"application-platform-content-item-features application-platform-content-item\" id=\"features\" data-nav-section=\"features\"><h2>Fonctionnalit\u00e9s<\/h2><p>Les principales fonctionnalit\u00e9s qui font de nos ic\u00f4nes la meilleure application sociale Wix.<\/p><ul><li>Une biblioth\u00e8que d&rsquo;ic\u00f4nes des m\u00e9dias les plus populaires\u00a0;<\/li><li>2 mises en page\u00a0: en ligne et flottant\u00a0;<\/li><li>Disposition flottante pour que les ic\u00f4nes suivent le d\u00e9filement\u00a0;<\/li><li>Couleurs natives, noir et blanc des ic\u00f4nes\u00a0;<\/li><li>3 variantes de rayon de bordure\u00a0: cercle, rayon de bordure arrondi et carr\u00e9.<\/li><\/ul><p><a href=\"#demo\">\u00c9tudiez les principales fonctionnalit\u00e9s de l&rsquo;\u00e9diteur Elfsight<\/a><\/p><\/div><div class=\"application-platform-content-item- installation application-platform-content-item\" id=\" installation\" data-nav-section=\" installation\"><h2>Comment ajouter l&rsquo;application Ic\u00f4nes de m\u00e9dias sociaux \u00e0 Wix<\/h2><div class=\"video-container\"><iframe width=\"720\" height=\"405\" src=\"https:\/\/www.youtube.com\/embed\/h87NtR5Z_nY\" frameborder=\"0\" allowfullscreen=\"\"><\/iframe><\/div><p>Un guide simple pour afficher des ic\u00f4nes sur une page sans comp\u00e9tences en d\u00e9veloppement. La dur\u00e9e compl\u00e8te de l&rsquo;int\u00e9gration est d&rsquo;environ 60 secondes.<\/p><ol><li><b>Construisez vos ic\u00f4nes sociales personnalis\u00e9es<\/b>.<br>\u00c0 l&rsquo;aide de notre <a href=\"#demo\">configurateur gratuit<\/a>, assemblez un widget avec l&rsquo;apparence et les param\u00e8tres n\u00e9cessaires.<\/li><li><b>Recevez un code pour afficher l&rsquo;application<\/b>.<br>Apr\u00e8s la cr\u00e9ation du widget, obtenez un code pour le widget social \u00e0 partir de la notification qui appara\u00eet. sur les applications Elfsight.<\/li><li><b>Int\u00e9grez l&rsquo;application sur le site Web de Wix<\/b>.<br>R\u00e9v\u00e9lez le widget \u00e0 l&rsquo;endroit souhait\u00e9 de la page et publiez les r\u00e9sultats.<\/li><li> <b>Termin\u00e9\u00a0!<\/b><br>Visitez votre site Web pour voir votre travail.<\/li><\/ol><p>Vous ne parvenez pas \u00e0 configurer ou \u00e0 afficher les ic\u00f4nes sur votre site\u00a0? \u00c9tudiez nos instructions compl\u00e8tes \u00ab\u00a0<a href=\"https:\/\/elfsight.com\/tutorials\/how-to-add-social-media-icons-to-wix\/\" target=\"_blank\" rel=\"noopener noreferrer\">Comment pour placer des ic\u00f4nes sur Wix<\/a>\u00bb ou laissez une demande \u00e0 notre \u00e9quipe d&rsquo;aide.<\/p><\/div><div class=\"faq\" data-component=\"FAQ\"><div class=\"faq-item\">\r\n\t\t\t\t\t<div class=\"faq-item-question\">\r\n\t\t\t\t\t\t<h3 class=\"faq-item-question-text\">De quelle mani\u00e8re puis-je int\u00e9grer des ic\u00f4nes de r\u00e9seaux sociaux \u00e0 ma page Web Wix sans aucune connaissance en codage ?<\/h3>\r\n\r\n\t\t\t\t\t\t<div class=\"faq-item-question-icon\"><\/div>\r\n\t\t\t\t\t<\/div>\r\n\r\n\t\t\t\t\t<div class=\"faq-item-answer\">\r\n\t\t\t\t\t\t<div class=\"faq-item-answer-text\"><p>La soci\u00e9t\u00e9 Elfsight pr\u00e9sente une solution qui permet \u00e0 l&rsquo;utilisateur de cr\u00e9er vous-m\u00eame une application d&rsquo;ic\u00f4nes de r\u00e9seaux sociaux. D\u00e9couvrez \u00e0 quel point le processus est simple\u00a0: <\/p><ul> <li>Acc\u00e9dez \u00e0 l&rsquo;\u00e9diteur en ligne pour cr\u00e9er une application d&rsquo;ic\u00f4nes de r\u00e9seaux sociaux que vous souhaitez voir appara\u00eetre sur votre page Web Wix.<\/li><li>S\u00e9lectionnez l&rsquo;un des mod\u00e8les pr\u00eats \u00e0 l&#8217;emploi et modifiez les param\u00e8tres des ic\u00f4nes de r\u00e9seaux sociaux, changez le la disposition et la couleur des \u00e9l\u00e9ments, incluez votre contenu sans exp\u00e9rience de codage.<\/li><li>Cliquez pour enregistrer les ic\u00f4nes des m\u00e9dias sociaux et obtenir le code du widget \u00e0 int\u00e9grer, qui peut \u00eatre coll\u00e9 sur le site Web Wix sans acheter de version payante. <\/li><\/ul><p>En travaillant dans le configurateur convivial, chaque internaute peut g\u00e9n\u00e9rer un widget d&rsquo;ic\u00f4nes de m\u00e9dias sociaux en ligne et l&rsquo;inclure facilement sur n&rsquo;importe quelle page d&rsquo;accueil Wix. Il n&rsquo;est pas n\u00e9cessaire de souscrire \u00e0 un forfait payant ou de saisir les donn\u00e9es de votre carte pour acc\u00e9der \u00e0 notre service. Si vous rencontrez des probl\u00e8mes \u00e0 quelque \u00e9tape que ce soit, n&rsquo;h\u00e9sitez pas \u00e0 contacter notre \u00e9quipe d&rsquo;assistance technique.<\/p><\/div>\r\n\t\t\t\t\t<\/div>\r\n\t\t\t\t<\/div><\/div>","protected":false},"excerpt":{"rendered":"","protected":false},"author":9,"featured_media":0,"parent":2342,"menu_order":0,"comment_status":"closed","ping_status":"closed","template":"templates\/template-application-platform.php","meta":{"publish_to_discourse":"","publish_post_category":"","wpdc_auto_publish_overridden":"","wpdc_topic_tags":"","wpdc_pin_topic":"","wpdc_pin_until":"","discourse_post_id":"","discourse_permalink":"","wpdc_publishing_response":"","wpdc_publishing_error":"","footnotes":""},"class_list":["post-10308","page","type-page","status-publish","hentry"],"yoast_head":"<!-- This site is optimized with the Yoast SEO plugin v25.3.1 - https:\/\/yoast.com\/wordpress\/plugins\/seo\/ -->\n<title>Ic\u00f4nes de r\u00e9seaux sociaux - Ajouter l&#039;application Ic\u00f4nes sociales \u00e0 Wix<\/title>\n<meta name=\"description\" content=\"Testez les ic\u00f4nes de m\u00e9dias sociaux Elfsight pour Wix d\u00e8s maintenant. G\u00e9n\u00e9rez des ic\u00f4nes personnalis\u00e9es pour votre site en quelques minutes seulement\u00a0!\" \/>\n<meta name=\"robots\" content=\"index, follow, max-snippet:-1, max-image-preview:large, max-video-preview:-1\" \/>\n<link rel=\"canonical\" href=\"https:\/\/elfsight.com\/fr\/social-media-icons-widget\/wix\/\" \/>\n<meta property=\"og:locale\" content=\"fr_FR\" \/>\n<meta property=\"og:type\" content=\"article\" \/>\n<meta property=\"og:title\" content=\"Ic\u00f4nes de r\u00e9seaux sociaux - Ajouter l&#039;application Ic\u00f4nes sociales \u00e0 Wix\" \/>\n<meta property=\"og:description\" content=\"Testez les ic\u00f4nes de m\u00e9dias sociaux Elfsight pour Wix d\u00e8s maintenant. G\u00e9n\u00e9rez des ic\u00f4nes personnalis\u00e9es pour votre site en quelques minutes seulement\u00a0!\" \/>\n<meta property=\"og:url\" content=\"https:\/\/elfsight.com\/fr\/social-media-icons-widget\/wix\/\" \/>\n<meta property=\"og:site_name\" content=\"Elfsight FR\" \/>\n<meta property=\"article:modified_time\" content=\"2025-07-10T13:31:23+00:00\" \/>\n<meta name=\"twitter:card\" content=\"summary_large_image\" \/>\n<meta name=\"twitter:label1\" content=\"Dur\u00e9e de lecture estim\u00e9e\" \/>\n\t<meta name=\"twitter:data1\" content=\"3 minutes\" \/>\n<!-- \/ Yoast SEO plugin. -->","yoast_head_json":{"title":"Ic\u00f4nes de r\u00e9seaux sociaux - Ajouter l'application Ic\u00f4nes sociales \u00e0 Wix","description":"Testez les ic\u00f4nes de m\u00e9dias sociaux Elfsight pour Wix d\u00e8s maintenant. G\u00e9n\u00e9rez des ic\u00f4nes personnalis\u00e9es pour votre site en quelques minutes seulement\u00a0!","robots":{"index":"index","follow":"follow","max-snippet":"max-snippet:-1","max-image-preview":"max-image-preview:large","max-video-preview":"max-video-preview:-1"},"canonical":"https:\/\/elfsight.com\/fr\/social-media-icons-widget\/wix\/","og_locale":"fr_FR","og_type":"article","og_title":"Ic\u00f4nes de r\u00e9seaux sociaux - Ajouter l'application Ic\u00f4nes sociales \u00e0 Wix","og_description":"Testez les ic\u00f4nes de m\u00e9dias sociaux Elfsight pour Wix d\u00e8s maintenant. G\u00e9n\u00e9rez des ic\u00f4nes personnalis\u00e9es pour votre site en quelques minutes seulement\u00a0!","og_url":"https:\/\/elfsight.com\/fr\/social-media-icons-widget\/wix\/","og_site_name":"Elfsight FR","article_modified_time":"2025-07-10T13:31:23+00:00","twitter_card":"summary_large_image","twitter_misc":{"Dur\u00e9e de lecture estim\u00e9e":"3 minutes"},"schema":{"@context":"https:\/\/schema.org","@graph":[{"@type":"WebPage","@id":"https:\/\/elfsight.com\/fr\/social-media-icons-widget\/wix\/","url":"https:\/\/elfsight.com\/fr\/social-media-icons-widget\/wix\/","name":"Ic\u00f4nes de r\u00e9seaux sociaux - Ajouter l'application Ic\u00f4nes sociales \u00e0 Wix","isPartOf":{"@id":"https:\/\/elfsight.com\/fr\/#website"},"datePublished":"1970-01-01T00:00:00+00:00","dateModified":"2025-07-10T13:31:23+00:00","description":"Testez les ic\u00f4nes de m\u00e9dias sociaux Elfsight pour Wix d\u00e8s maintenant. G\u00e9n\u00e9rez des ic\u00f4nes personnalis\u00e9es pour votre site en quelques minutes seulement\u00a0!","breadcrumb":{"@id":"https:\/\/elfsight.com\/fr\/social-media-icons-widget\/wix\/#breadcrumb"},"inLanguage":"fr-FR","potentialAction":[{"@type":"ReadAction","target":["https:\/\/elfsight.com\/fr\/social-media-icons-widget\/wix\/"]}]},{"@type":"BreadcrumbList","@id":"https:\/\/elfsight.com\/fr\/social-media-icons-widget\/wix\/#breadcrumb","itemListElement":[{"@type":"ListItem","position":1,"name":"Home","item":"https:\/\/elfsight.com\/fr\/"},{"@type":"ListItem","position":2,"name":"Social Media Icons","item":"https:\/\/elfsight.com\/fr\/social-media-icons-widget\/"},{"@type":"ListItem","position":3,"name":"Social Media Icons &#8211; Wix"}]},{"@type":"WebSite","@id":"https:\/\/elfsight.com\/fr\/#website","url":"https:\/\/elfsight.com\/fr\/","name":"Elfsight FR","description":"","potentialAction":[{"@type":"SearchAction","target":{"@type":"EntryPoint","urlTemplate":"https:\/\/elfsight.com\/fr\/?s={search_term_string}"},"query-input":{"@type":"PropertyValueSpecification","valueRequired":true,"valueName":"search_term_string"}}],"inLanguage":"fr-FR"}]}},"meta_box":{"industry":"","seo_heading":"","heading":"","description":"","cta_heading":"","cta_description":"","application":"2341","h1":"Ic\u00f4nes de r\u00e9seaux sociaux pour Wix","h1_caption":"Ajoutez des ic\u00f4nes qui renvoient \u00e0 vos profils de r\u00e9seaux sociaux, permettant aux visiteurs de se connecter facilement avec vous sur toutes les plateformes de votre site Web Wix, sans effort.","application_category":[],"applications_title":"","applications_request_title":"","applications_request_button_text":"","hero_text":"","hero_video":"","hero_video_schema_markup":"","selling_points_title":"","selling_points_caption":"","selling_points":[],"selling_points_cta_text":"","features_title":"","features":"","ed_cta_examples_text":"","ed_cta_examples_hidden":"","ed_cta_demo_text":"","ed_cta_demo_hidden":"","why_caption":"","why_editor_title":"","why_editor_text":"","why_team_title":"","why_team_text":"","why_service_title":"","why_service_text":"","template_catalog_visible":"","template_catalog_title":"","template_catalog_text":"","template_catalog_categories_visible":"","demo_title":"Cr\u00e9ez votre application d'ic\u00f4nes de m\u00e9dias sociaux","demo_caption":"Configurez vos ic\u00f4nes de r\u00e9seaux sociaux et ajoutez-les \u00e0 votre site Web Wix gratuitement !","default_faq_hidden":"","app_template_category":[],"platform":"345","template_public_id":"","codecanyon_url":"","codecanyon_item_id":"","codecanyon_price":"","pricing_caption":"","pricing_elfsight_apps_hide_column":"","pricing_elfsight_apps_url":"","pricing_codecanyon_price_caption":"","integration_category":[],"integration_request_title":"","integration_request_cta":"","integration_platform":"","integrations":[],"platform_category":[],"video_schema_markup":"","price":"\u00e0 partir de 0$ \/ mois","trial":"","benefits":[{"text":"Aide \u00e0 l'installation gratuite"},{"text":"Service client professionnel"},{"text":"Garantie de remboursement de 14 jours"},{"text":"D\u00e9veloppement continu"}],"button_url":"","button_target_blank":"","button_nofollow":"","attributes":[{"name":"Installations","content":"10,000 - 100,000"},{"name":"Sensible","content":"Oui"},{"name":"Navigateurs compatibles","content":"Safari, Edge, Opera, Firefox, Chrome"}],"tags":[],"tags_disable_links":"","hide_more_platforms":"","video_object":"","demo_hide_cta":"","demo_hide_cloud_options":"","pricing_title":"","pricing":[{"pricing_icon":"platform","pricing_title":"Wix app","pricing_title_caption":"Solution ind\u00e9pendante de la plateforme qui s'adapte \u00e0 n'importe quel site (y compris Wix)","pricing_price":"from $0 \/ month","pricing_price_caption":"commencez avec un forfait gratuit","pricing_benefits":[{"text":"Nombre illimit\u00e9 de domaines"},{"text":"Assistance d\u00e9di\u00e9e et ponctuelle"},{"text":"Assistance \u00e0 l'installation gratuite"},{"text":"100% personnalisable"}],"pricing_button_text":"Ajouter au site Web","pricing_button_url":"#demo"}],"related_apps_title":"","related_apps_hidden":"","author":"","image":[],"title":"","job":"","social_networks":[]},"_links":{"self":[{"href":"https:\/\/elfsight.com\/fr\/wp-json\/wp\/v2\/pages\/10308","targetHints":{"allow":["GET"]}}],"collection":[{"href":"https:\/\/elfsight.com\/fr\/wp-json\/wp\/v2\/pages"}],"about":[{"href":"https:\/\/elfsight.com\/fr\/wp-json\/wp\/v2\/types\/page"}],"author":[{"embeddable":true,"href":"https:\/\/elfsight.com\/fr\/wp-json\/wp\/v2\/users\/9"}],"replies":[{"embeddable":true,"href":"https:\/\/elfsight.com\/fr\/wp-json\/wp\/v2\/comments?post=10308"}],"version-history":[{"count":2,"href":"https:\/\/elfsight.com\/fr\/wp-json\/wp\/v2\/pages\/10308\/revisions"}],"predecessor-version":[{"id":15109,"href":"https:\/\/elfsight.com\/fr\/wp-json\/wp\/v2\/pages\/10308\/revisions\/15109"}],"up":[{"embeddable":true,"href":"https:\/\/elfsight.com\/fr\/wp-json\/wp\/v2\/pages\/2342"}],"wp:attachment":[{"href":"https:\/\/elfsight.com\/fr\/wp-json\/wp\/v2\/media?parent=10308"}],"curies":[{"name":"wp","href":"https:\/\/api.w.org\/{rel}","templated":true}]}}