{"id":10307,"date":"1970-01-01T00:00:00","date_gmt":"1970-01-01T00:00:00","guid":{"rendered":"https:\/\/elfsight.com\/fr\/?page_id=10307"},"modified":"2025-07-10T13:30:32","modified_gmt":"2025-07-10T13:30:32","slug":"jquery","status":"publish","type":"page","link":"https:\/\/elfsight.com\/fr\/social-media-icons-widget\/jquery\/","title":{"rendered":"Social Media Icons &#8211; jQuery"},"content":{"rendered":"<div class=\"application-platform-content-item-description application-platform-content-item\" id=\"description\" data-nav-section=\"description\"><h2>Description<\/h2><p>Les ic\u00f4nes jQuery pratiques et efficaces d&rsquo;Elfsight relieront votre site Web aux r\u00e9seaux sociaux n\u00e9cessaires. Gardez le lien avec vos visiteurs et transformez-les en vos abonn\u00e9s. Une mise en page adaptative, une personnalisation approfondie de l&rsquo;apparence et du design avec des ic\u00f4nes pr\u00eates \u00e0 l&#8217;emploi de tous les principaux m\u00e9dias sociaux.<\/p><p><b>Agrandissez la port\u00e9e de votre entreprise sur les m\u00e9dias sociaux.<\/b><\/p><ul><li><b>Une variante suppl\u00e9mentaire pour contacter les utilisateurs<\/b>.<br>Les r\u00e9seaux sociaux sont une variante suppl\u00e9mentaire pour garder le lien avec les clients et d\u00e9velopper vos relations.<\/li><li><b>Nombre croissant d&rsquo;abonn\u00e9s sur les r\u00e9seaux sociaux<\/b>.<br>Augmentez le nombre de lecteurs de vos pages m\u00e9dia en attirant constamment les visiteurs du site Web et en les transformant en abonn\u00e9s.<\/li><li><b>Toujours soyez en contact avec les utilisateurs<\/b>.<br>Doublez le niveau de confiance envers votre entreprise parmi les utilisateurs du site Web gr\u00e2ce aux pages des r\u00e9seaux sociaux les plus performants.<\/li><li><b>Un argument social fort<\/b>.<br>Fournir aux lecteurs des m\u00e9thodes de communication suppl\u00e9mentaires particuli\u00e8rement pratiques et fournir une assistance au moyen des m\u00e9dias sociaux.<\/li><\/ul><\/div><div class=\"application-platform-content-item-features application-platform-content-item\" id=\"features\" data-nav-section=\"features\"><h2>Fonctionnalit\u00e9s<\/h2><p>Les caract\u00e9ristiques cl\u00e9s qui font de nos ic\u00f4nes le meilleur plugin d&rsquo;ic\u00f4nes sociales jQuery.<\/p><ul><li>Plus de 50 plateformes sociales pr\u00e9d\u00e9finies\u00a0;<\/li><li>5 options de taille d&rsquo;ic\u00f4ne\u00a0;<\/li><li>3 variantes de position\u00a0;<\/li><li>5 types d&rsquo;animation\u00a0;<\/li><li>3 sch\u00e9mas de couleurs pour les ic\u00f4nes, l&rsquo;arri\u00e8re-plan et l&rsquo;effet de survol\u00a0;<\/li><li>5 types d&rsquo;effet de survol .<\/li><\/ul><p><a href=\"#demo\">Essayez les fonctionnalit\u00e9s cl\u00e9s de notre d\u00e9mo<\/a><\/p><\/div><div class=\"application-platform-content-item-installation application-platform-content-item\" id=\"installation\" data-nav-section=\"installation\"><h2>Comment ajouter des ic\u00f4nes de m\u00e9dias sociaux au site Web jQuery<\/h2><p>Un manuel simple pour installer des ic\u00f4nes sur une page sans connaissances en programmation. La dur\u00e9e approximative de configuration ne d\u00e9passe pas 3\u00a0minutes.<\/p><ol><li><b>Cr\u00e9ez vos ic\u00f4nes sociales personnalis\u00e9es<\/b>.<br>\u00c0 l&rsquo;aide de notre d\u00e9mo gratuite, cr\u00e9ez un plugin avec disposition et fonctions n\u00e9cessaires.<\/li><li><b>Copiez un code pour int\u00e9grer le plugin dans le site Web<\/b>.<br>Apr\u00e8s la configuration du widget, v\u00e9rifiez la fen\u00eatre apparue sur Elfsight Apps pour copier votre code d&rsquo;installation<\/li><li><b>Affichez le plugin sur le site<\/b>.<br>Placez le plugin \u00e0 l&rsquo;endroit souhait\u00e9 du site Web et enregistrez les modifications.<\/li><li><b>Vous avez termin\u00e9 l&rsquo;installation<\/b>.<br>Allez sur votre site Web pour v\u00e9rifier votre travail.<\/li><\/ol><p>Vous n&rsquo;avez pas r\u00e9ussi \u00e0 cr\u00e9er ou \u00e0 personnaliser les ic\u00f4nes d&rsquo;un site Web\u00a0? \u00c9tudiez notre guide complet \u00ab<a href=\"https:\/\/elfsight.com\/tutorials\/how-to-add-social-media-icons-to-jquery\/\" target=\"_blank\" rel=\"noopener noreferrer\">Comment pour ajouter des ic\u00f4nes sur jQuery<\/a>\u00bb ou adressez-vous \u00e0 notre \u00e9quipe d&rsquo;assistance.<\/p><\/div><div class=\"faq\" data-component=\"FAQ\"><div class=\"faq-item\">\r\n\t\t\t\t\t<div class=\"faq-item-question\">\r\n\t\t\t\t\t\t<h3 class=\"faq-item-question-text\">De quelle mani\u00e8re est-il possible d'int\u00e9grer les r\u00e9seaux sociaux Ic\u00f4nes de m\u00e9dias sur mon jQuery sans exp\u00e9rience de codage ?<\/h3>\r\n\r\n\t\t\t\t\t\t<div class=\"faq-item-question-icon\"><\/div>\r\n\t\t\t\t\t<\/div>\r\n\r\n\t\t\t\t\t<div class=\"faq-item-answer\">\r\n\t\t\t\t\t\t<div class=\"faq-item-answer-text\"><p>La soci\u00e9t\u00e9 Elfsight propose une solution Cloud qui permet aux utilisateurs de cr\u00e9er eux-m\u00eames un widget d&rsquo;ic\u00f4nes de m\u00e9dias sociaux. D\u00e9couvrez les \u00e9tapes simples\u00a0: <\/p><ul><li>Travailler en ligne \u00c9diteur pour former un plugin d&rsquo;ic\u00f4nes de m\u00e9dias sociaux que vous souhaitez int\u00e9grer sur votre page d&rsquo;accueil jQuery.<\/li><li> Choisissez l&rsquo;un de nos mod\u00e8les pr\u00e9d\u00e9finis et ajustez les param\u00e8tres des ic\u00f4nes de m\u00e9dias sociaux, mettez \u00e0 jour votre contenu, modifiez la mise en page et la couleur du \u00e9l\u00e9ments sans codage.<\/li><li>Enregistrez les param\u00e8tres que vous avez d\u00e9finis sur les ic\u00f4nes de m\u00e9dias sociaux et copiez le code pour l&rsquo;installation, qui peut \u00eatre ajout\u00e9 sur le site Web jQuery sans acheter de forfait payant.<\/li><\/ul><p>Avec l&rsquo;\u00e9diteur facile \u00e0 utiliser, chaque internaute peut cr\u00e9er un plugin d&rsquo;ic\u00f4nes de m\u00e9dias sociaux en ligne et l&rsquo;ajouter facilement \u00e0 la page Web jQuery. Il n\u2019est pas n\u00e9cessaire de souscrire un abonnement payant ou de saisir les donn\u00e9es de votre carte pour acc\u00e9der \u00e0 notre service. Si vous rencontrez des probl\u00e8mes de quelque nature que ce soit, n&rsquo;h\u00e9sitez pas \u00e0 contacter notre \u00e9quipe d&rsquo;assistance.<\/p><\/div>\r\n\t\t\t\t\t<\/div>\r\n\t\t\t\t<\/div><\/div>","protected":false},"excerpt":{"rendered":"","protected":false},"author":9,"featured_media":0,"parent":2342,"menu_order":0,"comment_status":"closed","ping_status":"closed","template":"templates\/template-application-platform.php","meta":{"publish_to_discourse":"","publish_post_category":"","wpdc_auto_publish_overridden":"","wpdc_topic_tags":"","wpdc_pin_topic":"","wpdc_pin_until":"","discourse_post_id":"","discourse_permalink":"","wpdc_publishing_response":"","wpdc_publishing_error":"","footnotes":""},"class_list":["post-10307","page","type-page","status-publish","hentry"],"yoast_head":"<!-- This site is optimized with the Yoast SEO plugin v25.3.1 - https:\/\/yoast.com\/wordpress\/plugins\/seo\/ -->\n<title>Ic\u00f4nes de m\u00e9dias sociaux - Ic\u00f4nes sociales jQuery pour votre site Web<\/title>\n<meta name=\"description\" content=\"Consultez d\u00e8s maintenant notre site Web Ic\u00f4nes de m\u00e9dias sociaux pour JQuery. Cr\u00e9ez des ic\u00f4nes Elfsight jQuery pour votre site Web en quelques minutes seulement\u00a0!\" \/>\n<meta name=\"robots\" content=\"index, follow, max-snippet:-1, max-image-preview:large, max-video-preview:-1\" \/>\n<link rel=\"canonical\" href=\"https:\/\/elfsight.com\/fr\/social-media-icons-widget\/jquery\/\" \/>\n<meta property=\"og:locale\" content=\"fr_FR\" \/>\n<meta property=\"og:type\" content=\"article\" \/>\n<meta property=\"og:title\" content=\"Ic\u00f4nes de m\u00e9dias sociaux - Ic\u00f4nes sociales jQuery pour votre site Web\" \/>\n<meta property=\"og:description\" content=\"Consultez d\u00e8s maintenant notre site Web Ic\u00f4nes de m\u00e9dias sociaux pour JQuery. Cr\u00e9ez des ic\u00f4nes Elfsight jQuery pour votre site Web en quelques minutes seulement\u00a0!\" \/>\n<meta property=\"og:url\" content=\"https:\/\/elfsight.com\/fr\/social-media-icons-widget\/jquery\/\" \/>\n<meta property=\"og:site_name\" content=\"Elfsight FR\" \/>\n<meta property=\"article:modified_time\" content=\"2025-07-10T13:30:32+00:00\" \/>\n<meta name=\"twitter:card\" content=\"summary_large_image\" \/>\n<meta name=\"twitter:label1\" content=\"Dur\u00e9e de lecture estim\u00e9e\" \/>\n\t<meta name=\"twitter:data1\" content=\"3 minutes\" \/>\n<!-- \/ Yoast SEO plugin. -->","yoast_head_json":{"title":"Ic\u00f4nes de m\u00e9dias sociaux - Ic\u00f4nes sociales jQuery pour votre site Web","description":"Consultez d\u00e8s maintenant notre site Web Ic\u00f4nes de m\u00e9dias sociaux pour JQuery. Cr\u00e9ez des ic\u00f4nes Elfsight jQuery pour votre site Web en quelques minutes seulement\u00a0!","robots":{"index":"index","follow":"follow","max-snippet":"max-snippet:-1","max-image-preview":"max-image-preview:large","max-video-preview":"max-video-preview:-1"},"canonical":"https:\/\/elfsight.com\/fr\/social-media-icons-widget\/jquery\/","og_locale":"fr_FR","og_type":"article","og_title":"Ic\u00f4nes de m\u00e9dias sociaux - Ic\u00f4nes sociales jQuery pour votre site Web","og_description":"Consultez d\u00e8s maintenant notre site Web Ic\u00f4nes de m\u00e9dias sociaux pour JQuery. Cr\u00e9ez des ic\u00f4nes Elfsight jQuery pour votre site Web en quelques minutes seulement\u00a0!","og_url":"https:\/\/elfsight.com\/fr\/social-media-icons-widget\/jquery\/","og_site_name":"Elfsight FR","article_modified_time":"2025-07-10T13:30:32+00:00","twitter_card":"summary_large_image","twitter_misc":{"Dur\u00e9e de lecture estim\u00e9e":"3 minutes"},"schema":{"@context":"https:\/\/schema.org","@graph":[{"@type":"WebPage","@id":"https:\/\/elfsight.com\/fr\/social-media-icons-widget\/jquery\/","url":"https:\/\/elfsight.com\/fr\/social-media-icons-widget\/jquery\/","name":"Ic\u00f4nes de m\u00e9dias sociaux - Ic\u00f4nes sociales jQuery pour votre site Web","isPartOf":{"@id":"https:\/\/elfsight.com\/fr\/#website"},"datePublished":"1970-01-01T00:00:00+00:00","dateModified":"2025-07-10T13:30:32+00:00","description":"Consultez d\u00e8s maintenant notre site Web Ic\u00f4nes de m\u00e9dias sociaux pour JQuery. Cr\u00e9ez des ic\u00f4nes Elfsight jQuery pour votre site Web en quelques minutes seulement\u00a0!","breadcrumb":{"@id":"https:\/\/elfsight.com\/fr\/social-media-icons-widget\/jquery\/#breadcrumb"},"inLanguage":"fr-FR","potentialAction":[{"@type":"ReadAction","target":["https:\/\/elfsight.com\/fr\/social-media-icons-widget\/jquery\/"]}]},{"@type":"BreadcrumbList","@id":"https:\/\/elfsight.com\/fr\/social-media-icons-widget\/jquery\/#breadcrumb","itemListElement":[{"@type":"ListItem","position":1,"name":"Home","item":"https:\/\/elfsight.com\/fr\/"},{"@type":"ListItem","position":2,"name":"Social Media Icons","item":"https:\/\/elfsight.com\/fr\/social-media-icons-widget\/"},{"@type":"ListItem","position":3,"name":"Social Media Icons &#8211; jQuery"}]},{"@type":"WebSite","@id":"https:\/\/elfsight.com\/fr\/#website","url":"https:\/\/elfsight.com\/fr\/","name":"Elfsight FR","description":"","potentialAction":[{"@type":"SearchAction","target":{"@type":"EntryPoint","urlTemplate":"https:\/\/elfsight.com\/fr\/?s={search_term_string}"},"query-input":{"@type":"PropertyValueSpecification","valueRequired":true,"valueName":"search_term_string"}}],"inLanguage":"fr-FR"}]}},"meta_box":{"industry":"","seo_heading":"","heading":"","description":"","cta_heading":"","cta_description":"","application":"2341","h1":"Ic\u00f4nes de m\u00e9dias sociaux jQuery","h1_caption":"Ajoutez des ic\u00f4nes qui renvoient \u00e0 vos profils de r\u00e9seaux sociaux, permettant aux visiteurs de se connecter facilement avec vous sur toutes les plateformes de votre site Web jQuery, sans effort.","application_category":[],"applications_title":"","applications_request_title":"","applications_request_button_text":"","hero_text":"","hero_video":"","hero_video_schema_markup":"","selling_points_title":"","selling_points_caption":"","selling_points":[],"selling_points_cta_text":"","features_title":"","features":"","ed_cta_examples_text":"","ed_cta_examples_hidden":"","ed_cta_demo_text":"","ed_cta_demo_hidden":"","why_caption":"","why_editor_title":"","why_editor_text":"","why_team_title":"","why_team_text":"","why_service_title":"","why_service_text":"","template_catalog_visible":"","template_catalog_title":"","template_catalog_text":"","template_catalog_categories_visible":"","demo_title":"Cr\u00e9ez votre plugin d'ic\u00f4nes de m\u00e9dias sociaux","demo_caption":"Configurez vos ic\u00f4nes de m\u00e9dias sociaux et ajoutez-les gratuitement \u00e0 votre site Web jQuery\u00a0!","default_faq_hidden":"","app_template_category":[],"platform":"355","template_public_id":"","codecanyon_url":"","codecanyon_item_id":"","codecanyon_price":"","pricing_caption":"","pricing_elfsight_apps_hide_column":"","pricing_elfsight_apps_url":"","pricing_codecanyon_price_caption":"","integration_category":[],"integration_request_title":"","integration_request_cta":"","integration_platform":"","integrations":[],"platform_category":[],"video_schema_markup":"","price":"\u00e0 partir de 0$ \/ mois","trial":"","benefits":[{"text":"Aide \u00e0 l'installation gratuite"},{"text":"Support client exp\u00e9riment\u00e9"},{"text":"Garantie de remboursement de 14 jours"},{"text":"Mise \u00e0 jour constante"}],"button_url":"","button_target_blank":"","button_nofollow":"","attributes":[{"name":"Installations","content":"10,000 - 100,000"},{"name":"Sensible","content":"Oui"},{"name":"Navigateurs compatibles","content":"Firefox, Safari, Opera, Chrome, Edge"}],"tags":[],"tags_disable_links":"","hide_more_platforms":"","video_object":"","demo_hide_cta":"","demo_hide_cloud_options":"","pricing_title":"","pricing":[{"pricing_icon":"platform","pricing_title":"Elfsight Apps","pricing_title_caption":"Solution multiplateforme adapt\u00e9e \u00e0 n'importe quel site Web","pricing_price":"from $0 \/ month","pricing_price_caption":"commencez avec un forfait gratuit","pricing_benefits":[{"text":"Domaines illimit\u00e9s"},{"text":"Assistance gratuite, ponctuelle et bien document\u00e9e"},{"text":"Assistance \u00e0 l'installation gratuite"},{"text":"Enti\u00e8rement personnalisable"}],"pricing_button_text":"Ajouter au site Web","pricing_button_url":"#demo"}],"related_apps_title":"","related_apps_hidden":"","author":"","image":[],"title":"","job":"","social_networks":[]},"_links":{"self":[{"href":"https:\/\/elfsight.com\/fr\/wp-json\/wp\/v2\/pages\/10307","targetHints":{"allow":["GET"]}}],"collection":[{"href":"https:\/\/elfsight.com\/fr\/wp-json\/wp\/v2\/pages"}],"about":[{"href":"https:\/\/elfsight.com\/fr\/wp-json\/wp\/v2\/types\/page"}],"author":[{"embeddable":true,"href":"https:\/\/elfsight.com\/fr\/wp-json\/wp\/v2\/users\/9"}],"replies":[{"embeddable":true,"href":"https:\/\/elfsight.com\/fr\/wp-json\/wp\/v2\/comments?post=10307"}],"version-history":[{"count":1,"href":"https:\/\/elfsight.com\/fr\/wp-json\/wp\/v2\/pages\/10307\/revisions"}],"predecessor-version":[{"id":10311,"href":"https:\/\/elfsight.com\/fr\/wp-json\/wp\/v2\/pages\/10307\/revisions\/10311"}],"up":[{"embeddable":true,"href":"https:\/\/elfsight.com\/fr\/wp-json\/wp\/v2\/pages\/2342"}],"wp:attachment":[{"href":"https:\/\/elfsight.com\/fr\/wp-json\/wp\/v2\/media?parent=10307"}],"curies":[{"name":"wp","href":"https:\/\/api.w.org\/{rel}","templated":true}]}}