{"id":10306,"date":"1970-01-01T00:00:00","date_gmt":"1970-01-01T00:00:00","guid":{"rendered":"https:\/\/elfsight.com\/fr\/?page_id=10306"},"modified":"2025-07-10T13:29:57","modified_gmt":"2025-07-10T13:29:57","slug":"elementor","status":"publish","type":"page","link":"https:\/\/elfsight.com\/fr\/social-media-icons-widget\/elementor\/","title":{"rendered":"Social Media Icons &#8211; Elementor"},"content":{"rendered":"<div class=\"application-platform-content-item-description application-platform-content-item\" id=\"description\" data-nav-section=\"description\"><h2>Int\u00e9grez des ic\u00f4nes de r\u00e9seaux sociaux sur Elementor avec le widget Elfsight<\/h2><p>Commencez \u00e0 d\u00e9velopper votre activit\u00e9 sur les r\u00e9seaux sociaux et couvrez de nouveaux abonn\u00e9s et des lecteurs utilisant des publications efficaces sur votre site personnel.<\/p><p><b>Ayez plus de clics et de lecteurs depuis les r\u00e9seaux sociaux\u00a0!<\/b><\/p><p><b>Promotion maximale des publications et des produits dans r\u00e9seaux sociaux<\/b><br> En 1 clic seulement, votre contenu b\u00e9n\u00e9ficiera d&rsquo;une promotion active sur tous les r\u00e9seaux sociaux sans limites.<\/p><p><b>Boostez les vues sur votre site<\/b><br> Attirez de nouveaux utilisateurs sur votre site Web via une pr\u00e9sence active sur les r\u00e9seaux sociaux et augmentez le nombre de visites.<\/p><p><b>Augmentez le nombre de lecteurs sur les r\u00e9seaux sociaux<\/b><br> Publication de contenu passionnant ? Permettez aux t\u00e9l\u00e9spectateurs de partager eux-m\u00eames des publications pour leurs lecteurs et de les diffuser davantage.<\/p><\/div><div class=\"application-platform-content-item-features application-platform-content-item\" id=\"features\" data-nav-section=\"features\"><h2>Principales fonctionnalit\u00e9s du widget Ic\u00f4nes de m\u00e9dias sociaux<\/h2><p>Ce qui fait Elfsight les ic\u00f4nes sont les meilleures parmi les plugins sociaux Elementor ? D\u00e9couvrez nos avantages strat\u00e9giques\u00a0:<\/p><ul><li>Ajoutez un nouveau m\u00e9dia en ins\u00e9rant simplement une URL \u00e0 votre profil\u00a0;<\/li><li>5\u00a0options de taille d&rsquo;ic\u00f4ne\u00a0;<\/li><li>3\u00a0alignements variantes des ic\u00f4nes\u00a0: gauche, droite, centre\u00a0;<\/li><li>Les ic\u00f4nes et l&rsquo;arri\u00e8re-plan changent de couleur au survol\u00a0;<\/li><li>5 types d&rsquo;animation au survol.<\/li><\/ul><p><a href=\"#demo\">V\u00e9rifiez les autres avantages dans un \u00e9diteur gratuit<\/a><\/p><\/div><div class=\"application-platform-content-item-installation application-platform-content-item\" id=\"installation\" data-nav-section=\"installation\"><h2>Comment ajouter des ic\u00f4nes de r\u00e9seaux sociaux au site Web Elementor <\/h2><div class=\"video-container\"><iframe width=\"720\" height=\"405\" src=\"https:\/\/www.youtube.com\/embed\/MvdrXRrA0Io\" frameborder=\"0\" allowfullscreen=\"\"><\/iframe><\/div><p>Un tutoriel rapide sur l&rsquo;affichage d&rsquo;un widget sans exp\u00e9rience en d\u00e9veloppement Web ni aide d&rsquo;un d\u00e9veloppeur professionnel. Vous aurez besoin de 2 minutes pour ex\u00e9cuter le guide.<\/p><ol><li><b>Concevez vos ic\u00f4nes sociales uniques<\/b><br> Avec notre d\u00e9mo gratuite, cr\u00e9ez un plugin avec le mod\u00e8le et les param\u00e8tres souhait\u00e9s.<\/li><li><b>Recevoir un code pour int\u00e9grer le plugin<\/b><br> Apr\u00e8s la g\u00e9n\u00e9ration du widget, obtenez un code pour le plugin Social dans la fen\u00eatre qui appara\u00eet sur Elfsight Apps.<\/li><li><b>Placez le plugin sur le site Web Elementor<\/b><br> Int\u00e9grez le plugin \u00e0 un endroit s\u00e9lectionn\u00e9 du site Web et appliquez les modifications.<\/li><li><b>L&rsquo;int\u00e9gration est r\u00e9ussie\u00a0!<\/b><br> Visitez votre site pour v\u00e9rifier votre widget.<\/li><\/ol><p>Besoin de conseils sur la configuration ou la personnalisation du plugin\u00a0? L&rsquo;\u00e9quipe du centre d&rsquo;aide Elfsight sera l\u00e0 pour vous aider et vous proposer une solution\u00a0!<\/p><\/div><div class=\"faq\" data-component=\"FAQ\"><div class=\"faq-item\">\r\n\t\t\t\t\t<div class=\"faq-item-question\">\r\n\t\t\t\t\t\t<h3 class=\"faq-item-question-text\">Comment ajouter des ic\u00f4nes de r\u00e9seaux sociaux \u00e0 mon Elementor sans connaissances en codage ?<\/h3>\r\n\r\n\t\t\t\t\t\t<div class=\"faq-item-question-icon\"><\/div>\r\n\t\t\t\t\t<\/div>\r\n\r\n\t\t\t\t\t<div class=\"faq-item-answer\">\r\n\t\t\t\t\t\t<div class=\"faq-item-answer-text\"><p>La soci\u00e9t\u00e9 Elfsight pr\u00e9sente une solution qui permet aux utilisateurs de cr\u00e9er eux-m\u00eames une application d&rsquo;ic\u00f4nes de r\u00e9seaux sociaux. Regardez le guide simple\u00a0: <\/p><ul><li>Acc\u00e9dez \u00e0 la d\u00e9mo en ligne pour g\u00e9n\u00e9rer des ic\u00f4nes de r\u00e9seaux sociaux. application que vous souhaitez voir appara\u00eetre sur la page d&rsquo;accueil d&rsquo;Elementor.<\/li><li>Choisissez l&rsquo;un de nos mod\u00e8les pr\u00e9d\u00e9finis et adaptez les param\u00e8tres des ic\u00f4nes de m\u00e9dias sociaux, modifiez la mise en page et les couleurs, ajoutez votre contenu sans codage.<\/li><li>Enregistrez les ic\u00f4nes de m\u00e9dias sociaux et copiez le code du widget pour l&rsquo;int\u00e9gration, qui peut \u00eatre facilement ajout\u00e9 dans n&rsquo;importe quelle page d&rsquo;accueil d&rsquo;Elementor sans avoir besoin d&rsquo;acheter une version payante.<\/li><\/ul><p>Avec l&rsquo;aide de notre simple \u00e9diteur chaque l&rsquo;utilisateur Web peut cr\u00e9er des ic\u00f4nes de m\u00e9dias sociaux et les coller sur n&rsquo;importe quel site Web Elementor. Vous ne devez pas payer ni saisir les informations d\u2019identification de votre carte pour acc\u00e9der \u00e0 notre service. Si vous rencontrez des probl\u00e8mes de quelque nature que ce soit, n&rsquo;h\u00e9sitez pas \u00e0 contacter notre \u00e9quipe d&rsquo;assistance.<\/p><\/div>\r\n\t\t\t\t\t<\/div>\r\n\t\t\t\t<\/div><\/div>","protected":false},"excerpt":{"rendered":"","protected":false},"author":9,"featured_media":0,"parent":2342,"menu_order":0,"comment_status":"closed","ping_status":"closed","template":"templates\/template-application-platform.php","meta":{"publish_to_discourse":"","publish_post_category":"","wpdc_auto_publish_overridden":"","wpdc_topic_tags":"","wpdc_pin_topic":"","wpdc_pin_until":"","discourse_post_id":"","discourse_permalink":"","wpdc_publishing_response":"","wpdc_publishing_error":"","footnotes":""},"class_list":["post-10306","page","type-page","status-publish","hentry"],"yoast_head":"<!-- This site is optimized with the Yoast SEO plugin v25.3.1 - https:\/\/yoast.com\/wordpress\/plugins\/seo\/ -->\n<title>Widget d\u2019ic\u00f4nes de m\u00e9dias sociaux pour le site Web Elementor (2025)<\/title>\n<meta name=\"description\" content=\"Configurez des ic\u00f4nes de m\u00e9dias sociaux sur votre site Web Elementor en quelques minutes seulement. G\u00e9n\u00e9ration instantan\u00e9e et simple de divers plugins de sites Web par Elfsight.\" \/>\n<meta name=\"robots\" content=\"index, follow, max-snippet:-1, max-image-preview:large, max-video-preview:-1\" \/>\n<link rel=\"canonical\" href=\"https:\/\/elfsight.com\/fr\/social-media-icons-widget\/elementor\/\" \/>\n<meta property=\"og:locale\" content=\"fr_FR\" \/>\n<meta property=\"og:type\" content=\"article\" \/>\n<meta property=\"og:title\" content=\"Widget d\u2019ic\u00f4nes de m\u00e9dias sociaux pour le site Web Elementor (2025)\" \/>\n<meta property=\"og:description\" content=\"Configurez des ic\u00f4nes de m\u00e9dias sociaux sur votre site Web Elementor en quelques minutes seulement. G\u00e9n\u00e9ration instantan\u00e9e et simple de divers plugins de sites Web par Elfsight.\" \/>\n<meta property=\"og:url\" content=\"https:\/\/elfsight.com\/fr\/social-media-icons-widget\/elementor\/\" \/>\n<meta property=\"og:site_name\" content=\"Elfsight FR\" \/>\n<meta property=\"article:modified_time\" content=\"2025-07-10T13:29:57+00:00\" \/>\n<meta name=\"twitter:card\" content=\"summary_large_image\" \/>\n<meta name=\"twitter:label1\" content=\"Dur\u00e9e de lecture estim\u00e9e\" \/>\n\t<meta name=\"twitter:data1\" content=\"3 minutes\" \/>\n<!-- \/ Yoast SEO plugin. -->","yoast_head_json":{"title":"Widget d\u2019ic\u00f4nes de m\u00e9dias sociaux pour le site Web Elementor (2025)","description":"Configurez des ic\u00f4nes de m\u00e9dias sociaux sur votre site Web Elementor en quelques minutes seulement. G\u00e9n\u00e9ration instantan\u00e9e et simple de divers plugins de sites Web par Elfsight.","robots":{"index":"index","follow":"follow","max-snippet":"max-snippet:-1","max-image-preview":"max-image-preview:large","max-video-preview":"max-video-preview:-1"},"canonical":"https:\/\/elfsight.com\/fr\/social-media-icons-widget\/elementor\/","og_locale":"fr_FR","og_type":"article","og_title":"Widget d\u2019ic\u00f4nes de m\u00e9dias sociaux pour le site Web Elementor (2025)","og_description":"Configurez des ic\u00f4nes de m\u00e9dias sociaux sur votre site Web Elementor en quelques minutes seulement. G\u00e9n\u00e9ration instantan\u00e9e et simple de divers plugins de sites Web par Elfsight.","og_url":"https:\/\/elfsight.com\/fr\/social-media-icons-widget\/elementor\/","og_site_name":"Elfsight FR","article_modified_time":"2025-07-10T13:29:57+00:00","twitter_card":"summary_large_image","twitter_misc":{"Dur\u00e9e de lecture estim\u00e9e":"3 minutes"},"schema":{"@context":"https:\/\/schema.org","@graph":[{"@type":"WebPage","@id":"https:\/\/elfsight.com\/fr\/social-media-icons-widget\/elementor\/","url":"https:\/\/elfsight.com\/fr\/social-media-icons-widget\/elementor\/","name":"Widget d\u2019ic\u00f4nes de m\u00e9dias sociaux pour le site Web Elementor (2025)","isPartOf":{"@id":"https:\/\/elfsight.com\/fr\/#website"},"datePublished":"1970-01-01T00:00:00+00:00","dateModified":"2025-07-10T13:29:57+00:00","description":"Configurez des ic\u00f4nes de m\u00e9dias sociaux sur votre site Web Elementor en quelques minutes seulement. G\u00e9n\u00e9ration instantan\u00e9e et simple de divers plugins de sites Web par Elfsight.","breadcrumb":{"@id":"https:\/\/elfsight.com\/fr\/social-media-icons-widget\/elementor\/#breadcrumb"},"inLanguage":"fr-FR","potentialAction":[{"@type":"ReadAction","target":["https:\/\/elfsight.com\/fr\/social-media-icons-widget\/elementor\/"]}]},{"@type":"BreadcrumbList","@id":"https:\/\/elfsight.com\/fr\/social-media-icons-widget\/elementor\/#breadcrumb","itemListElement":[{"@type":"ListItem","position":1,"name":"Home","item":"https:\/\/elfsight.com\/fr\/"},{"@type":"ListItem","position":2,"name":"Social Media Icons","item":"https:\/\/elfsight.com\/fr\/social-media-icons-widget\/"},{"@type":"ListItem","position":3,"name":"Social Media Icons &#8211; Elementor"}]},{"@type":"WebSite","@id":"https:\/\/elfsight.com\/fr\/#website","url":"https:\/\/elfsight.com\/fr\/","name":"Elfsight FR","description":"","potentialAction":[{"@type":"SearchAction","target":{"@type":"EntryPoint","urlTemplate":"https:\/\/elfsight.com\/fr\/?s={search_term_string}"},"query-input":{"@type":"PropertyValueSpecification","valueRequired":true,"valueName":"search_term_string"}}],"inLanguage":"fr-FR"}]}},"meta_box":{"industry":"","seo_heading":"","heading":"","description":"","cta_heading":"","cta_description":"","application":"2341","h1":"Ic\u00f4nes sociales Elementor","h1_caption":"Ajoutez des ic\u00f4nes qui renvoient \u00e0 vos profils de r\u00e9seaux sociaux, permettant ainsi aux visiteurs de se connecter facilement avec vous sur toutes les plateformes de votre site Web Elementor, sans effort.","application_category":[],"applications_title":"","applications_request_title":"","applications_request_button_text":"","hero_text":"","hero_video":"","hero_video_schema_markup":"","selling_points_title":"","selling_points_caption":"","selling_points":[],"selling_points_cta_text":"","features_title":"","features":"","ed_cta_examples_text":"","ed_cta_examples_hidden":"","ed_cta_demo_text":"","ed_cta_demo_hidden":"","why_caption":"","why_editor_title":"","why_editor_text":"","why_team_title":"","why_team_text":"","why_service_title":"","why_service_text":"","template_catalog_visible":"","template_catalog_title":"","template_catalog_text":"","template_catalog_categories_visible":"","demo_title":"Cr\u00e9ez votre widget Ic\u00f4nes de m\u00e9dias sociaux","demo_caption":"Configurez vos ic\u00f4nes de m\u00e9dias sociaux et ajoutez-les gratuitement \u00e0 votre site Web Elementor\u00a0!","default_faq_hidden":"","app_template_category":[],"platform":"385","template_public_id":"","codecanyon_url":"","codecanyon_item_id":"","codecanyon_price":"","pricing_caption":"","pricing_elfsight_apps_hide_column":"","pricing_elfsight_apps_url":"","pricing_codecanyon_price_caption":"","integration_category":[],"integration_request_title":"","integration_request_cta":"","integration_platform":"","integrations":[],"platform_category":[],"video_schema_markup":"","price":"\u00e0 partir de 0$ \/ mois","trial":"","benefits":[{"text":"Service d'installation gratuit"},{"text":"Service client comp\u00e9tent"},{"text":"Garantie de remboursement de 14 jours"},{"text":"Mises \u00e0 jour gratuites et continues"}],"button_url":"","button_target_blank":"","button_nofollow":"","attributes":[{"name":"Installations","content":"10,000 - 100,000"},{"name":"Sensible","content":"Oui"},{"name":"Navigateurs compatibles","content":"Firefox, Safari, Opera, Chrome, Edge"}],"tags":[],"tags_disable_links":"","hide_more_platforms":"","video_object":"","demo_hide_cta":"","demo_hide_cloud_options":"","pricing_title":"","pricing":[{"pricing_icon":"platform","pricing_title":"Elfsight Apps","pricing_title_caption":"Solution multiplateforme adapt\u00e9e \u00e0 n'importe quel site Web","pricing_price":"from $0 \/ month","pricing_price_caption":"commencez avec un forfait gratuit","pricing_benefits":[{"text":"Domaines illimit\u00e9s"},{"text":"Assistance 24h\/24 et 7j\/7"},{"text":"Aide \u00e0 l'installation gratuite"},{"text":"Prix \u200b\u200b\u00e0 attraper pour plusieurs applications"}],"pricing_button_text":"Ajouter au site Web","pricing_button_url":"#demo"}],"related_apps_title":"","related_apps_hidden":"","author":"","image":[],"title":"","job":"","social_networks":[]},"_links":{"self":[{"href":"https:\/\/elfsight.com\/fr\/wp-json\/wp\/v2\/pages\/10306","targetHints":{"allow":["GET"]}}],"collection":[{"href":"https:\/\/elfsight.com\/fr\/wp-json\/wp\/v2\/pages"}],"about":[{"href":"https:\/\/elfsight.com\/fr\/wp-json\/wp\/v2\/types\/page"}],"author":[{"embeddable":true,"href":"https:\/\/elfsight.com\/fr\/wp-json\/wp\/v2\/users\/9"}],"replies":[{"embeddable":true,"href":"https:\/\/elfsight.com\/fr\/wp-json\/wp\/v2\/comments?post=10306"}],"version-history":[{"count":1,"href":"https:\/\/elfsight.com\/fr\/wp-json\/wp\/v2\/pages\/10306\/revisions"}],"predecessor-version":[{"id":10310,"href":"https:\/\/elfsight.com\/fr\/wp-json\/wp\/v2\/pages\/10306\/revisions\/10310"}],"up":[{"embeddable":true,"href":"https:\/\/elfsight.com\/fr\/wp-json\/wp\/v2\/pages\/2342"}],"wp:attachment":[{"href":"https:\/\/elfsight.com\/fr\/wp-json\/wp\/v2\/media?parent=10306"}],"curies":[{"name":"wp","href":"https:\/\/api.w.org\/{rel}","templated":true}]}}