{"id":10301,"date":"1970-01-01T00:00:00","date_gmt":"1970-01-01T00:00:00","guid":{"rendered":"https:\/\/elfsight.com\/fr\/?page_id=10301"},"modified":"2025-07-10T13:30:23","modified_gmt":"2025-07-10T13:30:23","slug":"iframe","status":"publish","type":"page","link":"https:\/\/elfsight.com\/fr\/social-media-icons-widget\/iframe\/","title":{"rendered":"Social Media Icons &#8211; iFrame"},"content":{"rendered":"<div class=\"application-platform-content-item-description application-platform-content-item\" id=\"description\" data-nav-section=\"description\"><h2>Int\u00e9grez des ic\u00f4nes de r\u00e9seaux sociaux sur iFrame avec le widget Elfsight<\/h2><p>Les ic\u00f4nes sociales d&rsquo;Elfsight connecteront votre site Web \u00e0 presque tous les r\u00e9seaux sociaux. m\u00e9dias. Renforcez la connexion avec vos clients et faites-en vos abonn\u00e9s. Une mise en page r\u00e9active, une personnalisation des couleurs et du style et des ic\u00f4nes pr\u00eates \u00e0 l&#8217;emploi de tous les principaux m\u00e9dias sociaux.<\/p> <p><b>Augmentez la port\u00e9e de votre entreprise dans les services sociaux.<\/b><\/p> <p><b>Une fa\u00e7on suppl\u00e9mentaire de communiquer avec les clients<\/b><br> Les r\u00e9seaux sociaux sont une variante suppl\u00e9mentaire pour renforcer vos liens avec les utilisateurs et faciliter la recherche de votre entreprise en ligne.<\/p><p> <b>Nombre maximum de visiteurs pour vos r\u00e9seaux sociaux<\/b><br> Offrez aux clients du site une variante simple pour acc\u00e9der \u00e0 votre page sociale et trouver un maximum de visiteurs sur les r\u00e9seaux sociaux.<\/p><p><b>Amenez une interaction avec les utilisateurs vers une nouvelle \u00e9tape<\/b><br> Montrez \u00e0 vos utilisateurs actuels et nouveaux d&rsquo;autres moyens de se connecter et d&rsquo;am\u00e9liorer la qualit\u00e9 du centre d&rsquo;aide.<\/p><\/div><div class=\"application-platform-content-item-features application-platform-content-item\" id=\"features\" data-nav-section=\"features\"><h2> Principales fonctionnalit\u00e9s du widget Ic\u00f4nes de m\u00e9dias sociaux<\/h2><p>Les caract\u00e9ristiques de base qui font des ic\u00f4nes Elfsight le meilleur plugin social IFrame.<\/p><ul><li>Plus de 50 plateformes sociales pr\u00e9d\u00e9finies\u00a0;<\/li> <li>5 options de taille d&rsquo;ic\u00f4ne\u00a0;<\/li><li>2\u00a0dispositions\u00a0: en ligne et flottante\u00a0;<\/li><li>3\u00a0variantes d&rsquo;alignement des ic\u00f4nes\u00a0;<\/li><li>5\u00a0animations sur les types de survol.<\/li><\/ul><p><a href=\"#demo\">V\u00e9rifiez toutes les fonctionnalit\u00e9s de base dans notre \u00e9diteur<\/a><\/p><\/div><div class=\"application-platform-content-item-installation application-platform-content-item\" id=\"installation\" data-nav-section=\"installation\"><h2> Comment ajouter des ic\u00f4nes sociales au site Web iFrame<\/h2><p>Un tutoriel clair sur la fa\u00e7on de cr\u00e9er des ic\u00f4nes sur une page sans comp\u00e9tence en d\u00e9veloppement. Le temps de configuration approximatif est inf\u00e9rieur \u00e0 3 minutes.<\/p><ol><li><b>Cr\u00e9ez votre plugin social personnalis\u00e9<\/b><br> En g\u00e9rant notre configurateur gratuit, fa\u00e7onnez un plugin avec une interface pr\u00e9f\u00e9r\u00e9e et des caract\u00e9ristiques fonctionnelles. <\/li><li><b>Copiez le code personnel pour int\u00e9grer le plugin<\/b><br> Apr\u00e8s avoir configur\u00e9 votre plugin, vous recevrez votre code personnel dans la notification apparaissant sur Elfsight Apps. Copiez-le. <\/li> <li><b>Publiez le plugin sur votre site iFrame<\/b><br> Choisissez la zone dans laquelle vous pr\u00e9voyez de r\u00e9v\u00e9ler le plugin et ins\u00e9rez-y le code enregistr\u00e9. Publiez les modifications. <\/li> <li><b>L&rsquo;int\u00e9gration est r\u00e9ussie\u00a0! <\/b><br> Visitez votre magasin pour voir vos ic\u00f4nes. <\/li> <\/ol><p>Vous ne parvenez pas \u00e0 cr\u00e9er ou \u00e0 d\u00e9finir les ic\u00f4nes de votre site\u00a0? Lisez notre manuel complet \u00ab Comment configurer des ic\u00f4nes sur IFrame \u00bb ou adressez-vous \u00e0 notre \u00e9quipe d&rsquo;assistance.<\/p><\/div><div class=\"faq\" data-component=\"FAQ\"><div class=\"faq-item\">\r\n\t\t\t\t\t<div class=\"faq-item-question\">\r\n\t\t\t\t\t\t<h3 class=\"faq-item-question-text\">Y a-t-il une option pour int\u00e9grer des ic\u00f4nes de r\u00e9seaux sociaux \u00e0 ma page d'accueil iFrame sans aucune connaissance en codage ?<\/h3>\r\n\r\n\t\t\t\t\t\t<div class=\"faq-item-question-icon\"><\/div>\r\n\t\t\t\t\t<\/div>\r\n\r\n\t\t\t\t\t<div class=\"faq-item-answer\">\r\n\t\t\t\t\t\t<div class=\"faq-item-answer-text\"><p>La soci\u00e9t\u00e9 Elfsight propose une solution SaaS qui permet aux propri\u00e9taires de sites de cr\u00e9er vous-m\u00eame une application d&rsquo;ic\u00f4nes de r\u00e9seaux sociaux. Regardez \u00e0 quel point le processus est simple\u00a0: <\/p><ul> <li>Commencez \u00e0 travailler directement dans l&rsquo;\u00e9diteur en ligne pour cr\u00e9er un widget d&rsquo;ic\u00f4nes de r\u00e9seaux sociaux que vous souhaitez int\u00e9grer sur le site iFrame.<\/li><li>Cliquez sur l&rsquo;un des mod\u00e8les pr\u00e9d\u00e9finis et ajustez les param\u00e8tres des ic\u00f4nes de r\u00e9seaux sociaux, changez la mise en page. et votre palette de couleurs, ajoutez votre contenu sans aucune connaissance en codage.<\/li><li>Cliquez pour enregistrer les ic\u00f4nes des r\u00e9seaux sociaux et obtenez le code d&rsquo;installation du widget, qui peut \u00eatre facilement inclus gratuitement dans n&rsquo;importe quelle page d&rsquo;accueil iFrame.<\/li><\/ul><p>Gr\u00e2ce \u00e0 l&rsquo;\u00e9diteur convivial, chaque utilisateur Web peut cr\u00e9er le plugin Social Media Icons en ligne et l&rsquo;int\u00e9grer sans effort \u00e0 sa page d&rsquo;accueil iFrame. Il n&rsquo;est pas n\u00e9cessaire de payer ni de saisir les donn\u00e9es de votre carte pour acc\u00e9der \u00e0 l&rsquo;\u00e9diteur. Si vous rencontrez des obstacles de quelque nature que ce soit, n&rsquo;h\u00e9sitez pas \u00e0 contacter notre \u00e9quipe d&rsquo;assistance technique.<\/p><\/div>\r\n\t\t\t\t\t<\/div>\r\n\t\t\t\t<\/div><\/div>","protected":false},"excerpt":{"rendered":"","protected":false},"author":9,"featured_media":0,"parent":2342,"menu_order":0,"comment_status":"closed","ping_status":"closed","template":"templates\/template-application-platform.php","meta":{"publish_to_discourse":"","publish_post_category":"","wpdc_auto_publish_overridden":"","wpdc_topic_tags":"","wpdc_pin_topic":"","wpdc_pin_until":"","discourse_post_id":"","discourse_permalink":"","wpdc_publishing_response":"","wpdc_publishing_error":"","footnotes":""},"class_list":["post-10301","page","type-page","status-publish","hentry"],"yoast_head":"<!-- This site is optimized with the Yoast SEO plugin v25.3.1 - https:\/\/yoast.com\/wordpress\/plugins\/seo\/ -->\n<title>Plugin iFrame Social Media Icons pour votre site Web (gratuit et rapide)<\/title>\n<meta name=\"description\" content=\"Essayez d\u00e8s maintenant le plugin Elfsight Social Media Icons pour iFrame. Cr\u00e9ez des ic\u00f4nes personnalis\u00e9es pour votre site Web en quelques minutes seulement\u00a0!\" \/>\n<meta name=\"robots\" content=\"index, follow, max-snippet:-1, max-image-preview:large, max-video-preview:-1\" \/>\n<link rel=\"canonical\" href=\"https:\/\/elfsight.com\/fr\/social-media-icons-widget\/iframe\/\" \/>\n<meta property=\"og:locale\" content=\"fr_FR\" \/>\n<meta property=\"og:type\" content=\"article\" \/>\n<meta property=\"og:title\" content=\"Plugin iFrame Social Media Icons pour votre site Web (gratuit et rapide)\" \/>\n<meta property=\"og:description\" content=\"Essayez d\u00e8s maintenant le plugin Elfsight Social Media Icons pour iFrame. Cr\u00e9ez des ic\u00f4nes personnalis\u00e9es pour votre site Web en quelques minutes seulement\u00a0!\" \/>\n<meta property=\"og:url\" content=\"https:\/\/elfsight.com\/fr\/social-media-icons-widget\/iframe\/\" \/>\n<meta property=\"og:site_name\" content=\"Elfsight FR\" \/>\n<meta property=\"article:modified_time\" content=\"2025-07-10T13:30:23+00:00\" \/>\n<meta name=\"twitter:card\" content=\"summary_large_image\" \/>\n<meta name=\"twitter:label1\" content=\"Dur\u00e9e de lecture estim\u00e9e\" \/>\n\t<meta name=\"twitter:data1\" content=\"3 minutes\" \/>\n<!-- \/ Yoast SEO plugin. -->","yoast_head_json":{"title":"Plugin iFrame Social Media Icons pour votre site Web (gratuit et rapide)","description":"Essayez d\u00e8s maintenant le plugin Elfsight Social Media Icons pour iFrame. Cr\u00e9ez des ic\u00f4nes personnalis\u00e9es pour votre site Web en quelques minutes seulement\u00a0!","robots":{"index":"index","follow":"follow","max-snippet":"max-snippet:-1","max-image-preview":"max-image-preview:large","max-video-preview":"max-video-preview:-1"},"canonical":"https:\/\/elfsight.com\/fr\/social-media-icons-widget\/iframe\/","og_locale":"fr_FR","og_type":"article","og_title":"Plugin iFrame Social Media Icons pour votre site Web (gratuit et rapide)","og_description":"Essayez d\u00e8s maintenant le plugin Elfsight Social Media Icons pour iFrame. Cr\u00e9ez des ic\u00f4nes personnalis\u00e9es pour votre site Web en quelques minutes seulement\u00a0!","og_url":"https:\/\/elfsight.com\/fr\/social-media-icons-widget\/iframe\/","og_site_name":"Elfsight FR","article_modified_time":"2025-07-10T13:30:23+00:00","twitter_card":"summary_large_image","twitter_misc":{"Dur\u00e9e de lecture estim\u00e9e":"3 minutes"},"schema":{"@context":"https:\/\/schema.org","@graph":[{"@type":"WebPage","@id":"https:\/\/elfsight.com\/fr\/social-media-icons-widget\/iframe\/","url":"https:\/\/elfsight.com\/fr\/social-media-icons-widget\/iframe\/","name":"Plugin iFrame Social Media Icons pour votre site Web (gratuit et rapide)","isPartOf":{"@id":"https:\/\/elfsight.com\/fr\/#website"},"datePublished":"1970-01-01T00:00:00+00:00","dateModified":"2025-07-10T13:30:23+00:00","description":"Essayez d\u00e8s maintenant le plugin Elfsight Social Media Icons pour iFrame. Cr\u00e9ez des ic\u00f4nes personnalis\u00e9es pour votre site Web en quelques minutes seulement\u00a0!","breadcrumb":{"@id":"https:\/\/elfsight.com\/fr\/social-media-icons-widget\/iframe\/#breadcrumb"},"inLanguage":"fr-FR","potentialAction":[{"@type":"ReadAction","target":["https:\/\/elfsight.com\/fr\/social-media-icons-widget\/iframe\/"]}]},{"@type":"BreadcrumbList","@id":"https:\/\/elfsight.com\/fr\/social-media-icons-widget\/iframe\/#breadcrumb","itemListElement":[{"@type":"ListItem","position":1,"name":"Home","item":"https:\/\/elfsight.com\/fr\/"},{"@type":"ListItem","position":2,"name":"Social Media Icons","item":"https:\/\/elfsight.com\/fr\/social-media-icons-widget\/"},{"@type":"ListItem","position":3,"name":"Social Media Icons &#8211; iFrame"}]},{"@type":"WebSite","@id":"https:\/\/elfsight.com\/fr\/#website","url":"https:\/\/elfsight.com\/fr\/","name":"Elfsight FR","description":"","potentialAction":[{"@type":"SearchAction","target":{"@type":"EntryPoint","urlTemplate":"https:\/\/elfsight.com\/fr\/?s={search_term_string}"},"query-input":{"@type":"PropertyValueSpecification","valueRequired":true,"valueName":"search_term_string"}}],"inLanguage":"fr-FR"}]}},"meta_box":{"industry":"","seo_heading":"","heading":"","description":"","cta_heading":"","cta_description":"","application":"2341","h1":"Ic\u00f4nes de m\u00e9dias sociaux iFrame","h1_caption":"Ajoutez des ic\u00f4nes qui renvoient \u00e0 vos profils de r\u00e9seaux sociaux, permettant ainsi aux visiteurs de se connecter facilement avec vous sur toutes les plateformes de votre site Web iFrame.","application_category":[],"applications_title":"","applications_request_title":"","applications_request_button_text":"","hero_text":"","hero_video":"","hero_video_schema_markup":"","selling_points_title":"","selling_points_caption":"","selling_points":[],"selling_points_cta_text":"","features_title":"","features":"","ed_cta_examples_text":"","ed_cta_examples_hidden":"","ed_cta_demo_text":"","ed_cta_demo_hidden":"","why_caption":"","why_editor_title":"","why_editor_text":"","why_team_title":"","why_team_text":"","why_service_title":"","why_service_text":"","template_catalog_visible":"","template_catalog_title":"","template_catalog_text":"","template_catalog_categories_visible":"","demo_title":"Cr\u00e9ez votre widget Ic\u00f4nes de m\u00e9dias sociaux","demo_caption":"Configurez vos ic\u00f4nes de r\u00e9seaux sociaux et ajoutez-les gratuitement \u00e0 votre site Web iFrame\u00a0!","default_faq_hidden":"","app_template_category":[],"platform":"371","template_public_id":"","codecanyon_url":"","codecanyon_item_id":"","codecanyon_price":"","pricing_caption":"","pricing_elfsight_apps_hide_column":"","pricing_elfsight_apps_url":"","pricing_codecanyon_price_caption":"","integration_category":[],"integration_request_title":"","integration_request_cta":"","integration_platform":"","integrations":[],"platform_category":[],"video_schema_markup":"","price":"\u00e0 partir de 0$ \/ mois","trial":"","benefits":[{"text":"Aide \u00e0 l'installation gratuite"},{"text":"Service client comp\u00e9tent"},{"text":"Garantie de remboursement de 14 jours"},{"text":"Futures am\u00e9liorations gratuites"}],"button_url":"","button_target_blank":"","button_nofollow":"","attributes":[{"name":"Installations","content":"10,000 - 100,000"},{"name":"Sensible","content":"Oui"},{"name":"Navigateurs compatibles","content":"Edge, Chrome, Firefox, Safari, Opera"}],"tags":[],"tags_disable_links":"","hide_more_platforms":"","video_object":"","demo_hide_cta":"","demo_hide_cloud_options":"","pricing_title":"","pricing":[{"pricing_icon":"platform","pricing_title":"Elfsight Apps","pricing_title_caption":"Version multiplateforme","pricing_price":"from $0 \/ month","pricing_price_caption":"commencez avec un forfait gratuit","pricing_benefits":[{"text":"Sites Web illimit\u00e9s"},{"text":"Support client professionnel"},{"text":"Assistance \u00e0 l'installation gratuite"},{"text":"Offre sp\u00e9ciale pour plusieurs applications"}],"pricing_button_text":"Ajouter au site Web","pricing_button_url":"#demo"}],"related_apps_title":"","related_apps_hidden":"","author":"","image":[],"title":"","job":"","social_networks":[]},"_links":{"self":[{"href":"https:\/\/elfsight.com\/fr\/wp-json\/wp\/v2\/pages\/10301","targetHints":{"allow":["GET"]}}],"collection":[{"href":"https:\/\/elfsight.com\/fr\/wp-json\/wp\/v2\/pages"}],"about":[{"href":"https:\/\/elfsight.com\/fr\/wp-json\/wp\/v2\/types\/page"}],"author":[{"embeddable":true,"href":"https:\/\/elfsight.com\/fr\/wp-json\/wp\/v2\/users\/9"}],"replies":[{"embeddable":true,"href":"https:\/\/elfsight.com\/fr\/wp-json\/wp\/v2\/comments?post=10301"}],"version-history":[{"count":1,"href":"https:\/\/elfsight.com\/fr\/wp-json\/wp\/v2\/pages\/10301\/revisions"}],"predecessor-version":[{"id":10305,"href":"https:\/\/elfsight.com\/fr\/wp-json\/wp\/v2\/pages\/10301\/revisions\/10305"}],"up":[{"embeddable":true,"href":"https:\/\/elfsight.com\/fr\/wp-json\/wp\/v2\/pages\/2342"}],"wp:attachment":[{"href":"https:\/\/elfsight.com\/fr\/wp-json\/wp\/v2\/media?parent=10301"}],"curies":[{"name":"wp","href":"https:\/\/api.w.org\/{rel}","templated":true}]}}