{"id":10299,"date":"1970-01-01T00:00:00","date_gmt":"1970-01-01T00:00:00","guid":{"rendered":"https:\/\/elfsight.com\/fr\/?page_id=10299"},"modified":"2024-12-18T14:26:52","modified_gmt":"2024-12-18T14:26:52","slug":"woocommerce","status":"publish","type":"page","link":"https:\/\/elfsight.com\/fr\/social-media-icons-widget\/woocommerce\/","title":{"rendered":"Social Media Icons &#8211; WooCommerce"},"content":{"rendered":"\n<div class=\"application-platform-content-item-description application-platform-content-item\" id=\"description\" data-nav-section=\"description\"><h2>Description<\/h2><p>Elfsight Social Icons, simples et efficaces, est l\u00e0 pour connecter votre site \u00e0 tous les r\u00e9seaux sociaux dont vous avez besoin. Renforcez la connexion avec vos clients et faites-en vos fans. Un mod\u00e8le adaptatif, des param\u00e8tres d\u00e9taill\u00e9s d&rsquo;interface et de style avec des ic\u00f4nes int\u00e9gr\u00e9es de tous les m\u00e9dias sociaux les plus populaires.<\/p><p><b>Ajoutez la pr\u00e9sence de votre entreprise sur les r\u00e9seaux sociaux\u00a0!<\/b><\/p><\/div> <div class=\"application-platform-content-item-features application-platform-content-item\" id=\"features\" data-nav-section=\"features\"><h2>Voir les principales fonctionnalit\u00e9s du widget\u00a0:<\/h2><ul><li>Plus de 50 plateformes sociales pr\u00e9d\u00e9finies\u00a0;<\/li><li>5 options de taille d&rsquo;ic\u00f4ne\u00a0;<\/li><li>3 variantes de position\u00a0;<\/li><li>5 types d&rsquo;animation\u00a0;<\/li><li>3 sch\u00e9mas de couleurs pour les ic\u00f4nes, l&rsquo;arri\u00e8re-plan et l&rsquo;effet de survol\u00a0;<\/li><li>5 types de survol effet.<\/li><\/ul><p><a href=\"#demo\">Essayez simplement cette d\u00e9mo pour voir comment elle fonctionne<\/a><\/p><\/div><div class=\"application-platform-content-item-installation  application-platform-content-item\" id=\"installation \" data-nav-section=\"installation \"><h2>Comment int\u00e9grer des ic\u00f4nes de r\u00e9seaux sociaux sur mon site Woocommerce ?<\/h2><p>Appliquez simplement les instructions ci-dessous pour activer le widget.<\/p><ol><li><b>G\u00e9rer notre \u00e9diteur gratuit et commencez \u00e0 fa\u00e7onner votre plugin sur mesure.<\/b><br>Choisissez l&rsquo;apparence et les sp\u00e9cifications s\u00e9lectionn\u00e9es du plugin et enregistrez les modifications.<\/li><li><b>Copiez le code personnel r\u00e9v\u00e9l\u00e9 dans la fen\u00eatre sur Elfsight. Applications.<\/b><br>Juste apr\u00e8s la personnalisation de votre widget, copiez le code personnel de la zone qui appara\u00eet et enregistrez-le pour une utilisation ult\u00e9rieure.<\/li><li><b>Lancez l&rsquo;application du widget sur votre page Web WooCommerce.<\/b><br>Entrez le code enregistr\u00e9 r\u00e9cemment dans votre page et appliquez les modifications.<\/li><li><b>L&rsquo;installation est termin\u00e9e avec succ\u00e8s.<\/b><br>Allez sur votre page Web pour examiner les performances de l&rsquo;outil.<\/li><\/ol><p>Si vous rencontrez des probl\u00e8mes, n&rsquo;h\u00e9sitez pas \u00e0 postuler pour notre personnel d&rsquo;assistance. Nos consultants seront ravis de vous aider avec toutes les difficult\u00e9s que vous pourriez rencontrer avec l&rsquo;outil.<\/p><\/div><div class=\"faq\" data-component=\"FAQ\"><div class=\"faq-item\">\r\n\t\t\t\t\t<div class=\"faq-item-question\">\r\n\t\t\t\t\t\t<h3 class=\"faq-item-question-text\">Existe-t-il une m\u00e9thode pour ajouter des ic\u00f4nes de r\u00e9seaux sociaux \u00e0 mon site Web WooCommerce sans comp\u00e9tences en codage ?<\/h3>\r\n\r\n\t\t\t\t\t\t<div class=\"faq-item-question-icon\"><\/div>\r\n\t\t\t\t\t<\/div>\r\n\r\n\t\t\t\t\t<div class=\"faq-item-answer\">\r\n\t\t\t\t\t\t<div class=\"faq-item-answer-text\"><p>La soci\u00e9t\u00e9 Elfsight propose une solution SaaS qui permet aux utilisateurs de cr\u00e9er vous-m\u00eame un widget d&rsquo;ic\u00f4nes de r\u00e9seaux sociaux. D\u00e9couvrez \u00e0 quel point c&rsquo;est simple\u00a0: <\/p><ul><li> Acc\u00e9dez \u00e0 l&rsquo;\u00e9diteur en direct pour cr\u00e9er une section d&rsquo;ic\u00f4nes de m\u00e9dias sociaux que vous souhaitez ajouter \u00e0 votre WooCommerce.<\/li><li> Choisissez l&rsquo;un de nos mod\u00e8les pr\u00e9d\u00e9finis et modifiez les param\u00e8tres des ic\u00f4nes de m\u00e9dias sociaux, modifiez la mise en page et la palette de couleurs, mettez \u00e0 jour votre contenu sans comp\u00e9tences en codage.<\/li><li>Enregistrez les param\u00e8tres que vous avez d\u00e9finis sur les ic\u00f4nes de m\u00e9dias sociaux et obtenez le code d&rsquo;installation, qui peut \u00eatre facilement inclus dans votre page Web WooCommerce sans avoir besoin d&rsquo;acheter un abonnement payant. .<\/li><\/ul><p>Avec l&rsquo;aide de notre \u00e9diteur intuitif, tout utilisateur Web peut cr\u00e9er des ic\u00f4nes de m\u00e9dias sociaux en ligne et les coller sur le site Web WooCommerce. Vous ne devez pas souscrire \u00e0 un abonnement payant ni soumettre les informations d&rsquo;identification de votre carte pour acc\u00e9der \u00e0 Elfsight Editor. Si vous rencontrez des probl\u00e8mes \u00e0 un moment donn\u00e9, n&rsquo;h\u00e9sitez pas \u00e0 contacter notre support technique client.<\/p><\/div>\r\n\t\t\t\t\t<\/div>\r\n\t\t\t\t<\/div><\/div>\n","protected":false},"excerpt":{"rendered":"","protected":false},"author":9,"featured_media":0,"parent":2342,"menu_order":0,"comment_status":"closed","ping_status":"closed","template":"templates\/template-application-platform.php","meta":{"publish_to_discourse":"","publish_post_category":"","wpdc_auto_publish_overridden":"","wpdc_topic_tags":"","wpdc_pin_topic":"","wpdc_pin_until":"","discourse_post_id":"","discourse_permalink":"","wpdc_publishing_response":"","wpdc_publishing_error":"","footnotes":""},"class_list":["post-10299","page","type-page","status-publish","hentry"],"yoast_head":"<!-- This site is optimized with the Yoast SEO plugin v25.3.1 - https:\/\/yoast.com\/wordpress\/plugins\/seo\/ -->\n<title>Ic\u00f4nes de m\u00e9dias sociaux WooCommerce pour votre site Web (2025)<\/title>\n<meta name=\"description\" content=\"Profitez de l&#039;occasion pour personnaliser les ic\u00f4nes des m\u00e9dias sociaux en quelques clics et int\u00e9grez-les \u00e0 votre site Web WooCommerce d\u00e8s la sortie de la d\u00e9mo en direct.\" \/>\n<meta name=\"robots\" content=\"index, follow, max-snippet:-1, max-image-preview:large, max-video-preview:-1\" \/>\n<link rel=\"canonical\" href=\"https:\/\/elfsight.com\/fr\/social-media-icons-widget\/woocommerce\/\" \/>\n<meta property=\"og:locale\" content=\"fr_FR\" \/>\n<meta property=\"og:type\" content=\"article\" \/>\n<meta property=\"og:title\" content=\"Ic\u00f4nes de m\u00e9dias sociaux WooCommerce pour votre site Web (2025)\" \/>\n<meta property=\"og:description\" content=\"Profitez de l&#039;occasion pour personnaliser les ic\u00f4nes des m\u00e9dias sociaux en quelques clics et int\u00e9grez-les \u00e0 votre site Web WooCommerce d\u00e8s la sortie de la d\u00e9mo en direct.\" \/>\n<meta property=\"og:url\" content=\"https:\/\/elfsight.com\/fr\/social-media-icons-widget\/woocommerce\/\" \/>\n<meta property=\"og:site_name\" content=\"Elfsight FR\" \/>\n<meta property=\"article:modified_time\" content=\"2024-12-18T14:26:52+00:00\" \/>\n<meta name=\"twitter:card\" content=\"summary_large_image\" \/>\n<meta name=\"twitter:label1\" content=\"Dur\u00e9e de lecture estim\u00e9e\" \/>\n\t<meta name=\"twitter:data1\" content=\"3 minutes\" \/>\n<!-- \/ Yoast SEO plugin. -->","yoast_head_json":{"title":"Ic\u00f4nes de m\u00e9dias sociaux WooCommerce pour votre site Web (2025)","description":"Profitez de l'occasion pour personnaliser les ic\u00f4nes des m\u00e9dias sociaux en quelques clics et int\u00e9grez-les \u00e0 votre site Web WooCommerce d\u00e8s la sortie de la d\u00e9mo en direct.","robots":{"index":"index","follow":"follow","max-snippet":"max-snippet:-1","max-image-preview":"max-image-preview:large","max-video-preview":"max-video-preview:-1"},"canonical":"https:\/\/elfsight.com\/fr\/social-media-icons-widget\/woocommerce\/","og_locale":"fr_FR","og_type":"article","og_title":"Ic\u00f4nes de m\u00e9dias sociaux WooCommerce pour votre site Web (2025)","og_description":"Profitez de l'occasion pour personnaliser les ic\u00f4nes des m\u00e9dias sociaux en quelques clics et int\u00e9grez-les \u00e0 votre site Web WooCommerce d\u00e8s la sortie de la d\u00e9mo en direct.","og_url":"https:\/\/elfsight.com\/fr\/social-media-icons-widget\/woocommerce\/","og_site_name":"Elfsight FR","article_modified_time":"2024-12-18T14:26:52+00:00","twitter_card":"summary_large_image","twitter_misc":{"Dur\u00e9e de lecture estim\u00e9e":"3 minutes"},"schema":{"@context":"https:\/\/schema.org","@graph":[{"@type":"WebPage","@id":"https:\/\/elfsight.com\/fr\/social-media-icons-widget\/woocommerce\/","url":"https:\/\/elfsight.com\/fr\/social-media-icons-widget\/woocommerce\/","name":"Ic\u00f4nes de m\u00e9dias sociaux WooCommerce pour votre site Web (2025)","isPartOf":{"@id":"https:\/\/elfsight.com\/fr\/#website"},"datePublished":"1970-01-01T00:00:00+00:00","dateModified":"2024-12-18T14:26:52+00:00","description":"Profitez de l'occasion pour personnaliser les ic\u00f4nes des m\u00e9dias sociaux en quelques clics et int\u00e9grez-les \u00e0 votre site Web WooCommerce d\u00e8s la sortie de la d\u00e9mo en direct.","breadcrumb":{"@id":"https:\/\/elfsight.com\/fr\/social-media-icons-widget\/woocommerce\/#breadcrumb"},"inLanguage":"fr-FR","potentialAction":[{"@type":"ReadAction","target":["https:\/\/elfsight.com\/fr\/social-media-icons-widget\/woocommerce\/"]}]},{"@type":"BreadcrumbList","@id":"https:\/\/elfsight.com\/fr\/social-media-icons-widget\/woocommerce\/#breadcrumb","itemListElement":[{"@type":"ListItem","position":1,"name":"Home","item":"https:\/\/elfsight.com\/fr\/"},{"@type":"ListItem","position":2,"name":"Social Media Icons","item":"https:\/\/elfsight.com\/fr\/social-media-icons-widget\/"},{"@type":"ListItem","position":3,"name":"Social Media Icons &#8211; WooCommerce"}]},{"@type":"WebSite","@id":"https:\/\/elfsight.com\/fr\/#website","url":"https:\/\/elfsight.com\/fr\/","name":"Elfsight FR","description":"","potentialAction":[{"@type":"SearchAction","target":{"@type":"EntryPoint","urlTemplate":"https:\/\/elfsight.com\/fr\/?s={search_term_string}"},"query-input":{"@type":"PropertyValueSpecification","valueRequired":true,"valueName":"search_term_string"}}],"inLanguage":"fr-FR"}]}},"meta_box":{"industry":"","seo_heading":"","heading":"","description":"","cta_heading":"","cta_description":"","application":"2341","h1":"Ic\u00f4nes de m\u00e9dias sociaux WooCommerce","h1_caption":"Ajoutez des ic\u00f4nes qui renvoient \u00e0 vos profils de r\u00e9seaux sociaux, permettant aux visiteurs de se connecter facilement avec vous sur toutes les plateformes de votre site Web WooCommerce, sans effort.","application_category":[],"applications_title":"","applications_request_title":"","applications_request_button_text":"","hero_text":"","hero_video":"","hero_video_schema_markup":"","selling_points_title":"","selling_points_caption":"","selling_points":[],"selling_points_cta_text":"","features_title":"","features":"","ed_cta_examples_text":"","ed_cta_examples_hidden":"","ed_cta_demo_text":"","ed_cta_demo_hidden":"","why_caption":"","why_editor_title":"","why_editor_text":"","why_team_title":"","why_team_text":"","why_service_title":"","why_service_text":"","template_catalog_visible":"0","template_catalog_title":"","template_catalog_text":"","template_catalog_categories_visible":"","demo_title":"Cr\u00e9ez votre application d'ic\u00f4nes de m\u00e9dias sociaux","demo_caption":"Configurez vos ic\u00f4nes de m\u00e9dias sociaux et ajoutez-les gratuitement \u00e0 votre site Web WooCommerce !","default_faq_hidden":"","app_template_category":[],"platform":"397","template_public_id":"","codecanyon_url":"","codecanyon_item_id":"","codecanyon_price":"","pricing_caption":"","pricing_elfsight_apps_hide_column":"","pricing_elfsight_apps_url":"","pricing_codecanyon_price_caption":"","integration_category":[],"integration_request_title":"","integration_request_cta":"","integration_platform":"","integrations":[],"platform_category":[],"video_schema_markup":"","price":"\u00e0 partir de 0$ \/ mois","trial":"","benefits":[{"text":"Aide \u00e0 l'installation gratuite"},{"text":"Service client comp\u00e9tent"},{"text":"Garantie de remboursement de 14 jours"},{"text":"Mise \u00e0 jour constante"}],"button_url":"","button_target_blank":"0","button_nofollow":"0","attributes":[{"name":"Installations","content":"10,000 - 100,000"},{"name":"Sensible","content":"Oui"},{"name":"Navigateurs compatibles","content":"Firefox, Safari, Opera, Chrome, Edge"}],"tags":[],"tags_disable_links":"0","hide_more_platforms":"","video_object":"","demo_hide_cta":"0","demo_hide_cloud_options":"0","pricing_title":"","pricing":[{"pricing_icon":"platform","pricing_title":"Elfsight Apps","pricing_title_caption":"Version ind\u00e9pendante de la plate-forme qui fonctionne sur n'importe quel site Web","pricing_price":"from $0 \/ month","pricing_price_caption":"commencez avec un forfait gratuit","pricing_benefits":[{"text":"Sites Web illimit\u00e9s"},{"text":"Un support d\u00e9di\u00e9"},{"text":"Aide \u00e0 l'installation gratuite"},{"text":"Enti\u00e8rement personnalisable"}],"pricing_button_text":"Ajouter au site Web","pricing_button_url":"#demo"}],"related_apps_title":"","related_apps_hidden":"0","author":"","image":[],"title":"","job":"","social_networks":[]},"_links":{"self":[{"href":"https:\/\/elfsight.com\/fr\/wp-json\/wp\/v2\/pages\/10299","targetHints":{"allow":["GET"]}}],"collection":[{"href":"https:\/\/elfsight.com\/fr\/wp-json\/wp\/v2\/pages"}],"about":[{"href":"https:\/\/elfsight.com\/fr\/wp-json\/wp\/v2\/types\/page"}],"author":[{"embeddable":true,"href":"https:\/\/elfsight.com\/fr\/wp-json\/wp\/v2\/users\/9"}],"replies":[{"embeddable":true,"href":"https:\/\/elfsight.com\/fr\/wp-json\/wp\/v2\/comments?post=10299"}],"version-history":[{"count":2,"href":"https:\/\/elfsight.com\/fr\/wp-json\/wp\/v2\/pages\/10299\/revisions"}],"predecessor-version":[{"id":15882,"href":"https:\/\/elfsight.com\/fr\/wp-json\/wp\/v2\/pages\/10299\/revisions\/15882"}],"up":[{"embeddable":true,"href":"https:\/\/elfsight.com\/fr\/wp-json\/wp\/v2\/pages\/2342"}],"wp:attachment":[{"href":"https:\/\/elfsight.com\/fr\/wp-json\/wp\/v2\/media?parent=10299"}],"curies":[{"name":"wp","href":"https:\/\/api.w.org\/{rel}","templated":true}]}}