{"id":10290,"date":"1970-01-01T00:00:00","date_gmt":"1970-01-01T00:00:00","guid":{"rendered":"https:\/\/elfsight.com\/fr\/?page_id=10290"},"modified":"2025-07-10T13:30:27","modified_gmt":"2025-07-10T13:30:27","slug":"jimdo","status":"publish","type":"page","link":"https:\/\/elfsight.com\/fr\/social-media-icons-widget\/jimdo\/","title":{"rendered":"Social Media Icons &#8211; Jimdo"},"content":{"rendered":"<div class=\"application-platform-content-item-description application-platform-content-item\" id=\"description\" data-nav-section=\"description\"><h2>Description<\/h2> <p>Elfsight Social Media Icons est un outil simple pour placer sur un site Web des ic\u00f4nes de m\u00e9dias sociaux, l\u00e0 o\u00f9 votre entreprise est le plus actif. Installez ce widget avec des ic\u00f4nes illimit\u00e9es et votre public aura une nouvelle fa\u00e7on de rester en contact et de devenir vos abonn\u00e9s. Le widget Elfsight Social Media Icons offre une personnalisation \u00e9tendue qui vous aidera \u00e0 cr\u00e9er un widget parfait adapt\u00e9 \u00e0 votre cas d&rsquo;utilisation. <\/p><p><b>Avec les ic\u00f4nes de m\u00e9dias sociaux, d\u00e9marrez une croissance solide de votre entreprise et des ventes plus \u00e9lev\u00e9es <\/b><\/p> <\/div> <div class=\"application-platform-content-item-features application-platform-content-item\" id=\"features\" data-nav-section=\"features\"> <h2>Les fonctionnalit\u00e9s les plus importantes du widget inclure<\/h2> <ul><li>Plus de 50 plateformes sociales pr\u00e9d\u00e9finies<\/li><li>5 options de taille d&rsquo;ic\u00f4ne<\/li><li>Deux mises en page\u00a0: flottante et en ligne<\/li><li>supprimer, r\u00e9organiser ic\u00f4nes, ajouter et dupliquer<\/li><li>3 variantes d&rsquo;alignement des ic\u00f4nes<\/li><li>5 animations sur les types de survol<\/li><li>3 types de rayon de bordure<\/li><li>R\u00e9glable opacit\u00e9 des ic\u00f4nes<\/li><li>Six styles d&rsquo;ic\u00f4nes int\u00e9gr\u00e9s <\/li><\/ul><p><a href=\"#demo\">Testez toutes les fonctionnalit\u00e9s de personnalisation dans une d\u00e9mo compl\u00e8te<\/a><\/p> <\/div> <div class=\"application-platform-content-item-installation application-platform-content-item\" id=\"installation\" data-nav-section=\"installation\"> <h2>Comment ajouter des ic\u00f4nes de r\u00e9seaux sociaux \u00e0 ma page Web Jimdo ? <\/h2> <p>Suivez simplement les instructions ci-dessous pour commencer \u00e0 utiliser l&rsquo;outil. <\/p> <ol><li><b>Ouvrez notre configurateur gratuit et commencez \u00e0 cr\u00e9er votre widget sur mesure. <\/b><br> Recherchez l&rsquo;interface et les options pr\u00e9f\u00e9r\u00e9es du widget et enregistrez les modifications. <\/li> <li><b>Acqu\u00e9rir le code individuel qui appara\u00eet dans la case sur les applications Elfsight. <\/b><br> Juste apr\u00e8s avoir configur\u00e9 votre outil personnel, copiez le code exclusif dans la popup et conservez-le pour une utilisation ult\u00e9rieure. <\/li> <li><b>Initiez l&rsquo;application du widget sur votre site Jimdo. <\/b><br> Int\u00e9grez le code que vous avez enregistr\u00e9 auparavant dans votre page Web et enregistrez les ajustements. <\/li> <li><b>Vous avez termin\u00e9\u00a0! L&rsquo;int\u00e9gration est r\u00e9alis\u00e9e avec succ\u00e8s. <\/b><br> Visitez votre page pour inspecter les performances de l&rsquo;outil. <\/li><\/ol> <p>\u00c0 condition de rencontrer des demandes de renseignements ou de surmonter quelques obstacles, n&rsquo;h\u00e9sitez pas \u00e0 faire appel \u00e0 notre service client. Nos consultants ont h\u00e2te de vous aider avec tous les probl\u00e8mes que vous pourriez rencontrer avec le widget. <\/p> <\/div><div class=\"faq\" data-component=\"FAQ\"><div class=\"faq-item\">\r\n\t\t\t\t\t<div class=\"faq-item-question\">\r\n\t\t\t\t\t\t<h3 class=\"faq-item-question-text\">De quelle mani\u00e8re est-il possible d'ajouter des ic\u00f4nes de r\u00e9seaux sociaux \u00e0 mon site Jimdo sans aucune comp\u00e9tence en codage ?<\/h3>\r\n\r\n\t\t\t\t\t\t<div class=\"faq-item-question-icon\"><\/div>\r\n\t\t\t\t\t<\/div>\r\n\r\n\t\t\t\t\t<div class=\"faq-item-answer\">\r\n\t\t\t\t\t\t<div class=\"faq-item-answer-text\"><p> La soci\u00e9t\u00e9 Elfsight propose une solution Cloud qui permet aux utilisateurs de cr\u00e9er vous-m\u00eame un plugin d&rsquo;ic\u00f4nes de r\u00e9seaux sociaux. Regardez le guide simple\u00a0: <\/p><ul><li>Commencez \u00e0 travailler directement dans l&rsquo;\u00e9diteur en direct pour cr\u00e9er un widget d&rsquo;ic\u00f4nes de r\u00e9seaux sociaux que vous souhaitez cr\u00e9er. int\u00e9grez-le sur votre site Web Jimdo.<\/li><li>Choisissez l&rsquo;un des mod\u00e8les pr\u00eats \u00e0 l&#8217;emploi et modifiez les param\u00e8tres des ic\u00f4nes de m\u00e9dias sociaux, changez la mise en page et les couleurs, incluez votre contenu sans aucune exp\u00e9rience de codage.<\/li><li> Enregistrez les ic\u00f4nes de m\u00e9dias sociaux et copiez le code d&rsquo;installation du widget, qui peut \u00eatre ajout\u00e9 au site Jimdo \u00e0 l&rsquo;aide d&rsquo;un forfait gratuit.<\/li><\/ul><p>En travaillant dans le configurateur simple, chaque utilisateur Web peut g\u00e9n\u00e9rer une application d&rsquo;ic\u00f4nes de m\u00e9dias sociaux en ligne. et collez-le facilement sur leur page d&rsquo;accueil Jimdo. Vous ne devez pas payer ni saisir les donn\u00e9es de votre carte pour acc\u00e9der \u00e0 Elfsight Editor. Si vous rencontrez des obstacles de quelque nature que ce soit, n&rsquo;h\u00e9sitez pas \u00e0 contacter notre \u00e9quipe d&rsquo;assistance.<\/p><\/div>\r\n\t\t\t\t\t<\/div>\r\n\t\t\t\t<\/div><\/div>","protected":false},"excerpt":{"rendered":"","protected":false},"author":9,"featured_media":0,"parent":2342,"menu_order":0,"comment_status":"closed","ping_status":"closed","template":"templates\/template-application-platform.php","meta":{"publish_to_discourse":"","publish_post_category":"","wpdc_auto_publish_overridden":"","wpdc_topic_tags":"","wpdc_pin_topic":"","wpdc_pin_until":"","discourse_post_id":"","discourse_permalink":"","wpdc_publishing_response":"","wpdc_publishing_error":"","footnotes":""},"class_list":["post-10290","page","type-page","status-publish","hentry"],"yoast_head":"<!-- This site is optimized with the Yoast SEO plugin v25.3.1 - https:\/\/yoast.com\/wordpress\/plugins\/seo\/ -->\n<title>Ic\u00f4nes de r\u00e9seaux sociaux - Ajouter un widget d&#039;ic\u00f4nes sociales \u00e0 Jimdo<\/title>\n<meta name=\"description\" content=\"Essayez gratuitement les ic\u00f4nes de m\u00e9dias sociaux Elfsight pour Jimdo. G\u00e9n\u00e9rez des ic\u00f4nes personnalis\u00e9es pour votre site en quelques minutes seulement !\" \/>\n<meta name=\"robots\" content=\"index, follow, max-snippet:-1, max-image-preview:large, max-video-preview:-1\" \/>\n<link rel=\"canonical\" href=\"https:\/\/elfsight.com\/fr\/social-media-icons-widget\/jimdo\/\" \/>\n<meta property=\"og:locale\" content=\"fr_FR\" \/>\n<meta property=\"og:type\" content=\"article\" \/>\n<meta property=\"og:title\" content=\"Ic\u00f4nes de r\u00e9seaux sociaux - Ajouter un widget d&#039;ic\u00f4nes sociales \u00e0 Jimdo\" \/>\n<meta property=\"og:description\" content=\"Essayez gratuitement les ic\u00f4nes de m\u00e9dias sociaux Elfsight pour Jimdo. G\u00e9n\u00e9rez des ic\u00f4nes personnalis\u00e9es pour votre site en quelques minutes seulement !\" \/>\n<meta property=\"og:url\" content=\"https:\/\/elfsight.com\/fr\/social-media-icons-widget\/jimdo\/\" \/>\n<meta property=\"og:site_name\" content=\"Elfsight FR\" \/>\n<meta property=\"article:modified_time\" content=\"2025-07-10T13:30:27+00:00\" \/>\n<meta name=\"twitter:card\" content=\"summary_large_image\" \/>\n<meta name=\"twitter:label1\" content=\"Dur\u00e9e de lecture estim\u00e9e\" \/>\n\t<meta name=\"twitter:data1\" content=\"3 minutes\" \/>\n<!-- \/ Yoast SEO plugin. -->","yoast_head_json":{"title":"Ic\u00f4nes de r\u00e9seaux sociaux - Ajouter un widget d'ic\u00f4nes sociales \u00e0 Jimdo","description":"Essayez gratuitement les ic\u00f4nes de m\u00e9dias sociaux Elfsight pour Jimdo. G\u00e9n\u00e9rez des ic\u00f4nes personnalis\u00e9es pour votre site en quelques minutes seulement !","robots":{"index":"index","follow":"follow","max-snippet":"max-snippet:-1","max-image-preview":"max-image-preview:large","max-video-preview":"max-video-preview:-1"},"canonical":"https:\/\/elfsight.com\/fr\/social-media-icons-widget\/jimdo\/","og_locale":"fr_FR","og_type":"article","og_title":"Ic\u00f4nes de r\u00e9seaux sociaux - Ajouter un widget d'ic\u00f4nes sociales \u00e0 Jimdo","og_description":"Essayez gratuitement les ic\u00f4nes de m\u00e9dias sociaux Elfsight pour Jimdo. G\u00e9n\u00e9rez des ic\u00f4nes personnalis\u00e9es pour votre site en quelques minutes seulement !","og_url":"https:\/\/elfsight.com\/fr\/social-media-icons-widget\/jimdo\/","og_site_name":"Elfsight FR","article_modified_time":"2025-07-10T13:30:27+00:00","twitter_card":"summary_large_image","twitter_misc":{"Dur\u00e9e de lecture estim\u00e9e":"3 minutes"},"schema":{"@context":"https:\/\/schema.org","@graph":[{"@type":"WebPage","@id":"https:\/\/elfsight.com\/fr\/social-media-icons-widget\/jimdo\/","url":"https:\/\/elfsight.com\/fr\/social-media-icons-widget\/jimdo\/","name":"Ic\u00f4nes de r\u00e9seaux sociaux - Ajouter un widget d'ic\u00f4nes sociales \u00e0 Jimdo","isPartOf":{"@id":"https:\/\/elfsight.com\/fr\/#website"},"datePublished":"1970-01-01T00:00:00+00:00","dateModified":"2025-07-10T13:30:27+00:00","description":"Essayez gratuitement les ic\u00f4nes de m\u00e9dias sociaux Elfsight pour Jimdo. G\u00e9n\u00e9rez des ic\u00f4nes personnalis\u00e9es pour votre site en quelques minutes seulement !","breadcrumb":{"@id":"https:\/\/elfsight.com\/fr\/social-media-icons-widget\/jimdo\/#breadcrumb"},"inLanguage":"fr-FR","potentialAction":[{"@type":"ReadAction","target":["https:\/\/elfsight.com\/fr\/social-media-icons-widget\/jimdo\/"]}]},{"@type":"BreadcrumbList","@id":"https:\/\/elfsight.com\/fr\/social-media-icons-widget\/jimdo\/#breadcrumb","itemListElement":[{"@type":"ListItem","position":1,"name":"Home","item":"https:\/\/elfsight.com\/fr\/"},{"@type":"ListItem","position":2,"name":"Social Media Icons","item":"https:\/\/elfsight.com\/fr\/social-media-icons-widget\/"},{"@type":"ListItem","position":3,"name":"Social Media Icons &#8211; Jimdo"}]},{"@type":"WebSite","@id":"https:\/\/elfsight.com\/fr\/#website","url":"https:\/\/elfsight.com\/fr\/","name":"Elfsight FR","description":"","potentialAction":[{"@type":"SearchAction","target":{"@type":"EntryPoint","urlTemplate":"https:\/\/elfsight.com\/fr\/?s={search_term_string}"},"query-input":{"@type":"PropertyValueSpecification","valueRequired":true,"valueName":"search_term_string"}}],"inLanguage":"fr-FR"}]}},"meta_box":{"industry":"","seo_heading":"","heading":"","description":"","cta_heading":"","cta_description":"","application":"2341","h1":"Widget d'ic\u00f4nes de m\u00e9dias sociaux pour Jimdo","h1_caption":"Ajoutez des ic\u00f4nes qui renvoient \u00e0 vos profils de r\u00e9seaux sociaux, permettant ainsi aux visiteurs de se connecter facilement avec vous sur toutes les plateformes de votre site Web Jimdo.","application_category":[],"applications_title":"","applications_request_title":"","applications_request_button_text":"","hero_text":"","hero_video":"","hero_video_schema_markup":"","selling_points_title":"","selling_points_caption":"","selling_points":[],"selling_points_cta_text":"","features_title":"","features":"","ed_cta_examples_text":"","ed_cta_examples_hidden":"","ed_cta_demo_text":"","ed_cta_demo_hidden":"","why_caption":"","why_editor_title":"","why_editor_text":"","why_team_title":"","why_team_text":"","why_service_title":"","why_service_text":"","template_catalog_visible":"","template_catalog_title":"","template_catalog_text":"","template_catalog_categories_visible":"","demo_title":"Cr\u00e9ez votre widget Ic\u00f4nes de m\u00e9dias sociaux","demo_caption":"Configurez vos ic\u00f4nes de r\u00e9seaux sociaux et ajoutez-les gratuitement \u00e0 votre site Jimdo !","default_faq_hidden":"","app_template_category":[],"platform":"372","template_public_id":"","codecanyon_url":"","codecanyon_item_id":"","codecanyon_price":"","pricing_caption":"","pricing_elfsight_apps_hide_column":"","pricing_elfsight_apps_url":"","pricing_codecanyon_price_caption":"","integration_category":[],"integration_request_title":"","integration_request_cta":"","integration_platform":"","integrations":[],"platform_category":[],"video_schema_markup":"","price":"\u00e0 partir de 0$ \/ mois","trial":"","benefits":[{"text":"Aide \u00e0 l'installation gratuite"},{"text":"Assistance premium"},{"text":"Garantie de remboursement de 14 jours"},{"text":"D\u00e9veloppement continu"}],"button_url":"","button_target_blank":"","button_nofollow":"","attributes":[{"name":"Installations","content":"10,000 - 100,000"},{"name":"Sensible","content":"Oui"},{"name":"Navigateurs compatibles","content":"Firefox, Safari, Opera, Chrome, Edge"}],"tags":[],"tags_disable_links":"","hide_more_platforms":"","video_object":"","demo_hide_cta":"","demo_hide_cloud_options":"","pricing_title":"","pricing":[{"pricing_icon":"platform","pricing_title":"Elfsight Apps","pricing_title_caption":"Version ind\u00e9pendante de la plate-forme qui fonctionne sur n'importe quel site","pricing_price":"from $0 \/ month","pricing_price_caption":"commencez avec un forfait gratuit","pricing_benefits":[{"text":"Domaines illimit\u00e9s"},{"text":"Accompagnement d\u00e9di\u00e9 de l'entreprise"},{"text":"Service d'installation gratuit"},{"text":"Totalement personnalisable"}],"pricing_button_text":"Ajouter au site Web","pricing_button_url":"#demo"}],"related_apps_title":"","related_apps_hidden":"","author":"","image":[],"title":"","job":"","social_networks":[]},"_links":{"self":[{"href":"https:\/\/elfsight.com\/fr\/wp-json\/wp\/v2\/pages\/10290","targetHints":{"allow":["GET"]}}],"collection":[{"href":"https:\/\/elfsight.com\/fr\/wp-json\/wp\/v2\/pages"}],"about":[{"href":"https:\/\/elfsight.com\/fr\/wp-json\/wp\/v2\/types\/page"}],"author":[{"embeddable":true,"href":"https:\/\/elfsight.com\/fr\/wp-json\/wp\/v2\/users\/9"}],"replies":[{"embeddable":true,"href":"https:\/\/elfsight.com\/fr\/wp-json\/wp\/v2\/comments?post=10290"}],"version-history":[{"count":1,"href":"https:\/\/elfsight.com\/fr\/wp-json\/wp\/v2\/pages\/10290\/revisions"}],"predecessor-version":[{"id":10294,"href":"https:\/\/elfsight.com\/fr\/wp-json\/wp\/v2\/pages\/10290\/revisions\/10294"}],"up":[{"embeddable":true,"href":"https:\/\/elfsight.com\/fr\/wp-json\/wp\/v2\/pages\/2342"}],"wp:attachment":[{"href":"https:\/\/elfsight.com\/fr\/wp-json\/wp\/v2\/media?parent=10290"}],"curies":[{"name":"wp","href":"https:\/\/api.w.org\/{rel}","templated":true}]}}