{"id":10131,"date":"1970-01-01T00:00:00","date_gmt":"1970-01-01T00:00:00","guid":{"rendered":"https:\/\/elfsight.com\/fr\/?page_id=10131"},"modified":"2025-07-10T13:19:37","modified_gmt":"2025-07-10T13:19:37","slug":"shopify","status":"publish","type":"page","link":"https:\/\/elfsight.com\/fr\/sales-notification-widget\/shopify\/","title":{"rendered":"Sales Notification &#8211; Shopify"},"content":{"rendered":"<div class=\"application-platform-content-item-description application-platform-content-item\" id=\"description\" data-nav-section=\"description\"><h2>Int\u00e9grer les notifications de ventes sur Shopify avec le widget Elfsight<\/h2> <p>Le plugin Elfsight Sales Notifications, exclusivement con\u00e7u pour Shopify, est un Widget polyvalent et robuste con\u00e7u pour captiver l&rsquo;attention des visiteurs de votre site Web ou de vos pages. Avec ce plugin dynamique \u00e0 votre disposition, vous pouvez facilement int\u00e9grer une grande vari\u00e9t\u00e9 de visuels, de vid\u00e9os, ou m\u00eame mettre en valeur les derni\u00e8res promotions et offres de votre boutique en ligne. Les possibilit\u00e9s sont illimit\u00e9es et vous avez la libert\u00e9 d&rsquo;ajouter autant de diapositives que vous le souhaitez au code HTML de votre page Web Shopify, ce qui vous permet de pr\u00e9senter fi\u00e8rement vos produits et de mettre en valeur ces promotions all\u00e9chantes.<\/p><p>L&rsquo;une des qualit\u00e9s les plus remarquables. L\u2019un des principaux atouts du plugin Elfsight Sales Notifications pour Shopify est sa remarquable adaptabilit\u00e9. Vous pouvez affiner le positionnement de votre contenu avec huit positions de bureau propos\u00e9es, rendant vos pr\u00e9sentations de produits encore plus captivantes. Exp\u00e9rimentez diff\u00e9rentes alternatives et trouvez celle qui convient parfaitement, en vous assurant qu&rsquo;elle s&rsquo;int\u00e8gre parfaitement \u00e0 votre choix de conception de site Web et offre une visibilit\u00e9 optimale.<\/p><p>Ce qui rend ce widget de notifications de vente Shopify exceptionnel est sa capacit\u00e9 \u00e0 vous aider \u00e0 cr\u00e9er une vue d&rsquo;ensemble. une exp\u00e9rience captivante qui non seulement attire les utilisateurs, mais les maintient \u00e9galement engag\u00e9s sur votre page Web pendant de plus longues p\u00e9riodes. Lorsque les visiteurs explorent votre site Shopify, la nature dynamique et interactive de ce plugin garantit qu&rsquo;ils restent engag\u00e9s, r\u00e9duisant ainsi le risque de d\u00e9part pr\u00e9matur\u00e9.<\/p><p>Le plugin Elfsight Sales Notifications pour le site Web Shopify ouvre un monde de possibilit\u00e9s pour Entreprises de commerce \u00e9lectronique. Am\u00e9liorez la visibilit\u00e9 de vos produits, engagez votre public et am\u00e9liorez l&rsquo;attrait g\u00e9n\u00e9ral de votre site Web Shopify avec ce widget exceptionnel. C&rsquo;est le widget parfait pour les propri\u00e9taires de sites Web Shopify qui cherchent \u00e0 faire une impression durable et \u00e0 g\u00e9n\u00e9rer plus de conversions. \u00c9levez votre site Web Shopify vers de nouveaux sommets avec le plugin Elfsight Sales Notifications d\u00e8s aujourd&rsquo;hui. <\/p> <p><b>Int\u00e9grez le plugin Sales Notifications pour acc\u00e9l\u00e9rer le succ\u00e8s de votre e-commerce\u00a0!<\/b><\/p><div class=\"faq\" data-component=\"FAQ\"><div class=\"faq-item\">\r\n\t\t\t\t\t<div class=\"faq-item-question\">\r\n\t\t\t\t\t\t<h3 class=\"faq-item-question-text\">Pourquoi Choisir la notification de vente Elfsight pour Shopify ?<\/h3>\r\n\r\n\t\t\t\t\t\t<div class=\"faq-item-question-icon\"><\/div>\r\n\t\t\t\t\t<\/div>\r\n\r\n\t\t\t\t\t<div class=\"faq-item-answer\">\r\n\t\t\t\t\t\t<div class=\"faq-item-answer-text\"><p>La notification de vente Elfsight pour Shopify est le choix pr\u00e9f\u00e9r\u00e9 des propri\u00e9taires de boutique en ligne utilisant Shopify qui souhaitent augmenter leurs ventes et \u00e9tablir un climat de confiance avec leurs clients. Voici quelques raisons imp\u00e9rieuses de s\u00e9lectionner cette application\u00a0:<\/p><ul> <li>Int\u00e9gration sans effort\u00a0: l&rsquo;ajout d&rsquo;une notification de vente \u00e0 votre boutique Shopify est un jeu d&rsquo;enfant. Vous n&rsquo;avez besoin d&rsquo;aucune comp\u00e9tence en codage\u00a0; c&rsquo;est aussi simple que de copier et coller.<\/li> <li>Options de personnalisation\u00a0: personnalisez votre widget de notification de vente en fonction du style et de l&rsquo;image de marque de votre magasin. Choisissez parmi diff\u00e9rents th\u00e8mes, ic\u00f4nes et param\u00e8tres de position des notifications.<\/li> <li>Engagement en temps r\u00e9el\u00a0: maintenez l&rsquo;engagement de vos clients en affichant des notifications de vente en temps r\u00e9el, en pr\u00e9sentant les achats r\u00e9cents et en cr\u00e9ant un sentiment d&rsquo;activit\u00e9 dans votre magasin. <\/li> <li>Informations client\u00a0: obtenez des informations pr\u00e9cieuses sur les pr\u00e9f\u00e9rences et les comportements des clients en surveillant leurs interactions avec l&rsquo;application de notification de vente.<\/li> <li>Augmentez les conversions\u00a0: en fournissant une preuve sociale et en renfor\u00e7ant la confiance via les notifications de vente, vous Cela augmentera la confiance des clients et g\u00e9n\u00e9rera plus de ventes.<\/li><\/ul><p>Avec Elfsight Sales Notification pour Shopify, vous pouvez am\u00e9liorer consid\u00e9rablement l&rsquo;exp\u00e9rience utilisateur de votre boutique, la rendant plus dynamique et plus fiable.<\/p>[\/ faq_item][faq_item question_tag=\"h3\" schema_markup=\"1\" question=\"Comment ajouter une notification de vente Elfsight \u00e0 votre boutique Shopify ?\"]<p>L&rsquo;int\u00e9gration de la notification de vente Elfsight \u00e0 votre boutique Shopify est un processus simple et rapide. Suivez ces \u00e9tapes pour commencer\u00a0:<\/p><ol> <li><strong>Personnalisation du widget\u00a0:<\/strong> Commencez par personnaliser votre widget de notification de ventes \u00e0 l&rsquo;aide de notre configurateur gratuit. Vous pouvez choisir votre disposition, conception et autres param\u00e8tres pr\u00e9f\u00e9r\u00e9s.<\/li> <li><strong>Code d&rsquo;installation\u00a0:<\/strong> Apr\u00e8s avoir personnalis\u00e9 votre widget, vous recevrez un code d&rsquo;installation unique. Copiez ce code, car vous en aurez besoin pour l&rsquo;\u00e9tape suivante.<\/li> <li><strong>Int\u00e9gration de la boutique<\/strong>\u00a0: acc\u00e9dez au backend de votre boutique Shopify et collez le code d&rsquo;installation \u00e0 l&#8217;emplacement requis. Enregistrez les modifications.<\/li> <li><strong>Profitez des notifications de ventes\u00a0:<\/strong> Votre widget de notification de ventes est d\u00e9sormais int\u00e9gr\u00e9 avec succ\u00e8s dans votre boutique. Visitez votre site pour voir comment il fonctionne.<\/li><\/ol><p>C&rsquo;est tout\u00a0! Vous avez ajout\u00e9 avec succ\u00e8s la notification de vente Elfsight \u00e0 votre boutique Shopify et vous \u00eates pr\u00eat \u00e0 augmenter vos ventes et \u00e0 renforcer la confiance avec vos clients.<\/p><\/div>\r\n\t\t\t\t\t<\/div>\r\n\t\t\t\t<\/div><div class=\"faq-item\">\r\n\t\t\t\t\t<div class=\"faq-item-question\">\r\n\t\t\t\t\t\t<h3 class=\"faq-item-question-text\">Aper\u00e7u de l'apparence du widget avec notre d\u00e9mo en direct<\/h3>\r\n\r\n\t\t\t\t\t\t<div class=\"faq-item-question-icon\"><\/div>\r\n\t\t\t\t\t<\/div>\r\n\r\n\t\t\t\t\t<div class=\"faq-item-answer\">\r\n\t\t\t\t\t\t<div class=\"faq-item-answer-text\"><p>Curieuse de savoir \u00e0 quoi ressemblera le widget de notification de ventes sur votre boutique Shopify\u00a0? Vous pouvez le pr\u00e9visualiser avant de l&rsquo;ajouter \u00e0 votre site. Lors de la personnalisation du widget dans le g\u00e9n\u00e9rateur en ligne, vous pouvez voir les modifications en temps r\u00e9el sur le c\u00f4t\u00e9 droit. Cela signifie que vous pouvez vous assurer que les notifications de vente correspondront parfaitement au style de votre boutique Shopify.<\/p><p><a href=\"https:\/\/elfsight.com\/sales-notification-widget\/#demo\">Essayez la d\u00e9mo en direct maintenant<\/a><\/p><\/div>\r\n\t\t\t\t\t<\/div>\r\n\t\t\t\t<\/div><\/div><\/div><div class=\"application-platform-content-item-features application-platform-content-item\" id=\"features\" data-nav-section=\"features\"><h2>Principales fonctionnalit\u00e9s du widget\u00a0: un aper\u00e7u rapide<\/h2> <p>D\u00e9couvrez les fonctionnalit\u00e9s in\u00e9gal\u00e9es du plugin Elfsight Sales Notifications, qui r\u00e9volutionne la fa\u00e7on dont vous am\u00e9liorez les performances de votre site Web ou de votre page en ligne et l&rsquo;engagement des utilisateurs\u00a0:<\/p><ul> <li> <strong>Plus de 20 mod\u00e8les de notification pr\u00eats \u00e0 l&#8217;emploi\u00a0: <\/strong> Elfsight propose une large gamme de mod\u00e8les de notification, notamment les r\u00e9servations d&rsquo;h\u00f4tel, les ventes dans les magasins technologiques, les ventes de produits populaires, les avis Google, les r\u00e9servations de restaurant, les visiteurs actifs, les abonnements \u00e0 la newsletter, les abonnements aux cha\u00eenes YouTube, les nouveaux abonn\u00e9s TikTok, les rendez-vous chez le m\u00e9decin, les salons de beaut\u00e9. r\u00e9servations, et plus encore. Adaptez ces mod\u00e8les pour qu&rsquo;ils correspondent \u00e0 votre image de marque sans effort, le tout sans n\u00e9cessiter de comp\u00e9tences en codage ou en conception. <\/li> <li> <strong>Processus de construction simplifi\u00e9\u00a0:<\/strong> Profitez d&rsquo;une exp\u00e9rience sans tracas avec peu d&rsquo;efforts de saisie. Nos mod\u00e8les de notifications de vente Shopify sont con\u00e7us pour tous les utilisateurs, quelles que soient leurs connaissances. Vous n&rsquo;aurez pas besoin de comp\u00e9tences en codage ou d&rsquo;\u00e9tudes en conception. Ces mod\u00e8les Shopify proposent divers sc\u00e9narios pratiques pour tout le monde. <\/li> <li> <strong>Confiance client renforc\u00e9e<\/strong>\u00a0: affichez des notifications en temps r\u00e9el pour am\u00e9liorer la confiance et la cr\u00e9dibilit\u00e9 des clients. En mettant en valeur l&rsquo;engagement actif des utilisateurs avec vos produits ou services, vous pouvez augmenter consid\u00e9rablement leur confiance, les rendant plus susceptibles d&rsquo;effectuer un achat. <\/li> <li> <strong>Nombre illimit\u00e9 de notifications de ventes\u00a0:<\/strong> Mettez en \u0153uvre votre strat\u00e9gie marketing sans limites. Ajoutez \u00e0 votre site Shopify autant de notifications de vente que vous le souhaitez, les unes apr\u00e8s les autres. Que vous fassiez la promotion de produits sp\u00e9ciaux, d&rsquo;offres exclusives ou que vous construisiez une preuve sociale, rien ne vous arr\u00eate. <\/li> <li> <strong>Informations accrocheuses<\/strong>\u00a0: assurez-vous que les utilisateurs ne peuvent pas quitter vos notifications des yeux. Fournissez des messages d\u00e9taill\u00e9s avec des noms, des num\u00e9ros, des emplacements, des horaires et des images de produits \u00e9clatantes. Captez leur attention et obligez-les \u00e0 agir. <\/li> <li> <strong>Boutons d&rsquo;appel \u00e0 l&rsquo;action<\/strong>\u00a0: cr\u00e9ez un sentiment d&rsquo;urgence avec les boutons d&rsquo;appel \u00e0 l&rsquo;action int\u00e9gr\u00e9s \u00e0 votre site Web. Ces boutons sont accompagn\u00e9s de liens de redirection et votre message encourage les utilisateurs \u00e0 agir imm\u00e9diatement sur votre site Web Shopify, favorisant ainsi la viralit\u00e9. <\/li><\/ul><p>L&rsquo;int\u00e9gration des notifications de vente Elfsight dans le code HTML de votre page Web Shopify vous offre un \u00e9ventail de fonctionnalit\u00e9s puissantes, am\u00e9liorant l&rsquo;engagement des utilisateurs et am\u00e9liorant les performances et l&rsquo;esth\u00e9tique de votre page Web. Ces fonctionnalit\u00e9s r\u00e9pondent \u00e0 tous les aspects de la r\u00e9ussite de votre e-commerce, facilitant plus que jamais l&rsquo;optimisation de votre site Web et la cr\u00e9ation d&rsquo;un parcours utilisateur plus immersif.<\/p><p><a href=\"#demo\">Explorez les fonctionnalit\u00e9s du plugin. \u00e0 l&rsquo;aide de la d\u00e9mo en direct.<\/a><\/p> <\/div><div class=\"application-platform-content-item-installation application-platform-content-item\" id=\"installation\" data-nav-section=\"installation\"><h2>Comment ajouter des notifications de vente \u00e0 votre page Shopify<\/h2> <p>Suivez ces \u00e9tapes simples \u00e9tapes pour int\u00e9grer le plugin sur votre site Shopify.<\/p> <ol><li><b>Commencez par utiliser notre d\u00e9mo gratuite pour cr\u00e9er votre plugin de notifications de ventes personnalis\u00e9 pour le site Web Shopify.<\/b><br> S\u00e9lectionnez votre choix pr\u00e9f\u00e9r\u00e9. l&rsquo;apparence et les fonctionnalit\u00e9s du widget et appliquez les modifications souhait\u00e9es. <\/li> <li><b>Copiez le code HTML unique g\u00e9n\u00e9r\u00e9 sur les applications Elfsight.<\/b><br> Apr\u00e8s avoir cr\u00e9\u00e9 votre plugin personnalis\u00e9, copiez le code HTML fourni dans la fen\u00eatre contextuelle et enregistrez-le pour une utilisation future. <\/li> <li><b>Int\u00e9grez le plugin Sales Notifications sur votre site Web Shopify.<\/b><br> Ajoutez le code enregistr\u00e9 pr\u00e9c\u00e9demment \u00e0 la section HTML de votre site Web ou de votre page Shopify et effectuez les ajustements n\u00e9cessaires. <\/li> <li><b>C&rsquo;est tout\u00a0! L&rsquo;ajout des notifications de vente est termin\u00e9.<\/b><br> Visitez votre site pour voir comment fonctionne le plugin Shopify Sales Notifications. <\/li><\/ol> <p>Si vous avez des questions ou rencontrez des difficult\u00e9s, n&rsquo;h\u00e9sitez pas \u00e0 contacter notre \u00e9quipe de support client. Nos experts sont pr\u00eats \u00e0 r\u00e9pondre \u00e0 toutes vos questions li\u00e9es aux produits.<\/p><\/div>","protected":false},"excerpt":{"rendered":"","protected":false},"author":9,"featured_media":0,"parent":7319,"menu_order":0,"comment_status":"closed","ping_status":"closed","template":"templates\/template-application-platform.php","meta":{"publish_to_discourse":"","publish_post_category":"","wpdc_auto_publish_overridden":"","wpdc_topic_tags":"","wpdc_pin_topic":"","wpdc_pin_until":"","discourse_post_id":"","discourse_permalink":"","wpdc_publishing_response":"","wpdc_publishing_error":"","footnotes":""},"class_list":["post-10131","page","type-page","status-publish","hentry"],"yoast_head":"<!-- This site is optimized with the Yoast SEO plugin v25.3.1 - https:\/\/yoast.com\/wordpress\/plugins\/seo\/ -->\n<title>Am\u00e9liorez votre boutique Shopify avec les notifications de vente Elfsight<\/title>\n<meta name=\"description\" content=\"Augmentez l&#039;engagement des utilisateurs et augmentez les conversions avec les notifications de vente Elfsight pour Shopify. Explorez notre outil puissant et d\u00e9couvrez comment vous pouvez r\u00e9volutionner votre boutique en ligne.\" \/>\n<meta name=\"robots\" content=\"index, follow, max-snippet:-1, max-image-preview:large, max-video-preview:-1\" \/>\n<link rel=\"canonical\" href=\"https:\/\/elfsight.com\/fr\/sales-notification-widget\/shopify\/\" \/>\n<meta property=\"og:locale\" content=\"fr_FR\" \/>\n<meta property=\"og:type\" content=\"article\" \/>\n<meta property=\"og:title\" content=\"Am\u00e9liorez votre boutique Shopify avec les notifications de vente Elfsight\" \/>\n<meta property=\"og:description\" content=\"Augmentez l&#039;engagement des utilisateurs et augmentez les conversions avec les notifications de vente Elfsight pour Shopify. Explorez notre outil puissant et d\u00e9couvrez comment vous pouvez r\u00e9volutionner votre boutique en ligne.\" \/>\n<meta property=\"og:url\" content=\"https:\/\/elfsight.com\/fr\/sales-notification-widget\/shopify\/\" \/>\n<meta property=\"og:site_name\" content=\"Elfsight FR\" \/>\n<meta property=\"article:modified_time\" content=\"2025-07-10T13:19:37+00:00\" \/>\n<meta name=\"twitter:card\" content=\"summary_large_image\" \/>\n<meta name=\"twitter:label1\" content=\"Dur\u00e9e de lecture estim\u00e9e\" \/>\n\t<meta name=\"twitter:data1\" content=\"8 minutes\" \/>\n<!-- \/ Yoast SEO plugin. -->","yoast_head_json":{"title":"Am\u00e9liorez votre boutique Shopify avec les notifications de vente Elfsight","description":"Augmentez l'engagement des utilisateurs et augmentez les conversions avec les notifications de vente Elfsight pour Shopify. Explorez notre outil puissant et d\u00e9couvrez comment vous pouvez r\u00e9volutionner votre boutique en ligne.","robots":{"index":"index","follow":"follow","max-snippet":"max-snippet:-1","max-image-preview":"max-image-preview:large","max-video-preview":"max-video-preview:-1"},"canonical":"https:\/\/elfsight.com\/fr\/sales-notification-widget\/shopify\/","og_locale":"fr_FR","og_type":"article","og_title":"Am\u00e9liorez votre boutique Shopify avec les notifications de vente Elfsight","og_description":"Augmentez l'engagement des utilisateurs et augmentez les conversions avec les notifications de vente Elfsight pour Shopify. Explorez notre outil puissant et d\u00e9couvrez comment vous pouvez r\u00e9volutionner votre boutique en ligne.","og_url":"https:\/\/elfsight.com\/fr\/sales-notification-widget\/shopify\/","og_site_name":"Elfsight FR","article_modified_time":"2025-07-10T13:19:37+00:00","twitter_card":"summary_large_image","twitter_misc":{"Dur\u00e9e de lecture estim\u00e9e":"8 minutes"},"schema":{"@context":"https:\/\/schema.org","@graph":[{"@type":"WebPage","@id":"https:\/\/elfsight.com\/fr\/sales-notification-widget\/shopify\/","url":"https:\/\/elfsight.com\/fr\/sales-notification-widget\/shopify\/","name":"Am\u00e9liorez votre boutique Shopify avec les notifications de vente Elfsight","isPartOf":{"@id":"https:\/\/elfsight.com\/fr\/#website"},"datePublished":"1970-01-01T00:00:00+00:00","dateModified":"2025-07-10T13:19:37+00:00","description":"Augmentez l'engagement des utilisateurs et augmentez les conversions avec les notifications de vente Elfsight pour Shopify. Explorez notre outil puissant et d\u00e9couvrez comment vous pouvez r\u00e9volutionner votre boutique en ligne.","breadcrumb":{"@id":"https:\/\/elfsight.com\/fr\/sales-notification-widget\/shopify\/#breadcrumb"},"inLanguage":"fr-FR","potentialAction":[{"@type":"ReadAction","target":["https:\/\/elfsight.com\/fr\/sales-notification-widget\/shopify\/"]}]},{"@type":"BreadcrumbList","@id":"https:\/\/elfsight.com\/fr\/sales-notification-widget\/shopify\/#breadcrumb","itemListElement":[{"@type":"ListItem","position":1,"name":"Home","item":"https:\/\/elfsight.com\/fr\/"},{"@type":"ListItem","position":2,"name":"Sales Notification","item":"https:\/\/elfsight.com\/fr\/sales-notification-widget\/"},{"@type":"ListItem","position":3,"name":"Sales Notification &#8211; Shopify"}]},{"@type":"WebSite","@id":"https:\/\/elfsight.com\/fr\/#website","url":"https:\/\/elfsight.com\/fr\/","name":"Elfsight FR","description":"","potentialAction":[{"@type":"SearchAction","target":{"@type":"EntryPoint","urlTemplate":"https:\/\/elfsight.com\/fr\/?s={search_term_string}"},"query-input":{"@type":"PropertyValueSpecification","valueRequired":true,"valueName":"search_term_string"}}],"inLanguage":"fr-FR"}]}},"meta_box":{"industry":"","seo_heading":"","heading":"","description":"","cta_heading":"","cta_description":"","application":"7310","h1":"Comment int\u00e9grer une notification de vente sur le site Web Shopify","h1_caption":"Mettez en \u00e9vidence les achats r\u00e9cents ou les actions des utilisateurs avec des notifications en temps r\u00e9el pour cr\u00e9er une preuve sociale et augmenter les ventes sur votre site Web Shopify sans effort.","application_category":[],"applications_title":"","applications_request_title":"","applications_request_button_text":"","hero_text":"","hero_video":"","hero_video_schema_markup":"","selling_points_title":"","selling_points_caption":"","selling_points":[],"selling_points_cta_text":"","features_title":"","features":"","ed_cta_examples_text":"","ed_cta_examples_hidden":"","ed_cta_demo_text":"","ed_cta_demo_hidden":"","why_caption":"","why_editor_title":"","why_editor_text":"","why_team_title":"","why_team_text":"","why_service_title":"","why_service_text":"","template_catalog_visible":"","template_catalog_title":"","template_catalog_text":"","template_catalog_categories_visible":"","demo_title":"Cr\u00e9ez votre application de notification de ventes","demo_caption":"Configurez votre notification de vente et ajoutez-la gratuitement \u00e0 votre site Web Shopify\u00a0!","default_faq_hidden":"","app_template_category":[],"platform":"360","template_public_id":"","codecanyon_url":"","codecanyon_item_id":"","codecanyon_price":"","pricing_caption":"","pricing_elfsight_apps_hide_column":"","pricing_elfsight_apps_url":"","pricing_codecanyon_price_caption":"","integration_category":[],"integration_request_title":"","integration_request_cta":"","integration_platform":"","integrations":[],"platform_category":[],"video_schema_markup":"","price":"\u00e0 partir de 0$ \/ mois","trial":"","benefits":[{"text":"Service d'installation gratuit"},{"text":"Assistance premium"},{"text":"Garantie de remboursement de 14 jours"},{"text":"Mises \u00e0 jour gratuites et continues"}],"button_url":"","button_target_blank":"","button_nofollow":"","attributes":[{"name":"Installations","content":"10,000 - 100,000"},{"name":"Sensible","content":"Oui"},{"name":"Navigateurs compatibles","content":"Firefox, Safari, Opera, Chrome, Edge"}],"tags":[],"tags_disable_links":"","hide_more_platforms":"","video_object":"","demo_hide_cta":"","demo_hide_cloud_options":"","pricing_title":"","pricing":[{"pricing_icon":"platform","pricing_title":"Elfsight Apps","pricing_title_caption":"Logiciel ind\u00e9pendant de la plate-forme","pricing_price":"from $0 \/ month","pricing_price_caption":"commencez avec un forfait gratuit","pricing_benefits":[{"text":"Domaines illimit\u00e9s"},{"text":"Assistance entreprise 24h\/24 et 7j\/7"},{"text":"Aide \u00e0 l'installation gratuite"},{"text":"Conception flexible"}],"pricing_button_text":"Ajouter au site Web","pricing_button_url":"#demo"}],"related_apps_title":"","related_apps_hidden":"","author":"","image":[],"title":"","job":"","social_networks":[]},"_links":{"self":[{"href":"https:\/\/elfsight.com\/fr\/wp-json\/wp\/v2\/pages\/10131","targetHints":{"allow":["GET"]}}],"collection":[{"href":"https:\/\/elfsight.com\/fr\/wp-json\/wp\/v2\/pages"}],"about":[{"href":"https:\/\/elfsight.com\/fr\/wp-json\/wp\/v2\/types\/page"}],"author":[{"embeddable":true,"href":"https:\/\/elfsight.com\/fr\/wp-json\/wp\/v2\/users\/9"}],"replies":[{"embeddable":true,"href":"https:\/\/elfsight.com\/fr\/wp-json\/wp\/v2\/comments?post=10131"}],"version-history":[{"count":1,"href":"https:\/\/elfsight.com\/fr\/wp-json\/wp\/v2\/pages\/10131\/revisions"}],"predecessor-version":[{"id":10135,"href":"https:\/\/elfsight.com\/fr\/wp-json\/wp\/v2\/pages\/10131\/revisions\/10135"}],"up":[{"embeddable":true,"href":"https:\/\/elfsight.com\/fr\/wp-json\/wp\/v2\/pages\/7319"}],"wp:attachment":[{"href":"https:\/\/elfsight.com\/fr\/wp-json\/wp\/v2\/media?parent=10131"}],"curies":[{"name":"wp","href":"https:\/\/api.w.org\/{rel}","templated":true}]}}