{"id":10125,"date":"1970-01-01T00:00:00","date_gmt":"1970-01-01T00:00:00","guid":{"rendered":"https:\/\/elfsight.com\/fr\/?page_id=10125"},"modified":"2025-07-10T13:19:32","modified_gmt":"2025-07-10T13:19:32","slug":"jquery","status":"publish","type":"page","link":"https:\/\/elfsight.com\/fr\/sales-notification-widget\/jquery\/","title":{"rendered":"Sales Notification &#8211; jQuery"},"content":{"rendered":"<div class=\"application-platform-content-item-description application-platform-content-item\" id=\"description\" data-nav-section=\"description\"><h2>Am\u00e9liorez votre site Web jQuery avec le plug-in de notification de vente Elfsight<\/h2> <p>Le plug-in de notifications de vente Elfsight, exclusivement con\u00e7u pour jQuery, est un Widget polyvalent et robuste con\u00e7u pour captiver l&rsquo;attention des visiteurs de votre site Web ou de vos pages. Avec ce plugin dynamique \u00e0 votre disposition, vous pouvez int\u00e9grer sans effort une grande vari\u00e9t\u00e9 de visuels, de vid\u00e9os, ou m\u00eame mettre en avant les derni\u00e8res promotions et offres de votre boutique en ligne gr\u00e2ce \u00e0 jQuery. Les possibilit\u00e9s sont illimit\u00e9es et vous avez la libert\u00e9 d&rsquo;ajouter autant de diapositives que vous le souhaitez au code HTML de votre page Web jQuery, vous permettant ainsi de pr\u00e9senter fi\u00e8rement vos produits et d&rsquo;attirer l&rsquo;attention sur ces promotions all\u00e9chantes.<\/p><p>L&rsquo;une des Les qualit\u00e9s remarquables du plugin Elfsight Sales Notifications pour jQuery sont sa remarquable adaptabilit\u00e9. Vous pouvez affiner le positionnement de votre contenu avec huit positions de bureau propos\u00e9es, rendant vos pr\u00e9sentations de produits encore plus captivantes. Exp\u00e9rimentez diff\u00e9rentes alternatives et trouvez celle qui convient parfaitement, en vous assurant qu&rsquo;elle s&rsquo;int\u00e8gre parfaitement \u00e0 votre choix de conception de site Web et offre une visibilit\u00e9 optimale.<\/p><p>Ce qui rend ce widget de notifications de ventes jQuery exceptionnel est sa capacit\u00e9 \u00e0 vous aider \u00e0 cr\u00e9er une vue d&rsquo;ensemble. une exp\u00e9rience captivante qui non seulement attire les utilisateurs, mais les maintient \u00e9galement engag\u00e9s sur votre page Web pendant de plus longues p\u00e9riodes en utilisant jQuery. Lorsque les visiteurs explorent votre site jQuery, la nature dynamique et interactive de ce plugin garantit qu&rsquo;ils restent engag\u00e9s, r\u00e9duisant ainsi le risque de d\u00e9part pr\u00e9matur\u00e9.<\/p><p>Le plugin Elfsight Sales Notifications pour jQuery ouvre un monde de possibilit\u00e9s pour les sites Web. les propri\u00e9taires. Am\u00e9liorez la visibilit\u00e9 de votre produit, engagez votre public et am\u00e9liorez l&rsquo;attrait g\u00e9n\u00e9ral de votre site Web jQuery avec ce widget exceptionnel. C&rsquo;est le widget id\u00e9al pour les propri\u00e9taires de sites Web qui cherchent \u00e0 faire une impression durable et \u00e0 g\u00e9n\u00e9rer davantage de conversions. \u00c9levez votre site Web jQuery vers de nouveaux sommets avec le plugin Elfsight Sales Notifications d\u00e8s aujourd&rsquo;hui. <\/p> <p><b>Int\u00e9grez le plugin Sales Notifications \u00e0 jQuery pour acc\u00e9l\u00e9rer le succ\u00e8s de votre site Web\u00a0!<\/b><\/p><\/div><div class=\"application-platform-content-item-features application-platform-content-item\" id=\"features\" data-nav-section=\"features\"><h2>Principales fonctionnalit\u00e9s du Widget\u00a0: un aper\u00e7u rapide<\/h2> <p>D\u00e9couvrez les fonctionnalit\u00e9s in\u00e9gal\u00e9es du plugin Elfsight Sales Notifications pour jQuery, r\u00e9volutionnant la fa\u00e7on dont vous am\u00e9liorez les performances de votre site Web ou de votre page en ligne et l&rsquo;engagement des utilisateurs\u00a0:<\/p><ul> <li> <strong>Plus de 20 mod\u00e8les de notification pr\u00eats \u00e0 l&#8217;emploi<\/strong>\u00a0: Elfsight propose une large gamme de mod\u00e8les de notification, notamment les r\u00e9servations d&rsquo;h\u00f4tel, les ventes de magasins technologiques, les ventes de produits populaires, les avis Google, les r\u00e9servations de restaurant, les visiteurs actifs, les abonnements \u00e0 la newsletter, Abonnements aux cha\u00eenes YouTube, nouveaux abonn\u00e9s TikTok, rendez-vous chez le m\u00e9decin, r\u00e9servations dans un salon de beaut\u00e9 et bien plus encore, le tout parfaitement int\u00e9gr\u00e9 \u00e0 jQuery. Adaptez ces mod\u00e8les pour qu&rsquo;ils correspondent \u00e0 votre image de marque sans effort, le tout sans n\u00e9cessiter de comp\u00e9tences en codage ou en conception. <\/li> <li> <strong>Processus de construction simplifi\u00e9\u00a0:<\/strong> Profitez d&rsquo;une exp\u00e9rience sans tracas avec peu d&rsquo;efforts de saisie. Nos mod\u00e8les de notifications de vente jQuery sont con\u00e7us pour tous les utilisateurs, quelles que soient leurs connaissances. Avec jQuery, vous n&rsquo;aurez pas besoin de comp\u00e9tences en codage ni d&rsquo;\u00e9tudes en conception. Ces mod\u00e8les jQuery cr\u00e9ent divers sc\u00e9narios pratiques pour tout le monde. <\/li> <li> <strong>Confiance des utilisateurs renforc\u00e9e\u00a0:<\/strong> affichez des notifications en temps r\u00e9el avec jQuery pour am\u00e9liorer la confiance et la cr\u00e9dibilit\u00e9 des utilisateurs. En mettant en valeur l&rsquo;engagement actif des utilisateurs avec vos produits ou services, vous pouvez augmenter consid\u00e9rablement leur confiance, les rendant plus susceptibles d&rsquo;agir. <\/li> <li> <strong>Nombre illimit\u00e9 de notifications de ventes\u00a0:<\/strong> Mettez en \u0153uvre votre strat\u00e9gie marketing sans limites. Ajoutez \u00e0 votre site Web jQuery autant de notifications de vente que vous le souhaitez, les unes apr\u00e8s les autres \u00e0 l&rsquo;aide de jQuery. Que vous fassiez la promotion de produits sp\u00e9ciaux, d&rsquo;offres exclusives ou que vous construisiez une preuve sociale, rien ne vous arr\u00eate. <\/li> <li> <strong>Informations accrocheuses<\/strong>\u00a0: assurez-vous que les utilisateurs ne peuvent pas quitter vos notifications des yeux. Fournissez des messages d\u00e9taill\u00e9s avec des noms, des num\u00e9ros, des emplacements, des horaires et des images de produits \u00e9clatantes gr\u00e2ce \u00e0 la puissance de jQuery. Captez leur attention et obligez-les \u00e0 agir. <\/li> <li> <strong>Boutons d&rsquo;appel \u00e0 l&rsquo;action\u00a0:<\/strong> Cr\u00e9ez un sentiment d&rsquo;urgence avec les boutons d&rsquo;appel \u00e0 l&rsquo;action int\u00e9gr\u00e9s \u00e0 jQuery et int\u00e9gr\u00e9s \u00e0 votre site Web. Ces boutons sont accompagn\u00e9s de liens de redirection et votre message encourage les utilisateurs \u00e0 agir imm\u00e9diatement sur votre site Web jQuery, favorisant ainsi l&rsquo;engagement des utilisateurs. <\/li><\/ul><p>L&rsquo;int\u00e9gration des notifications de vente Elfsight dans le code HTML de votre page Web jQuery avec jQuery vous offre un \u00e9ventail de fonctionnalit\u00e9s puissantes, am\u00e9liorant l&rsquo;engagement des utilisateurs et am\u00e9liorant les performances et l&rsquo;esth\u00e9tique de votre page Web. Ces fonctionnalit\u00e9s r\u00e9pondent \u00e0 tous les aspects du succ\u00e8s de votre site Web, facilitant plus que jamais l&rsquo;optimisation de votre site Web et la cr\u00e9ation d&rsquo;un parcours utilisateur plus immersif.<\/p><p><a href=\"#demo\">Explorez les fonctionnalit\u00e9s du plugin avec l&rsquo;outil l&rsquo;aide de la d\u00e9mo en direct.<\/a><\/p> <\/div><div class=\"application-platform-content-item-installation application-platform-content-item\" id=\"installation\" data-nav-section=\"installation\"><h2>Comment ajouter des notifications de vente \u00e0 votre site Web jQuery<\/h2> <p>Suivez ces \u00e9tapes simples pour int\u00e9grez le plugin sur votre site jQuery.<\/p> <ol><li><b>Commencez par utiliser notre d\u00e9mo gratuite pour cr\u00e9er votre plugin Sales Notifications personnalis\u00e9 pour votre site Web jQuery avec l&rsquo;int\u00e9gration jQuery.<\/b><br> S\u00e9lectionnez votre apparence et vos fonctionnalit\u00e9s pr\u00e9f\u00e9r\u00e9es pour le widget et appliquez les modifications souhait\u00e9es. <\/li> <li><b>Copiez le code HTML unique g\u00e9n\u00e9r\u00e9 sur les applications Elfsight avec le plugin jQuery.<\/b><br> Apr\u00e8s avoir cr\u00e9\u00e9 votre plugin personnalis\u00e9, copiez le code HTML fourni dans la fen\u00eatre contextuelle et enregistrez-le pour le futur. utiliser. <\/li> <li><b>Int\u00e9grez le plugin Sales Notifications sur votre site Web jQuery \u00e0 l&rsquo;aide de jQuery.<\/b><br> Ajoutez le code enregistr\u00e9 pr\u00e9c\u00e9demment \u00e0 la section HTML de votre site Web ou de votre page jQuery et effectuez les ajustements n\u00e9cessaires. <\/li> <li><b>C&rsquo;est tout\u00a0! L&rsquo;int\u00e9gration de Sales Notifications est compl\u00e8te avec jQuery.<\/b><br> Visitez votre site pour voir comment le plugin Sales Notifications fonctionne sur votre site Web jQuery. <\/li><\/ol> <p>Si vous avez des questions ou rencontrez des difficult\u00e9s, n&rsquo;h\u00e9sitez pas \u00e0 contacter notre \u00e9quipe de support client. Nos experts sont pr\u00eats \u00e0 r\u00e9pondre \u00e0 toutes vos questions li\u00e9es aux produits.<\/p><\/div>","protected":false},"excerpt":{"rendered":"","protected":false},"author":9,"featured_media":0,"parent":7319,"menu_order":0,"comment_status":"closed","ping_status":"closed","template":"templates\/template-application-platform.php","meta":{"publish_to_discourse":"","publish_post_category":"","wpdc_auto_publish_overridden":"","wpdc_topic_tags":"","wpdc_pin_topic":"","wpdc_pin_until":"","discourse_post_id":"","discourse_permalink":"","wpdc_publishing_response":"","wpdc_publishing_error":"","footnotes":""},"class_list":["post-10125","page","type-page","status-publish","hentry"],"yoast_head":"<!-- This site is optimized with the Yoast SEO plugin v25.3.1 - https:\/\/yoast.com\/wordpress\/plugins\/seo\/ -->\n<title>Am\u00e9liorez votre site Web jQuery avec le plugin de notification de vente Elfsight<\/title>\n<meta name=\"description\" content=\"Boostez l&#039;engagement des utilisateurs et g\u00e9n\u00e9rez des conversions sur votre site Web jQuery avec le plugin polyvalent de notification de vente Elfsight. Explorez plus de 20 mod\u00e8les de notification pr\u00eats \u00e0 l&#039;emploi et cr\u00e9ez une exp\u00e9rience utilisateur captivante avec l&#039;int\u00e9gration de jQuery. Apprenez \u00e0 int\u00e9grer le plugin sans effort gr\u00e2ce \u00e0 nos \u00e9tapes simples pour r\u00e9ussir.\" \/>\n<meta name=\"robots\" content=\"index, follow, max-snippet:-1, max-image-preview:large, max-video-preview:-1\" \/>\n<link rel=\"canonical\" href=\"https:\/\/elfsight.com\/fr\/sales-notification-widget\/jquery\/\" \/>\n<meta property=\"og:locale\" content=\"fr_FR\" \/>\n<meta property=\"og:type\" content=\"article\" \/>\n<meta property=\"og:title\" content=\"Am\u00e9liorez votre site Web jQuery avec le plugin de notification de vente Elfsight\" \/>\n<meta property=\"og:description\" content=\"Boostez l&#039;engagement des utilisateurs et g\u00e9n\u00e9rez des conversions sur votre site Web jQuery avec le plugin polyvalent de notification de vente Elfsight. Explorez plus de 20 mod\u00e8les de notification pr\u00eats \u00e0 l&#039;emploi et cr\u00e9ez une exp\u00e9rience utilisateur captivante avec l&#039;int\u00e9gration de jQuery. Apprenez \u00e0 int\u00e9grer le plugin sans effort gr\u00e2ce \u00e0 nos \u00e9tapes simples pour r\u00e9ussir.\" \/>\n<meta property=\"og:url\" content=\"https:\/\/elfsight.com\/fr\/sales-notification-widget\/jquery\/\" \/>\n<meta property=\"og:site_name\" content=\"Elfsight FR\" \/>\n<meta property=\"article:modified_time\" content=\"2025-07-10T13:19:32+00:00\" \/>\n<meta name=\"twitter:card\" content=\"summary_large_image\" \/>\n<meta name=\"twitter:label1\" content=\"Dur\u00e9e de lecture estim\u00e9e\" \/>\n\t<meta name=\"twitter:data1\" content=\"6 minutes\" \/>\n<!-- \/ Yoast SEO plugin. -->","yoast_head_json":{"title":"Am\u00e9liorez votre site Web jQuery avec le plugin de notification de vente Elfsight","description":"Boostez l'engagement des utilisateurs et g\u00e9n\u00e9rez des conversions sur votre site Web jQuery avec le plugin polyvalent de notification de vente Elfsight. Explorez plus de 20 mod\u00e8les de notification pr\u00eats \u00e0 l'emploi et cr\u00e9ez une exp\u00e9rience utilisateur captivante avec l'int\u00e9gration de jQuery. Apprenez \u00e0 int\u00e9grer le plugin sans effort gr\u00e2ce \u00e0 nos \u00e9tapes simples pour r\u00e9ussir.","robots":{"index":"index","follow":"follow","max-snippet":"max-snippet:-1","max-image-preview":"max-image-preview:large","max-video-preview":"max-video-preview:-1"},"canonical":"https:\/\/elfsight.com\/fr\/sales-notification-widget\/jquery\/","og_locale":"fr_FR","og_type":"article","og_title":"Am\u00e9liorez votre site Web jQuery avec le plugin de notification de vente Elfsight","og_description":"Boostez l'engagement des utilisateurs et g\u00e9n\u00e9rez des conversions sur votre site Web jQuery avec le plugin polyvalent de notification de vente Elfsight. Explorez plus de 20 mod\u00e8les de notification pr\u00eats \u00e0 l'emploi et cr\u00e9ez une exp\u00e9rience utilisateur captivante avec l'int\u00e9gration de jQuery. Apprenez \u00e0 int\u00e9grer le plugin sans effort gr\u00e2ce \u00e0 nos \u00e9tapes simples pour r\u00e9ussir.","og_url":"https:\/\/elfsight.com\/fr\/sales-notification-widget\/jquery\/","og_site_name":"Elfsight FR","article_modified_time":"2025-07-10T13:19:32+00:00","twitter_card":"summary_large_image","twitter_misc":{"Dur\u00e9e de lecture estim\u00e9e":"6 minutes"},"schema":{"@context":"https:\/\/schema.org","@graph":[{"@type":"WebPage","@id":"https:\/\/elfsight.com\/fr\/sales-notification-widget\/jquery\/","url":"https:\/\/elfsight.com\/fr\/sales-notification-widget\/jquery\/","name":"Am\u00e9liorez votre site Web jQuery avec le plugin de notification de vente Elfsight","isPartOf":{"@id":"https:\/\/elfsight.com\/fr\/#website"},"datePublished":"1970-01-01T00:00:00+00:00","dateModified":"2025-07-10T13:19:32+00:00","description":"Boostez l'engagement des utilisateurs et g\u00e9n\u00e9rez des conversions sur votre site Web jQuery avec le plugin polyvalent de notification de vente Elfsight. Explorez plus de 20 mod\u00e8les de notification pr\u00eats \u00e0 l'emploi et cr\u00e9ez une exp\u00e9rience utilisateur captivante avec l'int\u00e9gration de jQuery. Apprenez \u00e0 int\u00e9grer le plugin sans effort gr\u00e2ce \u00e0 nos \u00e9tapes simples pour r\u00e9ussir.","breadcrumb":{"@id":"https:\/\/elfsight.com\/fr\/sales-notification-widget\/jquery\/#breadcrumb"},"inLanguage":"fr-FR","potentialAction":[{"@type":"ReadAction","target":["https:\/\/elfsight.com\/fr\/sales-notification-widget\/jquery\/"]}]},{"@type":"BreadcrumbList","@id":"https:\/\/elfsight.com\/fr\/sales-notification-widget\/jquery\/#breadcrumb","itemListElement":[{"@type":"ListItem","position":1,"name":"Home","item":"https:\/\/elfsight.com\/fr\/"},{"@type":"ListItem","position":2,"name":"Sales Notification","item":"https:\/\/elfsight.com\/fr\/sales-notification-widget\/"},{"@type":"ListItem","position":3,"name":"Sales Notification &#8211; jQuery"}]},{"@type":"WebSite","@id":"https:\/\/elfsight.com\/fr\/#website","url":"https:\/\/elfsight.com\/fr\/","name":"Elfsight FR","description":"","potentialAction":[{"@type":"SearchAction","target":{"@type":"EntryPoint","urlTemplate":"https:\/\/elfsight.com\/fr\/?s={search_term_string}"},"query-input":{"@type":"PropertyValueSpecification","valueRequired":true,"valueName":"search_term_string"}}],"inLanguage":"fr-FR"}]}},"meta_box":{"industry":"","seo_heading":"","heading":"","description":"","cta_heading":"","cta_description":"","application":"7310","h1":"Comment int\u00e9grer une notification de vente sur le site Web jQuery","h1_caption":"Mettez en \u00e9vidence les achats r\u00e9cents ou les actions des utilisateurs avec des notifications en temps r\u00e9el pour cr\u00e9er une preuve sociale et augmenter les ventes sur votre site Web jQuery sans effort.","application_category":[],"applications_title":"","applications_request_title":"","applications_request_button_text":"","hero_text":"","hero_video":"","hero_video_schema_markup":"","selling_points_title":"","selling_points_caption":"","selling_points":[],"selling_points_cta_text":"","features_title":"","features":"","ed_cta_examples_text":"","ed_cta_examples_hidden":"","ed_cta_demo_text":"","ed_cta_demo_hidden":"","why_caption":"","why_editor_title":"","why_editor_text":"","why_team_title":"","why_team_text":"","why_service_title":"","why_service_text":"","template_catalog_visible":"","template_catalog_title":"","template_catalog_text":"","template_catalog_categories_visible":"","demo_title":"Cr\u00e9ez votre plugin de notification de vente","demo_caption":"Configurez votre notification de vente et ajoutez-la gratuitement \u00e0 votre site Web jQuery\u00a0!","default_faq_hidden":"","app_template_category":[],"platform":"355","template_public_id":"","codecanyon_url":"","codecanyon_item_id":"","codecanyon_price":"","pricing_caption":"","pricing_elfsight_apps_hide_column":"","pricing_elfsight_apps_url":"","pricing_codecanyon_price_caption":"","integration_category":[],"integration_request_title":"","integration_request_cta":"","integration_platform":"","integrations":[],"platform_category":[],"video_schema_markup":"","price":"\u00e0 partir de 0$ \/ mois","trial":"","benefits":[{"text":"Aide \u00e0 l'installation gratuite"},{"text":"Support client exp\u00e9riment\u00e9"},{"text":"Garantie de remboursement de 14 jours"},{"text":"D\u00e9veloppement continu"}],"button_url":"","button_target_blank":"","button_nofollow":"","attributes":[{"name":"Installations","content":"10,000 - 100,000"},{"name":"Sensible","content":"Oui"},{"name":"Navigateurs compatibles","content":"Firefox, Safari, Opera, Chrome, Edge"}],"tags":[],"tags_disable_links":"","hide_more_platforms":"","video_object":"","demo_hide_cta":"","demo_hide_cloud_options":"","pricing_title":"","pricing":[{"pricing_icon":"platform","pricing_title":"Elfsight Apps","pricing_title_caption":"Solution ind\u00e9pendante de la plate-forme qui convient \u00e0 n'importe quel site","pricing_price":"from $0 \/ month","pricing_price_caption":"commencez avec un forfait gratuit","pricing_benefits":[{"text":"Domaines illimit\u00e9s"},{"text":"Accompagnement d\u00e9di\u00e9 de l'entreprise"},{"text":"Assistance \u00e0 l'installation gratuite"},{"text":"Enti\u00e8rement personnalisable"}],"pricing_button_text":"Ajouter au site Web","pricing_button_url":"#demo"}],"related_apps_title":"","related_apps_hidden":"","author":"","image":[],"title":"","job":"","social_networks":[]},"_links":{"self":[{"href":"https:\/\/elfsight.com\/fr\/wp-json\/wp\/v2\/pages\/10125","targetHints":{"allow":["GET"]}}],"collection":[{"href":"https:\/\/elfsight.com\/fr\/wp-json\/wp\/v2\/pages"}],"about":[{"href":"https:\/\/elfsight.com\/fr\/wp-json\/wp\/v2\/types\/page"}],"author":[{"embeddable":true,"href":"https:\/\/elfsight.com\/fr\/wp-json\/wp\/v2\/users\/9"}],"replies":[{"embeddable":true,"href":"https:\/\/elfsight.com\/fr\/wp-json\/wp\/v2\/comments?post=10125"}],"version-history":[{"count":1,"href":"https:\/\/elfsight.com\/fr\/wp-json\/wp\/v2\/pages\/10125\/revisions"}],"predecessor-version":[{"id":10129,"href":"https:\/\/elfsight.com\/fr\/wp-json\/wp\/v2\/pages\/10125\/revisions\/10129"}],"up":[{"embeddable":true,"href":"https:\/\/elfsight.com\/fr\/wp-json\/wp\/v2\/pages\/7319"}],"wp:attachment":[{"href":"https:\/\/elfsight.com\/fr\/wp-json\/wp\/v2\/media?parent=10125"}],"curies":[{"name":"wp","href":"https:\/\/api.w.org\/{rel}","templated":true}]}}