{"id":10123,"date":"1970-01-01T00:00:00","date_gmt":"1970-01-01T00:00:00","guid":{"rendered":"https:\/\/elfsight.com\/fr\/?page_id=10123"},"modified":"2025-07-10T13:15:13","modified_gmt":"2025-07-10T13:15:13","slug":"bigcommerce","status":"publish","type":"page","link":"https:\/\/elfsight.com\/fr\/rss-feed-widget\/bigcommerce\/","title":{"rendered":"RSS Feed &#8211; BigCommerce"},"content":{"rendered":"<div class=\"application-platform-content-item-description application-platform-content-item\" id=\"description\" data-nav-section=\"description\"> <h2>Description<\/h2> <p>Le flux RSS Elfsight pour BigCommerce est un outil permettant de cr\u00e9er des \u00e9motions et des exp\u00e9riences. En l&rsquo;utilisant, vous pouvez d\u00e9velopper un flux personnalis\u00e9 compos\u00e9 du contenu de plusieurs sites d&rsquo;actualit\u00e9s &#8211; et le placer directement sur votre site Internet. Profitez du contr\u00f4le total sur un contenu affich\u00e9 et \u00e9liminez le spam et tout contenu ind\u00e9sirable gr\u00e2ce \u00e0 la mod\u00e9ration manuelle. L&rsquo;\u00e9diteur en ligne totalement r\u00e9actif vous propose plusieurs mod\u00e8les \u00e0 choisir. <\/p> <p><b>Ajoutez un flux RSS pour atteindre vos objectifs avec moins d&rsquo;effort\u00a0! <\/b><\/p> <\/div> <div class=\"application-platform-content-item-features application-platform-content-item\" id=\"features\" data-nav-section=\"features\"> <h2>Voici les principales fonctionnalit\u00e9s de l&rsquo;application\u00a0: <\/h2> <ul><li>Masquer l&rsquo;en-t\u00eate pour donner \u00e0 l&rsquo;outil un aspect minimaliste . <\/li><li>\u00c9liminez tout spam et tout contenu ind\u00e9sirable gr\u00e2ce au mode de mod\u00e9ration manuelle. <\/li><li>S\u00e9lectionnez l&rsquo;une des 6 mises en page disponibles\u00a0: Collage, Grille, Liste, Ma\u00e7onnerie, Curseur, Carrousel. <\/li><li>Laissez vos publications s&rsquo;afficher dans un mode pop-up. <\/li><\/ul><p><a href=\"#demo\">Vous pouvez ressentir les fonctionnalit\u00e9s du widget \u00e0 l&rsquo;aide de la d\u00e9mo<\/a><\/p> <\/div> <div class=\"application-platform-content-item- installation application-platform-content-item\" id=\" installation\" data-nav-section=\" installation\"> <h2>Comment int\u00e9grer un flux RSS dans mon site Web BigCommerce\u00a0? <\/h2> <p>Suivez simplement les \u00e9tapes suivantes ci-dessous pour ajouter l&rsquo;application. <\/p> <ol><li><b>Utilisez notre configurateur gratuit et commencez \u00e0 cr\u00e9er votre propre instrument. <\/b><br> Choisissez la mise en page et les fonctionnalit\u00e9s s\u00e9lectionn\u00e9es du widget et enregistrez les modifications. <\/li> <li><b>Acqu\u00e9rez votre code unique expos\u00e9 dans la bo\u00eete sur Elfsight Apps. <\/b><br> Une fois la configuration de votre widget termin\u00e9e, copiez le code exclusif dans la popup qui appara\u00eet et conservez-le pour une occasion ult\u00e9rieure. <\/li> <li><b>Commencez \u00e0 utiliser le widget sur le site Web BigCommerce. <\/b><br> Collez le code que vous avez enregistr\u00e9 auparavant dans votre site Web et appliquez les corrections. <\/li> <li><b>Vous avez termin\u00e9\u00a0! La configuration est termin\u00e9e avec succ\u00e8s. <\/b><br> Acc\u00e9dez \u00e0 votre site Web pour observer le travail de l&rsquo;application. <\/li><\/ol> <p>Si vous rencontrez des probl\u00e8mes, n&rsquo;h\u00e9sitez pas \u00e0 \u00e9crire \u00e0 notre service client. Nos consultants seront ravis de r\u00e9soudre tous les probl\u00e8mes que vous pourriez rencontrer avec l&rsquo;application. <\/p> <\/div><div class=\"faq\" data-component=\"FAQ\"><div class=\"faq-item\">\r\n\t\t\t\t\t<div class=\"faq-item-question\">\r\n\t\t\t\t\t\t<h3 class=\"faq-item-question-text\">Comment puis-je ajouter un flux RSS \u00e0 mon site BigCommerce sans coder ?<\/h3>\r\n\r\n\t\t\t\t\t\t<div class=\"faq-item-question-icon\"><\/div>\r\n\t\t\t\t\t<\/div>\r\n\r\n\t\t\t\t\t<div class=\"faq-item-answer\">\r\n\t\t\t\t\t\t<div class=\"faq-item-answer-text\"><p>La soci\u00e9t\u00e9 Elfsight pr\u00e9sente une solution SaaS qui vous permet de g\u00e9n\u00e9rer vous-m\u00eame un plugin de flux RSS, consultez les instructions simples\u00a0: <\/p><ul><li>Commencez \u00e0 travailler directement dans la d\u00e9mo en ligne pour cr\u00e9er un widget de flux RSS que vous aimeriez voir sur votre site BigCommerce.<\/li><li>Cliquez sur l&rsquo;un des mod\u00e8les pr\u00e9d\u00e9finis et modifiez les param\u00e8tres du flux RSS, transformez la mise en page et la couleur des \u00e9l\u00e9ments, ajoutez votre contenu sans aucune connaissance en codage.<\/li><li>Enregistrez le flux RSS et obtenez son code. pour l&rsquo;int\u00e9gration, que vous pouvez facilement int\u00e9grer gratuitement dans votre page d&rsquo;accueil BigCommerce.<\/li><\/ul><p>Avec l&rsquo;aide de notre configurateur convivial, chaque internaute peut cr\u00e9er un widget de flux RSS et l&rsquo;inclure \u00e0 la page d&rsquo;accueil de BigCommerce. Vous ne devez pas payer ni saisir les informations d\u2019identification de votre carte pour acc\u00e9der \u00e0 l\u2019\u00e9diteur. Si vous rencontrez des probl\u00e8mes de quelque nature que ce soit, n&rsquo;h\u00e9sitez pas \u00e0 contacter notre \u00e9quipe d&rsquo;assistance.<\/p><\/div>\r\n\t\t\t\t\t<\/div>\r\n\t\t\t\t<\/div><\/div> <p><\/p>","protected":false},"excerpt":{"rendered":"","protected":false},"author":9,"featured_media":0,"parent":3330,"menu_order":0,"comment_status":"closed","ping_status":"closed","template":"templates\/template-application-platform.php","meta":{"publish_to_discourse":"","publish_post_category":"","wpdc_auto_publish_overridden":"","wpdc_topic_tags":"","wpdc_pin_topic":"","wpdc_pin_until":"","discourse_post_id":"","discourse_permalink":"","wpdc_publishing_response":"","wpdc_publishing_error":"","footnotes":""},"class_list":["post-10123","page","type-page","status-publish","hentry"],"yoast_head":"<!-- This site is optimized with the Yoast SEO plugin v25.3.1 - https:\/\/yoast.com\/wordpress\/plugins\/seo\/ -->\n<title>Ajoutez un widget de flux RSS au site Web BigCommerce (rapide et gratuit)<\/title>\n<meta name=\"description\" content=\"Int\u00e9grez une application de flux RSS r\u00e9active sur votre site BigCommerce. Utilisez la d\u00e9mo pratique d&#039;Elfsight et g\u00e9n\u00e9rez votre fascinant flux RSS.\" \/>\n<meta name=\"robots\" content=\"index, follow, max-snippet:-1, max-image-preview:large, max-video-preview:-1\" \/>\n<link rel=\"canonical\" href=\"https:\/\/elfsight.com\/fr\/rss-feed-widget\/bigcommerce\/\" \/>\n<meta property=\"og:locale\" content=\"fr_FR\" \/>\n<meta property=\"og:type\" content=\"article\" \/>\n<meta property=\"og:title\" content=\"Ajoutez un widget de flux RSS au site Web BigCommerce (rapide et gratuit)\" \/>\n<meta property=\"og:description\" content=\"Int\u00e9grez une application de flux RSS r\u00e9active sur votre site BigCommerce. Utilisez la d\u00e9mo pratique d&#039;Elfsight et g\u00e9n\u00e9rez votre fascinant flux RSS.\" \/>\n<meta property=\"og:url\" content=\"https:\/\/elfsight.com\/fr\/rss-feed-widget\/bigcommerce\/\" \/>\n<meta property=\"og:site_name\" content=\"Elfsight FR\" \/>\n<meta property=\"article:modified_time\" content=\"2025-07-10T13:15:13+00:00\" \/>\n<meta name=\"twitter:card\" content=\"summary_large_image\" \/>\n<meta name=\"twitter:label1\" content=\"Dur\u00e9e de lecture estim\u00e9e\" \/>\n\t<meta name=\"twitter:data1\" content=\"3 minutes\" \/>\n<!-- \/ Yoast SEO plugin. -->","yoast_head_json":{"title":"Ajoutez un widget de flux RSS au site Web BigCommerce (rapide et gratuit)","description":"Int\u00e9grez une application de flux RSS r\u00e9active sur votre site BigCommerce. Utilisez la d\u00e9mo pratique d'Elfsight et g\u00e9n\u00e9rez votre fascinant flux RSS.","robots":{"index":"index","follow":"follow","max-snippet":"max-snippet:-1","max-image-preview":"max-image-preview:large","max-video-preview":"max-video-preview:-1"},"canonical":"https:\/\/elfsight.com\/fr\/rss-feed-widget\/bigcommerce\/","og_locale":"fr_FR","og_type":"article","og_title":"Ajoutez un widget de flux RSS au site Web BigCommerce (rapide et gratuit)","og_description":"Int\u00e9grez une application de flux RSS r\u00e9active sur votre site BigCommerce. Utilisez la d\u00e9mo pratique d'Elfsight et g\u00e9n\u00e9rez votre fascinant flux RSS.","og_url":"https:\/\/elfsight.com\/fr\/rss-feed-widget\/bigcommerce\/","og_site_name":"Elfsight FR","article_modified_time":"2025-07-10T13:15:13+00:00","twitter_card":"summary_large_image","twitter_misc":{"Dur\u00e9e de lecture estim\u00e9e":"3 minutes"},"schema":{"@context":"https:\/\/schema.org","@graph":[{"@type":"WebPage","@id":"https:\/\/elfsight.com\/fr\/rss-feed-widget\/bigcommerce\/","url":"https:\/\/elfsight.com\/fr\/rss-feed-widget\/bigcommerce\/","name":"Ajoutez un widget de flux RSS au site Web BigCommerce (rapide et gratuit)","isPartOf":{"@id":"https:\/\/elfsight.com\/fr\/#website"},"datePublished":"1970-01-01T00:00:00+00:00","dateModified":"2025-07-10T13:15:13+00:00","description":"Int\u00e9grez une application de flux RSS r\u00e9active sur votre site BigCommerce. Utilisez la d\u00e9mo pratique d'Elfsight et g\u00e9n\u00e9rez votre fascinant flux RSS.","breadcrumb":{"@id":"https:\/\/elfsight.com\/fr\/rss-feed-widget\/bigcommerce\/#breadcrumb"},"inLanguage":"fr-FR","potentialAction":[{"@type":"ReadAction","target":["https:\/\/elfsight.com\/fr\/rss-feed-widget\/bigcommerce\/"]}]},{"@type":"BreadcrumbList","@id":"https:\/\/elfsight.com\/fr\/rss-feed-widget\/bigcommerce\/#breadcrumb","itemListElement":[{"@type":"ListItem","position":1,"name":"Home","item":"https:\/\/elfsight.com\/fr\/"},{"@type":"ListItem","position":2,"name":"RSS Feed","item":"https:\/\/elfsight.com\/fr\/rss-feed-widget\/"},{"@type":"ListItem","position":3,"name":"RSS Feed &#8211; BigCommerce"}]},{"@type":"WebSite","@id":"https:\/\/elfsight.com\/fr\/#website","url":"https:\/\/elfsight.com\/fr\/","name":"Elfsight FR","description":"","potentialAction":[{"@type":"SearchAction","target":{"@type":"EntryPoint","urlTemplate":"https:\/\/elfsight.com\/fr\/?s={search_term_string}"},"query-input":{"@type":"PropertyValueSpecification","valueRequired":true,"valueName":"search_term_string"}}],"inLanguage":"fr-FR"}]}},"meta_box":{"industry":"","seo_heading":"","heading":"","description":"","cta_heading":"","cta_description":"","application":"3329","h1":"Application de flux RSS BigCommerce","h1_caption":"Int\u00e9grez un flux RSS sur votre site Web pour afficher du contenu provenant de sources externes, gardant ainsi votre site Web \u00e0 jour avec du mat\u00e9riel r\u00e9cent sur votre site Web BigCommerce sans effort.","application_category":[],"applications_title":"","applications_request_title":"","applications_request_button_text":"","hero_text":"","hero_video":"","hero_video_schema_markup":"","selling_points_title":"","selling_points_caption":"","selling_points":[],"selling_points_cta_text":"","features_title":"","features":"","ed_cta_examples_text":"","ed_cta_examples_hidden":"","ed_cta_demo_text":"","ed_cta_demo_hidden":"","why_caption":"","why_editor_title":"","why_editor_text":"","why_team_title":"","why_team_text":"","why_service_title":"","why_service_text":"","template_catalog_visible":"","template_catalog_title":"","template_catalog_text":"","template_catalog_categories_visible":"","demo_title":"Cr\u00e9ez votre application de flux RSS","demo_caption":"Configurez votre flux RSS et ajoutez-le gratuitement \u00e0 votre site Web BigCommerce !","default_faq_hidden":"","app_template_category":[],"platform":"347","template_public_id":"","codecanyon_url":"","codecanyon_item_id":"","codecanyon_price":"","pricing_caption":"","pricing_elfsight_apps_hide_column":"","pricing_elfsight_apps_url":"","pricing_codecanyon_price_caption":"","integration_category":[],"integration_request_title":"","integration_request_cta":"","integration_platform":"","integrations":[],"platform_category":[],"video_schema_markup":"","price":"\u00e0 partir de 0$ \/ mois","trial":"","benefits":[{"text":"Service d'installation gratuit"},{"text":"Assistance premium"},{"text":"Garantie de remboursement de 14 jours"},{"text":"Mise \u00e0 jour constante"}],"button_url":"","button_target_blank":"","button_nofollow":"","attributes":[{"name":"Installations","content":"10,000 - 100,000"},{"name":"Sensible","content":"Oui"},{"name":"Navigateurs compatibles","content":"Firefox, Safari, Opera, Chrome, Edge"}],"tags":[],"tags_disable_links":"","hide_more_platforms":"","video_object":"","demo_hide_cta":"","demo_hide_cloud_options":"","pricing_title":"","pricing":[{"pricing_icon":"platform","pricing_title":"Elfsight Apps","pricing_title_caption":"Version multiplateforme qui convient \u00e0 n'importe quel site","pricing_price":"from $0 \/ month","pricing_price_caption":"commencez avec un forfait gratuit","pricing_benefits":[{"text":"Sites Web illimit\u00e9s"},{"text":"Assistance client 24h\/24 et 7j\/7"},{"text":"Aide \u00e0 l'installation gratuite"},{"text":"Conception flexible"}],"pricing_button_text":"Ajouter au site Web","pricing_button_url":"#demo"}],"related_apps_title":"","related_apps_hidden":"","author":"","image":[],"title":"","job":"","social_networks":[]},"_links":{"self":[{"href":"https:\/\/elfsight.com\/fr\/wp-json\/wp\/v2\/pages\/10123","targetHints":{"allow":["GET"]}}],"collection":[{"href":"https:\/\/elfsight.com\/fr\/wp-json\/wp\/v2\/pages"}],"about":[{"href":"https:\/\/elfsight.com\/fr\/wp-json\/wp\/v2\/types\/page"}],"author":[{"embeddable":true,"href":"https:\/\/elfsight.com\/fr\/wp-json\/wp\/v2\/users\/9"}],"replies":[{"embeddable":true,"href":"https:\/\/elfsight.com\/fr\/wp-json\/wp\/v2\/comments?post=10123"}],"version-history":[{"count":1,"href":"https:\/\/elfsight.com\/fr\/wp-json\/wp\/v2\/pages\/10123\/revisions"}],"predecessor-version":[{"id":10127,"href":"https:\/\/elfsight.com\/fr\/wp-json\/wp\/v2\/pages\/10123\/revisions\/10127"}],"up":[{"embeddable":true,"href":"https:\/\/elfsight.com\/fr\/wp-json\/wp\/v2\/pages\/3330"}],"wp:attachment":[{"href":"https:\/\/elfsight.com\/fr\/wp-json\/wp\/v2\/media?parent=10123"}],"curies":[{"name":"wp","href":"https:\/\/api.w.org\/{rel}","templated":true}]}}