{"id":10122,"date":"1970-01-01T00:00:00","date_gmt":"1970-01-01T00:00:00","guid":{"rendered":"https:\/\/elfsight.com\/fr\/?page_id=10122"},"modified":"2025-07-10T13:15:17","modified_gmt":"2025-07-10T13:15:17","slug":"blogger","status":"publish","type":"page","link":"https:\/\/elfsight.com\/fr\/rss-feed-widget\/blogger\/","title":{"rendered":"RSS Feed &#8211; Blogger"},"content":{"rendered":"<div class=\"application-platform-content-item-description application-platform-content-item\" id=\"description\" data-nav-section=\"description\"> <h2>Description<\/h2> <p>Le flux RSS Elfsight pour Blogger est un widget unique permettant de commercialiser des \u00e9motions et des exp\u00e9riences. Gr\u00e2ce \u00e0 lui, vous pouvez cr\u00e9er un flux individuel compos\u00e9 du contenu de nombreux sites d&rsquo;information &#8211; et le pr\u00e9senter directement sur votre site Internet. Profitez d&rsquo;un contr\u00f4le complet sur un contenu d\u00e9montr\u00e9 et d\u00e9barrassez-vous du spam et de tout contenu ind\u00e9sirable en appliquant une mod\u00e9ration manuelle. L&rsquo;\u00e9diteur en ligne totalement r\u00e9actif vous propose de nombreux mod\u00e8les \u00e0 choisir. <\/p> <p><b>Rendez votre site plus efficace pour les cibles commerciales \u00e0 l&rsquo;aide du flux RSS<\/b><\/p> <\/div> <div class=\"application-platform-content-item-features application-platform-content-item\" id=\"features\" data-nav-section=\"features\"> <h2>Le plus important Les fonctionnalit\u00e9s du widget incluent<\/h2> <ul><li>Masquer la section d&rsquo;en-t\u00eate pour donner \u00e0 votre outil un aspect minimaliste. <\/li><li>\u00c9liminez tout spam et contenu ind\u00e9sirable en appliquant une mod\u00e9ration manuelle. <\/li><li>S\u00e9lectionnez l&rsquo;une des 6 mises en page disponibles\u00a0: Liste, Carrousel, Curseur, Collage, Ma\u00e7onnerie, Grille. <\/li><li>Laissez vos publications s&rsquo;afficher dans un mode pop-up. <\/li><\/ul><p><a href=\"#demo\">Testez tous les param\u00e8tres dans la d\u00e9mo compl\u00e8te<\/a><\/p> <\/div> <div class=\"application-platform-content-item-installation application-platform-content-item\" id=\"installation\" data-nav-section=\"installation\"> <h2>Comment int\u00e9grer un flux RSS \u00e0 mon site Web Blogger\u00a0? <\/h2> <p>Suivez simplement les instructions ci-dessous pour int\u00e9grer le widget. <\/p> <ol><li><b>Ex\u00e9cutez notre configurateur gratuit et commencez \u00e0 fa\u00e7onner votre widget unique. <\/b><br> Choisissez l&rsquo;apparence et les sp\u00e9cifications s\u00e9lectionn\u00e9es de l&rsquo;outil et enregistrez les corrections. <\/li> <li><b>Recevez votre code unique r\u00e9v\u00e9l\u00e9 dans la bo\u00eete sur Elfsight Apps. <\/b><br> Une fois la configuration de votre outil termin\u00e9e, copiez le code exclusif dans la case qui appara\u00eet et conservez-le pour une occasion ult\u00e9rieure. <\/li> <li><b>Entrez sur l&rsquo;utilisation de l&rsquo;outil sur votre site Web Blogger. <\/b><br> Ajoutez le code enregistr\u00e9 pr\u00e9c\u00e9demment dans votre page d&rsquo;accueil et appliquez les ajustements. <\/li> <li><b>L&rsquo;installation est enti\u00e8rement termin\u00e9e. <\/b><br> Acc\u00e9dez \u00e0 votre site Web pour voir les performances de l&rsquo;outil. <\/li><\/ol> <p>Si vous rencontrez des questions ou rencontrez des obstacles, n&rsquo;h\u00e9sitez pas \u00e0 vous adresser \u00e0 notre \u00e9quipe d&rsquo;assistance. Nos consultants seront ravis de vous aider avec toutes les difficult\u00e9s que vous pourriez rencontrer avec l&rsquo;outil. <\/p> <\/div><div class=\"faq\" data-component=\"FAQ\"><div class=\"faq-item\">\r\n\t\t\t\t\t<div class=\"faq-item-question\">\r\n\t\t\t\t\t\t<h3 class=\"faq-item-question-text\">De quelle mani\u00e8re est-il possible d'int\u00e9grer un flux RSS \u00e0 ma page Web Blogger sans comp\u00e9tences en codage ?<\/h3>\r\n\r\n\t\t\t\t\t\t<div class=\"faq-item-question-icon\"><\/div>\r\n\t\t\t\t\t<\/div>\r\n\r\n\t\t\t\t\t<div class=\"faq-item-answer\">\r\n\t\t\t\t\t\t<div class=\"faq-item-answer-text\"><p>Elfsight La soci\u00e9t\u00e9 propose une solution qui permet aux utilisateurs de cr\u00e9er eux-m\u00eames une section de flux RSS. D\u00e9couvrez \u00e0 quel point c&rsquo;est simple\u00a0: <\/p><ul><li>Commencez \u00e0 travailler directement dans la d\u00e9mo en direct pour cr\u00e9er une application de flux RSS que vous souhaitez int\u00e9grer. Site Blogger.<\/li><li>S\u00e9lectionnez l&rsquo;un des mod\u00e8les pr\u00e9d\u00e9finis et ajustez les param\u00e8tres du flux RSS, changez la disposition et la couleur des \u00e9l\u00e9ments, mettez \u00e0 jour votre contenu sans codage.<\/li><li>Enregistrez le flux RSS et obtenez le code d&rsquo;installation, que vous pouvez facilement coller gratuitement sur le site Web Blogger.<\/li><\/ul><p>Avec notre configurateur convivial, chaque internaute peut g\u00e9n\u00e9rer un widget de flux RSS en ligne et le coller sur le site Blogger. Il n&rsquo;est pas n\u00e9cessaire de payer ou de divulguer les donn\u00e9es de votre carte pour acc\u00e9der au service. Si vous rencontrez des probl\u00e8mes de quelque nature que ce soit, n&rsquo;h\u00e9sitez pas \u00e0 contacter notre \u00e9quipe d&rsquo;assistance.<\/p><\/div>\r\n\t\t\t\t\t<\/div>\r\n\t\t\t\t<\/div><\/div>","protected":false},"excerpt":{"rendered":"","protected":false},"author":9,"featured_media":0,"parent":3330,"menu_order":0,"comment_status":"closed","ping_status":"closed","template":"templates\/template-application-platform.php","meta":{"publish_to_discourse":"","publish_post_category":"","wpdc_auto_publish_overridden":"","wpdc_topic_tags":"","wpdc_pin_topic":"","wpdc_pin_until":"","discourse_post_id":"","discourse_permalink":"","wpdc_publishing_response":"","wpdc_publishing_error":"","footnotes":""},"class_list":["post-10122","page","type-page","status-publish","hentry"],"yoast_head":"<!-- This site is optimized with the Yoast SEO plugin v25.3.1 - https:\/\/yoast.com\/wordpress\/plugins\/seo\/ -->\n<title>Int\u00e9grez le widget de flux RSS au site Web Blogger en quelques \u00e9tapes simples\u00a0!<\/title>\n<meta name=\"description\" content=\"Ins\u00e9rez un widget de flux RSS r\u00e9actif sur votre site Web Blogger. Utilisez la d\u00e9mo pratique d&#039;Elfsight et modifiez votre superbe flux RSS en quelques clics\" \/>\n<meta name=\"robots\" content=\"index, follow, max-snippet:-1, max-image-preview:large, max-video-preview:-1\" \/>\n<link rel=\"canonical\" href=\"https:\/\/elfsight.com\/fr\/rss-feed-widget\/blogger\/\" \/>\n<meta property=\"og:locale\" content=\"fr_FR\" \/>\n<meta property=\"og:type\" content=\"article\" \/>\n<meta property=\"og:title\" content=\"Int\u00e9grez le widget de flux RSS au site Web Blogger en quelques \u00e9tapes simples\u00a0!\" \/>\n<meta property=\"og:description\" content=\"Ins\u00e9rez un widget de flux RSS r\u00e9actif sur votre site Web Blogger. Utilisez la d\u00e9mo pratique d&#039;Elfsight et modifiez votre superbe flux RSS en quelques clics\" \/>\n<meta property=\"og:url\" content=\"https:\/\/elfsight.com\/fr\/rss-feed-widget\/blogger\/\" \/>\n<meta property=\"og:site_name\" content=\"Elfsight FR\" \/>\n<meta property=\"article:modified_time\" content=\"2025-07-10T13:15:17+00:00\" \/>\n<meta name=\"twitter:card\" content=\"summary_large_image\" \/>\n<meta name=\"twitter:label1\" content=\"Dur\u00e9e de lecture estim\u00e9e\" \/>\n\t<meta name=\"twitter:data1\" content=\"3 minutes\" \/>\n<!-- \/ Yoast SEO plugin. -->","yoast_head_json":{"title":"Int\u00e9grez le widget de flux RSS au site Web Blogger en quelques \u00e9tapes simples\u00a0!","description":"Ins\u00e9rez un widget de flux RSS r\u00e9actif sur votre site Web Blogger. Utilisez la d\u00e9mo pratique d'Elfsight et modifiez votre superbe flux RSS en quelques clics","robots":{"index":"index","follow":"follow","max-snippet":"max-snippet:-1","max-image-preview":"max-image-preview:large","max-video-preview":"max-video-preview:-1"},"canonical":"https:\/\/elfsight.com\/fr\/rss-feed-widget\/blogger\/","og_locale":"fr_FR","og_type":"article","og_title":"Int\u00e9grez le widget de flux RSS au site Web Blogger en quelques \u00e9tapes simples\u00a0!","og_description":"Ins\u00e9rez un widget de flux RSS r\u00e9actif sur votre site Web Blogger. Utilisez la d\u00e9mo pratique d'Elfsight et modifiez votre superbe flux RSS en quelques clics","og_url":"https:\/\/elfsight.com\/fr\/rss-feed-widget\/blogger\/","og_site_name":"Elfsight FR","article_modified_time":"2025-07-10T13:15:17+00:00","twitter_card":"summary_large_image","twitter_misc":{"Dur\u00e9e de lecture estim\u00e9e":"3 minutes"},"schema":{"@context":"https:\/\/schema.org","@graph":[{"@type":"WebPage","@id":"https:\/\/elfsight.com\/fr\/rss-feed-widget\/blogger\/","url":"https:\/\/elfsight.com\/fr\/rss-feed-widget\/blogger\/","name":"Int\u00e9grez le widget de flux RSS au site Web Blogger en quelques \u00e9tapes simples\u00a0!","isPartOf":{"@id":"https:\/\/elfsight.com\/fr\/#website"},"datePublished":"1970-01-01T00:00:00+00:00","dateModified":"2025-07-10T13:15:17+00:00","description":"Ins\u00e9rez un widget de flux RSS r\u00e9actif sur votre site Web Blogger. Utilisez la d\u00e9mo pratique d'Elfsight et modifiez votre superbe flux RSS en quelques clics","breadcrumb":{"@id":"https:\/\/elfsight.com\/fr\/rss-feed-widget\/blogger\/#breadcrumb"},"inLanguage":"fr-FR","potentialAction":[{"@type":"ReadAction","target":["https:\/\/elfsight.com\/fr\/rss-feed-widget\/blogger\/"]}]},{"@type":"BreadcrumbList","@id":"https:\/\/elfsight.com\/fr\/rss-feed-widget\/blogger\/#breadcrumb","itemListElement":[{"@type":"ListItem","position":1,"name":"Home","item":"https:\/\/elfsight.com\/fr\/"},{"@type":"ListItem","position":2,"name":"RSS Feed","item":"https:\/\/elfsight.com\/fr\/rss-feed-widget\/"},{"@type":"ListItem","position":3,"name":"RSS Feed &#8211; Blogger"}]},{"@type":"WebSite","@id":"https:\/\/elfsight.com\/fr\/#website","url":"https:\/\/elfsight.com\/fr\/","name":"Elfsight FR","description":"","potentialAction":[{"@type":"SearchAction","target":{"@type":"EntryPoint","urlTemplate":"https:\/\/elfsight.com\/fr\/?s={search_term_string}"},"query-input":{"@type":"PropertyValueSpecification","valueRequired":true,"valueName":"search_term_string"}}],"inLanguage":"fr-FR"}]}},"meta_box":{"industry":"","seo_heading":"","heading":"","description":"","cta_heading":"","cta_description":"","application":"3329","h1":"Widget de flux RSS Blogger","h1_caption":"Int\u00e9grez un flux RSS sur votre site Web pour afficher du contenu provenant de sources externes, gardant ainsi votre site Web \u00e0 jour avec du mat\u00e9riel r\u00e9cent sur votre site Web Blogger sans effort.","application_category":[],"applications_title":"","applications_request_title":"","applications_request_button_text":"","hero_text":"","hero_video":"","hero_video_schema_markup":"","selling_points_title":"","selling_points_caption":"","selling_points":[],"selling_points_cta_text":"","features_title":"","features":"","ed_cta_examples_text":"","ed_cta_examples_hidden":"","ed_cta_demo_text":"","ed_cta_demo_hidden":"","why_caption":"","why_editor_title":"","why_editor_text":"","why_team_title":"","why_team_text":"","why_service_title":"","why_service_text":"","template_catalog_visible":"","template_catalog_title":"","template_catalog_text":"","template_catalog_categories_visible":"","demo_title":"Cr\u00e9ez votre widget Flux RSS","demo_caption":"Configurez votre flux RSS et ajoutez-le gratuitement \u00e0 votre site Blogger\u00a0!","default_faq_hidden":"","app_template_category":[],"platform":"348","template_public_id":"","codecanyon_url":"","codecanyon_item_id":"","codecanyon_price":"","pricing_caption":"","pricing_elfsight_apps_hide_column":"","pricing_elfsight_apps_url":"","pricing_codecanyon_price_caption":"","integration_category":[],"integration_request_title":"","integration_request_cta":"","integration_platform":"","integrations":[],"platform_category":[],"video_schema_markup":"","price":"\u00e0 partir de 0$ \/ mois","trial":"","benefits":[{"text":"Service d'installation gratuit"},{"text":"Support client exp\u00e9riment\u00e9"},{"text":"Garantie de remboursement de 14 jours"},{"text":"D\u00e9veloppement continu"}],"button_url":"","button_target_blank":"","button_nofollow":"","attributes":[{"name":"Installations","content":"10,000 - 100,000"},{"name":"Sensible","content":"Oui"},{"name":"Navigateurs compatibles","content":"Firefox, Safari, Opera, Chrome, Edge"}],"tags":[],"tags_disable_links":"","hide_more_platforms":"","video_object":"","demo_hide_cta":"","demo_hide_cloud_options":"","pricing_title":"","pricing":[{"pricing_icon":"platform","pricing_title":"Elfsight Apps","pricing_title_caption":"Solution ind\u00e9pendante de la plateforme","pricing_price":"from $0 \/ month","pricing_price_caption":"commencez avec un forfait gratuit","pricing_benefits":[{"text":"Sites Web illimit\u00e9s"},{"text":"Assistance rapide et ponctuelle"},{"text":"Assistance \u00e0 l'installation gratuite"},{"text":"100% personnalisable"}],"pricing_button_text":"Ajouter au site Web","pricing_button_url":"#demo"}],"related_apps_title":"","related_apps_hidden":"","author":"","image":[],"title":"","job":"","social_networks":[]},"_links":{"self":[{"href":"https:\/\/elfsight.com\/fr\/wp-json\/wp\/v2\/pages\/10122","targetHints":{"allow":["GET"]}}],"collection":[{"href":"https:\/\/elfsight.com\/fr\/wp-json\/wp\/v2\/pages"}],"about":[{"href":"https:\/\/elfsight.com\/fr\/wp-json\/wp\/v2\/types\/page"}],"author":[{"embeddable":true,"href":"https:\/\/elfsight.com\/fr\/wp-json\/wp\/v2\/users\/9"}],"replies":[{"embeddable":true,"href":"https:\/\/elfsight.com\/fr\/wp-json\/wp\/v2\/comments?post=10122"}],"version-history":[{"count":1,"href":"https:\/\/elfsight.com\/fr\/wp-json\/wp\/v2\/pages\/10122\/revisions"}],"predecessor-version":[{"id":10126,"href":"https:\/\/elfsight.com\/fr\/wp-json\/wp\/v2\/pages\/10122\/revisions\/10126"}],"up":[{"embeddable":true,"href":"https:\/\/elfsight.com\/fr\/wp-json\/wp\/v2\/pages\/3330"}],"wp:attachment":[{"href":"https:\/\/elfsight.com\/fr\/wp-json\/wp\/v2\/media?parent=10122"}],"curies":[{"name":"wp","href":"https:\/\/api.w.org\/{rel}","templated":true}]}}