{"id":10116,"date":"1970-01-01T00:00:00","date_gmt":"1970-01-01T00:00:00","guid":{"rendered":"https:\/\/elfsight.com\/fr\/?page_id=10116"},"modified":"2025-07-10T13:15:43","modified_gmt":"2025-07-10T13:15:43","slug":"facebook","status":"publish","type":"page","link":"https:\/\/elfsight.com\/fr\/rss-feed-widget\/facebook\/","title":{"rendered":"RSS Feed &#8211; Facebook Page"},"content":{"rendered":"<div class=\"application-platform-content-item-description application-platform-content-item\" id=\"description\" data-nav-section=\"description\"> <h2>Description<\/h2> <p>Le flux RSS Elfsight pour la page Facebook est un widget exclusif pour le marketing des \u00e9motions et des exp\u00e9riences. En l&rsquo;utilisant, vous pouvez cr\u00e9er un flux personnalis\u00e9 compos\u00e9 du contenu de plusieurs sites d&rsquo;actualit\u00e9s &#8211; et le pr\u00e9senter directement sur votre site Internet. Exercez un contr\u00f4le total sur un contenu affich\u00e9 et \u00e9liminez le spam et tout contenu involontaire gr\u00e2ce \u00e0 la mod\u00e9ration manuelle. Le configurateur en ligne enti\u00e8rement r\u00e9actif vous propose diff\u00e9rents mod\u00e8les \u00e0 s\u00e9lectionner. <\/p> <p><b>Am\u00e9liorez le succ\u00e8s de votre site Web pour les t\u00e2ches professionnelles avec le flux RSS<\/b><\/p> <\/div> <div class=\"application-platform-content-item-features application-platform-content-item\" id=\"features\" data-nav-section=\"features\"> <h2>Voici la liste des plus fonctionnalit\u00e9s utiles\u00a0: <\/h2> <ul><li>Masquer l&rsquo;en-t\u00eate pour donner au widget un aspect minimaliste. <\/li><li>\u00c9liminez tout spam et contenu ind\u00e9sirable via la mod\u00e9ration manuelle. <\/li><li>Choisissez l&rsquo;une des 6 mises en page disponibles\u00a0: Liste, Grille, Ma\u00e7onnerie, Carrousel, Collage, Slider. <\/li><li>Faites en sorte que vos publications soient affich\u00e9es en mode pop-up. <\/li><\/ul><p><a href=\"#demo\">Explorez toutes les fonctionnalit\u00e9s de personnalisation dans une d\u00e9mo compl\u00e8te<\/a><\/p> <\/div> <div class=\"application-platform-content-item-installation application-platform-content-item\" id=\"installation\" data-nav-section=\"installation\"> <h2>Comment ajouter un flux RSS sur le site de ma page Facebook\u00a0? <\/h2> <p>Suivez simplement les instructions ci-dessous pour commencer \u00e0 utiliser le widget. <\/p> <ol><li><b>Ex\u00e9cutez notre configurateur gratuit et commencez \u00e0 cr\u00e9er votre widget unique. <\/b><br> D\u00e9terminez la disposition et les caract\u00e9ristiques pr\u00e9f\u00e9r\u00e9es du widget et appliquez les corrections. <\/li> <li><b>Copiez le code personnel expos\u00e9 dans la fen\u00eatre sur Elfsight Apps. <\/b><br> Juste apr\u00e8s la configuration de votre widget, copiez le code personnel de la fen\u00eatre qui appara\u00eet et conservez-le pour un besoin ult\u00e9rieur. <\/li> <li><b>Commencez \u00e0 utiliser le widget sur votre site Web de page Facebook. <\/b><br> Int\u00e9grez le code que vous avez enregistr\u00e9 auparavant dans votre site Web et enregistrez les modifications. <\/li> <li><b>Vous avez termin\u00e9\u00a0! L&rsquo;int\u00e9gration est enti\u00e8rement termin\u00e9e. <\/b><br> Visitez votre page pour observer le fonctionnement du widget. <\/li><\/ol> <p>Si vous rencontrez des difficult\u00e9s, n&rsquo;h\u00e9sitez pas \u00e0 \u00e9crire \u00e0 notre \u00e9quipe d&rsquo;assistance. Nos consultants seront ravis de r\u00e9soudre tous les probl\u00e8mes que vous pourriez rencontrer avec le widget. <\/p> <\/div>","protected":false},"excerpt":{"rendered":"","protected":false},"author":9,"featured_media":0,"parent":3330,"menu_order":0,"comment_status":"closed","ping_status":"closed","template":"templates\/template-application-platform.php","meta":{"publish_to_discourse":"","publish_post_category":"","wpdc_auto_publish_overridden":"","wpdc_topic_tags":"","wpdc_pin_topic":"","wpdc_pin_until":"","discourse_post_id":"","discourse_permalink":"","wpdc_publishing_response":"","wpdc_publishing_error":"","footnotes":""},"class_list":["post-10116","page","type-page","status-publish","hentry"],"yoast_head":"<!-- This site is optimized with the Yoast SEO plugin v25.3.1 - https:\/\/yoast.com\/wordpress\/plugins\/seo\/ -->\n<title>Ajoutez un widget de flux RSS au site Web de la page Facebook (rapide et gratuit)<\/title>\n<meta name=\"description\" content=\"Impl\u00e9mentez un widget de flux RSS convivial sur votre site Web de page Facebook. Essayez la d\u00e9mo pratique d&#039;Elfsight et g\u00e9n\u00e9rez votre magnifique flux RSS\u044e\" \/>\n<meta name=\"robots\" content=\"index, follow, max-snippet:-1, max-image-preview:large, max-video-preview:-1\" \/>\n<link rel=\"canonical\" href=\"https:\/\/elfsight.com\/fr\/rss-feed-widget\/facebook\/\" \/>\n<meta property=\"og:locale\" content=\"fr_FR\" \/>\n<meta property=\"og:type\" content=\"article\" \/>\n<meta property=\"og:title\" content=\"Ajoutez un widget de flux RSS au site Web de la page Facebook (rapide et gratuit)\" \/>\n<meta property=\"og:description\" content=\"Impl\u00e9mentez un widget de flux RSS convivial sur votre site Web de page Facebook. Essayez la d\u00e9mo pratique d&#039;Elfsight et g\u00e9n\u00e9rez votre magnifique flux RSS\u044e\" \/>\n<meta property=\"og:url\" content=\"https:\/\/elfsight.com\/fr\/rss-feed-widget\/facebook\/\" \/>\n<meta property=\"og:site_name\" content=\"Elfsight FR\" \/>\n<meta property=\"article:modified_time\" content=\"2025-07-10T13:15:43+00:00\" \/>\n<meta name=\"twitter:card\" content=\"summary_large_image\" \/>\n<meta name=\"twitter:label1\" content=\"Dur\u00e9e de lecture estim\u00e9e\" \/>\n\t<meta name=\"twitter:data1\" content=\"2 minutes\" \/>\n<!-- \/ Yoast SEO plugin. -->","yoast_head_json":{"title":"Ajoutez un widget de flux RSS au site Web de la page Facebook (rapide et gratuit)","description":"Impl\u00e9mentez un widget de flux RSS convivial sur votre site Web de page Facebook. Essayez la d\u00e9mo pratique d'Elfsight et g\u00e9n\u00e9rez votre magnifique flux RSS\u044e","robots":{"index":"index","follow":"follow","max-snippet":"max-snippet:-1","max-image-preview":"max-image-preview:large","max-video-preview":"max-video-preview:-1"},"canonical":"https:\/\/elfsight.com\/fr\/rss-feed-widget\/facebook\/","og_locale":"fr_FR","og_type":"article","og_title":"Ajoutez un widget de flux RSS au site Web de la page Facebook (rapide et gratuit)","og_description":"Impl\u00e9mentez un widget de flux RSS convivial sur votre site Web de page Facebook. Essayez la d\u00e9mo pratique d'Elfsight et g\u00e9n\u00e9rez votre magnifique flux RSS\u044e","og_url":"https:\/\/elfsight.com\/fr\/rss-feed-widget\/facebook\/","og_site_name":"Elfsight FR","article_modified_time":"2025-07-10T13:15:43+00:00","twitter_card":"summary_large_image","twitter_misc":{"Dur\u00e9e de lecture estim\u00e9e":"2 minutes"},"schema":{"@context":"https:\/\/schema.org","@graph":[{"@type":"WebPage","@id":"https:\/\/elfsight.com\/fr\/rss-feed-widget\/facebook\/","url":"https:\/\/elfsight.com\/fr\/rss-feed-widget\/facebook\/","name":"Ajoutez un widget de flux RSS au site Web de la page Facebook (rapide et gratuit)","isPartOf":{"@id":"https:\/\/elfsight.com\/fr\/#website"},"datePublished":"1970-01-01T00:00:00+00:00","dateModified":"2025-07-10T13:15:43+00:00","description":"Impl\u00e9mentez un widget de flux RSS convivial sur votre site Web de page Facebook. Essayez la d\u00e9mo pratique d'Elfsight et g\u00e9n\u00e9rez votre magnifique flux RSS\u044e","breadcrumb":{"@id":"https:\/\/elfsight.com\/fr\/rss-feed-widget\/facebook\/#breadcrumb"},"inLanguage":"fr-FR","potentialAction":[{"@type":"ReadAction","target":["https:\/\/elfsight.com\/fr\/rss-feed-widget\/facebook\/"]}]},{"@type":"BreadcrumbList","@id":"https:\/\/elfsight.com\/fr\/rss-feed-widget\/facebook\/#breadcrumb","itemListElement":[{"@type":"ListItem","position":1,"name":"Home","item":"https:\/\/elfsight.com\/fr\/"},{"@type":"ListItem","position":2,"name":"RSS Feed","item":"https:\/\/elfsight.com\/fr\/rss-feed-widget\/"},{"@type":"ListItem","position":3,"name":"RSS Feed &#8211; Facebook Page"}]},{"@type":"WebSite","@id":"https:\/\/elfsight.com\/fr\/#website","url":"https:\/\/elfsight.com\/fr\/","name":"Elfsight FR","description":"","potentialAction":[{"@type":"SearchAction","target":{"@type":"EntryPoint","urlTemplate":"https:\/\/elfsight.com\/fr\/?s={search_term_string}"},"query-input":{"@type":"PropertyValueSpecification","valueRequired":true,"valueName":"search_term_string"}}],"inLanguage":"fr-FR"}]}},"meta_box":{"industry":"","seo_heading":"","heading":"","description":"","cta_heading":"","cta_description":"","application":"3329","h1":"Widget de flux RSS de la page Facebook","h1_caption":"Int\u00e9grez un flux RSS sur votre site Web pour afficher du contenu provenant de sources externes, en gardant votre site Web \u00e0 jour avec du mat\u00e9riel frais dans votre page Facebook sans effort.","application_category":[],"applications_title":"","applications_request_title":"","applications_request_button_text":"","hero_text":"","hero_video":"","hero_video_schema_markup":"","selling_points_title":"","selling_points_caption":"","selling_points":[],"selling_points_cta_text":"","features_title":"","features":"","ed_cta_examples_text":"","ed_cta_examples_hidden":"","ed_cta_demo_text":"","ed_cta_demo_hidden":"","why_caption":"","why_editor_title":"","why_editor_text":"","why_team_title":"","why_team_text":"","why_service_title":"","why_service_text":"","template_catalog_visible":"","template_catalog_title":"","template_catalog_text":"","template_catalog_categories_visible":"","demo_title":"Cr\u00e9ez votre widget Flux RSS","demo_caption":"Configurez votre flux RSS et ajoutez-le gratuitement \u00e0 votre page Facebook\u00a0!","default_faq_hidden":"","app_template_category":[],"platform":"394","template_public_id":"","codecanyon_url":"","codecanyon_item_id":"","codecanyon_price":"","pricing_caption":"","pricing_elfsight_apps_hide_column":"","pricing_elfsight_apps_url":"","pricing_codecanyon_price_caption":"","integration_category":[],"integration_request_title":"","integration_request_cta":"","integration_platform":"","integrations":[],"platform_category":[],"video_schema_markup":"","price":"\u00e0 partir de 0$ \/ mois","trial":"","benefits":[{"text":"Aide \u00e0 l'installation gratuite"},{"text":"Service client professionnel"},{"text":"Garantie de remboursement de 14 jours"},{"text":"Mise \u00e0 jour constante"}],"button_url":"","button_target_blank":"","button_nofollow":"","attributes":[{"name":"Installations","content":"10,000 - 100,000"},{"name":"Sensible","content":"Oui"},{"name":"Navigateurs compatibles","content":"Firefox, Safari, Opera, Chrome, Edge"}],"tags":[],"tags_disable_links":"","hide_more_platforms":"","video_object":"","demo_hide_cta":"","demo_hide_cloud_options":"","pricing_title":"","pricing":[{"pricing_icon":"platform","pricing_title":"Elfsight Apps","pricing_title_caption":"Solution multiplateforme qui fonctionne sur n'importe quel site","pricing_price":"from $0 \/ month","pricing_price_caption":"commencez avec un forfait gratuit","pricing_benefits":[{"text":"Sites Web illimit\u00e9s"},{"text":"Un support d\u00e9di\u00e9"},{"text":"Assistance \u00e0 l'installation gratuite"},{"text":"Conception flexible"}],"pricing_button_text":"Ajouter au site Web","pricing_button_url":"#demo"}],"related_apps_title":"","related_apps_hidden":"","author":"","image":[],"title":"","job":"","social_networks":[]},"_links":{"self":[{"href":"https:\/\/elfsight.com\/fr\/wp-json\/wp\/v2\/pages\/10116","targetHints":{"allow":["GET"]}}],"collection":[{"href":"https:\/\/elfsight.com\/fr\/wp-json\/wp\/v2\/pages"}],"about":[{"href":"https:\/\/elfsight.com\/fr\/wp-json\/wp\/v2\/types\/page"}],"author":[{"embeddable":true,"href":"https:\/\/elfsight.com\/fr\/wp-json\/wp\/v2\/users\/9"}],"replies":[{"embeddable":true,"href":"https:\/\/elfsight.com\/fr\/wp-json\/wp\/v2\/comments?post=10116"}],"version-history":[{"count":1,"href":"https:\/\/elfsight.com\/fr\/wp-json\/wp\/v2\/pages\/10116\/revisions"}],"predecessor-version":[{"id":10120,"href":"https:\/\/elfsight.com\/fr\/wp-json\/wp\/v2\/pages\/10116\/revisions\/10120"}],"up":[{"embeddable":true,"href":"https:\/\/elfsight.com\/fr\/wp-json\/wp\/v2\/pages\/3330"}],"wp:attachment":[{"href":"https:\/\/elfsight.com\/fr\/wp-json\/wp\/v2\/media?parent=10116"}],"curies":[{"name":"wp","href":"https:\/\/api.w.org\/{rel}","templated":true}]}}