{"id":10109,"date":"1970-01-01T00:00:00","date_gmt":"1970-01-01T00:00:00","guid":{"rendered":"https:\/\/elfsight.com\/fr\/?page_id=10109"},"modified":"2025-07-10T13:17:02","modified_gmt":"2025-07-10T13:17:02","slug":"jquery","status":"publish","type":"page","link":"https:\/\/elfsight.com\/fr\/rss-feed-widget\/jquery\/","title":{"rendered":"RSS Feed &#8211; jQuery"},"content":{"rendered":"<div class=\"application-platform-content-item-description application-platform-content-item\" id=\"description\" data-nav-section=\"description\"> <h2>Description<\/h2> <p>Elfsight RSS Feed pour jQuery est un plugin exclusif pour le marketing des \u00e9motions et des exp\u00e9riences. En l&rsquo;utilisant, vous pouvez cr\u00e9er un flux personnalis\u00e9 compos\u00e9 du contenu de nombreux blogs d&rsquo;actualit\u00e9 &#8211; et le placer directement sur votre site Internet. Profitez du contr\u00f4le total sur un contenu d\u00e9montr\u00e9 et \u00e9liminez le spam et tout contenu ind\u00e9sirable gr\u00e2ce \u00e0 la mod\u00e9ration manuelle. Le configurateur en ligne enti\u00e8rement r\u00e9actif vous propose diff\u00e9rents mod\u00e8les parmi lesquels choisir. <\/p> <p><b>Avec le flux RSS, faites l&rsquo;exp\u00e9rience d&rsquo;un d\u00e9veloppement commercial actif et augmentez vos ventes <\/b><\/p> <\/div> <div class=\"application-platform-content-item-features application-platform-content-item\" id=\"features\" data-nav-section=\"features\"> <h2>Affichez la liste des plus fonctionnalit\u00e9s pr\u00e9cieuses\u00a0: <\/h2> <ul><li>Couvrez la section d&rsquo;en-t\u00eate pour donner au widget un aspect minimaliste. <\/li><li>D\u00e9barrassez-vous de tout spam et contenu involontaire en appliquant une mod\u00e9ration manuelle. <\/li><li>S\u00e9lectionnez l&rsquo;une des six mises en page pr\u00e9sentes\u00a0: Liste, Ma\u00e7onnerie, Collage, Curseur, Grille, Carrousel. <\/li><li>Autorisez l&rsquo;affichage de vos publications en mode pop-up. <\/li><\/ul><p><a href=\"#demo\">Essayez toutes les options de personnalisation dans la d\u00e9mo compl\u00e8te<\/a><\/p> <\/div> <div class=\"application-platform-content-item-installation application-platform-content-item\" id=\"installation\" data-nav-section=\"installation\"> <h2>Comment int\u00e9grer un flux RSS \u00e0 mon site Web jQuery\u00a0? <\/h2> <p>Suivez simplement plusieurs \u00e9tapes d\u00e9crites ci-dessous pour ins\u00e9rer le plugin. <\/p> <ol><li><b>Utilisez notre configurateur gratuit et commencez \u00e0 fa\u00e7onner votre plugin unique. <\/b><br> Choisissez la forme et la fonctionnalit\u00e9 pr\u00e9f\u00e9rables du plugin et appliquez les modifications. <\/li> <li><b>Obtenez votre code unique affich\u00e9 dans la case sur les applications Elfsight. <\/b><br> D\u00e8s que la g\u00e9n\u00e9ration de votre plugin personnel est termin\u00e9e, copiez le code individuel de la fen\u00eatre apparue et conservez-le pour une utilisation ult\u00e9rieure. <\/li> <li><b>Initiez l&rsquo;utilisation du plugin sur votre site Web jQuery. <\/b><br> Saisissez le code copi\u00e9 auparavant dans votre page et enregistrez les modifications. <\/li> <li><b>L&rsquo;installation est enti\u00e8rement effectu\u00e9e. <\/b><br> Acc\u00e9dez \u00e0 votre page pour inspecter le travail du plugin. <\/li><\/ol> <p>\u00c0 condition de r\u00e9pondre \u00e0 des questions ou de rencontrer des difficult\u00e9s, n&rsquo;h\u00e9sitez pas \u00e0 postuler aupr\u00e8s de notre service client. Nos consultants ont h\u00e2te de r\u00e9soudre toutes les difficult\u00e9s que vous pourriez rencontrer avec le plugin. <\/p> <\/div><div class=\"faq\" data-component=\"FAQ\"><div class=\"faq-item\">\r\n\t\t\t\t\t<div class=\"faq-item-question\">\r\n\t\t\t\t\t\t<h3 class=\"faq-item-question-text\">Existe-t-il une m\u00e9thode pour int\u00e9grer un flux RSS \u00e0 ma page Web jQuery sans exp\u00e9rience en codage ?<\/h3>\r\n\r\n\t\t\t\t\t\t<div class=\"faq-item-question-icon\"><\/div>\r\n\t\t\t\t\t<\/div>\r\n\r\n\t\t\t\t\t<div class=\"faq-item-answer\">\r\n\t\t\t\t\t\t<div class=\"faq-item-answer-text\"><p>Soci\u00e9t\u00e9 Elfsight propose une solution qui permet aux utilisateurs de g\u00e9n\u00e9rer eux-m\u00eames un widget de flux RSS. Regardez \u00e0 quel point c&rsquo;est simple\u00a0: <\/p><ul><li>Acc\u00e9dez \u00e0 l&rsquo;\u00e9diteur en direct pour cr\u00e9er un widget de flux RSS que vous souhaitez inclure sur jQuery.<\/li><li>Choisissez l&rsquo;un des mod\u00e8les pr\u00e9d\u00e9finis et ajustez les param\u00e8tres du flux RSS, mettez \u00e0 jour votre contenu, changez la mise en page et les couleurs sans connaissances en codage.<\/li><li>Cliquez pour enregistrer le flux RSS et obtenir le code d&rsquo;installation, qui peut \u00eatre facilement coll\u00e9 gratuitement sur la page d&rsquo;accueil de jQuery.<\/li><\/ul><p>\u00c0 l&rsquo;aide du configurateur intuitif, tout internaute peut cr\u00e9er un flux RSS en ligne et l&rsquo;int\u00e9grer au site jQuery. Vous ne devez pas payer ni soumettre les informations d\u2019identification de votre carte pour acc\u00e9der \u00e0 notre service. Si vous rencontrez des probl\u00e8mes \u00e0 n&rsquo;importe quelle \u00e9tape, n&rsquo;h\u00e9sitez pas \u00e0 contacter notre \u00e9quipe d&rsquo;assistance.<\/p><\/div>\r\n\t\t\t\t\t<\/div>\r\n\t\t\t\t<\/div><\/div>","protected":false},"excerpt":{"rendered":"","protected":false},"author":9,"featured_media":0,"parent":3330,"menu_order":0,"comment_status":"closed","ping_status":"closed","template":"templates\/template-application-platform.php","meta":{"publish_to_discourse":"","publish_post_category":"","wpdc_auto_publish_overridden":"","wpdc_topic_tags":"","wpdc_pin_topic":"","wpdc_pin_until":"","discourse_post_id":"","discourse_permalink":"","wpdc_publishing_response":"","wpdc_publishing_error":"","footnotes":""},"class_list":["post-10109","page","type-page","status-publish","hentry"],"yoast_head":"<!-- This site is optimized with the Yoast SEO plugin v25.3.1 - https:\/\/yoast.com\/wordpress\/plugins\/seo\/ -->\n<title>Ajouter le plugin RSS Feed au site Web jQuery (rapide et gratuit)<\/title>\n<meta name=\"description\" content=\"Int\u00e9grez un plugin de flux RSS r\u00e9actif sur votre site Web jQuery. Utilisez la d\u00e9mo pratique d&#039;Elfsight et g\u00e9n\u00e9rez votre flux RSS unique en quelques minutes\" \/>\n<meta name=\"robots\" content=\"index, follow, max-snippet:-1, max-image-preview:large, max-video-preview:-1\" \/>\n<link rel=\"canonical\" href=\"https:\/\/elfsight.com\/fr\/rss-feed-widget\/jquery\/\" \/>\n<meta property=\"og:locale\" content=\"fr_FR\" \/>\n<meta property=\"og:type\" content=\"article\" \/>\n<meta property=\"og:title\" content=\"Ajouter le plugin RSS Feed au site Web jQuery (rapide et gratuit)\" \/>\n<meta property=\"og:description\" content=\"Int\u00e9grez un plugin de flux RSS r\u00e9actif sur votre site Web jQuery. Utilisez la d\u00e9mo pratique d&#039;Elfsight et g\u00e9n\u00e9rez votre flux RSS unique en quelques minutes\" \/>\n<meta property=\"og:url\" content=\"https:\/\/elfsight.com\/fr\/rss-feed-widget\/jquery\/\" \/>\n<meta property=\"og:site_name\" content=\"Elfsight FR\" \/>\n<meta property=\"article:modified_time\" content=\"2025-07-10T13:17:02+00:00\" \/>\n<meta name=\"twitter:card\" content=\"summary_large_image\" \/>\n<meta name=\"twitter:label1\" content=\"Dur\u00e9e de lecture estim\u00e9e\" \/>\n\t<meta name=\"twitter:data1\" content=\"3 minutes\" \/>\n<!-- \/ Yoast SEO plugin. -->","yoast_head_json":{"title":"Ajouter le plugin RSS Feed au site Web jQuery (rapide et gratuit)","description":"Int\u00e9grez un plugin de flux RSS r\u00e9actif sur votre site Web jQuery. Utilisez la d\u00e9mo pratique d'Elfsight et g\u00e9n\u00e9rez votre flux RSS unique en quelques minutes","robots":{"index":"index","follow":"follow","max-snippet":"max-snippet:-1","max-image-preview":"max-image-preview:large","max-video-preview":"max-video-preview:-1"},"canonical":"https:\/\/elfsight.com\/fr\/rss-feed-widget\/jquery\/","og_locale":"fr_FR","og_type":"article","og_title":"Ajouter le plugin RSS Feed au site Web jQuery (rapide et gratuit)","og_description":"Int\u00e9grez un plugin de flux RSS r\u00e9actif sur votre site Web jQuery. Utilisez la d\u00e9mo pratique d'Elfsight et g\u00e9n\u00e9rez votre flux RSS unique en quelques minutes","og_url":"https:\/\/elfsight.com\/fr\/rss-feed-widget\/jquery\/","og_site_name":"Elfsight FR","article_modified_time":"2025-07-10T13:17:02+00:00","twitter_card":"summary_large_image","twitter_misc":{"Dur\u00e9e de lecture estim\u00e9e":"3 minutes"},"schema":{"@context":"https:\/\/schema.org","@graph":[{"@type":"WebPage","@id":"https:\/\/elfsight.com\/fr\/rss-feed-widget\/jquery\/","url":"https:\/\/elfsight.com\/fr\/rss-feed-widget\/jquery\/","name":"Ajouter le plugin RSS Feed au site Web jQuery (rapide et gratuit)","isPartOf":{"@id":"https:\/\/elfsight.com\/fr\/#website"},"datePublished":"1970-01-01T00:00:00+00:00","dateModified":"2025-07-10T13:17:02+00:00","description":"Int\u00e9grez un plugin de flux RSS r\u00e9actif sur votre site Web jQuery. Utilisez la d\u00e9mo pratique d'Elfsight et g\u00e9n\u00e9rez votre flux RSS unique en quelques minutes","breadcrumb":{"@id":"https:\/\/elfsight.com\/fr\/rss-feed-widget\/jquery\/#breadcrumb"},"inLanguage":"fr-FR","potentialAction":[{"@type":"ReadAction","target":["https:\/\/elfsight.com\/fr\/rss-feed-widget\/jquery\/"]}]},{"@type":"BreadcrumbList","@id":"https:\/\/elfsight.com\/fr\/rss-feed-widget\/jquery\/#breadcrumb","itemListElement":[{"@type":"ListItem","position":1,"name":"Home","item":"https:\/\/elfsight.com\/fr\/"},{"@type":"ListItem","position":2,"name":"RSS Feed","item":"https:\/\/elfsight.com\/fr\/rss-feed-widget\/"},{"@type":"ListItem","position":3,"name":"RSS Feed &#8211; jQuery"}]},{"@type":"WebSite","@id":"https:\/\/elfsight.com\/fr\/#website","url":"https:\/\/elfsight.com\/fr\/","name":"Elfsight FR","description":"","potentialAction":[{"@type":"SearchAction","target":{"@type":"EntryPoint","urlTemplate":"https:\/\/elfsight.com\/fr\/?s={search_term_string}"},"query-input":{"@type":"PropertyValueSpecification","valueRequired":true,"valueName":"search_term_string"}}],"inLanguage":"fr-FR"}]}},"meta_box":{"industry":"","seo_heading":"","heading":"","description":"","cta_heading":"","cta_description":"","application":"3329","h1":"Plugin de flux RSS jQuery","h1_caption":"Int\u00e9grez un flux RSS sur votre site Web pour afficher du contenu provenant de sources externes, en gardant votre site Web \u00e0 jour avec du mat\u00e9riel frais dans votre site Web jQuery sans effort.","application_category":[],"applications_title":"","applications_request_title":"","applications_request_button_text":"","hero_text":"","hero_video":"","hero_video_schema_markup":"","selling_points_title":"","selling_points_caption":"","selling_points":[],"selling_points_cta_text":"","features_title":"","features":"","ed_cta_examples_text":"","ed_cta_examples_hidden":"","ed_cta_demo_text":"","ed_cta_demo_hidden":"","why_caption":"","why_editor_title":"","why_editor_text":"","why_team_title":"","why_team_text":"","why_service_title":"","why_service_text":"","template_catalog_visible":"","template_catalog_title":"","template_catalog_text":"","template_catalog_categories_visible":"","demo_title":"Cr\u00e9ez votre plugin de flux RSS","demo_caption":"Configurez votre flux RSS et ajoutez-le gratuitement \u00e0 votre site Web jQuery\u00a0!","default_faq_hidden":"","app_template_category":[],"platform":"355","template_public_id":"","codecanyon_url":"","codecanyon_item_id":"","codecanyon_price":"","pricing_caption":"","pricing_elfsight_apps_hide_column":"","pricing_elfsight_apps_url":"","pricing_codecanyon_price_caption":"","integration_category":[],"integration_request_title":"","integration_request_cta":"","integration_platform":"","integrations":[],"platform_category":[],"video_schema_markup":"","price":"\u00e0 partir de 0$ \/ mois","trial":"","benefits":[{"text":"Service d'installation gratuit"},{"text":"Support client exp\u00e9riment\u00e9"},{"text":"Garantie de remboursement de 14 jours"},{"text":"Mises \u00e0 jour continues"}],"button_url":"","button_target_blank":"","button_nofollow":"","attributes":[{"name":"Installations","content":"10,000 - 100,000"},{"name":"Sensible","content":"Oui"},{"name":"Navigateurs compatibles","content":"Firefox, Safari, Opera, Chrome, Edge"}],"tags":[],"tags_disable_links":"","hide_more_platforms":"","video_object":"","demo_hide_cta":"","demo_hide_cloud_options":"","pricing_title":"","pricing":[{"pricing_icon":"platform","pricing_title":"Elfsight Apps","pricing_title_caption":"Solution ind\u00e9pendante de la plateforme","pricing_price":"from $0 \/ month","pricing_price_caption":"commencez avec un forfait gratuit","pricing_benefits":[{"text":"Sites Web illimit\u00e9s"},{"text":"Support client professionnel et bien document\u00e9"},{"text":"Assistance \u00e0 l'installation gratuite"},{"text":"Conception flexible"}],"pricing_button_text":"Ajouter au site Web","pricing_button_url":"#demo"}],"related_apps_title":"","related_apps_hidden":"","author":"","image":[],"title":"","job":"","social_networks":[]},"_links":{"self":[{"href":"https:\/\/elfsight.com\/fr\/wp-json\/wp\/v2\/pages\/10109","targetHints":{"allow":["GET"]}}],"collection":[{"href":"https:\/\/elfsight.com\/fr\/wp-json\/wp\/v2\/pages"}],"about":[{"href":"https:\/\/elfsight.com\/fr\/wp-json\/wp\/v2\/types\/page"}],"author":[{"embeddable":true,"href":"https:\/\/elfsight.com\/fr\/wp-json\/wp\/v2\/users\/9"}],"replies":[{"embeddable":true,"href":"https:\/\/elfsight.com\/fr\/wp-json\/wp\/v2\/comments?post=10109"}],"version-history":[{"count":1,"href":"https:\/\/elfsight.com\/fr\/wp-json\/wp\/v2\/pages\/10109\/revisions"}],"predecessor-version":[{"id":10113,"href":"https:\/\/elfsight.com\/fr\/wp-json\/wp\/v2\/pages\/10109\/revisions\/10113"}],"up":[{"embeddable":true,"href":"https:\/\/elfsight.com\/fr\/wp-json\/wp\/v2\/pages\/3330"}],"wp:attachment":[{"href":"https:\/\/elfsight.com\/fr\/wp-json\/wp\/v2\/media?parent=10109"}],"curies":[{"name":"wp","href":"https:\/\/api.w.org\/{rel}","templated":true}]}}