{"id":10106,"date":"1970-01-01T00:00:00","date_gmt":"1970-01-01T00:00:00","guid":{"rendered":"https:\/\/elfsight.com\/fr\/?page_id=10106"},"modified":"2025-07-10T13:17:16","modified_gmt":"2025-07-10T13:17:16","slug":"magento","status":"publish","type":"page","link":"https:\/\/elfsight.com\/fr\/rss-feed-widget\/magento\/","title":{"rendered":"RSS Feed &#8211; Magento"},"content":{"rendered":"<div class=\"application-platform-content-item-description application-platform-content-item\" id=\"description\" data-nav-section=\"description\"> <h2>Description<\/h2> <p>Elfsight RSS Feed pour Magento est une extension pour le marketing des \u00e9motions et des exp\u00e9riences. En l&rsquo;utilisant, vous pouvez d\u00e9velopper un flux individuel compos\u00e9 du contenu de diff\u00e9rents sites d&rsquo;information &#8211; et le pr\u00e9senter directement sur votre site Web. Exercez le contr\u00f4le total sur un contenu d\u00e9montr\u00e9 et \u00e9liminez le spam et tout contenu ind\u00e9sirable en appliquant une mod\u00e9ration manuelle. Le configurateur en ligne enti\u00e8rement r\u00e9actif vous propose de nombreux mod\u00e8les \u00e0 choisir. <\/p> <p><b>Lancez le flux RSS pour atteindre les sommets de votre entreprise plus facilement\u00a0! <\/b><\/p> <\/div> <div class=\"application-platform-content-item-features application-platform-content-item\" id=\"features\" data-nav-section=\"features\"> <h2>L&rsquo;extension poss\u00e8de des fonctionnalit\u00e9s pratiques et rapides, en voici quelques-unes\u00a0: <\/h2> <ul><li>Cagoule la t\u00eate section pour rendre le widget minimaliste. <\/li><li>\u00c9liminez tout spam et contenu ind\u00e9sirable gr\u00e2ce au mode de mod\u00e9ration manuelle. <\/li><li>Choisissez l&rsquo;une des six mises en page pr\u00e9sentes\u00a0: Collage, Slider, Liste, Ma\u00e7onnerie, Grille, Carrousel. <\/li><li>Autorisez l&rsquo;affichage de vos publications dans une fen\u00eatre contextuelle. <\/li><\/ul><p><a href=\"#demo\">Vous pouvez tester toutes les fonctionnalit\u00e9s du widget dans la d\u00e9mo ci-dessous<\/a><\/p> <\/div> <div class=\"application-platform-content-item- installation application-platform-content-item\" id=\" installation\" data-nav-section=\" installation\"> <h2>Comment puis-je ajouter un flux RSS \u00e0 mon site Magento\u00a0? <\/h2> <p>Suivez simplement les \u00e9tapes suivantes indiqu\u00e9es ci-dessous pour int\u00e9grer l&rsquo;extension. <\/p> <ol><li><b>Lancez notre \u00e9diteur gratuit et commencez \u00e0 fa\u00e7onner votre extension personnalis\u00e9e. <\/b><br> Recherchez l&rsquo;apparence et les aspects pr\u00e9f\u00e9r\u00e9s de l&rsquo;outil et appliquez les modifications. <\/li> <li><b>Acqu\u00e9rez votre code individuel r\u00e9v\u00e9l\u00e9 dans la fen\u00eatre des applications Elfsight. <\/b><br> Juste apr\u00e8s la g\u00e9n\u00e9ration de votre plugin, copiez le code personnel dans la fen\u00eatre contextuelle qui appara\u00eet et conservez-le pour une utilisation ult\u00e9rieure. <\/li> <li><b>Entrez en utilisant le widget sur le site Magento. <\/b><br> Int\u00e9grez le code que vous avez copi\u00e9 r\u00e9cemment dans votre page et enregistrez les modifications. <\/li> <li><b>Fait\u00a0! L&rsquo;int\u00e9gration est enti\u00e8rement termin\u00e9e. <\/b><br> Acc\u00e9dez \u00e0 votre page pour v\u00e9rifier les performances de l&rsquo;outil. <\/li><\/ol> <p>Si vous rencontrez un probl\u00e8me, n&rsquo;h\u00e9sitez pas \u00e0 vous adresser \u00e0 notre \u00e9quipe d&rsquo;assistance. Nos sp\u00e9cialistes seront ravis de r\u00e9soudre tous les probl\u00e8mes que vous pourriez rencontrer avec le produit. <\/p> <\/div><div class=\"faq\" data-component=\"FAQ\"><div class=\"faq-item\">\r\n\t\t\t\t\t<div class=\"faq-item-question\">\r\n\t\t\t\t\t\t<h3 class=\"faq-item-question-text\">Existe-t-il un moyen d'int\u00e9grer un flux RSS \u00e0 ma page Web Magento sans comp\u00e9tences en codage ?<\/h3>\r\n\r\n\t\t\t\t\t\t<div class=\"faq-item-question-icon\"><\/div>\r\n\t\t\t\t\t<\/div>\r\n\r\n\t\t\t\t\t<div class=\"faq-item-answer\">\r\n\t\t\t\t\t\t<div class=\"faq-item-answer-text\"><p>Elfsight La soci\u00e9t\u00e9 propose une solution SaaS qui permet \u00e0 un large public de cr\u00e9er vous-m\u00eame un widget de flux RSS. Regardez \u00e0 quel point le processus est simple\u00a0: <\/p><ul><li> Acc\u00e9dez \u00e0 l&rsquo;\u00e9diteur en direct pour cr\u00e9er un plugin de flux RSS sur lequel vous souhaitez appara\u00eetre. votre site Web Magento.<\/li><li>Choisissez l&rsquo;un des mod\u00e8les pr\u00e9d\u00e9finis et modifiez les param\u00e8tres du flux RSS, mettez \u00e0 jour votre contenu, changez la disposition et la couleur des \u00e9l\u00e9ments sans aucune exp\u00e9rience de codage.<\/li><li>Enregistrez le flux RSS et obtenez le code \u00e0 int\u00e9grer, qui peut \u00eatre simplement int\u00e9gr\u00e9 gratuitement dans la page d&rsquo;accueil de Magento.<\/li><\/ul><p>Avec le configurateur intuitif, chaque internaute peut cr\u00e9er un plugin de flux RSS et l&rsquo;int\u00e9grer sans effort \u00e0 n&rsquo;importe quel Magento. page web. Il n&rsquo;est pas n\u00e9cessaire d&rsquo;obtenir un forfait payant ou de saisir les informations d&rsquo;identification de votre carte pour acc\u00e9der au service. Si vous rencontrez des probl\u00e8mes de quelque nature que ce soit, n&rsquo;h\u00e9sitez pas \u00e0 contacter notre \u00e9quipe d&rsquo;assistance technique.<\/p><\/div>\r\n\t\t\t\t\t<\/div>\r\n\t\t\t\t<\/div><\/div>","protected":false},"excerpt":{"rendered":"","protected":false},"author":9,"featured_media":0,"parent":3330,"menu_order":0,"comment_status":"closed","ping_status":"closed","template":"templates\/template-application-platform.php","meta":{"publish_to_discourse":"","publish_post_category":"","wpdc_auto_publish_overridden":"","wpdc_topic_tags":"","wpdc_pin_topic":"","wpdc_pin_until":"","discourse_post_id":"","discourse_permalink":"","wpdc_publishing_response":"","wpdc_publishing_error":"","footnotes":""},"class_list":["post-10106","page","type-page","status-publish","hentry"],"yoast_head":"<!-- This site is optimized with the Yoast SEO plugin v25.3.1 - https:\/\/yoast.com\/wordpress\/plugins\/seo\/ -->\n<title>Ajoutez l&#039;extension de flux RSS au site Web Magento (rapide et gratuit)<\/title>\n<meta name=\"description\" content=\"Int\u00e9grez une extension de flux RSS adapt\u00e9e aux mobiles sur votre site Web Magento. Utilisez la d\u00e9mo pratique d&#039;Elfsight et cr\u00e9ez votre superbe flux RSS.\" \/>\n<meta name=\"robots\" content=\"index, follow, max-snippet:-1, max-image-preview:large, max-video-preview:-1\" \/>\n<link rel=\"canonical\" href=\"https:\/\/elfsight.com\/fr\/rss-feed-widget\/magento\/\" \/>\n<meta property=\"og:locale\" content=\"fr_FR\" \/>\n<meta property=\"og:type\" content=\"article\" \/>\n<meta property=\"og:title\" content=\"Ajoutez l&#039;extension de flux RSS au site Web Magento (rapide et gratuit)\" \/>\n<meta property=\"og:description\" content=\"Int\u00e9grez une extension de flux RSS adapt\u00e9e aux mobiles sur votre site Web Magento. Utilisez la d\u00e9mo pratique d&#039;Elfsight et cr\u00e9ez votre superbe flux RSS.\" \/>\n<meta property=\"og:url\" content=\"https:\/\/elfsight.com\/fr\/rss-feed-widget\/magento\/\" \/>\n<meta property=\"og:site_name\" content=\"Elfsight FR\" \/>\n<meta property=\"article:modified_time\" content=\"2025-07-10T13:17:16+00:00\" \/>\n<meta name=\"twitter:card\" content=\"summary_large_image\" \/>\n<meta name=\"twitter:label1\" content=\"Dur\u00e9e de lecture estim\u00e9e\" \/>\n\t<meta name=\"twitter:data1\" content=\"3 minutes\" \/>\n<!-- \/ Yoast SEO plugin. -->","yoast_head_json":{"title":"Ajoutez l'extension de flux RSS au site Web Magento (rapide et gratuit)","description":"Int\u00e9grez une extension de flux RSS adapt\u00e9e aux mobiles sur votre site Web Magento. Utilisez la d\u00e9mo pratique d'Elfsight et cr\u00e9ez votre superbe flux RSS.","robots":{"index":"index","follow":"follow","max-snippet":"max-snippet:-1","max-image-preview":"max-image-preview:large","max-video-preview":"max-video-preview:-1"},"canonical":"https:\/\/elfsight.com\/fr\/rss-feed-widget\/magento\/","og_locale":"fr_FR","og_type":"article","og_title":"Ajoutez l'extension de flux RSS au site Web Magento (rapide et gratuit)","og_description":"Int\u00e9grez une extension de flux RSS adapt\u00e9e aux mobiles sur votre site Web Magento. Utilisez la d\u00e9mo pratique d'Elfsight et cr\u00e9ez votre superbe flux RSS.","og_url":"https:\/\/elfsight.com\/fr\/rss-feed-widget\/magento\/","og_site_name":"Elfsight FR","article_modified_time":"2025-07-10T13:17:16+00:00","twitter_card":"summary_large_image","twitter_misc":{"Dur\u00e9e de lecture estim\u00e9e":"3 minutes"},"schema":{"@context":"https:\/\/schema.org","@graph":[{"@type":"WebPage","@id":"https:\/\/elfsight.com\/fr\/rss-feed-widget\/magento\/","url":"https:\/\/elfsight.com\/fr\/rss-feed-widget\/magento\/","name":"Ajoutez l'extension de flux RSS au site Web Magento (rapide et gratuit)","isPartOf":{"@id":"https:\/\/elfsight.com\/fr\/#website"},"datePublished":"1970-01-01T00:00:00+00:00","dateModified":"2025-07-10T13:17:16+00:00","description":"Int\u00e9grez une extension de flux RSS adapt\u00e9e aux mobiles sur votre site Web Magento. Utilisez la d\u00e9mo pratique d'Elfsight et cr\u00e9ez votre superbe flux RSS.","breadcrumb":{"@id":"https:\/\/elfsight.com\/fr\/rss-feed-widget\/magento\/#breadcrumb"},"inLanguage":"fr-FR","potentialAction":[{"@type":"ReadAction","target":["https:\/\/elfsight.com\/fr\/rss-feed-widget\/magento\/"]}]},{"@type":"BreadcrumbList","@id":"https:\/\/elfsight.com\/fr\/rss-feed-widget\/magento\/#breadcrumb","itemListElement":[{"@type":"ListItem","position":1,"name":"Home","item":"https:\/\/elfsight.com\/fr\/"},{"@type":"ListItem","position":2,"name":"RSS Feed","item":"https:\/\/elfsight.com\/fr\/rss-feed-widget\/"},{"@type":"ListItem","position":3,"name":"RSS Feed &#8211; Magento"}]},{"@type":"WebSite","@id":"https:\/\/elfsight.com\/fr\/#website","url":"https:\/\/elfsight.com\/fr\/","name":"Elfsight FR","description":"","potentialAction":[{"@type":"SearchAction","target":{"@type":"EntryPoint","urlTemplate":"https:\/\/elfsight.com\/fr\/?s={search_term_string}"},"query-input":{"@type":"PropertyValueSpecification","valueRequired":true,"valueName":"search_term_string"}}],"inLanguage":"fr-FR"}]}},"meta_box":{"industry":"","seo_heading":"","heading":"","description":"","cta_heading":"","cta_description":"","application":"3329","h1":"Extension de flux RSS Magento","h1_caption":"Int\u00e9grez un flux RSS sur votre site Web pour afficher du contenu provenant de sources externes, gardant ainsi votre site Web \u00e0 jour avec du mat\u00e9riel r\u00e9cent sur votre site Web Magento sans effort.","application_category":[],"applications_title":"","applications_request_title":"","applications_request_button_text":"","hero_text":"","hero_video":"","hero_video_schema_markup":"","selling_points_title":"","selling_points_caption":"","selling_points":[],"selling_points_cta_text":"","features_title":"","features":"","ed_cta_examples_text":"","ed_cta_examples_hidden":"","ed_cta_demo_text":"","ed_cta_demo_hidden":"","why_caption":"","why_editor_title":"","why_editor_text":"","why_team_title":"","why_team_text":"","why_service_title":"","why_service_text":"","template_catalog_visible":"","template_catalog_title":"","template_catalog_text":"","template_catalog_categories_visible":"","demo_title":"Cr\u00e9ez votre extension de flux RSS","demo_caption":"Configurez votre flux RSS et ajoutez-le gratuitement \u00e0 votre site Magento !","default_faq_hidden":"","app_template_category":[],"platform":"357","template_public_id":"","codecanyon_url":"","codecanyon_item_id":"","codecanyon_price":"","pricing_caption":"","pricing_elfsight_apps_hide_column":"","pricing_elfsight_apps_url":"","pricing_codecanyon_price_caption":"","integration_category":[],"integration_request_title":"","integration_request_cta":"","integration_platform":"","integrations":[],"platform_category":[],"video_schema_markup":"","price":"\u00e0 partir de 0$ \/ mois","trial":"","benefits":[{"text":"Assistance \u00e0 l'installation gratuite"},{"text":"Service client professionnel"},{"text":"Garantie de remboursement de 14 jours"},{"text":"Mises \u00e0 jour continues"}],"button_url":"","button_target_blank":"","button_nofollow":"","attributes":[{"name":"Installations","content":"10,000 - 100,000"},{"name":"Sensible","content":"Oui"},{"name":"Navigateurs compatibles","content":"Firefox, Safari, Opera, Chrome, Edge"}],"tags":[],"tags_disable_links":"","hide_more_platforms":"","video_object":"","demo_hide_cta":"","demo_hide_cloud_options":"","pricing_title":"","pricing":[{"pricing_icon":"platform","pricing_title":"Elfsight Apps","pricing_title_caption":"Version multiplateforme","pricing_price":"from $0 \/ month","pricing_price_caption":"commencez avec un forfait gratuit","pricing_benefits":[{"text":"Sites Web illimit\u00e9s"},{"text":"Support client gratuit et bien document\u00e9"},{"text":"Assistance \u00e0 l'installation gratuite"},{"text":"Conception flexible"}],"pricing_button_text":"Ajouter au site Web","pricing_button_url":"#demo"}],"related_apps_title":"","related_apps_hidden":"","author":"","image":[],"title":"","job":"","social_networks":[]},"_links":{"self":[{"href":"https:\/\/elfsight.com\/fr\/wp-json\/wp\/v2\/pages\/10106","targetHints":{"allow":["GET"]}}],"collection":[{"href":"https:\/\/elfsight.com\/fr\/wp-json\/wp\/v2\/pages"}],"about":[{"href":"https:\/\/elfsight.com\/fr\/wp-json\/wp\/v2\/types\/page"}],"author":[{"embeddable":true,"href":"https:\/\/elfsight.com\/fr\/wp-json\/wp\/v2\/users\/9"}],"replies":[{"embeddable":true,"href":"https:\/\/elfsight.com\/fr\/wp-json\/wp\/v2\/comments?post=10106"}],"version-history":[{"count":1,"href":"https:\/\/elfsight.com\/fr\/wp-json\/wp\/v2\/pages\/10106\/revisions"}],"predecessor-version":[{"id":10110,"href":"https:\/\/elfsight.com\/fr\/wp-json\/wp\/v2\/pages\/10106\/revisions\/10110"}],"up":[{"embeddable":true,"href":"https:\/\/elfsight.com\/fr\/wp-json\/wp\/v2\/pages\/3330"}],"wp:attachment":[{"href":"https:\/\/elfsight.com\/fr\/wp-json\/wp\/v2\/media?parent=10106"}],"curies":[{"name":"wp","href":"https:\/\/api.w.org\/{rel}","templated":true}]}}